{"id":369328,"date":"2024-08-09T10:54:35","date_gmt":"2024-08-09T09:54:35","guid":{"rendered":"https:\/\/www.purejewels.com\/?post_type=product&#038;p=369328"},"modified":"2026-02-03T10:06:30","modified_gmt":"2026-02-03T10:06:30","slug":"22ct-gold-armari-perle-mala-kette-20-zoll-49114","status":"publish","type":"product","link":"https:\/\/www.purejewels.com\/de\/product\/22ct-gold-armari-bead-mala-chain-20-inches-49114\/","title":{"rendered":"22ct Gold Armari Perle Mala Kette | 20 Zoll"},"content":{"rendered":"<h3>22ct Gold Armari Sammlung Bead Mala Kette<\/h3>\n<p>Erh\u00f6hen Sie Ihre Eleganz mit dem exquisiten <a href=\"https:\/\/www.purejewels.com\/de\/product\/22ct-gold-jali-filigree-ring-jali-collection-31926\/\">22ct<\/a> Gold <a href=\"https:\/\/www.purejewels.com\/de\/product\/22ct-gold-armari-collection-stud-antique-finish-49172\/\">Sammlung Armari<\/a> <strong>Perle <a href=\"https:\/\/www.purejewels.com\/de\/product\/22ct-yellow-gold-long-mala-chain\/\">Mala-Kette<\/a><\/strong>. Dieses atemberaubende St\u00fcck verf\u00fcgt \u00fcber eine luxuri\u00f6se <a href=\"https:\/\/www.purejewels.com\/de\/product\/holy-cross-gold-pendant-44713\/\">22 Karat Gold<\/a> in einem einzigartigen matten Antik-Finish, das dem traditionellen Schmuckdesign einen raffinierten Touch verleiht.<\/p>\n<p><strong>Wichtige Details:<\/strong><\/p>\n<ul>\n<li><strong>L\u00e4nge:<\/strong> 20 Zoll, mit einem verstellbaren Kadi bei 18 Zoll, der vielseitige Stylingm\u00f6glichkeiten bietet.<\/li>\n<li><strong>Breite:<\/strong> 5 mm gro\u00dfe Perlen, die in sorgf\u00e4ltiger Handarbeit hergestellt wurden, um eine substanzielle und doch anmutige Pr\u00e4senz zu gew\u00e4hrleisten.<\/li>\n<li><strong>Metall:<\/strong> Pr\u00e4mie <strong>22 Karat Gold<\/strong>bekannt f\u00fcr seinen satten, tiefen Farbton und seine dauerhafte Qualit\u00e4t.<\/li>\n<li><strong>Beenden:<\/strong> Antike, matte Oberfl\u00e4che, die einen zeitlosen, vom Vintage-Stil inspirierten Look bietet.<br \/>\nDiese Mala-Kette ist perfekt geeignet, um jedem Ensemble einen Hauch von Opulenz zu verleihen. Sie verbindet klassischen Charme mit moderner Eleganz und ist damit sowohl f\u00fcr den Alltag als auch f\u00fcr die Freizeit ein herausragendes St\u00fcck. <strong>besondere Anl\u00e4sse<\/strong>.<\/li>\n<\/ul>","protected":false},"excerpt":{"rendered":"<div class=\"woocommerce-product-details__short-description\">\n<table class=\"sh_desc\">\n<tbody>\n<tr>\n<td>Typ der Kette<\/td>\n<td>Perlenkette<\/td>\n<\/tr>\n<tr>\n<td>SKU<\/td>\n<td>49114<\/td>\n<\/tr>\n<tr>\n<td>Gewicht<\/td>\n<td>36Gms<\/td>\n<\/tr>\n<tr>\n<td>Breite der Goldperlen<\/td>\n<td>5 mm<\/td>\n<\/tr>\n<tr>\n<td>L\u00e4nge<\/td>\n<td>20Zoll Verbindung bei 18Zoll<\/td>\n<\/tr>\n<tr>\n<td>Sammlung<\/td>\n<td><strong>Armari Kollektion<\/strong><\/td>\n<\/tr>\n<tr>\n<td>Metall<\/td>\n<td>22ct Gold<\/td>\n<\/tr>\n<tr>\n<td>Entgelte<\/td>\n<td>Lieferung und Mehrwertsteuer inbegriffen<\/td>\n<\/tr>\n<tr>\n<td>Verpackung<\/td>\n<td>Mit Pr\u00e4sentationsbox<\/td>\n<\/tr>\n<tr>\n<td>Mehr Informationen<\/td>\n<td>Live-Chat mit uns f\u00fcr Verf\u00fcgbarkeit und mehr Bilder<\/td>\n<\/tr>\n<\/tbody>\n<\/table>\n<\/div>","protected":false},"featured_media":349161,"comment_status":"closed","ping_status":"closed","template":"","meta":{"_eb_attr":"","_crsspst_to_jayantr4sg-hostcom":false},"product_brand":[],"product_cat":[1791,245,1617,236,1790,1229,1570,1573,1574],"product_tag":[5764,65],"class_list":{"0":"post-369328","1":"product","2":"type-product","3":"status-publish","4":"has-post-thumbnail","6":"product_cat-anniversary-gifts","7":"product_cat-armari-collections","8":"product_cat-fancy-mala-chains","9":"product_cat-collections","10":"product_cat-for-whom-when","11":"product_cat-22ct-gold-jewellery","12":"product_cat-mothers-day-gifts","13":"product_cat-wedding-gifts","14":"product_cat-womens-jewellery","15":"product_tag-22ct-gold-bead-mala","16":"product_tag-chains","18":"first","19":"instock","20":"taxable","21":"shipping-taxable","22":"purchasable","23":"product-type-simple","24":"add-to-wishlist-before_image"},"yoast_head":"<!-- This site is optimized with the Yoast SEO plugin v27.6 - https:\/\/yoast.com\/product\/yoast-seo-wordpress\/ -->\n<title>22ct Gold Armari Bead Mala Chain Available in Purejewels UK<\/title>\n<meta name=\"description\" content=\"Discover the timeless elegance of the 22ct Gold Armari Bead Mala Chain. Perfect for any occasion. Its in antique finish chain from our Armari collection.\" \/>\n<meta name=\"robots\" content=\"index, follow, max-snippet:-1, max-image-preview:large, max-video-preview:-1\" \/>\n<link rel=\"canonical\" href=\"https:\/\/www.purejewels.com\/de\/produkt-2\/22ct-gold-armari-perle-mala-kette-20-zoll-49114\/\" \/>\n<meta property=\"og:locale\" content=\"de_DE\" \/>\n<meta property=\"og:type\" content=\"article\" \/>\n<meta property=\"og:title\" content=\"22ct Gold Armari Bead Mala Chain Available in Purejewels UK\" \/>\n<meta property=\"og:description\" content=\"Discover the timeless elegance of the 22ct Gold Armari Bead Mala Chain. Perfect for any occasion. Its in antique finish chain from our Armari collection.\" \/>\n<meta property=\"og:url\" content=\"https:\/\/www.purejewels.com\/de\/produkt-2\/22ct-gold-armari-perle-mala-kette-20-zoll-49114\/\" \/>\n<meta property=\"og:site_name\" content=\"PureJewels UK\" \/>\n<meta property=\"article:modified_time\" content=\"2026-02-03T10:06:30+00:00\" \/>\n<meta property=\"og:image\" content=\"https:\/\/static.purejewels.com\/wp-content\/uploads\/2018\/06\/SKU-45284.jpg\" \/>\n\t<meta property=\"og:image:width\" content=\"1000\" \/>\n\t<meta property=\"og:image:height\" content=\"1000\" \/>\n\t<meta property=\"og:image:type\" content=\"image\/jpeg\" \/>\n<meta name=\"twitter:card\" content=\"summary_large_image\" \/>\n<meta name=\"twitter:label1\" content=\"Gesch\u00e4tzte Lesezeit\" \/>\n\t<meta name=\"twitter:data1\" content=\"1\u00a0Minute\" \/>\n<script type=\"application\/ld+json\" class=\"yoast-schema-graph\">{\"@context\":\"https:\\\/\\\/schema.org\",\"@graph\":[{\"@type\":[\"WebPage\",\"ItemPage\"],\"@id\":\"https:\\\/\\\/www.purejewels.com\\\/product\\\/22ct-gold-armari-bead-mala-chain-20-inches-49114\\\/\",\"url\":\"https:\\\/\\\/www.purejewels.com\\\/product\\\/22ct-gold-armari-bead-mala-chain-20-inches-49114\\\/\",\"name\":\"22ct Gold Armari Bead Mala Chain Available in Purejewels UK\",\"isPartOf\":{\"@id\":\"https:\\\/\\\/www.purejewels.com\\\/#website\"},\"primaryImageOfPage\":{\"@id\":\"https:\\\/\\\/www.purejewels.com\\\/product\\\/22ct-gold-armari-bead-mala-chain-20-inches-49114\\\/#primaryimage\"},\"image\":{\"@id\":\"https:\\\/\\\/www.purejewels.com\\\/product\\\/22ct-gold-armari-bead-mala-chain-20-inches-49114\\\/#primaryimage\"},\"thumbnailUrl\":\"https:\\\/\\\/static.purejewels.com\\\/wp-content\\\/uploads\\\/2018\\\/06\\\/SKU-45284.jpg\",\"datePublished\":\"2024-08-09T09:54:35+00:00\",\"dateModified\":\"2026-02-03T10:06:30+00:00\",\"description\":\"Discover the timeless elegance of the 22ct Gold Armari Bead Mala Chain. Perfect for any occasion. Its in antique finish chain from our Armari collection.\",\"breadcrumb\":{\"@id\":\"https:\\\/\\\/www.purejewels.com\\\/product\\\/22ct-gold-armari-bead-mala-chain-20-inches-49114\\\/#breadcrumb\"},\"inLanguage\":\"de\",\"potentialAction\":[{\"@type\":\"ReadAction\",\"target\":[\"https:\\\/\\\/www.purejewels.com\\\/product\\\/22ct-gold-armari-bead-mala-chain-20-inches-49114\\\/\"]}]},{\"@type\":\"ImageObject\",\"inLanguage\":\"de\",\"@id\":\"https:\\\/\\\/www.purejewels.com\\\/product\\\/22ct-gold-armari-bead-mala-chain-20-inches-49114\\\/#primaryimage\",\"url\":\"https:\\\/\\\/static.purejewels.com\\\/wp-content\\\/uploads\\\/2018\\\/06\\\/SKU-45284.jpg\",\"contentUrl\":\"https:\\\/\\\/static.purejewels.com\\\/wp-content\\\/uploads\\\/2018\\\/06\\\/SKU-45284.jpg\",\"width\":1000,\"height\":1000,\"caption\":\"22ct Gold Armari Mala Necklace\"},{\"@type\":\"BreadcrumbList\",\"@id\":\"https:\\\/\\\/www.purejewels.com\\\/product\\\/22ct-gold-armari-bead-mala-chain-20-inches-49114\\\/#breadcrumb\",\"itemListElement\":[{\"@type\":\"ListItem\",\"position\":1,\"name\":\"Home\",\"item\":\"https:\\\/\\\/www.purejewels.com\\\/\"},{\"@type\":\"ListItem\",\"position\":2,\"name\":\"Shop\",\"item\":\"https:\\\/\\\/www.purejewels.com\\\/shop\\\/\"},{\"@type\":\"ListItem\",\"position\":3,\"name\":\"22ct Gold Armari Bead Mala Chain | 20 Inches\"}]},{\"@type\":\"WebSite\",\"@id\":\"https:\\\/\\\/www.purejewels.com\\\/#website\",\"url\":\"https:\\\/\\\/www.purejewels.com\\\/\",\"name\":\"PureJewels UK\",\"description\":\"Share the Love\",\"publisher\":{\"@id\":\"https:\\\/\\\/www.purejewels.com\\\/#organization\"},\"potentialAction\":[{\"@type\":\"SearchAction\",\"target\":{\"@type\":\"EntryPoint\",\"urlTemplate\":\"https:\\\/\\\/www.purejewels.com\\\/?s={search_term_string}\"},\"query-input\":{\"@type\":\"PropertyValueSpecification\",\"valueRequired\":true,\"valueName\":\"search_term_string\"}}],\"inLanguage\":\"de\"},{\"@type\":\"Organization\",\"@id\":\"https:\\\/\\\/www.purejewels.com\\\/#organization\",\"name\":\"PureJewels UK\",\"url\":\"https:\\\/\\\/www.purejewels.com\\\/\",\"logo\":{\"@type\":\"ImageObject\",\"inLanguage\":\"de\",\"@id\":\"https:\\\/\\\/www.purejewels.com\\\/#\\\/schema\\\/logo\\\/image\\\/\",\"url\":\"https:\\\/\\\/static.purejewels.com\\\/wp-content\\\/uploads\\\/2020\\\/11\\\/Logo-PJ-New-1.png\",\"contentUrl\":\"https:\\\/\\\/static.purejewels.com\\\/wp-content\\\/uploads\\\/2020\\\/11\\\/Logo-PJ-New-1.png\",\"width\":150,\"height\":80,\"caption\":\"PureJewels UK\"},\"image\":{\"@id\":\"https:\\\/\\\/www.purejewels.com\\\/#\\\/schema\\\/logo\\\/image\\\/\"}}]}<\/script>\n<!-- \/ Yoast SEO plugin. -->","yoast_head_json":{"title":"22ct Gold Armari Bead Mala Kette Verf\u00fcgbar in Purejewels UK","description":"Entdecken Sie die zeitlose Eleganz der 22 Karat Gold Armari Bead Mala Kette. Perfekt f\u00fcr jeden Anlass. Es ist eine antike Kette aus unserer Armari Kollektion.","robots":{"index":"index","follow":"follow","max-snippet":"max-snippet:-1","max-image-preview":"max-image-preview:large","max-video-preview":"max-video-preview:-1"},"canonical":"https:\/\/www.purejewels.com\/de\/produkt-2\/22ct-gold-armari-perle-mala-kette-20-zoll-49114\/","og_locale":"de_DE","og_type":"article","og_title":"22ct Gold Armari Bead Mala Chain Available in Purejewels UK","og_description":"Discover the timeless elegance of the 22ct Gold Armari Bead Mala Chain. Perfect for any occasion. Its in antique finish chain from our Armari collection.","og_url":"https:\/\/www.purejewels.com\/de\/produkt-2\/22ct-gold-armari-perle-mala-kette-20-zoll-49114\/","og_site_name":"PureJewels UK","article_modified_time":"2026-02-03T10:06:30+00:00","og_image":[{"width":1000,"height":1000,"url":"https:\/\/static.purejewels.com\/wp-content\/uploads\/2018\/06\/SKU-45284.jpg","type":"image\/jpeg"}],"twitter_card":"summary_large_image","twitter_misc":{"Gesch\u00e4tzte Lesezeit":"1\u00a0Minute"},"schema":{"@context":"https:\/\/schema.org","@graph":[{"@type":["WebPage","ItemPage"],"@id":"https:\/\/www.purejewels.com\/product\/22ct-gold-armari-bead-mala-chain-20-inches-49114\/","url":"https:\/\/www.purejewels.com\/product\/22ct-gold-armari-bead-mala-chain-20-inches-49114\/","name":"22ct Gold Armari Bead Mala Kette Verf\u00fcgbar in Purejewels UK","isPartOf":{"@id":"https:\/\/www.purejewels.com\/#website"},"primaryImageOfPage":{"@id":"https:\/\/www.purejewels.com\/product\/22ct-gold-armari-bead-mala-chain-20-inches-49114\/#primaryimage"},"image":{"@id":"https:\/\/www.purejewels.com\/product\/22ct-gold-armari-bead-mala-chain-20-inches-49114\/#primaryimage"},"thumbnailUrl":"https:\/\/static.purejewels.com\/wp-content\/uploads\/2018\/06\/SKU-45284.jpg","datePublished":"2024-08-09T09:54:35+00:00","dateModified":"2026-02-03T10:06:30+00:00","description":"Entdecken Sie die zeitlose Eleganz der 22 Karat Gold Armari Bead Mala Kette. Perfekt f\u00fcr jeden Anlass. Es ist eine antike Kette aus unserer Armari Kollektion.","breadcrumb":{"@id":"https:\/\/www.purejewels.com\/product\/22ct-gold-armari-bead-mala-chain-20-inches-49114\/#breadcrumb"},"inLanguage":"de","potentialAction":[{"@type":"ReadAction","target":["https:\/\/www.purejewels.com\/product\/22ct-gold-armari-bead-mala-chain-20-inches-49114\/"]}]},{"@type":"ImageObject","inLanguage":"de","@id":"https:\/\/www.purejewels.com\/product\/22ct-gold-armari-bead-mala-chain-20-inches-49114\/#primaryimage","url":"https:\/\/static.purejewels.com\/wp-content\/uploads\/2018\/06\/SKU-45284.jpg","contentUrl":"https:\/\/static.purejewels.com\/wp-content\/uploads\/2018\/06\/SKU-45284.jpg","width":1000,"height":1000,"caption":"22ct Gold Armari Mala Necklace"},{"@type":"BreadcrumbList","@id":"https:\/\/www.purejewels.com\/product\/22ct-gold-armari-bead-mala-chain-20-inches-49114\/#breadcrumb","itemListElement":[{"@type":"ListItem","position":1,"name":"Home","item":"https:\/\/www.purejewels.com\/"},{"@type":"ListItem","position":2,"name":"Shop","item":"https:\/\/www.purejewels.com\/shop\/"},{"@type":"ListItem","position":3,"name":"22ct Gold Armari Bead Mala Chain | 20 Inches"}]},{"@type":"WebSite","@id":"https:\/\/www.purejewels.com\/#website","url":"https:\/\/www.purejewels.com\/","name":"PureJewels UK","description":"Teile die Liebe","publisher":{"@id":"https:\/\/www.purejewels.com\/#organization"},"potentialAction":[{"@type":"SearchAction","target":{"@type":"EntryPoint","urlTemplate":"https:\/\/www.purejewels.com\/?s={search_term_string}"},"query-input":{"@type":"PropertyValueSpecification","valueRequired":true,"valueName":"search_term_string"}}],"inLanguage":"de"},{"@type":"Organization","@id":"https:\/\/www.purejewels.com\/#organization","name":"PureJewels UK","url":"https:\/\/www.purejewels.com\/","logo":{"@type":"ImageObject","inLanguage":"de","@id":"https:\/\/www.purejewels.com\/#\/schema\/logo\/image\/","url":"https:\/\/static.purejewels.com\/wp-content\/uploads\/2020\/11\/Logo-PJ-New-1.png","contentUrl":"https:\/\/static.purejewels.com\/wp-content\/uploads\/2020\/11\/Logo-PJ-New-1.png","width":150,"height":80,"caption":"PureJewels UK"},"image":{"@id":"https:\/\/www.purejewels.com\/#\/schema\/logo\/image\/"}}]}},"_links":{"self":[{"href":"https:\/\/www.purejewels.com\/de\/wp-json\/wp\/v2\/product\/369328","targetHints":{"allow":["GET"]}}],"collection":[{"href":"https:\/\/www.purejewels.com\/de\/wp-json\/wp\/v2\/product"}],"about":[{"href":"https:\/\/www.purejewels.com\/de\/wp-json\/wp\/v2\/types\/product"}],"replies":[{"embeddable":true,"href":"https:\/\/www.purejewels.com\/de\/wp-json\/wp\/v2\/comments?post=369328"}],"version-history":[{"count":3,"href":"https:\/\/www.purejewels.com\/de\/wp-json\/wp\/v2\/product\/369328\/revisions"}],"predecessor-version":[{"id":374360,"href":"https:\/\/www.purejewels.com\/de\/wp-json\/wp\/v2\/product\/369328\/revisions\/374360"}],"wp:featuredmedia":[{"embeddable":true,"href":"https:\/\/www.purejewels.com\/de\/wp-json\/wp\/v2\/media\/349161"}],"wp:attachment":[{"href":"https:\/\/www.purejewels.com\/de\/wp-json\/wp\/v2\/media?parent=369328"}],"wp:term":[{"taxonomy":"product_brand","embeddable":true,"href":"https:\/\/www.purejewels.com\/de\/wp-json\/wp\/v2\/product_brand?post=369328"},{"taxonomy":"product_cat","embeddable":true,"href":"https:\/\/www.purejewels.com\/de\/wp-json\/wp\/v2\/product_cat?post=369328"},{"taxonomy":"product_tag","embeddable":true,"href":"https:\/\/www.purejewels.com\/de\/wp-json\/wp\/v2\/product_tag?post=369328"}],"curies":[{"name":"wp","href":"https:\/\/api.w.org\/{rel}","templated":true}]}}