{"id":369358,"date":"2024-05-12T05:44:13","date_gmt":"2024-05-12T04:44:13","guid":{"rendered":"https:\/\/www.purejewels.com\/?post_type=product&#038;p=369358"},"modified":"2026-02-12T11:25:43","modified_gmt":"2026-02-12T11:25:43","slug":"22ct-gold-blume-nase-pin-49058","status":"publish","type":"product","link":"https:\/\/www.purejewels.com\/de\/product\/22ct-gold-flower-nose-pin-49058\/","title":{"rendered":"22ct Gold Blume Nase Pin | 6mm"},"content":{"rendered":"<ul>\n<li>SKU 49058, 49057<\/li>\n<li>Bereichs-ID<b>\u00a0:<\/b> SGNJTNRS001W6<\/li>\n<\/ul>","protected":false},"excerpt":{"rendered":"<div class=\"woocommerce-product-details__short-description\">\n<table class=\"sh_desc\" style=\"width: 100%; height: 252px;\">\n<tbody>\n<tr style=\"height: 28px;\">\n<td style=\"height: 28px;\">Typ des Nasenstifts<\/td>\n<td style=\"height: 28px;\">Flower Nose Pin mit Drahtr\u00fccken<\/td>\n<\/tr>\n<tr style=\"height: 28px;\">\n<td style=\"height: 28px;\">SKU<\/td>\n<td style=\"height: 28px;\">49058, 49057<\/td>\n<\/tr>\n<tr style=\"height: 28px;\">\n<td style=\"height: 28px;\">Breite<\/td>\n<td style=\"height: 28px;\">6mm<\/td>\n<\/tr>\n<tr style=\"height: 28px;\">\n<td style=\"height: 28px;\">Sammlung<\/td>\n<td style=\"height: 28px;\">Kollektion Rosette<\/td>\n<\/tr>\n<tr style=\"height: 28px;\">\n<td style=\"height: 28px;\">Metall<\/td>\n<td style=\"height: 28px;\">22ct Gold<\/td>\n<\/tr>\n<tr style=\"height: 28px;\">\n<td style=\"height: 28px;\">Entgelte<\/td>\n<td style=\"height: 28px;\">Lieferung und Mehrwertsteuer inbegriffen<\/td>\n<\/tr>\n<tr style=\"height: 28px;\">\n<td style=\"height: 28px;\">Verpackung<\/td>\n<td style=\"height: 28px;\">Mit Pr\u00e4sentationsbox<\/td>\n<\/tr>\n<tr style=\"height: 28px;\">\n<td style=\"height: 28px;\">Mehr Informationen<\/td>\n<td style=\"height: 28px;\">Live-Chat mit uns f\u00fcr Verf\u00fcgbarkeit und mehr Bilder<\/td>\n<\/tr>\n<\/tbody>\n<\/table>\n<\/div>\n<div class=\"btn-atc atc-slide\"><\/div>\n<div class=\"product_meta\"><\/div>","protected":false},"featured_media":369279,"comment_status":"closed","ping_status":"closed","template":"","meta":{"_eb_attr":"","_crsspst_to_jayantr4sg-hostcom":false},"product_brand":[],"product_cat":[236,1792,1229,5342,5942,1463,5593,1656,1574],"product_tag":[],"class_list":{"0":"post-369358","1":"product","2":"type-product","3":"status-publish","4":"has-post-thumbnail","6":"product_cat-collections","7":"product_cat-festival-gifts","8":"product_cat-22ct-gold-jewellery","9":"product_cat-jewellery-under-250","10":"product_cat-nose-jewellery","11":"product_cat-gold-nose-pins","12":"product_cat-rosette-nose-pin","13":"product_cat-rosettes-collections","14":"product_cat-womens-jewellery","16":"first","17":"instock","18":"taxable","19":"shipping-taxable","20":"purchasable","21":"product-type-simple","22":"add-to-wishlist-before_image"},"yoast_head":"<!-- This site is optimized with the Yoast SEO plugin v27.3 - https:\/\/yoast.com\/product\/yoast-seo-wordpress\/ -->\n<title>22ct Gold Nose Pin | Floral Design | 6mm Size<\/title>\n<meta name=\"description\" content=\"Discover timeless elegance with our 22ct Gold Floral Nose Pin. Crafted with precision from pure 22 carat gold. It&#039;s a perfect gift for yourself or a loved one.\" \/>\n<meta name=\"robots\" content=\"index, follow, max-snippet:-1, max-image-preview:large, max-video-preview:-1\" \/>\n<link rel=\"canonical\" href=\"https:\/\/www.purejewels.com\/de\/produkt-2\/22ct-gold-blume-nase-pin-49058\/\" \/>\n<meta property=\"og:locale\" content=\"de_DE\" \/>\n<meta property=\"og:type\" content=\"article\" \/>\n<meta property=\"og:title\" content=\"22ct Gold Nose Pin | Floral Design | 6mm Size\" \/>\n<meta property=\"og:description\" content=\"Discover timeless elegance with our 22ct Gold Floral Nose Pin. Crafted with precision from pure 22 carat gold. It&#039;s a perfect gift for yourself or a loved one.\" \/>\n<meta property=\"og:url\" content=\"https:\/\/www.purejewels.com\/de\/produkt-2\/22ct-gold-blume-nase-pin-49058\/\" \/>\n<meta property=\"og:site_name\" content=\"PureJewels UK\" \/>\n<meta property=\"article:modified_time\" content=\"2026-02-12T11:25:43+00:00\" \/>\n<meta property=\"og:image\" content=\"https:\/\/static.purejewels.com\/wp-content\/uploads\/2024\/08\/49060-576x576.png\" \/>\n\t<meta property=\"og:image:width\" content=\"576\" \/>\n\t<meta property=\"og:image:height\" content=\"576\" \/>\n\t<meta property=\"og:image:type\" content=\"image\/png\" \/>\n<meta name=\"twitter:card\" content=\"summary_large_image\" \/>\n<meta name=\"twitter:label1\" content=\"Gesch\u00e4tzte Lesezeit\" \/>\n\t<meta name=\"twitter:data1\" content=\"1\u00a0Minute\" \/>\n<script type=\"application\/ld+json\" class=\"yoast-schema-graph\">{\"@context\":\"https:\\\/\\\/schema.org\",\"@graph\":[{\"@type\":[\"WebPage\",\"ItemPage\"],\"@id\":\"https:\\\/\\\/www.purejewels.com\\\/product\\\/22ct-gold-flower-nose-pin-49058\\\/\",\"url\":\"https:\\\/\\\/www.purejewels.com\\\/product\\\/22ct-gold-flower-nose-pin-49058\\\/\",\"name\":\"22ct Gold Nose Pin | Floral Design | 6mm Size\",\"isPartOf\":{\"@id\":\"https:\\\/\\\/www.purejewels.com\\\/#website\"},\"primaryImageOfPage\":{\"@id\":\"https:\\\/\\\/www.purejewels.com\\\/product\\\/22ct-gold-flower-nose-pin-49058\\\/#primaryimage\"},\"image\":{\"@id\":\"https:\\\/\\\/www.purejewels.com\\\/product\\\/22ct-gold-flower-nose-pin-49058\\\/#primaryimage\"},\"thumbnailUrl\":\"https:\\\/\\\/static.purejewels.com\\\/wp-content\\\/uploads\\\/2024\\\/08\\\/49060.png\",\"datePublished\":\"2024-05-12T04:44:13+00:00\",\"dateModified\":\"2026-02-12T11:25:43+00:00\",\"description\":\"Discover timeless elegance with our 22ct Gold Floral Nose Pin. Crafted with precision from pure 22 carat gold. It's a perfect gift for yourself or a loved one.\",\"breadcrumb\":{\"@id\":\"https:\\\/\\\/www.purejewels.com\\\/product\\\/22ct-gold-flower-nose-pin-49058\\\/#breadcrumb\"},\"inLanguage\":\"de\",\"potentialAction\":[{\"@type\":\"ReadAction\",\"target\":[\"https:\\\/\\\/www.purejewels.com\\\/product\\\/22ct-gold-flower-nose-pin-49058\\\/\"]}]},{\"@type\":\"ImageObject\",\"inLanguage\":\"de\",\"@id\":\"https:\\\/\\\/www.purejewels.com\\\/product\\\/22ct-gold-flower-nose-pin-49058\\\/#primaryimage\",\"url\":\"https:\\\/\\\/static.purejewels.com\\\/wp-content\\\/uploads\\\/2024\\\/08\\\/49060.png\",\"contentUrl\":\"https:\\\/\\\/static.purejewels.com\\\/wp-content\\\/uploads\\\/2024\\\/08\\\/49060.png\",\"width\":1000,\"height\":1000,\"caption\":\"22ct Gold Nose pin\"},{\"@type\":\"BreadcrumbList\",\"@id\":\"https:\\\/\\\/www.purejewels.com\\\/product\\\/22ct-gold-flower-nose-pin-49058\\\/#breadcrumb\",\"itemListElement\":[{\"@type\":\"ListItem\",\"position\":1,\"name\":\"Home\",\"item\":\"https:\\\/\\\/www.purejewels.com\\\/\"},{\"@type\":\"ListItem\",\"position\":2,\"name\":\"Shop\",\"item\":\"https:\\\/\\\/www.purejewels.com\\\/shop\\\/\"},{\"@type\":\"ListItem\",\"position\":3,\"name\":\"22ct Gold Flower Nose Pin | 6mm\"}]},{\"@type\":\"WebSite\",\"@id\":\"https:\\\/\\\/www.purejewels.com\\\/#website\",\"url\":\"https:\\\/\\\/www.purejewels.com\\\/\",\"name\":\"PureJewels UK\",\"description\":\"Share the Love\",\"publisher\":{\"@id\":\"https:\\\/\\\/www.purejewels.com\\\/#organization\"},\"potentialAction\":[{\"@type\":\"SearchAction\",\"target\":{\"@type\":\"EntryPoint\",\"urlTemplate\":\"https:\\\/\\\/www.purejewels.com\\\/?s={search_term_string}\"},\"query-input\":{\"@type\":\"PropertyValueSpecification\",\"valueRequired\":true,\"valueName\":\"search_term_string\"}}],\"inLanguage\":\"de\"},{\"@type\":\"Organization\",\"@id\":\"https:\\\/\\\/www.purejewels.com\\\/#organization\",\"name\":\"PureJewels UK\",\"url\":\"https:\\\/\\\/www.purejewels.com\\\/\",\"logo\":{\"@type\":\"ImageObject\",\"inLanguage\":\"de\",\"@id\":\"https:\\\/\\\/www.purejewels.com\\\/#\\\/schema\\\/logo\\\/image\\\/\",\"url\":\"https:\\\/\\\/static.purejewels.com\\\/wp-content\\\/uploads\\\/2020\\\/11\\\/Logo-PJ-New-1.png\",\"contentUrl\":\"https:\\\/\\\/static.purejewels.com\\\/wp-content\\\/uploads\\\/2020\\\/11\\\/Logo-PJ-New-1.png\",\"width\":150,\"height\":80,\"caption\":\"PureJewels UK\"},\"image\":{\"@id\":\"https:\\\/\\\/www.purejewels.com\\\/#\\\/schema\\\/logo\\\/image\\\/\"}}]}<\/script>\n<!-- \/ Yoast SEO plugin. -->","yoast_head_json":{"title":"22ct Gold Nose Pin | Floral Design | 6mm Gr\u00f6\u00dfe","description":"Entdecken Sie zeitlose Eleganz mit unserer 22 Karat Gold Floral Nose Pin. Sie wurde mit Pr\u00e4zision aus reinem 22 Karat Gold gefertigt. Ein perfektes Geschenk f\u00fcr Sie selbst oder einen lieben Menschen.","robots":{"index":"index","follow":"follow","max-snippet":"max-snippet:-1","max-image-preview":"max-image-preview:large","max-video-preview":"max-video-preview:-1"},"canonical":"https:\/\/www.purejewels.com\/de\/produkt-2\/22ct-gold-blume-nase-pin-49058\/","og_locale":"de_DE","og_type":"article","og_title":"22ct Gold Nose Pin | Floral Design | 6mm Size","og_description":"Discover timeless elegance with our 22ct Gold Floral Nose Pin. Crafted with precision from pure 22 carat gold. It's a perfect gift for yourself or a loved one.","og_url":"https:\/\/www.purejewels.com\/de\/produkt-2\/22ct-gold-blume-nase-pin-49058\/","og_site_name":"PureJewels UK","article_modified_time":"2026-02-12T11:25:43+00:00","og_image":[{"width":576,"height":576,"url":"https:\/\/static.purejewels.com\/wp-content\/uploads\/2024\/08\/49060-576x576.png","type":"image\/png"}],"twitter_card":"summary_large_image","twitter_misc":{"Gesch\u00e4tzte Lesezeit":"1\u00a0Minute"},"schema":{"@context":"https:\/\/schema.org","@graph":[{"@type":["WebPage","ItemPage"],"@id":"https:\/\/www.purejewels.com\/product\/22ct-gold-flower-nose-pin-49058\/","url":"https:\/\/www.purejewels.com\/product\/22ct-gold-flower-nose-pin-49058\/","name":"22ct Gold Nose Pin | Floral Design | 6mm Gr\u00f6\u00dfe","isPartOf":{"@id":"https:\/\/www.purejewels.com\/#website"},"primaryImageOfPage":{"@id":"https:\/\/www.purejewels.com\/product\/22ct-gold-flower-nose-pin-49058\/#primaryimage"},"image":{"@id":"https:\/\/www.purejewels.com\/product\/22ct-gold-flower-nose-pin-49058\/#primaryimage"},"thumbnailUrl":"https:\/\/static.purejewels.com\/wp-content\/uploads\/2024\/08\/49060.png","datePublished":"2024-05-12T04:44:13+00:00","dateModified":"2026-02-12T11:25:43+00:00","description":"Entdecken Sie zeitlose Eleganz mit unserer 22 Karat Gold Floral Nose Pin. Sie wurde mit Pr\u00e4zision aus reinem 22 Karat Gold gefertigt. Ein perfektes Geschenk f\u00fcr Sie selbst oder einen lieben Menschen.","breadcrumb":{"@id":"https:\/\/www.purejewels.com\/product\/22ct-gold-flower-nose-pin-49058\/#breadcrumb"},"inLanguage":"de","potentialAction":[{"@type":"ReadAction","target":["https:\/\/www.purejewels.com\/product\/22ct-gold-flower-nose-pin-49058\/"]}]},{"@type":"ImageObject","inLanguage":"de","@id":"https:\/\/www.purejewels.com\/product\/22ct-gold-flower-nose-pin-49058\/#primaryimage","url":"https:\/\/static.purejewels.com\/wp-content\/uploads\/2024\/08\/49060.png","contentUrl":"https:\/\/static.purejewels.com\/wp-content\/uploads\/2024\/08\/49060.png","width":1000,"height":1000,"caption":"22ct Gold Nose pin"},{"@type":"BreadcrumbList","@id":"https:\/\/www.purejewels.com\/product\/22ct-gold-flower-nose-pin-49058\/#breadcrumb","itemListElement":[{"@type":"ListItem","position":1,"name":"Home","item":"https:\/\/www.purejewels.com\/"},{"@type":"ListItem","position":2,"name":"Shop","item":"https:\/\/www.purejewels.com\/shop\/"},{"@type":"ListItem","position":3,"name":"22ct Gold Flower Nose Pin | 6mm"}]},{"@type":"WebSite","@id":"https:\/\/www.purejewels.com\/#website","url":"https:\/\/www.purejewels.com\/","name":"PureJewels UK","description":"Teile die Liebe","publisher":{"@id":"https:\/\/www.purejewels.com\/#organization"},"potentialAction":[{"@type":"SearchAction","target":{"@type":"EntryPoint","urlTemplate":"https:\/\/www.purejewels.com\/?s={search_term_string}"},"query-input":{"@type":"PropertyValueSpecification","valueRequired":true,"valueName":"search_term_string"}}],"inLanguage":"de"},{"@type":"Organization","@id":"https:\/\/www.purejewels.com\/#organization","name":"PureJewels UK","url":"https:\/\/www.purejewels.com\/","logo":{"@type":"ImageObject","inLanguage":"de","@id":"https:\/\/www.purejewels.com\/#\/schema\/logo\/image\/","url":"https:\/\/static.purejewels.com\/wp-content\/uploads\/2020\/11\/Logo-PJ-New-1.png","contentUrl":"https:\/\/static.purejewels.com\/wp-content\/uploads\/2020\/11\/Logo-PJ-New-1.png","width":150,"height":80,"caption":"PureJewels UK"},"image":{"@id":"https:\/\/www.purejewels.com\/#\/schema\/logo\/image\/"}}]}},"_links":{"self":[{"href":"https:\/\/www.purejewels.com\/de\/wp-json\/wp\/v2\/product\/369358","targetHints":{"allow":["GET"]}}],"collection":[{"href":"https:\/\/www.purejewels.com\/de\/wp-json\/wp\/v2\/product"}],"about":[{"href":"https:\/\/www.purejewels.com\/de\/wp-json\/wp\/v2\/types\/product"}],"replies":[{"embeddable":true,"href":"https:\/\/www.purejewels.com\/de\/wp-json\/wp\/v2\/comments?post=369358"}],"version-history":[{"count":4,"href":"https:\/\/www.purejewels.com\/de\/wp-json\/wp\/v2\/product\/369358\/revisions"}],"predecessor-version":[{"id":425671,"href":"https:\/\/www.purejewels.com\/de\/wp-json\/wp\/v2\/product\/369358\/revisions\/425671"}],"wp:featuredmedia":[{"embeddable":true,"href":"https:\/\/www.purejewels.com\/de\/wp-json\/wp\/v2\/media\/369279"}],"wp:attachment":[{"href":"https:\/\/www.purejewels.com\/de\/wp-json\/wp\/v2\/media?parent=369358"}],"wp:term":[{"taxonomy":"product_brand","embeddable":true,"href":"https:\/\/www.purejewels.com\/de\/wp-json\/wp\/v2\/product_brand?post=369358"},{"taxonomy":"product_cat","embeddable":true,"href":"https:\/\/www.purejewels.com\/de\/wp-json\/wp\/v2\/product_cat?post=369358"},{"taxonomy":"product_tag","embeddable":true,"href":"https:\/\/www.purejewels.com\/de\/wp-json\/wp\/v2\/product_tag?post=369358"}],"curies":[{"name":"wp","href":"https:\/\/api.w.org\/{rel}","templated":true}]}}