{"id":369407,"date":"2024-09-23T07:14:51","date_gmt":"2024-09-23T06:14:51","guid":{"rendered":"https:\/\/www.purejewels.com\/?post_type=product&#038;p=369407"},"modified":"2026-04-20T11:10:26","modified_gmt":"2026-04-20T10:10:26","slug":"22-kt-gold-armari-reifen-ohrring-49212","status":"publish","type":"product","link":"https:\/\/www.purejewels.com\/de\/product\/22ct-gold-armari-hoop-earring-49212\/","title":{"rendered":"22ct Gold Armari Reifen Ohrring | 6mm"},"content":{"rendered":"<p data-start=\"0\" data-end=\"410\"><strong data-start=\"0\" data-end=\"10\">Gestaltung<\/strong><br data-start=\"10\" data-end=\"13\" \/>Diese Armari Hoop Earrings aus 22-kar\u00e4tigem Gold sind als schlanke, 6 mm breite Halbringe mit einem sich wiederholenden schildartigen Motiv gestaltet, das an eine sch\u00fctzende R\u00fcstung erinnert. In der Mitte jeder bl\u00fctenblattf\u00f6rmigen Form sitzen erhabene Punkte, die einen ruhigen Rhythmus aus Licht und Schatten entlang der Kurve erzeugen. Die geflochtenen R\u00e4nder rahmen das Muster wundersch\u00f6n ein und verleihen den Creolen eine selbstbewusste, strukturierte Silhouette, die dennoch raffiniert wirkt.<\/p>\n<p data-start=\"412\" data-end=\"851\"><strong data-start=\"412\" data-end=\"429\">Handwerkliches K\u00f6nnen<\/strong><br data-start=\"429\" data-end=\"432\" \/>Jeder Ohrring ist aus reichem 22-kar\u00e4tigem Gelbgold gefertigt und mit einem klaren Relief versehen, das jede Linie des Armari-Motivs hervorhebt. Die strukturierte Oberfl\u00e4che wurde sorgf\u00e4ltig bearbeitet, sodass sie das Licht einf\u00e4ngt, ohne sich zu verhaken, w\u00e4hrend die glatte Innenw\u00f6lbung den ganzen Tag \u00fcber einen hohen Tragekomfort gew\u00e4hrleistet. Jedes Paar ist in Gro\u00dfbritannien gepunzt, um die Reinheit und Echtheit des Goldes zu bescheinigen.<\/p>\n<p data-start=\"853\" data-end=\"1300\" data-is-last-node=\"\" data-is-only-node=\"\"><strong data-start=\"853\" data-end=\"874\">Styling &amp; Geschenkartikel<\/strong><br data-start=\"874\" data-end=\"877\" \/>Diese 6-mm-Reifen sind perfekt f\u00fcr den Alltag geeignet und verleihen einem einfachen T-Shirt und einer Jeans eine subtile St\u00e4rke. Sie passen ebenso gut zu Seidensaris oder Abendkleidern. Kombinieren Sie sie mit anderen Armari-Schmuckst\u00fccken oder mit schlichten goldenen Armreifen f\u00fcr einen vielschichtigen Look. In einer Geschenkbox verpackt, sind sie eine gute Wahl f\u00fcr Geburtstage, Jahrestage oder als besonderes Geschenk f\u00fcr jemanden, der Schmuck mit einem furchtlosen Charakter liebt.<\/p>","protected":false},"excerpt":{"rendered":"<table class=\"sh_desc\">\n<tbody>\n<tr>\n<td>Art des Ohrrings<\/td>\n<td>Reif-Ohrring<\/td>\n<\/tr>\n<tr>\n<td>SKU<\/td>\n<td>49211<\/td>\n<\/tr>\n<tr>\n<td>Gewicht<\/td>\n<td>3.8 Gms<\/td>\n<\/tr>\n<tr>\n<td>Oberfl\u00e4che<\/td>\n<td>Antike_Matte<\/td>\n<\/tr>\n<tr>\n<td>Breite<\/td>\n<td>6 mm<\/td>\n<\/tr>\n<tr>\n<td>Sammlung<\/td>\n<td><strong>Sammlung Armari<\/strong><\/td>\n<\/tr>\n<tr>\n<td>Metall<\/td>\n<td>22ct Gold<\/td>\n<\/tr>\n<tr>\n<td>Entgelte<\/td>\n<td>Lieferung und Mehrwertsteuer inbegriffen<\/td>\n<\/tr>\n<tr>\n<td>Verpackung<\/td>\n<td>Mit Pr\u00e4sentationsbox<\/td>\n<\/tr>\n<tr>\n<td>Mehr Informationen<\/td>\n<td>Live-Chat mit uns f\u00fcr Verf\u00fcgbarkeit und mehr Bilder<\/td>\n<\/tr>\n<\/tbody>\n<\/table>","protected":false},"featured_media":372446,"comment_status":"closed","ping_status":"closed","template":"","meta":{"_eb_attr":"","_crsspst_to_jayantr4sg-hostcom":false},"product_brand":[],"product_cat":[245,5639,6145,1254,1229,1579,1574],"product_tag":[5920,66],"class_list":{"0":"post-369407","1":"product","2":"type-product","3":"status-publish","4":"has-post-thumbnail","6":"product_cat-armari-collections","7":"product_cat-armari-earring","8":"product_cat-armari-hoop-earring","9":"product_cat-gold-earrings","10":"product_cat-22ct-gold-jewellery","11":"product_cat-hoop-earrings","12":"product_cat-womens-jewellery","13":"product_tag-armari-hoop-earrings","14":"product_tag-earrings","16":"first","17":"onbackorder","18":"taxable","19":"shipping-taxable","20":"purchasable","21":"product-type-simple","22":"add-to-wishlist-before_image"},"yoast_head":"<!-- This site is optimized with the Yoast SEO plugin v27.6 - https:\/\/yoast.com\/product\/yoast-seo-wordpress\/ -->\n<title>Buy 6mm 22ct Gold Armari Hoop Earrings Online | PureJewels<\/title>\n<meta name=\"description\" content=\"&quot;Add a touch of elegance to your jewelry collection with these 22ct Gold Armari Hoop Earrings. Featuring a sleek 6mm design, these timeless hoops are perfect for everyday wear or special occasions.&quot;\" \/>\n<meta name=\"robots\" content=\"index, follow, max-snippet:-1, max-image-preview:large, max-video-preview:-1\" \/>\n<link rel=\"canonical\" href=\"https:\/\/www.purejewels.com\/de\/produkt-2\/22-kt-gold-armari-reifen-ohrring-49212\/\" \/>\n<meta property=\"og:locale\" content=\"de_DE\" \/>\n<meta property=\"og:type\" content=\"article\" \/>\n<meta property=\"og:title\" content=\"Buy 6mm 22ct Gold Armari Hoop Earrings Online | PureJewels\" \/>\n<meta property=\"og:description\" content=\"&quot;Add a touch of elegance to your jewelry collection with these 22ct Gold Armari Hoop Earrings. Featuring a sleek 6mm design, these timeless hoops are perfect for everyday wear or special occasions.&quot;\" \/>\n<meta property=\"og:url\" content=\"https:\/\/www.purejewels.com\/de\/produkt-2\/22-kt-gold-armari-reifen-ohrring-49212\/\" \/>\n<meta property=\"og:site_name\" content=\"PureJewels UK\" \/>\n<meta property=\"article:modified_time\" content=\"2026-04-20T10:10:26+00:00\" \/>\n<meta property=\"og:image\" content=\"https:\/\/static.purejewels.com\/wp-content\/uploads\/2024\/08\/SKU-48614.png\" \/>\n\t<meta property=\"og:image:width\" content=\"1000\" \/>\n\t<meta property=\"og:image:height\" content=\"1000\" \/>\n\t<meta property=\"og:image:type\" content=\"image\/png\" \/>\n<meta name=\"twitter:card\" content=\"summary_large_image\" \/>\n<meta name=\"twitter:label1\" content=\"Gesch\u00e4tzte Lesezeit\" \/>\n\t<meta name=\"twitter:data1\" content=\"2\u00a0Minuten\" \/>\n<script type=\"application\/ld+json\" class=\"yoast-schema-graph\">{\"@context\":\"https:\\\/\\\/schema.org\",\"@graph\":[{\"@type\":[\"WebPage\",\"ItemPage\"],\"@id\":\"https:\\\/\\\/www.purejewels.com\\\/product\\\/22ct-gold-armari-hoop-earring-49212\\\/\",\"url\":\"https:\\\/\\\/www.purejewels.com\\\/product\\\/22ct-gold-armari-hoop-earring-49212\\\/\",\"name\":\"Buy 6mm 22ct Gold Armari Hoop Earrings Online | PureJewels\",\"isPartOf\":{\"@id\":\"https:\\\/\\\/www.purejewels.com\\\/#website\"},\"primaryImageOfPage\":{\"@id\":\"https:\\\/\\\/www.purejewels.com\\\/product\\\/22ct-gold-armari-hoop-earring-49212\\\/#primaryimage\"},\"image\":{\"@id\":\"https:\\\/\\\/www.purejewels.com\\\/product\\\/22ct-gold-armari-hoop-earring-49212\\\/#primaryimage\"},\"thumbnailUrl\":\"https:\\\/\\\/static.purejewels.com\\\/wp-content\\\/uploads\\\/2024\\\/08\\\/SKU-48614.png\",\"datePublished\":\"2024-09-23T06:14:51+00:00\",\"dateModified\":\"2026-04-20T10:10:26+00:00\",\"description\":\"\\\"Add a touch of elegance to your jewelry collection with these 22ct Gold Armari Hoop Earrings. Featuring a sleek 6mm design, these timeless hoops are perfect for everyday wear or special occasions.\\\"\",\"breadcrumb\":{\"@id\":\"https:\\\/\\\/www.purejewels.com\\\/product\\\/22ct-gold-armari-hoop-earring-49212\\\/#breadcrumb\"},\"inLanguage\":\"de\",\"potentialAction\":[{\"@type\":\"ReadAction\",\"target\":[\"https:\\\/\\\/www.purejewels.com\\\/product\\\/22ct-gold-armari-hoop-earring-49212\\\/\"]}]},{\"@type\":\"ImageObject\",\"inLanguage\":\"de\",\"@id\":\"https:\\\/\\\/www.purejewels.com\\\/product\\\/22ct-gold-armari-hoop-earring-49212\\\/#primaryimage\",\"url\":\"https:\\\/\\\/static.purejewels.com\\\/wp-content\\\/uploads\\\/2024\\\/08\\\/SKU-48614.png\",\"contentUrl\":\"https:\\\/\\\/static.purejewels.com\\\/wp-content\\\/uploads\\\/2024\\\/08\\\/SKU-48614.png\",\"width\":1000,\"height\":1000},{\"@type\":\"BreadcrumbList\",\"@id\":\"https:\\\/\\\/www.purejewels.com\\\/product\\\/22ct-gold-armari-hoop-earring-49212\\\/#breadcrumb\",\"itemListElement\":[{\"@type\":\"ListItem\",\"position\":1,\"name\":\"Home\",\"item\":\"https:\\\/\\\/www.purejewels.com\\\/\"},{\"@type\":\"ListItem\",\"position\":2,\"name\":\"Shop\",\"item\":\"https:\\\/\\\/www.purejewels.com\\\/shop\\\/\"},{\"@type\":\"ListItem\",\"position\":3,\"name\":\"22ct Gold Armari Hoop Earring | 6mm\"}]},{\"@type\":\"WebSite\",\"@id\":\"https:\\\/\\\/www.purejewels.com\\\/#website\",\"url\":\"https:\\\/\\\/www.purejewels.com\\\/\",\"name\":\"PureJewels UK\",\"description\":\"Share the Love\",\"publisher\":{\"@id\":\"https:\\\/\\\/www.purejewels.com\\\/#organization\"},\"potentialAction\":[{\"@type\":\"SearchAction\",\"target\":{\"@type\":\"EntryPoint\",\"urlTemplate\":\"https:\\\/\\\/www.purejewels.com\\\/?s={search_term_string}\"},\"query-input\":{\"@type\":\"PropertyValueSpecification\",\"valueRequired\":true,\"valueName\":\"search_term_string\"}}],\"inLanguage\":\"de\"},{\"@type\":\"Organization\",\"@id\":\"https:\\\/\\\/www.purejewels.com\\\/#organization\",\"name\":\"PureJewels UK\",\"url\":\"https:\\\/\\\/www.purejewels.com\\\/\",\"logo\":{\"@type\":\"ImageObject\",\"inLanguage\":\"de\",\"@id\":\"https:\\\/\\\/www.purejewels.com\\\/#\\\/schema\\\/logo\\\/image\\\/\",\"url\":\"https:\\\/\\\/static.purejewels.com\\\/wp-content\\\/uploads\\\/2020\\\/11\\\/Logo-PJ-New-1.png\",\"contentUrl\":\"https:\\\/\\\/static.purejewels.com\\\/wp-content\\\/uploads\\\/2020\\\/11\\\/Logo-PJ-New-1.png\",\"width\":150,\"height\":80,\"caption\":\"PureJewels UK\"},\"image\":{\"@id\":\"https:\\\/\\\/www.purejewels.com\\\/#\\\/schema\\\/logo\\\/image\\\/\"}}]}<\/script>\n<!-- \/ Yoast SEO plugin. -->","yoast_head_json":{"title":"6mm 22ct Gold Armari Hoop Ohrringe online kaufen | PureJewels","description":"\"Verleihen Sie Ihrer Schmucksammlung einen Hauch von Eleganz mit diesen Armari Hoop Earrings aus 22 Karat Gold. Mit ihrem schlanken 6-mm-Design sind diese zeitlosen Creolen perfekt f\\u00fcr den Alltag oder besondere Anl\\u00e4sse.\"","robots":{"index":"index","follow":"follow","max-snippet":"max-snippet:-1","max-image-preview":"max-image-preview:large","max-video-preview":"max-video-preview:-1"},"canonical":"https:\/\/www.purejewels.com\/de\/produkt-2\/22-kt-gold-armari-reifen-ohrring-49212\/","og_locale":"de_DE","og_type":"article","og_title":"Buy 6mm 22ct Gold Armari Hoop Earrings Online | PureJewels","og_description":"\"Add a touch of elegance to your jewelry collection with these 22ct Gold Armari Hoop Earrings. Featuring a sleek 6mm design, these timeless hoops are perfect for everyday wear or special occasions.\"","og_url":"https:\/\/www.purejewels.com\/de\/produkt-2\/22-kt-gold-armari-reifen-ohrring-49212\/","og_site_name":"PureJewels UK","article_modified_time":"2026-04-20T10:10:26+00:00","og_image":[{"width":1000,"height":1000,"url":"https:\/\/static.purejewels.com\/wp-content\/uploads\/2024\/08\/SKU-48614.png","type":"image\/png"}],"twitter_card":"summary_large_image","twitter_misc":{"Gesch\u00e4tzte Lesezeit":"2\u00a0Minuten"},"schema":{"@context":"https:\/\/schema.org","@graph":[{"@type":["WebPage","ItemPage"],"@id":"https:\/\/www.purejewels.com\/product\/22ct-gold-armari-hoop-earring-49212\/","url":"https:\/\/www.purejewels.com\/product\/22ct-gold-armari-hoop-earring-49212\/","name":"6mm 22ct Gold Armari Hoop Ohrringe online kaufen | PureJewels","isPartOf":{"@id":"https:\/\/www.purejewels.com\/#website"},"primaryImageOfPage":{"@id":"https:\/\/www.purejewels.com\/product\/22ct-gold-armari-hoop-earring-49212\/#primaryimage"},"image":{"@id":"https:\/\/www.purejewels.com\/product\/22ct-gold-armari-hoop-earring-49212\/#primaryimage"},"thumbnailUrl":"https:\/\/static.purejewels.com\/wp-content\/uploads\/2024\/08\/SKU-48614.png","datePublished":"2024-09-23T06:14:51+00:00","dateModified":"2026-04-20T10:10:26+00:00","description":"\"Verleihen Sie Ihrer Schmucksammlung einen Hauch von Eleganz mit diesen Armari Hoop Earrings aus 22 Karat Gold. Mit ihrem schlanken 6-mm-Design sind diese zeitlosen Creolen perfekt f\\u00fcr den Alltag oder besondere Anl\\u00e4sse.\"","breadcrumb":{"@id":"https:\/\/www.purejewels.com\/product\/22ct-gold-armari-hoop-earring-49212\/#breadcrumb"},"inLanguage":"de","potentialAction":[{"@type":"ReadAction","target":["https:\/\/www.purejewels.com\/product\/22ct-gold-armari-hoop-earring-49212\/"]}]},{"@type":"ImageObject","inLanguage":"de","@id":"https:\/\/www.purejewels.com\/product\/22ct-gold-armari-hoop-earring-49212\/#primaryimage","url":"https:\/\/static.purejewels.com\/wp-content\/uploads\/2024\/08\/SKU-48614.png","contentUrl":"https:\/\/static.purejewels.com\/wp-content\/uploads\/2024\/08\/SKU-48614.png","width":1000,"height":1000},{"@type":"BreadcrumbList","@id":"https:\/\/www.purejewels.com\/product\/22ct-gold-armari-hoop-earring-49212\/#breadcrumb","itemListElement":[{"@type":"ListItem","position":1,"name":"Home","item":"https:\/\/www.purejewels.com\/"},{"@type":"ListItem","position":2,"name":"Shop","item":"https:\/\/www.purejewels.com\/shop\/"},{"@type":"ListItem","position":3,"name":"22ct Gold Armari Hoop Earring | 6mm"}]},{"@type":"WebSite","@id":"https:\/\/www.purejewels.com\/#website","url":"https:\/\/www.purejewels.com\/","name":"PureJewels UK","description":"Teile die Liebe","publisher":{"@id":"https:\/\/www.purejewels.com\/#organization"},"potentialAction":[{"@type":"SearchAction","target":{"@type":"EntryPoint","urlTemplate":"https:\/\/www.purejewels.com\/?s={search_term_string}"},"query-input":{"@type":"PropertyValueSpecification","valueRequired":true,"valueName":"search_term_string"}}],"inLanguage":"de"},{"@type":"Organization","@id":"https:\/\/www.purejewels.com\/#organization","name":"PureJewels UK","url":"https:\/\/www.purejewels.com\/","logo":{"@type":"ImageObject","inLanguage":"de","@id":"https:\/\/www.purejewels.com\/#\/schema\/logo\/image\/","url":"https:\/\/static.purejewels.com\/wp-content\/uploads\/2020\/11\/Logo-PJ-New-1.png","contentUrl":"https:\/\/static.purejewels.com\/wp-content\/uploads\/2020\/11\/Logo-PJ-New-1.png","width":150,"height":80,"caption":"PureJewels UK"},"image":{"@id":"https:\/\/www.purejewels.com\/#\/schema\/logo\/image\/"}}]}},"_links":{"self":[{"href":"https:\/\/www.purejewels.com\/de\/wp-json\/wp\/v2\/product\/369407","targetHints":{"allow":["GET"]}}],"collection":[{"href":"https:\/\/www.purejewels.com\/de\/wp-json\/wp\/v2\/product"}],"about":[{"href":"https:\/\/www.purejewels.com\/de\/wp-json\/wp\/v2\/types\/product"}],"replies":[{"embeddable":true,"href":"https:\/\/www.purejewels.com\/de\/wp-json\/wp\/v2\/comments?post=369407"}],"version-history":[{"count":4,"href":"https:\/\/www.purejewels.com\/de\/wp-json\/wp\/v2\/product\/369407\/revisions"}],"predecessor-version":[{"id":420664,"href":"https:\/\/www.purejewels.com\/de\/wp-json\/wp\/v2\/product\/369407\/revisions\/420664"}],"wp:featuredmedia":[{"embeddable":true,"href":"https:\/\/www.purejewels.com\/de\/wp-json\/wp\/v2\/media\/372446"}],"wp:attachment":[{"href":"https:\/\/www.purejewels.com\/de\/wp-json\/wp\/v2\/media?parent=369407"}],"wp:term":[{"taxonomy":"product_brand","embeddable":true,"href":"https:\/\/www.purejewels.com\/de\/wp-json\/wp\/v2\/product_brand?post=369407"},{"taxonomy":"product_cat","embeddable":true,"href":"https:\/\/www.purejewels.com\/de\/wp-json\/wp\/v2\/product_cat?post=369407"},{"taxonomy":"product_tag","embeddable":true,"href":"https:\/\/www.purejewels.com\/de\/wp-json\/wp\/v2\/product_tag?post=369407"}],"curies":[{"name":"wp","href":"https:\/\/api.w.org\/{rel}","templated":true}]}}