{"id":369596,"date":"2024-07-14T12:11:07","date_gmt":"2024-07-14T11:11:07","guid":{"rendered":"https:\/\/www.purejewels.com\/?post_type=product&#038;p=369596"},"modified":"2026-02-09T05:41:33","modified_gmt":"2026-02-09T05:41:33","slug":"22ct-sonnenaufgang-gold-ring-50840","status":"publish","type":"product","link":"https:\/\/www.purejewels.com\/de\/product\/22ct-sunrise-gold-ring-50840\/","title":{"rendered":"22ct Sunrise Gold Ring | Gr\u00f6\u00dfe O | 5.5mm"},"content":{"rendered":"<h3>Entwurf:<\/h3>\n<p>Die <strong>22ct Sonnenaufgang Gold Ring<\/strong> in <strong>Gr\u00f6\u00dfe O<\/strong> bietet eine <strong>5,5 mm breites Band<\/strong> umgeben von einem nahtlosen Muster aus Rosetten. Inspiriert von der Eleganz bl\u00fchender Blumen vermittelt das Design sowohl nat\u00fcrliche Sch\u00f6nheit als auch zeitlose Raffinesse.<\/p>\n<h3>Handwerkliches K\u00f6nnen:<\/h3>\n<p>Sorgf\u00e4ltig handgefertigt in <strong>22ct Sonnenaufgang Gold<\/strong> Der Ring zeigt exquisite Details auf jeder Rosette. Das etwas breitere 5,5 mm breite Band unterstreicht die florale Struktur und bietet gleichzeitig eine bequeme Passform, die die Hingabe der Kunsthandwerker f\u00fcr Pr\u00e4zision und Kunstfertigkeit unterstreicht.<\/p>\n<h3><strong>Stil:<\/strong><\/h3>\n<p>Perfekt f\u00fcr diejenigen, die ein Statement zu sch\u00e4tzen wissen, ist das <strong>5,5 mm Rosettenband<\/strong> schafft den Spagat zwischen aufw\u00e4ndigen Details und einem selbstbewussten Profil. Sie passt sowohl zu traditionellen als auch zu modernen Looks und eignet sich daher sowohl f\u00fcr den Alltag als auch f\u00fcr festliche Anl\u00e4sse.<\/p>\n<p>&nbsp;<\/p>","protected":false},"excerpt":{"rendered":"<p>Die <strong>22ct Sonnenaufgang Gold Ring<\/strong> in <strong>Gr\u00f6\u00dfe O<\/strong> mit einer <strong>5,5 mm breites Band<\/strong> von der <strong>Kollektion Rosetten<\/strong> ist ein raffinierter Ausdruck von floral inspirierter Kunstfertigkeit. Sein k\u00fchnes und doch anmutiges Profil macht ihn zu einem vielseitigen Kleidungsst\u00fcck f\u00fcr den Alltag und besondere Anl\u00e4sse.<\/p>\n<p><strong>Material<\/strong>: 22ct Sunrise Gold (91,6% reines Gold)<br \/>\n<strong>Wahrzeichen<\/strong>: Britisches G\u00fctesiegel<br \/>\n<strong>Gewichtsbereich<\/strong>: 4.87 Gramm<br \/>\n<strong>Breite der Bl\u00fcte<\/strong>: 5,5 mm<br \/>\n<strong>Ringgr\u00f6\u00dfe:<\/strong>\u00a0Erh\u00e4ltlich in verschiedenen Gr\u00f6\u00dfen<br \/>\n<strong>SKU:<\/strong> 50840<\/p>\n<p><strong>Preis und Lieferung:<\/strong>\u00a0Inklusive Mehrwertsteuer und Lieferkosten<br \/>\n<a href=\"https:\/\/www.purejewels.com\/de\/ruckgabepolitik\/\"><strong>R\u00fcckgabepolitik<\/strong><\/a><\/p>","protected":false},"featured_media":364589,"comment_status":"closed","ping_status":"closed","template":"","meta":{"_eb_attr":"","_crsspst_to_jayantr4sg-hostcom":false},"product_brand":[],"product_cat":[1791,1559,1785,1793,5701,1790,1229,1235,1786,6156,1656,5276,1573,5349],"product_tag":[],"class_list":{"0":"post-369596","1":"product","2":"type-product","3":"status-publish","4":"has-post-thumbnail","6":"product_cat-anniversary-gifts","7":"product_cat-birthday-gifts","8":"product_cat-daily-wear-rings","9":"product_cat-diwali-gifts","10":"product_cat-eid-jewellery","11":"product_cat-for-whom-when","12":"product_cat-22ct-gold-jewellery","13":"product_cat-gold-rings","14":"product_cat-occasional-wear-rings","15":"product_cat-rosette-bands","16":"product_cat-rosettes-collections","17":"product_cat-rosettes-ring","18":"product_cat-wedding-gifts","19":"product_cat-yellow-gold-jewellery","21":"first","22":"outofstock","23":"taxable","24":"shipping-taxable","25":"product-type-simple","26":"add-to-wishlist-before_image"},"yoast_head":"<!-- This site is optimized with the Yoast SEO plugin v27.6 - https:\/\/yoast.com\/product\/yoast-seo-wordpress\/ -->\n<title>22ct Sunrise Gold Ring online at PureJewels UK<\/title>\n<meta name=\"description\" content=\"22ct Sunrise Gold ring from the Rosette Collection with artisanal craftsmanship. Perfect for those seeking timeless luxury. Shop now for free UK delivery.\" \/>\n<meta name=\"robots\" content=\"index, follow, max-snippet:-1, max-image-preview:large, max-video-preview:-1\" \/>\n<link rel=\"canonical\" href=\"https:\/\/www.purejewels.com\/de\/produkt-2\/22ct-sonnenaufgang-gold-ring-50840\/\" \/>\n<meta property=\"og:locale\" content=\"de_DE\" \/>\n<meta property=\"og:type\" content=\"article\" \/>\n<meta property=\"og:title\" content=\"22ct Sunrise Gold Ring online at PureJewels UK\" \/>\n<meta property=\"og:description\" content=\"22ct Sunrise Gold ring from the Rosette Collection with artisanal craftsmanship. Perfect for those seeking timeless luxury. Shop now for free UK delivery.\" \/>\n<meta property=\"og:url\" content=\"https:\/\/www.purejewels.com\/de\/produkt-2\/22ct-sonnenaufgang-gold-ring-50840\/\" \/>\n<meta property=\"og:site_name\" content=\"PureJewels UK\" \/>\n<meta property=\"article:modified_time\" content=\"2026-02-09T05:41:33+00:00\" \/>\n<meta property=\"og:image\" content=\"https:\/\/static.purejewels.com\/wp-content\/uploads\/2022\/03\/48093.png\" \/>\n\t<meta property=\"og:image:width\" content=\"1000\" \/>\n\t<meta property=\"og:image:height\" content=\"1000\" \/>\n\t<meta property=\"og:image:type\" content=\"image\/png\" \/>\n<meta name=\"twitter:card\" content=\"summary_large_image\" \/>\n<meta name=\"twitter:label1\" content=\"Gesch\u00e4tzte Lesezeit\" \/>\n\t<meta name=\"twitter:data1\" content=\"1\u00a0Minute\" \/>\n<script type=\"application\/ld+json\" class=\"yoast-schema-graph\">{\"@context\":\"https:\\\/\\\/schema.org\",\"@graph\":[{\"@type\":[\"WebPage\",\"ItemPage\"],\"@id\":\"https:\\\/\\\/www.purejewels.com\\\/product\\\/22ct-sunrise-gold-ring-50840\\\/\",\"url\":\"https:\\\/\\\/www.purejewels.com\\\/product\\\/22ct-sunrise-gold-ring-50840\\\/\",\"name\":\"22ct Sunrise Gold Ring online at PureJewels UK\",\"isPartOf\":{\"@id\":\"https:\\\/\\\/www.purejewels.com\\\/#website\"},\"primaryImageOfPage\":{\"@id\":\"https:\\\/\\\/www.purejewels.com\\\/product\\\/22ct-sunrise-gold-ring-50840\\\/#primaryimage\"},\"image\":{\"@id\":\"https:\\\/\\\/www.purejewels.com\\\/product\\\/22ct-sunrise-gold-ring-50840\\\/#primaryimage\"},\"thumbnailUrl\":\"https:\\\/\\\/static.purejewels.com\\\/wp-content\\\/uploads\\\/2022\\\/03\\\/48093.png\",\"datePublished\":\"2024-07-14T11:11:07+00:00\",\"dateModified\":\"2026-02-09T05:41:33+00:00\",\"description\":\"22ct Sunrise Gold ring from the Rosette Collection with artisanal craftsmanship. Perfect for those seeking timeless luxury. Shop now for free UK delivery.\",\"breadcrumb\":{\"@id\":\"https:\\\/\\\/www.purejewels.com\\\/product\\\/22ct-sunrise-gold-ring-50840\\\/#breadcrumb\"},\"inLanguage\":\"de\",\"potentialAction\":[{\"@type\":\"ReadAction\",\"target\":[\"https:\\\/\\\/www.purejewels.com\\\/product\\\/22ct-sunrise-gold-ring-50840\\\/\"]}]},{\"@type\":\"ImageObject\",\"inLanguage\":\"de\",\"@id\":\"https:\\\/\\\/www.purejewels.com\\\/product\\\/22ct-sunrise-gold-ring-50840\\\/#primaryimage\",\"url\":\"https:\\\/\\\/static.purejewels.com\\\/wp-content\\\/uploads\\\/2022\\\/03\\\/48093.png\",\"contentUrl\":\"https:\\\/\\\/static.purejewels.com\\\/wp-content\\\/uploads\\\/2022\\\/03\\\/48093.png\",\"width\":1000,\"height\":1000,\"caption\":\"22ct Gold Band\"},{\"@type\":\"BreadcrumbList\",\"@id\":\"https:\\\/\\\/www.purejewels.com\\\/product\\\/22ct-sunrise-gold-ring-50840\\\/#breadcrumb\",\"itemListElement\":[{\"@type\":\"ListItem\",\"position\":1,\"name\":\"Home\",\"item\":\"https:\\\/\\\/www.purejewels.com\\\/\"},{\"@type\":\"ListItem\",\"position\":2,\"name\":\"Shop\",\"item\":\"https:\\\/\\\/www.purejewels.com\\\/shop\\\/\"},{\"@type\":\"ListItem\",\"position\":3,\"name\":\"22ct Sunrise Gold Ring | Size O | 5.5mm\"}]},{\"@type\":\"WebSite\",\"@id\":\"https:\\\/\\\/www.purejewels.com\\\/#website\",\"url\":\"https:\\\/\\\/www.purejewels.com\\\/\",\"name\":\"PureJewels UK\",\"description\":\"Share the Love\",\"publisher\":{\"@id\":\"https:\\\/\\\/www.purejewels.com\\\/#organization\"},\"potentialAction\":[{\"@type\":\"SearchAction\",\"target\":{\"@type\":\"EntryPoint\",\"urlTemplate\":\"https:\\\/\\\/www.purejewels.com\\\/?s={search_term_string}\"},\"query-input\":{\"@type\":\"PropertyValueSpecification\",\"valueRequired\":true,\"valueName\":\"search_term_string\"}}],\"inLanguage\":\"de\"},{\"@type\":\"Organization\",\"@id\":\"https:\\\/\\\/www.purejewels.com\\\/#organization\",\"name\":\"PureJewels UK\",\"url\":\"https:\\\/\\\/www.purejewels.com\\\/\",\"logo\":{\"@type\":\"ImageObject\",\"inLanguage\":\"de\",\"@id\":\"https:\\\/\\\/www.purejewels.com\\\/#\\\/schema\\\/logo\\\/image\\\/\",\"url\":\"https:\\\/\\\/static.purejewels.com\\\/wp-content\\\/uploads\\\/2020\\\/11\\\/Logo-PJ-New-1.png\",\"contentUrl\":\"https:\\\/\\\/static.purejewels.com\\\/wp-content\\\/uploads\\\/2020\\\/11\\\/Logo-PJ-New-1.png\",\"width\":150,\"height\":80,\"caption\":\"PureJewels UK\"},\"image\":{\"@id\":\"https:\\\/\\\/www.purejewels.com\\\/#\\\/schema\\\/logo\\\/image\\\/\"}}]}<\/script>\n<!-- \/ Yoast SEO plugin. -->","yoast_head_json":{"title":"22ct Sunrise Gold Ring online bei PureJewels UK","description":"Ring aus 22 Karat Sunrise Gold aus der Rosette-Kollektion mit handwerklicher Verarbeitung. Perfekt f\u00fcr alle, die zeitlosen Luxus suchen. Jetzt kaufen und in Gro\u00dfbritannien kostenlos liefern lassen.","robots":{"index":"index","follow":"follow","max-snippet":"max-snippet:-1","max-image-preview":"max-image-preview:large","max-video-preview":"max-video-preview:-1"},"canonical":"https:\/\/www.purejewels.com\/de\/produkt-2\/22ct-sonnenaufgang-gold-ring-50840\/","og_locale":"de_DE","og_type":"article","og_title":"22ct Sunrise Gold Ring online at PureJewels UK","og_description":"22ct Sunrise Gold ring from the Rosette Collection with artisanal craftsmanship. Perfect for those seeking timeless luxury. Shop now for free UK delivery.","og_url":"https:\/\/www.purejewels.com\/de\/produkt-2\/22ct-sonnenaufgang-gold-ring-50840\/","og_site_name":"PureJewels UK","article_modified_time":"2026-02-09T05:41:33+00:00","og_image":[{"width":1000,"height":1000,"url":"https:\/\/static.purejewels.com\/wp-content\/uploads\/2022\/03\/48093.png","type":"image\/png"}],"twitter_card":"summary_large_image","twitter_misc":{"Gesch\u00e4tzte Lesezeit":"1\u00a0Minute"},"schema":{"@context":"https:\/\/schema.org","@graph":[{"@type":["WebPage","ItemPage"],"@id":"https:\/\/www.purejewels.com\/product\/22ct-sunrise-gold-ring-50840\/","url":"https:\/\/www.purejewels.com\/product\/22ct-sunrise-gold-ring-50840\/","name":"22ct Sunrise Gold Ring online bei PureJewels UK","isPartOf":{"@id":"https:\/\/www.purejewels.com\/#website"},"primaryImageOfPage":{"@id":"https:\/\/www.purejewels.com\/product\/22ct-sunrise-gold-ring-50840\/#primaryimage"},"image":{"@id":"https:\/\/www.purejewels.com\/product\/22ct-sunrise-gold-ring-50840\/#primaryimage"},"thumbnailUrl":"https:\/\/static.purejewels.com\/wp-content\/uploads\/2022\/03\/48093.png","datePublished":"2024-07-14T11:11:07+00:00","dateModified":"2026-02-09T05:41:33+00:00","description":"Ring aus 22 Karat Sunrise Gold aus der Rosette-Kollektion mit handwerklicher Verarbeitung. Perfekt f\u00fcr alle, die zeitlosen Luxus suchen. Jetzt kaufen und in Gro\u00dfbritannien kostenlos liefern lassen.","breadcrumb":{"@id":"https:\/\/www.purejewels.com\/product\/22ct-sunrise-gold-ring-50840\/#breadcrumb"},"inLanguage":"de","potentialAction":[{"@type":"ReadAction","target":["https:\/\/www.purejewels.com\/product\/22ct-sunrise-gold-ring-50840\/"]}]},{"@type":"ImageObject","inLanguage":"de","@id":"https:\/\/www.purejewels.com\/product\/22ct-sunrise-gold-ring-50840\/#primaryimage","url":"https:\/\/static.purejewels.com\/wp-content\/uploads\/2022\/03\/48093.png","contentUrl":"https:\/\/static.purejewels.com\/wp-content\/uploads\/2022\/03\/48093.png","width":1000,"height":1000,"caption":"22ct Gold Band"},{"@type":"BreadcrumbList","@id":"https:\/\/www.purejewels.com\/product\/22ct-sunrise-gold-ring-50840\/#breadcrumb","itemListElement":[{"@type":"ListItem","position":1,"name":"Home","item":"https:\/\/www.purejewels.com\/"},{"@type":"ListItem","position":2,"name":"Shop","item":"https:\/\/www.purejewels.com\/shop\/"},{"@type":"ListItem","position":3,"name":"22ct Sunrise Gold Ring | Size O | 5.5mm"}]},{"@type":"WebSite","@id":"https:\/\/www.purejewels.com\/#website","url":"https:\/\/www.purejewels.com\/","name":"PureJewels UK","description":"Teile die Liebe","publisher":{"@id":"https:\/\/www.purejewels.com\/#organization"},"potentialAction":[{"@type":"SearchAction","target":{"@type":"EntryPoint","urlTemplate":"https:\/\/www.purejewels.com\/?s={search_term_string}"},"query-input":{"@type":"PropertyValueSpecification","valueRequired":true,"valueName":"search_term_string"}}],"inLanguage":"de"},{"@type":"Organization","@id":"https:\/\/www.purejewels.com\/#organization","name":"PureJewels UK","url":"https:\/\/www.purejewels.com\/","logo":{"@type":"ImageObject","inLanguage":"de","@id":"https:\/\/www.purejewels.com\/#\/schema\/logo\/image\/","url":"https:\/\/static.purejewels.com\/wp-content\/uploads\/2020\/11\/Logo-PJ-New-1.png","contentUrl":"https:\/\/static.purejewels.com\/wp-content\/uploads\/2020\/11\/Logo-PJ-New-1.png","width":150,"height":80,"caption":"PureJewels UK"},"image":{"@id":"https:\/\/www.purejewels.com\/#\/schema\/logo\/image\/"}}]}},"_links":{"self":[{"href":"https:\/\/www.purejewels.com\/de\/wp-json\/wp\/v2\/product\/369596","targetHints":{"allow":["GET"]}}],"collection":[{"href":"https:\/\/www.purejewels.com\/de\/wp-json\/wp\/v2\/product"}],"about":[{"href":"https:\/\/www.purejewels.com\/de\/wp-json\/wp\/v2\/types\/product"}],"replies":[{"embeddable":true,"href":"https:\/\/www.purejewels.com\/de\/wp-json\/wp\/v2\/comments?post=369596"}],"version-history":[{"count":4,"href":"https:\/\/www.purejewels.com\/de\/wp-json\/wp\/v2\/product\/369596\/revisions"}],"predecessor-version":[{"id":417619,"href":"https:\/\/www.purejewels.com\/de\/wp-json\/wp\/v2\/product\/369596\/revisions\/417619"}],"wp:featuredmedia":[{"embeddable":true,"href":"https:\/\/www.purejewels.com\/de\/wp-json\/wp\/v2\/media\/364589"}],"wp:attachment":[{"href":"https:\/\/www.purejewels.com\/de\/wp-json\/wp\/v2\/media?parent=369596"}],"wp:term":[{"taxonomy":"product_brand","embeddable":true,"href":"https:\/\/www.purejewels.com\/de\/wp-json\/wp\/v2\/product_brand?post=369596"},{"taxonomy":"product_cat","embeddable":true,"href":"https:\/\/www.purejewels.com\/de\/wp-json\/wp\/v2\/product_cat?post=369596"},{"taxonomy":"product_tag","embeddable":true,"href":"https:\/\/www.purejewels.com\/de\/wp-json\/wp\/v2\/product_tag?post=369596"}],"curies":[{"name":"wp","href":"https:\/\/api.w.org\/{rel}","templated":true}]}}