{"id":370326,"date":"2024-08-26T10:42:08","date_gmt":"2024-08-26T09:42:08","guid":{"rendered":"https:\/\/www.purejewels.com\/?post_type=product&#038;p=370326"},"modified":"2026-02-10T09:06:55","modified_gmt":"2026-02-10T09:06:55","slug":"halskette-aus-22-karat-gold-49015","status":"publish","type":"product","link":"https:\/\/www.purejewels.com\/de\/product\/necklace-in-22ct-gold-49015\/","title":{"rendered":"Halskette aus 22 Karat Sunrise Gold | 18,5 Zentimeter"},"content":{"rendered":"<p data-sourcepos=\"5:1-5:157\">Wir stellen Ihnen die exquisite Halskette \"Elchi\" vor, ein atemberaubendes St\u00fcck aus 22 Karat Sunrise Gold. Diese Halskette ist eine perfekte Mischung aus traditioneller Eleganz und modernem Stil, was sie zu einer vielseitigen Erg\u00e4nzung Ihrer Schmucksammlung macht.<\/p>\n<p data-sourcepos=\"7:1-7:105\">Die Halskette \"Elchi\" besticht durch ihr Design, das von dem gleichnamigen Gew\u00fcrz inspiriert ist. Die filigranen Details und die zarte <a href=\"https:\/\/www.purejewels.com\/de\/a-guide-to-die-stamping\/\">Handwerkskunst<\/a> dieser Halskette sind ein wahrer Blickfang und hinterlassen einen bleibenden Eindruck.<\/p>\n<p data-sourcepos=\"9:1-9:15\"><strong>H\u00f6hepunkte:<\/strong><\/p>\n<ul data-sourcepos=\"11:1-11:20\">\n<li data-sourcepos=\"11:1-11:20\">Gefertigt aus reinem 22-Karat-Sunrise-Gold f\u00fcr ein gl\u00e4nzendes und strahlendes Finish.<\/li>\n<li data-sourcepos=\"12:1-12:57\">Einzigartiges Design, inspiriert durch das Elchi-Gew\u00fcrz.<\/li>\n<li data-sourcepos=\"13:1-13:50\">Aufw\u00e4ndige Details und exquisite Handwerkskunst.<\/li>\n<li data-sourcepos=\"14:1-14:62\">Misst 18,5 Zoll in der L\u00e4nge und bietet eine bequeme Passform.<\/li>\n<li data-sourcepos=\"15:1-16:0\">Ideal sowohl f\u00fcr den Alltag als auch f\u00fcr besondere Anl\u00e4sse.<\/li>\n<\/ul>\n<p data-sourcepos=\"17:1-17:27\"><strong>Produktspezifikationen:<\/strong><\/p>\n<ul data-sourcepos=\"19:1-22:0\">\n<li data-sourcepos=\"19:1-19:33\">Material: 22 Karat Sunrise Gold<\/li>\n<li data-sourcepos=\"20:1-20:21\">L\u00e4nge: 18 Zoll<\/li>\n<li data-sourcepos=\"21:1-22:0\">Kollektion: Elchi Kollektion<\/li>\n<\/ul>\n<p data-sourcepos=\"23:1-23:33\"><strong>\u00dcber die Sammlung Elaichi:<\/strong><\/p>\n<p data-sourcepos=\"25:1-25:162\">Die Kollektion Elchi ist eine Hommage an das reiche Erbe und die Kultur Indiens. Jedes St\u00fcck dieser Kollektion wird sorgf\u00e4ltig unter Verwendung traditioneller Techniken und hochwertiger Materialien hergestellt, um au\u00dfergew\u00f6hnliche Sch\u00f6nheit und Haltbarkeit zu gew\u00e4hrleisten.<\/p>\n<p>&nbsp;<\/p>","protected":false},"excerpt":{"rendered":"<div class=\"flex between-xs middle-xs price-review\">\n<div class=\"yith-ywraq-add-to-quote add-to-quote-327643 near-add-to-cart\">\n<div class=\"yith-ywraq-add-button show\"><\/div>\n<\/div>\n<\/div>\n<div class=\"woocommerce-product-details__short-description\">\n<table class=\"sh_desc\">\n<tbody>\n<tr>\n<td>Art der Halskette<\/td>\n<td>Lariate Halskette<\/td>\n<\/tr>\n<tr>\n<td>SKU<\/td>\n<td>49404<\/td>\n<\/tr>\n<tr>\n<td>Gewicht<\/td>\n<td>7.2 Gms<\/td>\n<\/tr>\n<tr>\n<td>Metall<\/td>\n<td>22ct Sonnenaufgang Gold<\/td>\n<\/tr>\n<tr>\n<td>L\u00e4nge<\/td>\n<td>18 Zoll<\/td>\n<\/tr>\n<tr>\n<td>Wahrzeichen<\/td>\n<td>22ct Gold gestempelt von London Assay Office<\/td>\n<\/tr>\n<tr>\n<td>Entgelte<\/td>\n<td>Lieferung und Mehrwertsteuer inbegriffen<\/td>\n<\/tr>\n<tr>\n<td>Verpackung<\/td>\n<td>Mit Pr\u00e4sentationsbox<\/td>\n<\/tr>\n<tr>\n<td>Mehr Informationen<\/td>\n<td>Live-Chat mit uns f\u00fcr Verf\u00fcgbarkeit und mehr Bilder<\/td>\n<\/tr>\n<\/tbody>\n<\/table>\n<p>&nbsp;<\/p>\n<\/div>","protected":false},"featured_media":370366,"comment_status":"closed","ping_status":"closed","template":"","meta":{"_eb_attr":"","_crsspst_to_jayantr4sg-hostcom":false},"product_brand":[],"product_cat":[1791,1559,5848,6116,1475,1229,1253,1570,1778,1574],"product_tag":[1430],"class_list":{"0":"post-370326","1":"product","2":"type-product","3":"status-publish","4":"has-post-thumbnail","6":"product_cat-anniversary-gifts","7":"product_cat-birthday-gifts","8":"product_cat-elchi-collection","9":"product_cat-elchi-necklace","10":"product_cat-gold-chains","11":"product_cat-22ct-gold-jewellery","12":"product_cat-gold-necklaces","13":"product_cat-mothers-day-gifts","14":"product_cat-short-necklaces","15":"product_cat-womens-jewellery","16":"product_tag-diwali-gift","18":"first","19":"onbackorder","20":"taxable","21":"shipping-taxable","22":"purchasable","23":"product-type-simple","24":"add-to-wishlist-before_image"},"yoast_head":"<!-- This site is optimized with the Yoast SEO plugin v27.4 - https:\/\/yoast.com\/product\/yoast-seo-wordpress\/ -->\n<title>Luxury Gold Necklace | 22ct Gold Jeweller | 18.5 Inches<\/title>\n<meta name=\"description\" content=\"Discover the epitome of luxury in our 22 karat gold necklace, a must-have for any discerning woman. Visit our store PureJewels today.\" \/>\n<meta name=\"robots\" content=\"index, follow, max-snippet:-1, max-image-preview:large, max-video-preview:-1\" \/>\n<link rel=\"canonical\" href=\"https:\/\/www.purejewels.com\/de\/produkt-2\/halskette-aus-22-karat-gold-49015\/\" \/>\n<meta property=\"og:locale\" content=\"de_DE\" \/>\n<meta property=\"og:type\" content=\"article\" \/>\n<meta property=\"og:title\" content=\"Luxury Gold Necklace | 22ct Gold Jeweller | 18.5 Inches\" \/>\n<meta property=\"og:description\" content=\"Discover the epitome of luxury in our 22 karat gold necklace, a must-have for any discerning woman. Visit our store PureJewels today.\" \/>\n<meta property=\"og:url\" content=\"https:\/\/www.purejewels.com\/de\/produkt-2\/halskette-aus-22-karat-gold-49015\/\" \/>\n<meta property=\"og:site_name\" content=\"PureJewels UK\" \/>\n<meta property=\"article:modified_time\" content=\"2026-02-10T09:06:55+00:00\" \/>\n<meta property=\"og:image\" content=\"https:\/\/static.purejewels.com\/wp-content\/uploads\/2024\/08\/49015-1.jpg\" \/>\n\t<meta property=\"og:image:width\" content=\"1000\" \/>\n\t<meta property=\"og:image:height\" content=\"1000\" \/>\n\t<meta property=\"og:image:type\" content=\"image\/jpeg\" \/>\n<meta name=\"twitter:card\" content=\"summary_large_image\" \/>\n<meta name=\"twitter:label1\" content=\"Gesch\u00e4tzte Lesezeit\" \/>\n\t<meta name=\"twitter:data1\" content=\"1\u00a0Minute\" \/>\n<script type=\"application\/ld+json\" class=\"yoast-schema-graph\">{\"@context\":\"https:\\\/\\\/schema.org\",\"@graph\":[{\"@type\":[\"WebPage\",\"ItemPage\"],\"@id\":\"https:\\\/\\\/www.purejewels.com\\\/product\\\/necklace-in-22ct-gold-49015\\\/\",\"url\":\"https:\\\/\\\/www.purejewels.com\\\/product\\\/necklace-in-22ct-gold-49015\\\/\",\"name\":\"Luxury Gold Necklace | 22ct Gold Jeweller | 18.5 Inches\",\"isPartOf\":{\"@id\":\"https:\\\/\\\/www.purejewels.com\\\/#website\"},\"primaryImageOfPage\":{\"@id\":\"https:\\\/\\\/www.purejewels.com\\\/product\\\/necklace-in-22ct-gold-49015\\\/#primaryimage\"},\"image\":{\"@id\":\"https:\\\/\\\/www.purejewels.com\\\/product\\\/necklace-in-22ct-gold-49015\\\/#primaryimage\"},\"thumbnailUrl\":\"https:\\\/\\\/static.purejewels.com\\\/wp-content\\\/uploads\\\/2024\\\/08\\\/49015-1.jpg\",\"datePublished\":\"2024-08-26T09:42:08+00:00\",\"dateModified\":\"2026-02-10T09:06:55+00:00\",\"description\":\"Discover the epitome of luxury in our 22 karat gold necklace, a must-have for any discerning woman. Visit our store PureJewels today.\",\"breadcrumb\":{\"@id\":\"https:\\\/\\\/www.purejewels.com\\\/product\\\/necklace-in-22ct-gold-49015\\\/#breadcrumb\"},\"inLanguage\":\"de\",\"potentialAction\":[{\"@type\":\"ReadAction\",\"target\":[\"https:\\\/\\\/www.purejewels.com\\\/product\\\/necklace-in-22ct-gold-49015\\\/\"]}]},{\"@type\":\"ImageObject\",\"inLanguage\":\"de\",\"@id\":\"https:\\\/\\\/www.purejewels.com\\\/product\\\/necklace-in-22ct-gold-49015\\\/#primaryimage\",\"url\":\"https:\\\/\\\/static.purejewels.com\\\/wp-content\\\/uploads\\\/2024\\\/08\\\/49015-1.jpg\",\"contentUrl\":\"https:\\\/\\\/static.purejewels.com\\\/wp-content\\\/uploads\\\/2024\\\/08\\\/49015-1.jpg\",\"width\":1000,\"height\":1000,\"caption\":\"22ct Gold Necklace\"},{\"@type\":\"BreadcrumbList\",\"@id\":\"https:\\\/\\\/www.purejewels.com\\\/product\\\/necklace-in-22ct-gold-49015\\\/#breadcrumb\",\"itemListElement\":[{\"@type\":\"ListItem\",\"position\":1,\"name\":\"Home\",\"item\":\"https:\\\/\\\/www.purejewels.com\\\/\"},{\"@type\":\"ListItem\",\"position\":2,\"name\":\"Shop\",\"item\":\"https:\\\/\\\/www.purejewels.com\\\/shop\\\/\"},{\"@type\":\"ListItem\",\"position\":3,\"name\":\"Necklace in 22ct Sunrise Gold | 18.5 Inches\"}]},{\"@type\":\"WebSite\",\"@id\":\"https:\\\/\\\/www.purejewels.com\\\/#website\",\"url\":\"https:\\\/\\\/www.purejewels.com\\\/\",\"name\":\"PureJewels UK\",\"description\":\"Share the Love\",\"publisher\":{\"@id\":\"https:\\\/\\\/www.purejewels.com\\\/#organization\"},\"potentialAction\":[{\"@type\":\"SearchAction\",\"target\":{\"@type\":\"EntryPoint\",\"urlTemplate\":\"https:\\\/\\\/www.purejewels.com\\\/?s={search_term_string}\"},\"query-input\":{\"@type\":\"PropertyValueSpecification\",\"valueRequired\":true,\"valueName\":\"search_term_string\"}}],\"inLanguage\":\"de\"},{\"@type\":\"Organization\",\"@id\":\"https:\\\/\\\/www.purejewels.com\\\/#organization\",\"name\":\"PureJewels UK\",\"url\":\"https:\\\/\\\/www.purejewels.com\\\/\",\"logo\":{\"@type\":\"ImageObject\",\"inLanguage\":\"de\",\"@id\":\"https:\\\/\\\/www.purejewels.com\\\/#\\\/schema\\\/logo\\\/image\\\/\",\"url\":\"https:\\\/\\\/static.purejewels.com\\\/wp-content\\\/uploads\\\/2020\\\/11\\\/Logo-PJ-New-1.png\",\"contentUrl\":\"https:\\\/\\\/static.purejewels.com\\\/wp-content\\\/uploads\\\/2020\\\/11\\\/Logo-PJ-New-1.png\",\"width\":150,\"height\":80,\"caption\":\"PureJewels UK\"},\"image\":{\"@id\":\"https:\\\/\\\/www.purejewels.com\\\/#\\\/schema\\\/logo\\\/image\\\/\"}}]}<\/script>\n<!-- \/ Yoast SEO plugin. -->","yoast_head_json":{"title":"Luxus Gold Halskette | 22ct Gold Juwelier | 18,5 Zoll","description":"Entdecken Sie den Inbegriff von Luxus in unserer 22-kar\u00e4tigen Goldkette, ein Must-Have f\u00fcr jede anspruchsvolle Frau. Besuchen Sie noch heute unseren Shop PureJewels.","robots":{"index":"index","follow":"follow","max-snippet":"max-snippet:-1","max-image-preview":"max-image-preview:large","max-video-preview":"max-video-preview:-1"},"canonical":"https:\/\/www.purejewels.com\/de\/produkt-2\/halskette-aus-22-karat-gold-49015\/","og_locale":"de_DE","og_type":"article","og_title":"Luxury Gold Necklace | 22ct Gold Jeweller | 18.5 Inches","og_description":"Discover the epitome of luxury in our 22 karat gold necklace, a must-have for any discerning woman. Visit our store PureJewels today.","og_url":"https:\/\/www.purejewels.com\/de\/produkt-2\/halskette-aus-22-karat-gold-49015\/","og_site_name":"PureJewels UK","article_modified_time":"2026-02-10T09:06:55+00:00","og_image":[{"width":1000,"height":1000,"url":"https:\/\/static.purejewels.com\/wp-content\/uploads\/2024\/08\/49015-1.jpg","type":"image\/jpeg"}],"twitter_card":"summary_large_image","twitter_misc":{"Gesch\u00e4tzte Lesezeit":"1\u00a0Minute"},"schema":{"@context":"https:\/\/schema.org","@graph":[{"@type":["WebPage","ItemPage"],"@id":"https:\/\/www.purejewels.com\/product\/necklace-in-22ct-gold-49015\/","url":"https:\/\/www.purejewels.com\/product\/necklace-in-22ct-gold-49015\/","name":"Luxus Gold Halskette | 22ct Gold Juwelier | 18,5 Zoll","isPartOf":{"@id":"https:\/\/www.purejewels.com\/#website"},"primaryImageOfPage":{"@id":"https:\/\/www.purejewels.com\/product\/necklace-in-22ct-gold-49015\/#primaryimage"},"image":{"@id":"https:\/\/www.purejewels.com\/product\/necklace-in-22ct-gold-49015\/#primaryimage"},"thumbnailUrl":"https:\/\/static.purejewels.com\/wp-content\/uploads\/2024\/08\/49015-1.jpg","datePublished":"2024-08-26T09:42:08+00:00","dateModified":"2026-02-10T09:06:55+00:00","description":"Entdecken Sie den Inbegriff von Luxus in unserer 22-kar\u00e4tigen Goldkette, ein Must-Have f\u00fcr jede anspruchsvolle Frau. Besuchen Sie noch heute unseren Shop PureJewels.","breadcrumb":{"@id":"https:\/\/www.purejewels.com\/product\/necklace-in-22ct-gold-49015\/#breadcrumb"},"inLanguage":"de","potentialAction":[{"@type":"ReadAction","target":["https:\/\/www.purejewels.com\/product\/necklace-in-22ct-gold-49015\/"]}]},{"@type":"ImageObject","inLanguage":"de","@id":"https:\/\/www.purejewels.com\/product\/necklace-in-22ct-gold-49015\/#primaryimage","url":"https:\/\/static.purejewels.com\/wp-content\/uploads\/2024\/08\/49015-1.jpg","contentUrl":"https:\/\/static.purejewels.com\/wp-content\/uploads\/2024\/08\/49015-1.jpg","width":1000,"height":1000,"caption":"22ct Gold Necklace"},{"@type":"BreadcrumbList","@id":"https:\/\/www.purejewels.com\/product\/necklace-in-22ct-gold-49015\/#breadcrumb","itemListElement":[{"@type":"ListItem","position":1,"name":"Home","item":"https:\/\/www.purejewels.com\/"},{"@type":"ListItem","position":2,"name":"Shop","item":"https:\/\/www.purejewels.com\/shop\/"},{"@type":"ListItem","position":3,"name":"Necklace in 22ct Sunrise Gold | 18.5 Inches"}]},{"@type":"WebSite","@id":"https:\/\/www.purejewels.com\/#website","url":"https:\/\/www.purejewels.com\/","name":"PureJewels UK","description":"Teile die Liebe","publisher":{"@id":"https:\/\/www.purejewels.com\/#organization"},"potentialAction":[{"@type":"SearchAction","target":{"@type":"EntryPoint","urlTemplate":"https:\/\/www.purejewels.com\/?s={search_term_string}"},"query-input":{"@type":"PropertyValueSpecification","valueRequired":true,"valueName":"search_term_string"}}],"inLanguage":"de"},{"@type":"Organization","@id":"https:\/\/www.purejewels.com\/#organization","name":"PureJewels UK","url":"https:\/\/www.purejewels.com\/","logo":{"@type":"ImageObject","inLanguage":"de","@id":"https:\/\/www.purejewels.com\/#\/schema\/logo\/image\/","url":"https:\/\/static.purejewels.com\/wp-content\/uploads\/2020\/11\/Logo-PJ-New-1.png","contentUrl":"https:\/\/static.purejewels.com\/wp-content\/uploads\/2020\/11\/Logo-PJ-New-1.png","width":150,"height":80,"caption":"PureJewels UK"},"image":{"@id":"https:\/\/www.purejewels.com\/#\/schema\/logo\/image\/"}}]}},"_links":{"self":[{"href":"https:\/\/www.purejewels.com\/de\/wp-json\/wp\/v2\/product\/370326","targetHints":{"allow":["GET"]}}],"collection":[{"href":"https:\/\/www.purejewels.com\/de\/wp-json\/wp\/v2\/product"}],"about":[{"href":"https:\/\/www.purejewels.com\/de\/wp-json\/wp\/v2\/types\/product"}],"replies":[{"embeddable":true,"href":"https:\/\/www.purejewels.com\/de\/wp-json\/wp\/v2\/comments?post=370326"}],"version-history":[{"count":4,"href":"https:\/\/www.purejewels.com\/de\/wp-json\/wp\/v2\/product\/370326\/revisions"}],"predecessor-version":[{"id":370368,"href":"https:\/\/www.purejewels.com\/de\/wp-json\/wp\/v2\/product\/370326\/revisions\/370368"}],"wp:featuredmedia":[{"embeddable":true,"href":"https:\/\/www.purejewels.com\/de\/wp-json\/wp\/v2\/media\/370366"}],"wp:attachment":[{"href":"https:\/\/www.purejewels.com\/de\/wp-json\/wp\/v2\/media?parent=370326"}],"wp:term":[{"taxonomy":"product_brand","embeddable":true,"href":"https:\/\/www.purejewels.com\/de\/wp-json\/wp\/v2\/product_brand?post=370326"},{"taxonomy":"product_cat","embeddable":true,"href":"https:\/\/www.purejewels.com\/de\/wp-json\/wp\/v2\/product_cat?post=370326"},{"taxonomy":"product_tag","embeddable":true,"href":"https:\/\/www.purejewels.com\/de\/wp-json\/wp\/v2\/product_tag?post=370326"}],"curies":[{"name":"wp","href":"https:\/\/api.w.org\/{rel}","templated":true}]}}