{"id":370412,"date":"2024-12-09T07:39:04","date_gmt":"2024-12-09T07:39:04","guid":{"rendered":"https:\/\/www.purejewels.com\/?post_type=product&#038;p=370412"},"modified":"2026-02-04T10:25:33","modified_gmt":"2026-02-04T10:25:33","slug":"22-karat-gelbgold-blumen-ohrstecker-46445","status":"publish","type":"product","link":"https:\/\/www.purejewels.com\/de\/product\/22ct-yellow-gold-flower-earring-studs-46445\/","title":{"rendered":"22ct Gelbgold Blume Ohrstecker | 13.5mm"},"content":{"rendered":"<p data-start=\"0\" data-end=\"398\"><strong data-start=\"0\" data-end=\"10\">Gestaltung<\/strong><br data-start=\"10\" data-end=\"13\" \/>Diese Blumen-Ohrstecker aus 22-kar\u00e4tigem Gelbgold sind als sanft geschichtete Bl\u00fcten geformt und verleihen einen femininen, polierten Look, der eher raffiniert als umst\u00e4ndlich wirkt. Mit 13,5 mm sind sie sch\u00f6n proportioniert und sitzen gut am Ohrl\u00e4ppchen. Sie sind gro\u00df genug, um ein Statement zu setzen, und dennoch leicht im Alltag zu tragen. Die bl\u00fctenf\u00f6rmige Verzierung verleiht ihnen eine sanfte Tiefe und Textur, die bei jeder Bewegung das Licht einf\u00e4ngt.<\/p>\n<p data-start=\"400\" data-end=\"806\"><strong data-start=\"400\" data-end=\"417\">Handwerkliches K\u00f6nnen<\/strong><br data-start=\"417\" data-end=\"420\" \/>Jeder Ohrring ist aus hochreinem 22-kar\u00e4tigem Gelbgold gefertigt und fein verarbeitet, um die Kurven des floralen Designs hervorzuheben und ein glattes, angenehmes Gef\u00fchl auf der Haut zu gew\u00e4hrleisten. Die Ohrstecker sind f\u00fcr einen sicheren und zuverl\u00e4ssigen Halt konzipiert, damit Sie sie von morgens bis abends tragen k\u00f6nnen. Sie sind im Vereinigten K\u00f6nigreich mit einem Reinheitszertifikat versehen und werden jahrelang getragen.<\/p>\n<p data-start=\"808\" data-end=\"1212\" data-is-last-node=\"\" data-is-only-node=\"\"><strong data-start=\"808\" data-end=\"825\">Styling-Ideen<\/strong><br data-start=\"825\" data-end=\"828\" \/>Tragen Sie diese Blumennieten zu allem, vom wei\u00dfen Hemd bis zum Seidensar\u00e9, um Ihrem Look ein sanftes, goldenes Highlight zu verleihen. Sie lassen sich m\u00fchelos mit schmalen 22-Karat-Armreifen oder einer zarten Goldkette kombinieren, wenn Sie ein abgestimmtes Finish w\u00fcnschen. Sie eignen sich perfekt f\u00fcr Hochzeiten, festliche Anl\u00e4sse und den Alltag und sind auch ein sch\u00f6nes Geschenk f\u00fcr Geburtstage oder besondere Anl\u00e4sse.<\/p>","protected":false},"excerpt":{"rendered":"<ul>\n<li>22ct Gold Ohrringstecker f\u00fcr Damen<\/li>\n<li>Wt. 6.2 gms<\/li>\n<li>SKU.49796, 49797, 49798<\/li>\n<li>Alle Preise inklusive Mehrwertsteuer<\/li>\n<li>Alle unsere Produkte sind vom London Assay Office gestempelt.<\/li>\n<li>Mit Pr\u00e4sentationsbox<\/li>\n<li>Lieferung inbegriffen<\/li>\n<li>Kontaktieren Sie uns \/ chatten Sie mit uns f\u00fcr ein Live-Video des Produkts<\/li>\n<\/ul>","protected":false},"featured_media":370797,"comment_status":"closed","ping_status":"closed","template":"","meta":{"_eb_attr":"","_crsspst_to_jayantr4sg-hostcom":false},"product_brand":[],"product_cat":[1791,1793,1792,1790,1254,1229,6146,5274,1577,1573],"product_tag":[],"class_list":{"0":"post-370412","1":"product","2":"type-product","3":"status-publish","4":"has-post-thumbnail","6":"product_cat-anniversary-gifts","7":"product_cat-diwali-gifts","8":"product_cat-festival-gifts","9":"product_cat-for-whom-when","10":"product_cat-gold-earrings","11":"product_cat-22ct-gold-jewellery","12":"product_cat-rosette-stud","13":"product_cat-rosettes-earring","14":"product_cat-stud-earrings","15":"product_cat-wedding-gifts","17":"first","18":"instock","19":"taxable","20":"shipping-taxable","21":"purchasable","22":"product-type-simple","23":"add-to-wishlist-before_image"},"yoast_head":"<!-- This site is optimized with the Yoast SEO plugin v27.6 - https:\/\/yoast.com\/product\/yoast-seo-wordpress\/ -->\n<title>22ct Yellow Gold Flower Earring Studs | 14mm Elegant Jewellery<\/title>\n<meta name=\"description\" content=\"Add a touch of elegance with 22ct Yellow Gold Flower Earring Studs. These 14mm delicate floral earrings are perfect for any occasion. Shop online!\" \/>\n<meta name=\"robots\" content=\"index, follow, max-snippet:-1, max-image-preview:large, max-video-preview:-1\" \/>\n<link rel=\"canonical\" href=\"https:\/\/www.purejewels.com\/de\/produkt-2\/22-karat-gelbgold-blumen-ohrstecker-46445\/\" \/>\n<meta property=\"og:locale\" content=\"de_DE\" \/>\n<meta property=\"og:type\" content=\"article\" \/>\n<meta property=\"og:title\" content=\"22ct Yellow Gold Flower Earring Studs | 14mm Elegant Jewellery\" \/>\n<meta property=\"og:description\" content=\"Add a touch of elegance with 22ct Yellow Gold Flower Earring Studs. These 14mm delicate floral earrings are perfect for any occasion. Shop online!\" \/>\n<meta property=\"og:url\" content=\"https:\/\/www.purejewels.com\/de\/produkt-2\/22-karat-gelbgold-blumen-ohrstecker-46445\/\" \/>\n<meta property=\"og:site_name\" content=\"PureJewels UK\" \/>\n<meta property=\"article:modified_time\" content=\"2026-02-04T10:25:33+00:00\" \/>\n<meta property=\"og:image\" content=\"https:\/\/static.purejewels.com\/wp-content\/uploads\/2024\/07\/46442.png\" \/>\n\t<meta property=\"og:image:width\" content=\"1000\" \/>\n\t<meta property=\"og:image:height\" content=\"1000\" \/>\n\t<meta property=\"og:image:type\" content=\"image\/png\" \/>\n<meta name=\"twitter:card\" content=\"summary_large_image\" \/>\n<meta name=\"twitter:label1\" content=\"Gesch\u00e4tzte Lesezeit\" \/>\n\t<meta name=\"twitter:data1\" content=\"2\u00a0Minuten\" \/>\n<script type=\"application\/ld+json\" class=\"yoast-schema-graph\">{\"@context\":\"https:\\\/\\\/schema.org\",\"@graph\":[{\"@type\":[\"WebPage\",\"ItemPage\"],\"@id\":\"https:\\\/\\\/www.purejewels.com\\\/product\\\/22ct-yellow-gold-flower-earring-studs-46445\\\/\",\"url\":\"https:\\\/\\\/www.purejewels.com\\\/product\\\/22ct-yellow-gold-flower-earring-studs-46445\\\/\",\"name\":\"22ct Yellow Gold Flower Earring Studs | 14mm Elegant Jewellery\",\"isPartOf\":{\"@id\":\"https:\\\/\\\/www.purejewels.com\\\/#website\"},\"primaryImageOfPage\":{\"@id\":\"https:\\\/\\\/www.purejewels.com\\\/product\\\/22ct-yellow-gold-flower-earring-studs-46445\\\/#primaryimage\"},\"image\":{\"@id\":\"https:\\\/\\\/www.purejewels.com\\\/product\\\/22ct-yellow-gold-flower-earring-studs-46445\\\/#primaryimage\"},\"thumbnailUrl\":\"https:\\\/\\\/static.purejewels.com\\\/wp-content\\\/uploads\\\/2024\\\/07\\\/46442.png\",\"datePublished\":\"2024-12-09T07:39:04+00:00\",\"dateModified\":\"2026-02-04T10:25:33+00:00\",\"description\":\"Add a touch of elegance with 22ct Yellow Gold Flower Earring Studs. These 14mm delicate floral earrings are perfect for any occasion. Shop online!\",\"breadcrumb\":{\"@id\":\"https:\\\/\\\/www.purejewels.com\\\/product\\\/22ct-yellow-gold-flower-earring-studs-46445\\\/#breadcrumb\"},\"inLanguage\":\"de\",\"potentialAction\":[{\"@type\":\"ReadAction\",\"target\":[\"https:\\\/\\\/www.purejewels.com\\\/product\\\/22ct-yellow-gold-flower-earring-studs-46445\\\/\"]}]},{\"@type\":\"ImageObject\",\"inLanguage\":\"de\",\"@id\":\"https:\\\/\\\/www.purejewels.com\\\/product\\\/22ct-yellow-gold-flower-earring-studs-46445\\\/#primaryimage\",\"url\":\"https:\\\/\\\/static.purejewels.com\\\/wp-content\\\/uploads\\\/2024\\\/07\\\/46442.png\",\"contentUrl\":\"https:\\\/\\\/static.purejewels.com\\\/wp-content\\\/uploads\\\/2024\\\/07\\\/46442.png\",\"width\":1000,\"height\":1000,\"caption\":\"22ct Gold Stud\"},{\"@type\":\"BreadcrumbList\",\"@id\":\"https:\\\/\\\/www.purejewels.com\\\/product\\\/22ct-yellow-gold-flower-earring-studs-46445\\\/#breadcrumb\",\"itemListElement\":[{\"@type\":\"ListItem\",\"position\":1,\"name\":\"Home\",\"item\":\"https:\\\/\\\/www.purejewels.com\\\/\"},{\"@type\":\"ListItem\",\"position\":2,\"name\":\"Shop\",\"item\":\"https:\\\/\\\/www.purejewels.com\\\/shop\\\/\"},{\"@type\":\"ListItem\",\"position\":3,\"name\":\"22ct Yellow Gold Flower Earring Studs | 13.5mm\"}]},{\"@type\":\"WebSite\",\"@id\":\"https:\\\/\\\/www.purejewels.com\\\/#website\",\"url\":\"https:\\\/\\\/www.purejewels.com\\\/\",\"name\":\"PureJewels UK\",\"description\":\"Share the Love\",\"publisher\":{\"@id\":\"https:\\\/\\\/www.purejewels.com\\\/#organization\"},\"potentialAction\":[{\"@type\":\"SearchAction\",\"target\":{\"@type\":\"EntryPoint\",\"urlTemplate\":\"https:\\\/\\\/www.purejewels.com\\\/?s={search_term_string}\"},\"query-input\":{\"@type\":\"PropertyValueSpecification\",\"valueRequired\":true,\"valueName\":\"search_term_string\"}}],\"inLanguage\":\"de\"},{\"@type\":\"Organization\",\"@id\":\"https:\\\/\\\/www.purejewels.com\\\/#organization\",\"name\":\"PureJewels UK\",\"url\":\"https:\\\/\\\/www.purejewels.com\\\/\",\"logo\":{\"@type\":\"ImageObject\",\"inLanguage\":\"de\",\"@id\":\"https:\\\/\\\/www.purejewels.com\\\/#\\\/schema\\\/logo\\\/image\\\/\",\"url\":\"https:\\\/\\\/static.purejewels.com\\\/wp-content\\\/uploads\\\/2020\\\/11\\\/Logo-PJ-New-1.png\",\"contentUrl\":\"https:\\\/\\\/static.purejewels.com\\\/wp-content\\\/uploads\\\/2020\\\/11\\\/Logo-PJ-New-1.png\",\"width\":150,\"height\":80,\"caption\":\"PureJewels UK\"},\"image\":{\"@id\":\"https:\\\/\\\/www.purejewels.com\\\/#\\\/schema\\\/logo\\\/image\\\/\"}}]}<\/script>\n<!-- \/ Yoast SEO plugin. -->","yoast_head_json":{"title":"22ct Gelbgold Blume Ohrstecker | 14mm Elegant Schmuck","description":"Verleihen Sie Ihrem Outfit einen Hauch von Eleganz mit den Blumenohrsteckern aus 22 Karat Gelbgold. Diese 14 mm gro\u00dfen, zarten Blumenohrringe sind perfekt f\u00fcr jede Gelegenheit. Online einkaufen!","robots":{"index":"index","follow":"follow","max-snippet":"max-snippet:-1","max-image-preview":"max-image-preview:large","max-video-preview":"max-video-preview:-1"},"canonical":"https:\/\/www.purejewels.com\/de\/produkt-2\/22-karat-gelbgold-blumen-ohrstecker-46445\/","og_locale":"de_DE","og_type":"article","og_title":"22ct Yellow Gold Flower Earring Studs | 14mm Elegant Jewellery","og_description":"Add a touch of elegance with 22ct Yellow Gold Flower Earring Studs. These 14mm delicate floral earrings are perfect for any occasion. Shop online!","og_url":"https:\/\/www.purejewels.com\/de\/produkt-2\/22-karat-gelbgold-blumen-ohrstecker-46445\/","og_site_name":"PureJewels UK","article_modified_time":"2026-02-04T10:25:33+00:00","og_image":[{"width":1000,"height":1000,"url":"https:\/\/static.purejewels.com\/wp-content\/uploads\/2024\/07\/46442.png","type":"image\/png"}],"twitter_card":"summary_large_image","twitter_misc":{"Gesch\u00e4tzte Lesezeit":"2\u00a0Minuten"},"schema":{"@context":"https:\/\/schema.org","@graph":[{"@type":["WebPage","ItemPage"],"@id":"https:\/\/www.purejewels.com\/product\/22ct-yellow-gold-flower-earring-studs-46445\/","url":"https:\/\/www.purejewels.com\/product\/22ct-yellow-gold-flower-earring-studs-46445\/","name":"22ct Gelbgold Blume Ohrstecker | 14mm Elegant Schmuck","isPartOf":{"@id":"https:\/\/www.purejewels.com\/#website"},"primaryImageOfPage":{"@id":"https:\/\/www.purejewels.com\/product\/22ct-yellow-gold-flower-earring-studs-46445\/#primaryimage"},"image":{"@id":"https:\/\/www.purejewels.com\/product\/22ct-yellow-gold-flower-earring-studs-46445\/#primaryimage"},"thumbnailUrl":"https:\/\/static.purejewels.com\/wp-content\/uploads\/2024\/07\/46442.png","datePublished":"2024-12-09T07:39:04+00:00","dateModified":"2026-02-04T10:25:33+00:00","description":"Verleihen Sie Ihrem Outfit einen Hauch von Eleganz mit den Blumenohrsteckern aus 22 Karat Gelbgold. Diese 14 mm gro\u00dfen, zarten Blumenohrringe sind perfekt f\u00fcr jede Gelegenheit. Online einkaufen!","breadcrumb":{"@id":"https:\/\/www.purejewels.com\/product\/22ct-yellow-gold-flower-earring-studs-46445\/#breadcrumb"},"inLanguage":"de","potentialAction":[{"@type":"ReadAction","target":["https:\/\/www.purejewels.com\/product\/22ct-yellow-gold-flower-earring-studs-46445\/"]}]},{"@type":"ImageObject","inLanguage":"de","@id":"https:\/\/www.purejewels.com\/product\/22ct-yellow-gold-flower-earring-studs-46445\/#primaryimage","url":"https:\/\/static.purejewels.com\/wp-content\/uploads\/2024\/07\/46442.png","contentUrl":"https:\/\/static.purejewels.com\/wp-content\/uploads\/2024\/07\/46442.png","width":1000,"height":1000,"caption":"22ct Gold Stud"},{"@type":"BreadcrumbList","@id":"https:\/\/www.purejewels.com\/product\/22ct-yellow-gold-flower-earring-studs-46445\/#breadcrumb","itemListElement":[{"@type":"ListItem","position":1,"name":"Home","item":"https:\/\/www.purejewels.com\/"},{"@type":"ListItem","position":2,"name":"Shop","item":"https:\/\/www.purejewels.com\/shop\/"},{"@type":"ListItem","position":3,"name":"22ct Yellow Gold Flower Earring Studs | 13.5mm"}]},{"@type":"WebSite","@id":"https:\/\/www.purejewels.com\/#website","url":"https:\/\/www.purejewels.com\/","name":"PureJewels UK","description":"Teile die Liebe","publisher":{"@id":"https:\/\/www.purejewels.com\/#organization"},"potentialAction":[{"@type":"SearchAction","target":{"@type":"EntryPoint","urlTemplate":"https:\/\/www.purejewels.com\/?s={search_term_string}"},"query-input":{"@type":"PropertyValueSpecification","valueRequired":true,"valueName":"search_term_string"}}],"inLanguage":"de"},{"@type":"Organization","@id":"https:\/\/www.purejewels.com\/#organization","name":"PureJewels UK","url":"https:\/\/www.purejewels.com\/","logo":{"@type":"ImageObject","inLanguage":"de","@id":"https:\/\/www.purejewels.com\/#\/schema\/logo\/image\/","url":"https:\/\/static.purejewels.com\/wp-content\/uploads\/2020\/11\/Logo-PJ-New-1.png","contentUrl":"https:\/\/static.purejewels.com\/wp-content\/uploads\/2020\/11\/Logo-PJ-New-1.png","width":150,"height":80,"caption":"PureJewels UK"},"image":{"@id":"https:\/\/www.purejewels.com\/#\/schema\/logo\/image\/"}}]}},"_links":{"self":[{"href":"https:\/\/www.purejewels.com\/de\/wp-json\/wp\/v2\/product\/370412","targetHints":{"allow":["GET"]}}],"collection":[{"href":"https:\/\/www.purejewels.com\/de\/wp-json\/wp\/v2\/product"}],"about":[{"href":"https:\/\/www.purejewels.com\/de\/wp-json\/wp\/v2\/types\/product"}],"replies":[{"embeddable":true,"href":"https:\/\/www.purejewels.com\/de\/wp-json\/wp\/v2\/comments?post=370412"}],"version-history":[{"count":3,"href":"https:\/\/www.purejewels.com\/de\/wp-json\/wp\/v2\/product\/370412\/revisions"}],"predecessor-version":[{"id":420982,"href":"https:\/\/www.purejewels.com\/de\/wp-json\/wp\/v2\/product\/370412\/revisions\/420982"}],"wp:featuredmedia":[{"embeddable":true,"href":"https:\/\/www.purejewels.com\/de\/wp-json\/wp\/v2\/media\/370797"}],"wp:attachment":[{"href":"https:\/\/www.purejewels.com\/de\/wp-json\/wp\/v2\/media?parent=370412"}],"wp:term":[{"taxonomy":"product_brand","embeddable":true,"href":"https:\/\/www.purejewels.com\/de\/wp-json\/wp\/v2\/product_brand?post=370412"},{"taxonomy":"product_cat","embeddable":true,"href":"https:\/\/www.purejewels.com\/de\/wp-json\/wp\/v2\/product_cat?post=370412"},{"taxonomy":"product_tag","embeddable":true,"href":"https:\/\/www.purejewels.com\/de\/wp-json\/wp\/v2\/product_tag?post=370412"}],"curies":[{"name":"wp","href":"https:\/\/api.w.org\/{rel}","templated":true}]}}