{"id":370415,"date":"2024-08-27T08:36:33","date_gmt":"2024-08-27T07:36:33","guid":{"rendered":"https:\/\/www.purejewels.com\/?post_type=product&#038;p=370415"},"modified":"2026-02-03T10:48:51","modified_gmt":"2026-02-03T10:48:51","slug":"22ct-sunrise-gold-initial-d-anhanger-48617","status":"publish","type":"product","link":"https:\/\/www.purejewels.com\/de\/product\/22ct-sunrise-gold-initial-d-pendant-48617\/","title":{"rendered":"Initial D Anh\u00e4nger | Vinyasa Kollektion"},"content":{"rendered":"<p>&nbsp;<\/p>\n<p>Einf\u00fchrung in die <a href=\"https:\/\/www.purejewels.com\/de\/product\/22ct-gold-jali-filigree-ring-jali-collection-31926\/\">22ct<\/a> Sonnenaufgang Gold 'D' <a href=\"https:\/\/www.purejewels.com\/de\/product\/22ct-gold-initial-f-pendant-with-cz-0-6-inches-unisex-42281\/\">Initial-Anh\u00e4nger<\/a> aus der Vinyasa-Kollektion, eine perfekte Mischung aus Personalisierung und Luxus. Dieser mit Pr\u00e4zision aus 22-kar\u00e4tigem Gold gefertigte Anh\u00e4nger verf\u00fcgt \u00fcber eine wundersch\u00f6n gestaltete \"D\"-Initiale, die einen warmen, strahlenden Glanz ausstrahlt, der an einen goldenen Sonnenaufgang erinnert.<\/p>\n<p>Sein elegantes Design macht ihn zu einem vielseitigen Accessoire, das sowohl allein als auch in Kombination mit anderen Halsketten getragen werden kann. Der Anh\u00e4nger mit der Initiale \"D\" aus der Vinyasa-Kollektion ist ein zeitloses Schmuckst\u00fcck, das sowohl Raffinesse als auch Individualit\u00e4t verk\u00f6rpert und eignet sich ideal, um Ihrer Schmucksammlung eine pers\u00f6nliche Note zu verleihen oder als aufmerksames Geschenk.<\/p>","protected":false},"excerpt":{"rendered":"<div class=\"woocommerce-product-details__short-description\">\n<div class=\"woocommerce-product-details__short-description\">\n<table class=\"sh_desc\">\n<tbody>\n<tr>\n<td>Typ des Anh\u00e4ngers<\/td>\n<td>Fancy Initial-Anh\u00e4nger<\/td>\n<\/tr>\n<tr>\n<td>SKU<\/td>\n<td>48617<\/td>\n<\/tr>\n<tr>\n<td>Gewicht<\/td>\n<td>1.2 Gms<\/td>\n<\/tr>\n<tr>\n<td>Metall<\/td>\n<td>22ct Sonnenaufgang Gold<\/td>\n<\/tr>\n<tr>\n<td>Entgelte<\/td>\n<td>Lieferung und Mehrwertsteuer inbegriffen<\/td>\n<\/tr>\n<tr>\n<td>Verpackung<\/td>\n<td>Mit Pr\u00e4sentationsbox<\/td>\n<\/tr>\n<tr>\n<td>Mehr Informationen<\/td>\n<td>\n<ul>\n<li>Kette ist nicht enthalten<\/li>\n<li>Siehe unser<strong>\u00a0Gold-Ketten<\/strong>\u00a0Sammlung<\/li>\n<li>Live-Chat mit uns f\u00fcr Verf\u00fcgbarkeit und mehr Bilder<\/li>\n<\/ul>\n<\/td>\n<\/tr>\n<\/tbody>\n<\/table>\n<\/div>\n<div class=\"btn-atc atc-slide\"><\/div>\n<div class=\"product_meta\"><\/div>\n<\/div>","protected":false},"featured_media":380556,"comment_status":"closed","ping_status":"closed","template":"","meta":{"_eb_attr":"","_crsspst_to_jayantr4sg-hostcom":false},"product_brand":[],"product_cat":[1794,1770,1229,1255,6122,5598,1767,5906,6051,6120,1569,1480],"product_tag":[],"class_list":{"0":"post-370415","1":"product","2":"type-product","3":"status-publish","4":"has-post-thumbnail","6":"product_cat-christmas-gifts","7":"product_cat-fancy-pendants","8":"product_cat-22ct-gold-jewellery","9":"product_cat-gold-pendants","10":"product_cat-initial","11":"product_cat-initial-pendant","12":"product_cat-ladies-pendants","13":"product_cat-personalised-jewellery","14":"product_cat-personalised-pendant","15":"product_cat-shop-by-style","16":"product_cat-valentine-day-gifts","17":"product_cat-vinyasa-collections","19":"first","20":"instock","21":"taxable","22":"shipping-taxable","23":"purchasable","24":"product-type-simple","25":"add-to-wishlist-before_image"},"yoast_head":"<!-- This site is optimized with the Yoast SEO plugin v27.5 - https:\/\/yoast.com\/product\/yoast-seo-wordpress\/ -->\n<title>22ct Solid Gold Initial D Pendant | PureJewels UK<\/title>\n<meta name=\"description\" content=\"Explore the 22ct Gold &#039;D&#039; Initial Pendant. Crafted in solid 22-carat gold, this elegant pendant offers a personalised touch and timeless luxury.\" \/>\n<meta name=\"robots\" content=\"index, follow, max-snippet:-1, max-image-preview:large, max-video-preview:-1\" \/>\n<link rel=\"canonical\" href=\"https:\/\/www.purejewels.com\/de\/produkt-2\/22ct-sunrise-gold-initial-d-anhanger-48617\/\" \/>\n<meta property=\"og:locale\" content=\"de_DE\" \/>\n<meta property=\"og:type\" content=\"article\" \/>\n<meta property=\"og:title\" content=\"22ct Solid Gold Initial D Pendant | PureJewels UK\" \/>\n<meta property=\"og:description\" content=\"Explore the 22ct Gold &#039;D&#039; Initial Pendant. Crafted in solid 22-carat gold, this elegant pendant offers a personalised touch and timeless luxury.\" \/>\n<meta property=\"og:url\" content=\"https:\/\/www.purejewels.com\/de\/produkt-2\/22ct-sunrise-gold-initial-d-anhanger-48617\/\" \/>\n<meta property=\"og:site_name\" content=\"PureJewels UK\" \/>\n<meta property=\"article:modified_time\" content=\"2026-02-03T10:48:51+00:00\" \/>\n<meta property=\"og:image\" content=\"https:\/\/static.purejewels.com\/wp-content\/uploads\/2024\/08\/18617_1.png\" \/>\n\t<meta property=\"og:image:width\" content=\"1000\" \/>\n\t<meta property=\"og:image:height\" content=\"1000\" \/>\n\t<meta property=\"og:image:type\" content=\"image\/png\" \/>\n<meta name=\"twitter:card\" content=\"summary_large_image\" \/>\n<meta name=\"twitter:label1\" content=\"Gesch\u00e4tzte Lesezeit\" \/>\n\t<meta name=\"twitter:data1\" content=\"1\u00a0Minute\" \/>\n<script type=\"application\/ld+json\" class=\"yoast-schema-graph\">{\"@context\":\"https:\\\/\\\/schema.org\",\"@graph\":[{\"@type\":[\"WebPage\",\"ItemPage\"],\"@id\":\"https:\\\/\\\/www.purejewels.com\\\/product\\\/22ct-sunrise-gold-initial-d-pendant-48617\\\/\",\"url\":\"https:\\\/\\\/www.purejewels.com\\\/product\\\/22ct-sunrise-gold-initial-d-pendant-48617\\\/\",\"name\":\"22ct Solid Gold Initial D Pendant | PureJewels UK\",\"isPartOf\":{\"@id\":\"https:\\\/\\\/www.purejewels.com\\\/#website\"},\"primaryImageOfPage\":{\"@id\":\"https:\\\/\\\/www.purejewels.com\\\/product\\\/22ct-sunrise-gold-initial-d-pendant-48617\\\/#primaryimage\"},\"image\":{\"@id\":\"https:\\\/\\\/www.purejewels.com\\\/product\\\/22ct-sunrise-gold-initial-d-pendant-48617\\\/#primaryimage\"},\"thumbnailUrl\":\"https:\\\/\\\/static.purejewels.com\\\/wp-content\\\/uploads\\\/2024\\\/08\\\/18617_1.png\",\"datePublished\":\"2024-08-27T07:36:33+00:00\",\"dateModified\":\"2026-02-03T10:48:51+00:00\",\"description\":\"Explore the 22ct Gold 'D' Initial Pendant. Crafted in solid 22-carat gold, this elegant pendant offers a personalised touch and timeless luxury.\",\"breadcrumb\":{\"@id\":\"https:\\\/\\\/www.purejewels.com\\\/product\\\/22ct-sunrise-gold-initial-d-pendant-48617\\\/#breadcrumb\"},\"inLanguage\":\"de\",\"potentialAction\":[{\"@type\":\"ReadAction\",\"target\":[\"https:\\\/\\\/www.purejewels.com\\\/product\\\/22ct-sunrise-gold-initial-d-pendant-48617\\\/\"]}]},{\"@type\":\"ImageObject\",\"inLanguage\":\"de\",\"@id\":\"https:\\\/\\\/www.purejewels.com\\\/product\\\/22ct-sunrise-gold-initial-d-pendant-48617\\\/#primaryimage\",\"url\":\"https:\\\/\\\/static.purejewels.com\\\/wp-content\\\/uploads\\\/2024\\\/08\\\/18617_1.png\",\"contentUrl\":\"https:\\\/\\\/static.purejewels.com\\\/wp-content\\\/uploads\\\/2024\\\/08\\\/18617_1.png\",\"width\":1000,\"height\":1000,\"caption\":\"22ct Sunrise Gold Initial D Pendant | Vinyasa Collection\"},{\"@type\":\"BreadcrumbList\",\"@id\":\"https:\\\/\\\/www.purejewels.com\\\/product\\\/22ct-sunrise-gold-initial-d-pendant-48617\\\/#breadcrumb\",\"itemListElement\":[{\"@type\":\"ListItem\",\"position\":1,\"name\":\"Home\",\"item\":\"https:\\\/\\\/www.purejewels.com\\\/\"},{\"@type\":\"ListItem\",\"position\":2,\"name\":\"Shop\",\"item\":\"https:\\\/\\\/www.purejewels.com\\\/shop\\\/\"},{\"@type\":\"ListItem\",\"position\":3,\"name\":\"Initial D Pendant | Vinyasa Collection\"}]},{\"@type\":\"WebSite\",\"@id\":\"https:\\\/\\\/www.purejewels.com\\\/#website\",\"url\":\"https:\\\/\\\/www.purejewels.com\\\/\",\"name\":\"PureJewels UK\",\"description\":\"Share the Love\",\"publisher\":{\"@id\":\"https:\\\/\\\/www.purejewels.com\\\/#organization\"},\"potentialAction\":[{\"@type\":\"SearchAction\",\"target\":{\"@type\":\"EntryPoint\",\"urlTemplate\":\"https:\\\/\\\/www.purejewels.com\\\/?s={search_term_string}\"},\"query-input\":{\"@type\":\"PropertyValueSpecification\",\"valueRequired\":true,\"valueName\":\"search_term_string\"}}],\"inLanguage\":\"de\"},{\"@type\":\"Organization\",\"@id\":\"https:\\\/\\\/www.purejewels.com\\\/#organization\",\"name\":\"PureJewels UK\",\"url\":\"https:\\\/\\\/www.purejewels.com\\\/\",\"logo\":{\"@type\":\"ImageObject\",\"inLanguage\":\"de\",\"@id\":\"https:\\\/\\\/www.purejewels.com\\\/#\\\/schema\\\/logo\\\/image\\\/\",\"url\":\"https:\\\/\\\/static.purejewels.com\\\/wp-content\\\/uploads\\\/2020\\\/11\\\/Logo-PJ-New-1.png\",\"contentUrl\":\"https:\\\/\\\/static.purejewels.com\\\/wp-content\\\/uploads\\\/2020\\\/11\\\/Logo-PJ-New-1.png\",\"width\":150,\"height\":80,\"caption\":\"PureJewels UK\"},\"image\":{\"@id\":\"https:\\\/\\\/www.purejewels.com\\\/#\\\/schema\\\/logo\\\/image\\\/\"}}]}<\/script>\n<!-- \/ Yoast SEO plugin. -->","yoast_head_json":{"title":"22ct Solid Gold Initial D Anh\u00e4nger | PureJewels UK","description":"Entdecken Sie den 22ct Gold 'D' Initial Anh\u00e4nger. Dieser elegante Anh\u00e4nger ist aus massivem 22-kar\u00e4tigem Gold gefertigt und bietet eine pers\u00f6nliche Note und zeitlosen Luxus.","robots":{"index":"index","follow":"follow","max-snippet":"max-snippet:-1","max-image-preview":"max-image-preview:large","max-video-preview":"max-video-preview:-1"},"canonical":"https:\/\/www.purejewels.com\/de\/produkt-2\/22ct-sunrise-gold-initial-d-anhanger-48617\/","og_locale":"de_DE","og_type":"article","og_title":"22ct Solid Gold Initial D Pendant | PureJewels UK","og_description":"Explore the 22ct Gold 'D' Initial Pendant. Crafted in solid 22-carat gold, this elegant pendant offers a personalised touch and timeless luxury.","og_url":"https:\/\/www.purejewels.com\/de\/produkt-2\/22ct-sunrise-gold-initial-d-anhanger-48617\/","og_site_name":"PureJewels UK","article_modified_time":"2026-02-03T10:48:51+00:00","og_image":[{"width":1000,"height":1000,"url":"https:\/\/static.purejewels.com\/wp-content\/uploads\/2024\/08\/18617_1.png","type":"image\/png"}],"twitter_card":"summary_large_image","twitter_misc":{"Gesch\u00e4tzte Lesezeit":"1\u00a0Minute"},"schema":{"@context":"https:\/\/schema.org","@graph":[{"@type":["WebPage","ItemPage"],"@id":"https:\/\/www.purejewels.com\/product\/22ct-sunrise-gold-initial-d-pendant-48617\/","url":"https:\/\/www.purejewels.com\/product\/22ct-sunrise-gold-initial-d-pendant-48617\/","name":"22ct Solid Gold Initial D Anh\u00e4nger | PureJewels UK","isPartOf":{"@id":"https:\/\/www.purejewels.com\/#website"},"primaryImageOfPage":{"@id":"https:\/\/www.purejewels.com\/product\/22ct-sunrise-gold-initial-d-pendant-48617\/#primaryimage"},"image":{"@id":"https:\/\/www.purejewels.com\/product\/22ct-sunrise-gold-initial-d-pendant-48617\/#primaryimage"},"thumbnailUrl":"https:\/\/static.purejewels.com\/wp-content\/uploads\/2024\/08\/18617_1.png","datePublished":"2024-08-27T07:36:33+00:00","dateModified":"2026-02-03T10:48:51+00:00","description":"Entdecken Sie den 22ct Gold 'D' Initial Anh\u00e4nger. Dieser elegante Anh\u00e4nger ist aus massivem 22-kar\u00e4tigem Gold gefertigt und bietet eine pers\u00f6nliche Note und zeitlosen Luxus.","breadcrumb":{"@id":"https:\/\/www.purejewels.com\/product\/22ct-sunrise-gold-initial-d-pendant-48617\/#breadcrumb"},"inLanguage":"de","potentialAction":[{"@type":"ReadAction","target":["https:\/\/www.purejewels.com\/product\/22ct-sunrise-gold-initial-d-pendant-48617\/"]}]},{"@type":"ImageObject","inLanguage":"de","@id":"https:\/\/www.purejewels.com\/product\/22ct-sunrise-gold-initial-d-pendant-48617\/#primaryimage","url":"https:\/\/static.purejewels.com\/wp-content\/uploads\/2024\/08\/18617_1.png","contentUrl":"https:\/\/static.purejewels.com\/wp-content\/uploads\/2024\/08\/18617_1.png","width":1000,"height":1000,"caption":"22ct Sunrise Gold Initial D Pendant | Vinyasa Collection"},{"@type":"BreadcrumbList","@id":"https:\/\/www.purejewels.com\/product\/22ct-sunrise-gold-initial-d-pendant-48617\/#breadcrumb","itemListElement":[{"@type":"ListItem","position":1,"name":"Home","item":"https:\/\/www.purejewels.com\/"},{"@type":"ListItem","position":2,"name":"Shop","item":"https:\/\/www.purejewels.com\/shop\/"},{"@type":"ListItem","position":3,"name":"Initial D Pendant | Vinyasa Collection"}]},{"@type":"WebSite","@id":"https:\/\/www.purejewels.com\/#website","url":"https:\/\/www.purejewels.com\/","name":"PureJewels UK","description":"Teile die Liebe","publisher":{"@id":"https:\/\/www.purejewels.com\/#organization"},"potentialAction":[{"@type":"SearchAction","target":{"@type":"EntryPoint","urlTemplate":"https:\/\/www.purejewels.com\/?s={search_term_string}"},"query-input":{"@type":"PropertyValueSpecification","valueRequired":true,"valueName":"search_term_string"}}],"inLanguage":"de"},{"@type":"Organization","@id":"https:\/\/www.purejewels.com\/#organization","name":"PureJewels UK","url":"https:\/\/www.purejewels.com\/","logo":{"@type":"ImageObject","inLanguage":"de","@id":"https:\/\/www.purejewels.com\/#\/schema\/logo\/image\/","url":"https:\/\/static.purejewels.com\/wp-content\/uploads\/2020\/11\/Logo-PJ-New-1.png","contentUrl":"https:\/\/static.purejewels.com\/wp-content\/uploads\/2020\/11\/Logo-PJ-New-1.png","width":150,"height":80,"caption":"PureJewels UK"},"image":{"@id":"https:\/\/www.purejewels.com\/#\/schema\/logo\/image\/"}}]}},"_links":{"self":[{"href":"https:\/\/www.purejewels.com\/de\/wp-json\/wp\/v2\/product\/370415","targetHints":{"allow":["GET"]}}],"collection":[{"href":"https:\/\/www.purejewels.com\/de\/wp-json\/wp\/v2\/product"}],"about":[{"href":"https:\/\/www.purejewels.com\/de\/wp-json\/wp\/v2\/types\/product"}],"replies":[{"embeddable":true,"href":"https:\/\/www.purejewels.com\/de\/wp-json\/wp\/v2\/comments?post=370415"}],"version-history":[{"count":3,"href":"https:\/\/www.purejewels.com\/de\/wp-json\/wp\/v2\/product\/370415\/revisions"}],"predecessor-version":[{"id":406714,"href":"https:\/\/www.purejewels.com\/de\/wp-json\/wp\/v2\/product\/370415\/revisions\/406714"}],"wp:featuredmedia":[{"embeddable":true,"href":"https:\/\/www.purejewels.com\/de\/wp-json\/wp\/v2\/media\/380556"}],"wp:attachment":[{"href":"https:\/\/www.purejewels.com\/de\/wp-json\/wp\/v2\/media?parent=370415"}],"wp:term":[{"taxonomy":"product_brand","embeddable":true,"href":"https:\/\/www.purejewels.com\/de\/wp-json\/wp\/v2\/product_brand?post=370415"},{"taxonomy":"product_cat","embeddable":true,"href":"https:\/\/www.purejewels.com\/de\/wp-json\/wp\/v2\/product_cat?post=370415"},{"taxonomy":"product_tag","embeddable":true,"href":"https:\/\/www.purejewels.com\/de\/wp-json\/wp\/v2\/product_tag?post=370415"}],"curies":[{"name":"wp","href":"https:\/\/api.w.org\/{rel}","templated":true}]}}