{"id":370443,"date":"2024-08-27T11:48:06","date_gmt":"2024-08-27T10:48:06","guid":{"rendered":"https:\/\/www.purejewels.com\/?post_type=product&#038;p=370443"},"modified":"2026-02-03T09:58:11","modified_gmt":"2026-02-03T09:58:11","slug":"22-kt-gelbgold-initial-r-anhanger-52082","status":"publish","type":"product","link":"https:\/\/www.purejewels.com\/de\/product\/22ct-yellow-gold-initial-r-pendant-52082\/","title":{"rendered":"22ct Gelbgold Initial R Anh\u00e4nger"},"content":{"rendered":"<p data-start=\"0\" data-end=\"505\"><strong data-start=\"0\" data-end=\"18\">Designkonzept<\/strong><br data-start=\"18\" data-end=\"21\" \/>Der Anh\u00e4nger mit der Initiale R ist ein zeitloser Ausdruck von Identit\u00e4t und Verbundenheit und geh\u00f6rt zu den besten Schmuckgeschenken zum Valentinstag. Seine sanft geschwungene Buchstabenform bietet Eleganz ohne \u00dcbertreibung und l\u00e4sst die pers\u00f6nliche Bedeutung in den Mittelpunkt r\u00fccken. Dieser Anh\u00e4nger wurde entworfen, um einen Namen, einen geliebten Menschen oder eine gemeinsame Geschichte zu repr\u00e4sentieren, und transportiert Gef\u00fchle in einer Form, die sich raffiniert und best\u00e4ndig anf\u00fchlt. Die Schlichtheit des Designs sorgt daf\u00fcr, dass er noch lange nach dem Anlass relevant bleibt.<\/p>\n<p data-start=\"507\" data-end=\"999\"><strong data-start=\"507\" data-end=\"524\">Handwerkliches K\u00f6nnen<\/strong><br data-start=\"524\" data-end=\"527\" \/>Handgefertigt in strahlender <a href=\"https:\/\/www.purejewels.com\/de\/product\/22ct-gold-jali-filigree-ring-jali-collection-31926\/\">22ct<\/a> Der aus Gelbgold gefertigte Anh\u00e4nger wurde sorgf\u00e4ltig geformt, um weiche Konturen und ausgewogene Proportionen zu erzielen. Die polierte Oberfl\u00e4che unterstreicht die nat\u00fcrliche W\u00e4rme des hochreinen Goldes, w\u00e4hrend die Liebe zum Detail einen hohen Tragekomfort im Alltag gew\u00e4hrleistet. Der Anh\u00e4nger ist leicht, aber dennoch stabil, so dass er sich m\u00fchelos mit seiner Tr\u00e4gerin bewegt. Jedes St\u00fcck wird im Vereinigten K\u00f6nigreich mit einem Feingehaltssiegel versehen, das das Engagement von PureJewels f\u00fcr Qualit\u00e4t und vertrauensw\u00fcrdige Handwerkskunst widerspiegelt.<\/p>\n<p data-start=\"1001\" data-end=\"1459\" data-is-last-node=\"\" data-is-only-node=\"\"><strong data-start=\"1001\" data-end=\"1022\">Styling &amp; Geschenkartikel<\/strong><br data-start=\"1022\" data-end=\"1025\" \/>Dieser Anh\u00e4nger mit den Initialen, der als eines der besten Schmuckgeschenke zum Valentinstag gilt, kann allein getragen werden, um einen klaren, minimalen Look zu erzielen, oder mit feinen Ketten kombiniert werden, um einen ausdrucksstarken Stil zu erzielen. Sein vielseitiges Design passt sowohl zu legeren als auch zu raffinierten Outfits und ist somit ideal f\u00fcr den t\u00e4glichen Gebrauch. Er eignet sich perfekt f\u00fcr den Valentinstag, Jahrestage oder wichtige Meilensteine und ist ein pers\u00f6nliches Geschenk, das man gerne tr\u00e4gt und \u00fcber Jahre hinweg in Ehren h\u00e4lt.<\/p>","protected":false},"excerpt":{"rendered":"<div class=\"woocommerce-product-details__short-description\">\n<div class=\"btn-atc atc-slide\">\n<p>Zelebrieren Sie Ihre Identit\u00e4t mit diesem eleganten 22ct Gold Initial R Anh\u00e4nger von PureJewels UK. Gefertigt in reichem Gelbgold, macht es ein durchdachtes Geschenk oder ein stilvolles pers\u00f6nliches Accessoire f\u00fcr den Alltag tragen.<\/p>\n<p><strong>Material:<\/strong> 22ct Gold (91,6% reines Gold)<strong><br \/>\nWahrzeichen:\u00a0<\/strong>Britisches G\u00fctesiegel<strong><br \/>\n<\/strong><strong>Bruttogewicht:\u00a0<\/strong>1.20 Gramm<strong><br \/>\nSKU: <\/strong>52082<\/p>\n<p><strong>Preis und Lieferung<\/strong>:Inklusive Mehrwertsteuer und Lieferkosten<br \/>\n<strong>Hinweis<\/strong>: Die Kette ist nicht enthalten<\/p>\n<p><a href=\"https:\/\/www.purejewels.com\/de\/ruckgabepolitik\/\">R\u00fcckgabepolitik<\/a><\/p>\n<\/div>\n<div class=\"product_meta\"><\/div>\n<\/div>","protected":false},"featured_media":400739,"comment_status":"closed","ping_status":"closed","template":"","meta":{"_eb_attr":"","_crsspst_to_jayantr4sg-hostcom":true},"product_brand":[],"product_cat":[1576,1794,1255,6122,5598,5342,1769,1767,5906,6051,6120,1575,1569,1574,5349],"product_tag":[],"class_list":{"0":"post-370443","1":"product","2":"type-product","3":"status-publish","4":"has-post-thumbnail","6":"product_cat-childrens-jewellery","7":"product_cat-christmas-gifts","8":"product_cat-gold-pendants","9":"product_cat-initial","10":"product_cat-initial-pendant","11":"product_cat-jewellery-under-250","12":"product_cat-kids-pendants","13":"product_cat-ladies-pendants","14":"product_cat-personalised-jewellery","15":"product_cat-personalised-pendant","16":"product_cat-shop-by-style","17":"product_cat-teenage-jewellery","18":"product_cat-valentine-day-gifts","19":"product_cat-womens-jewellery","20":"product_cat-yellow-gold-jewellery","22":"first","23":"instock","24":"taxable","25":"shipping-taxable","26":"purchasable","27":"product-type-simple","28":"add-to-wishlist-before_image"},"yoast_head":"<!-- This site is optimized with the Yoast SEO plugin v27.3 - https:\/\/yoast.com\/product\/yoast-seo-wordpress\/ -->\n<title>Initial Pendant - 22ct Gold Initial R Pendant | PureJewels<\/title>\n<meta name=\"description\" content=\"Shop the unique 22ct Gold Initial R Pendant. Perfect as a personal gift or special keepsake, this initial pendant radiates elegance and charm.\" \/>\n<meta name=\"robots\" content=\"index, follow, max-snippet:-1, max-image-preview:large, max-video-preview:-1\" \/>\n<link rel=\"canonical\" href=\"https:\/\/www.purejewels.com\/de\/produkt-2\/22-kt-gelbgold-initial-r-anhanger-52082\/\" \/>\n<meta property=\"og:locale\" content=\"de_DE\" \/>\n<meta property=\"og:type\" content=\"article\" \/>\n<meta property=\"og:title\" content=\"Initial Pendant - 22ct Gold Initial R Pendant | PureJewels\" \/>\n<meta property=\"og:description\" content=\"Shop the unique 22ct Gold Initial R Pendant. Perfect as a personal gift or special keepsake, this initial pendant radiates elegance and charm.\" \/>\n<meta property=\"og:url\" content=\"https:\/\/www.purejewels.com\/de\/produkt-2\/22-kt-gelbgold-initial-r-anhanger-52082\/\" \/>\n<meta property=\"og:site_name\" content=\"PureJewels UK\" \/>\n<meta property=\"article:modified_time\" content=\"2026-02-03T09:58:11+00:00\" \/>\n<meta property=\"og:image\" content=\"https:\/\/static.purejewels.com\/wp-content\/uploads\/2024\/08\/SKU-52082.png\" \/>\n\t<meta property=\"og:image:width\" content=\"1000\" \/>\n\t<meta property=\"og:image:height\" content=\"1000\" \/>\n\t<meta property=\"og:image:type\" content=\"image\/png\" \/>\n<meta name=\"twitter:card\" content=\"summary_large_image\" \/>\n<meta name=\"twitter:label1\" content=\"Gesch\u00e4tzte Lesezeit\" \/>\n\t<meta name=\"twitter:data1\" content=\"2\u00a0Minuten\" \/>\n<script type=\"application\/ld+json\" class=\"yoast-schema-graph\">{\"@context\":\"https:\\\/\\\/schema.org\",\"@graph\":[{\"@type\":[\"WebPage\",\"ItemPage\"],\"@id\":\"https:\\\/\\\/www.purejewels.com\\\/product\\\/22ct-yellow-gold-initial-r-pendant-52082\\\/\",\"url\":\"https:\\\/\\\/www.purejewels.com\\\/product\\\/22ct-yellow-gold-initial-r-pendant-52082\\\/\",\"name\":\"Initial Pendant - 22ct Gold Initial R Pendant | PureJewels\",\"isPartOf\":{\"@id\":\"https:\\\/\\\/www.purejewels.com\\\/#website\"},\"primaryImageOfPage\":{\"@id\":\"https:\\\/\\\/www.purejewels.com\\\/product\\\/22ct-yellow-gold-initial-r-pendant-52082\\\/#primaryimage\"},\"image\":{\"@id\":\"https:\\\/\\\/www.purejewels.com\\\/product\\\/22ct-yellow-gold-initial-r-pendant-52082\\\/#primaryimage\"},\"thumbnailUrl\":\"https:\\\/\\\/static.purejewels.com\\\/wp-content\\\/uploads\\\/2024\\\/08\\\/SKU-52082.png\",\"datePublished\":\"2024-08-27T10:48:06+00:00\",\"dateModified\":\"2026-02-03T09:58:11+00:00\",\"description\":\"Shop the unique 22ct Gold Initial R Pendant. Perfect as a personal gift or special keepsake, this initial pendant radiates elegance and charm.\",\"breadcrumb\":{\"@id\":\"https:\\\/\\\/www.purejewels.com\\\/product\\\/22ct-yellow-gold-initial-r-pendant-52082\\\/#breadcrumb\"},\"inLanguage\":\"de\",\"potentialAction\":[{\"@type\":\"ReadAction\",\"target\":[\"https:\\\/\\\/www.purejewels.com\\\/product\\\/22ct-yellow-gold-initial-r-pendant-52082\\\/\"]}]},{\"@type\":\"ImageObject\",\"inLanguage\":\"de\",\"@id\":\"https:\\\/\\\/www.purejewels.com\\\/product\\\/22ct-yellow-gold-initial-r-pendant-52082\\\/#primaryimage\",\"url\":\"https:\\\/\\\/static.purejewels.com\\\/wp-content\\\/uploads\\\/2024\\\/08\\\/SKU-52082.png\",\"contentUrl\":\"https:\\\/\\\/static.purejewels.com\\\/wp-content\\\/uploads\\\/2024\\\/08\\\/SKU-52082.png\",\"width\":1000,\"height\":1000},{\"@type\":\"BreadcrumbList\",\"@id\":\"https:\\\/\\\/www.purejewels.com\\\/product\\\/22ct-yellow-gold-initial-r-pendant-52082\\\/#breadcrumb\",\"itemListElement\":[{\"@type\":\"ListItem\",\"position\":1,\"name\":\"Home\",\"item\":\"https:\\\/\\\/www.purejewels.com\\\/\"},{\"@type\":\"ListItem\",\"position\":2,\"name\":\"Shop\",\"item\":\"https:\\\/\\\/www.purejewels.com\\\/shop\\\/\"},{\"@type\":\"ListItem\",\"position\":3,\"name\":\"22ct Yellow Gold Initial R Pendant\"}]},{\"@type\":\"WebSite\",\"@id\":\"https:\\\/\\\/www.purejewels.com\\\/#website\",\"url\":\"https:\\\/\\\/www.purejewels.com\\\/\",\"name\":\"PureJewels UK\",\"description\":\"Share the Love\",\"publisher\":{\"@id\":\"https:\\\/\\\/www.purejewels.com\\\/#organization\"},\"potentialAction\":[{\"@type\":\"SearchAction\",\"target\":{\"@type\":\"EntryPoint\",\"urlTemplate\":\"https:\\\/\\\/www.purejewels.com\\\/?s={search_term_string}\"},\"query-input\":{\"@type\":\"PropertyValueSpecification\",\"valueRequired\":true,\"valueName\":\"search_term_string\"}}],\"inLanguage\":\"de\"},{\"@type\":\"Organization\",\"@id\":\"https:\\\/\\\/www.purejewels.com\\\/#organization\",\"name\":\"PureJewels UK\",\"url\":\"https:\\\/\\\/www.purejewels.com\\\/\",\"logo\":{\"@type\":\"ImageObject\",\"inLanguage\":\"de\",\"@id\":\"https:\\\/\\\/www.purejewels.com\\\/#\\\/schema\\\/logo\\\/image\\\/\",\"url\":\"https:\\\/\\\/static.purejewels.com\\\/wp-content\\\/uploads\\\/2020\\\/11\\\/Logo-PJ-New-1.png\",\"contentUrl\":\"https:\\\/\\\/static.purejewels.com\\\/wp-content\\\/uploads\\\/2020\\\/11\\\/Logo-PJ-New-1.png\",\"width\":150,\"height\":80,\"caption\":\"PureJewels UK\"},\"image\":{\"@id\":\"https:\\\/\\\/www.purejewels.com\\\/#\\\/schema\\\/logo\\\/image\\\/\"}}]}<\/script>\n<!-- \/ Yoast SEO plugin. -->","yoast_head_json":{"title":"Initial-Anh\u00e4nger - 22ct Gold Initial R Anh\u00e4nger | PureJewels","description":"Kaufen Sie den einzigartigen 22ct Gold Initial R Anh\u00e4nger. Perfekt als pers\u00f6nliches Geschenk oder besonderes Andenken, strahlt dieser Anh\u00e4nger mit den Initialen R Eleganz und Charme aus.","robots":{"index":"index","follow":"follow","max-snippet":"max-snippet:-1","max-image-preview":"max-image-preview:large","max-video-preview":"max-video-preview:-1"},"canonical":"https:\/\/www.purejewels.com\/de\/produkt-2\/22-kt-gelbgold-initial-r-anhanger-52082\/","og_locale":"de_DE","og_type":"article","og_title":"Initial Pendant - 22ct Gold Initial R Pendant | PureJewels","og_description":"Shop the unique 22ct Gold Initial R Pendant. Perfect as a personal gift or special keepsake, this initial pendant radiates elegance and charm.","og_url":"https:\/\/www.purejewels.com\/de\/produkt-2\/22-kt-gelbgold-initial-r-anhanger-52082\/","og_site_name":"PureJewels UK","article_modified_time":"2026-02-03T09:58:11+00:00","og_image":[{"width":1000,"height":1000,"url":"https:\/\/static.purejewels.com\/wp-content\/uploads\/2024\/08\/SKU-52082.png","type":"image\/png"}],"twitter_card":"summary_large_image","twitter_misc":{"Gesch\u00e4tzte Lesezeit":"2\u00a0Minuten"},"schema":{"@context":"https:\/\/schema.org","@graph":[{"@type":["WebPage","ItemPage"],"@id":"https:\/\/www.purejewels.com\/product\/22ct-yellow-gold-initial-r-pendant-52082\/","url":"https:\/\/www.purejewels.com\/product\/22ct-yellow-gold-initial-r-pendant-52082\/","name":"Initial-Anh\u00e4nger - 22ct Gold Initial R Anh\u00e4nger | PureJewels","isPartOf":{"@id":"https:\/\/www.purejewels.com\/#website"},"primaryImageOfPage":{"@id":"https:\/\/www.purejewels.com\/product\/22ct-yellow-gold-initial-r-pendant-52082\/#primaryimage"},"image":{"@id":"https:\/\/www.purejewels.com\/product\/22ct-yellow-gold-initial-r-pendant-52082\/#primaryimage"},"thumbnailUrl":"https:\/\/static.purejewels.com\/wp-content\/uploads\/2024\/08\/SKU-52082.png","datePublished":"2024-08-27T10:48:06+00:00","dateModified":"2026-02-03T09:58:11+00:00","description":"Kaufen Sie den einzigartigen 22ct Gold Initial R Anh\u00e4nger. Perfekt als pers\u00f6nliches Geschenk oder besonderes Andenken, strahlt dieser Anh\u00e4nger mit den Initialen R Eleganz und Charme aus.","breadcrumb":{"@id":"https:\/\/www.purejewels.com\/product\/22ct-yellow-gold-initial-r-pendant-52082\/#breadcrumb"},"inLanguage":"de","potentialAction":[{"@type":"ReadAction","target":["https:\/\/www.purejewels.com\/product\/22ct-yellow-gold-initial-r-pendant-52082\/"]}]},{"@type":"ImageObject","inLanguage":"de","@id":"https:\/\/www.purejewels.com\/product\/22ct-yellow-gold-initial-r-pendant-52082\/#primaryimage","url":"https:\/\/static.purejewels.com\/wp-content\/uploads\/2024\/08\/SKU-52082.png","contentUrl":"https:\/\/static.purejewels.com\/wp-content\/uploads\/2024\/08\/SKU-52082.png","width":1000,"height":1000},{"@type":"BreadcrumbList","@id":"https:\/\/www.purejewels.com\/product\/22ct-yellow-gold-initial-r-pendant-52082\/#breadcrumb","itemListElement":[{"@type":"ListItem","position":1,"name":"Home","item":"https:\/\/www.purejewels.com\/"},{"@type":"ListItem","position":2,"name":"Shop","item":"https:\/\/www.purejewels.com\/shop\/"},{"@type":"ListItem","position":3,"name":"22ct Yellow Gold Initial R Pendant"}]},{"@type":"WebSite","@id":"https:\/\/www.purejewels.com\/#website","url":"https:\/\/www.purejewels.com\/","name":"PureJewels UK","description":"Teile die Liebe","publisher":{"@id":"https:\/\/www.purejewels.com\/#organization"},"potentialAction":[{"@type":"SearchAction","target":{"@type":"EntryPoint","urlTemplate":"https:\/\/www.purejewels.com\/?s={search_term_string}"},"query-input":{"@type":"PropertyValueSpecification","valueRequired":true,"valueName":"search_term_string"}}],"inLanguage":"de"},{"@type":"Organization","@id":"https:\/\/www.purejewels.com\/#organization","name":"PureJewels UK","url":"https:\/\/www.purejewels.com\/","logo":{"@type":"ImageObject","inLanguage":"de","@id":"https:\/\/www.purejewels.com\/#\/schema\/logo\/image\/","url":"https:\/\/static.purejewels.com\/wp-content\/uploads\/2020\/11\/Logo-PJ-New-1.png","contentUrl":"https:\/\/static.purejewels.com\/wp-content\/uploads\/2020\/11\/Logo-PJ-New-1.png","width":150,"height":80,"caption":"PureJewels UK"},"image":{"@id":"https:\/\/www.purejewels.com\/#\/schema\/logo\/image\/"}}]}},"_links":{"self":[{"href":"https:\/\/www.purejewels.com\/de\/wp-json\/wp\/v2\/product\/370443","targetHints":{"allow":["GET"]}}],"collection":[{"href":"https:\/\/www.purejewels.com\/de\/wp-json\/wp\/v2\/product"}],"about":[{"href":"https:\/\/www.purejewels.com\/de\/wp-json\/wp\/v2\/types\/product"}],"replies":[{"embeddable":true,"href":"https:\/\/www.purejewels.com\/de\/wp-json\/wp\/v2\/comments?post=370443"}],"version-history":[{"count":4,"href":"https:\/\/www.purejewels.com\/de\/wp-json\/wp\/v2\/product\/370443\/revisions"}],"predecessor-version":[{"id":424406,"href":"https:\/\/www.purejewels.com\/de\/wp-json\/wp\/v2\/product\/370443\/revisions\/424406"}],"wp:featuredmedia":[{"embeddable":true,"href":"https:\/\/www.purejewels.com\/de\/wp-json\/wp\/v2\/media\/400739"}],"wp:attachment":[{"href":"https:\/\/www.purejewels.com\/de\/wp-json\/wp\/v2\/media?parent=370443"}],"wp:term":[{"taxonomy":"product_brand","embeddable":true,"href":"https:\/\/www.purejewels.com\/de\/wp-json\/wp\/v2\/product_brand?post=370443"},{"taxonomy":"product_cat","embeddable":true,"href":"https:\/\/www.purejewels.com\/de\/wp-json\/wp\/v2\/product_cat?post=370443"},{"taxonomy":"product_tag","embeddable":true,"href":"https:\/\/www.purejewels.com\/de\/wp-json\/wp\/v2\/product_tag?post=370443"}],"curies":[{"name":"wp","href":"https:\/\/api.w.org\/{rel}","templated":true}]}}