{"id":370515,"date":"2024-08-28T13:22:10","date_gmt":"2024-08-28T12:22:10","guid":{"rendered":"https:\/\/www.purejewels.com\/?post_type=product&#038;p=370515"},"modified":"2026-02-02T09:07:34","modified_gmt":"2026-02-02T09:07:34","slug":"rosette-22ct-sunrise-gold-bolzen-durchmesser-26-3mm-49328","status":"publish","type":"product","link":"https:\/\/www.purejewels.com\/de\/product\/rosette-22ct-sunrise-gold-stud-diameter-26-3mm-49328\/","title":{"rendered":"Rosette 22ct Sunrise Gold Ohrstecker | Durchmesser 26mm"},"content":{"rendered":"<ul>\n<li><strong>SKU:<\/strong>49328<\/li>\n<li><strong>Bereich ID:<\/strong>SGERSTRS004<\/li>\n<\/ul>\n<p>Entdecken Sie zeitlose Eleganz mit unseren exquisiten <a href=\"https:\/\/www.purejewels.com\/de\/product\/22ct-gold-jali-filigree-ring-jali-collection-31926\/\">22ct<\/a> Sonnenaufgang <a href=\"https:\/\/www.purejewels.com\/de\/product\/gold-stud-earrings-42487\/\">Gold-Ohrstecker<\/a>. <span class=\"citation-0 recitation citation-end-0\">Diese Ohrringe mit einem Durchmesser von 26,3 mm sind pr\u00e4zise gefertigt und mit einem zarten Rosettenmuster verziert. Sie strahlen einen warmen, fesselnden Glanz aus.<\/span><\/p>\n<p data-sourcepos=\"7:1-7:329\"><span class=\"citation-2 recitation citation-end-2\">Die f\u00fcr Komfort und Stil entworfenen <a href=\"https:\/\/www.purejewels.com\/de\/product\/22ct-gold-antique-finish-studs-armari-collection-6mm-49588\/\">Ohrstecker<\/a> sind leicht gebaut.<\/span> <span class=\"citation-3 recitation citation-end-3\">Sie eignen sich perfekt f\u00fcr den Alltag oder besondere Anl\u00e4sse und sind ein tolles Geschenk f\u00fcr Sie selbst oder einen lieben Menschen.<\/span> Erh\u00f6hen Sie Ihren Stil mit der Anziehungskraft von reinem Gold aus der <a href=\"https:\/\/www.purejewels.com\/de\/a-guide-to-die-stamping\/\">Kollektion Rosette<\/a>.<span class=\"button-container ng-star-inserted\"> \u00a0<\/span><\/p>","protected":false},"excerpt":{"rendered":"<table class=\"sh_desc\">\n<tbody>\n<tr>\n<td>Art des Ohrrings<\/td>\n<td>Ohrstecker<\/td>\n<\/tr>\n<tr>\n<td>SKU<\/td>\n<td>49328<\/td>\n<\/tr>\n<tr>\n<td>Gewicht<\/td>\n<td>10,7g<\/td>\n<\/tr>\n<tr>\n<td>Durchmesser<\/td>\n<td>26,3 mm<\/td>\n<\/tr>\n<tr>\n<td>Metall<\/td>\n<td>22ct Sonnenaufgang Gold<\/td>\n<\/tr>\n<tr>\n<td>Sammlung<\/td>\n<td>Kollektion Rosetten<\/td>\n<\/tr>\n<tr>\n<td>Entgelte<\/td>\n<td>Lieferung und Mehrwertsteuer inbegriffen<\/td>\n<\/tr>\n<tr>\n<td>Verpackung<\/td>\n<td>Mit Pr\u00e4sentationsbox<\/td>\n<\/tr>\n<tr>\n<td>Mehr Informationen<\/td>\n<td>Live-Chat mit uns f\u00fcr Verf\u00fcgbarkeit und mehr Bilder<\/td>\n<\/tr>\n<\/tbody>\n<\/table>","protected":false},"featured_media":371208,"comment_status":"closed","ping_status":"closed","template":"","meta":{"_eb_attr":"","_crsspst_to_jayantr4sg-hostcom":false},"product_brand":[],"product_cat":[1791,1559,5315,236,5370,1790,1254,1229,5347,1570,6146,1656,5274,5353,1577,1575,1569,1573,1574,5349],"product_tag":[],"class_list":{"0":"post-370515","1":"product","2":"type-product","3":"status-publish","4":"has-post-thumbnail","6":"product_cat-anniversary-gifts","7":"product_cat-birthday-gifts","8":"product_cat-bridal-and-wedding-earrings","9":"product_cat-collections","10":"product_cat-ethnic-jewellery","11":"product_cat-for-whom-when","12":"product_cat-gold-earrings","13":"product_cat-22ct-gold-jewellery","14":"product_cat-shop-by-metal","15":"product_cat-mothers-day-gifts","16":"product_cat-rosette-stud","17":"product_cat-rosettes-collections","18":"product_cat-rosettes-earring","19":"product_cat-shop-by","20":"product_cat-stud-earrings","21":"product_cat-teenage-jewellery","22":"product_cat-valentine-day-gifts","23":"product_cat-wedding-gifts","24":"product_cat-womens-jewellery","25":"product_cat-yellow-gold-jewellery","27":"first","28":"onbackorder","29":"taxable","30":"shipping-taxable","31":"purchasable","32":"product-type-simple","33":"add-to-wishlist-before_image"},"yoast_head":"<!-- This site is optimized with the Yoast SEO plugin v27.3 - https:\/\/yoast.com\/product\/yoast-seo-wordpress\/ -->\n<title>22ct Sunrise Gold Studs - Pure Elegance | PureJewels UK<\/title>\n<meta name=\"description\" content=\"Add a touch of glamour with 22ct Sunrise Gold Studs 26.3mm gold flower stud jewellery. Shine bright with our delicate gold studs. Shop PureJewels UK now!\" \/>\n<meta name=\"robots\" content=\"index, follow, max-snippet:-1, max-image-preview:large, max-video-preview:-1\" \/>\n<link rel=\"canonical\" href=\"https:\/\/www.purejewels.com\/de\/produkt-2\/rosette-22ct-sunrise-gold-bolzen-durchmesser-26-3mm-49328\/\" \/>\n<meta property=\"og:locale\" content=\"de_DE\" \/>\n<meta property=\"og:type\" content=\"article\" \/>\n<meta property=\"og:title\" content=\"22ct Sunrise Gold Studs - Pure Elegance | PureJewels UK\" \/>\n<meta property=\"og:description\" content=\"Add a touch of glamour with 22ct Sunrise Gold Studs 26.3mm gold flower stud jewellery. Shine bright with our delicate gold studs. Shop PureJewels UK now!\" \/>\n<meta property=\"og:url\" content=\"https:\/\/www.purejewels.com\/de\/produkt-2\/rosette-22ct-sunrise-gold-bolzen-durchmesser-26-3mm-49328\/\" \/>\n<meta property=\"og:site_name\" content=\"PureJewels UK\" \/>\n<meta property=\"article:modified_time\" content=\"2026-02-02T09:07:34+00:00\" \/>\n<meta property=\"og:image\" content=\"https:\/\/static.purejewels.com\/wp-content\/uploads\/2024\/08\/49328.png\" \/>\n\t<meta property=\"og:image:width\" content=\"1000\" \/>\n\t<meta property=\"og:image:height\" content=\"1000\" \/>\n\t<meta property=\"og:image:type\" content=\"image\/png\" \/>\n<meta name=\"twitter:card\" content=\"summary_large_image\" \/>\n<meta name=\"twitter:label1\" content=\"Gesch\u00e4tzte Lesezeit\" \/>\n\t<meta name=\"twitter:data1\" content=\"1\u00a0Minute\" \/>\n<script type=\"application\/ld+json\" class=\"yoast-schema-graph\">{\"@context\":\"https:\\\/\\\/schema.org\",\"@graph\":[{\"@type\":[\"WebPage\",\"ItemPage\"],\"@id\":\"https:\\\/\\\/www.purejewels.com\\\/product\\\/rosette-22ct-sunrise-gold-stud-diameter-26-3mm-49328\\\/\",\"url\":\"https:\\\/\\\/www.purejewels.com\\\/product\\\/rosette-22ct-sunrise-gold-stud-diameter-26-3mm-49328\\\/\",\"name\":\"22ct Sunrise Gold Studs - Pure Elegance | PureJewels UK\",\"isPartOf\":{\"@id\":\"https:\\\/\\\/www.purejewels.com\\\/#website\"},\"primaryImageOfPage\":{\"@id\":\"https:\\\/\\\/www.purejewels.com\\\/product\\\/rosette-22ct-sunrise-gold-stud-diameter-26-3mm-49328\\\/#primaryimage\"},\"image\":{\"@id\":\"https:\\\/\\\/www.purejewels.com\\\/product\\\/rosette-22ct-sunrise-gold-stud-diameter-26-3mm-49328\\\/#primaryimage\"},\"thumbnailUrl\":\"https:\\\/\\\/static.purejewels.com\\\/wp-content\\\/uploads\\\/2024\\\/08\\\/49328.png\",\"datePublished\":\"2024-08-28T12:22:10+00:00\",\"dateModified\":\"2026-02-02T09:07:34+00:00\",\"description\":\"Add a touch of glamour with 22ct Sunrise Gold Studs 26.3mm gold flower stud jewellery. Shine bright with our delicate gold studs. Shop PureJewels UK now!\",\"breadcrumb\":{\"@id\":\"https:\\\/\\\/www.purejewels.com\\\/product\\\/rosette-22ct-sunrise-gold-stud-diameter-26-3mm-49328\\\/#breadcrumb\"},\"inLanguage\":\"de\",\"potentialAction\":[{\"@type\":\"ReadAction\",\"target\":[\"https:\\\/\\\/www.purejewels.com\\\/product\\\/rosette-22ct-sunrise-gold-stud-diameter-26-3mm-49328\\\/\"]}]},{\"@type\":\"ImageObject\",\"inLanguage\":\"de\",\"@id\":\"https:\\\/\\\/www.purejewels.com\\\/product\\\/rosette-22ct-sunrise-gold-stud-diameter-26-3mm-49328\\\/#primaryimage\",\"url\":\"https:\\\/\\\/static.purejewels.com\\\/wp-content\\\/uploads\\\/2024\\\/08\\\/49328.png\",\"contentUrl\":\"https:\\\/\\\/static.purejewels.com\\\/wp-content\\\/uploads\\\/2024\\\/08\\\/49328.png\",\"width\":1000,\"height\":1000,\"caption\":\"22ct Gold Stud\"},{\"@type\":\"BreadcrumbList\",\"@id\":\"https:\\\/\\\/www.purejewels.com\\\/product\\\/rosette-22ct-sunrise-gold-stud-diameter-26-3mm-49328\\\/#breadcrumb\",\"itemListElement\":[{\"@type\":\"ListItem\",\"position\":1,\"name\":\"Home\",\"item\":\"https:\\\/\\\/www.purejewels.com\\\/\"},{\"@type\":\"ListItem\",\"position\":2,\"name\":\"Shop\",\"item\":\"https:\\\/\\\/www.purejewels.com\\\/shop\\\/\"},{\"@type\":\"ListItem\",\"position\":3,\"name\":\"Rosette 22ct Sunrise Gold Stud | Diameter 26mm\"}]},{\"@type\":\"WebSite\",\"@id\":\"https:\\\/\\\/www.purejewels.com\\\/#website\",\"url\":\"https:\\\/\\\/www.purejewels.com\\\/\",\"name\":\"PureJewels UK\",\"description\":\"Share the Love\",\"publisher\":{\"@id\":\"https:\\\/\\\/www.purejewels.com\\\/#organization\"},\"potentialAction\":[{\"@type\":\"SearchAction\",\"target\":{\"@type\":\"EntryPoint\",\"urlTemplate\":\"https:\\\/\\\/www.purejewels.com\\\/?s={search_term_string}\"},\"query-input\":{\"@type\":\"PropertyValueSpecification\",\"valueRequired\":true,\"valueName\":\"search_term_string\"}}],\"inLanguage\":\"de\"},{\"@type\":\"Organization\",\"@id\":\"https:\\\/\\\/www.purejewels.com\\\/#organization\",\"name\":\"PureJewels UK\",\"url\":\"https:\\\/\\\/www.purejewels.com\\\/\",\"logo\":{\"@type\":\"ImageObject\",\"inLanguage\":\"de\",\"@id\":\"https:\\\/\\\/www.purejewels.com\\\/#\\\/schema\\\/logo\\\/image\\\/\",\"url\":\"https:\\\/\\\/static.purejewels.com\\\/wp-content\\\/uploads\\\/2020\\\/11\\\/Logo-PJ-New-1.png\",\"contentUrl\":\"https:\\\/\\\/static.purejewels.com\\\/wp-content\\\/uploads\\\/2020\\\/11\\\/Logo-PJ-New-1.png\",\"width\":150,\"height\":80,\"caption\":\"PureJewels UK\"},\"image\":{\"@id\":\"https:\\\/\\\/www.purejewels.com\\\/#\\\/schema\\\/logo\\\/image\\\/\"}}]}<\/script>\n<!-- \/ Yoast SEO plugin. -->","yoast_head_json":{"title":"22ct Sunrise Gold Ohrstecker - Pure Eleganz | PureJewels UK","description":"Verleihen Sie Ihrem Outfit einen Hauch von Glamour mit den 22ct Sunrise Gold Studs 26.3mm Gold Flower Stud Schmuck. Gl\u00e4nzen Sie mit unseren zarten goldenen Ohrsteckern. Jetzt bei PureJewels UK einkaufen!","robots":{"index":"index","follow":"follow","max-snippet":"max-snippet:-1","max-image-preview":"max-image-preview:large","max-video-preview":"max-video-preview:-1"},"canonical":"https:\/\/www.purejewels.com\/de\/produkt-2\/rosette-22ct-sunrise-gold-bolzen-durchmesser-26-3mm-49328\/","og_locale":"de_DE","og_type":"article","og_title":"22ct Sunrise Gold Studs - Pure Elegance | PureJewels UK","og_description":"Add a touch of glamour with 22ct Sunrise Gold Studs 26.3mm gold flower stud jewellery. Shine bright with our delicate gold studs. Shop PureJewels UK now!","og_url":"https:\/\/www.purejewels.com\/de\/produkt-2\/rosette-22ct-sunrise-gold-bolzen-durchmesser-26-3mm-49328\/","og_site_name":"PureJewels UK","article_modified_time":"2026-02-02T09:07:34+00:00","og_image":[{"width":1000,"height":1000,"url":"https:\/\/static.purejewels.com\/wp-content\/uploads\/2024\/08\/49328.png","type":"image\/png"}],"twitter_card":"summary_large_image","twitter_misc":{"Gesch\u00e4tzte Lesezeit":"1\u00a0Minute"},"schema":{"@context":"https:\/\/schema.org","@graph":[{"@type":["WebPage","ItemPage"],"@id":"https:\/\/www.purejewels.com\/product\/rosette-22ct-sunrise-gold-stud-diameter-26-3mm-49328\/","url":"https:\/\/www.purejewels.com\/product\/rosette-22ct-sunrise-gold-stud-diameter-26-3mm-49328\/","name":"22ct Sunrise Gold Ohrstecker - Pure Eleganz | PureJewels UK","isPartOf":{"@id":"https:\/\/www.purejewels.com\/#website"},"primaryImageOfPage":{"@id":"https:\/\/www.purejewels.com\/product\/rosette-22ct-sunrise-gold-stud-diameter-26-3mm-49328\/#primaryimage"},"image":{"@id":"https:\/\/www.purejewels.com\/product\/rosette-22ct-sunrise-gold-stud-diameter-26-3mm-49328\/#primaryimage"},"thumbnailUrl":"https:\/\/static.purejewels.com\/wp-content\/uploads\/2024\/08\/49328.png","datePublished":"2024-08-28T12:22:10+00:00","dateModified":"2026-02-02T09:07:34+00:00","description":"Verleihen Sie Ihrem Outfit einen Hauch von Glamour mit den 22ct Sunrise Gold Studs 26.3mm Gold Flower Stud Schmuck. Gl\u00e4nzen Sie mit unseren zarten goldenen Ohrsteckern. Jetzt bei PureJewels UK einkaufen!","breadcrumb":{"@id":"https:\/\/www.purejewels.com\/product\/rosette-22ct-sunrise-gold-stud-diameter-26-3mm-49328\/#breadcrumb"},"inLanguage":"de","potentialAction":[{"@type":"ReadAction","target":["https:\/\/www.purejewels.com\/product\/rosette-22ct-sunrise-gold-stud-diameter-26-3mm-49328\/"]}]},{"@type":"ImageObject","inLanguage":"de","@id":"https:\/\/www.purejewels.com\/product\/rosette-22ct-sunrise-gold-stud-diameter-26-3mm-49328\/#primaryimage","url":"https:\/\/static.purejewels.com\/wp-content\/uploads\/2024\/08\/49328.png","contentUrl":"https:\/\/static.purejewels.com\/wp-content\/uploads\/2024\/08\/49328.png","width":1000,"height":1000,"caption":"22ct Gold Stud"},{"@type":"BreadcrumbList","@id":"https:\/\/www.purejewels.com\/product\/rosette-22ct-sunrise-gold-stud-diameter-26-3mm-49328\/#breadcrumb","itemListElement":[{"@type":"ListItem","position":1,"name":"Home","item":"https:\/\/www.purejewels.com\/"},{"@type":"ListItem","position":2,"name":"Shop","item":"https:\/\/www.purejewels.com\/shop\/"},{"@type":"ListItem","position":3,"name":"Rosette 22ct Sunrise Gold Stud | Diameter 26mm"}]},{"@type":"WebSite","@id":"https:\/\/www.purejewels.com\/#website","url":"https:\/\/www.purejewels.com\/","name":"PureJewels UK","description":"Teile die Liebe","publisher":{"@id":"https:\/\/www.purejewels.com\/#organization"},"potentialAction":[{"@type":"SearchAction","target":{"@type":"EntryPoint","urlTemplate":"https:\/\/www.purejewels.com\/?s={search_term_string}"},"query-input":{"@type":"PropertyValueSpecification","valueRequired":true,"valueName":"search_term_string"}}],"inLanguage":"de"},{"@type":"Organization","@id":"https:\/\/www.purejewels.com\/#organization","name":"PureJewels UK","url":"https:\/\/www.purejewels.com\/","logo":{"@type":"ImageObject","inLanguage":"de","@id":"https:\/\/www.purejewels.com\/#\/schema\/logo\/image\/","url":"https:\/\/static.purejewels.com\/wp-content\/uploads\/2020\/11\/Logo-PJ-New-1.png","contentUrl":"https:\/\/static.purejewels.com\/wp-content\/uploads\/2020\/11\/Logo-PJ-New-1.png","width":150,"height":80,"caption":"PureJewels UK"},"image":{"@id":"https:\/\/www.purejewels.com\/#\/schema\/logo\/image\/"}}]}},"_links":{"self":[{"href":"https:\/\/www.purejewels.com\/de\/wp-json\/wp\/v2\/product\/370515","targetHints":{"allow":["GET"]}}],"collection":[{"href":"https:\/\/www.purejewels.com\/de\/wp-json\/wp\/v2\/product"}],"about":[{"href":"https:\/\/www.purejewels.com\/de\/wp-json\/wp\/v2\/types\/product"}],"replies":[{"embeddable":true,"href":"https:\/\/www.purejewels.com\/de\/wp-json\/wp\/v2\/comments?post=370515"}],"version-history":[{"count":4,"href":"https:\/\/www.purejewels.com\/de\/wp-json\/wp\/v2\/product\/370515\/revisions"}],"predecessor-version":[{"id":425679,"href":"https:\/\/www.purejewels.com\/de\/wp-json\/wp\/v2\/product\/370515\/revisions\/425679"}],"wp:featuredmedia":[{"embeddable":true,"href":"https:\/\/www.purejewels.com\/de\/wp-json\/wp\/v2\/media\/371208"}],"wp:attachment":[{"href":"https:\/\/www.purejewels.com\/de\/wp-json\/wp\/v2\/media?parent=370515"}],"wp:term":[{"taxonomy":"product_brand","embeddable":true,"href":"https:\/\/www.purejewels.com\/de\/wp-json\/wp\/v2\/product_brand?post=370515"},{"taxonomy":"product_cat","embeddable":true,"href":"https:\/\/www.purejewels.com\/de\/wp-json\/wp\/v2\/product_cat?post=370515"},{"taxonomy":"product_tag","embeddable":true,"href":"https:\/\/www.purejewels.com\/de\/wp-json\/wp\/v2\/product_tag?post=370515"}],"curies":[{"name":"wp","href":"https:\/\/api.w.org\/{rel}","templated":true}]}}