{"id":370519,"date":"2024-08-28T13:07:27","date_gmt":"2024-08-28T12:07:27","guid":{"rendered":"https:\/\/www.purejewels.com\/?post_type=product&#038;p=370519"},"modified":"2026-01-06T08:01:28","modified_gmt":"2026-01-06T08:01:28","slug":"22ct-sunrise-gold-e-initial-anhanger-48622","status":"publish","type":"product","link":"https:\/\/www.purejewels.com\/de\/product\/22ct-sunrise-gold-e-initial-pendant-48622\/","title":{"rendered":"22ct Sunrise Gold E Initial-Anh\u00e4nger"},"content":{"rendered":"<p>Eleganz trifft Individualit\u00e4t mit dem <em>E <a href=\"https:\/\/www.purejewels.com\/de\/product\/22ct-gold-initial-f-pendant-with-cz-0-6-inches-unisex-42281\/\">Initial-Anh\u00e4nger<\/a><\/em> aus der Vinyasa-Kollektion von PureJewels UK. Gefertigt in luxuri\u00f6ser <a href=\"https:\/\/www.purejewels.com\/de\/product\/22ct-gold-jali-filigree-ring-jali-collection-31926\/\">22ct<\/a> Dieser Anh\u00e4nger in Sunrise Gold strahlt in einem warmen, goldenen Farbton, der die Essenz des ersten Lichts der Morgend\u00e4mmerung einf\u00e4ngt. Der fein ausgearbeitete Buchstabe \"E\" besticht durch sein anmutiges, aber dennoch k\u00fchnes Design und ist damit ein perfektes Symbol f\u00fcr die pers\u00f6nliche Bedeutung.<\/p>\n<p>Als Teil unserer exklusiven Vinyasa-Kollektion ist dieser Anh\u00e4nger mehr als nur ein Schmuckst\u00fcck: Er ist ein Statement f\u00fcr Identit\u00e4t und Stil. Ganz gleich, ob Sie ihn als Repr\u00e4sentation Ihres eigenen Namens oder als Tribut an einen besonderen Menschen tragen, der E Initial Anh\u00e4nger ist ein zeitloses Accessoire, das jedes Outfit erg\u00e4nzt.<\/p>\n<p>Jedes St\u00fcck wird sorgf\u00e4ltig poliert, um ein makelloses Finish zu erzielen, das nicht nur die Blicke auf sich zieht, sondern auch f\u00fcr einen dauerhaften Glanz sorgt. Der Anh\u00e4nger ist so konzipiert, dass er vielseitig einsetzbar ist und sich sowohl f\u00fcr den Alltag als auch f\u00fcr besondere Anl\u00e4sse eignet.<\/p>\n<p>Schenken Sie sich selbst oder einem geliebten Menschen dieses exquisite Zeichen Ihrer Gef\u00fchle, pr\u00e4sentiert in unserer charakteristischen PureJewels-Verpackung. Perfekt, um Meilensteine zu markieren oder bedeutungsvolle Momente zu feiern, ist der E Initial Anh\u00e4nger in 22ct Sunrise Gold ein St\u00fcck, das f\u00fcr viele Jahre in Ehren gehalten wird.<\/p>\n<p>&nbsp;<\/p>","protected":false},"excerpt":{"rendered":"<div class=\"woocommerce-product-details__short-description\">\n<div class=\"woocommerce-product-details__short-description\">\n<table class=\"sh_desc\">\n<tbody>\n<tr>\n<td>Typ des Anh\u00e4ngers<\/td>\n<td>Fancy Initial-Anh\u00e4nger<\/td>\n<\/tr>\n<tr>\n<td>SKU<\/td>\n<td>48622<\/td>\n<\/tr>\n<tr>\n<td>Gewicht<\/td>\n<td>1,6 Gramm<\/td>\n<\/tr>\n<tr>\n<td>Metall<\/td>\n<td>22ct Sonnenaufgang Gold<\/td>\n<\/tr>\n<tr>\n<td>Entgelte<\/td>\n<td>Lieferung und Mehrwertsteuer inbegriffen<\/td>\n<\/tr>\n<tr>\n<td>Verpackung<\/td>\n<td>Mit Pr\u00e4sentationsbox<\/td>\n<\/tr>\n<tr>\n<td>Mehr Informationen<\/td>\n<td>\n<ul>\n<li>Kette ist nicht enthalten<\/li>\n<li>Siehe unser<strong>\u00a0Gold-Ketten<\/strong>\u00a0Sammlung<\/li>\n<li>Live-Chat mit uns f\u00fcr Verf\u00fcgbarkeit und mehr Bilder<\/li>\n<\/ul>\n<\/td>\n<\/tr>\n<\/tbody>\n<\/table>\n<\/div>\n<div class=\"btn-atc atc-slide\"><\/div>\n<div class=\"product_meta\"><\/div>\n<\/div>","protected":false},"featured_media":380550,"comment_status":"closed","ping_status":"closed","template":"","meta":{"_eb_attr":"","_crsspst_to_jayantr4sg-hostcom":false},"product_brand":[],"product_cat":[1794,1229,1255,5598,5943,1769,1767,1569,1480],"product_tag":[],"class_list":{"0":"post-370519","1":"product","2":"type-product","3":"status-publish","4":"has-post-thumbnail","6":"product_cat-christmas-gifts","7":"product_cat-22ct-gold-jewellery","8":"product_cat-gold-pendants","9":"product_cat-initial-pendant","10":"product_cat-kids-jewellery","11":"product_cat-kids-pendants","12":"product_cat-ladies-pendants","13":"product_cat-valentine-day-gifts","14":"product_cat-vinyasa-collections","16":"first","17":"outofstock","18":"taxable","19":"shipping-taxable","20":"product-type-simple","21":"add-to-wishlist-before_image"},"yoast_head":"<!-- This site is optimized with the Yoast SEO plugin v27.3 - https:\/\/yoast.com\/product\/yoast-seo-wordpress\/ -->\n<title>E Initial Pendant in 22ct Sunrise Gold | PureJewels UK<\/title>\n<meta name=\"description\" content=\"Discover our stunning E Initial Pendant crafted in 22ct Sunrise Gold. Perfect for personal style or gifting, it&#039;s a unique piece to cherish.\" \/>\n<meta name=\"robots\" content=\"index, follow, max-snippet:-1, max-image-preview:large, max-video-preview:-1\" \/>\n<link rel=\"canonical\" href=\"https:\/\/www.purejewels.com\/de\/produkt-2\/22ct-sunrise-gold-e-initial-anhanger-48622\/\" \/>\n<meta property=\"og:locale\" content=\"de_DE\" \/>\n<meta property=\"og:type\" content=\"article\" \/>\n<meta property=\"og:title\" content=\"E Initial Pendant in 22ct Sunrise Gold | PureJewels UK\" \/>\n<meta property=\"og:description\" content=\"Discover our stunning E Initial Pendant crafted in 22ct Sunrise Gold. Perfect for personal style or gifting, it&#039;s a unique piece to cherish.\" \/>\n<meta property=\"og:url\" content=\"https:\/\/www.purejewels.com\/de\/produkt-2\/22ct-sunrise-gold-e-initial-anhanger-48622\/\" \/>\n<meta property=\"og:site_name\" content=\"PureJewels UK\" \/>\n<meta property=\"article:modified_time\" content=\"2026-01-06T08:01:28+00:00\" \/>\n<meta property=\"og:image\" content=\"https:\/\/www.purejewels.com\/wp-content\/uploads\/2024\/08\/8622_1.png\" \/>\n\t<meta property=\"og:image:width\" content=\"1000\" \/>\n\t<meta property=\"og:image:height\" content=\"1000\" \/>\n\t<meta property=\"og:image:type\" content=\"image\/png\" \/>\n<meta name=\"twitter:card\" content=\"summary_large_image\" \/>\n<meta name=\"twitter:label1\" content=\"Gesch\u00e4tzte Lesezeit\" \/>\n\t<meta name=\"twitter:data1\" content=\"1\u00a0Minute\" \/>\n<script type=\"application\/ld+json\" class=\"yoast-schema-graph\">{\"@context\":\"https:\\\/\\\/schema.org\",\"@graph\":[{\"@type\":[\"WebPage\",\"ItemPage\"],\"@id\":\"https:\\\/\\\/www.purejewels.com\\\/product\\\/22ct-sunrise-gold-e-initial-pendant-48622\\\/\",\"url\":\"https:\\\/\\\/www.purejewels.com\\\/product\\\/22ct-sunrise-gold-e-initial-pendant-48622\\\/\",\"name\":\"E Initial Pendant in 22ct Sunrise Gold | PureJewels UK\",\"isPartOf\":{\"@id\":\"https:\\\/\\\/www.purejewels.com\\\/#website\"},\"primaryImageOfPage\":{\"@id\":\"https:\\\/\\\/www.purejewels.com\\\/product\\\/22ct-sunrise-gold-e-initial-pendant-48622\\\/#primaryimage\"},\"image\":{\"@id\":\"https:\\\/\\\/www.purejewels.com\\\/product\\\/22ct-sunrise-gold-e-initial-pendant-48622\\\/#primaryimage\"},\"thumbnailUrl\":\"https:\\\/\\\/static.purejewels.com\\\/wp-content\\\/uploads\\\/2024\\\/08\\\/8622_1.png\",\"datePublished\":\"2024-08-28T12:07:27+00:00\",\"dateModified\":\"2026-01-06T08:01:28+00:00\",\"description\":\"Discover our stunning E Initial Pendant crafted in 22ct Sunrise Gold. Perfect for personal style or gifting, it's a unique piece to cherish.\",\"breadcrumb\":{\"@id\":\"https:\\\/\\\/www.purejewels.com\\\/product\\\/22ct-sunrise-gold-e-initial-pendant-48622\\\/#breadcrumb\"},\"inLanguage\":\"de\",\"potentialAction\":[{\"@type\":\"ReadAction\",\"target\":[\"https:\\\/\\\/www.purejewels.com\\\/product\\\/22ct-sunrise-gold-e-initial-pendant-48622\\\/\"]}]},{\"@type\":\"ImageObject\",\"inLanguage\":\"de\",\"@id\":\"https:\\\/\\\/www.purejewels.com\\\/product\\\/22ct-sunrise-gold-e-initial-pendant-48622\\\/#primaryimage\",\"url\":\"https:\\\/\\\/static.purejewels.com\\\/wp-content\\\/uploads\\\/2024\\\/08\\\/8622_1.png\",\"contentUrl\":\"https:\\\/\\\/static.purejewels.com\\\/wp-content\\\/uploads\\\/2024\\\/08\\\/8622_1.png\",\"width\":1000,\"height\":1000,\"caption\":\"22ct Sunrise Gold E Initial Pendant\"},{\"@type\":\"BreadcrumbList\",\"@id\":\"https:\\\/\\\/www.purejewels.com\\\/product\\\/22ct-sunrise-gold-e-initial-pendant-48622\\\/#breadcrumb\",\"itemListElement\":[{\"@type\":\"ListItem\",\"position\":1,\"name\":\"Home\",\"item\":\"https:\\\/\\\/www.purejewels.com\\\/\"},{\"@type\":\"ListItem\",\"position\":2,\"name\":\"Shop\",\"item\":\"https:\\\/\\\/www.purejewels.com\\\/shop\\\/\"},{\"@type\":\"ListItem\",\"position\":3,\"name\":\"22ct Sunrise Gold E Initial Pendant\"}]},{\"@type\":\"WebSite\",\"@id\":\"https:\\\/\\\/www.purejewels.com\\\/#website\",\"url\":\"https:\\\/\\\/www.purejewels.com\\\/\",\"name\":\"PureJewels UK\",\"description\":\"Share the Love\",\"publisher\":{\"@id\":\"https:\\\/\\\/www.purejewels.com\\\/#organization\"},\"potentialAction\":[{\"@type\":\"SearchAction\",\"target\":{\"@type\":\"EntryPoint\",\"urlTemplate\":\"https:\\\/\\\/www.purejewels.com\\\/?s={search_term_string}\"},\"query-input\":{\"@type\":\"PropertyValueSpecification\",\"valueRequired\":true,\"valueName\":\"search_term_string\"}}],\"inLanguage\":\"de\"},{\"@type\":\"Organization\",\"@id\":\"https:\\\/\\\/www.purejewels.com\\\/#organization\",\"name\":\"PureJewels UK\",\"url\":\"https:\\\/\\\/www.purejewels.com\\\/\",\"logo\":{\"@type\":\"ImageObject\",\"inLanguage\":\"de\",\"@id\":\"https:\\\/\\\/www.purejewels.com\\\/#\\\/schema\\\/logo\\\/image\\\/\",\"url\":\"https:\\\/\\\/static.purejewels.com\\\/wp-content\\\/uploads\\\/2020\\\/11\\\/Logo-PJ-New-1.png\",\"contentUrl\":\"https:\\\/\\\/static.purejewels.com\\\/wp-content\\\/uploads\\\/2020\\\/11\\\/Logo-PJ-New-1.png\",\"width\":150,\"height\":80,\"caption\":\"PureJewels UK\"},\"image\":{\"@id\":\"https:\\\/\\\/www.purejewels.com\\\/#\\\/schema\\\/logo\\\/image\\\/\"}}]}<\/script>\n<!-- \/ Yoast SEO plugin. -->","yoast_head_json":{"title":"E Initial-Anh\u00e4nger in 22ct Sunrise Gold | PureJewels UK","description":"Entdecken Sie unseren atemberaubenden Anh\u00e4nger mit der Initiale E aus 22 Karat Sunrise Gold. Perfekt f\u00fcr den pers\u00f6nlichen Stil oder zum Verschenken - ein einzigartiges St\u00fcck, das Sie in Ehren halten werden.","robots":{"index":"index","follow":"follow","max-snippet":"max-snippet:-1","max-image-preview":"max-image-preview:large","max-video-preview":"max-video-preview:-1"},"canonical":"https:\/\/www.purejewels.com\/de\/produkt-2\/22ct-sunrise-gold-e-initial-anhanger-48622\/","og_locale":"de_DE","og_type":"article","og_title":"E Initial Pendant in 22ct Sunrise Gold | PureJewels UK","og_description":"Discover our stunning E Initial Pendant crafted in 22ct Sunrise Gold. Perfect for personal style or gifting, it's a unique piece to cherish.","og_url":"https:\/\/www.purejewels.com\/de\/produkt-2\/22ct-sunrise-gold-e-initial-anhanger-48622\/","og_site_name":"PureJewels UK","article_modified_time":"2026-01-06T08:01:28+00:00","og_image":[{"width":1000,"height":1000,"url":"https:\/\/www.purejewels.com\/wp-content\/uploads\/2024\/08\/8622_1.png","type":"image\/png"}],"twitter_card":"summary_large_image","twitter_misc":{"Gesch\u00e4tzte Lesezeit":"1\u00a0Minute"},"schema":{"@context":"https:\/\/schema.org","@graph":[{"@type":["WebPage","ItemPage"],"@id":"https:\/\/www.purejewels.com\/product\/22ct-sunrise-gold-e-initial-pendant-48622\/","url":"https:\/\/www.purejewels.com\/product\/22ct-sunrise-gold-e-initial-pendant-48622\/","name":"E Initial-Anh\u00e4nger in 22ct Sunrise Gold | PureJewels UK","isPartOf":{"@id":"https:\/\/www.purejewels.com\/#website"},"primaryImageOfPage":{"@id":"https:\/\/www.purejewels.com\/product\/22ct-sunrise-gold-e-initial-pendant-48622\/#primaryimage"},"image":{"@id":"https:\/\/www.purejewels.com\/product\/22ct-sunrise-gold-e-initial-pendant-48622\/#primaryimage"},"thumbnailUrl":"https:\/\/static.purejewels.com\/wp-content\/uploads\/2024\/08\/8622_1.png","datePublished":"2024-08-28T12:07:27+00:00","dateModified":"2026-01-06T08:01:28+00:00","description":"Entdecken Sie unseren atemberaubenden Anh\u00e4nger mit der Initiale E aus 22 Karat Sunrise Gold. Perfekt f\u00fcr den pers\u00f6nlichen Stil oder zum Verschenken - ein einzigartiges St\u00fcck, das Sie in Ehren halten werden.","breadcrumb":{"@id":"https:\/\/www.purejewels.com\/product\/22ct-sunrise-gold-e-initial-pendant-48622\/#breadcrumb"},"inLanguage":"de","potentialAction":[{"@type":"ReadAction","target":["https:\/\/www.purejewels.com\/product\/22ct-sunrise-gold-e-initial-pendant-48622\/"]}]},{"@type":"ImageObject","inLanguage":"de","@id":"https:\/\/www.purejewels.com\/product\/22ct-sunrise-gold-e-initial-pendant-48622\/#primaryimage","url":"https:\/\/static.purejewels.com\/wp-content\/uploads\/2024\/08\/8622_1.png","contentUrl":"https:\/\/static.purejewels.com\/wp-content\/uploads\/2024\/08\/8622_1.png","width":1000,"height":1000,"caption":"22ct Sunrise Gold E Initial Pendant"},{"@type":"BreadcrumbList","@id":"https:\/\/www.purejewels.com\/product\/22ct-sunrise-gold-e-initial-pendant-48622\/#breadcrumb","itemListElement":[{"@type":"ListItem","position":1,"name":"Home","item":"https:\/\/www.purejewels.com\/"},{"@type":"ListItem","position":2,"name":"Shop","item":"https:\/\/www.purejewels.com\/shop\/"},{"@type":"ListItem","position":3,"name":"22ct Sunrise Gold E Initial Pendant"}]},{"@type":"WebSite","@id":"https:\/\/www.purejewels.com\/#website","url":"https:\/\/www.purejewels.com\/","name":"PureJewels UK","description":"Teile die Liebe","publisher":{"@id":"https:\/\/www.purejewels.com\/#organization"},"potentialAction":[{"@type":"SearchAction","target":{"@type":"EntryPoint","urlTemplate":"https:\/\/www.purejewels.com\/?s={search_term_string}"},"query-input":{"@type":"PropertyValueSpecification","valueRequired":true,"valueName":"search_term_string"}}],"inLanguage":"de"},{"@type":"Organization","@id":"https:\/\/www.purejewels.com\/#organization","name":"PureJewels UK","url":"https:\/\/www.purejewels.com\/","logo":{"@type":"ImageObject","inLanguage":"de","@id":"https:\/\/www.purejewels.com\/#\/schema\/logo\/image\/","url":"https:\/\/static.purejewels.com\/wp-content\/uploads\/2020\/11\/Logo-PJ-New-1.png","contentUrl":"https:\/\/static.purejewels.com\/wp-content\/uploads\/2020\/11\/Logo-PJ-New-1.png","width":150,"height":80,"caption":"PureJewels UK"},"image":{"@id":"https:\/\/www.purejewels.com\/#\/schema\/logo\/image\/"}}]}},"_links":{"self":[{"href":"https:\/\/www.purejewels.com\/de\/wp-json\/wp\/v2\/product\/370519","targetHints":{"allow":["GET"]}}],"collection":[{"href":"https:\/\/www.purejewels.com\/de\/wp-json\/wp\/v2\/product"}],"about":[{"href":"https:\/\/www.purejewels.com\/de\/wp-json\/wp\/v2\/types\/product"}],"replies":[{"embeddable":true,"href":"https:\/\/www.purejewels.com\/de\/wp-json\/wp\/v2\/comments?post=370519"}],"version-history":[{"count":2,"href":"https:\/\/www.purejewels.com\/de\/wp-json\/wp\/v2\/product\/370519\/revisions"}],"predecessor-version":[{"id":387886,"href":"https:\/\/www.purejewels.com\/de\/wp-json\/wp\/v2\/product\/370519\/revisions\/387886"}],"wp:featuredmedia":[{"embeddable":true,"href":"https:\/\/www.purejewels.com\/de\/wp-json\/wp\/v2\/media\/380550"}],"wp:attachment":[{"href":"https:\/\/www.purejewels.com\/de\/wp-json\/wp\/v2\/media?parent=370519"}],"wp:term":[{"taxonomy":"product_brand","embeddable":true,"href":"https:\/\/www.purejewels.com\/de\/wp-json\/wp\/v2\/product_brand?post=370519"},{"taxonomy":"product_cat","embeddable":true,"href":"https:\/\/www.purejewels.com\/de\/wp-json\/wp\/v2\/product_cat?post=370519"},{"taxonomy":"product_tag","embeddable":true,"href":"https:\/\/www.purejewels.com\/de\/wp-json\/wp\/v2\/product_tag?post=370519"}],"curies":[{"name":"wp","href":"https:\/\/api.w.org\/{rel}","templated":true}]}}