{"id":370540,"date":"2025-12-09T05:07:53","date_gmt":"2025-12-09T05:07:53","guid":{"rendered":"https:\/\/www.purejewels.com\/?post_type=product&#038;p=370540"},"modified":"2026-01-13T05:18:39","modified_gmt":"2026-01-13T05:18:39","slug":"anhanger-mit-der-initiale-s-aus-22-karat-sunrise-gold-48618","status":"publish","type":"product","link":"https:\/\/www.purejewels.com\/de\/product\/initial-s-pendant-in-22ct-sunrise-gold-48618\/","title":{"rendered":"Initial S Anh\u00e4nger | Vinyasa Kollektion"},"content":{"rendered":"<p>Verk\u00f6rpern Sie die Essenz von Raffinesse und pers\u00f6nlichem Ausdruck mit dem <em><a href=\"https:\/\/www.purejewels.com\/de\/product\/22ct-gold-pendant-initial-50347\/\">Anh\u00e4nger mit der Initiale S<\/a><\/em> aus der Vinyasa-Kollektion von PureJewels UK. Handgefertigt in strahlender <a href=\"https:\/\/www.purejewels.com\/de\/product\/22ct-gold-jali-filigree-ring-jali-collection-31926\/\">22ct<\/a> Dieser Anh\u00e4nger aus Sunrise Gold strahlt ein warmes, leuchtendes Licht aus, das an die ersten Sonnenstrahlen erinnert, und ist damit eine elegante Erg\u00e4nzung f\u00fcr jede Schmucksammlung.<\/p>\n<p>Der stilisierte Buchstabe \"S\" ist kunstvoll gestaltet, um sowohl St\u00e4rke als auch Anmut zu zeigen und die einzigartigen Geschichten und Verbindungen zu symbolisieren, die der Tr\u00e4gerin am Herzen liegen. Ob als Symbol f\u00fcr einen Namen oder eine gesch\u00e4tzte Erinnerung, dieser Anh\u00e4nger ist ein zeitloses Zeichen der Individualit\u00e4t.<\/p>\n<p>Als Teil unserer sorgf\u00e4ltig zusammengestellten Vinyasa-Kollektion ist der Initial S-Anh\u00e4nger mehr als nur ein Accessoire - er ist ein pers\u00f6nliches Statement. Durch sein vielseitiges Design passt er zu jedem Look, von l\u00e4ssiger Eleganz bis hin zu raffinierter Raffinesse, und ist damit sowohl f\u00fcr den Alltag als auch f\u00fcr besondere Anl\u00e4sse geeignet.<\/p>\n<p>Zelebrieren Sie Ihre Geschichte mit dem Anh\u00e4nger mit der Initiale S aus 22 Karat Sunrise Gold - ein Andenken von dauerhafter Sch\u00f6nheit und Bedeutung.<\/p>","protected":false},"excerpt":{"rendered":"<p><strong>Typ des Anh\u00e4ngers:<\/strong> Personalisierter Anh\u00e4nger mit Initialen<br \/>\n<strong>SKU:<\/strong> 48618<br \/>\n<strong>Gewicht:<\/strong> 1,6 Gramm<br \/>\n<strong>Metall:<\/strong> 22ct Sonnenaufgang Gold<br \/>\n<strong>Anklagen:<\/strong> Lieferung und Mehrwertsteuer inbegriffen<\/p>\n<p><strong>Weitere Informationen:\u00a0<\/strong><br \/>\nDie Kette ist nicht enthalten<br \/>\nSiehe unser\u00a0<a href=\"https:\/\/www.purejewels.com\/de\/produkt-kategorie\/22-karatiger-goldschmuck\/goldketten\/gliederkette\/\">Kollektion Goldketten<\/a><br \/>\nLive-Chat mit uns f\u00fcr Verf\u00fcgbarkeit und mehr Bilder<\/p>","protected":false},"featured_media":380540,"comment_status":"closed","ping_status":"closed","template":"","meta":{"_eb_attr":"","_crsspst_to_jayantr4sg-hostcom":false},"product_brand":[],"product_cat":[1794,1229,1255,6122,5598,1767,5906,6051,6120,1569,1480],"product_tag":[],"class_list":{"0":"post-370540","1":"product","2":"type-product","3":"status-publish","4":"has-post-thumbnail","6":"product_cat-christmas-gifts","7":"product_cat-22ct-gold-jewellery","8":"product_cat-gold-pendants","9":"product_cat-initial","10":"product_cat-initial-pendant","11":"product_cat-ladies-pendants","12":"product_cat-personalised-jewellery","13":"product_cat-personalised-pendant","14":"product_cat-shop-by-style","15":"product_cat-valentine-day-gifts","16":"product_cat-vinyasa-collections","18":"first","19":"outofstock","20":"taxable","21":"shipping-taxable","22":"product-type-simple","23":"add-to-wishlist-before_image"},"yoast_head":"<!-- This site is optimized with the Yoast SEO plugin v27.5 - https:\/\/yoast.com\/product\/yoast-seo-wordpress\/ -->\n<title>Initial S Pendant in 22ct Sunrise Gold | Vinyasa Collection<\/title>\n<meta name=\"description\" content=\"Discover the elegance of the Initial S Pendant in 22ct Sunrise Gold from our Vinyasa Collection. Perfect for personal elegance and meaningful gifting.\" \/>\n<meta name=\"robots\" content=\"index, follow, max-snippet:-1, max-image-preview:large, max-video-preview:-1\" \/>\n<link rel=\"canonical\" href=\"https:\/\/www.purejewels.com\/de\/produkt-2\/anhanger-mit-der-initiale-s-aus-22-karat-sunrise-gold-48618\/\" \/>\n<meta property=\"og:locale\" content=\"de_DE\" \/>\n<meta property=\"og:type\" content=\"article\" \/>\n<meta property=\"og:title\" content=\"Initial S Pendant in 22ct Sunrise Gold | Vinyasa Collection\" \/>\n<meta property=\"og:description\" content=\"Discover the elegance of the Initial S Pendant in 22ct Sunrise Gold from our Vinyasa Collection. Perfect for personal elegance and meaningful gifting.\" \/>\n<meta property=\"og:url\" content=\"https:\/\/www.purejewels.com\/de\/produkt-2\/anhanger-mit-der-initiale-s-aus-22-karat-sunrise-gold-48618\/\" \/>\n<meta property=\"og:site_name\" content=\"PureJewels UK\" \/>\n<meta property=\"article:modified_time\" content=\"2026-01-13T05:18:39+00:00\" \/>\n<meta property=\"og:image\" content=\"https:\/\/static.purejewels.com\/wp-content\/uploads\/2024\/08\/48618_1.png\" \/>\n\t<meta property=\"og:image:width\" content=\"1000\" \/>\n\t<meta property=\"og:image:height\" content=\"1000\" \/>\n\t<meta property=\"og:image:type\" content=\"image\/png\" \/>\n<meta name=\"twitter:card\" content=\"summary_large_image\" \/>\n<meta name=\"twitter:label1\" content=\"Gesch\u00e4tzte Lesezeit\" \/>\n\t<meta name=\"twitter:data1\" content=\"1\u00a0Minute\" \/>\n<script type=\"application\/ld+json\" class=\"yoast-schema-graph\">{\"@context\":\"https:\\\/\\\/schema.org\",\"@graph\":[{\"@type\":[\"WebPage\",\"ItemPage\"],\"@id\":\"https:\\\/\\\/www.purejewels.com\\\/product\\\/initial-s-pendant-in-22ct-sunrise-gold-48618\\\/\",\"url\":\"https:\\\/\\\/www.purejewels.com\\\/product\\\/initial-s-pendant-in-22ct-sunrise-gold-48618\\\/\",\"name\":\"Initial S Pendant in 22ct Sunrise Gold | Vinyasa Collection\",\"isPartOf\":{\"@id\":\"https:\\\/\\\/www.purejewels.com\\\/#website\"},\"primaryImageOfPage\":{\"@id\":\"https:\\\/\\\/www.purejewels.com\\\/product\\\/initial-s-pendant-in-22ct-sunrise-gold-48618\\\/#primaryimage\"},\"image\":{\"@id\":\"https:\\\/\\\/www.purejewels.com\\\/product\\\/initial-s-pendant-in-22ct-sunrise-gold-48618\\\/#primaryimage\"},\"thumbnailUrl\":\"https:\\\/\\\/static.purejewels.com\\\/wp-content\\\/uploads\\\/2024\\\/08\\\/48618_1.png\",\"datePublished\":\"2025-12-09T05:07:53+00:00\",\"dateModified\":\"2026-01-13T05:18:39+00:00\",\"description\":\"Discover the elegance of the Initial S Pendant in 22ct Sunrise Gold from our Vinyasa Collection. Perfect for personal elegance and meaningful gifting.\",\"breadcrumb\":{\"@id\":\"https:\\\/\\\/www.purejewels.com\\\/product\\\/initial-s-pendant-in-22ct-sunrise-gold-48618\\\/#breadcrumb\"},\"inLanguage\":\"de\",\"potentialAction\":[{\"@type\":\"ReadAction\",\"target\":[\"https:\\\/\\\/www.purejewels.com\\\/product\\\/initial-s-pendant-in-22ct-sunrise-gold-48618\\\/\"]}]},{\"@type\":\"ImageObject\",\"inLanguage\":\"de\",\"@id\":\"https:\\\/\\\/www.purejewels.com\\\/product\\\/initial-s-pendant-in-22ct-sunrise-gold-48618\\\/#primaryimage\",\"url\":\"https:\\\/\\\/static.purejewels.com\\\/wp-content\\\/uploads\\\/2024\\\/08\\\/48618_1.png\",\"contentUrl\":\"https:\\\/\\\/static.purejewels.com\\\/wp-content\\\/uploads\\\/2024\\\/08\\\/48618_1.png\",\"width\":1000,\"height\":1000,\"caption\":\"22kt Sunrise Gold Initial S Pendant | Vinyasa Collection\"},{\"@type\":\"BreadcrumbList\",\"@id\":\"https:\\\/\\\/www.purejewels.com\\\/product\\\/initial-s-pendant-in-22ct-sunrise-gold-48618\\\/#breadcrumb\",\"itemListElement\":[{\"@type\":\"ListItem\",\"position\":1,\"name\":\"Home\",\"item\":\"https:\\\/\\\/www.purejewels.com\\\/\"},{\"@type\":\"ListItem\",\"position\":2,\"name\":\"Shop\",\"item\":\"https:\\\/\\\/www.purejewels.com\\\/shop\\\/\"},{\"@type\":\"ListItem\",\"position\":3,\"name\":\"Initial S Pendant | Vinyasa Collection\"}]},{\"@type\":\"WebSite\",\"@id\":\"https:\\\/\\\/www.purejewels.com\\\/#website\",\"url\":\"https:\\\/\\\/www.purejewels.com\\\/\",\"name\":\"PureJewels UK\",\"description\":\"Share the Love\",\"publisher\":{\"@id\":\"https:\\\/\\\/www.purejewels.com\\\/#organization\"},\"potentialAction\":[{\"@type\":\"SearchAction\",\"target\":{\"@type\":\"EntryPoint\",\"urlTemplate\":\"https:\\\/\\\/www.purejewels.com\\\/?s={search_term_string}\"},\"query-input\":{\"@type\":\"PropertyValueSpecification\",\"valueRequired\":true,\"valueName\":\"search_term_string\"}}],\"inLanguage\":\"de\"},{\"@type\":\"Organization\",\"@id\":\"https:\\\/\\\/www.purejewels.com\\\/#organization\",\"name\":\"PureJewels UK\",\"url\":\"https:\\\/\\\/www.purejewels.com\\\/\",\"logo\":{\"@type\":\"ImageObject\",\"inLanguage\":\"de\",\"@id\":\"https:\\\/\\\/www.purejewels.com\\\/#\\\/schema\\\/logo\\\/image\\\/\",\"url\":\"https:\\\/\\\/static.purejewels.com\\\/wp-content\\\/uploads\\\/2020\\\/11\\\/Logo-PJ-New-1.png\",\"contentUrl\":\"https:\\\/\\\/static.purejewels.com\\\/wp-content\\\/uploads\\\/2020\\\/11\\\/Logo-PJ-New-1.png\",\"width\":150,\"height\":80,\"caption\":\"PureJewels UK\"},\"image\":{\"@id\":\"https:\\\/\\\/www.purejewels.com\\\/#\\\/schema\\\/logo\\\/image\\\/\"}}]}<\/script>\n<!-- \/ Yoast SEO plugin. -->","yoast_head_json":{"title":"Initial S Anh\u00e4nger in 22ct Sunrise Gold | Vinyasa Kollektion","description":"Entdecken Sie die Eleganz des Anh\u00e4ngers mit der Initiale S aus 22 Karat Sunrise Gold aus unserer Vinyasa Kollektion. Perfekt f\u00fcr pers\u00f6nliche Eleganz und sinnvolle Geschenke.","robots":{"index":"index","follow":"follow","max-snippet":"max-snippet:-1","max-image-preview":"max-image-preview:large","max-video-preview":"max-video-preview:-1"},"canonical":"https:\/\/www.purejewels.com\/de\/produkt-2\/anhanger-mit-der-initiale-s-aus-22-karat-sunrise-gold-48618\/","og_locale":"de_DE","og_type":"article","og_title":"Initial S Pendant in 22ct Sunrise Gold | Vinyasa Collection","og_description":"Discover the elegance of the Initial S Pendant in 22ct Sunrise Gold from our Vinyasa Collection. Perfect for personal elegance and meaningful gifting.","og_url":"https:\/\/www.purejewels.com\/de\/produkt-2\/anhanger-mit-der-initiale-s-aus-22-karat-sunrise-gold-48618\/","og_site_name":"PureJewels UK","article_modified_time":"2026-01-13T05:18:39+00:00","og_image":[{"width":1000,"height":1000,"url":"https:\/\/static.purejewels.com\/wp-content\/uploads\/2024\/08\/48618_1.png","type":"image\/png"}],"twitter_card":"summary_large_image","twitter_misc":{"Gesch\u00e4tzte Lesezeit":"1\u00a0Minute"},"schema":{"@context":"https:\/\/schema.org","@graph":[{"@type":["WebPage","ItemPage"],"@id":"https:\/\/www.purejewels.com\/product\/initial-s-pendant-in-22ct-sunrise-gold-48618\/","url":"https:\/\/www.purejewels.com\/product\/initial-s-pendant-in-22ct-sunrise-gold-48618\/","name":"Initial S Anh\u00e4nger in 22ct Sunrise Gold | Vinyasa Kollektion","isPartOf":{"@id":"https:\/\/www.purejewels.com\/#website"},"primaryImageOfPage":{"@id":"https:\/\/www.purejewels.com\/product\/initial-s-pendant-in-22ct-sunrise-gold-48618\/#primaryimage"},"image":{"@id":"https:\/\/www.purejewels.com\/product\/initial-s-pendant-in-22ct-sunrise-gold-48618\/#primaryimage"},"thumbnailUrl":"https:\/\/static.purejewels.com\/wp-content\/uploads\/2024\/08\/48618_1.png","datePublished":"2025-12-09T05:07:53+00:00","dateModified":"2026-01-13T05:18:39+00:00","description":"Entdecken Sie die Eleganz des Anh\u00e4ngers mit der Initiale S aus 22 Karat Sunrise Gold aus unserer Vinyasa Kollektion. Perfekt f\u00fcr pers\u00f6nliche Eleganz und sinnvolle Geschenke.","breadcrumb":{"@id":"https:\/\/www.purejewels.com\/product\/initial-s-pendant-in-22ct-sunrise-gold-48618\/#breadcrumb"},"inLanguage":"de","potentialAction":[{"@type":"ReadAction","target":["https:\/\/www.purejewels.com\/product\/initial-s-pendant-in-22ct-sunrise-gold-48618\/"]}]},{"@type":"ImageObject","inLanguage":"de","@id":"https:\/\/www.purejewels.com\/product\/initial-s-pendant-in-22ct-sunrise-gold-48618\/#primaryimage","url":"https:\/\/static.purejewels.com\/wp-content\/uploads\/2024\/08\/48618_1.png","contentUrl":"https:\/\/static.purejewels.com\/wp-content\/uploads\/2024\/08\/48618_1.png","width":1000,"height":1000,"caption":"22kt Sunrise Gold Initial S Pendant | Vinyasa Collection"},{"@type":"BreadcrumbList","@id":"https:\/\/www.purejewels.com\/product\/initial-s-pendant-in-22ct-sunrise-gold-48618\/#breadcrumb","itemListElement":[{"@type":"ListItem","position":1,"name":"Home","item":"https:\/\/www.purejewels.com\/"},{"@type":"ListItem","position":2,"name":"Shop","item":"https:\/\/www.purejewels.com\/shop\/"},{"@type":"ListItem","position":3,"name":"Initial S Pendant | Vinyasa Collection"}]},{"@type":"WebSite","@id":"https:\/\/www.purejewels.com\/#website","url":"https:\/\/www.purejewels.com\/","name":"PureJewels UK","description":"Teile die Liebe","publisher":{"@id":"https:\/\/www.purejewels.com\/#organization"},"potentialAction":[{"@type":"SearchAction","target":{"@type":"EntryPoint","urlTemplate":"https:\/\/www.purejewels.com\/?s={search_term_string}"},"query-input":{"@type":"PropertyValueSpecification","valueRequired":true,"valueName":"search_term_string"}}],"inLanguage":"de"},{"@type":"Organization","@id":"https:\/\/www.purejewels.com\/#organization","name":"PureJewels UK","url":"https:\/\/www.purejewels.com\/","logo":{"@type":"ImageObject","inLanguage":"de","@id":"https:\/\/www.purejewels.com\/#\/schema\/logo\/image\/","url":"https:\/\/static.purejewels.com\/wp-content\/uploads\/2020\/11\/Logo-PJ-New-1.png","contentUrl":"https:\/\/static.purejewels.com\/wp-content\/uploads\/2020\/11\/Logo-PJ-New-1.png","width":150,"height":80,"caption":"PureJewels UK"},"image":{"@id":"https:\/\/www.purejewels.com\/#\/schema\/logo\/image\/"}}]}},"_links":{"self":[{"href":"https:\/\/www.purejewels.com\/de\/wp-json\/wp\/v2\/product\/370540","targetHints":{"allow":["GET"]}}],"collection":[{"href":"https:\/\/www.purejewels.com\/de\/wp-json\/wp\/v2\/product"}],"about":[{"href":"https:\/\/www.purejewels.com\/de\/wp-json\/wp\/v2\/types\/product"}],"replies":[{"embeddable":true,"href":"https:\/\/www.purejewels.com\/de\/wp-json\/wp\/v2\/comments?post=370540"}],"version-history":[{"count":3,"href":"https:\/\/www.purejewels.com\/de\/wp-json\/wp\/v2\/product\/370540\/revisions"}],"predecessor-version":[{"id":404750,"href":"https:\/\/www.purejewels.com\/de\/wp-json\/wp\/v2\/product\/370540\/revisions\/404750"}],"wp:featuredmedia":[{"embeddable":true,"href":"https:\/\/www.purejewels.com\/de\/wp-json\/wp\/v2\/media\/380540"}],"wp:attachment":[{"href":"https:\/\/www.purejewels.com\/de\/wp-json\/wp\/v2\/media?parent=370540"}],"wp:term":[{"taxonomy":"product_brand","embeddable":true,"href":"https:\/\/www.purejewels.com\/de\/wp-json\/wp\/v2\/product_brand?post=370540"},{"taxonomy":"product_cat","embeddable":true,"href":"https:\/\/www.purejewels.com\/de\/wp-json\/wp\/v2\/product_cat?post=370540"},{"taxonomy":"product_tag","embeddable":true,"href":"https:\/\/www.purejewels.com\/de\/wp-json\/wp\/v2\/product_tag?post=370540"}],"curies":[{"name":"wp","href":"https:\/\/api.w.org\/{rel}","templated":true}]}}