{"id":370545,"date":"2024-08-29T05:27:53","date_gmt":"2024-08-29T04:27:53","guid":{"rendered":"https:\/\/www.purejewels.com\/?post_type=product&#038;p=370545"},"modified":"2026-01-06T08:01:28","modified_gmt":"2026-01-06T08:01:28","slug":"initial-n-sonnenaufgang-gold-anhanger-48621","status":"publish","type":"product","link":"https:\/\/www.purejewels.com\/de\/product\/initial-n-sunrise-gold-pendant-48621\/","title":{"rendered":"Initiale N Sonnenaufgang Gold-Anh\u00e4nger"},"content":{"rendered":"<p>Genie\u00dfen Sie die Sch\u00f6nheit individueller Eleganz mit dem <em>Initiale N Sonnenaufgang <a href=\"https:\/\/www.purejewels.com\/de\/product\/22ct-real-gold-shoe-pendant-43097\/\">Gold-Anh\u00e4nger<\/a><\/em> aus der Vinyasa-Kollektion von PureJewels UK. Gefertigt in strahlender <a href=\"https:\/\/www.purejewels.com\/de\/product\/22ct-gold-jali-filigree-ring-jali-collection-31926\/\">22ct<\/a> Sunrise Gold, dieser Anh\u00e4nger zeigt den Buchstaben \"N\" in einem raffinierten Design, das zeitlosen Charme mit einem modernen Twist verbindet. Die warmen, goldenen T\u00f6ne des Anh\u00e4ngers fangen den Schein des ersten Morgenlichts ein und symbolisieren neue Anf\u00e4nge und gesch\u00e4tzte Momente.<\/p>\n<p>Experte <a href=\"https:\/\/www.purejewels.com\/de\/a-guide-to-die-stamping\/\">Handwerkskunst<\/a> sorgt f\u00fcr ein makelloses Finish, bei dem jede Kurve und Linie perfekt poliert ist und das bei jeder Bewegung gl\u00e4nzt. Sein vielseitiges Design macht ihn ideal f\u00fcr den Alltag und besondere Anl\u00e4sse und verleiht jedem Ensemble einen Hauch von Raffinesse.<\/p>\n<p>Der Goldanh\u00e4nger mit der Initiale N Sunrise in der eleganten PureJewels-Verpackung ist ein aufmerksames Geschenk oder eine sinnvolle Erg\u00e4nzung f\u00fcr Ihre eigene Sammlung. Feiern Sie die Meilensteine des Lebens, dr\u00fccken Sie Ihre Individualit\u00e4t aus oder genie\u00dfen Sie einfach den Luxus eines Schmuckst\u00fccks, das Ihren einzigartigen Stil widerspiegelt.<\/p>","protected":false},"excerpt":{"rendered":"<div class=\"woocommerce-product-details__short-description\">\n<div class=\"woocommerce-product-details__short-description\">\n<table class=\"sh_desc\">\n<tbody>\n<tr>\n<td>Typ des Anh\u00e4ngers<\/td>\n<td>Fancy Initial-Anh\u00e4nger<\/td>\n<\/tr>\n<tr>\n<td>SKU<\/td>\n<td>48621<\/td>\n<\/tr>\n<tr>\n<td>Gewicht<\/td>\n<td>1,7 Gramm<\/td>\n<\/tr>\n<tr>\n<td>Metall<\/td>\n<td>22ct Sonnenaufgang Gold<\/td>\n<\/tr>\n<tr>\n<td>Entgelte<\/td>\n<td>Lieferung und Mehrwertsteuer inbegriffen<\/td>\n<\/tr>\n<tr>\n<td>Verpackung<\/td>\n<td>Mit Pr\u00e4sentationsbox<\/td>\n<\/tr>\n<tr>\n<td>Mehr Informationen<\/td>\n<td>\n<ul>\n<li>Kette ist nicht enthalten<\/li>\n<li>Siehe unser<strong>\u00a0Gold-Ketten<\/strong>\u00a0Sammlung<\/li>\n<li>Live-Chat mit uns f\u00fcr Verf\u00fcgbarkeit und mehr Bilder<\/li>\n<\/ul>\n<\/td>\n<\/tr>\n<\/tbody>\n<\/table>\n<\/div>\n<div class=\"btn-atc atc-slide\"><\/div>\n<div class=\"product_meta\"><\/div>\n<\/div>","protected":false},"featured_media":370546,"comment_status":"closed","ping_status":"closed","template":"","meta":{"_eb_attr":"","_crsspst_to_jayantr4sg-hostcom":false},"product_brand":[],"product_cat":[1576,1794,1793,1255,5598,1769,1767,1575,1480,1574],"product_tag":[],"class_list":{"0":"post-370545","1":"product","2":"type-product","3":"status-publish","4":"has-post-thumbnail","6":"product_cat-childrens-jewellery","7":"product_cat-christmas-gifts","8":"product_cat-diwali-gifts","9":"product_cat-gold-pendants","10":"product_cat-initial-pendant","11":"product_cat-kids-pendants","12":"product_cat-ladies-pendants","13":"product_cat-teenage-jewellery","14":"product_cat-vinyasa-collections","15":"product_cat-womens-jewellery","17":"first","18":"outofstock","19":"taxable","20":"shipping-taxable","21":"product-type-simple","22":"add-to-wishlist-before_image"},"yoast_head":"<!-- This site is optimized with the Yoast SEO plugin v27.5 - https:\/\/yoast.com\/product\/yoast-seo-wordpress\/ -->\n<title>Diwali Jewellery: Initial N Sunrise Gold Pendant<\/title>\n<meta name=\"description\" content=\"Celebrate this Diwali with our stunning Initial N Sunrise Gold Pendant. Discover elegant Diwali jewellery that adds sparkle to your festive look!\" \/>\n<meta name=\"robots\" content=\"index, follow, max-snippet:-1, max-image-preview:large, max-video-preview:-1\" \/>\n<link rel=\"canonical\" href=\"https:\/\/www.purejewels.com\/de\/produkt-2\/initial-n-sonnenaufgang-gold-anhanger-48621\/\" \/>\n<meta property=\"og:locale\" content=\"de_DE\" \/>\n<meta property=\"og:type\" content=\"article\" \/>\n<meta property=\"og:title\" content=\"Diwali Jewellery: Initial N Sunrise Gold Pendant\" \/>\n<meta property=\"og:description\" content=\"Celebrate this Diwali with our stunning Initial N Sunrise Gold Pendant. Discover elegant Diwali jewellery that adds sparkle to your festive look!\" \/>\n<meta property=\"og:url\" content=\"https:\/\/www.purejewels.com\/de\/produkt-2\/initial-n-sonnenaufgang-gold-anhanger-48621\/\" \/>\n<meta property=\"og:site_name\" content=\"PureJewels UK\" \/>\n<meta property=\"article:modified_time\" content=\"2026-01-06T08:01:28+00:00\" \/>\n<meta property=\"og:image\" content=\"https:\/\/www.purejewels.com\/wp-content\/uploads\/2024\/08\/48621.jpg\" \/>\n\t<meta property=\"og:image:width\" content=\"1000\" \/>\n\t<meta property=\"og:image:height\" content=\"1000\" \/>\n\t<meta property=\"og:image:type\" content=\"image\/jpeg\" \/>\n<meta name=\"twitter:card\" content=\"summary_large_image\" \/>\n<meta name=\"twitter:label1\" content=\"Gesch\u00e4tzte Lesezeit\" \/>\n\t<meta name=\"twitter:data1\" content=\"1\u00a0Minute\" \/>\n<script type=\"application\/ld+json\" class=\"yoast-schema-graph\">{\"@context\":\"https:\\\/\\\/schema.org\",\"@graph\":[{\"@type\":[\"WebPage\",\"ItemPage\"],\"@id\":\"https:\\\/\\\/www.purejewels.com\\\/product\\\/initial-n-sunrise-gold-pendant-48621\\\/\",\"url\":\"https:\\\/\\\/www.purejewels.com\\\/product\\\/initial-n-sunrise-gold-pendant-48621\\\/\",\"name\":\"Diwali Jewellery: Initial N Sunrise Gold Pendant\",\"isPartOf\":{\"@id\":\"https:\\\/\\\/www.purejewels.com\\\/#website\"},\"primaryImageOfPage\":{\"@id\":\"https:\\\/\\\/www.purejewels.com\\\/product\\\/initial-n-sunrise-gold-pendant-48621\\\/#primaryimage\"},\"image\":{\"@id\":\"https:\\\/\\\/www.purejewels.com\\\/product\\\/initial-n-sunrise-gold-pendant-48621\\\/#primaryimage\"},\"thumbnailUrl\":\"https:\\\/\\\/static.purejewels.com\\\/wp-content\\\/uploads\\\/2024\\\/08\\\/48621.jpg\",\"datePublished\":\"2024-08-29T04:27:53+00:00\",\"dateModified\":\"2026-01-06T08:01:28+00:00\",\"description\":\"Celebrate this Diwali with our stunning Initial N Sunrise Gold Pendant. Discover elegant Diwali jewellery that adds sparkle to your festive look!\",\"breadcrumb\":{\"@id\":\"https:\\\/\\\/www.purejewels.com\\\/product\\\/initial-n-sunrise-gold-pendant-48621\\\/#breadcrumb\"},\"inLanguage\":\"de\",\"potentialAction\":[{\"@type\":\"ReadAction\",\"target\":[\"https:\\\/\\\/www.purejewels.com\\\/product\\\/initial-n-sunrise-gold-pendant-48621\\\/\"]}]},{\"@type\":\"ImageObject\",\"inLanguage\":\"de\",\"@id\":\"https:\\\/\\\/www.purejewels.com\\\/product\\\/initial-n-sunrise-gold-pendant-48621\\\/#primaryimage\",\"url\":\"https:\\\/\\\/static.purejewels.com\\\/wp-content\\\/uploads\\\/2024\\\/08\\\/48621.jpg\",\"contentUrl\":\"https:\\\/\\\/static.purejewels.com\\\/wp-content\\\/uploads\\\/2024\\\/08\\\/48621.jpg\",\"width\":1000,\"height\":1000,\"caption\":\"22ct Gold Pendant\"},{\"@type\":\"BreadcrumbList\",\"@id\":\"https:\\\/\\\/www.purejewels.com\\\/product\\\/initial-n-sunrise-gold-pendant-48621\\\/#breadcrumb\",\"itemListElement\":[{\"@type\":\"ListItem\",\"position\":1,\"name\":\"Home\",\"item\":\"https:\\\/\\\/www.purejewels.com\\\/\"},{\"@type\":\"ListItem\",\"position\":2,\"name\":\"Shop\",\"item\":\"https:\\\/\\\/www.purejewels.com\\\/shop\\\/\"},{\"@type\":\"ListItem\",\"position\":3,\"name\":\"Initial N Sunrise Gold Pendant\"}]},{\"@type\":\"WebSite\",\"@id\":\"https:\\\/\\\/www.purejewels.com\\\/#website\",\"url\":\"https:\\\/\\\/www.purejewels.com\\\/\",\"name\":\"PureJewels UK\",\"description\":\"Share the Love\",\"publisher\":{\"@id\":\"https:\\\/\\\/www.purejewels.com\\\/#organization\"},\"potentialAction\":[{\"@type\":\"SearchAction\",\"target\":{\"@type\":\"EntryPoint\",\"urlTemplate\":\"https:\\\/\\\/www.purejewels.com\\\/?s={search_term_string}\"},\"query-input\":{\"@type\":\"PropertyValueSpecification\",\"valueRequired\":true,\"valueName\":\"search_term_string\"}}],\"inLanguage\":\"de\"},{\"@type\":\"Organization\",\"@id\":\"https:\\\/\\\/www.purejewels.com\\\/#organization\",\"name\":\"PureJewels UK\",\"url\":\"https:\\\/\\\/www.purejewels.com\\\/\",\"logo\":{\"@type\":\"ImageObject\",\"inLanguage\":\"de\",\"@id\":\"https:\\\/\\\/www.purejewels.com\\\/#\\\/schema\\\/logo\\\/image\\\/\",\"url\":\"https:\\\/\\\/static.purejewels.com\\\/wp-content\\\/uploads\\\/2020\\\/11\\\/Logo-PJ-New-1.png\",\"contentUrl\":\"https:\\\/\\\/static.purejewels.com\\\/wp-content\\\/uploads\\\/2020\\\/11\\\/Logo-PJ-New-1.png\",\"width\":150,\"height\":80,\"caption\":\"PureJewels UK\"},\"image\":{\"@id\":\"https:\\\/\\\/www.purejewels.com\\\/#\\\/schema\\\/logo\\\/image\\\/\"}}]}<\/script>\n<!-- \/ Yoast SEO plugin. -->","yoast_head_json":{"title":"Diwali-Schmuck: Initiale N Sonnenaufgang Gold-Anh\u00e4nger","description":"Feiern Sie dieses Diwali mit unserem atemberaubenden Initial N Sunrise Gold-Anh\u00e4nger. Entdecken Sie eleganten Diwali-Schmuck, der Ihren festlichen Look zum Strahlen bringt!","robots":{"index":"index","follow":"follow","max-snippet":"max-snippet:-1","max-image-preview":"max-image-preview:large","max-video-preview":"max-video-preview:-1"},"canonical":"https:\/\/www.purejewels.com\/de\/produkt-2\/initial-n-sonnenaufgang-gold-anhanger-48621\/","og_locale":"de_DE","og_type":"article","og_title":"Diwali Jewellery: Initial N Sunrise Gold Pendant","og_description":"Celebrate this Diwali with our stunning Initial N Sunrise Gold Pendant. Discover elegant Diwali jewellery that adds sparkle to your festive look!","og_url":"https:\/\/www.purejewels.com\/de\/produkt-2\/initial-n-sonnenaufgang-gold-anhanger-48621\/","og_site_name":"PureJewels UK","article_modified_time":"2026-01-06T08:01:28+00:00","og_image":[{"width":1000,"height":1000,"url":"https:\/\/www.purejewels.com\/wp-content\/uploads\/2024\/08\/48621.jpg","type":"image\/jpeg"}],"twitter_card":"summary_large_image","twitter_misc":{"Gesch\u00e4tzte Lesezeit":"1\u00a0Minute"},"schema":{"@context":"https:\/\/schema.org","@graph":[{"@type":["WebPage","ItemPage"],"@id":"https:\/\/www.purejewels.com\/product\/initial-n-sunrise-gold-pendant-48621\/","url":"https:\/\/www.purejewels.com\/product\/initial-n-sunrise-gold-pendant-48621\/","name":"Diwali-Schmuck: Initiale N Sonnenaufgang Gold-Anh\u00e4nger","isPartOf":{"@id":"https:\/\/www.purejewels.com\/#website"},"primaryImageOfPage":{"@id":"https:\/\/www.purejewels.com\/product\/initial-n-sunrise-gold-pendant-48621\/#primaryimage"},"image":{"@id":"https:\/\/www.purejewels.com\/product\/initial-n-sunrise-gold-pendant-48621\/#primaryimage"},"thumbnailUrl":"https:\/\/static.purejewels.com\/wp-content\/uploads\/2024\/08\/48621.jpg","datePublished":"2024-08-29T04:27:53+00:00","dateModified":"2026-01-06T08:01:28+00:00","description":"Feiern Sie dieses Diwali mit unserem atemberaubenden Initial N Sunrise Gold-Anh\u00e4nger. Entdecken Sie eleganten Diwali-Schmuck, der Ihren festlichen Look zum Strahlen bringt!","breadcrumb":{"@id":"https:\/\/www.purejewels.com\/product\/initial-n-sunrise-gold-pendant-48621\/#breadcrumb"},"inLanguage":"de","potentialAction":[{"@type":"ReadAction","target":["https:\/\/www.purejewels.com\/product\/initial-n-sunrise-gold-pendant-48621\/"]}]},{"@type":"ImageObject","inLanguage":"de","@id":"https:\/\/www.purejewels.com\/product\/initial-n-sunrise-gold-pendant-48621\/#primaryimage","url":"https:\/\/static.purejewels.com\/wp-content\/uploads\/2024\/08\/48621.jpg","contentUrl":"https:\/\/static.purejewels.com\/wp-content\/uploads\/2024\/08\/48621.jpg","width":1000,"height":1000,"caption":"22ct Gold Pendant"},{"@type":"BreadcrumbList","@id":"https:\/\/www.purejewels.com\/product\/initial-n-sunrise-gold-pendant-48621\/#breadcrumb","itemListElement":[{"@type":"ListItem","position":1,"name":"Home","item":"https:\/\/www.purejewels.com\/"},{"@type":"ListItem","position":2,"name":"Shop","item":"https:\/\/www.purejewels.com\/shop\/"},{"@type":"ListItem","position":3,"name":"Initial N Sunrise Gold Pendant"}]},{"@type":"WebSite","@id":"https:\/\/www.purejewels.com\/#website","url":"https:\/\/www.purejewels.com\/","name":"PureJewels UK","description":"Teile die Liebe","publisher":{"@id":"https:\/\/www.purejewels.com\/#organization"},"potentialAction":[{"@type":"SearchAction","target":{"@type":"EntryPoint","urlTemplate":"https:\/\/www.purejewels.com\/?s={search_term_string}"},"query-input":{"@type":"PropertyValueSpecification","valueRequired":true,"valueName":"search_term_string"}}],"inLanguage":"de"},{"@type":"Organization","@id":"https:\/\/www.purejewels.com\/#organization","name":"PureJewels UK","url":"https:\/\/www.purejewels.com\/","logo":{"@type":"ImageObject","inLanguage":"de","@id":"https:\/\/www.purejewels.com\/#\/schema\/logo\/image\/","url":"https:\/\/static.purejewels.com\/wp-content\/uploads\/2020\/11\/Logo-PJ-New-1.png","contentUrl":"https:\/\/static.purejewels.com\/wp-content\/uploads\/2020\/11\/Logo-PJ-New-1.png","width":150,"height":80,"caption":"PureJewels UK"},"image":{"@id":"https:\/\/www.purejewels.com\/#\/schema\/logo\/image\/"}}]}},"_links":{"self":[{"href":"https:\/\/www.purejewels.com\/de\/wp-json\/wp\/v2\/product\/370545","targetHints":{"allow":["GET"]}}],"collection":[{"href":"https:\/\/www.purejewels.com\/de\/wp-json\/wp\/v2\/product"}],"about":[{"href":"https:\/\/www.purejewels.com\/de\/wp-json\/wp\/v2\/types\/product"}],"replies":[{"embeddable":true,"href":"https:\/\/www.purejewels.com\/de\/wp-json\/wp\/v2\/comments?post=370545"}],"version-history":[{"count":1,"href":"https:\/\/www.purejewels.com\/de\/wp-json\/wp\/v2\/product\/370545\/revisions"}],"predecessor-version":[{"id":370548,"href":"https:\/\/www.purejewels.com\/de\/wp-json\/wp\/v2\/product\/370545\/revisions\/370548"}],"wp:featuredmedia":[{"embeddable":true,"href":"https:\/\/www.purejewels.com\/de\/wp-json\/wp\/v2\/media\/370546"}],"wp:attachment":[{"href":"https:\/\/www.purejewels.com\/de\/wp-json\/wp\/v2\/media?parent=370545"}],"wp:term":[{"taxonomy":"product_brand","embeddable":true,"href":"https:\/\/www.purejewels.com\/de\/wp-json\/wp\/v2\/product_brand?post=370545"},{"taxonomy":"product_cat","embeddable":true,"href":"https:\/\/www.purejewels.com\/de\/wp-json\/wp\/v2\/product_cat?post=370545"},{"taxonomy":"product_tag","embeddable":true,"href":"https:\/\/www.purejewels.com\/de\/wp-json\/wp\/v2\/product_tag?post=370545"}],"curies":[{"name":"wp","href":"https:\/\/api.w.org\/{rel}","templated":true}]}}