{"id":370572,"date":"2026-02-10T06:00:05","date_gmt":"2026-02-10T06:00:05","guid":{"rendered":"https:\/\/www.purejewels.com\/?post_type=product&#038;p=370572"},"modified":"2026-03-02T05:26:16","modified_gmt":"2026-03-02T05:26:16","slug":"22ct-gold-rosette-ohrstecker-15mm-49239","status":"publish","type":"product","link":"https:\/\/www.purejewels.com\/de\/product\/22ct-gold-rosette-earring-studs-15mm-49239\/","title":{"rendered":"22ct Sunrise Gold Rosetten-Ohrstecker | 15mm"},"content":{"rendered":"<p>Schm\u00fccken Sie sich mit der zeitlosen Sch\u00f6nheit des <a href=\"https:\/\/www.purejewels.com\/de\/product\/22ct-gold-jali-filigree-ring-jali-collection-31926\/\">22ct<\/a> Sonnenaufgang Gold Rosette <a href=\"https:\/\/www.purejewels.com\/de\/product\/22ct-gold-ladies-stud-earring-with-rhodium-finish-46497\/\">Ohrring<\/a> Ohrstecker, ein exquisites Paar, das durch seine Eleganz und seinen Charme besticht. Die aus luxuri\u00f6sem 22-kar\u00e4tigem Gold gefertigten 15-mm-Ohrstecker sind mit einem filigranen Rosettenmuster versehen und verk\u00f6rpern die perfekte Mischung aus Tradition und moderner Raffinesse.<\/p>\n<p>Jeder Ohrstecker ist sorgf\u00e4ltig ausgearbeitet und \u00e4hnelt einer zarten Rosette, die Anmut, Sch\u00f6nheit und ewige Liebe symbolisiert. Das satte, warme Leuchten der <a href=\"https:\/\/www.purejewels.com\/de\/product\/holy-cross-gold-pendant-44713\/\">22 Karat Gold<\/a> hebt das Design hervor und macht diese Ohrringe zu einem auff\u00e4lligen Accessoire f\u00fcr jede Gelegenheit.<\/p>\n<p>Mit einem Durchmesser von 15 mm bieten diese Ohrstecker einen k\u00fchnen und doch raffinierten Look, der sie vielseitig genug macht, um sowohl legere als auch formelle Kleidung aufzuwerten. Egal, ob Sie sich f\u00fcr einen besonderen Anlass herausputzen oder Ihrem Alltagsstil einen Hauch von Luxus verleihen wollen, die Sunrise Gold Rosette Ohrstecker sind die perfekte Wahl.<\/p>","protected":false},"excerpt":{"rendered":"<table class=\"sh_desc\" style=\"width: 100%;\">\n<tbody>\n<tr>\n<td style=\"width: 23.8333%;\">Art des Ohrrings<\/td>\n<td style=\"width: 76%;\">Ohrstecker<\/td>\n<\/tr>\n<tr>\n<td style=\"width: 23.8333%;\">SKU<\/td>\n<td style=\"width: 76%;\">49239<\/td>\n<\/tr>\n<tr>\n<td style=\"width: 23.8333%;\">Gewicht<\/td>\n<td style=\"width: 76%;\">5,3 Gms<\/td>\n<\/tr>\n<tr>\n<td style=\"width: 23.8333%;\">Breite<\/td>\n<td style=\"width: 76%;\">15 mm<\/td>\n<\/tr>\n<tr>\n<td style=\"width: 23.8333%;\">Sammlung<\/td>\n<td style=\"width: 76%;\">Kollektion Rosette<\/td>\n<\/tr>\n<tr>\n<td style=\"width: 23.8333%;\">Wahrzeichen<\/td>\n<td style=\"width: 76%;\">22ct Gold gestempelt von London Assay Office<\/td>\n<\/tr>\n<tr>\n<td style=\"width: 23.8333%;\">Entgelte<\/td>\n<td style=\"width: 76%;\">Lieferung und Mehrwertsteuer inbegriffen<\/td>\n<\/tr>\n<tr>\n<td style=\"width: 23.8333%;\">Verpackung<\/td>\n<td style=\"width: 76%;\">Mit Pr\u00e4sentationsbox<\/td>\n<\/tr>\n<tr>\n<td style=\"width: 23.8333%;\">Mehr Informationen<\/td>\n<td style=\"width: 76%;\">Live-Chat mit uns f\u00fcr Verf\u00fcgbarkeit und weitere Bilder von Gold Earring<\/td>\n<\/tr>\n<\/tbody>\n<\/table>","protected":false},"featured_media":371161,"comment_status":"closed","ping_status":"closed","template":"","meta":{"_eb_attr":"","_crsspst_to_jayantr4sg-hostcom":false},"product_brand":[],"product_cat":[6146,1656,5274],"product_tag":[],"class_list":{"0":"post-370572","1":"product","2":"type-product","3":"status-publish","4":"has-post-thumbnail","6":"product_cat-rosette-stud","7":"product_cat-rosettes-collections","8":"product_cat-rosettes-earring","10":"first","11":"outofstock","12":"taxable","13":"shipping-taxable","14":"product-type-simple","15":"add-to-wishlist-before_image"},"yoast_head":"<!-- This site is optimized with the Yoast SEO plugin v27.5 - https:\/\/yoast.com\/product\/yoast-seo-wordpress\/ -->\n<title>Gold Stud Earring in Real Gold available at Purejewels London<\/title>\n<meta name=\"description\" content=\"Elegant 22ct Sunrise Gold Rosette Earring Studs featuring a radiant floral design and rich gold shine. Perfect Eid gifts for women who love timeless jewellery.\" \/>\n<meta name=\"robots\" content=\"index, follow, max-snippet:-1, max-image-preview:large, max-video-preview:-1\" \/>\n<link rel=\"canonical\" href=\"https:\/\/www.purejewels.com\/de\/produkt-2\/22ct-gold-rosette-ohrstecker-15mm-49239\/\" \/>\n<meta property=\"og:locale\" content=\"de_DE\" \/>\n<meta property=\"og:type\" content=\"article\" \/>\n<meta property=\"og:title\" content=\"Gold Stud Earring in Real Gold available at Purejewels London\" \/>\n<meta property=\"og:description\" content=\"Elegant 22ct Sunrise Gold Rosette Earring Studs featuring a radiant floral design and rich gold shine. Perfect Eid gifts for women who love timeless jewellery.\" \/>\n<meta property=\"og:url\" content=\"https:\/\/www.purejewels.com\/de\/produkt-2\/22ct-gold-rosette-ohrstecker-15mm-49239\/\" \/>\n<meta property=\"og:site_name\" content=\"PureJewels UK\" \/>\n<meta property=\"article:modified_time\" content=\"2026-03-02T05:26:16+00:00\" \/>\n<meta property=\"og:image\" content=\"https:\/\/static.purejewels.com\/wp-content\/uploads\/2024\/08\/49239.png\" \/>\n\t<meta property=\"og:image:width\" content=\"1000\" \/>\n\t<meta property=\"og:image:height\" content=\"1000\" \/>\n\t<meta property=\"og:image:type\" content=\"image\/png\" \/>\n<meta name=\"twitter:card\" content=\"summary_large_image\" \/>\n<meta name=\"twitter:label1\" content=\"Gesch\u00e4tzte Lesezeit\" \/>\n\t<meta name=\"twitter:data1\" content=\"1\u00a0Minute\" \/>\n<script type=\"application\/ld+json\" class=\"yoast-schema-graph\">{\"@context\":\"https:\\\/\\\/schema.org\",\"@graph\":[{\"@type\":[\"WebPage\",\"ItemPage\"],\"@id\":\"https:\\\/\\\/www.purejewels.com\\\/product\\\/22ct-gold-rosette-earring-studs-15mm-49239\\\/\",\"url\":\"https:\\\/\\\/www.purejewels.com\\\/product\\\/22ct-gold-rosette-earring-studs-15mm-49239\\\/\",\"name\":\"Gold Stud Earring in Real Gold available at Purejewels London\",\"isPartOf\":{\"@id\":\"https:\\\/\\\/www.purejewels.com\\\/#website\"},\"primaryImageOfPage\":{\"@id\":\"https:\\\/\\\/www.purejewels.com\\\/product\\\/22ct-gold-rosette-earring-studs-15mm-49239\\\/#primaryimage\"},\"image\":{\"@id\":\"https:\\\/\\\/www.purejewels.com\\\/product\\\/22ct-gold-rosette-earring-studs-15mm-49239\\\/#primaryimage\"},\"thumbnailUrl\":\"https:\\\/\\\/static.purejewels.com\\\/wp-content\\\/uploads\\\/2024\\\/08\\\/49239.png\",\"datePublished\":\"2026-02-10T06:00:05+00:00\",\"dateModified\":\"2026-03-02T05:26:16+00:00\",\"description\":\"Elegant 22ct Sunrise Gold Rosette Earring Studs featuring a radiant floral design and rich gold shine. Perfect Eid gifts for women who love timeless jewellery.\",\"breadcrumb\":{\"@id\":\"https:\\\/\\\/www.purejewels.com\\\/product\\\/22ct-gold-rosette-earring-studs-15mm-49239\\\/#breadcrumb\"},\"inLanguage\":\"de\",\"potentialAction\":[{\"@type\":\"ReadAction\",\"target\":[\"https:\\\/\\\/www.purejewels.com\\\/product\\\/22ct-gold-rosette-earring-studs-15mm-49239\\\/\"]}]},{\"@type\":\"ImageObject\",\"inLanguage\":\"de\",\"@id\":\"https:\\\/\\\/www.purejewels.com\\\/product\\\/22ct-gold-rosette-earring-studs-15mm-49239\\\/#primaryimage\",\"url\":\"https:\\\/\\\/static.purejewels.com\\\/wp-content\\\/uploads\\\/2024\\\/08\\\/49239.png\",\"contentUrl\":\"https:\\\/\\\/static.purejewels.com\\\/wp-content\\\/uploads\\\/2024\\\/08\\\/49239.png\",\"width\":1000,\"height\":1000,\"caption\":\"22ct Gold Stud\"},{\"@type\":\"BreadcrumbList\",\"@id\":\"https:\\\/\\\/www.purejewels.com\\\/product\\\/22ct-gold-rosette-earring-studs-15mm-49239\\\/#breadcrumb\",\"itemListElement\":[{\"@type\":\"ListItem\",\"position\":1,\"name\":\"Home\",\"item\":\"https:\\\/\\\/www.purejewels.com\\\/\"},{\"@type\":\"ListItem\",\"position\":2,\"name\":\"Shop\",\"item\":\"https:\\\/\\\/www.purejewels.com\\\/shop\\\/\"},{\"@type\":\"ListItem\",\"position\":3,\"name\":\"22ct Sunrise Gold Rosette Earring Studs | 15mm\"}]},{\"@type\":\"WebSite\",\"@id\":\"https:\\\/\\\/www.purejewels.com\\\/#website\",\"url\":\"https:\\\/\\\/www.purejewels.com\\\/\",\"name\":\"PureJewels UK\",\"description\":\"Share the Love\",\"publisher\":{\"@id\":\"https:\\\/\\\/www.purejewels.com\\\/#organization\"},\"potentialAction\":[{\"@type\":\"SearchAction\",\"target\":{\"@type\":\"EntryPoint\",\"urlTemplate\":\"https:\\\/\\\/www.purejewels.com\\\/?s={search_term_string}\"},\"query-input\":{\"@type\":\"PropertyValueSpecification\",\"valueRequired\":true,\"valueName\":\"search_term_string\"}}],\"inLanguage\":\"de\"},{\"@type\":\"Organization\",\"@id\":\"https:\\\/\\\/www.purejewels.com\\\/#organization\",\"name\":\"PureJewels UK\",\"url\":\"https:\\\/\\\/www.purejewels.com\\\/\",\"logo\":{\"@type\":\"ImageObject\",\"inLanguage\":\"de\",\"@id\":\"https:\\\/\\\/www.purejewels.com\\\/#\\\/schema\\\/logo\\\/image\\\/\",\"url\":\"https:\\\/\\\/static.purejewels.com\\\/wp-content\\\/uploads\\\/2020\\\/11\\\/Logo-PJ-New-1.png\",\"contentUrl\":\"https:\\\/\\\/static.purejewels.com\\\/wp-content\\\/uploads\\\/2020\\\/11\\\/Logo-PJ-New-1.png\",\"width\":150,\"height\":80,\"caption\":\"PureJewels UK\"},\"image\":{\"@id\":\"https:\\\/\\\/www.purejewels.com\\\/#\\\/schema\\\/logo\\\/image\\\/\"}}]}<\/script>\n<!-- \/ Yoast SEO plugin. -->","yoast_head_json":{"title":"Goldohrstecker aus echtem Gold erh\u00e4ltlich bei Purejewels London","description":"Elegante Rosetten-Ohrstecker aus 22 Karat Sunrise Gold mit strahlendem Blumendesign und sattem Goldglanz. Perfekte Geschenke zum Zuckerfest f\u00fcr Frauen, die zeitlosen Schmuck lieben.","robots":{"index":"index","follow":"follow","max-snippet":"max-snippet:-1","max-image-preview":"max-image-preview:large","max-video-preview":"max-video-preview:-1"},"canonical":"https:\/\/www.purejewels.com\/de\/produkt-2\/22ct-gold-rosette-ohrstecker-15mm-49239\/","og_locale":"de_DE","og_type":"article","og_title":"Gold Stud Earring in Real Gold available at Purejewels London","og_description":"Elegant 22ct Sunrise Gold Rosette Earring Studs featuring a radiant floral design and rich gold shine. Perfect Eid gifts for women who love timeless jewellery.","og_url":"https:\/\/www.purejewels.com\/de\/produkt-2\/22ct-gold-rosette-ohrstecker-15mm-49239\/","og_site_name":"PureJewels UK","article_modified_time":"2026-03-02T05:26:16+00:00","og_image":[{"width":1000,"height":1000,"url":"https:\/\/static.purejewels.com\/wp-content\/uploads\/2024\/08\/49239.png","type":"image\/png"}],"twitter_card":"summary_large_image","twitter_misc":{"Gesch\u00e4tzte Lesezeit":"1\u00a0Minute"},"schema":{"@context":"https:\/\/schema.org","@graph":[{"@type":["WebPage","ItemPage"],"@id":"https:\/\/www.purejewels.com\/product\/22ct-gold-rosette-earring-studs-15mm-49239\/","url":"https:\/\/www.purejewels.com\/product\/22ct-gold-rosette-earring-studs-15mm-49239\/","name":"Goldohrstecker aus echtem Gold erh\u00e4ltlich bei Purejewels London","isPartOf":{"@id":"https:\/\/www.purejewels.com\/#website"},"primaryImageOfPage":{"@id":"https:\/\/www.purejewels.com\/product\/22ct-gold-rosette-earring-studs-15mm-49239\/#primaryimage"},"image":{"@id":"https:\/\/www.purejewels.com\/product\/22ct-gold-rosette-earring-studs-15mm-49239\/#primaryimage"},"thumbnailUrl":"https:\/\/static.purejewels.com\/wp-content\/uploads\/2024\/08\/49239.png","datePublished":"2026-02-10T06:00:05+00:00","dateModified":"2026-03-02T05:26:16+00:00","description":"Elegante Rosetten-Ohrstecker aus 22 Karat Sunrise Gold mit strahlendem Blumendesign und sattem Goldglanz. Perfekte Geschenke zum Zuckerfest f\u00fcr Frauen, die zeitlosen Schmuck lieben.","breadcrumb":{"@id":"https:\/\/www.purejewels.com\/product\/22ct-gold-rosette-earring-studs-15mm-49239\/#breadcrumb"},"inLanguage":"de","potentialAction":[{"@type":"ReadAction","target":["https:\/\/www.purejewels.com\/product\/22ct-gold-rosette-earring-studs-15mm-49239\/"]}]},{"@type":"ImageObject","inLanguage":"de","@id":"https:\/\/www.purejewels.com\/product\/22ct-gold-rosette-earring-studs-15mm-49239\/#primaryimage","url":"https:\/\/static.purejewels.com\/wp-content\/uploads\/2024\/08\/49239.png","contentUrl":"https:\/\/static.purejewels.com\/wp-content\/uploads\/2024\/08\/49239.png","width":1000,"height":1000,"caption":"22ct Gold Stud"},{"@type":"BreadcrumbList","@id":"https:\/\/www.purejewels.com\/product\/22ct-gold-rosette-earring-studs-15mm-49239\/#breadcrumb","itemListElement":[{"@type":"ListItem","position":1,"name":"Home","item":"https:\/\/www.purejewels.com\/"},{"@type":"ListItem","position":2,"name":"Shop","item":"https:\/\/www.purejewels.com\/shop\/"},{"@type":"ListItem","position":3,"name":"22ct Sunrise Gold Rosette Earring Studs | 15mm"}]},{"@type":"WebSite","@id":"https:\/\/www.purejewels.com\/#website","url":"https:\/\/www.purejewels.com\/","name":"PureJewels UK","description":"Teile die Liebe","publisher":{"@id":"https:\/\/www.purejewels.com\/#organization"},"potentialAction":[{"@type":"SearchAction","target":{"@type":"EntryPoint","urlTemplate":"https:\/\/www.purejewels.com\/?s={search_term_string}"},"query-input":{"@type":"PropertyValueSpecification","valueRequired":true,"valueName":"search_term_string"}}],"inLanguage":"de"},{"@type":"Organization","@id":"https:\/\/www.purejewels.com\/#organization","name":"PureJewels UK","url":"https:\/\/www.purejewels.com\/","logo":{"@type":"ImageObject","inLanguage":"de","@id":"https:\/\/www.purejewels.com\/#\/schema\/logo\/image\/","url":"https:\/\/static.purejewels.com\/wp-content\/uploads\/2020\/11\/Logo-PJ-New-1.png","contentUrl":"https:\/\/static.purejewels.com\/wp-content\/uploads\/2020\/11\/Logo-PJ-New-1.png","width":150,"height":80,"caption":"PureJewels UK"},"image":{"@id":"https:\/\/www.purejewels.com\/#\/schema\/logo\/image\/"}}]}},"_links":{"self":[{"href":"https:\/\/www.purejewels.com\/de\/wp-json\/wp\/v2\/product\/370572","targetHints":{"allow":["GET"]}}],"collection":[{"href":"https:\/\/www.purejewels.com\/de\/wp-json\/wp\/v2\/product"}],"about":[{"href":"https:\/\/www.purejewels.com\/de\/wp-json\/wp\/v2\/types\/product"}],"replies":[{"embeddable":true,"href":"https:\/\/www.purejewels.com\/de\/wp-json\/wp\/v2\/comments?post=370572"}],"version-history":[{"count":3,"href":"https:\/\/www.purejewels.com\/de\/wp-json\/wp\/v2\/product\/370572\/revisions"}],"predecessor-version":[{"id":371160,"href":"https:\/\/www.purejewels.com\/de\/wp-json\/wp\/v2\/product\/370572\/revisions\/371160"}],"wp:featuredmedia":[{"embeddable":true,"href":"https:\/\/www.purejewels.com\/de\/wp-json\/wp\/v2\/media\/371161"}],"wp:attachment":[{"href":"https:\/\/www.purejewels.com\/de\/wp-json\/wp\/v2\/media?parent=370572"}],"wp:term":[{"taxonomy":"product_brand","embeddable":true,"href":"https:\/\/www.purejewels.com\/de\/wp-json\/wp\/v2\/product_brand?post=370572"},{"taxonomy":"product_cat","embeddable":true,"href":"https:\/\/www.purejewels.com\/de\/wp-json\/wp\/v2\/product_cat?post=370572"},{"taxonomy":"product_tag","embeddable":true,"href":"https:\/\/www.purejewels.com\/de\/wp-json\/wp\/v2\/product_tag?post=370572"}],"curies":[{"name":"wp","href":"https:\/\/api.w.org\/{rel}","templated":true}]}}