{"id":370589,"date":"2024-09-04T13:52:22","date_gmt":"2024-09-04T12:52:22","guid":{"rendered":"https:\/\/www.purejewels.com\/?post_type=product&#038;p=370589"},"modified":"2026-01-06T06:53:48","modified_gmt":"2026-01-06T06:53:48","slug":"22-karat-sonnenaufgang-gold-jhumka-ohrring-52609","status":"publish","type":"product","link":"https:\/\/www.purejewels.com\/de\/product\/22ct-sunrise-gold-jhumka-earring-52609\/","title":{"rendered":"22 Karat Gold Blumen-Jhumka-Ohrringe"},"content":{"rendered":"<h3 data-start=\"149\" data-end=\"165\"><strong data-start=\"153\" data-end=\"163\">Gestaltung<\/strong><\/h3>\n<p data-start=\"166\" data-end=\"491\">Diese eleganten <a href=\"https:\/\/www.purejewels.com\/de\/product\/22-ct-gold-jhumka-earring-uk\/\">jhumka<\/a> Die Ohrringe verf\u00fcgen \u00fcber einen bl\u00fchenden Blumenstecker, der zu einer wundersch\u00f6n geformten Kuppel f\u00fchrt, die von traditionellen indischen Motiven inspiriert ist. Die mehrschichtigen Details und die weichen, runden Perlenr\u00e4nder schaffen eine charmante Silhouette mit einem Hauch von Vintage-Charakter. Entworfen, um den Ohren anmutige Bewegung und eine auff\u00e4llige Pr\u00e4senz zu verleihen.<\/p>\n<h3 data-start=\"493\" data-end=\"516\"><strong data-start=\"497\" data-end=\"514\">Handwerkliches K\u00f6nnen<\/strong><\/h3>\n<p data-start=\"517\" data-end=\"818\">Handgraviert und in reichhaltigem <a href=\"https:\/\/www.purejewels.com\/de\/product\/22ct-gold-jali-filigree-ring-jali-collection-31926\/\">22ct<\/a> Sunrise Gold: Jedes Element wurde sorgf\u00e4ltig strukturiert, um die florale Kunstfertigkeit hervorzuheben. Das antike Finish verst\u00e4rkt die Tiefe und betont die filigranen Formen der Jhumka. Mit einem stabilen Stecker und Verschluss gesichert und in Gro\u00dfbritannien f\u00fcr garantierte Reinheit und Qualit\u00e4t punziert.<\/p>\n<h3 data-start=\"820\" data-end=\"847\"><strong data-start=\"824\" data-end=\"845\">Styling &amp; Geschenkartikel<\/strong><\/h3>\n<p data-start=\"848\" data-end=\"1102\">Ein beliebtes Accessoire f\u00fcr Hochzeiten, festliche Anl\u00e4sse und Familienfeiern. Kombinieren Sie sie mit bestickten Saris, Lehengas oder modernen Fusion-Outfits, um Ihren Look aufzuwerten. Ein bedeutungsvolles Geschenk, um kulturelle Traditionen zu ehren und wertvolle Meilensteine zu feiern.<\/p>","protected":false},"excerpt":{"rendered":"<p>Blumenf\u00f6rmige Jhumka-Ohrringe, handgefertigt aus 22 Karat Sunrise Gold mit aufwendigen Details und antikem Finish. Entworfen f\u00fcr elegante Bewegungen und einen auff\u00e4lligen Look f\u00fcr festliche Anl\u00e4sse und Hochzeiten. Mit britischem Feingehaltsstempel f\u00fcr zertifizierte Goldreinheit.<\/p>\n<p><strong>Material:<\/strong> 22 Karat Sunrise Gold (91,61 TP5T Feingold)<strong><br \/>\nWahrzeichen:\u00a0<\/strong>Britisches G\u00fctesiegel<strong><br \/>\n<\/strong><strong>Bruttogewicht: <\/strong>7,13 Gramm<br \/>\n<strong>SKU:<\/strong> 52609<\/p>\n<p><strong>Preis und Lieferung<\/strong>: Inklusive Mehrwertsteuer und Lieferkosten<br \/>\n<a href=\"https:\/\/www.purejewels.com\/de\/ruckgabepolitik\/\">R\u00fcckgabepolitik<\/a><\/p>","protected":false},"featured_media":371097,"comment_status":"closed","ping_status":"closed","template":"","meta":{"_eb_attr":"","_crsspst_to_jayantr4sg-hostcom":false},"product_brand":[],"product_cat":[1791,1559,236,1793,1792,1790,1254,1229,1578,1570,1656,5274,5353,1573,1574,5349],"product_tag":[],"class_list":{"0":"post-370589","1":"product","2":"type-product","3":"status-publish","4":"has-post-thumbnail","6":"product_cat-anniversary-gifts","7":"product_cat-birthday-gifts","8":"product_cat-collections","9":"product_cat-diwali-gifts","10":"product_cat-festival-gifts","11":"product_cat-for-whom-when","12":"product_cat-gold-earrings","13":"product_cat-22ct-gold-jewellery","14":"product_cat-jhumkha-earrings","15":"product_cat-mothers-day-gifts","16":"product_cat-rosettes-collections","17":"product_cat-rosettes-earring","18":"product_cat-shop-by","19":"product_cat-wedding-gifts","20":"product_cat-womens-jewellery","21":"product_cat-yellow-gold-jewellery","23":"first","24":"outofstock","25":"taxable","26":"shipping-taxable","27":"product-type-simple","28":"add-to-wishlist-before_image"},"yoast_head":"<!-- This site is optimized with the Yoast SEO plugin v27.6 - https:\/\/yoast.com\/product\/yoast-seo-wordpress\/ -->\n<title>22ct Sunrise Gold Jhumka Earring | PureJewels UK<\/title>\n<meta name=\"description\" content=\"Immerse yourself in elegance with our 22ct Sunrise gold Jhumka earrings. Handcrafted for a touch of tradition, free delivery within the UK.\" \/>\n<meta name=\"robots\" content=\"index, follow, max-snippet:-1, max-image-preview:large, max-video-preview:-1\" \/>\n<link rel=\"canonical\" href=\"https:\/\/www.purejewels.com\/de\/produkt-2\/22-karat-sonnenaufgang-gold-jhumka-ohrring-52609\/\" \/>\n<meta property=\"og:locale\" content=\"de_DE\" \/>\n<meta property=\"og:type\" content=\"article\" \/>\n<meta property=\"og:title\" content=\"22ct Sunrise Gold Jhumka Earring | PureJewels UK\" \/>\n<meta property=\"og:description\" content=\"Immerse yourself in elegance with our 22ct Sunrise gold Jhumka earrings. Handcrafted for a touch of tradition, free delivery within the UK.\" \/>\n<meta property=\"og:url\" content=\"https:\/\/www.purejewels.com\/de\/produkt-2\/22-karat-sonnenaufgang-gold-jhumka-ohrring-52609\/\" \/>\n<meta property=\"og:site_name\" content=\"PureJewels UK\" \/>\n<meta property=\"article:modified_time\" content=\"2026-01-06T06:53:48+00:00\" \/>\n<meta property=\"og:image\" content=\"https:\/\/static.purejewels.com\/wp-content\/uploads\/2024\/09\/49094.png\" \/>\n\t<meta property=\"og:image:width\" content=\"1000\" \/>\n\t<meta property=\"og:image:height\" content=\"1000\" \/>\n\t<meta property=\"og:image:type\" content=\"image\/png\" \/>\n<meta name=\"twitter:card\" content=\"summary_large_image\" \/>\n<meta name=\"twitter:label1\" content=\"Gesch\u00e4tzte Lesezeit\" \/>\n\t<meta name=\"twitter:data1\" content=\"1\u00a0Minute\" \/>\n<script type=\"application\/ld+json\" class=\"yoast-schema-graph\">{\"@context\":\"https:\\\/\\\/schema.org\",\"@graph\":[{\"@type\":[\"WebPage\",\"ItemPage\"],\"@id\":\"https:\\\/\\\/www.purejewels.com\\\/product\\\/22ct-sunrise-gold-jhumka-earring-52609\\\/\",\"url\":\"https:\\\/\\\/www.purejewels.com\\\/product\\\/22ct-sunrise-gold-jhumka-earring-52609\\\/\",\"name\":\"22ct Sunrise Gold Jhumka Earring | PureJewels UK\",\"isPartOf\":{\"@id\":\"https:\\\/\\\/www.purejewels.com\\\/#website\"},\"primaryImageOfPage\":{\"@id\":\"https:\\\/\\\/www.purejewels.com\\\/product\\\/22ct-sunrise-gold-jhumka-earring-52609\\\/#primaryimage\"},\"image\":{\"@id\":\"https:\\\/\\\/www.purejewels.com\\\/product\\\/22ct-sunrise-gold-jhumka-earring-52609\\\/#primaryimage\"},\"thumbnailUrl\":\"https:\\\/\\\/static.purejewels.com\\\/wp-content\\\/uploads\\\/2024\\\/09\\\/49094.png\",\"datePublished\":\"2024-09-04T12:52:22+00:00\",\"dateModified\":\"2026-01-06T06:53:48+00:00\",\"description\":\"Immerse yourself in elegance with our 22ct Sunrise gold Jhumka earrings. Handcrafted for a touch of tradition, free delivery within the UK.\",\"breadcrumb\":{\"@id\":\"https:\\\/\\\/www.purejewels.com\\\/product\\\/22ct-sunrise-gold-jhumka-earring-52609\\\/#breadcrumb\"},\"inLanguage\":\"de\",\"potentialAction\":[{\"@type\":\"ReadAction\",\"target\":[\"https:\\\/\\\/www.purejewels.com\\\/product\\\/22ct-sunrise-gold-jhumka-earring-52609\\\/\"]}]},{\"@type\":\"ImageObject\",\"inLanguage\":\"de\",\"@id\":\"https:\\\/\\\/www.purejewels.com\\\/product\\\/22ct-sunrise-gold-jhumka-earring-52609\\\/#primaryimage\",\"url\":\"https:\\\/\\\/static.purejewels.com\\\/wp-content\\\/uploads\\\/2024\\\/09\\\/49094.png\",\"contentUrl\":\"https:\\\/\\\/static.purejewels.com\\\/wp-content\\\/uploads\\\/2024\\\/09\\\/49094.png\",\"width\":1000,\"height\":1000,\"caption\":\"22ct Gold Jumjha\"},{\"@type\":\"BreadcrumbList\",\"@id\":\"https:\\\/\\\/www.purejewels.com\\\/product\\\/22ct-sunrise-gold-jhumka-earring-52609\\\/#breadcrumb\",\"itemListElement\":[{\"@type\":\"ListItem\",\"position\":1,\"name\":\"Home\",\"item\":\"https:\\\/\\\/www.purejewels.com\\\/\"},{\"@type\":\"ListItem\",\"position\":2,\"name\":\"Shop\",\"item\":\"https:\\\/\\\/www.purejewels.com\\\/shop\\\/\"},{\"@type\":\"ListItem\",\"position\":3,\"name\":\"22ct Gold Floral Jhumka Earrings\"}]},{\"@type\":\"WebSite\",\"@id\":\"https:\\\/\\\/www.purejewels.com\\\/#website\",\"url\":\"https:\\\/\\\/www.purejewels.com\\\/\",\"name\":\"PureJewels UK\",\"description\":\"Share the Love\",\"publisher\":{\"@id\":\"https:\\\/\\\/www.purejewels.com\\\/#organization\"},\"potentialAction\":[{\"@type\":\"SearchAction\",\"target\":{\"@type\":\"EntryPoint\",\"urlTemplate\":\"https:\\\/\\\/www.purejewels.com\\\/?s={search_term_string}\"},\"query-input\":{\"@type\":\"PropertyValueSpecification\",\"valueRequired\":true,\"valueName\":\"search_term_string\"}}],\"inLanguage\":\"de\"},{\"@type\":\"Organization\",\"@id\":\"https:\\\/\\\/www.purejewels.com\\\/#organization\",\"name\":\"PureJewels UK\",\"url\":\"https:\\\/\\\/www.purejewels.com\\\/\",\"logo\":{\"@type\":\"ImageObject\",\"inLanguage\":\"de\",\"@id\":\"https:\\\/\\\/www.purejewels.com\\\/#\\\/schema\\\/logo\\\/image\\\/\",\"url\":\"https:\\\/\\\/static.purejewels.com\\\/wp-content\\\/uploads\\\/2020\\\/11\\\/Logo-PJ-New-1.png\",\"contentUrl\":\"https:\\\/\\\/static.purejewels.com\\\/wp-content\\\/uploads\\\/2020\\\/11\\\/Logo-PJ-New-1.png\",\"width\":150,\"height\":80,\"caption\":\"PureJewels UK\"},\"image\":{\"@id\":\"https:\\\/\\\/www.purejewels.com\\\/#\\\/schema\\\/logo\\\/image\\\/\"}}]}<\/script>\n<!-- \/ Yoast SEO plugin. -->","yoast_head_json":{"title":"22ct Sunrise Gold Jhumka Ohrring | PureJewels UK","description":"Tauchen Sie ein in die Eleganz unserer Jhumka-Ohrringe aus 22 Karat Sunrise-Gold. Handgefertigt f\u00fcr einen Hauch von Tradition, kostenlose Lieferung innerhalb Gro\u00dfbritanniens.","robots":{"index":"index","follow":"follow","max-snippet":"max-snippet:-1","max-image-preview":"max-image-preview:large","max-video-preview":"max-video-preview:-1"},"canonical":"https:\/\/www.purejewels.com\/de\/produkt-2\/22-karat-sonnenaufgang-gold-jhumka-ohrring-52609\/","og_locale":"de_DE","og_type":"article","og_title":"22ct Sunrise Gold Jhumka Earring | PureJewels UK","og_description":"Immerse yourself in elegance with our 22ct Sunrise gold Jhumka earrings. Handcrafted for a touch of tradition, free delivery within the UK.","og_url":"https:\/\/www.purejewels.com\/de\/produkt-2\/22-karat-sonnenaufgang-gold-jhumka-ohrring-52609\/","og_site_name":"PureJewels UK","article_modified_time":"2026-01-06T06:53:48+00:00","og_image":[{"width":1000,"height":1000,"url":"https:\/\/static.purejewels.com\/wp-content\/uploads\/2024\/09\/49094.png","type":"image\/png"}],"twitter_card":"summary_large_image","twitter_misc":{"Gesch\u00e4tzte Lesezeit":"1\u00a0Minute"},"schema":{"@context":"https:\/\/schema.org","@graph":[{"@type":["WebPage","ItemPage"],"@id":"https:\/\/www.purejewels.com\/product\/22ct-sunrise-gold-jhumka-earring-52609\/","url":"https:\/\/www.purejewels.com\/product\/22ct-sunrise-gold-jhumka-earring-52609\/","name":"22ct Sunrise Gold Jhumka Ohrring | PureJewels UK","isPartOf":{"@id":"https:\/\/www.purejewels.com\/#website"},"primaryImageOfPage":{"@id":"https:\/\/www.purejewels.com\/product\/22ct-sunrise-gold-jhumka-earring-52609\/#primaryimage"},"image":{"@id":"https:\/\/www.purejewels.com\/product\/22ct-sunrise-gold-jhumka-earring-52609\/#primaryimage"},"thumbnailUrl":"https:\/\/static.purejewels.com\/wp-content\/uploads\/2024\/09\/49094.png","datePublished":"2024-09-04T12:52:22+00:00","dateModified":"2026-01-06T06:53:48+00:00","description":"Tauchen Sie ein in die Eleganz unserer Jhumka-Ohrringe aus 22 Karat Sunrise-Gold. Handgefertigt f\u00fcr einen Hauch von Tradition, kostenlose Lieferung innerhalb Gro\u00dfbritanniens.","breadcrumb":{"@id":"https:\/\/www.purejewels.com\/product\/22ct-sunrise-gold-jhumka-earring-52609\/#breadcrumb"},"inLanguage":"de","potentialAction":[{"@type":"ReadAction","target":["https:\/\/www.purejewels.com\/product\/22ct-sunrise-gold-jhumka-earring-52609\/"]}]},{"@type":"ImageObject","inLanguage":"de","@id":"https:\/\/www.purejewels.com\/product\/22ct-sunrise-gold-jhumka-earring-52609\/#primaryimage","url":"https:\/\/static.purejewels.com\/wp-content\/uploads\/2024\/09\/49094.png","contentUrl":"https:\/\/static.purejewels.com\/wp-content\/uploads\/2024\/09\/49094.png","width":1000,"height":1000,"caption":"22ct Gold Jumjha"},{"@type":"BreadcrumbList","@id":"https:\/\/www.purejewels.com\/product\/22ct-sunrise-gold-jhumka-earring-52609\/#breadcrumb","itemListElement":[{"@type":"ListItem","position":1,"name":"Home","item":"https:\/\/www.purejewels.com\/"},{"@type":"ListItem","position":2,"name":"Shop","item":"https:\/\/www.purejewels.com\/shop\/"},{"@type":"ListItem","position":3,"name":"22ct Gold Floral Jhumka Earrings"}]},{"@type":"WebSite","@id":"https:\/\/www.purejewels.com\/#website","url":"https:\/\/www.purejewels.com\/","name":"PureJewels UK","description":"Teile die Liebe","publisher":{"@id":"https:\/\/www.purejewels.com\/#organization"},"potentialAction":[{"@type":"SearchAction","target":{"@type":"EntryPoint","urlTemplate":"https:\/\/www.purejewels.com\/?s={search_term_string}"},"query-input":{"@type":"PropertyValueSpecification","valueRequired":true,"valueName":"search_term_string"}}],"inLanguage":"de"},{"@type":"Organization","@id":"https:\/\/www.purejewels.com\/#organization","name":"PureJewels UK","url":"https:\/\/www.purejewels.com\/","logo":{"@type":"ImageObject","inLanguage":"de","@id":"https:\/\/www.purejewels.com\/#\/schema\/logo\/image\/","url":"https:\/\/static.purejewels.com\/wp-content\/uploads\/2020\/11\/Logo-PJ-New-1.png","contentUrl":"https:\/\/static.purejewels.com\/wp-content\/uploads\/2020\/11\/Logo-PJ-New-1.png","width":150,"height":80,"caption":"PureJewels UK"},"image":{"@id":"https:\/\/www.purejewels.com\/#\/schema\/logo\/image\/"}}]}},"_links":{"self":[{"href":"https:\/\/www.purejewels.com\/de\/wp-json\/wp\/v2\/product\/370589","targetHints":{"allow":["GET"]}}],"collection":[{"href":"https:\/\/www.purejewels.com\/de\/wp-json\/wp\/v2\/product"}],"about":[{"href":"https:\/\/www.purejewels.com\/de\/wp-json\/wp\/v2\/types\/product"}],"replies":[{"embeddable":true,"href":"https:\/\/www.purejewels.com\/de\/wp-json\/wp\/v2\/comments?post=370589"}],"version-history":[{"count":3,"href":"https:\/\/www.purejewels.com\/de\/wp-json\/wp\/v2\/product\/370589\/revisions"}],"predecessor-version":[{"id":421861,"href":"https:\/\/www.purejewels.com\/de\/wp-json\/wp\/v2\/product\/370589\/revisions\/421861"}],"wp:featuredmedia":[{"embeddable":true,"href":"https:\/\/www.purejewels.com\/de\/wp-json\/wp\/v2\/media\/371097"}],"wp:attachment":[{"href":"https:\/\/www.purejewels.com\/de\/wp-json\/wp\/v2\/media?parent=370589"}],"wp:term":[{"taxonomy":"product_brand","embeddable":true,"href":"https:\/\/www.purejewels.com\/de\/wp-json\/wp\/v2\/product_brand?post=370589"},{"taxonomy":"product_cat","embeddable":true,"href":"https:\/\/www.purejewels.com\/de\/wp-json\/wp\/v2\/product_cat?post=370589"},{"taxonomy":"product_tag","embeddable":true,"href":"https:\/\/www.purejewels.com\/de\/wp-json\/wp\/v2\/product_tag?post=370589"}],"curies":[{"name":"wp","href":"https:\/\/api.w.org\/{rel}","templated":true}]}}