{"id":371171,"date":"2025-04-15T13:45:50","date_gmt":"2025-04-15T12:45:50","guid":{"rendered":"https:\/\/www.purejewels.com\/?post_type=product&#038;p=371171"},"modified":"2026-03-23T05:45:29","modified_gmt":"2026-03-23T05:45:29","slug":"rosetten-kollektion-22ct-sunrise-gold-anhanger-49288","status":"publish","type":"product","link":"https:\/\/www.purejewels.com\/de\/product\/rosettes-collection-22ct-sunrise-gold-pendant-49288\/","title":{"rendered":"Rosetten Kollektion 22ct Sunrise Gold Anh\u00e4nger"},"content":{"rendered":"<p>Entdecken Sie die exquisite Sch\u00f6nheit der Kollektion Rosettes mit unserer <a href=\"https:\/\/www.purejewels.com\/de\/product\/22ct-gold-jali-filigree-ring-jali-collection-31926\/\">22ct<\/a> Sonnenaufgang <a href=\"https:\/\/www.purejewels.com\/de\/product\/22ct-real-gold-shoe-pendant-43097\/\">Gold-Anh\u00e4nger<\/a>ein atemberaubendes St\u00fcck, das zeitlose Eleganz und raffiniertes Design verk\u00f6rpert. <a href=\"https:\/\/www.purejewels.com\/de\/a-guide-to-die-stamping\/\">Handwerkskunst<\/a>. Dieser aus feinstem 22-kar\u00e4tigem Gold gefertigte Anh\u00e4nger ist mit einem zarten Rosettenmuster versehen, das Liebe, Sch\u00f6nheit und dauerhafte Anmut symbolisiert.<\/p>\n<p>Das Rosettenmotiv ist sorgf\u00e4ltig ausgearbeitet, wobei jedes Bl\u00fctenblatt die W\u00e4rme und das Strahlen des Sonnenaufgangs einf\u00e4ngt, verst\u00e4rkt durch den satten goldenen Farbton von <a href=\"https:\/\/www.purejewels.com\/de\/product\/holy-cross-gold-pendant-44713\/\">22 Karat Gold<\/a>. Das Design der Pendelleuchte ist sowohl klassisch als auch modern und macht sie zu einem vielseitigen Accessoire, das eine breite Palette von Stilen erg\u00e4nzt.<\/p>\n<p>Egal, ob Sie ihn zu einem besonderen Anlass oder im Alltag tragen, der Goldanh\u00e4nger der Rosettes Collection Sunrise verleiht Ihrem Look einen Hauch von Luxus und Raffinesse. Er ist die perfekte Wahl f\u00fcr alle, die feine Handwerkskunst und die Sch\u00f6nheit der von der Natur inspirierten Designs sch\u00e4tzen.<\/p>","protected":false},"excerpt":{"rendered":"<table class=\"sh_desc\">\n<tbody>\n<tr>\n<td>Typ des Anh\u00e4ngers<\/td>\n<td>Sonnenaufgang Gold-Anh\u00e4nger<\/td>\n<\/tr>\n<tr>\n<td>SKU<\/td>\n<td>49288, 52806<\/td>\n<\/tr>\n<tr>\n<td>Gewicht<\/td>\n<td>3.1 Gms<\/td>\n<\/tr>\n<tr>\n<td>Metall<\/td>\n<td>22ct Sonnenaufgang Gold<\/td>\n<\/tr>\n<tr>\n<td>Wahrzeichen<\/td>\n<td>22ct Gold gestempelt von London Assay Office<\/td>\n<\/tr>\n<tr>\n<td>Entgelte<\/td>\n<td>Lieferung und Mehrwertsteuer inbegriffen<\/td>\n<\/tr>\n<tr>\n<td>Verpackung<\/td>\n<td>Mit Pr\u00e4sentationsbox<\/td>\n<\/tr>\n<tr>\n<td>Mehr Informationen<\/td>\n<td>\n<ul>\n<li>Kette ist nicht enthalten<\/li>\n<li>Erkunden Sie unser<strong>\u00a0Kette<\/strong>\u00a0Sammlung<\/li>\n<li>Live-Chat mit uns f\u00fcr Verf\u00fcgbarkeit und mehr Bilder<\/li>\n<\/ul>\n<\/td>\n<\/tr>\n<\/tbody>\n<\/table>","protected":false},"featured_media":371172,"comment_status":"closed","ping_status":"closed","template":"","meta":{"_eb_attr":"","_crsspst_to_jayantr4sg-hostcom":false},"product_brand":[],"product_cat":[1791,1559,236,1793,1770,1229,1255,1767,1570,5585,1656,1573,1574],"product_tag":[1430],"class_list":{"0":"post-371171","1":"product","2":"type-product","3":"status-publish","4":"has-post-thumbnail","6":"product_cat-anniversary-gifts","7":"product_cat-birthday-gifts","8":"product_cat-collections","9":"product_cat-diwali-gifts","10":"product_cat-fancy-pendants","11":"product_cat-22ct-gold-jewellery","12":"product_cat-gold-pendants","13":"product_cat-ladies-pendants","14":"product_cat-mothers-day-gifts","15":"product_cat-rosette-pendant","16":"product_cat-rosettes-collections","17":"product_cat-wedding-gifts","18":"product_cat-womens-jewellery","19":"product_tag-diwali-gift","21":"first","22":"instock","23":"taxable","24":"shipping-taxable","25":"purchasable","26":"product-type-simple","27":"add-to-wishlist-before_image"},"yoast_head":"<!-- This site is optimized with the Yoast SEO plugin v27.5 - https:\/\/yoast.com\/product\/yoast-seo-wordpress\/ -->\n<title>Rosettes Collection 22ct Sunrise Gold Pendant | PureJewels UK<\/title>\n<meta name=\"description\" content=\"Discover the exquisite Rosettes Collection 22ct Sunrise Gold Pendant at PureJewels UK. Elevate your style with this stunning piece of jewellery.\" \/>\n<meta name=\"robots\" content=\"index, follow, max-snippet:-1, max-image-preview:large, max-video-preview:-1\" \/>\n<link rel=\"canonical\" href=\"https:\/\/www.purejewels.com\/de\/produkt-2\/rosetten-kollektion-22ct-sunrise-gold-anhanger-49288\/\" \/>\n<meta property=\"og:locale\" content=\"de_DE\" \/>\n<meta property=\"og:type\" content=\"article\" \/>\n<meta property=\"og:title\" content=\"Rosettes Collection 22ct Sunrise Gold Pendant | PureJewels UK\" \/>\n<meta property=\"og:description\" content=\"Discover the exquisite Rosettes Collection 22ct Sunrise Gold Pendant at PureJewels UK. Elevate your style with this stunning piece of jewellery.\" \/>\n<meta property=\"og:url\" content=\"https:\/\/www.purejewels.com\/de\/produkt-2\/rosetten-kollektion-22ct-sunrise-gold-anhanger-49288\/\" \/>\n<meta property=\"og:site_name\" content=\"PureJewels UK\" \/>\n<meta property=\"article:modified_time\" content=\"2026-03-23T05:45:29+00:00\" \/>\n<meta property=\"og:image\" content=\"https:\/\/static.purejewels.com\/wp-content\/uploads\/2024\/09\/49288.png\" \/>\n\t<meta property=\"og:image:width\" content=\"1000\" \/>\n\t<meta property=\"og:image:height\" content=\"1000\" \/>\n\t<meta property=\"og:image:type\" content=\"image\/png\" \/>\n<meta name=\"twitter:card\" content=\"summary_large_image\" \/>\n<meta name=\"twitter:label1\" content=\"Gesch\u00e4tzte Lesezeit\" \/>\n\t<meta name=\"twitter:data1\" content=\"1\u00a0Minute\" \/>\n<script type=\"application\/ld+json\" class=\"yoast-schema-graph\">{\"@context\":\"https:\\\/\\\/schema.org\",\"@graph\":[{\"@type\":[\"WebPage\",\"ItemPage\"],\"@id\":\"https:\\\/\\\/www.purejewels.com\\\/product\\\/rosettes-collection-22ct-sunrise-gold-pendant-49288\\\/\",\"url\":\"https:\\\/\\\/www.purejewels.com\\\/product\\\/rosettes-collection-22ct-sunrise-gold-pendant-49288\\\/\",\"name\":\"Rosettes Collection 22ct Sunrise Gold Pendant | PureJewels UK\",\"isPartOf\":{\"@id\":\"https:\\\/\\\/www.purejewels.com\\\/#website\"},\"primaryImageOfPage\":{\"@id\":\"https:\\\/\\\/www.purejewels.com\\\/product\\\/rosettes-collection-22ct-sunrise-gold-pendant-49288\\\/#primaryimage\"},\"image\":{\"@id\":\"https:\\\/\\\/www.purejewels.com\\\/product\\\/rosettes-collection-22ct-sunrise-gold-pendant-49288\\\/#primaryimage\"},\"thumbnailUrl\":\"https:\\\/\\\/static.purejewels.com\\\/wp-content\\\/uploads\\\/2024\\\/09\\\/49288.png\",\"datePublished\":\"2025-04-15T12:45:50+00:00\",\"dateModified\":\"2026-03-23T05:45:29+00:00\",\"description\":\"Discover the exquisite Rosettes Collection 22ct Sunrise Gold Pendant at PureJewels UK. Elevate your style with this stunning piece of jewellery.\",\"breadcrumb\":{\"@id\":\"https:\\\/\\\/www.purejewels.com\\\/product\\\/rosettes-collection-22ct-sunrise-gold-pendant-49288\\\/#breadcrumb\"},\"inLanguage\":\"de\",\"potentialAction\":[{\"@type\":\"ReadAction\",\"target\":[\"https:\\\/\\\/www.purejewels.com\\\/product\\\/rosettes-collection-22ct-sunrise-gold-pendant-49288\\\/\"]}]},{\"@type\":\"ImageObject\",\"inLanguage\":\"de\",\"@id\":\"https:\\\/\\\/www.purejewels.com\\\/product\\\/rosettes-collection-22ct-sunrise-gold-pendant-49288\\\/#primaryimage\",\"url\":\"https:\\\/\\\/static.purejewels.com\\\/wp-content\\\/uploads\\\/2024\\\/09\\\/49288.png\",\"contentUrl\":\"https:\\\/\\\/static.purejewels.com\\\/wp-content\\\/uploads\\\/2024\\\/09\\\/49288.png\",\"width\":1000,\"height\":1000,\"caption\":\"22ct Gold Pendant\"},{\"@type\":\"BreadcrumbList\",\"@id\":\"https:\\\/\\\/www.purejewels.com\\\/product\\\/rosettes-collection-22ct-sunrise-gold-pendant-49288\\\/#breadcrumb\",\"itemListElement\":[{\"@type\":\"ListItem\",\"position\":1,\"name\":\"Home\",\"item\":\"https:\\\/\\\/www.purejewels.com\\\/\"},{\"@type\":\"ListItem\",\"position\":2,\"name\":\"Shop\",\"item\":\"https:\\\/\\\/www.purejewels.com\\\/shop\\\/\"},{\"@type\":\"ListItem\",\"position\":3,\"name\":\"Rosettes Collection 22ct Sunrise Gold Pendant\"}]},{\"@type\":\"WebSite\",\"@id\":\"https:\\\/\\\/www.purejewels.com\\\/#website\",\"url\":\"https:\\\/\\\/www.purejewels.com\\\/\",\"name\":\"PureJewels UK\",\"description\":\"Share the Love\",\"publisher\":{\"@id\":\"https:\\\/\\\/www.purejewels.com\\\/#organization\"},\"potentialAction\":[{\"@type\":\"SearchAction\",\"target\":{\"@type\":\"EntryPoint\",\"urlTemplate\":\"https:\\\/\\\/www.purejewels.com\\\/?s={search_term_string}\"},\"query-input\":{\"@type\":\"PropertyValueSpecification\",\"valueRequired\":true,\"valueName\":\"search_term_string\"}}],\"inLanguage\":\"de\"},{\"@type\":\"Organization\",\"@id\":\"https:\\\/\\\/www.purejewels.com\\\/#organization\",\"name\":\"PureJewels UK\",\"url\":\"https:\\\/\\\/www.purejewels.com\\\/\",\"logo\":{\"@type\":\"ImageObject\",\"inLanguage\":\"de\",\"@id\":\"https:\\\/\\\/www.purejewels.com\\\/#\\\/schema\\\/logo\\\/image\\\/\",\"url\":\"https:\\\/\\\/static.purejewels.com\\\/wp-content\\\/uploads\\\/2020\\\/11\\\/Logo-PJ-New-1.png\",\"contentUrl\":\"https:\\\/\\\/static.purejewels.com\\\/wp-content\\\/uploads\\\/2020\\\/11\\\/Logo-PJ-New-1.png\",\"width\":150,\"height\":80,\"caption\":\"PureJewels UK\"},\"image\":{\"@id\":\"https:\\\/\\\/www.purejewels.com\\\/#\\\/schema\\\/logo\\\/image\\\/\"}}]}<\/script>\n<!-- \/ Yoast SEO plugin. -->","yoast_head_json":{"title":"Rosetten Sammlung 22ct Sunrise Gold Anh\u00e4nger | PureJewels UK","description":"Entdecken Sie die exquisite Rosettes Collection 22ct Sunrise Gold Anh\u00e4nger bei PureJewels UK. Erh\u00f6hen Sie Ihren Stil mit diesem atemberaubenden Schmuckst\u00fcck.","robots":{"index":"index","follow":"follow","max-snippet":"max-snippet:-1","max-image-preview":"max-image-preview:large","max-video-preview":"max-video-preview:-1"},"canonical":"https:\/\/www.purejewels.com\/de\/produkt-2\/rosetten-kollektion-22ct-sunrise-gold-anhanger-49288\/","og_locale":"de_DE","og_type":"article","og_title":"Rosettes Collection 22ct Sunrise Gold Pendant | PureJewels UK","og_description":"Discover the exquisite Rosettes Collection 22ct Sunrise Gold Pendant at PureJewels UK. Elevate your style with this stunning piece of jewellery.","og_url":"https:\/\/www.purejewels.com\/de\/produkt-2\/rosetten-kollektion-22ct-sunrise-gold-anhanger-49288\/","og_site_name":"PureJewels UK","article_modified_time":"2026-03-23T05:45:29+00:00","og_image":[{"width":1000,"height":1000,"url":"https:\/\/static.purejewels.com\/wp-content\/uploads\/2024\/09\/49288.png","type":"image\/png"}],"twitter_card":"summary_large_image","twitter_misc":{"Gesch\u00e4tzte Lesezeit":"1\u00a0Minute"},"schema":{"@context":"https:\/\/schema.org","@graph":[{"@type":["WebPage","ItemPage"],"@id":"https:\/\/www.purejewels.com\/product\/rosettes-collection-22ct-sunrise-gold-pendant-49288\/","url":"https:\/\/www.purejewels.com\/product\/rosettes-collection-22ct-sunrise-gold-pendant-49288\/","name":"Rosetten Sammlung 22ct Sunrise Gold Anh\u00e4nger | PureJewels UK","isPartOf":{"@id":"https:\/\/www.purejewels.com\/#website"},"primaryImageOfPage":{"@id":"https:\/\/www.purejewels.com\/product\/rosettes-collection-22ct-sunrise-gold-pendant-49288\/#primaryimage"},"image":{"@id":"https:\/\/www.purejewels.com\/product\/rosettes-collection-22ct-sunrise-gold-pendant-49288\/#primaryimage"},"thumbnailUrl":"https:\/\/static.purejewels.com\/wp-content\/uploads\/2024\/09\/49288.png","datePublished":"2025-04-15T12:45:50+00:00","dateModified":"2026-03-23T05:45:29+00:00","description":"Entdecken Sie die exquisite Rosettes Collection 22ct Sunrise Gold Anh\u00e4nger bei PureJewels UK. Erh\u00f6hen Sie Ihren Stil mit diesem atemberaubenden Schmuckst\u00fcck.","breadcrumb":{"@id":"https:\/\/www.purejewels.com\/product\/rosettes-collection-22ct-sunrise-gold-pendant-49288\/#breadcrumb"},"inLanguage":"de","potentialAction":[{"@type":"ReadAction","target":["https:\/\/www.purejewels.com\/product\/rosettes-collection-22ct-sunrise-gold-pendant-49288\/"]}]},{"@type":"ImageObject","inLanguage":"de","@id":"https:\/\/www.purejewels.com\/product\/rosettes-collection-22ct-sunrise-gold-pendant-49288\/#primaryimage","url":"https:\/\/static.purejewels.com\/wp-content\/uploads\/2024\/09\/49288.png","contentUrl":"https:\/\/static.purejewels.com\/wp-content\/uploads\/2024\/09\/49288.png","width":1000,"height":1000,"caption":"22ct Gold Pendant"},{"@type":"BreadcrumbList","@id":"https:\/\/www.purejewels.com\/product\/rosettes-collection-22ct-sunrise-gold-pendant-49288\/#breadcrumb","itemListElement":[{"@type":"ListItem","position":1,"name":"Home","item":"https:\/\/www.purejewels.com\/"},{"@type":"ListItem","position":2,"name":"Shop","item":"https:\/\/www.purejewels.com\/shop\/"},{"@type":"ListItem","position":3,"name":"Rosettes Collection 22ct Sunrise Gold Pendant"}]},{"@type":"WebSite","@id":"https:\/\/www.purejewels.com\/#website","url":"https:\/\/www.purejewels.com\/","name":"PureJewels UK","description":"Teile die Liebe","publisher":{"@id":"https:\/\/www.purejewels.com\/#organization"},"potentialAction":[{"@type":"SearchAction","target":{"@type":"EntryPoint","urlTemplate":"https:\/\/www.purejewels.com\/?s={search_term_string}"},"query-input":{"@type":"PropertyValueSpecification","valueRequired":true,"valueName":"search_term_string"}}],"inLanguage":"de"},{"@type":"Organization","@id":"https:\/\/www.purejewels.com\/#organization","name":"PureJewels UK","url":"https:\/\/www.purejewels.com\/","logo":{"@type":"ImageObject","inLanguage":"de","@id":"https:\/\/www.purejewels.com\/#\/schema\/logo\/image\/","url":"https:\/\/static.purejewels.com\/wp-content\/uploads\/2020\/11\/Logo-PJ-New-1.png","contentUrl":"https:\/\/static.purejewels.com\/wp-content\/uploads\/2020\/11\/Logo-PJ-New-1.png","width":150,"height":80,"caption":"PureJewels UK"},"image":{"@id":"https:\/\/www.purejewels.com\/#\/schema\/logo\/image\/"}}]}},"_links":{"self":[{"href":"https:\/\/www.purejewels.com\/de\/wp-json\/wp\/v2\/product\/371171","targetHints":{"allow":["GET"]}}],"collection":[{"href":"https:\/\/www.purejewels.com\/de\/wp-json\/wp\/v2\/product"}],"about":[{"href":"https:\/\/www.purejewels.com\/de\/wp-json\/wp\/v2\/types\/product"}],"replies":[{"embeddable":true,"href":"https:\/\/www.purejewels.com\/de\/wp-json\/wp\/v2\/comments?post=371171"}],"version-history":[{"count":5,"href":"https:\/\/www.purejewels.com\/de\/wp-json\/wp\/v2\/product\/371171\/revisions"}],"predecessor-version":[{"id":425431,"href":"https:\/\/www.purejewels.com\/de\/wp-json\/wp\/v2\/product\/371171\/revisions\/425431"}],"wp:featuredmedia":[{"embeddable":true,"href":"https:\/\/www.purejewels.com\/de\/wp-json\/wp\/v2\/media\/371172"}],"wp:attachment":[{"href":"https:\/\/www.purejewels.com\/de\/wp-json\/wp\/v2\/media?parent=371171"}],"wp:term":[{"taxonomy":"product_brand","embeddable":true,"href":"https:\/\/www.purejewels.com\/de\/wp-json\/wp\/v2\/product_brand?post=371171"},{"taxonomy":"product_cat","embeddable":true,"href":"https:\/\/www.purejewels.com\/de\/wp-json\/wp\/v2\/product_cat?post=371171"},{"taxonomy":"product_tag","embeddable":true,"href":"https:\/\/www.purejewels.com\/de\/wp-json\/wp\/v2\/product_tag?post=371171"}],"curies":[{"name":"wp","href":"https:\/\/api.w.org\/{rel}","templated":true}]}}