{"id":371303,"date":"2024-08-09T11:41:19","date_gmt":"2024-08-09T10:41:19","guid":{"rendered":"https:\/\/www.purejewels.com\/?post_type=product&#038;p=371303"},"modified":"2026-03-24T06:41:22","modified_gmt":"2026-03-24T06:41:22","slug":"22ct-sunrise-gold-fancy-lotus-bloom-ring","status":"publish","type":"product","link":"https:\/\/www.purejewels.com\/de\/product\/22ct-sunrise-gold-fancy-lotus-bloom-ring\/","title":{"rendered":"22ct Sunrise Gold Fancy Lotus Bloom Ring"},"content":{"rendered":"<p>Enth\u00fcllen Sie die Faszination des Lotus Rings, einem exquisiten St\u00fcck aus unserer Nirvana Kollektion. Gefertigt aus strahlendem <a href=\"https:\/\/www.purejewels.com\/de\/product\/22ct-gold-jali-filigree-ring-jali-collection-31926\/\">22ct<\/a> Sunrise Gold, dieser Ring ist eine wahre Verk\u00f6rperung von Eleganz und spiritueller Symbolik. Das filigrane Bl\u00fctendesign ist von der anmutigen Lotusblume inspiriert, die Reinheit, Erleuchtung und Wiedergeburt symbolisiert.<\/p>\n<p>Dieser ausgefallene Bl\u00fctenring f\u00e4ngt die Essenz der Sch\u00f6nheit der Natur ein. Jedes Bl\u00fctenblatt wurde sorgf\u00e4ltig entworfen, um den zarten Charme eines Lotus in voller Bl\u00fcte zu reflektieren. Das Sunrise Gold f\u00fcgt einen warmen, goldenen Farbton hinzu, der an das erste Licht der Morgend\u00e4mmerung erinnert und ihn zu einem idealen Schmuckst\u00fcck f\u00fcr diejenigen macht, die sowohl Luxus als auch Bedeutung zu sch\u00e4tzen wissen.<\/p>\n<p>Der Lotus Ring ist mehr als nur Schmuck, er ist ein Statement f\u00fcr Anmut und innere St\u00e4rke. Er ist perfekt f\u00fcr alle, die ein einzigartiges und anspruchsvolles Accessoire suchen. Ganz gleich, ob Sie einen Meilenstein feiern oder sich einfach einen zeitlosen Schatz g\u00f6nnen, dieser Ring wird Ihren Stil mit seinem unverwechselbaren Charme und <a href=\"https:\/\/www.purejewels.com\/de\/a-guide-to-die-stamping\/\">Handwerkskunst<\/a>.<\/p>\n<p>Lassen Sie sich von der heiteren Sch\u00f6nheit und der symbolischen Kraft des Lotusrings verzaubern, und lassen Sie ihn zum Leuchtfeuer Ihrer eigenen Reise zur Erleuchtung und Selbstentdeckung werden.<\/p>\n<p>&nbsp;<\/p>","protected":false},"excerpt":{"rendered":"<p>Eine raffinierte Lotus-Silhouette aus 22-kar\u00e4tigem Gold, die den Finger sanft mit einer offenen, flie\u00dfenden Form umh\u00fcllt. Leicht und ausdrucksstark, spiegelt er die sanfte Entfaltung der Geschichte der Lotus-Kollektion wider.<\/p>\n<p><strong>Material<\/strong>: 22ct Sunrise Gold (91,6% reines Gold)<br \/>\n<strong>Wahrzeichen<\/strong>: Britisches G\u00fctesiegel<br \/>\n<strong>Gewichtsbereich<\/strong>: 3.8 Gramm - 5.3 Gramm<br \/>\n<strong>Breite<\/strong>: 2,5 mm<br \/>\n<strong>Ringgr\u00f6\u00dfe:<\/strong>\u00a0Erh\u00e4ltlich in verschiedenen Gr\u00f6\u00dfen<br \/>\n<strong>SKU:<\/strong> 49963, 48557<\/p>\n<p><strong>Preis und Lieferung:<\/strong>\u00a0Inklusive Mehrwertsteuer und Lieferkosten<br \/>\n<a href=\"https:\/\/www.purejewels.com\/de\/ruckgabepolitik\/\"><strong>R\u00fcckgabepolitik<\/strong><\/a><\/p>","protected":false},"featured_media":371312,"comment_status":"closed","ping_status":"closed","template":"","meta":{"_eb_attr":"","_crsspst_to_jayantr4sg-hostcom":false},"product_brand":[],"product_cat":[1791,1559,236,1785,1229,1235,1783,5760,1786,1569,1574],"product_tag":[64],"class_list":{"0":"post-371303","1":"product","2":"type-product","3":"status-publish","4":"has-post-thumbnail","6":"product_cat-anniversary-gifts","7":"product_cat-birthday-gifts","8":"product_cat-collections","9":"product_cat-daily-wear-rings","10":"product_cat-22ct-gold-jewellery","11":"product_cat-gold-rings","12":"product_cat-ladies-rings","13":"product_cat-nirvana-collection","14":"product_cat-occasional-wear-rings","15":"product_cat-valentine-day-gifts","16":"product_cat-womens-jewellery","17":"product_tag-rings","19":"first","20":"instock","21":"taxable","22":"shipping-taxable","23":"purchasable","24":"product-type-variable","25":"add-to-wishlist-before_image"},"yoast_head":"<!-- This site is optimized with the Yoast SEO plugin v27.4 - https:\/\/yoast.com\/product\/yoast-seo-wordpress\/ -->\n<title>Lotus Ring - 22ct Sunrise Gold Fancy Bloom Ring in PureJewels<\/title>\n<meta name=\"description\" content=\"Discover elegance with our 22ct Sunrise Gold Lotus Ring in different sizes. A perfect blend of beauty and craftsmanship to elevate your jewellery collection.\" \/>\n<meta name=\"robots\" content=\"index, follow, max-snippet:-1, max-image-preview:large, max-video-preview:-1\" \/>\n<link rel=\"canonical\" href=\"https:\/\/www.purejewels.com\/de\/produkt-2\/22ct-sunrise-gold-fancy-lotus-bloom-ring\/\" \/>\n<meta property=\"og:locale\" content=\"de_DE\" \/>\n<meta property=\"og:type\" content=\"article\" \/>\n<meta property=\"og:title\" content=\"Lotus Ring - 22ct Sunrise Gold Fancy Bloom Ring in PureJewels\" \/>\n<meta property=\"og:description\" content=\"Discover elegance with our 22ct Sunrise Gold Lotus Ring in different sizes. A perfect blend of beauty and craftsmanship to elevate your jewellery collection.\" \/>\n<meta property=\"og:url\" content=\"https:\/\/www.purejewels.com\/de\/produkt-2\/22ct-sunrise-gold-fancy-lotus-bloom-ring\/\" \/>\n<meta property=\"og:site_name\" content=\"PureJewels UK\" \/>\n<meta property=\"article:modified_time\" content=\"2026-03-24T06:41:22+00:00\" \/>\n<meta property=\"og:image\" content=\"https:\/\/static.purejewels.com\/wp-content\/uploads\/2024\/09\/1.jpg\" \/>\n\t<meta property=\"og:image:width\" content=\"1000\" \/>\n\t<meta property=\"og:image:height\" content=\"1000\" \/>\n\t<meta property=\"og:image:type\" content=\"image\/jpeg\" \/>\n<meta name=\"twitter:card\" content=\"summary_large_image\" \/>\n<meta name=\"twitter:label1\" content=\"Gesch\u00e4tzte Lesezeit\" \/>\n\t<meta name=\"twitter:data1\" content=\"1\u00a0Minute\" \/>\n<script type=\"application\/ld+json\" class=\"yoast-schema-graph\">{\"@context\":\"https:\\\/\\\/schema.org\",\"@graph\":[{\"@type\":[\"WebPage\",\"ItemPage\"],\"@id\":\"https:\\\/\\\/www.purejewels.com\\\/product\\\/22ct-sunrise-gold-fancy-lotus-bloom-ring\\\/\",\"url\":\"https:\\\/\\\/www.purejewels.com\\\/product\\\/22ct-sunrise-gold-fancy-lotus-bloom-ring\\\/\",\"name\":\"Lotus Ring - 22ct Sunrise Gold Fancy Bloom Ring in PureJewels\",\"isPartOf\":{\"@id\":\"https:\\\/\\\/www.purejewels.com\\\/#website\"},\"primaryImageOfPage\":{\"@id\":\"https:\\\/\\\/www.purejewels.com\\\/product\\\/22ct-sunrise-gold-fancy-lotus-bloom-ring\\\/#primaryimage\"},\"image\":{\"@id\":\"https:\\\/\\\/www.purejewels.com\\\/product\\\/22ct-sunrise-gold-fancy-lotus-bloom-ring\\\/#primaryimage\"},\"thumbnailUrl\":\"https:\\\/\\\/static.purejewels.com\\\/wp-content\\\/uploads\\\/2024\\\/09\\\/1.jpg\",\"datePublished\":\"2024-08-09T10:41:19+00:00\",\"dateModified\":\"2026-03-24T06:41:22+00:00\",\"description\":\"Discover elegance with our 22ct Sunrise Gold Lotus Ring in different sizes. A perfect blend of beauty and craftsmanship to elevate your jewellery collection.\",\"breadcrumb\":{\"@id\":\"https:\\\/\\\/www.purejewels.com\\\/product\\\/22ct-sunrise-gold-fancy-lotus-bloom-ring\\\/#breadcrumb\"},\"inLanguage\":\"de\",\"potentialAction\":[{\"@type\":\"ReadAction\",\"target\":[\"https:\\\/\\\/www.purejewels.com\\\/product\\\/22ct-sunrise-gold-fancy-lotus-bloom-ring\\\/\"]}]},{\"@type\":\"ImageObject\",\"inLanguage\":\"de\",\"@id\":\"https:\\\/\\\/www.purejewels.com\\\/product\\\/22ct-sunrise-gold-fancy-lotus-bloom-ring\\\/#primaryimage\",\"url\":\"https:\\\/\\\/static.purejewels.com\\\/wp-content\\\/uploads\\\/2024\\\/09\\\/1.jpg\",\"contentUrl\":\"https:\\\/\\\/static.purejewels.com\\\/wp-content\\\/uploads\\\/2024\\\/09\\\/1.jpg\",\"width\":1000,\"height\":1000,\"caption\":\"22ct Sunrise Gold Ring\"},{\"@type\":\"BreadcrumbList\",\"@id\":\"https:\\\/\\\/www.purejewels.com\\\/product\\\/22ct-sunrise-gold-fancy-lotus-bloom-ring\\\/#breadcrumb\",\"itemListElement\":[{\"@type\":\"ListItem\",\"position\":1,\"name\":\"Home\",\"item\":\"https:\\\/\\\/www.purejewels.com\\\/\"},{\"@type\":\"ListItem\",\"position\":2,\"name\":\"Shop\",\"item\":\"https:\\\/\\\/www.purejewels.com\\\/shop\\\/\"},{\"@type\":\"ListItem\",\"position\":3,\"name\":\"22ct Sunrise Gold Fancy Lotus Bloom Ring\"}]},{\"@type\":\"WebSite\",\"@id\":\"https:\\\/\\\/www.purejewels.com\\\/#website\",\"url\":\"https:\\\/\\\/www.purejewels.com\\\/\",\"name\":\"PureJewels UK\",\"description\":\"Share the Love\",\"publisher\":{\"@id\":\"https:\\\/\\\/www.purejewels.com\\\/#organization\"},\"potentialAction\":[{\"@type\":\"SearchAction\",\"target\":{\"@type\":\"EntryPoint\",\"urlTemplate\":\"https:\\\/\\\/www.purejewels.com\\\/?s={search_term_string}\"},\"query-input\":{\"@type\":\"PropertyValueSpecification\",\"valueRequired\":true,\"valueName\":\"search_term_string\"}}],\"inLanguage\":\"de\"},{\"@type\":\"Organization\",\"@id\":\"https:\\\/\\\/www.purejewels.com\\\/#organization\",\"name\":\"PureJewels UK\",\"url\":\"https:\\\/\\\/www.purejewels.com\\\/\",\"logo\":{\"@type\":\"ImageObject\",\"inLanguage\":\"de\",\"@id\":\"https:\\\/\\\/www.purejewels.com\\\/#\\\/schema\\\/logo\\\/image\\\/\",\"url\":\"https:\\\/\\\/static.purejewels.com\\\/wp-content\\\/uploads\\\/2020\\\/11\\\/Logo-PJ-New-1.png\",\"contentUrl\":\"https:\\\/\\\/static.purejewels.com\\\/wp-content\\\/uploads\\\/2020\\\/11\\\/Logo-PJ-New-1.png\",\"width\":150,\"height\":80,\"caption\":\"PureJewels UK\"},\"image\":{\"@id\":\"https:\\\/\\\/www.purejewels.com\\\/#\\\/schema\\\/logo\\\/image\\\/\"}}]}<\/script>\n<!-- \/ Yoast SEO plugin. -->","yoast_head_json":{"title":"Lotus Ring - 22ct Sunrise Gold Fancy Bloom Ring in PureJewels","description":"Entdecken Sie Eleganz mit unserem 22ct Sunrise Gold Lotus Ring in verschiedenen Gr\u00f6\u00dfen. Eine perfekte Mischung aus Sch\u00f6nheit und Handwerkskunst, die Ihre Schmucksammlung aufwertet.","robots":{"index":"index","follow":"follow","max-snippet":"max-snippet:-1","max-image-preview":"max-image-preview:large","max-video-preview":"max-video-preview:-1"},"canonical":"https:\/\/www.purejewels.com\/de\/produkt-2\/22ct-sunrise-gold-fancy-lotus-bloom-ring\/","og_locale":"de_DE","og_type":"article","og_title":"Lotus Ring - 22ct Sunrise Gold Fancy Bloom Ring in PureJewels","og_description":"Discover elegance with our 22ct Sunrise Gold Lotus Ring in different sizes. A perfect blend of beauty and craftsmanship to elevate your jewellery collection.","og_url":"https:\/\/www.purejewels.com\/de\/produkt-2\/22ct-sunrise-gold-fancy-lotus-bloom-ring\/","og_site_name":"PureJewels UK","article_modified_time":"2026-03-24T06:41:22+00:00","og_image":[{"width":1000,"height":1000,"url":"https:\/\/static.purejewels.com\/wp-content\/uploads\/2024\/09\/1.jpg","type":"image\/jpeg"}],"twitter_card":"summary_large_image","twitter_misc":{"Gesch\u00e4tzte Lesezeit":"1\u00a0Minute"},"schema":{"@context":"https:\/\/schema.org","@graph":[{"@type":["WebPage","ItemPage"],"@id":"https:\/\/www.purejewels.com\/product\/22ct-sunrise-gold-fancy-lotus-bloom-ring\/","url":"https:\/\/www.purejewels.com\/product\/22ct-sunrise-gold-fancy-lotus-bloom-ring\/","name":"Lotus Ring - 22ct Sunrise Gold Fancy Bloom Ring in PureJewels","isPartOf":{"@id":"https:\/\/www.purejewels.com\/#website"},"primaryImageOfPage":{"@id":"https:\/\/www.purejewels.com\/product\/22ct-sunrise-gold-fancy-lotus-bloom-ring\/#primaryimage"},"image":{"@id":"https:\/\/www.purejewels.com\/product\/22ct-sunrise-gold-fancy-lotus-bloom-ring\/#primaryimage"},"thumbnailUrl":"https:\/\/static.purejewels.com\/wp-content\/uploads\/2024\/09\/1.jpg","datePublished":"2024-08-09T10:41:19+00:00","dateModified":"2026-03-24T06:41:22+00:00","description":"Entdecken Sie Eleganz mit unserem 22ct Sunrise Gold Lotus Ring in verschiedenen Gr\u00f6\u00dfen. Eine perfekte Mischung aus Sch\u00f6nheit und Handwerkskunst, die Ihre Schmucksammlung aufwertet.","breadcrumb":{"@id":"https:\/\/www.purejewels.com\/product\/22ct-sunrise-gold-fancy-lotus-bloom-ring\/#breadcrumb"},"inLanguage":"de","potentialAction":[{"@type":"ReadAction","target":["https:\/\/www.purejewels.com\/product\/22ct-sunrise-gold-fancy-lotus-bloom-ring\/"]}]},{"@type":"ImageObject","inLanguage":"de","@id":"https:\/\/www.purejewels.com\/product\/22ct-sunrise-gold-fancy-lotus-bloom-ring\/#primaryimage","url":"https:\/\/static.purejewels.com\/wp-content\/uploads\/2024\/09\/1.jpg","contentUrl":"https:\/\/static.purejewels.com\/wp-content\/uploads\/2024\/09\/1.jpg","width":1000,"height":1000,"caption":"22ct Sunrise Gold Ring"},{"@type":"BreadcrumbList","@id":"https:\/\/www.purejewels.com\/product\/22ct-sunrise-gold-fancy-lotus-bloom-ring\/#breadcrumb","itemListElement":[{"@type":"ListItem","position":1,"name":"Home","item":"https:\/\/www.purejewels.com\/"},{"@type":"ListItem","position":2,"name":"Shop","item":"https:\/\/www.purejewels.com\/shop\/"},{"@type":"ListItem","position":3,"name":"22ct Sunrise Gold Fancy Lotus Bloom Ring"}]},{"@type":"WebSite","@id":"https:\/\/www.purejewels.com\/#website","url":"https:\/\/www.purejewels.com\/","name":"PureJewels UK","description":"Teile die Liebe","publisher":{"@id":"https:\/\/www.purejewels.com\/#organization"},"potentialAction":[{"@type":"SearchAction","target":{"@type":"EntryPoint","urlTemplate":"https:\/\/www.purejewels.com\/?s={search_term_string}"},"query-input":{"@type":"PropertyValueSpecification","valueRequired":true,"valueName":"search_term_string"}}],"inLanguage":"de"},{"@type":"Organization","@id":"https:\/\/www.purejewels.com\/#organization","name":"PureJewels UK","url":"https:\/\/www.purejewels.com\/","logo":{"@type":"ImageObject","inLanguage":"de","@id":"https:\/\/www.purejewels.com\/#\/schema\/logo\/image\/","url":"https:\/\/static.purejewels.com\/wp-content\/uploads\/2020\/11\/Logo-PJ-New-1.png","contentUrl":"https:\/\/static.purejewels.com\/wp-content\/uploads\/2020\/11\/Logo-PJ-New-1.png","width":150,"height":80,"caption":"PureJewels UK"},"image":{"@id":"https:\/\/www.purejewels.com\/#\/schema\/logo\/image\/"}}]}},"_links":{"self":[{"href":"https:\/\/www.purejewels.com\/de\/wp-json\/wp\/v2\/product\/371303","targetHints":{"allow":["GET"]}}],"collection":[{"href":"https:\/\/www.purejewels.com\/de\/wp-json\/wp\/v2\/product"}],"about":[{"href":"https:\/\/www.purejewels.com\/de\/wp-json\/wp\/v2\/types\/product"}],"replies":[{"embeddable":true,"href":"https:\/\/www.purejewels.com\/de\/wp-json\/wp\/v2\/comments?post=371303"}],"version-history":[{"count":4,"href":"https:\/\/www.purejewels.com\/de\/wp-json\/wp\/v2\/product\/371303\/revisions"}],"predecessor-version":[{"id":427515,"href":"https:\/\/www.purejewels.com\/de\/wp-json\/wp\/v2\/product\/371303\/revisions\/427515"}],"wp:featuredmedia":[{"embeddable":true,"href":"https:\/\/www.purejewels.com\/de\/wp-json\/wp\/v2\/media\/371312"}],"wp:attachment":[{"href":"https:\/\/www.purejewels.com\/de\/wp-json\/wp\/v2\/media?parent=371303"}],"wp:term":[{"taxonomy":"product_brand","embeddable":true,"href":"https:\/\/www.purejewels.com\/de\/wp-json\/wp\/v2\/product_brand?post=371303"},{"taxonomy":"product_cat","embeddable":true,"href":"https:\/\/www.purejewels.com\/de\/wp-json\/wp\/v2\/product_cat?post=371303"},{"taxonomy":"product_tag","embeddable":true,"href":"https:\/\/www.purejewels.com\/de\/wp-json\/wp\/v2\/product_tag?post=371303"}],"curies":[{"name":"wp","href":"https:\/\/api.w.org\/{rel}","templated":true}]}}