{"id":371311,"date":"2024-08-09T12:57:23","date_gmt":"2024-08-09T11:57:23","guid":{"rendered":"https:\/\/www.purejewels.com\/?post_type=product&#038;p=371311"},"modified":"2026-05-05T12:44:04","modified_gmt":"2026-05-05T11:44:04","slug":"lotosring-aus-22-karat-gold-sunrise-48557","status":"publish","type":"product","link":"https:\/\/www.purejewels.com\/de\/product\/lotus-ring-in-22ct-gold-sunrise-48557\/","title":{"rendered":"Lotus Ring aus 22ct Gold Sunrise"},"content":{"rendered":"<p>Entdecken Sie die harmonische Verbindung von Natur und Kunst mit dem Lotus Ring in <a href=\"https:\/\/www.purejewels.com\/de\/product\/22ct-gold-jali-filigree-ring-jali-collection-31926\/\">22ct<\/a> Sonnenaufgang aus Gold. Dieser exquisite Ring ist eine Hommage an die zarte Sch\u00f6nheit der Lotusblume, ein Symbol f\u00fcr Reinheit und spirituelles Erwachen. Das Design des Rings aus luxuri\u00f6sem 22-kar\u00e4tigem Sunrise-Gold f\u00e4ngt die \u00e4therische Eleganz eines bl\u00fchenden Lotus ein und macht ihn zu einem atemberaubenden Schmuckst\u00fcck, das sowohl Bedeutung als auch Stil ausstrahlt.<\/p>\n<p>Der warme, goldene Farbton des Sunrise Goldes hebt die filigranen Details der Lotusbl\u00fcten hervor und reflektiert das erste Licht der Morgend\u00e4mmerung. Dieser Ring ist f\u00fcr all jene gedacht, die ein einzigartiges und elegantes Accessoire suchen, das sowohl Luxus als auch Symbolik verk\u00f6rpert.<\/p>\n<p>Der Lotus Ring ist mehr als nur ein Schmuckst\u00fcck - er ist ein Statement f\u00fcr Anmut, Wachstum und Erleuchtung. Er ist perfekt, um jedem Outfit einen Hauch von Raffinesse zu verleihen. Ganz gleich, ob Sie einen besonderen Anlass feiern oder sich einfach nur ein sch\u00f6nes St\u00fcck g\u00f6nnen m\u00f6chten, dieser Ring wird mit Sicherheit zu einem wertvollen Teil Ihrer Sammlung.<\/p>\n<p>Lassen Sie sich von der Sch\u00f6nheit und Bedeutung des Lotusrings in <a href=\"https:\/\/www.purejewels.com\/de\/product\/holy-cross-gold-pendant-44713\/\">22ct Gold<\/a> Sonnenaufgang und lassen Sie ihn ein Symbol f\u00fcr Ihre Reise zu innerem Frieden und Erleuchtung sein.<\/p>","protected":false},"excerpt":{"rendered":"<p>Eine zarte Lotosform entfaltet sich in feinem 22-kar\u00e4tigem Sunrise-Gold und f\u00e4ngt die stille Sch\u00f6nheit einer bl\u00fchenden Blume ein. Sie ist f\u00fcr den t\u00e4glichen Gebrauch bestimmt und verleiht Ihrer Schmucksammlung Leichtigkeit und Bedeutung.<\/p>\n<p><strong>Material<\/strong>: 22ct Sunrise Gold (91,6% reines Gold)<br \/>\n<strong>Wahrzeichen<\/strong>: Britisches G\u00fctesiegel<br \/>\n<strong>Gewichtsbereich<\/strong>: 3.4 Gramm - 4.8 Gramm<br \/>\n<strong>Ringgr\u00f6\u00dfen:<\/strong> Erh\u00e4ltlich in verschiedenen Gr\u00f6\u00dfen<br \/>\n<strong>SKU:<\/strong>\u00a0 48559, 48558, 49968, 49969, 50756, 55495<\/p>\n<p><strong>Preis und Lieferung:<\/strong>\u00a0Inklusive Mehrwertsteuer und Lieferkosten<br \/>\n<a href=\"https:\/\/www.purejewels.com\/de\/ruckgabepolitik\/\"><strong>R\u00fcckgabepolitik<\/strong><\/a><\/p>","protected":false},"featured_media":371304,"comment_status":"closed","ping_status":"closed","template":"","meta":{"_eb_attr":"","_crsspst_to_jayantr4sg-hostcom":false},"product_brand":[],"product_cat":[1791,1559,1785,1229,1235,1783,5760,1574],"product_tag":[64],"class_list":{"0":"post-371311","1":"product","2":"type-product","3":"status-publish","4":"has-post-thumbnail","6":"product_cat-anniversary-gifts","7":"product_cat-birthday-gifts","8":"product_cat-daily-wear-rings","9":"product_cat-22ct-gold-jewellery","10":"product_cat-gold-rings","11":"product_cat-ladies-rings","12":"product_cat-nirvana-collection","13":"product_cat-womens-jewellery","14":"product_tag-rings","16":"first","17":"instock","18":"taxable","19":"shipping-taxable","20":"purchasable","21":"product-type-variable","22":"add-to-wishlist-before_image"},"yoast_head":"<!-- This site is optimized with the Yoast SEO plugin v27.6 - https:\/\/yoast.com\/product\/yoast-seo-wordpress\/ -->\n<title>Women Ring: Lotus Ring in 22ct Gold Sunrise | PureJewels UK<\/title>\n<meta name=\"description\" content=\"Explore the exquisite Women Ring - Lotus Ring in 22ct Gold Sunrise, different sizes. Elevate your style with this stunning and unique piece of jewellery.\" \/>\n<meta name=\"robots\" content=\"index, follow, max-snippet:-1, max-image-preview:large, max-video-preview:-1\" \/>\n<link rel=\"canonical\" href=\"https:\/\/www.purejewels.com\/de\/produkt-2\/lotosring-aus-22-karat-gold-sunrise-48557\/\" \/>\n<meta property=\"og:locale\" content=\"de_DE\" \/>\n<meta property=\"og:type\" content=\"article\" \/>\n<meta property=\"og:title\" content=\"Women Ring: Lotus Ring in 22ct Gold Sunrise | PureJewels UK\" \/>\n<meta property=\"og:description\" content=\"Explore the exquisite Women Ring - Lotus Ring in 22ct Gold Sunrise, different sizes. Elevate your style with this stunning and unique piece of jewellery.\" \/>\n<meta property=\"og:url\" content=\"https:\/\/www.purejewels.com\/de\/produkt-2\/lotosring-aus-22-karat-gold-sunrise-48557\/\" \/>\n<meta property=\"og:site_name\" content=\"PureJewels UK\" \/>\n<meta property=\"article:modified_time\" content=\"2026-05-05T11:44:04+00:00\" \/>\n<meta property=\"og:image\" content=\"https:\/\/static.purejewels.com\/wp-content\/uploads\/2024\/09\/2.jpg\" \/>\n\t<meta property=\"og:image:width\" content=\"1000\" \/>\n\t<meta property=\"og:image:height\" content=\"1000\" \/>\n\t<meta property=\"og:image:type\" content=\"image\/jpeg\" \/>\n<meta name=\"twitter:card\" content=\"summary_large_image\" \/>\n<meta name=\"twitter:label1\" content=\"Gesch\u00e4tzte Lesezeit\" \/>\n\t<meta name=\"twitter:data1\" content=\"2\u00a0Minuten\" \/>\n<script type=\"application\/ld+json\" class=\"yoast-schema-graph\">{\"@context\":\"https:\\\/\\\/schema.org\",\"@graph\":[{\"@type\":[\"WebPage\",\"ItemPage\"],\"@id\":\"https:\\\/\\\/www.purejewels.com\\\/product\\\/lotus-ring-in-22ct-gold-sunrise-48557\\\/\",\"url\":\"https:\\\/\\\/www.purejewels.com\\\/product\\\/lotus-ring-in-22ct-gold-sunrise-48557\\\/\",\"name\":\"Women Ring: Lotus Ring in 22ct Gold Sunrise | PureJewels UK\",\"isPartOf\":{\"@id\":\"https:\\\/\\\/www.purejewels.com\\\/#website\"},\"primaryImageOfPage\":{\"@id\":\"https:\\\/\\\/www.purejewels.com\\\/product\\\/lotus-ring-in-22ct-gold-sunrise-48557\\\/#primaryimage\"},\"image\":{\"@id\":\"https:\\\/\\\/www.purejewels.com\\\/product\\\/lotus-ring-in-22ct-gold-sunrise-48557\\\/#primaryimage\"},\"thumbnailUrl\":\"https:\\\/\\\/static.purejewels.com\\\/wp-content\\\/uploads\\\/2024\\\/09\\\/2.jpg\",\"datePublished\":\"2024-08-09T11:57:23+00:00\",\"dateModified\":\"2026-05-05T11:44:04+00:00\",\"description\":\"Explore the exquisite Women Ring - Lotus Ring in 22ct Gold Sunrise, different sizes. Elevate your style with this stunning and unique piece of jewellery.\",\"breadcrumb\":{\"@id\":\"https:\\\/\\\/www.purejewels.com\\\/product\\\/lotus-ring-in-22ct-gold-sunrise-48557\\\/#breadcrumb\"},\"inLanguage\":\"de\",\"potentialAction\":[{\"@type\":\"ReadAction\",\"target\":[\"https:\\\/\\\/www.purejewels.com\\\/product\\\/lotus-ring-in-22ct-gold-sunrise-48557\\\/\"]}]},{\"@type\":\"ImageObject\",\"inLanguage\":\"de\",\"@id\":\"https:\\\/\\\/www.purejewels.com\\\/product\\\/lotus-ring-in-22ct-gold-sunrise-48557\\\/#primaryimage\",\"url\":\"https:\\\/\\\/static.purejewels.com\\\/wp-content\\\/uploads\\\/2024\\\/09\\\/2.jpg\",\"contentUrl\":\"https:\\\/\\\/static.purejewels.com\\\/wp-content\\\/uploads\\\/2024\\\/09\\\/2.jpg\",\"width\":1000,\"height\":1000,\"caption\":\"22ct Sunrise Gold Ring\"},{\"@type\":\"BreadcrumbList\",\"@id\":\"https:\\\/\\\/www.purejewels.com\\\/product\\\/lotus-ring-in-22ct-gold-sunrise-48557\\\/#breadcrumb\",\"itemListElement\":[{\"@type\":\"ListItem\",\"position\":1,\"name\":\"Home\",\"item\":\"https:\\\/\\\/www.purejewels.com\\\/\"},{\"@type\":\"ListItem\",\"position\":2,\"name\":\"Shop\",\"item\":\"https:\\\/\\\/www.purejewels.com\\\/shop\\\/\"},{\"@type\":\"ListItem\",\"position\":3,\"name\":\"Lotus Ring in 22ct Gold Sunrise\"}]},{\"@type\":\"WebSite\",\"@id\":\"https:\\\/\\\/www.purejewels.com\\\/#website\",\"url\":\"https:\\\/\\\/www.purejewels.com\\\/\",\"name\":\"PureJewels UK\",\"description\":\"Share the Love\",\"publisher\":{\"@id\":\"https:\\\/\\\/www.purejewels.com\\\/#organization\"},\"potentialAction\":[{\"@type\":\"SearchAction\",\"target\":{\"@type\":\"EntryPoint\",\"urlTemplate\":\"https:\\\/\\\/www.purejewels.com\\\/?s={search_term_string}\"},\"query-input\":{\"@type\":\"PropertyValueSpecification\",\"valueRequired\":true,\"valueName\":\"search_term_string\"}}],\"inLanguage\":\"de\"},{\"@type\":\"Organization\",\"@id\":\"https:\\\/\\\/www.purejewels.com\\\/#organization\",\"name\":\"PureJewels UK\",\"url\":\"https:\\\/\\\/www.purejewels.com\\\/\",\"logo\":{\"@type\":\"ImageObject\",\"inLanguage\":\"de\",\"@id\":\"https:\\\/\\\/www.purejewels.com\\\/#\\\/schema\\\/logo\\\/image\\\/\",\"url\":\"https:\\\/\\\/static.purejewels.com\\\/wp-content\\\/uploads\\\/2020\\\/11\\\/Logo-PJ-New-1.png\",\"contentUrl\":\"https:\\\/\\\/static.purejewels.com\\\/wp-content\\\/uploads\\\/2020\\\/11\\\/Logo-PJ-New-1.png\",\"width\":150,\"height\":80,\"caption\":\"PureJewels UK\"},\"image\":{\"@id\":\"https:\\\/\\\/www.purejewels.com\\\/#\\\/schema\\\/logo\\\/image\\\/\"}}]}<\/script>\n<!-- \/ Yoast SEO plugin. -->","yoast_head_json":{"title":"Frauen Ring: Lotus Ring in 22ct Gold Sunrise | PureJewels UK","description":"Entdecken Sie den exquisiten Women Ring - Lotus Ring in 22ct Gold Sunrise, verschiedene Gr\u00f6\u00dfen. Erh\u00f6hen Sie Ihren Stil mit diesem atemberaubenden und einzigartigen Schmuckst\u00fcck.","robots":{"index":"index","follow":"follow","max-snippet":"max-snippet:-1","max-image-preview":"max-image-preview:large","max-video-preview":"max-video-preview:-1"},"canonical":"https:\/\/www.purejewels.com\/de\/produkt-2\/lotosring-aus-22-karat-gold-sunrise-48557\/","og_locale":"de_DE","og_type":"article","og_title":"Women Ring: Lotus Ring in 22ct Gold Sunrise | PureJewels UK","og_description":"Explore the exquisite Women Ring - Lotus Ring in 22ct Gold Sunrise, different sizes. Elevate your style with this stunning and unique piece of jewellery.","og_url":"https:\/\/www.purejewels.com\/de\/produkt-2\/lotosring-aus-22-karat-gold-sunrise-48557\/","og_site_name":"PureJewels UK","article_modified_time":"2026-05-05T11:44:04+00:00","og_image":[{"width":1000,"height":1000,"url":"https:\/\/static.purejewels.com\/wp-content\/uploads\/2024\/09\/2.jpg","type":"image\/jpeg"}],"twitter_card":"summary_large_image","twitter_misc":{"Gesch\u00e4tzte Lesezeit":"2\u00a0Minuten"},"schema":{"@context":"https:\/\/schema.org","@graph":[{"@type":["WebPage","ItemPage"],"@id":"https:\/\/www.purejewels.com\/product\/lotus-ring-in-22ct-gold-sunrise-48557\/","url":"https:\/\/www.purejewels.com\/product\/lotus-ring-in-22ct-gold-sunrise-48557\/","name":"Frauen Ring: Lotus Ring in 22ct Gold Sunrise | PureJewels UK","isPartOf":{"@id":"https:\/\/www.purejewels.com\/#website"},"primaryImageOfPage":{"@id":"https:\/\/www.purejewels.com\/product\/lotus-ring-in-22ct-gold-sunrise-48557\/#primaryimage"},"image":{"@id":"https:\/\/www.purejewels.com\/product\/lotus-ring-in-22ct-gold-sunrise-48557\/#primaryimage"},"thumbnailUrl":"https:\/\/static.purejewels.com\/wp-content\/uploads\/2024\/09\/2.jpg","datePublished":"2024-08-09T11:57:23+00:00","dateModified":"2026-05-05T11:44:04+00:00","description":"Entdecken Sie den exquisiten Women Ring - Lotus Ring in 22ct Gold Sunrise, verschiedene Gr\u00f6\u00dfen. Erh\u00f6hen Sie Ihren Stil mit diesem atemberaubenden und einzigartigen Schmuckst\u00fcck.","breadcrumb":{"@id":"https:\/\/www.purejewels.com\/product\/lotus-ring-in-22ct-gold-sunrise-48557\/#breadcrumb"},"inLanguage":"de","potentialAction":[{"@type":"ReadAction","target":["https:\/\/www.purejewels.com\/product\/lotus-ring-in-22ct-gold-sunrise-48557\/"]}]},{"@type":"ImageObject","inLanguage":"de","@id":"https:\/\/www.purejewels.com\/product\/lotus-ring-in-22ct-gold-sunrise-48557\/#primaryimage","url":"https:\/\/static.purejewels.com\/wp-content\/uploads\/2024\/09\/2.jpg","contentUrl":"https:\/\/static.purejewels.com\/wp-content\/uploads\/2024\/09\/2.jpg","width":1000,"height":1000,"caption":"22ct Sunrise Gold Ring"},{"@type":"BreadcrumbList","@id":"https:\/\/www.purejewels.com\/product\/lotus-ring-in-22ct-gold-sunrise-48557\/#breadcrumb","itemListElement":[{"@type":"ListItem","position":1,"name":"Home","item":"https:\/\/www.purejewels.com\/"},{"@type":"ListItem","position":2,"name":"Shop","item":"https:\/\/www.purejewels.com\/shop\/"},{"@type":"ListItem","position":3,"name":"Lotus Ring in 22ct Gold Sunrise"}]},{"@type":"WebSite","@id":"https:\/\/www.purejewels.com\/#website","url":"https:\/\/www.purejewels.com\/","name":"PureJewels UK","description":"Teile die Liebe","publisher":{"@id":"https:\/\/www.purejewels.com\/#organization"},"potentialAction":[{"@type":"SearchAction","target":{"@type":"EntryPoint","urlTemplate":"https:\/\/www.purejewels.com\/?s={search_term_string}"},"query-input":{"@type":"PropertyValueSpecification","valueRequired":true,"valueName":"search_term_string"}}],"inLanguage":"de"},{"@type":"Organization","@id":"https:\/\/www.purejewels.com\/#organization","name":"PureJewels UK","url":"https:\/\/www.purejewels.com\/","logo":{"@type":"ImageObject","inLanguage":"de","@id":"https:\/\/www.purejewels.com\/#\/schema\/logo\/image\/","url":"https:\/\/static.purejewels.com\/wp-content\/uploads\/2020\/11\/Logo-PJ-New-1.png","contentUrl":"https:\/\/static.purejewels.com\/wp-content\/uploads\/2020\/11\/Logo-PJ-New-1.png","width":150,"height":80,"caption":"PureJewels UK"},"image":{"@id":"https:\/\/www.purejewels.com\/#\/schema\/logo\/image\/"}}]}},"_links":{"self":[{"href":"https:\/\/www.purejewels.com\/de\/wp-json\/wp\/v2\/product\/371311","targetHints":{"allow":["GET"]}}],"collection":[{"href":"https:\/\/www.purejewels.com\/de\/wp-json\/wp\/v2\/product"}],"about":[{"href":"https:\/\/www.purejewels.com\/de\/wp-json\/wp\/v2\/types\/product"}],"replies":[{"embeddable":true,"href":"https:\/\/www.purejewels.com\/de\/wp-json\/wp\/v2\/comments?post=371311"}],"version-history":[{"count":5,"href":"https:\/\/www.purejewels.com\/de\/wp-json\/wp\/v2\/product\/371311\/revisions"}],"predecessor-version":[{"id":429441,"href":"https:\/\/www.purejewels.com\/de\/wp-json\/wp\/v2\/product\/371311\/revisions\/429441"}],"wp:featuredmedia":[{"embeddable":true,"href":"https:\/\/www.purejewels.com\/de\/wp-json\/wp\/v2\/media\/371304"}],"wp:attachment":[{"href":"https:\/\/www.purejewels.com\/de\/wp-json\/wp\/v2\/media?parent=371311"}],"wp:term":[{"taxonomy":"product_brand","embeddable":true,"href":"https:\/\/www.purejewels.com\/de\/wp-json\/wp\/v2\/product_brand?post=371311"},{"taxonomy":"product_cat","embeddable":true,"href":"https:\/\/www.purejewels.com\/de\/wp-json\/wp\/v2\/product_cat?post=371311"},{"taxonomy":"product_tag","embeddable":true,"href":"https:\/\/www.purejewels.com\/de\/wp-json\/wp\/v2\/product_tag?post=371311"}],"curies":[{"name":"wp","href":"https:\/\/api.w.org\/{rel}","templated":true}]}}