{"id":3734,"date":"2017-07-19T13:18:26","date_gmt":"2017-07-19T12:18:26","guid":{"rendered":"http:\/\/new.purejewels.com\/product\/jali-22ct-gold-filigree-earrings-4\/"},"modified":"2026-01-06T06:57:57","modified_gmt":"2026-01-06T06:57:57","slug":"jali-22ct-gold-filigrane-ohrringe-4","status":"publish","type":"product","link":"https:\/\/www.purejewels.com\/de\/product\/jali-22ct-gold-filigree-earrings-4\/","title":{"rendered":"22 Karat Gold Bl\u00fctenblatt-Ohrringe"},"content":{"rendered":"<p data-start=\"479\" data-end=\"785\">Anmutig geformt wie ein Bl\u00fctenblatt, diese <strong data-start=\"517\" data-end=\"550\">22 Karat Gold Bl\u00fctenblatt-Ohrringe<\/strong> verk\u00f6rpern Eleganz und Weiblichkeit mit ihrer weichen Tropfenform und ihrer filigranen Verarbeitung. Inspiriert von Blumenmotiven und handgefertigten Jali-Details, ist jedes <a href=\"https:\/\/www.purejewels.com\/de\/product\/22ct-gold-ladies-stud-earring-with-rhodium-finish-46497\/\">Ohrring<\/a> mit winzigen goldenen Tr\u00f6pfchen, die bei jeder Bewegung sanft tanzen.<\/p>\n<p data-start=\"787\" data-end=\"1057\">Perfekt proportioniert f\u00fcr elegante Anl\u00e4sse oder allt\u00e4gliche Eleganz, sind sie ein zeitloser Ausdruck indischer Kunstfertigkeit. Diese vom London Assay Office punzierten Ohrringe sind nicht nur Accessoires \u2013 sie sind Teil eines Erbes, das dazu bestimmt ist, getragen, gesch\u00e4tzt und weitergegeben zu werden.<\/p>","protected":false},"excerpt":{"rendered":"<p>&nbsp;<\/p>\n<ul>\n<li>Feines filigranes Design<\/li>\n<li>Gewicht : 7.1 g<\/li>\n<li>22ct Gold gestempelt von London Assay Office<\/li>\n<li>Mit Pr\u00e4sentationsbox<\/li>\n<li>Lieferung inbegriffen<\/li>\n<li>Alle Preise inklusive Mehrwertsteuer<\/li>\n<li>Live-Chat mit uns f\u00fcr die Verf\u00fcgbarkeit und mehr Bilder von \u00e4hnlichen Designs derzeit auf Lager<\/li>\n<\/ul>","protected":false},"featured_media":3735,"comment_status":"closed","ping_status":"closed","template":"","meta":{"_eb_attr":"","_crsspst_to_jayantr4sg-hostcom":false},"product_brand":[],"product_cat":[1685],"product_tag":[],"class_list":{"0":"post-3734","1":"product","2":"type-product","3":"status-publish","4":"has-post-thumbnail","6":"product_cat-drop-earrings","8":"first","9":"outofstock","10":"taxable","11":"shipping-taxable","12":"product-type-simple","13":"add-to-wishlist-before_image"},"yoast_head":"<!-- This site is optimized with the Yoast SEO plugin v27.3 - https:\/\/yoast.com\/product\/yoast-seo-wordpress\/ -->\n<title>Jali 22ct Gold Filigree Earrings | PureJewels London<\/title>\n<meta name=\"description\" content=\"Discover intricate 22ct gold Jali filigree earrings from PureJewels. Inspired by Indian artistry, these timeless earrings radiate grace and luxury.\" \/>\n<meta name=\"robots\" content=\"index, follow, max-snippet:-1, max-image-preview:large, max-video-preview:-1\" \/>\n<link rel=\"canonical\" href=\"https:\/\/www.purejewels.com\/de\/produkt-2\/jali-22ct-gold-filigrane-ohrringe-4\/\" \/>\n<meta property=\"og:locale\" content=\"de_DE\" \/>\n<meta property=\"og:type\" content=\"article\" \/>\n<meta property=\"og:title\" content=\"Jali 22ct Gold Filigree Earrings | PureJewels London\" \/>\n<meta property=\"og:description\" content=\"Discover intricate 22ct gold Jali filigree earrings from PureJewels. Inspired by Indian artistry, these timeless earrings radiate grace and luxury.\" \/>\n<meta property=\"og:url\" content=\"https:\/\/www.purejewels.com\/de\/produkt-2\/jali-22ct-gold-filigrane-ohrringe-4\/\" \/>\n<meta property=\"og:site_name\" content=\"PureJewels UK\" \/>\n<meta property=\"article:modified_time\" content=\"2026-01-06T06:57:57+00:00\" \/>\n<meta property=\"og:image\" content=\"https:\/\/www.purejewels.com\/wp-content\/uploads\/2017\/07\/FIL22502EAR.png\" \/>\n\t<meta property=\"og:image:width\" content=\"1100\" \/>\n\t<meta property=\"og:image:height\" content=\"1100\" \/>\n\t<meta property=\"og:image:type\" content=\"image\/png\" \/>\n<meta name=\"twitter:card\" content=\"summary_large_image\" \/>\n<meta name=\"twitter:label1\" content=\"Gesch\u00e4tzte Lesezeit\" \/>\n\t<meta name=\"twitter:data1\" content=\"1\u00a0Minute\" \/>\n<script type=\"application\/ld+json\" class=\"yoast-schema-graph\">{\"@context\":\"https:\\\/\\\/schema.org\",\"@graph\":[{\"@type\":[\"WebPage\",\"ItemPage\"],\"@id\":\"https:\\\/\\\/www.purejewels.com\\\/product\\\/jali-22ct-gold-filigree-earrings-4\\\/\",\"url\":\"https:\\\/\\\/www.purejewels.com\\\/product\\\/jali-22ct-gold-filigree-earrings-4\\\/\",\"name\":\"Jali 22ct Gold Filigree Earrings | PureJewels London\",\"isPartOf\":{\"@id\":\"https:\\\/\\\/www.purejewels.com\\\/#website\"},\"primaryImageOfPage\":{\"@id\":\"https:\\\/\\\/www.purejewels.com\\\/product\\\/jali-22ct-gold-filigree-earrings-4\\\/#primaryimage\"},\"image\":{\"@id\":\"https:\\\/\\\/www.purejewels.com\\\/product\\\/jali-22ct-gold-filigree-earrings-4\\\/#primaryimage\"},\"thumbnailUrl\":\"https:\\\/\\\/static.purejewels.com\\\/wp-content\\\/uploads\\\/2017\\\/07\\\/FIL22502EAR.png\",\"datePublished\":\"2017-07-19T12:18:26+00:00\",\"dateModified\":\"2026-01-06T06:57:57+00:00\",\"description\":\"Discover intricate 22ct gold Jali filigree earrings from PureJewels. Inspired by Indian artistry, these timeless earrings radiate grace and luxury.\",\"breadcrumb\":{\"@id\":\"https:\\\/\\\/www.purejewels.com\\\/product\\\/jali-22ct-gold-filigree-earrings-4\\\/#breadcrumb\"},\"inLanguage\":\"de\",\"potentialAction\":[{\"@type\":\"ReadAction\",\"target\":[\"https:\\\/\\\/www.purejewels.com\\\/product\\\/jali-22ct-gold-filigree-earrings-4\\\/\"]}]},{\"@type\":\"ImageObject\",\"inLanguage\":\"de\",\"@id\":\"https:\\\/\\\/www.purejewels.com\\\/product\\\/jali-22ct-gold-filigree-earrings-4\\\/#primaryimage\",\"url\":\"https:\\\/\\\/static.purejewels.com\\\/wp-content\\\/uploads\\\/2017\\\/07\\\/FIL22502EAR.png\",\"contentUrl\":\"https:\\\/\\\/static.purejewels.com\\\/wp-content\\\/uploads\\\/2017\\\/07\\\/FIL22502EAR.png\",\"width\":1100,\"height\":1100,\"caption\":\"FIL22502EAR.png\"},{\"@type\":\"BreadcrumbList\",\"@id\":\"https:\\\/\\\/www.purejewels.com\\\/product\\\/jali-22ct-gold-filigree-earrings-4\\\/#breadcrumb\",\"itemListElement\":[{\"@type\":\"ListItem\",\"position\":1,\"name\":\"Home\",\"item\":\"https:\\\/\\\/www.purejewels.com\\\/\"},{\"@type\":\"ListItem\",\"position\":2,\"name\":\"Shop\",\"item\":\"https:\\\/\\\/www.purejewels.com\\\/shop\\\/\"},{\"@type\":\"ListItem\",\"position\":3,\"name\":\"22ct Gold Petal Drop Earrings\"}]},{\"@type\":\"WebSite\",\"@id\":\"https:\\\/\\\/www.purejewels.com\\\/#website\",\"url\":\"https:\\\/\\\/www.purejewels.com\\\/\",\"name\":\"PureJewels UK\",\"description\":\"Share the Love\",\"publisher\":{\"@id\":\"https:\\\/\\\/www.purejewels.com\\\/#organization\"},\"potentialAction\":[{\"@type\":\"SearchAction\",\"target\":{\"@type\":\"EntryPoint\",\"urlTemplate\":\"https:\\\/\\\/www.purejewels.com\\\/?s={search_term_string}\"},\"query-input\":{\"@type\":\"PropertyValueSpecification\",\"valueRequired\":true,\"valueName\":\"search_term_string\"}}],\"inLanguage\":\"de\"},{\"@type\":\"Organization\",\"@id\":\"https:\\\/\\\/www.purejewels.com\\\/#organization\",\"name\":\"PureJewels UK\",\"url\":\"https:\\\/\\\/www.purejewels.com\\\/\",\"logo\":{\"@type\":\"ImageObject\",\"inLanguage\":\"de\",\"@id\":\"https:\\\/\\\/www.purejewels.com\\\/#\\\/schema\\\/logo\\\/image\\\/\",\"url\":\"https:\\\/\\\/static.purejewels.com\\\/wp-content\\\/uploads\\\/2020\\\/11\\\/Logo-PJ-New-1.png\",\"contentUrl\":\"https:\\\/\\\/static.purejewels.com\\\/wp-content\\\/uploads\\\/2020\\\/11\\\/Logo-PJ-New-1.png\",\"width\":150,\"height\":80,\"caption\":\"PureJewels UK\"},\"image\":{\"@id\":\"https:\\\/\\\/www.purejewels.com\\\/#\\\/schema\\\/logo\\\/image\\\/\"}}]}<\/script>\n<!-- \/ Yoast SEO plugin. -->","yoast_head_json":{"title":"Jali 22 Karat Gold Filigran-Ohrringe | PureJewels London","description":"Entdecken Sie die filigranen Jali-Ohrringe aus 22 Karat Gold von PureJewels. Inspiriert von indischer Kunstfertigkeit strahlen diese zeitlosen Ohrringe Anmut und Luxus aus.","robots":{"index":"index","follow":"follow","max-snippet":"max-snippet:-1","max-image-preview":"max-image-preview:large","max-video-preview":"max-video-preview:-1"},"canonical":"https:\/\/www.purejewels.com\/de\/produkt-2\/jali-22ct-gold-filigrane-ohrringe-4\/","og_locale":"de_DE","og_type":"article","og_title":"Jali 22ct Gold Filigree Earrings | PureJewels London","og_description":"Discover intricate 22ct gold Jali filigree earrings from PureJewels. Inspired by Indian artistry, these timeless earrings radiate grace and luxury.","og_url":"https:\/\/www.purejewels.com\/de\/produkt-2\/jali-22ct-gold-filigrane-ohrringe-4\/","og_site_name":"PureJewels UK","article_modified_time":"2026-01-06T06:57:57+00:00","og_image":[{"width":1100,"height":1100,"url":"https:\/\/www.purejewels.com\/wp-content\/uploads\/2017\/07\/FIL22502EAR.png","type":"image\/png"}],"twitter_card":"summary_large_image","twitter_misc":{"Gesch\u00e4tzte Lesezeit":"1\u00a0Minute"},"schema":{"@context":"https:\/\/schema.org","@graph":[{"@type":["WebPage","ItemPage"],"@id":"https:\/\/www.purejewels.com\/product\/jali-22ct-gold-filigree-earrings-4\/","url":"https:\/\/www.purejewels.com\/product\/jali-22ct-gold-filigree-earrings-4\/","name":"Jali 22 Karat Gold Filigran-Ohrringe | PureJewels London","isPartOf":{"@id":"https:\/\/www.purejewels.com\/#website"},"primaryImageOfPage":{"@id":"https:\/\/www.purejewels.com\/product\/jali-22ct-gold-filigree-earrings-4\/#primaryimage"},"image":{"@id":"https:\/\/www.purejewels.com\/product\/jali-22ct-gold-filigree-earrings-4\/#primaryimage"},"thumbnailUrl":"https:\/\/static.purejewels.com\/wp-content\/uploads\/2017\/07\/FIL22502EAR.png","datePublished":"2017-07-19T12:18:26+00:00","dateModified":"2026-01-06T06:57:57+00:00","description":"Entdecken Sie die filigranen Jali-Ohrringe aus 22 Karat Gold von PureJewels. Inspiriert von indischer Kunstfertigkeit strahlen diese zeitlosen Ohrringe Anmut und Luxus aus.","breadcrumb":{"@id":"https:\/\/www.purejewels.com\/product\/jali-22ct-gold-filigree-earrings-4\/#breadcrumb"},"inLanguage":"de","potentialAction":[{"@type":"ReadAction","target":["https:\/\/www.purejewels.com\/product\/jali-22ct-gold-filigree-earrings-4\/"]}]},{"@type":"ImageObject","inLanguage":"de","@id":"https:\/\/www.purejewels.com\/product\/jali-22ct-gold-filigree-earrings-4\/#primaryimage","url":"https:\/\/static.purejewels.com\/wp-content\/uploads\/2017\/07\/FIL22502EAR.png","contentUrl":"https:\/\/static.purejewels.com\/wp-content\/uploads\/2017\/07\/FIL22502EAR.png","width":1100,"height":1100,"caption":"FIL22502EAR.png"},{"@type":"BreadcrumbList","@id":"https:\/\/www.purejewels.com\/product\/jali-22ct-gold-filigree-earrings-4\/#breadcrumb","itemListElement":[{"@type":"ListItem","position":1,"name":"Home","item":"https:\/\/www.purejewels.com\/"},{"@type":"ListItem","position":2,"name":"Shop","item":"https:\/\/www.purejewels.com\/shop\/"},{"@type":"ListItem","position":3,"name":"22ct Gold Petal Drop Earrings"}]},{"@type":"WebSite","@id":"https:\/\/www.purejewels.com\/#website","url":"https:\/\/www.purejewels.com\/","name":"PureJewels UK","description":"Teile die Liebe","publisher":{"@id":"https:\/\/www.purejewels.com\/#organization"},"potentialAction":[{"@type":"SearchAction","target":{"@type":"EntryPoint","urlTemplate":"https:\/\/www.purejewels.com\/?s={search_term_string}"},"query-input":{"@type":"PropertyValueSpecification","valueRequired":true,"valueName":"search_term_string"}}],"inLanguage":"de"},{"@type":"Organization","@id":"https:\/\/www.purejewels.com\/#organization","name":"PureJewels UK","url":"https:\/\/www.purejewels.com\/","logo":{"@type":"ImageObject","inLanguage":"de","@id":"https:\/\/www.purejewels.com\/#\/schema\/logo\/image\/","url":"https:\/\/static.purejewels.com\/wp-content\/uploads\/2020\/11\/Logo-PJ-New-1.png","contentUrl":"https:\/\/static.purejewels.com\/wp-content\/uploads\/2020\/11\/Logo-PJ-New-1.png","width":150,"height":80,"caption":"PureJewels UK"},"image":{"@id":"https:\/\/www.purejewels.com\/#\/schema\/logo\/image\/"}}]}},"_links":{"self":[{"href":"https:\/\/www.purejewels.com\/de\/wp-json\/wp\/v2\/product\/3734","targetHints":{"allow":["GET"]}}],"collection":[{"href":"https:\/\/www.purejewels.com\/de\/wp-json\/wp\/v2\/product"}],"about":[{"href":"https:\/\/www.purejewels.com\/de\/wp-json\/wp\/v2\/types\/product"}],"replies":[{"embeddable":true,"href":"https:\/\/www.purejewels.com\/de\/wp-json\/wp\/v2\/comments?post=3734"}],"version-history":[{"count":4,"href":"https:\/\/www.purejewels.com\/de\/wp-json\/wp\/v2\/product\/3734\/revisions"}],"predecessor-version":[{"id":421378,"href":"https:\/\/www.purejewels.com\/de\/wp-json\/wp\/v2\/product\/3734\/revisions\/421378"}],"wp:featuredmedia":[{"embeddable":true,"href":"https:\/\/www.purejewels.com\/de\/wp-json\/wp\/v2\/media\/3735"}],"wp:attachment":[{"href":"https:\/\/www.purejewels.com\/de\/wp-json\/wp\/v2\/media?parent=3734"}],"wp:term":[{"taxonomy":"product_brand","embeddable":true,"href":"https:\/\/www.purejewels.com\/de\/wp-json\/wp\/v2\/product_brand?post=3734"},{"taxonomy":"product_cat","embeddable":true,"href":"https:\/\/www.purejewels.com\/de\/wp-json\/wp\/v2\/product_cat?post=3734"},{"taxonomy":"product_tag","embeddable":true,"href":"https:\/\/www.purejewels.com\/de\/wp-json\/wp\/v2\/product_tag?post=3734"}],"curies":[{"name":"wp","href":"https:\/\/api.w.org\/{rel}","templated":true}]}}