{"id":373503,"date":"2024-10-07T12:52:36","date_gmt":"2024-10-07T11:52:36","guid":{"rendered":"https:\/\/www.purejewels.com\/?post_type=product&#038;p=373503"},"modified":"2026-02-03T10:01:03","modified_gmt":"2026-02-03T10:01:03","slug":"22-karat-gold-rudraksh-mala-26-zoll-49182","status":"publish","type":"product","link":"https:\/\/www.purejewels.com\/de\/product\/22-carat-gold-rudraksh-mala-26-inches-49182\/","title":{"rendered":"22ct Gold Rudraksh Mala | 26 Zentimeter"},"content":{"rendered":"<ul>\n<li><b>Bereich ID:<\/b>JWCHRMAR001L26<\/li>\n<li><strong>SKU:<\/strong>\u00a049182<\/li>\n<li>Die <a href=\"https:\/\/www.purejewels.com\/de\/product\/22-carat-gold-rudraksh-mala-41632\/\">22ct Gold Rudraksh mala<\/a> bei Purejewels ist ein atemberaubendes 26-Zoll-St\u00fcck, das Spiritualit\u00e4t und Kunstfertigkeit wunderbar miteinander verbindet. Geschm\u00fcckt mit Armari Kappe, die Mala verf\u00fcgt \u00fcber komplizierte <a href=\"https:\/\/www.purejewels.com\/de\/armari-collection\/\">Pr\u00e4gung<\/a> die ihre visuelle Anziehungskraft verst\u00e4rken und ihr einen Hauch von Eleganz verleihen. Jede Perle ist sorgf\u00e4ltig von Hand gestrickt und zeigt au\u00dfergew\u00f6hnliche <a href=\"https:\/\/www.purejewels.com\/de\/a-guide-to-die-stamping\/\">Handwerkskunst<\/a> und Liebe zum Detail. Diese Technik sorgt nicht nur f\u00fcr Langlebigkeit, sondern auch f\u00fcr eine einzigartige Textur, die diese Mala auszeichnet.<\/li>\n<li>Rudraksh-Perlen werden wegen ihrer spirituellen Bedeutung verehrt und machen diese Mala zu einem sinnvollen Accessoire f\u00fcr Meditation und Gebet. Die luxuri\u00f6se <a href=\"https:\/\/www.purejewels.com\/de\/product\/22ct-gold-jali-filigree-ring-jali-collection-31926\/\">22ct<\/a> Die Goldkappe erg\u00e4nzt die nat\u00fcrliche Sch\u00f6nheit der Rudraksh und schafft eine harmonische Mischung aus Tradition und modernem Design. Ob zur t\u00e4glichen Andacht oder zu besonderen Anl\u00e4ssen getragen, diese Mala dient als auff\u00e4lliges Statement-St\u00fcck, das sowohl Stil als auch Spiritualit\u00e4t widerspiegelt. Entdecken Sie dieses exquisite St\u00fcck bei Purejewels und werten Sie Ihre Schmucksammlung mit einem Hauch von Eleganz auf.<\/li>\n<\/ul>","protected":false},"excerpt":{"rendered":"<div class=\"woocommerce-product-details__short-description\">\n<table class=\"sh_desc\">\n<tbody>\n<tr>\n<td>Art der Halskette<\/td>\n<td>Mala-Halskette<\/td>\n<\/tr>\n<tr>\n<td>SKU<\/td>\n<td>49182<\/td>\n<\/tr>\n<tr>\n<td>Gewicht<\/td>\n<td>29,5 Gramm<\/td>\n<\/tr>\n<tr>\n<td>Breite der Goldperlen<\/td>\n<td>5 mm<\/td>\n<\/tr>\n<tr>\n<td>L\u00e4nge<\/td>\n<td>26 Zoll<\/td>\n<\/tr>\n<tr>\n<td>Metall<\/td>\n<td>22ct Gold<\/td>\n<\/tr>\n<tr>\n<td>Entgelte<\/td>\n<td>Lieferung und Mehrwertsteuer inbegriffen<\/td>\n<\/tr>\n<tr>\n<td>Verpackung<\/td>\n<td>Mit Pr\u00e4sentationsbox<\/td>\n<\/tr>\n<tr>\n<td>Mehr Informationen<\/td>\n<td>Live-Chat mit uns f\u00fcr Verf\u00fcgbarkeit und mehr Bilder<\/td>\n<\/tr>\n<\/tbody>\n<\/table>\n<\/div>","protected":false},"featured_media":373662,"comment_status":"closed","ping_status":"closed","template":"","meta":{"_eb_attr":"","_crsspst_to_jayantr4sg-hostcom":false},"product_brand":[],"product_cat":[245,1617,236,1571,1792,1475,1229,1253,1779,1572,5347,5353,5349],"product_tag":[5882],"class_list":{"0":"post-373503","1":"product","2":"type-product","3":"status-publish","4":"has-post-thumbnail","6":"product_cat-armari-collections","7":"product_cat-fancy-mala-chains","8":"product_cat-collections","9":"product_cat-fathers-day-gifts","10":"product_cat-festival-gifts","11":"product_cat-gold-chains","12":"product_cat-22ct-gold-jewellery","13":"product_cat-gold-necklaces","14":"product_cat-mala-style-necklaces","15":"product_cat-mens-jewellery","16":"product_cat-shop-by-metal","17":"product_cat-shop-by","18":"product_cat-yellow-gold-jewellery","19":"product_tag-diwali-gifts","21":"first","22":"instock","23":"taxable","24":"shipping-taxable","25":"purchasable","26":"product-type-simple","27":"add-to-wishlist-before_image"},"yoast_head":"<!-- This site is optimized with the Yoast SEO plugin v27.3 - https:\/\/yoast.com\/product\/yoast-seo-wordpress\/ -->\n<title>Explore 22ct gold Rudraksha Mala 26Inches | PureJewels UK<\/title>\n<meta name=\"description\" content=\"Explore the 22ct Gold Rudraksha Mala with Armari capping at Purejewels\u2014hand-knitted elegance perfect for spirituality and everyday wear.\" \/>\n<meta name=\"robots\" content=\"index, follow, max-snippet:-1, max-image-preview:large, max-video-preview:-1\" \/>\n<link rel=\"canonical\" href=\"https:\/\/www.purejewels.com\/de\/produkt-2\/22-karat-gold-rudraksh-mala-26-zoll-49182\/\" \/>\n<meta property=\"og:locale\" content=\"de_DE\" \/>\n<meta property=\"og:type\" content=\"article\" \/>\n<meta property=\"og:title\" content=\"Explore 22ct gold Rudraksha Mala 26Inches | PureJewels UK\" \/>\n<meta property=\"og:description\" content=\"Explore the 22ct Gold Rudraksha Mala with Armari capping at Purejewels\u2014hand-knitted elegance perfect for spirituality and everyday wear.\" \/>\n<meta property=\"og:url\" content=\"https:\/\/www.purejewels.com\/de\/produkt-2\/22-karat-gold-rudraksh-mala-26-zoll-49182\/\" \/>\n<meta property=\"og:site_name\" content=\"PureJewels UK\" \/>\n<meta property=\"article:modified_time\" content=\"2026-02-03T10:01:03+00:00\" \/>\n<meta property=\"og:image\" content=\"https:\/\/static.purejewels.com\/wp-content\/uploads\/2024\/10\/SKU-49182.png\" \/>\n\t<meta property=\"og:image:width\" content=\"1000\" \/>\n\t<meta property=\"og:image:height\" content=\"1000\" \/>\n\t<meta property=\"og:image:type\" content=\"image\/png\" \/>\n<meta name=\"twitter:card\" content=\"summary_large_image\" \/>\n<meta name=\"twitter:label1\" content=\"Gesch\u00e4tzte Lesezeit\" \/>\n\t<meta name=\"twitter:data1\" content=\"1\u00a0Minute\" \/>\n<script type=\"application\/ld+json\" class=\"yoast-schema-graph\">{\"@context\":\"https:\\\/\\\/schema.org\",\"@graph\":[{\"@type\":[\"WebPage\",\"ItemPage\"],\"@id\":\"https:\\\/\\\/www.purejewels.com\\\/product\\\/22-carat-gold-rudraksh-mala-26-inches-49182\\\/\",\"url\":\"https:\\\/\\\/www.purejewels.com\\\/product\\\/22-carat-gold-rudraksh-mala-26-inches-49182\\\/\",\"name\":\"Explore 22ct gold Rudraksha Mala 26Inches | PureJewels UK\",\"isPartOf\":{\"@id\":\"https:\\\/\\\/www.purejewels.com\\\/#website\"},\"primaryImageOfPage\":{\"@id\":\"https:\\\/\\\/www.purejewels.com\\\/product\\\/22-carat-gold-rudraksh-mala-26-inches-49182\\\/#primaryimage\"},\"image\":{\"@id\":\"https:\\\/\\\/www.purejewels.com\\\/product\\\/22-carat-gold-rudraksh-mala-26-inches-49182\\\/#primaryimage\"},\"thumbnailUrl\":\"https:\\\/\\\/static.purejewels.com\\\/wp-content\\\/uploads\\\/2024\\\/10\\\/SKU-49182.png\",\"datePublished\":\"2024-10-07T11:52:36+00:00\",\"dateModified\":\"2026-02-03T10:01:03+00:00\",\"description\":\"Explore the 22ct Gold Rudraksha Mala with Armari capping at Purejewels\u2014hand-knitted elegance perfect for spirituality and everyday wear.\",\"breadcrumb\":{\"@id\":\"https:\\\/\\\/www.purejewels.com\\\/product\\\/22-carat-gold-rudraksh-mala-26-inches-49182\\\/#breadcrumb\"},\"inLanguage\":\"de\",\"potentialAction\":[{\"@type\":\"ReadAction\",\"target\":[\"https:\\\/\\\/www.purejewels.com\\\/product\\\/22-carat-gold-rudraksh-mala-26-inches-49182\\\/\"]}]},{\"@type\":\"ImageObject\",\"inLanguage\":\"de\",\"@id\":\"https:\\\/\\\/www.purejewels.com\\\/product\\\/22-carat-gold-rudraksh-mala-26-inches-49182\\\/#primaryimage\",\"url\":\"https:\\\/\\\/static.purejewels.com\\\/wp-content\\\/uploads\\\/2024\\\/10\\\/SKU-49182.png\",\"contentUrl\":\"https:\\\/\\\/static.purejewels.com\\\/wp-content\\\/uploads\\\/2024\\\/10\\\/SKU-49182.png\",\"width\":1000,\"height\":1000,\"caption\":\"22ct gold Rudraksh Mala with Armari capping\"},{\"@type\":\"BreadcrumbList\",\"@id\":\"https:\\\/\\\/www.purejewels.com\\\/product\\\/22-carat-gold-rudraksh-mala-26-inches-49182\\\/#breadcrumb\",\"itemListElement\":[{\"@type\":\"ListItem\",\"position\":1,\"name\":\"Home\",\"item\":\"https:\\\/\\\/www.purejewels.com\\\/\"},{\"@type\":\"ListItem\",\"position\":2,\"name\":\"Shop\",\"item\":\"https:\\\/\\\/www.purejewels.com\\\/shop\\\/\"},{\"@type\":\"ListItem\",\"position\":3,\"name\":\"22ct Gold Rudraksh Mala | 26 Inches\"}]},{\"@type\":\"WebSite\",\"@id\":\"https:\\\/\\\/www.purejewels.com\\\/#website\",\"url\":\"https:\\\/\\\/www.purejewels.com\\\/\",\"name\":\"PureJewels UK\",\"description\":\"Share the Love\",\"publisher\":{\"@id\":\"https:\\\/\\\/www.purejewels.com\\\/#organization\"},\"potentialAction\":[{\"@type\":\"SearchAction\",\"target\":{\"@type\":\"EntryPoint\",\"urlTemplate\":\"https:\\\/\\\/www.purejewels.com\\\/?s={search_term_string}\"},\"query-input\":{\"@type\":\"PropertyValueSpecification\",\"valueRequired\":true,\"valueName\":\"search_term_string\"}}],\"inLanguage\":\"de\"},{\"@type\":\"Organization\",\"@id\":\"https:\\\/\\\/www.purejewels.com\\\/#organization\",\"name\":\"PureJewels UK\",\"url\":\"https:\\\/\\\/www.purejewels.com\\\/\",\"logo\":{\"@type\":\"ImageObject\",\"inLanguage\":\"de\",\"@id\":\"https:\\\/\\\/www.purejewels.com\\\/#\\\/schema\\\/logo\\\/image\\\/\",\"url\":\"https:\\\/\\\/static.purejewels.com\\\/wp-content\\\/uploads\\\/2020\\\/11\\\/Logo-PJ-New-1.png\",\"contentUrl\":\"https:\\\/\\\/static.purejewels.com\\\/wp-content\\\/uploads\\\/2020\\\/11\\\/Logo-PJ-New-1.png\",\"width\":150,\"height\":80,\"caption\":\"PureJewels UK\"},\"image\":{\"@id\":\"https:\\\/\\\/www.purejewels.com\\\/#\\\/schema\\\/logo\\\/image\\\/\"}}]}<\/script>\n<!-- \/ Yoast SEO plugin. -->","yoast_head_json":{"title":"Entdecken Sie 22ct gold Rudraksha Mala 26Inches | PureJewels UK","description":"Entdecken Sie die 22ct Gold Rudraksha Mala mit Armari Kappe bei Purejewels - handgestrickte Eleganz perfekt f\u00fcr Spiritualit\u00e4t und Alltag.","robots":{"index":"index","follow":"follow","max-snippet":"max-snippet:-1","max-image-preview":"max-image-preview:large","max-video-preview":"max-video-preview:-1"},"canonical":"https:\/\/www.purejewels.com\/de\/produkt-2\/22-karat-gold-rudraksh-mala-26-zoll-49182\/","og_locale":"de_DE","og_type":"article","og_title":"Explore 22ct gold Rudraksha Mala 26Inches | PureJewels UK","og_description":"Explore the 22ct Gold Rudraksha Mala with Armari capping at Purejewels\u2014hand-knitted elegance perfect for spirituality and everyday wear.","og_url":"https:\/\/www.purejewels.com\/de\/produkt-2\/22-karat-gold-rudraksh-mala-26-zoll-49182\/","og_site_name":"PureJewels UK","article_modified_time":"2026-02-03T10:01:03+00:00","og_image":[{"width":1000,"height":1000,"url":"https:\/\/static.purejewels.com\/wp-content\/uploads\/2024\/10\/SKU-49182.png","type":"image\/png"}],"twitter_card":"summary_large_image","twitter_misc":{"Gesch\u00e4tzte Lesezeit":"1\u00a0Minute"},"schema":{"@context":"https:\/\/schema.org","@graph":[{"@type":["WebPage","ItemPage"],"@id":"https:\/\/www.purejewels.com\/product\/22-carat-gold-rudraksh-mala-26-inches-49182\/","url":"https:\/\/www.purejewels.com\/product\/22-carat-gold-rudraksh-mala-26-inches-49182\/","name":"Entdecken Sie 22ct gold Rudraksha Mala 26Inches | PureJewels UK","isPartOf":{"@id":"https:\/\/www.purejewels.com\/#website"},"primaryImageOfPage":{"@id":"https:\/\/www.purejewels.com\/product\/22-carat-gold-rudraksh-mala-26-inches-49182\/#primaryimage"},"image":{"@id":"https:\/\/www.purejewels.com\/product\/22-carat-gold-rudraksh-mala-26-inches-49182\/#primaryimage"},"thumbnailUrl":"https:\/\/static.purejewels.com\/wp-content\/uploads\/2024\/10\/SKU-49182.png","datePublished":"2024-10-07T11:52:36+00:00","dateModified":"2026-02-03T10:01:03+00:00","description":"Entdecken Sie die 22ct Gold Rudraksha Mala mit Armari Kappe bei Purejewels - handgestrickte Eleganz perfekt f\u00fcr Spiritualit\u00e4t und Alltag.","breadcrumb":{"@id":"https:\/\/www.purejewels.com\/product\/22-carat-gold-rudraksh-mala-26-inches-49182\/#breadcrumb"},"inLanguage":"de","potentialAction":[{"@type":"ReadAction","target":["https:\/\/www.purejewels.com\/product\/22-carat-gold-rudraksh-mala-26-inches-49182\/"]}]},{"@type":"ImageObject","inLanguage":"de","@id":"https:\/\/www.purejewels.com\/product\/22-carat-gold-rudraksh-mala-26-inches-49182\/#primaryimage","url":"https:\/\/static.purejewels.com\/wp-content\/uploads\/2024\/10\/SKU-49182.png","contentUrl":"https:\/\/static.purejewels.com\/wp-content\/uploads\/2024\/10\/SKU-49182.png","width":1000,"height":1000,"caption":"22ct gold Rudraksh Mala with Armari capping"},{"@type":"BreadcrumbList","@id":"https:\/\/www.purejewels.com\/product\/22-carat-gold-rudraksh-mala-26-inches-49182\/#breadcrumb","itemListElement":[{"@type":"ListItem","position":1,"name":"Home","item":"https:\/\/www.purejewels.com\/"},{"@type":"ListItem","position":2,"name":"Shop","item":"https:\/\/www.purejewels.com\/shop\/"},{"@type":"ListItem","position":3,"name":"22ct Gold Rudraksh Mala | 26 Inches"}]},{"@type":"WebSite","@id":"https:\/\/www.purejewels.com\/#website","url":"https:\/\/www.purejewels.com\/","name":"PureJewels UK","description":"Teile die Liebe","publisher":{"@id":"https:\/\/www.purejewels.com\/#organization"},"potentialAction":[{"@type":"SearchAction","target":{"@type":"EntryPoint","urlTemplate":"https:\/\/www.purejewels.com\/?s={search_term_string}"},"query-input":{"@type":"PropertyValueSpecification","valueRequired":true,"valueName":"search_term_string"}}],"inLanguage":"de"},{"@type":"Organization","@id":"https:\/\/www.purejewels.com\/#organization","name":"PureJewels UK","url":"https:\/\/www.purejewels.com\/","logo":{"@type":"ImageObject","inLanguage":"de","@id":"https:\/\/www.purejewels.com\/#\/schema\/logo\/image\/","url":"https:\/\/static.purejewels.com\/wp-content\/uploads\/2020\/11\/Logo-PJ-New-1.png","contentUrl":"https:\/\/static.purejewels.com\/wp-content\/uploads\/2020\/11\/Logo-PJ-New-1.png","width":150,"height":80,"caption":"PureJewels UK"},"image":{"@id":"https:\/\/www.purejewels.com\/#\/schema\/logo\/image\/"}}]}},"_links":{"self":[{"href":"https:\/\/www.purejewels.com\/de\/wp-json\/wp\/v2\/product\/373503","targetHints":{"allow":["GET"]}}],"collection":[{"href":"https:\/\/www.purejewels.com\/de\/wp-json\/wp\/v2\/product"}],"about":[{"href":"https:\/\/www.purejewels.com\/de\/wp-json\/wp\/v2\/types\/product"}],"replies":[{"embeddable":true,"href":"https:\/\/www.purejewels.com\/de\/wp-json\/wp\/v2\/comments?post=373503"}],"version-history":[{"count":2,"href":"https:\/\/www.purejewels.com\/de\/wp-json\/wp\/v2\/product\/373503\/revisions"}],"predecessor-version":[{"id":373678,"href":"https:\/\/www.purejewels.com\/de\/wp-json\/wp\/v2\/product\/373503\/revisions\/373678"}],"wp:featuredmedia":[{"embeddable":true,"href":"https:\/\/www.purejewels.com\/de\/wp-json\/wp\/v2\/media\/373662"}],"wp:attachment":[{"href":"https:\/\/www.purejewels.com\/de\/wp-json\/wp\/v2\/media?parent=373503"}],"wp:term":[{"taxonomy":"product_brand","embeddable":true,"href":"https:\/\/www.purejewels.com\/de\/wp-json\/wp\/v2\/product_brand?post=373503"},{"taxonomy":"product_cat","embeddable":true,"href":"https:\/\/www.purejewels.com\/de\/wp-json\/wp\/v2\/product_cat?post=373503"},{"taxonomy":"product_tag","embeddable":true,"href":"https:\/\/www.purejewels.com\/de\/wp-json\/wp\/v2\/product_tag?post=373503"}],"curies":[{"name":"wp","href":"https:\/\/api.w.org\/{rel}","templated":true}]}}