{"id":373735,"date":"2024-10-09T08:36:01","date_gmt":"2024-10-09T07:36:01","guid":{"rendered":"https:\/\/www.purejewels.com\/?post_type=product&#038;p=373735"},"modified":"2026-01-30T07:10:59","modified_gmt":"2026-01-30T07:10:59","slug":"22-kt-gold-antik-finish-ohrstecker-armari-kollektion-49184","status":"publish","type":"product","link":"https:\/\/www.purejewels.com\/de\/product\/22ct-gold-antique-finish-stud-earring-armari-collection-49184\/","title":{"rendered":"22ct Gold Antik Finish Ohrstecker | Armari Kollektion"},"content":{"rendered":"<ul>\n<li>Entdecken Sie die exquisite <a href=\"https:\/\/www.purejewels.com\/de\/product\/22ct-gold-earrings-rose-gold-finsih-41790\/\">Ohrringe aus 22 Karat Gold<\/a> von unserem <strong><a href=\"https:\/\/www.purejewels.com\/de\/product\/22ct-gold-armari-collection-stud-antique-finish-49172\/\">Sammlung Armari<\/a><\/strong> unter <strong>Purejewels<\/strong>die nach traditionellen Verfahren hergestellt werden <strong><a href=\"https:\/\/www.purejewels.com\/de\/armari-collection\/\">Pr\u00e4gung<\/a><\/strong> und <strong>Hand-Chili<\/strong> Techniken. Diese Ohrringe verk\u00f6rpern eine perfekte Mischung aus Kunstfertigkeit und Eleganz und eignen sich daher sowohl f\u00fcr den Alltag als auch f\u00fcr festliche Anl\u00e4sse wie Diwali.<\/li>\n<li>Durch die Pr\u00e4getechnik entstehen komplizierte Muster, die das Licht wundersch\u00f6n einfangen, w\u00e4hrend die Handchillai-Methode eine einzigartige Textur hinzuf\u00fcgt, die ihren Charme noch verst\u00e4rkt. <strong>Leicht und bequem<\/strong>Diese Ohrringe lassen sich problemlos mit jedem Outfit kombinieren, egal ob Sie sich f\u00fcr eine Feier herausputzen oder Ihrem Alltagsstil einen Hauch von Luxus verleihen m\u00f6chten. Ihr zeitloses Design sorgt daf\u00fcr, dass sie \u00fcber Jahre hinweg ein gesch\u00e4tztes St\u00fcck in Ihrer Schmucksammlung bleiben werden.<\/li>\n<li>Peppen Sie Ihr Accessoire in dieser festlichen Jahreszeit mit diesen atemberaubenden Ohrringen auf, die die <strong>Tradition und <a href=\"https:\/\/www.purejewels.com\/de\/a-guide-to-die-stamping\/\">Handwerkskunst<\/a><\/strong>Das macht sie zu einem Muss f\u00fcr jeden Schmuckliebhaber.<\/li>\n<\/ul>","protected":false},"excerpt":{"rendered":"<table class=\"sh_desc\">\n<tbody>\n<tr>\n<td>Art des Ohrrings<\/td>\n<td>Ohrstecker<\/td>\n<\/tr>\n<tr>\n<td>SKU<\/td>\n<td>49184<\/td>\n<\/tr>\n<tr>\n<td>Gewicht<\/td>\n<td>7.2Gms<\/td>\n<\/tr>\n<tr>\n<td>Oberfl\u00e4che<\/td>\n<td>Antike_Matte<\/td>\n<\/tr>\n<tr>\n<td>Sammlung<\/td>\n<td><strong>Sammlung Armari<\/strong><\/td>\n<\/tr>\n<tr>\n<td>Metall<\/td>\n<td>22ct Gold<\/td>\n<\/tr>\n<tr>\n<td>Entgelte<\/td>\n<td>Lieferung und Mehrwertsteuer inbegriffen<\/td>\n<\/tr>\n<tr>\n<td>Verpackung<\/td>\n<td>Mit Pr\u00e4sentationsbox<\/td>\n<\/tr>\n<tr>\n<td>Mehr Informationen<\/td>\n<td>Live-Chat mit uns f\u00fcr Verf\u00fcgbarkeit und mehr Bilder.<\/td>\n<\/tr>\n<\/tbody>\n<\/table>","protected":false},"featured_media":373736,"comment_status":"closed","ping_status":"closed","template":"","meta":{"_eb_attr":"","_crsspst_to_jayantr4sg-hostcom":false},"product_brand":[],"product_cat":[1791,245,5639,6143,1559,236,1793,5701,1254,1229,1570,1577,1573,1574],"product_tag":[66],"class_list":{"0":"post-373735","1":"product","2":"type-product","3":"status-publish","4":"has-post-thumbnail","6":"product_cat-anniversary-gifts","7":"product_cat-armari-collections","8":"product_cat-armari-earring","9":"product_cat-armari-stud-earrings","10":"product_cat-birthday-gifts","11":"product_cat-collections","12":"product_cat-diwali-gifts","13":"product_cat-eid-jewellery","14":"product_cat-gold-earrings","15":"product_cat-22ct-gold-jewellery","16":"product_cat-mothers-day-gifts","17":"product_cat-stud-earrings","18":"product_cat-wedding-gifts","19":"product_cat-womens-jewellery","20":"product_tag-earrings","22":"first","23":"instock","24":"taxable","25":"shipping-taxable","26":"purchasable","27":"product-type-simple","28":"add-to-wishlist-before_image"},"yoast_head":"<!-- This site is optimized with the Yoast SEO plugin v27.3 - https:\/\/yoast.com\/product\/yoast-seo-wordpress\/ -->\n<title>Armari Collection: 22ct Gold Stud Earrings with Antique Finish<\/title>\n<meta name=\"description\" content=\"Shop the exquisite 22ct Gold Armari Collection Earrings, weighing 7. 2gms. Crafted with precision and elegance, these timeless earrings offer a blend of luxury.\" \/>\n<meta name=\"robots\" content=\"index, follow, max-snippet:-1, max-image-preview:large, max-video-preview:-1\" \/>\n<link rel=\"canonical\" href=\"https:\/\/www.purejewels.com\/de\/produkt-2\/22-kt-gold-antik-finish-ohrstecker-armari-kollektion-49184\/\" \/>\n<meta property=\"og:locale\" content=\"de_DE\" \/>\n<meta property=\"og:type\" content=\"article\" \/>\n<meta property=\"og:title\" content=\"Armari Collection: 22ct Gold Stud Earrings with Antique Finish\" \/>\n<meta property=\"og:description\" content=\"Shop the exquisite 22ct Gold Armari Collection Earrings, weighing 7. 2gms. Crafted with precision and elegance, these timeless earrings offer a blend of luxury.\" \/>\n<meta property=\"og:url\" content=\"https:\/\/www.purejewels.com\/de\/produkt-2\/22-kt-gold-antik-finish-ohrstecker-armari-kollektion-49184\/\" \/>\n<meta property=\"og:site_name\" content=\"PureJewels UK\" \/>\n<meta property=\"article:modified_time\" content=\"2026-01-30T07:10:59+00:00\" \/>\n<meta property=\"og:image\" content=\"https:\/\/static.purejewels.com\/wp-content\/uploads\/2024\/10\/SKU-49184.png\" \/>\n\t<meta property=\"og:image:width\" content=\"1000\" \/>\n\t<meta property=\"og:image:height\" content=\"1000\" \/>\n\t<meta property=\"og:image:type\" content=\"image\/png\" \/>\n<meta name=\"twitter:card\" content=\"summary_large_image\" \/>\n<meta name=\"twitter:label1\" content=\"Gesch\u00e4tzte Lesezeit\" \/>\n\t<meta name=\"twitter:data1\" content=\"1\u00a0Minute\" \/>\n<script type=\"application\/ld+json\" class=\"yoast-schema-graph\">{\"@context\":\"https:\\\/\\\/schema.org\",\"@graph\":[{\"@type\":[\"WebPage\",\"ItemPage\"],\"@id\":\"https:\\\/\\\/www.purejewels.com\\\/product\\\/22ct-gold-antique-finish-stud-earring-armari-collection-49184\\\/\",\"url\":\"https:\\\/\\\/www.purejewels.com\\\/product\\\/22ct-gold-antique-finish-stud-earring-armari-collection-49184\\\/\",\"name\":\"Armari Collection: 22ct Gold Stud Earrings with Antique Finish\",\"isPartOf\":{\"@id\":\"https:\\\/\\\/www.purejewels.com\\\/#website\"},\"primaryImageOfPage\":{\"@id\":\"https:\\\/\\\/www.purejewels.com\\\/product\\\/22ct-gold-antique-finish-stud-earring-armari-collection-49184\\\/#primaryimage\"},\"image\":{\"@id\":\"https:\\\/\\\/www.purejewels.com\\\/product\\\/22ct-gold-antique-finish-stud-earring-armari-collection-49184\\\/#primaryimage\"},\"thumbnailUrl\":\"https:\\\/\\\/static.purejewels.com\\\/wp-content\\\/uploads\\\/2024\\\/10\\\/SKU-49184.png\",\"datePublished\":\"2024-10-09T07:36:01+00:00\",\"dateModified\":\"2026-01-30T07:10:59+00:00\",\"description\":\"Shop the exquisite 22ct Gold Armari Collection Earrings, weighing 7. 2gms. Crafted with precision and elegance, these timeless earrings offer a blend of luxury.\",\"breadcrumb\":{\"@id\":\"https:\\\/\\\/www.purejewels.com\\\/product\\\/22ct-gold-antique-finish-stud-earring-armari-collection-49184\\\/#breadcrumb\"},\"inLanguage\":\"de\",\"potentialAction\":[{\"@type\":\"ReadAction\",\"target\":[\"https:\\\/\\\/www.purejewels.com\\\/product\\\/22ct-gold-antique-finish-stud-earring-armari-collection-49184\\\/\"]}]},{\"@type\":\"ImageObject\",\"inLanguage\":\"de\",\"@id\":\"https:\\\/\\\/www.purejewels.com\\\/product\\\/22ct-gold-antique-finish-stud-earring-armari-collection-49184\\\/#primaryimage\",\"url\":\"https:\\\/\\\/static.purejewels.com\\\/wp-content\\\/uploads\\\/2024\\\/10\\\/SKU-49184.png\",\"contentUrl\":\"https:\\\/\\\/static.purejewels.com\\\/wp-content\\\/uploads\\\/2024\\\/10\\\/SKU-49184.png\",\"width\":1000,\"height\":1000,\"caption\":\"22ct gold earrings\"},{\"@type\":\"BreadcrumbList\",\"@id\":\"https:\\\/\\\/www.purejewels.com\\\/product\\\/22ct-gold-antique-finish-stud-earring-armari-collection-49184\\\/#breadcrumb\",\"itemListElement\":[{\"@type\":\"ListItem\",\"position\":1,\"name\":\"Home\",\"item\":\"https:\\\/\\\/www.purejewels.com\\\/\"},{\"@type\":\"ListItem\",\"position\":2,\"name\":\"Shop\",\"item\":\"https:\\\/\\\/www.purejewels.com\\\/shop\\\/\"},{\"@type\":\"ListItem\",\"position\":3,\"name\":\"22ct Gold Antique Finish Stud Earrings | Armari Collection\"}]},{\"@type\":\"WebSite\",\"@id\":\"https:\\\/\\\/www.purejewels.com\\\/#website\",\"url\":\"https:\\\/\\\/www.purejewels.com\\\/\",\"name\":\"PureJewels UK\",\"description\":\"Share the Love\",\"publisher\":{\"@id\":\"https:\\\/\\\/www.purejewels.com\\\/#organization\"},\"potentialAction\":[{\"@type\":\"SearchAction\",\"target\":{\"@type\":\"EntryPoint\",\"urlTemplate\":\"https:\\\/\\\/www.purejewels.com\\\/?s={search_term_string}\"},\"query-input\":{\"@type\":\"PropertyValueSpecification\",\"valueRequired\":true,\"valueName\":\"search_term_string\"}}],\"inLanguage\":\"de\"},{\"@type\":\"Organization\",\"@id\":\"https:\\\/\\\/www.purejewels.com\\\/#organization\",\"name\":\"PureJewels UK\",\"url\":\"https:\\\/\\\/www.purejewels.com\\\/\",\"logo\":{\"@type\":\"ImageObject\",\"inLanguage\":\"de\",\"@id\":\"https:\\\/\\\/www.purejewels.com\\\/#\\\/schema\\\/logo\\\/image\\\/\",\"url\":\"https:\\\/\\\/static.purejewels.com\\\/wp-content\\\/uploads\\\/2020\\\/11\\\/Logo-PJ-New-1.png\",\"contentUrl\":\"https:\\\/\\\/static.purejewels.com\\\/wp-content\\\/uploads\\\/2020\\\/11\\\/Logo-PJ-New-1.png\",\"width\":150,\"height\":80,\"caption\":\"PureJewels UK\"},\"image\":{\"@id\":\"https:\\\/\\\/www.purejewels.com\\\/#\\\/schema\\\/logo\\\/image\\\/\"}}]}<\/script>\n<!-- \/ Yoast SEO plugin. -->","yoast_head_json":{"title":"Kollektion Armari: Ohrstecker aus 22-kar\u00e4tigem Gold mit antikem Finish","description":"Kaufen Sie die exquisiten Ohrringe der Armari Collection aus 22 Karat Gold mit einem Gewicht von 7,2 Gramm. Mit Pr\u00e4zision und Eleganz gefertigt, bieten diese zeitlosen Ohrringe eine Mischung aus Luxus.","robots":{"index":"index","follow":"follow","max-snippet":"max-snippet:-1","max-image-preview":"max-image-preview:large","max-video-preview":"max-video-preview:-1"},"canonical":"https:\/\/www.purejewels.com\/de\/produkt-2\/22-kt-gold-antik-finish-ohrstecker-armari-kollektion-49184\/","og_locale":"de_DE","og_type":"article","og_title":"Armari Collection: 22ct Gold Stud Earrings with Antique Finish","og_description":"Shop the exquisite 22ct Gold Armari Collection Earrings, weighing 7. 2gms. Crafted with precision and elegance, these timeless earrings offer a blend of luxury.","og_url":"https:\/\/www.purejewels.com\/de\/produkt-2\/22-kt-gold-antik-finish-ohrstecker-armari-kollektion-49184\/","og_site_name":"PureJewels UK","article_modified_time":"2026-01-30T07:10:59+00:00","og_image":[{"width":1000,"height":1000,"url":"https:\/\/static.purejewels.com\/wp-content\/uploads\/2024\/10\/SKU-49184.png","type":"image\/png"}],"twitter_card":"summary_large_image","twitter_misc":{"Gesch\u00e4tzte Lesezeit":"1\u00a0Minute"},"schema":{"@context":"https:\/\/schema.org","@graph":[{"@type":["WebPage","ItemPage"],"@id":"https:\/\/www.purejewels.com\/product\/22ct-gold-antique-finish-stud-earring-armari-collection-49184\/","url":"https:\/\/www.purejewels.com\/product\/22ct-gold-antique-finish-stud-earring-armari-collection-49184\/","name":"Kollektion Armari: Ohrstecker aus 22-kar\u00e4tigem Gold mit antikem Finish","isPartOf":{"@id":"https:\/\/www.purejewels.com\/#website"},"primaryImageOfPage":{"@id":"https:\/\/www.purejewels.com\/product\/22ct-gold-antique-finish-stud-earring-armari-collection-49184\/#primaryimage"},"image":{"@id":"https:\/\/www.purejewels.com\/product\/22ct-gold-antique-finish-stud-earring-armari-collection-49184\/#primaryimage"},"thumbnailUrl":"https:\/\/static.purejewels.com\/wp-content\/uploads\/2024\/10\/SKU-49184.png","datePublished":"2024-10-09T07:36:01+00:00","dateModified":"2026-01-30T07:10:59+00:00","description":"Kaufen Sie die exquisiten Ohrringe der Armari Collection aus 22 Karat Gold mit einem Gewicht von 7,2 Gramm. Mit Pr\u00e4zision und Eleganz gefertigt, bieten diese zeitlosen Ohrringe eine Mischung aus Luxus.","breadcrumb":{"@id":"https:\/\/www.purejewels.com\/product\/22ct-gold-antique-finish-stud-earring-armari-collection-49184\/#breadcrumb"},"inLanguage":"de","potentialAction":[{"@type":"ReadAction","target":["https:\/\/www.purejewels.com\/product\/22ct-gold-antique-finish-stud-earring-armari-collection-49184\/"]}]},{"@type":"ImageObject","inLanguage":"de","@id":"https:\/\/www.purejewels.com\/product\/22ct-gold-antique-finish-stud-earring-armari-collection-49184\/#primaryimage","url":"https:\/\/static.purejewels.com\/wp-content\/uploads\/2024\/10\/SKU-49184.png","contentUrl":"https:\/\/static.purejewels.com\/wp-content\/uploads\/2024\/10\/SKU-49184.png","width":1000,"height":1000,"caption":"22ct gold earrings"},{"@type":"BreadcrumbList","@id":"https:\/\/www.purejewels.com\/product\/22ct-gold-antique-finish-stud-earring-armari-collection-49184\/#breadcrumb","itemListElement":[{"@type":"ListItem","position":1,"name":"Home","item":"https:\/\/www.purejewels.com\/"},{"@type":"ListItem","position":2,"name":"Shop","item":"https:\/\/www.purejewels.com\/shop\/"},{"@type":"ListItem","position":3,"name":"22ct Gold Antique Finish Stud Earrings | Armari Collection"}]},{"@type":"WebSite","@id":"https:\/\/www.purejewels.com\/#website","url":"https:\/\/www.purejewels.com\/","name":"PureJewels UK","description":"Teile die Liebe","publisher":{"@id":"https:\/\/www.purejewels.com\/#organization"},"potentialAction":[{"@type":"SearchAction","target":{"@type":"EntryPoint","urlTemplate":"https:\/\/www.purejewels.com\/?s={search_term_string}"},"query-input":{"@type":"PropertyValueSpecification","valueRequired":true,"valueName":"search_term_string"}}],"inLanguage":"de"},{"@type":"Organization","@id":"https:\/\/www.purejewels.com\/#organization","name":"PureJewels UK","url":"https:\/\/www.purejewels.com\/","logo":{"@type":"ImageObject","inLanguage":"de","@id":"https:\/\/www.purejewels.com\/#\/schema\/logo\/image\/","url":"https:\/\/static.purejewels.com\/wp-content\/uploads\/2020\/11\/Logo-PJ-New-1.png","contentUrl":"https:\/\/static.purejewels.com\/wp-content\/uploads\/2020\/11\/Logo-PJ-New-1.png","width":150,"height":80,"caption":"PureJewels UK"},"image":{"@id":"https:\/\/www.purejewels.com\/#\/schema\/logo\/image\/"}}]}},"_links":{"self":[{"href":"https:\/\/www.purejewels.com\/de\/wp-json\/wp\/v2\/product\/373735","targetHints":{"allow":["GET"]}}],"collection":[{"href":"https:\/\/www.purejewels.com\/de\/wp-json\/wp\/v2\/product"}],"about":[{"href":"https:\/\/www.purejewels.com\/de\/wp-json\/wp\/v2\/types\/product"}],"replies":[{"embeddable":true,"href":"https:\/\/www.purejewels.com\/de\/wp-json\/wp\/v2\/comments?post=373735"}],"version-history":[{"count":3,"href":"https:\/\/www.purejewels.com\/de\/wp-json\/wp\/v2\/product\/373735\/revisions"}],"predecessor-version":[{"id":391795,"href":"https:\/\/www.purejewels.com\/de\/wp-json\/wp\/v2\/product\/373735\/revisions\/391795"}],"wp:featuredmedia":[{"embeddable":true,"href":"https:\/\/www.purejewels.com\/de\/wp-json\/wp\/v2\/media\/373736"}],"wp:attachment":[{"href":"https:\/\/www.purejewels.com\/de\/wp-json\/wp\/v2\/media?parent=373735"}],"wp:term":[{"taxonomy":"product_brand","embeddable":true,"href":"https:\/\/www.purejewels.com\/de\/wp-json\/wp\/v2\/product_brand?post=373735"},{"taxonomy":"product_cat","embeddable":true,"href":"https:\/\/www.purejewels.com\/de\/wp-json\/wp\/v2\/product_cat?post=373735"},{"taxonomy":"product_tag","embeddable":true,"href":"https:\/\/www.purejewels.com\/de\/wp-json\/wp\/v2\/product_tag?post=373735"}],"curies":[{"name":"wp","href":"https:\/\/api.w.org\/{rel}","templated":true}]}}