{"id":373793,"date":"2025-04-13T14:11:16","date_gmt":"2025-04-13T13:11:16","guid":{"rendered":"https:\/\/www.purejewels.com\/?post_type=product&#038;p=373793"},"modified":"2026-01-06T05:33:51","modified_gmt":"2026-01-06T05:33:51","slug":"22-karat-gold-antik-finish-ohrstecker-15mm-49124","status":"publish","type":"product","link":"https:\/\/www.purejewels.com\/de\/product\/22ct-gold-antique-finish-stud-15mm-49124\/","title":{"rendered":"22ct Gold Antik Finish Ohrstecker | Armari Kollektion"},"content":{"rendered":"<p>Einf\u00fchrung in die exquisite <a href=\"https:\/\/www.purejewels.com\/de\/product\/22ct-gold-jali-filigree-ring-jali-collection-31926\/\">22ct<\/a> goldene leichte Ohrringe aus der <strong><a href=\"https:\/\/www.purejewels.com\/de\/product\/22ct-gold-armari-collection-stud-antique-finish-49172\/\">Armari Kollektion<\/a><\/strong> unter <strong>Purejewels<\/strong>. Diese Ohrringe in klassischer runder Form sind mit einer komplizierten Verdrahtung versehen, die die Ohrstecker und die Innenseite schm\u00fcckt und die <a href=\"https:\/\/www.purejewels.com\/de\/armari-collection\/\">antikes Finish<\/a> und ihrer Eleganz Tiefe verleihen. Sie werden mit traditionellen Pr\u00e4ge- und Handchillai-Techniken hergestellt und verbinden auf wunderbare Weise zeitlose Kunstfertigkeit mit modernem Flair.<\/p>\n<p>Diese Ohrringe eignen sich perfekt f\u00fcr den Alltag und sind<strong> Leichtgewicht<\/strong> und <strong>bequem<\/strong>Das macht sie zu einer vielseitigen Erg\u00e4nzung f\u00fcr jede Schmucksammlung. Ob Sie sich f\u00fcr eine festliche Feier herausputzen oder ein stilvolles Accessoire f\u00fcr den t\u00e4glichen Gebrauch suchen, diese Ohrringe sind eine ideale Wahl.<\/p>\n<p>Machen Sie sich den Geist des Festes zu eigen mit diesen atemberaubenden St\u00fccken, die das reiche Erbe der indischen Kultur widerspiegeln. <a href=\"https:\/\/www.purejewels.com\/de\/a-guide-to-die-stamping\/\">Handwerkskunst<\/a>und lassen Sie oder Ihre Lieben w\u00e4hrend der Festtage strahlen. Erh\u00f6hen Sie Ihren Stil mit diesen fesselnden Ohrringen!<\/p>\n<ul>\n<li><strong>Designer-Ohrringe<\/strong>: Fachm\u00e4nnisch entworfen, um k\u00fcnstlerische Kreativit\u00e4t und zeitlose Sch\u00f6nheit in Einklang zu bringen.<\/li>\n<li><strong>Sammlung Armari<\/strong>: Ein Teil unseres exklusiven Sortiments, das Handwerkskunst und zeitlose Sch\u00f6nheit zelebriert.<\/li>\n<li><strong>Einzigartigkeit<\/strong>: Jedes Paar wird sorgf\u00e4ltig hergestellt und ist ein einzigartiges St\u00fcck, das wahre Kunstfertigkeit widerspiegelt.<\/li>\n<\/ul>","protected":false},"excerpt":{"rendered":"<table class=\"sh_desc\" style=\"height: 323px;\" width=\"495\">\n<tbody>\n<tr>\n<td>Art des Ohrrings<\/td>\n<td>Ohrstecker<\/td>\n<\/tr>\n<tr>\n<td>SKU<\/td>\n<td>49124<\/td>\n<\/tr>\n<tr>\n<td>Gewicht<\/td>\n<td>3.7 Gms<\/td>\n<\/tr>\n<tr>\n<td>Oberfl\u00e4che<\/td>\n<td>Antike_Matte<\/td>\n<\/tr>\n<tr>\n<td>Breite<\/td>\n<td>15mm<\/td>\n<\/tr>\n<tr>\n<td>Sammlung<\/td>\n<td><strong>Sammlung Armari<\/strong><\/td>\n<\/tr>\n<tr>\n<td>Metall<\/td>\n<td>22ct Gold<\/td>\n<\/tr>\n<tr>\n<td>Entgelte<\/td>\n<td>Lieferung und Mehrwertsteuer inbegriffen<\/td>\n<\/tr>\n<tr>\n<td>Verpackung<\/td>\n<td>Mit Pr\u00e4sentationsbox<\/td>\n<\/tr>\n<tr>\n<td>Mehr Informationen<\/td>\n<td>Live-Chat mit uns f\u00fcr Verf\u00fcgbarkeit und mehr Bilder und Videos.<\/td>\n<\/tr>\n<\/tbody>\n<\/table>","protected":false},"featured_media":373794,"comment_status":"closed","ping_status":"closed","template":"","meta":{"_eb_attr":"","_crsspst_to_jayantr4sg-hostcom":false},"product_brand":[],"product_cat":[1791,245,5639,6143,1559,236,1793,1254,1229,1570,1577,1573,1574,5349],"product_tag":[66,5919],"class_list":{"0":"post-373793","1":"product","2":"type-product","3":"status-publish","4":"has-post-thumbnail","6":"product_cat-anniversary-gifts","7":"product_cat-armari-collections","8":"product_cat-armari-earring","9":"product_cat-armari-stud-earrings","10":"product_cat-birthday-gifts","11":"product_cat-collections","12":"product_cat-diwali-gifts","13":"product_cat-gold-earrings","14":"product_cat-22ct-gold-jewellery","15":"product_cat-mothers-day-gifts","16":"product_cat-stud-earrings","17":"product_cat-wedding-gifts","18":"product_cat-womens-jewellery","19":"product_cat-yellow-gold-jewellery","20":"product_tag-earrings","21":"product_tag-stud","23":"first","24":"outofstock","25":"taxable","26":"shipping-taxable","27":"product-type-simple","28":"add-to-wishlist-before_image"},"yoast_head":"<!-- This site is optimized with the Yoast SEO plugin v27.5 - https:\/\/yoast.com\/product\/yoast-seo-wordpress\/ -->\n<title>Shop 22ct Gold Antique Finish Stud in 15mm | PureJewels<\/title>\n<meta name=\"description\" content=\"&quot;Explore the elegance of the 22ct Gold Armari Collection Earrings, featuring a delicate 3.7g weight and 15mm size. A timeless piece, perfect for adding luxury and sophistication to any look.&quot; Pure Jewels UK\" \/>\n<meta name=\"robots\" content=\"index, follow, max-snippet:-1, max-image-preview:large, max-video-preview:-1\" \/>\n<link rel=\"canonical\" href=\"https:\/\/www.purejewels.com\/de\/produkt-2\/22-karat-gold-antik-finish-ohrstecker-15mm-49124\/\" \/>\n<meta property=\"og:locale\" content=\"de_DE\" \/>\n<meta property=\"og:type\" content=\"article\" \/>\n<meta property=\"og:title\" content=\"Shop 22ct Gold Antique Finish Stud in 15mm | PureJewels\" \/>\n<meta property=\"og:description\" content=\"&quot;Explore the elegance of the 22ct Gold Armari Collection Earrings, featuring a delicate 3.7g weight and 15mm size. A timeless piece, perfect for adding luxury and sophistication to any look.&quot; Pure Jewels UK\" \/>\n<meta property=\"og:url\" content=\"https:\/\/www.purejewels.com\/de\/produkt-2\/22-karat-gold-antik-finish-ohrstecker-15mm-49124\/\" \/>\n<meta property=\"og:site_name\" content=\"PureJewels UK\" \/>\n<meta property=\"article:modified_time\" content=\"2026-01-06T05:33:51+00:00\" \/>\n<meta property=\"og:image\" content=\"https:\/\/www.purejewels.com\/wp-content\/uploads\/2024\/10\/SKU-49124.png\" \/>\n\t<meta property=\"og:image:width\" content=\"1000\" \/>\n\t<meta property=\"og:image:height\" content=\"1000\" \/>\n\t<meta property=\"og:image:type\" content=\"image\/png\" \/>\n<meta name=\"twitter:card\" content=\"summary_large_image\" \/>\n<meta name=\"twitter:label1\" content=\"Gesch\u00e4tzte Lesezeit\" \/>\n\t<meta name=\"twitter:data1\" content=\"1\u00a0Minute\" \/>\n<script type=\"application\/ld+json\" class=\"yoast-schema-graph\">{\"@context\":\"https:\\\/\\\/schema.org\",\"@graph\":[{\"@type\":[\"WebPage\",\"ItemPage\"],\"@id\":\"https:\\\/\\\/www.purejewels.com\\\/product\\\/22ct-gold-antique-finish-stud-15mm-49124\\\/\",\"url\":\"https:\\\/\\\/www.purejewels.com\\\/product\\\/22ct-gold-antique-finish-stud-15mm-49124\\\/\",\"name\":\"Shop 22ct Gold Antique Finish Stud in 15mm | PureJewels\",\"isPartOf\":{\"@id\":\"https:\\\/\\\/www.purejewels.com\\\/#website\"},\"primaryImageOfPage\":{\"@id\":\"https:\\\/\\\/www.purejewels.com\\\/product\\\/22ct-gold-antique-finish-stud-15mm-49124\\\/#primaryimage\"},\"image\":{\"@id\":\"https:\\\/\\\/www.purejewels.com\\\/product\\\/22ct-gold-antique-finish-stud-15mm-49124\\\/#primaryimage\"},\"thumbnailUrl\":\"https:\\\/\\\/static.purejewels.com\\\/wp-content\\\/uploads\\\/2024\\\/10\\\/SKU-49124.png\",\"datePublished\":\"2025-04-13T13:11:16+00:00\",\"dateModified\":\"2026-01-06T05:33:51+00:00\",\"description\":\"\\\"Explore the elegance of the 22ct Gold Armari Collection Earrings, featuring a delicate 3.7g weight and 15mm size. A timeless piece, perfect for adding luxury and sophistication to any look.\\\" Pure Jewels UK\",\"breadcrumb\":{\"@id\":\"https:\\\/\\\/www.purejewels.com\\\/product\\\/22ct-gold-antique-finish-stud-15mm-49124\\\/#breadcrumb\"},\"inLanguage\":\"de\",\"potentialAction\":[{\"@type\":\"ReadAction\",\"target\":[\"https:\\\/\\\/www.purejewels.com\\\/product\\\/22ct-gold-antique-finish-stud-15mm-49124\\\/\"]}]},{\"@type\":\"ImageObject\",\"inLanguage\":\"de\",\"@id\":\"https:\\\/\\\/www.purejewels.com\\\/product\\\/22ct-gold-antique-finish-stud-15mm-49124\\\/#primaryimage\",\"url\":\"https:\\\/\\\/static.purejewels.com\\\/wp-content\\\/uploads\\\/2024\\\/10\\\/SKU-49124.png\",\"contentUrl\":\"https:\\\/\\\/static.purejewels.com\\\/wp-content\\\/uploads\\\/2024\\\/10\\\/SKU-49124.png\",\"width\":1000,\"height\":1000,\"caption\":\"22ct gold stud earrings\"},{\"@type\":\"BreadcrumbList\",\"@id\":\"https:\\\/\\\/www.purejewels.com\\\/product\\\/22ct-gold-antique-finish-stud-15mm-49124\\\/#breadcrumb\",\"itemListElement\":[{\"@type\":\"ListItem\",\"position\":1,\"name\":\"Home\",\"item\":\"https:\\\/\\\/www.purejewels.com\\\/\"},{\"@type\":\"ListItem\",\"position\":2,\"name\":\"Shop\",\"item\":\"https:\\\/\\\/www.purejewels.com\\\/shop\\\/\"},{\"@type\":\"ListItem\",\"position\":3,\"name\":\"22ct Gold Antique Finish Stud | Armari Collection\"}]},{\"@type\":\"WebSite\",\"@id\":\"https:\\\/\\\/www.purejewels.com\\\/#website\",\"url\":\"https:\\\/\\\/www.purejewels.com\\\/\",\"name\":\"PureJewels UK\",\"description\":\"Share the Love\",\"publisher\":{\"@id\":\"https:\\\/\\\/www.purejewels.com\\\/#organization\"},\"potentialAction\":[{\"@type\":\"SearchAction\",\"target\":{\"@type\":\"EntryPoint\",\"urlTemplate\":\"https:\\\/\\\/www.purejewels.com\\\/?s={search_term_string}\"},\"query-input\":{\"@type\":\"PropertyValueSpecification\",\"valueRequired\":true,\"valueName\":\"search_term_string\"}}],\"inLanguage\":\"de\"},{\"@type\":\"Organization\",\"@id\":\"https:\\\/\\\/www.purejewels.com\\\/#organization\",\"name\":\"PureJewels UK\",\"url\":\"https:\\\/\\\/www.purejewels.com\\\/\",\"logo\":{\"@type\":\"ImageObject\",\"inLanguage\":\"de\",\"@id\":\"https:\\\/\\\/www.purejewels.com\\\/#\\\/schema\\\/logo\\\/image\\\/\",\"url\":\"https:\\\/\\\/static.purejewels.com\\\/wp-content\\\/uploads\\\/2020\\\/11\\\/Logo-PJ-New-1.png\",\"contentUrl\":\"https:\\\/\\\/static.purejewels.com\\\/wp-content\\\/uploads\\\/2020\\\/11\\\/Logo-PJ-New-1.png\",\"width\":150,\"height\":80,\"caption\":\"PureJewels UK\"},\"image\":{\"@id\":\"https:\\\/\\\/www.purejewels.com\\\/#\\\/schema\\\/logo\\\/image\\\/\"}}]}<\/script>\n<!-- \/ Yoast SEO plugin. -->","yoast_head_json":{"title":"Shop 22ct Gold Antik Finish Stud in 15mm | PureJewels","description":"\"Entdecken Sie die Eleganz der Armari Collection Ohrringe aus 22 Karat Gold mit einem Gewicht von nur 3,7 g und einer Gr\u00f6\u00dfe von 15 mm. Ein zeitloses St\u00fcck, das jeden Look mit Luxus und Raffinesse bereichert.\" Pure Jewels UK","robots":{"index":"index","follow":"follow","max-snippet":"max-snippet:-1","max-image-preview":"max-image-preview:large","max-video-preview":"max-video-preview:-1"},"canonical":"https:\/\/www.purejewels.com\/de\/produkt-2\/22-karat-gold-antik-finish-ohrstecker-15mm-49124\/","og_locale":"de_DE","og_type":"article","og_title":"Shop 22ct Gold Antique Finish Stud in 15mm | PureJewels","og_description":"\"Explore the elegance of the 22ct Gold Armari Collection Earrings, featuring a delicate 3.7g weight and 15mm size. A timeless piece, perfect for adding luxury and sophistication to any look.\" Pure Jewels UK","og_url":"https:\/\/www.purejewels.com\/de\/produkt-2\/22-karat-gold-antik-finish-ohrstecker-15mm-49124\/","og_site_name":"PureJewels UK","article_modified_time":"2026-01-06T05:33:51+00:00","og_image":[{"width":1000,"height":1000,"url":"https:\/\/www.purejewels.com\/wp-content\/uploads\/2024\/10\/SKU-49124.png","type":"image\/png"}],"twitter_card":"summary_large_image","twitter_misc":{"Gesch\u00e4tzte Lesezeit":"1\u00a0Minute"},"schema":{"@context":"https:\/\/schema.org","@graph":[{"@type":["WebPage","ItemPage"],"@id":"https:\/\/www.purejewels.com\/product\/22ct-gold-antique-finish-stud-15mm-49124\/","url":"https:\/\/www.purejewels.com\/product\/22ct-gold-antique-finish-stud-15mm-49124\/","name":"Shop 22ct Gold Antik Finish Stud in 15mm | PureJewels","isPartOf":{"@id":"https:\/\/www.purejewels.com\/#website"},"primaryImageOfPage":{"@id":"https:\/\/www.purejewels.com\/product\/22ct-gold-antique-finish-stud-15mm-49124\/#primaryimage"},"image":{"@id":"https:\/\/www.purejewels.com\/product\/22ct-gold-antique-finish-stud-15mm-49124\/#primaryimage"},"thumbnailUrl":"https:\/\/static.purejewels.com\/wp-content\/uploads\/2024\/10\/SKU-49124.png","datePublished":"2025-04-13T13:11:16+00:00","dateModified":"2026-01-06T05:33:51+00:00","description":"\"Entdecken Sie die Eleganz der Armari Collection Ohrringe aus 22 Karat Gold mit einem Gewicht von nur 3,7 g und einer Gr\u00f6\u00dfe von 15 mm. Ein zeitloses St\u00fcck, das jeden Look mit Luxus und Raffinesse bereichert.\" Pure Jewels UK","breadcrumb":{"@id":"https:\/\/www.purejewels.com\/product\/22ct-gold-antique-finish-stud-15mm-49124\/#breadcrumb"},"inLanguage":"de","potentialAction":[{"@type":"ReadAction","target":["https:\/\/www.purejewels.com\/product\/22ct-gold-antique-finish-stud-15mm-49124\/"]}]},{"@type":"ImageObject","inLanguage":"de","@id":"https:\/\/www.purejewels.com\/product\/22ct-gold-antique-finish-stud-15mm-49124\/#primaryimage","url":"https:\/\/static.purejewels.com\/wp-content\/uploads\/2024\/10\/SKU-49124.png","contentUrl":"https:\/\/static.purejewels.com\/wp-content\/uploads\/2024\/10\/SKU-49124.png","width":1000,"height":1000,"caption":"22ct gold stud earrings"},{"@type":"BreadcrumbList","@id":"https:\/\/www.purejewels.com\/product\/22ct-gold-antique-finish-stud-15mm-49124\/#breadcrumb","itemListElement":[{"@type":"ListItem","position":1,"name":"Home","item":"https:\/\/www.purejewels.com\/"},{"@type":"ListItem","position":2,"name":"Shop","item":"https:\/\/www.purejewels.com\/shop\/"},{"@type":"ListItem","position":3,"name":"22ct Gold Antique Finish Stud | Armari Collection"}]},{"@type":"WebSite","@id":"https:\/\/www.purejewels.com\/#website","url":"https:\/\/www.purejewels.com\/","name":"PureJewels UK","description":"Teile die Liebe","publisher":{"@id":"https:\/\/www.purejewels.com\/#organization"},"potentialAction":[{"@type":"SearchAction","target":{"@type":"EntryPoint","urlTemplate":"https:\/\/www.purejewels.com\/?s={search_term_string}"},"query-input":{"@type":"PropertyValueSpecification","valueRequired":true,"valueName":"search_term_string"}}],"inLanguage":"de"},{"@type":"Organization","@id":"https:\/\/www.purejewels.com\/#organization","name":"PureJewels UK","url":"https:\/\/www.purejewels.com\/","logo":{"@type":"ImageObject","inLanguage":"de","@id":"https:\/\/www.purejewels.com\/#\/schema\/logo\/image\/","url":"https:\/\/static.purejewels.com\/wp-content\/uploads\/2020\/11\/Logo-PJ-New-1.png","contentUrl":"https:\/\/static.purejewels.com\/wp-content\/uploads\/2020\/11\/Logo-PJ-New-1.png","width":150,"height":80,"caption":"PureJewels UK"},"image":{"@id":"https:\/\/www.purejewels.com\/#\/schema\/logo\/image\/"}}]}},"_links":{"self":[{"href":"https:\/\/www.purejewels.com\/de\/wp-json\/wp\/v2\/product\/373793","targetHints":{"allow":["GET"]}}],"collection":[{"href":"https:\/\/www.purejewels.com\/de\/wp-json\/wp\/v2\/product"}],"about":[{"href":"https:\/\/www.purejewels.com\/de\/wp-json\/wp\/v2\/types\/product"}],"replies":[{"embeddable":true,"href":"https:\/\/www.purejewels.com\/de\/wp-json\/wp\/v2\/comments?post=373793"}],"version-history":[{"count":5,"href":"https:\/\/www.purejewels.com\/de\/wp-json\/wp\/v2\/product\/373793\/revisions"}],"predecessor-version":[{"id":414395,"href":"https:\/\/www.purejewels.com\/de\/wp-json\/wp\/v2\/product\/373793\/revisions\/414395"}],"wp:featuredmedia":[{"embeddable":true,"href":"https:\/\/www.purejewels.com\/de\/wp-json\/wp\/v2\/media\/373794"}],"wp:attachment":[{"href":"https:\/\/www.purejewels.com\/de\/wp-json\/wp\/v2\/media?parent=373793"}],"wp:term":[{"taxonomy":"product_brand","embeddable":true,"href":"https:\/\/www.purejewels.com\/de\/wp-json\/wp\/v2\/product_brand?post=373793"},{"taxonomy":"product_cat","embeddable":true,"href":"https:\/\/www.purejewels.com\/de\/wp-json\/wp\/v2\/product_cat?post=373793"},{"taxonomy":"product_tag","embeddable":true,"href":"https:\/\/www.purejewels.com\/de\/wp-json\/wp\/v2\/product_tag?post=373793"}],"curies":[{"name":"wp","href":"https:\/\/api.w.org\/{rel}","templated":true}]}}