{"id":374040,"date":"2024-10-15T09:08:56","date_gmt":"2024-10-15T08:08:56","guid":{"rendered":"https:\/\/www.purejewels.com\/?post_type=product&#038;p=374040"},"modified":"2026-01-30T07:10:18","modified_gmt":"2026-01-30T07:10:18","slug":"22-karat-gold-antik-finish-ohrstecker-10mm-49586","status":"publish","type":"product","link":"https:\/\/www.purejewels.com\/de\/product\/22ct-gold-antique-finish-stud-10mm-49586\/","title":{"rendered":"22ct Gold Antik Finish Ohrstecker | Armari Kollektion"},"content":{"rendered":"<p>Wir stellen vor: unser atemberaubendes <a href=\"https:\/\/www.purejewels.com\/de\/product\/22ct-gold-jali-filigree-ring-jali-collection-31926\/\">22ct<\/a> Armari-Nieten aus Gold, wundersch\u00f6n verarbeitet mit einem <a href=\"https:\/\/www.purejewels.com\/de\/armari-collection\/\">antikes Finish<\/a>. Mit einer Gr\u00f6\u00dfe von 10 mm pr\u00e4sentieren diese Ohrringe komplizierte <a href=\"https:\/\/www.purejewels.com\/de\/a-guide-to-die-stamping\/\">Pr\u00e4gung<\/a> und Handziselierungstechniken, die jedes St\u00fcck zu einem Unikat machen. Ihr elegantes Design macht sie perfekt f\u00fcr den Alltag und verleiht jedem Outfit einen Hauch von Raffinesse.<\/p>\n<p>Ganz gleich, ob Sie sich f\u00fcr einen festlichen Anlass herausputzen oder Ihren Alltagslook aufpeppen m\u00f6chten, diese Ohrstecker sind vielseitig genug f\u00fcr jeden Anlass. Da Diwali vor der T\u00fcr steht, eignen sie sich auch hervorragend als Geschenk f\u00fcr Ihre Lieben und verbinden Tradition mit modernem Stil. Feiern Sie das Fest der Lichter mit diesen exquisiten Ohrringen, die sowohl Eleganz als auch kulturelle Bedeutung verk\u00f6rpern. G\u00f6nnen Sie sich oder einem besonderen Menschen diese zeitlosen Sch\u00e4tze!<\/p>\n<ul>\n<li><strong>Minimalistische Ohrringe<\/strong>: Diese Ohrringe sind schlicht und raffiniert und erg\u00e4nzen jedes Outfit, von leger bis formell.<\/li>\n<li><strong>Allt\u00e4gliche Ohrringe<\/strong>: Leicht und vielseitig, perfekt f\u00fcr den t\u00e4glichen Gebrauch, ohne Kompromisse beim Stil einzugehen.<\/li>\n<\/ul>","protected":false},"excerpt":{"rendered":"<table class=\"sh_desc\" style=\"height: 323px;\" width=\"495\">\n<tbody>\n<tr>\n<td>Art des Ohrrings<\/td>\n<td>Ohrstecker<\/td>\n<\/tr>\n<tr>\n<td>SKU<\/td>\n<td>49586<\/td>\n<\/tr>\n<tr>\n<td>Gewicht<\/td>\n<td>3.0 Gms<\/td>\n<\/tr>\n<tr>\n<td>Oberfl\u00e4che<\/td>\n<td>Antike_Matte<\/td>\n<\/tr>\n<tr>\n<td>Breite<\/td>\n<td>10mm<\/td>\n<\/tr>\n<tr>\n<td>Sammlung<\/td>\n<td><strong>Sammlung Armari<\/strong><\/td>\n<\/tr>\n<tr>\n<td>Metall<\/td>\n<td>22ct Gold<\/td>\n<\/tr>\n<tr>\n<td>Entgelte<\/td>\n<td>Lieferung und Mehrwertsteuer inbegriffen<\/td>\n<\/tr>\n<tr>\n<td>Verpackung<\/td>\n<td>Mit Pr\u00e4sentationsbox<\/td>\n<\/tr>\n<tr>\n<td>Mehr Informationen<\/td>\n<td>Live-Chat mit uns f\u00fcr Verf\u00fcgbarkeit und mehr Bilder und Videos.<\/td>\n<\/tr>\n<\/tbody>\n<\/table>","protected":false},"featured_media":374611,"comment_status":"closed","ping_status":"closed","template":"","meta":{"_eb_attr":"","_crsspst_to_jayantr4sg-hostcom":false},"product_brand":[],"product_cat":[1791,245,5639,6143,1559,236,1793,1254,1229,5344,1570,5338,1577,1573,1574,5349],"product_tag":[],"class_list":{"0":"post-374040","1":"product","2":"type-product","3":"status-publish","4":"has-post-thumbnail","6":"product_cat-anniversary-gifts","7":"product_cat-armari-collections","8":"product_cat-armari-earring","9":"product_cat-armari-stud-earrings","10":"product_cat-birthday-gifts","11":"product_cat-collections","12":"product_cat-diwali-gifts","13":"product_cat-gold-earrings","14":"product_cat-22ct-gold-jewellery","15":"product_cat-jewellery-under-750","16":"product_cat-mothers-day-gifts","17":"product_cat-shop-by-price","18":"product_cat-stud-earrings","19":"product_cat-wedding-gifts","20":"product_cat-womens-jewellery","21":"product_cat-yellow-gold-jewellery","23":"first","24":"instock","25":"taxable","26":"shipping-taxable","27":"purchasable","28":"product-type-simple","29":"add-to-wishlist-before_image"},"yoast_head":"<!-- This site is optimized with the Yoast SEO plugin v27.3 - https:\/\/yoast.com\/product\/yoast-seo-wordpress\/ -->\n<title>Shop 22ct Gold Antique Finish Stud in 10mm | PureJewels UK<\/title>\n<meta name=\"description\" content=\"&quot;Shop the 22ct Gold Armari Collection Earrings Studs, weighing 3.0 grams with a sleek 10mm design. Perfect for everyday elegance and crafted with precision for a timeless look.&quot; Purejewels Uk\" \/>\n<meta name=\"robots\" content=\"index, follow, max-snippet:-1, max-image-preview:large, max-video-preview:-1\" \/>\n<link rel=\"canonical\" href=\"https:\/\/www.purejewels.com\/de\/produkt-2\/22-karat-gold-antik-finish-ohrstecker-10mm-49586\/\" \/>\n<meta property=\"og:locale\" content=\"de_DE\" \/>\n<meta property=\"og:type\" content=\"article\" \/>\n<meta property=\"og:title\" content=\"Shop 22ct Gold Antique Finish Stud in 10mm | PureJewels UK\" \/>\n<meta property=\"og:description\" content=\"&quot;Shop the 22ct Gold Armari Collection Earrings Studs, weighing 3.0 grams with a sleek 10mm design. Perfect for everyday elegance and crafted with precision for a timeless look.&quot; Purejewels Uk\" \/>\n<meta property=\"og:url\" content=\"https:\/\/www.purejewels.com\/de\/produkt-2\/22-karat-gold-antik-finish-ohrstecker-10mm-49586\/\" \/>\n<meta property=\"og:site_name\" content=\"PureJewels UK\" \/>\n<meta property=\"article:modified_time\" content=\"2026-01-30T07:10:18+00:00\" \/>\n<meta property=\"og:image\" content=\"https:\/\/static.purejewels.com\/wp-content\/uploads\/2024\/10\/SKU-49586.png\" \/>\n\t<meta property=\"og:image:width\" content=\"1000\" \/>\n\t<meta property=\"og:image:height\" content=\"1000\" \/>\n\t<meta property=\"og:image:type\" content=\"image\/png\" \/>\n<meta name=\"twitter:card\" content=\"summary_large_image\" \/>\n<meta name=\"twitter:label1\" content=\"Gesch\u00e4tzte Lesezeit\" \/>\n\t<meta name=\"twitter:data1\" content=\"1\u00a0Minute\" \/>\n<script type=\"application\/ld+json\" class=\"yoast-schema-graph\">{\"@context\":\"https:\\\/\\\/schema.org\",\"@graph\":[{\"@type\":[\"WebPage\",\"ItemPage\"],\"@id\":\"https:\\\/\\\/www.purejewels.com\\\/product\\\/22ct-gold-antique-finish-stud-10mm-49586\\\/\",\"url\":\"https:\\\/\\\/www.purejewels.com\\\/product\\\/22ct-gold-antique-finish-stud-10mm-49586\\\/\",\"name\":\"Shop 22ct Gold Antique Finish Stud in 10mm | PureJewels UK\",\"isPartOf\":{\"@id\":\"https:\\\/\\\/www.purejewels.com\\\/#website\"},\"primaryImageOfPage\":{\"@id\":\"https:\\\/\\\/www.purejewels.com\\\/product\\\/22ct-gold-antique-finish-stud-10mm-49586\\\/#primaryimage\"},\"image\":{\"@id\":\"https:\\\/\\\/www.purejewels.com\\\/product\\\/22ct-gold-antique-finish-stud-10mm-49586\\\/#primaryimage\"},\"thumbnailUrl\":\"https:\\\/\\\/static.purejewels.com\\\/wp-content\\\/uploads\\\/2024\\\/10\\\/SKU-49586.png\",\"datePublished\":\"2024-10-15T08:08:56+00:00\",\"dateModified\":\"2026-01-30T07:10:18+00:00\",\"description\":\"\\\"Shop the 22ct Gold Armari Collection Earrings Studs, weighing 3.0 grams with a sleek 10mm design. Perfect for everyday elegance and crafted with precision for a timeless look.\\\" Purejewels Uk\",\"breadcrumb\":{\"@id\":\"https:\\\/\\\/www.purejewels.com\\\/product\\\/22ct-gold-antique-finish-stud-10mm-49586\\\/#breadcrumb\"},\"inLanguage\":\"de\",\"potentialAction\":[{\"@type\":\"ReadAction\",\"target\":[\"https:\\\/\\\/www.purejewels.com\\\/product\\\/22ct-gold-antique-finish-stud-10mm-49586\\\/\"]}]},{\"@type\":\"ImageObject\",\"inLanguage\":\"de\",\"@id\":\"https:\\\/\\\/www.purejewels.com\\\/product\\\/22ct-gold-antique-finish-stud-10mm-49586\\\/#primaryimage\",\"url\":\"https:\\\/\\\/static.purejewels.com\\\/wp-content\\\/uploads\\\/2024\\\/10\\\/SKU-49586.png\",\"contentUrl\":\"https:\\\/\\\/static.purejewels.com\\\/wp-content\\\/uploads\\\/2024\\\/10\\\/SKU-49586.png\",\"width\":1000,\"height\":1000,\"caption\":\"22ct Gold Stud Earring\"},{\"@type\":\"BreadcrumbList\",\"@id\":\"https:\\\/\\\/www.purejewels.com\\\/product\\\/22ct-gold-antique-finish-stud-10mm-49586\\\/#breadcrumb\",\"itemListElement\":[{\"@type\":\"ListItem\",\"position\":1,\"name\":\"Home\",\"item\":\"https:\\\/\\\/www.purejewels.com\\\/\"},{\"@type\":\"ListItem\",\"position\":2,\"name\":\"Shop\",\"item\":\"https:\\\/\\\/www.purejewels.com\\\/shop\\\/\"},{\"@type\":\"ListItem\",\"position\":3,\"name\":\"22ct Gold Antique Finish Stud | Armari Collection\"}]},{\"@type\":\"WebSite\",\"@id\":\"https:\\\/\\\/www.purejewels.com\\\/#website\",\"url\":\"https:\\\/\\\/www.purejewels.com\\\/\",\"name\":\"PureJewels UK\",\"description\":\"Share the Love\",\"publisher\":{\"@id\":\"https:\\\/\\\/www.purejewels.com\\\/#organization\"},\"potentialAction\":[{\"@type\":\"SearchAction\",\"target\":{\"@type\":\"EntryPoint\",\"urlTemplate\":\"https:\\\/\\\/www.purejewels.com\\\/?s={search_term_string}\"},\"query-input\":{\"@type\":\"PropertyValueSpecification\",\"valueRequired\":true,\"valueName\":\"search_term_string\"}}],\"inLanguage\":\"de\"},{\"@type\":\"Organization\",\"@id\":\"https:\\\/\\\/www.purejewels.com\\\/#organization\",\"name\":\"PureJewels UK\",\"url\":\"https:\\\/\\\/www.purejewels.com\\\/\",\"logo\":{\"@type\":\"ImageObject\",\"inLanguage\":\"de\",\"@id\":\"https:\\\/\\\/www.purejewels.com\\\/#\\\/schema\\\/logo\\\/image\\\/\",\"url\":\"https:\\\/\\\/static.purejewels.com\\\/wp-content\\\/uploads\\\/2020\\\/11\\\/Logo-PJ-New-1.png\",\"contentUrl\":\"https:\\\/\\\/static.purejewels.com\\\/wp-content\\\/uploads\\\/2020\\\/11\\\/Logo-PJ-New-1.png\",\"width\":150,\"height\":80,\"caption\":\"PureJewels UK\"},\"image\":{\"@id\":\"https:\\\/\\\/www.purejewels.com\\\/#\\\/schema\\\/logo\\\/image\\\/\"}}]}<\/script>\n<!-- \/ Yoast SEO plugin. -->","yoast_head_json":{"title":"Shop 22ct Gold Antik Finish Stud in 10mm | PureJewels UK","description":"\"Shoppen Sie die Ohrstecker der Armari Collection aus 22 Karat Gold, die 3,0 Gramm wiegen und ein schlankes 10-mm-Design haben. Perfekt f\u00fcr die t\u00e4gliche Eleganz und mit Pr\u00e4zision gefertigt f\u00fcr einen zeitlosen Look.\" Purejewels Uk","robots":{"index":"index","follow":"follow","max-snippet":"max-snippet:-1","max-image-preview":"max-image-preview:large","max-video-preview":"max-video-preview:-1"},"canonical":"https:\/\/www.purejewels.com\/de\/produkt-2\/22-karat-gold-antik-finish-ohrstecker-10mm-49586\/","og_locale":"de_DE","og_type":"article","og_title":"Shop 22ct Gold Antique Finish Stud in 10mm | PureJewels UK","og_description":"\"Shop the 22ct Gold Armari Collection Earrings Studs, weighing 3.0 grams with a sleek 10mm design. Perfect for everyday elegance and crafted with precision for a timeless look.\" Purejewels Uk","og_url":"https:\/\/www.purejewels.com\/de\/produkt-2\/22-karat-gold-antik-finish-ohrstecker-10mm-49586\/","og_site_name":"PureJewels UK","article_modified_time":"2026-01-30T07:10:18+00:00","og_image":[{"width":1000,"height":1000,"url":"https:\/\/static.purejewels.com\/wp-content\/uploads\/2024\/10\/SKU-49586.png","type":"image\/png"}],"twitter_card":"summary_large_image","twitter_misc":{"Gesch\u00e4tzte Lesezeit":"1\u00a0Minute"},"schema":{"@context":"https:\/\/schema.org","@graph":[{"@type":["WebPage","ItemPage"],"@id":"https:\/\/www.purejewels.com\/product\/22ct-gold-antique-finish-stud-10mm-49586\/","url":"https:\/\/www.purejewels.com\/product\/22ct-gold-antique-finish-stud-10mm-49586\/","name":"Shop 22ct Gold Antik Finish Stud in 10mm | PureJewels UK","isPartOf":{"@id":"https:\/\/www.purejewels.com\/#website"},"primaryImageOfPage":{"@id":"https:\/\/www.purejewels.com\/product\/22ct-gold-antique-finish-stud-10mm-49586\/#primaryimage"},"image":{"@id":"https:\/\/www.purejewels.com\/product\/22ct-gold-antique-finish-stud-10mm-49586\/#primaryimage"},"thumbnailUrl":"https:\/\/static.purejewels.com\/wp-content\/uploads\/2024\/10\/SKU-49586.png","datePublished":"2024-10-15T08:08:56+00:00","dateModified":"2026-01-30T07:10:18+00:00","description":"\"Shoppen Sie die Ohrstecker der Armari Collection aus 22 Karat Gold, die 3,0 Gramm wiegen und ein schlankes 10-mm-Design haben. Perfekt f\u00fcr die t\u00e4gliche Eleganz und mit Pr\u00e4zision gefertigt f\u00fcr einen zeitlosen Look.\" Purejewels Uk","breadcrumb":{"@id":"https:\/\/www.purejewels.com\/product\/22ct-gold-antique-finish-stud-10mm-49586\/#breadcrumb"},"inLanguage":"de","potentialAction":[{"@type":"ReadAction","target":["https:\/\/www.purejewels.com\/product\/22ct-gold-antique-finish-stud-10mm-49586\/"]}]},{"@type":"ImageObject","inLanguage":"de","@id":"https:\/\/www.purejewels.com\/product\/22ct-gold-antique-finish-stud-10mm-49586\/#primaryimage","url":"https:\/\/static.purejewels.com\/wp-content\/uploads\/2024\/10\/SKU-49586.png","contentUrl":"https:\/\/static.purejewels.com\/wp-content\/uploads\/2024\/10\/SKU-49586.png","width":1000,"height":1000,"caption":"22ct Gold Stud Earring"},{"@type":"BreadcrumbList","@id":"https:\/\/www.purejewels.com\/product\/22ct-gold-antique-finish-stud-10mm-49586\/#breadcrumb","itemListElement":[{"@type":"ListItem","position":1,"name":"Home","item":"https:\/\/www.purejewels.com\/"},{"@type":"ListItem","position":2,"name":"Shop","item":"https:\/\/www.purejewels.com\/shop\/"},{"@type":"ListItem","position":3,"name":"22ct Gold Antique Finish Stud | Armari Collection"}]},{"@type":"WebSite","@id":"https:\/\/www.purejewels.com\/#website","url":"https:\/\/www.purejewels.com\/","name":"PureJewels UK","description":"Teile die Liebe","publisher":{"@id":"https:\/\/www.purejewels.com\/#organization"},"potentialAction":[{"@type":"SearchAction","target":{"@type":"EntryPoint","urlTemplate":"https:\/\/www.purejewels.com\/?s={search_term_string}"},"query-input":{"@type":"PropertyValueSpecification","valueRequired":true,"valueName":"search_term_string"}}],"inLanguage":"de"},{"@type":"Organization","@id":"https:\/\/www.purejewels.com\/#organization","name":"PureJewels UK","url":"https:\/\/www.purejewels.com\/","logo":{"@type":"ImageObject","inLanguage":"de","@id":"https:\/\/www.purejewels.com\/#\/schema\/logo\/image\/","url":"https:\/\/static.purejewels.com\/wp-content\/uploads\/2020\/11\/Logo-PJ-New-1.png","contentUrl":"https:\/\/static.purejewels.com\/wp-content\/uploads\/2020\/11\/Logo-PJ-New-1.png","width":150,"height":80,"caption":"PureJewels UK"},"image":{"@id":"https:\/\/www.purejewels.com\/#\/schema\/logo\/image\/"}}]}},"_links":{"self":[{"href":"https:\/\/www.purejewels.com\/de\/wp-json\/wp\/v2\/product\/374040","targetHints":{"allow":["GET"]}}],"collection":[{"href":"https:\/\/www.purejewels.com\/de\/wp-json\/wp\/v2\/product"}],"about":[{"href":"https:\/\/www.purejewels.com\/de\/wp-json\/wp\/v2\/types\/product"}],"replies":[{"embeddable":true,"href":"https:\/\/www.purejewels.com\/de\/wp-json\/wp\/v2\/comments?post=374040"}],"version-history":[{"count":4,"href":"https:\/\/www.purejewels.com\/de\/wp-json\/wp\/v2\/product\/374040\/revisions"}],"predecessor-version":[{"id":414363,"href":"https:\/\/www.purejewels.com\/de\/wp-json\/wp\/v2\/product\/374040\/revisions\/414363"}],"wp:featuredmedia":[{"embeddable":true,"href":"https:\/\/www.purejewels.com\/de\/wp-json\/wp\/v2\/media\/374611"}],"wp:attachment":[{"href":"https:\/\/www.purejewels.com\/de\/wp-json\/wp\/v2\/media?parent=374040"}],"wp:term":[{"taxonomy":"product_brand","embeddable":true,"href":"https:\/\/www.purejewels.com\/de\/wp-json\/wp\/v2\/product_brand?post=374040"},{"taxonomy":"product_cat","embeddable":true,"href":"https:\/\/www.purejewels.com\/de\/wp-json\/wp\/v2\/product_cat?post=374040"},{"taxonomy":"product_tag","embeddable":true,"href":"https:\/\/www.purejewels.com\/de\/wp-json\/wp\/v2\/product_tag?post=374040"}],"curies":[{"name":"wp","href":"https:\/\/api.w.org\/{rel}","templated":true}]}}