{"id":374087,"date":"2024-10-16T08:21:13","date_gmt":"2024-10-16T07:21:13","guid":{"rendered":"https:\/\/www.purejewels.com\/?post_type=product&#038;p=374087"},"modified":"2026-01-30T07:08:41","modified_gmt":"2026-01-30T07:08:41","slug":"22-kt-gold-armari-kollektion-stud-antik-finish-49172","status":"publish","type":"product","link":"https:\/\/www.purejewels.com\/de\/product\/22ct-gold-armari-collection-stud-antique-finish-49172\/","title":{"rendered":"22 Karat Gold Armari Collection Ohrstecker | Antike Ausf\u00fchrung"},"content":{"rendered":"<p>Wir stellen vor: unser atemberaubendes <a href=\"https:\/\/www.purejewels.com\/de\/product\/22ct-gold-jali-filigree-ring-jali-collection-31926\/\">22ct<\/a> <a href=\"https:\/\/www.purejewels.com\/de\/product\/gold-stud-earrings-42487\/\">Gold-Ohrstecker<\/a> aus der Armari-Kollektion, die in eleganter Tropfenform gefertigt sind. Jedes Paar pr\u00e4sentiert sich mit au\u00dfergew\u00f6hnlichen <a href=\"https:\/\/www.purejewels.com\/de\/a-guide-to-die-stamping\/\">Handwerkskunst<\/a>mit aufw\u00e4ndiger <a href=\"https:\/\/www.purejewels.com\/de\/armari-collection\/\">Pr\u00e4gung<\/a> Techniken und Handchialli, die eine einzigartige Textur schaffen und das Licht wundersch\u00f6n einfangen. Die filigrane Verdrahtung um die Ohrstecker herum verleiht den Ohrringen eine zus\u00e4tzliche k\u00fcnstlerische Note und macht sie zu einem echten Statement.<\/p>\n<p>Sie eignen sich perfekt f\u00fcr den Alltag und werten jedes Outfit mit einem Hauch von Raffinesse m\u00fchelos auf. Da Diwali vor der T\u00fcr steht, eignen sich diese Ohrringe auch hervorragend als Geschenk f\u00fcr die Liebsten, da sie Tradition und moderne Eleganz wunderbar miteinander verbinden.<\/p>\n<p>Feiern Sie diese festliche Jahreszeit mit einem Geschenk, das sowohl kulturelle Bedeutung als auch exquisite Handwerkskunst verk\u00f6rpert. Erg\u00e4nzen Sie Ihre Sammlung mit diesen zeitlosen Armari-Ohrringen oder \u00fcberraschen Sie noch heute einen besonderen Menschen!<\/p>\n<p>&nbsp;<\/p>\n<ul>\n<li><strong>Ethnische Anziehungskraft<\/strong>: Perfekt <strong>ethnische Ohrringe<\/strong> die das kulturelle Erbe auf wunderbare Weise widerspiegeln und somit ideal f\u00fcr traditionelle Anl\u00e4sse und Feiern sind.<\/li>\n<li><strong>Komfort<\/strong>: Sie sind leicht und sicher und damit eine bequeme Wahl f\u00fcr den ganzen Tag.<\/li>\n<li><strong>Zeitlose Anziehungskraft<\/strong>: Diese Entw\u00fcrfe sind immergr\u00fcn und haben einen sentimentalen oder kulturellen Wert.<\/li>\n<\/ul>","protected":false},"excerpt":{"rendered":"<table class=\"sh_desc\">\n<tbody>\n<tr>\n<td>Art des Ohrrings<\/td>\n<td>Ohrstecker<\/td>\n<\/tr>\n<tr>\n<td>SKU<\/td>\n<td>49172<\/td>\n<\/tr>\n<tr>\n<td>Gewicht<\/td>\n<td>3.0 Gms<\/td>\n<\/tr>\n<tr>\n<td>Oberfl\u00e4che<\/td>\n<td>Antike_Matte<\/td>\n<\/tr>\n<tr>\n<td>Geschlecht<\/td>\n<td>Damen<\/td>\n<\/tr>\n<tr>\n<td>Sammlung<\/td>\n<td><strong>Sammlung Armari<\/strong><\/td>\n<\/tr>\n<tr>\n<td>Metall<\/td>\n<td>22ct Gold<\/td>\n<\/tr>\n<tr>\n<td>Entgelte<\/td>\n<td>Lieferung und Mehrwertsteuer inbegriffen<\/td>\n<\/tr>\n<tr>\n<td>Verpackung<\/td>\n<td>Mit Pr\u00e4sentationsbox<\/td>\n<\/tr>\n<tr>\n<td>Mehr Informationen<\/td>\n<td>Live-Chat mit uns f\u00fcr Verf\u00fcgbarkeit und mehr Bilder<\/td>\n<\/tr>\n<\/tbody>\n<\/table>","protected":false},"featured_media":374493,"comment_status":"closed","ping_status":"closed","template":"","meta":{"_eb_attr":"","_crsspst_to_jayantr4sg-hostcom":false},"product_brand":[],"product_cat":[1791,245,5639,6143,1559,236,1793,1254,1229,5344,1577,1573,1574,5349],"product_tag":[],"class_list":{"0":"post-374087","1":"product","2":"type-product","3":"status-publish","4":"has-post-thumbnail","6":"product_cat-anniversary-gifts","7":"product_cat-armari-collections","8":"product_cat-armari-earring","9":"product_cat-armari-stud-earrings","10":"product_cat-birthday-gifts","11":"product_cat-collections","12":"product_cat-diwali-gifts","13":"product_cat-gold-earrings","14":"product_cat-22ct-gold-jewellery","15":"product_cat-jewellery-under-750","16":"product_cat-stud-earrings","17":"product_cat-wedding-gifts","18":"product_cat-womens-jewellery","19":"product_cat-yellow-gold-jewellery","21":"first","22":"instock","23":"taxable","24":"shipping-taxable","25":"purchasable","26":"product-type-simple","27":"add-to-wishlist-before_image"},"yoast_head":"<!-- This site is optimized with the Yoast SEO plugin v27.5 - https:\/\/yoast.com\/product\/yoast-seo-wordpress\/ -->\n<title>Antique Finish stud earrings in 22ct Gold | Purejewels UK<\/title>\n<meta name=\"description\" content=\"&quot;Discover the elegance of the 22ct Gold Armari Collection Earring, weighing 3 grams. Perfectly crafted for timeless beauty, these earrings add a touch of sophistication to every occasion.&quot;\" \/>\n<meta name=\"robots\" content=\"index, follow, max-snippet:-1, max-image-preview:large, max-video-preview:-1\" \/>\n<link rel=\"canonical\" href=\"https:\/\/www.purejewels.com\/de\/produkt-2\/22-kt-gold-armari-kollektion-stud-antik-finish-49172\/\" \/>\n<meta property=\"og:locale\" content=\"de_DE\" \/>\n<meta property=\"og:type\" content=\"article\" \/>\n<meta property=\"og:title\" content=\"Antique Finish stud earrings in 22ct Gold | Purejewels UK\" \/>\n<meta property=\"og:description\" content=\"&quot;Discover the elegance of the 22ct Gold Armari Collection Earring, weighing 3 grams. Perfectly crafted for timeless beauty, these earrings add a touch of sophistication to every occasion.&quot;\" \/>\n<meta property=\"og:url\" content=\"https:\/\/www.purejewels.com\/de\/produkt-2\/22-kt-gold-armari-kollektion-stud-antik-finish-49172\/\" \/>\n<meta property=\"og:site_name\" content=\"PureJewels UK\" \/>\n<meta property=\"article:modified_time\" content=\"2026-01-30T07:08:41+00:00\" \/>\n<meta property=\"og:image\" content=\"https:\/\/static.purejewels.com\/wp-content\/uploads\/2024\/10\/SKU-49172.png\" \/>\n\t<meta property=\"og:image:width\" content=\"1000\" \/>\n\t<meta property=\"og:image:height\" content=\"1000\" \/>\n\t<meta property=\"og:image:type\" content=\"image\/png\" \/>\n<meta name=\"twitter:card\" content=\"summary_large_image\" \/>\n<meta name=\"twitter:label1\" content=\"Gesch\u00e4tzte Lesezeit\" \/>\n\t<meta name=\"twitter:data1\" content=\"1\u00a0Minute\" \/>\n<script type=\"application\/ld+json\" class=\"yoast-schema-graph\">{\"@context\":\"https:\\\/\\\/schema.org\",\"@graph\":[{\"@type\":[\"WebPage\",\"ItemPage\"],\"@id\":\"https:\\\/\\\/www.purejewels.com\\\/product\\\/22ct-gold-armari-collection-stud-antique-finish-49172\\\/\",\"url\":\"https:\\\/\\\/www.purejewels.com\\\/product\\\/22ct-gold-armari-collection-stud-antique-finish-49172\\\/\",\"name\":\"Antique Finish stud earrings in 22ct Gold | Purejewels UK\",\"isPartOf\":{\"@id\":\"https:\\\/\\\/www.purejewels.com\\\/#website\"},\"primaryImageOfPage\":{\"@id\":\"https:\\\/\\\/www.purejewels.com\\\/product\\\/22ct-gold-armari-collection-stud-antique-finish-49172\\\/#primaryimage\"},\"image\":{\"@id\":\"https:\\\/\\\/www.purejewels.com\\\/product\\\/22ct-gold-armari-collection-stud-antique-finish-49172\\\/#primaryimage\"},\"thumbnailUrl\":\"https:\\\/\\\/static.purejewels.com\\\/wp-content\\\/uploads\\\/2024\\\/10\\\/SKU-49172.png\",\"datePublished\":\"2024-10-16T07:21:13+00:00\",\"dateModified\":\"2026-01-30T07:08:41+00:00\",\"description\":\"\\\"Discover the elegance of the 22ct Gold Armari Collection Earring, weighing 3 grams. Perfectly crafted for timeless beauty, these earrings add a touch of sophistication to every occasion.\\\"\",\"breadcrumb\":{\"@id\":\"https:\\\/\\\/www.purejewels.com\\\/product\\\/22ct-gold-armari-collection-stud-antique-finish-49172\\\/#breadcrumb\"},\"inLanguage\":\"de\",\"potentialAction\":[{\"@type\":\"ReadAction\",\"target\":[\"https:\\\/\\\/www.purejewels.com\\\/product\\\/22ct-gold-armari-collection-stud-antique-finish-49172\\\/\"]}]},{\"@type\":\"ImageObject\",\"inLanguage\":\"de\",\"@id\":\"https:\\\/\\\/www.purejewels.com\\\/product\\\/22ct-gold-armari-collection-stud-antique-finish-49172\\\/#primaryimage\",\"url\":\"https:\\\/\\\/static.purejewels.com\\\/wp-content\\\/uploads\\\/2024\\\/10\\\/SKU-49172.png\",\"contentUrl\":\"https:\\\/\\\/static.purejewels.com\\\/wp-content\\\/uploads\\\/2024\\\/10\\\/SKU-49172.png\",\"width\":1000,\"height\":1000,\"caption\":\"22ct gold earrings\"},{\"@type\":\"BreadcrumbList\",\"@id\":\"https:\\\/\\\/www.purejewels.com\\\/product\\\/22ct-gold-armari-collection-stud-antique-finish-49172\\\/#breadcrumb\",\"itemListElement\":[{\"@type\":\"ListItem\",\"position\":1,\"name\":\"Home\",\"item\":\"https:\\\/\\\/www.purejewels.com\\\/\"},{\"@type\":\"ListItem\",\"position\":2,\"name\":\"Shop\",\"item\":\"https:\\\/\\\/www.purejewels.com\\\/shop\\\/\"},{\"@type\":\"ListItem\",\"position\":3,\"name\":\"22ct Gold Armari Collection Stud | Antique finish\"}]},{\"@type\":\"WebSite\",\"@id\":\"https:\\\/\\\/www.purejewels.com\\\/#website\",\"url\":\"https:\\\/\\\/www.purejewels.com\\\/\",\"name\":\"PureJewels UK\",\"description\":\"Share the Love\",\"publisher\":{\"@id\":\"https:\\\/\\\/www.purejewels.com\\\/#organization\"},\"potentialAction\":[{\"@type\":\"SearchAction\",\"target\":{\"@type\":\"EntryPoint\",\"urlTemplate\":\"https:\\\/\\\/www.purejewels.com\\\/?s={search_term_string}\"},\"query-input\":{\"@type\":\"PropertyValueSpecification\",\"valueRequired\":true,\"valueName\":\"search_term_string\"}}],\"inLanguage\":\"de\"},{\"@type\":\"Organization\",\"@id\":\"https:\\\/\\\/www.purejewels.com\\\/#organization\",\"name\":\"PureJewels UK\",\"url\":\"https:\\\/\\\/www.purejewels.com\\\/\",\"logo\":{\"@type\":\"ImageObject\",\"inLanguage\":\"de\",\"@id\":\"https:\\\/\\\/www.purejewels.com\\\/#\\\/schema\\\/logo\\\/image\\\/\",\"url\":\"https:\\\/\\\/static.purejewels.com\\\/wp-content\\\/uploads\\\/2020\\\/11\\\/Logo-PJ-New-1.png\",\"contentUrl\":\"https:\\\/\\\/static.purejewels.com\\\/wp-content\\\/uploads\\\/2020\\\/11\\\/Logo-PJ-New-1.png\",\"width\":150,\"height\":80,\"caption\":\"PureJewels UK\"},\"image\":{\"@id\":\"https:\\\/\\\/www.purejewels.com\\\/#\\\/schema\\\/logo\\\/image\\\/\"}}]}<\/script>\n<!-- \/ Yoast SEO plugin. -->","yoast_head_json":{"title":"Antike Finish Ohrstecker in 22ct Gold | Purejewels UK","description":"\"Entdecken Sie die Eleganz der Armari Collection Ohrringe aus 22 Karat Gold mit einem Gewicht von 3 Gramm. Diese perfekt gearbeiteten Ohrringe sind zeitlos sch\\u00f6n und verleihen jedem Anlass einen Hauch von Raffinesse.\"","robots":{"index":"index","follow":"follow","max-snippet":"max-snippet:-1","max-image-preview":"max-image-preview:large","max-video-preview":"max-video-preview:-1"},"canonical":"https:\/\/www.purejewels.com\/de\/produkt-2\/22-kt-gold-armari-kollektion-stud-antik-finish-49172\/","og_locale":"de_DE","og_type":"article","og_title":"Antique Finish stud earrings in 22ct Gold | Purejewels UK","og_description":"\"Discover the elegance of the 22ct Gold Armari Collection Earring, weighing 3 grams. Perfectly crafted for timeless beauty, these earrings add a touch of sophistication to every occasion.\"","og_url":"https:\/\/www.purejewels.com\/de\/produkt-2\/22-kt-gold-armari-kollektion-stud-antik-finish-49172\/","og_site_name":"PureJewels UK","article_modified_time":"2026-01-30T07:08:41+00:00","og_image":[{"width":1000,"height":1000,"url":"https:\/\/static.purejewels.com\/wp-content\/uploads\/2024\/10\/SKU-49172.png","type":"image\/png"}],"twitter_card":"summary_large_image","twitter_misc":{"Gesch\u00e4tzte Lesezeit":"1\u00a0Minute"},"schema":{"@context":"https:\/\/schema.org","@graph":[{"@type":["WebPage","ItemPage"],"@id":"https:\/\/www.purejewels.com\/product\/22ct-gold-armari-collection-stud-antique-finish-49172\/","url":"https:\/\/www.purejewels.com\/product\/22ct-gold-armari-collection-stud-antique-finish-49172\/","name":"Antike Finish Ohrstecker in 22ct Gold | Purejewels UK","isPartOf":{"@id":"https:\/\/www.purejewels.com\/#website"},"primaryImageOfPage":{"@id":"https:\/\/www.purejewels.com\/product\/22ct-gold-armari-collection-stud-antique-finish-49172\/#primaryimage"},"image":{"@id":"https:\/\/www.purejewels.com\/product\/22ct-gold-armari-collection-stud-antique-finish-49172\/#primaryimage"},"thumbnailUrl":"https:\/\/static.purejewels.com\/wp-content\/uploads\/2024\/10\/SKU-49172.png","datePublished":"2024-10-16T07:21:13+00:00","dateModified":"2026-01-30T07:08:41+00:00","description":"\"Entdecken Sie die Eleganz der Armari Collection Ohrringe aus 22 Karat Gold mit einem Gewicht von 3 Gramm. Diese perfekt gearbeiteten Ohrringe sind zeitlos sch\\u00f6n und verleihen jedem Anlass einen Hauch von Raffinesse.\"","breadcrumb":{"@id":"https:\/\/www.purejewels.com\/product\/22ct-gold-armari-collection-stud-antique-finish-49172\/#breadcrumb"},"inLanguage":"de","potentialAction":[{"@type":"ReadAction","target":["https:\/\/www.purejewels.com\/product\/22ct-gold-armari-collection-stud-antique-finish-49172\/"]}]},{"@type":"ImageObject","inLanguage":"de","@id":"https:\/\/www.purejewels.com\/product\/22ct-gold-armari-collection-stud-antique-finish-49172\/#primaryimage","url":"https:\/\/static.purejewels.com\/wp-content\/uploads\/2024\/10\/SKU-49172.png","contentUrl":"https:\/\/static.purejewels.com\/wp-content\/uploads\/2024\/10\/SKU-49172.png","width":1000,"height":1000,"caption":"22ct gold earrings"},{"@type":"BreadcrumbList","@id":"https:\/\/www.purejewels.com\/product\/22ct-gold-armari-collection-stud-antique-finish-49172\/#breadcrumb","itemListElement":[{"@type":"ListItem","position":1,"name":"Home","item":"https:\/\/www.purejewels.com\/"},{"@type":"ListItem","position":2,"name":"Shop","item":"https:\/\/www.purejewels.com\/shop\/"},{"@type":"ListItem","position":3,"name":"22ct Gold Armari Collection Stud | Antique finish"}]},{"@type":"WebSite","@id":"https:\/\/www.purejewels.com\/#website","url":"https:\/\/www.purejewels.com\/","name":"PureJewels UK","description":"Teile die Liebe","publisher":{"@id":"https:\/\/www.purejewels.com\/#organization"},"potentialAction":[{"@type":"SearchAction","target":{"@type":"EntryPoint","urlTemplate":"https:\/\/www.purejewels.com\/?s={search_term_string}"},"query-input":{"@type":"PropertyValueSpecification","valueRequired":true,"valueName":"search_term_string"}}],"inLanguage":"de"},{"@type":"Organization","@id":"https:\/\/www.purejewels.com\/#organization","name":"PureJewels UK","url":"https:\/\/www.purejewels.com\/","logo":{"@type":"ImageObject","inLanguage":"de","@id":"https:\/\/www.purejewels.com\/#\/schema\/logo\/image\/","url":"https:\/\/static.purejewels.com\/wp-content\/uploads\/2020\/11\/Logo-PJ-New-1.png","contentUrl":"https:\/\/static.purejewels.com\/wp-content\/uploads\/2020\/11\/Logo-PJ-New-1.png","width":150,"height":80,"caption":"PureJewels UK"},"image":{"@id":"https:\/\/www.purejewels.com\/#\/schema\/logo\/image\/"}}]}},"_links":{"self":[{"href":"https:\/\/www.purejewels.com\/de\/wp-json\/wp\/v2\/product\/374087","targetHints":{"allow":["GET"]}}],"collection":[{"href":"https:\/\/www.purejewels.com\/de\/wp-json\/wp\/v2\/product"}],"about":[{"href":"https:\/\/www.purejewels.com\/de\/wp-json\/wp\/v2\/types\/product"}],"replies":[{"embeddable":true,"href":"https:\/\/www.purejewels.com\/de\/wp-json\/wp\/v2\/comments?post=374087"}],"version-history":[{"count":4,"href":"https:\/\/www.purejewels.com\/de\/wp-json\/wp\/v2\/product\/374087\/revisions"}],"predecessor-version":[{"id":391790,"href":"https:\/\/www.purejewels.com\/de\/wp-json\/wp\/v2\/product\/374087\/revisions\/391790"}],"wp:featuredmedia":[{"embeddable":true,"href":"https:\/\/www.purejewels.com\/de\/wp-json\/wp\/v2\/media\/374493"}],"wp:attachment":[{"href":"https:\/\/www.purejewels.com\/de\/wp-json\/wp\/v2\/media?parent=374087"}],"wp:term":[{"taxonomy":"product_brand","embeddable":true,"href":"https:\/\/www.purejewels.com\/de\/wp-json\/wp\/v2\/product_brand?post=374087"},{"taxonomy":"product_cat","embeddable":true,"href":"https:\/\/www.purejewels.com\/de\/wp-json\/wp\/v2\/product_cat?post=374087"},{"taxonomy":"product_tag","embeddable":true,"href":"https:\/\/www.purejewels.com\/de\/wp-json\/wp\/v2\/product_tag?post=374087"}],"curies":[{"name":"wp","href":"https:\/\/api.w.org\/{rel}","templated":true}]}}