{"id":374184,"date":"2024-10-17T10:55:24","date_gmt":"2024-10-17T09:55:24","guid":{"rendered":"https:\/\/www.purejewels.com\/?post_type=product&#038;p=374184"},"modified":"2026-01-28T06:45:04","modified_gmt":"2026-01-28T06:45:04","slug":"22-kt-gold-ohrringe-mit-cz-49447","status":"publish","type":"product","link":"https:\/\/www.purejewels.com\/de\/product\/22ct-gold-earrings-with-cz-49447\/","title":{"rendered":"22ct Gold Ohrringe mit CZ Steinen"},"content":{"rendered":"<ul>\n<li>Wir stellen vor: unser exquisites <a href=\"https:\/\/www.purejewels.com\/de\/product\/22ct-gold-earrings-rose-gold-finsih-41790\/\">Ohrringe aus 22 Karat Gold<\/a> in einem wundersch\u00f6nen Ros\u00e9goldton, verziert mit schimmernden Zirkoniasteinen (CZ), erh\u00e4ltlich bei Purejewels UK. Diese Ohrringe vereinen m\u00fchelos Eleganz und modernen Stil, was sie zum perfekten Accessoire f\u00fcr besondere Anl\u00e4sse und den Alltag macht.<\/li>\n<li>Gefertigt aus hochwertigem <a href=\"https:\/\/www.purejewels.com\/de\/product\/22ct-gold-jali-filigree-ring-jali-collection-31926\/\">22ct<\/a> Gold bieten die Ohrringe ein luxuri\u00f6ses Finish, das die warmen T\u00f6ne von Ros\u00e9gold erg\u00e4nzt. Die funkelnden CZ-Steine fangen das Licht bei jeder Bewegung ein und sorgen daf\u00fcr, dass Sie in jeder Umgebung auffallen. Ganz gleich, ob Sie sich f\u00fcr eine Hochzeit oder eine festliche Feier herausputzen oder einfach Ihr Alltagsoutfit aufwerten m\u00f6chten, diese Ohrringe sind vielseitig genug, um zu jedem Anlass zu passen.<\/li>\n<li>Sie sind leicht und bequem und k\u00f6nnen den ganzen Tag \u00fcber getragen werden, ohne auf Stil zu verzichten. Kombinieren Sie sie mit einem formellen Kleid oder Ihrem liebsten Freizeitoutfit f\u00fcr einen eleganten Look. Diese Ohrringe sind auch ein sch\u00f6nes Geschenk f\u00fcr liebe Menschen, perfekt f\u00fcr Geburtstage, Jahrestage oder einfach nur so.<\/li>\n<li>Entdecken Sie die Sch\u00f6nheit und <a href=\"https:\/\/www.purejewels.com\/de\/a-guide-to-die-stamping\/\">Handwerkskunst<\/a> Unserer <a href=\"https:\/\/www.purejewels.com\/de\/product\/holy-cross-gold-pendant-44713\/\">22 Karat Gold<\/a> Ohrringe in Ros\u00e9gold mit CZ-Steinen bei Purejewels UK. Werten Sie Ihre Schmuckkollektion mit diesem zeitlosen St\u00fcck auf, das Eleganz und Raffinesse verk\u00f6rpert!<\/li>\n<\/ul>","protected":false},"excerpt":{"rendered":"<div class=\"woocommerce-product-details__short-description\">\n<table class=\"sh_desc\">\n<tbody>\n<tr>\n<td>Art des Ohrrings<\/td>\n<td>Ohrstecker<\/td>\n<\/tr>\n<tr>\n<td>SKU<\/td>\n<td>49447<\/td>\n<\/tr>\n<tr>\n<td>Gewicht<\/td>\n<td>5.7 Gms<\/td>\n<\/tr>\n<tr>\n<td>Geschlecht<\/td>\n<td>Damen<\/td>\n<\/tr>\n<tr>\n<td>Art des Steins<\/td>\n<td>CZ Stein<\/td>\n<\/tr>\n<tr>\n<td>Metall<\/td>\n<td>22ct Gold<\/td>\n<\/tr>\n<tr>\n<td>Entgelte<\/td>\n<td>Lieferung und Mehrwertsteuer inbegriffen<\/td>\n<\/tr>\n<tr>\n<td>Verpackung<\/td>\n<td>Mit Pr\u00e4sentationsbox<\/td>\n<\/tr>\n<tr>\n<td>Mehr Informationen<\/td>\n<td>\n<ul>\n<li>Live-Chat mit uns f\u00fcr Verf\u00fcgbarkeit und mehr Bilder<\/li>\n<li>Entdecken Sie unsere Diwali-Schmuckkollektion<\/li>\n<\/ul>\n<\/td>\n<\/tr>\n<\/tbody>\n<\/table>\n<\/div>\n<div class=\"btn-atc atc-slide\"><\/div>\n<div class=\"product_meta\"><\/div>","protected":false},"featured_media":374235,"comment_status":"closed","ping_status":"closed","template":"","meta":{"_eb_attr":"","_crsspst_to_jayantr4sg-hostcom":false},"product_brand":[],"product_cat":[5682,1791,1793,1685,5701,1792,1254,1229,5347,1570,5354,1573,1574],"product_tag":[66],"class_list":{"0":"post-374184","1":"product","2":"type-product","3":"status-publish","4":"has-post-thumbnail","6":"product_cat-22ct-gold-multi-cz-earrring","7":"product_cat-anniversary-gifts","8":"product_cat-diwali-gifts","9":"product_cat-drop-earrings","10":"product_cat-eid-jewellery","11":"product_cat-festival-gifts","12":"product_cat-gold-earrings","13":"product_cat-22ct-gold-jewellery","14":"product_cat-shop-by-metal","15":"product_cat-mothers-day-gifts","16":"product_cat-rose-gold-jewellery","17":"product_cat-wedding-gifts","18":"product_cat-womens-jewellery","19":"product_tag-earrings","21":"first","22":"instock","23":"taxable","24":"shipping-taxable","25":"purchasable","26":"product-type-simple","27":"add-to-wishlist-before_image"},"yoast_head":"<!-- This site is optimized with the Yoast SEO plugin v27.3 - https:\/\/yoast.com\/product\/yoast-seo-wordpress\/ -->\n<title>22ct Gold Earrings with CZ stones| Buy Online UK<\/title>\n<meta name=\"description\" content=\"Discover the perfect sparkle this holiday season with our Christmas jewelry collection! From timeless gold pieces to festive designs, find dazzling gifts for your loved ones\" \/>\n<meta name=\"robots\" content=\"index, follow, max-snippet:-1, max-image-preview:large, max-video-preview:-1\" \/>\n<link rel=\"canonical\" href=\"https:\/\/www.purejewels.com\/de\/produkt-2\/22-kt-gold-ohrringe-mit-cz-49447\/\" \/>\n<meta property=\"og:locale\" content=\"de_DE\" \/>\n<meta property=\"og:type\" content=\"article\" \/>\n<meta property=\"og:title\" content=\"22ct Gold Earrings with CZ stones| Buy Online UK\" \/>\n<meta property=\"og:description\" content=\"Discover the perfect sparkle this holiday season with our Christmas jewelry collection! From timeless gold pieces to festive designs, find dazzling gifts for your loved ones\" \/>\n<meta property=\"og:url\" content=\"https:\/\/www.purejewels.com\/de\/produkt-2\/22-kt-gold-ohrringe-mit-cz-49447\/\" \/>\n<meta property=\"og:site_name\" content=\"PureJewels UK\" \/>\n<meta property=\"article:modified_time\" content=\"2026-01-28T06:45:04+00:00\" \/>\n<meta property=\"og:image\" content=\"https:\/\/static.purejewels.com\/wp-content\/uploads\/2024\/10\/SKU-49447.png\" \/>\n\t<meta property=\"og:image:width\" content=\"1000\" \/>\n\t<meta property=\"og:image:height\" content=\"1000\" \/>\n\t<meta property=\"og:image:type\" content=\"image\/png\" \/>\n<meta name=\"twitter:card\" content=\"summary_large_image\" \/>\n<meta name=\"twitter:label1\" content=\"Gesch\u00e4tzte Lesezeit\" \/>\n\t<meta name=\"twitter:data1\" content=\"2\u00a0Minuten\" \/>\n<script type=\"application\/ld+json\" class=\"yoast-schema-graph\">{\"@context\":\"https:\\\/\\\/schema.org\",\"@graph\":[{\"@type\":[\"WebPage\",\"ItemPage\"],\"@id\":\"https:\\\/\\\/www.purejewels.com\\\/product\\\/22ct-gold-earrings-with-cz-49447\\\/\",\"url\":\"https:\\\/\\\/www.purejewels.com\\\/product\\\/22ct-gold-earrings-with-cz-49447\\\/\",\"name\":\"22ct Gold Earrings with CZ stones| Buy Online UK\",\"isPartOf\":{\"@id\":\"https:\\\/\\\/www.purejewels.com\\\/#website\"},\"primaryImageOfPage\":{\"@id\":\"https:\\\/\\\/www.purejewels.com\\\/product\\\/22ct-gold-earrings-with-cz-49447\\\/#primaryimage\"},\"image\":{\"@id\":\"https:\\\/\\\/www.purejewels.com\\\/product\\\/22ct-gold-earrings-with-cz-49447\\\/#primaryimage\"},\"thumbnailUrl\":\"https:\\\/\\\/static.purejewels.com\\\/wp-content\\\/uploads\\\/2024\\\/10\\\/SKU-49447.png\",\"datePublished\":\"2024-10-17T09:55:24+00:00\",\"dateModified\":\"2026-01-28T06:45:04+00:00\",\"description\":\"Discover the perfect sparkle this holiday season with our Christmas jewelry collection! From timeless gold pieces to festive designs, find dazzling gifts for your loved ones\",\"breadcrumb\":{\"@id\":\"https:\\\/\\\/www.purejewels.com\\\/product\\\/22ct-gold-earrings-with-cz-49447\\\/#breadcrumb\"},\"inLanguage\":\"de\",\"potentialAction\":[{\"@type\":\"ReadAction\",\"target\":[\"https:\\\/\\\/www.purejewels.com\\\/product\\\/22ct-gold-earrings-with-cz-49447\\\/\"]}]},{\"@type\":\"ImageObject\",\"inLanguage\":\"de\",\"@id\":\"https:\\\/\\\/www.purejewels.com\\\/product\\\/22ct-gold-earrings-with-cz-49447\\\/#primaryimage\",\"url\":\"https:\\\/\\\/static.purejewels.com\\\/wp-content\\\/uploads\\\/2024\\\/10\\\/SKU-49447.png\",\"contentUrl\":\"https:\\\/\\\/static.purejewels.com\\\/wp-content\\\/uploads\\\/2024\\\/10\\\/SKU-49447.png\",\"width\":1000,\"height\":1000,\"caption\":\"22ct Gold Earring\"},{\"@type\":\"BreadcrumbList\",\"@id\":\"https:\\\/\\\/www.purejewels.com\\\/product\\\/22ct-gold-earrings-with-cz-49447\\\/#breadcrumb\",\"itemListElement\":[{\"@type\":\"ListItem\",\"position\":1,\"name\":\"Home\",\"item\":\"https:\\\/\\\/www.purejewels.com\\\/\"},{\"@type\":\"ListItem\",\"position\":2,\"name\":\"Shop\",\"item\":\"https:\\\/\\\/www.purejewels.com\\\/shop\\\/\"},{\"@type\":\"ListItem\",\"position\":3,\"name\":\"22ct Gold Earrings with CZ stones\"}]},{\"@type\":\"WebSite\",\"@id\":\"https:\\\/\\\/www.purejewels.com\\\/#website\",\"url\":\"https:\\\/\\\/www.purejewels.com\\\/\",\"name\":\"PureJewels UK\",\"description\":\"Share the Love\",\"publisher\":{\"@id\":\"https:\\\/\\\/www.purejewels.com\\\/#organization\"},\"potentialAction\":[{\"@type\":\"SearchAction\",\"target\":{\"@type\":\"EntryPoint\",\"urlTemplate\":\"https:\\\/\\\/www.purejewels.com\\\/?s={search_term_string}\"},\"query-input\":{\"@type\":\"PropertyValueSpecification\",\"valueRequired\":true,\"valueName\":\"search_term_string\"}}],\"inLanguage\":\"de\"},{\"@type\":\"Organization\",\"@id\":\"https:\\\/\\\/www.purejewels.com\\\/#organization\",\"name\":\"PureJewels UK\",\"url\":\"https:\\\/\\\/www.purejewels.com\\\/\",\"logo\":{\"@type\":\"ImageObject\",\"inLanguage\":\"de\",\"@id\":\"https:\\\/\\\/www.purejewels.com\\\/#\\\/schema\\\/logo\\\/image\\\/\",\"url\":\"https:\\\/\\\/static.purejewels.com\\\/wp-content\\\/uploads\\\/2020\\\/11\\\/Logo-PJ-New-1.png\",\"contentUrl\":\"https:\\\/\\\/static.purejewels.com\\\/wp-content\\\/uploads\\\/2020\\\/11\\\/Logo-PJ-New-1.png\",\"width\":150,\"height\":80,\"caption\":\"PureJewels UK\"},\"image\":{\"@id\":\"https:\\\/\\\/www.purejewels.com\\\/#\\\/schema\\\/logo\\\/image\\\/\"}}]}<\/script>\n<!-- \/ Yoast SEO plugin. -->","yoast_head_json":{"title":"22ct Gold Ohrringe mit CZ Steinen| Online kaufen UK","description":"Entdecken Sie mit unserer Weihnachtsschmuck-Kollektion das perfekte Funkeln in der Weihnachtszeit! Von zeitlosen Goldschmuckst\u00fccken bis hin zu festlichen Designs - finden Sie schillernde Geschenke f\u00fcr Ihre Liebsten","robots":{"index":"index","follow":"follow","max-snippet":"max-snippet:-1","max-image-preview":"max-image-preview:large","max-video-preview":"max-video-preview:-1"},"canonical":"https:\/\/www.purejewels.com\/de\/produkt-2\/22-kt-gold-ohrringe-mit-cz-49447\/","og_locale":"de_DE","og_type":"article","og_title":"22ct Gold Earrings with CZ stones| Buy Online UK","og_description":"Discover the perfect sparkle this holiday season with our Christmas jewelry collection! From timeless gold pieces to festive designs, find dazzling gifts for your loved ones","og_url":"https:\/\/www.purejewels.com\/de\/produkt-2\/22-kt-gold-ohrringe-mit-cz-49447\/","og_site_name":"PureJewels UK","article_modified_time":"2026-01-28T06:45:04+00:00","og_image":[{"width":1000,"height":1000,"url":"https:\/\/static.purejewels.com\/wp-content\/uploads\/2024\/10\/SKU-49447.png","type":"image\/png"}],"twitter_card":"summary_large_image","twitter_misc":{"Gesch\u00e4tzte Lesezeit":"2\u00a0Minuten"},"schema":{"@context":"https:\/\/schema.org","@graph":[{"@type":["WebPage","ItemPage"],"@id":"https:\/\/www.purejewels.com\/product\/22ct-gold-earrings-with-cz-49447\/","url":"https:\/\/www.purejewels.com\/product\/22ct-gold-earrings-with-cz-49447\/","name":"22ct Gold Ohrringe mit CZ Steinen| Online kaufen UK","isPartOf":{"@id":"https:\/\/www.purejewels.com\/#website"},"primaryImageOfPage":{"@id":"https:\/\/www.purejewels.com\/product\/22ct-gold-earrings-with-cz-49447\/#primaryimage"},"image":{"@id":"https:\/\/www.purejewels.com\/product\/22ct-gold-earrings-with-cz-49447\/#primaryimage"},"thumbnailUrl":"https:\/\/static.purejewels.com\/wp-content\/uploads\/2024\/10\/SKU-49447.png","datePublished":"2024-10-17T09:55:24+00:00","dateModified":"2026-01-28T06:45:04+00:00","description":"Entdecken Sie mit unserer Weihnachtsschmuck-Kollektion das perfekte Funkeln in der Weihnachtszeit! Von zeitlosen Goldschmuckst\u00fccken bis hin zu festlichen Designs - finden Sie schillernde Geschenke f\u00fcr Ihre Liebsten","breadcrumb":{"@id":"https:\/\/www.purejewels.com\/product\/22ct-gold-earrings-with-cz-49447\/#breadcrumb"},"inLanguage":"de","potentialAction":[{"@type":"ReadAction","target":["https:\/\/www.purejewels.com\/product\/22ct-gold-earrings-with-cz-49447\/"]}]},{"@type":"ImageObject","inLanguage":"de","@id":"https:\/\/www.purejewels.com\/product\/22ct-gold-earrings-with-cz-49447\/#primaryimage","url":"https:\/\/static.purejewels.com\/wp-content\/uploads\/2024\/10\/SKU-49447.png","contentUrl":"https:\/\/static.purejewels.com\/wp-content\/uploads\/2024\/10\/SKU-49447.png","width":1000,"height":1000,"caption":"22ct Gold Earring"},{"@type":"BreadcrumbList","@id":"https:\/\/www.purejewels.com\/product\/22ct-gold-earrings-with-cz-49447\/#breadcrumb","itemListElement":[{"@type":"ListItem","position":1,"name":"Home","item":"https:\/\/www.purejewels.com\/"},{"@type":"ListItem","position":2,"name":"Shop","item":"https:\/\/www.purejewels.com\/shop\/"},{"@type":"ListItem","position":3,"name":"22ct Gold Earrings with CZ stones"}]},{"@type":"WebSite","@id":"https:\/\/www.purejewels.com\/#website","url":"https:\/\/www.purejewels.com\/","name":"PureJewels UK","description":"Teile die Liebe","publisher":{"@id":"https:\/\/www.purejewels.com\/#organization"},"potentialAction":[{"@type":"SearchAction","target":{"@type":"EntryPoint","urlTemplate":"https:\/\/www.purejewels.com\/?s={search_term_string}"},"query-input":{"@type":"PropertyValueSpecification","valueRequired":true,"valueName":"search_term_string"}}],"inLanguage":"de"},{"@type":"Organization","@id":"https:\/\/www.purejewels.com\/#organization","name":"PureJewels UK","url":"https:\/\/www.purejewels.com\/","logo":{"@type":"ImageObject","inLanguage":"de","@id":"https:\/\/www.purejewels.com\/#\/schema\/logo\/image\/","url":"https:\/\/static.purejewels.com\/wp-content\/uploads\/2020\/11\/Logo-PJ-New-1.png","contentUrl":"https:\/\/static.purejewels.com\/wp-content\/uploads\/2020\/11\/Logo-PJ-New-1.png","width":150,"height":80,"caption":"PureJewels UK"},"image":{"@id":"https:\/\/www.purejewels.com\/#\/schema\/logo\/image\/"}}]}},"_links":{"self":[{"href":"https:\/\/www.purejewels.com\/de\/wp-json\/wp\/v2\/product\/374184","targetHints":{"allow":["GET"]}}],"collection":[{"href":"https:\/\/www.purejewels.com\/de\/wp-json\/wp\/v2\/product"}],"about":[{"href":"https:\/\/www.purejewels.com\/de\/wp-json\/wp\/v2\/types\/product"}],"replies":[{"embeddable":true,"href":"https:\/\/www.purejewels.com\/de\/wp-json\/wp\/v2\/comments?post=374184"}],"version-history":[{"count":3,"href":"https:\/\/www.purejewels.com\/de\/wp-json\/wp\/v2\/product\/374184\/revisions"}],"predecessor-version":[{"id":420759,"href":"https:\/\/www.purejewels.com\/de\/wp-json\/wp\/v2\/product\/374184\/revisions\/420759"}],"wp:featuredmedia":[{"embeddable":true,"href":"https:\/\/www.purejewels.com\/de\/wp-json\/wp\/v2\/media\/374235"}],"wp:attachment":[{"href":"https:\/\/www.purejewels.com\/de\/wp-json\/wp\/v2\/media?parent=374184"}],"wp:term":[{"taxonomy":"product_brand","embeddable":true,"href":"https:\/\/www.purejewels.com\/de\/wp-json\/wp\/v2\/product_brand?post=374184"},{"taxonomy":"product_cat","embeddable":true,"href":"https:\/\/www.purejewels.com\/de\/wp-json\/wp\/v2\/product_cat?post=374184"},{"taxonomy":"product_tag","embeddable":true,"href":"https:\/\/www.purejewels.com\/de\/wp-json\/wp\/v2\/product_tag?post=374184"}],"curies":[{"name":"wp","href":"https:\/\/api.w.org\/{rel}","templated":true}]}}