{"id":374326,"date":"2024-11-10T05:58:40","date_gmt":"2024-11-10T05:58:40","guid":{"rendered":"https:\/\/www.purejewels.com\/?post_type=product&#038;p=374326"},"modified":"2026-01-06T08:09:32","modified_gmt":"2026-01-06T08:09:32","slug":"pfau-armari-anhanger-aus-22-karat-gold-mit-emaille-49584","status":"publish","type":"product","link":"https:\/\/www.purejewels.com\/de\/product\/22ct-gold-peacock-armari-pendant-with-enamel-49584\/","title":{"rendered":"22ct Gold Pfau-Armari-Anh\u00e4nger mit Emaille"},"content":{"rendered":"<p data-sourcepos=\"3:1-3:313\"><strong>Erh\u00f6hen Sie Ihren Stil mit diesem exquisiten <a href=\"https:\/\/www.purejewels.com\/de\/product\/22ct-gold-jali-filigree-ring-jali-collection-31926\/\">22ct<\/a> Pfau-Armari-Anh\u00e4nger aus Gold.<\/strong> Dieses atemberaubende St\u00fcck wurde mit viel Liebe zum Detail gefertigt und zeigt ein lebhaftes Pfauenmotiv, das mit komplizierter Emaillearbeit verziert ist. Die satten Farbt\u00f6ne der Emaille erwecken das Gefieder des Pfaus zum Leben und machen es zu einem wahrhaft fesselnden St\u00fcck.<\/p>\n<p data-sourcepos=\"5:1-5:17\"><strong>Wesentliche Merkmale:<\/strong><\/p>\n<ul data-sourcepos=\"7:1-12:0\">\n<li data-sourcepos=\"7:1-7:59\"><strong>Reines <a href=\"https:\/\/www.purejewels.com\/de\/product\/holy-cross-gold-pendant-44713\/\">22 Karat Gold<\/a>:<\/strong> Gew\u00e4hrleistet Wertbest\u00e4ndigkeit und Langlebigkeit.<\/li>\n<li data-sourcepos=\"8:1-8:72\"><strong>Aufw\u00e4ndige Emaillearbeiten:<\/strong> Bringt Tiefe und Farbe in das Pfauenmuster.<\/li>\n<li data-sourcepos=\"9:1-9:82\"><strong>Elegante Armari-Fassung:<\/strong> Bietet einen sicheren und stilvollen Rahmen f\u00fcr den Anh\u00e4nger.<\/li>\n<li data-sourcepos=\"10:1-10:69\"><strong>Perfekt f\u00fcr jede Gelegenheit:<\/strong> Von zwanglosen Ausfl\u00fcgen bis hin zu formellen Veranstaltungen.<\/li>\n<li data-sourcepos=\"11:1-12:0\"><strong>Ideales Geschenk:<\/strong> Zeigen Sie Ihren tadellosen Geschmack und Ihre Wertsch\u00e4tzung f\u00fcr <a href=\"https:\/\/www.purejewels.com\/de\/product\/18ct-yellow-gold-diamond-and-peridot-necklace-18-inches-44229\/\">edler Schmuck<\/a>.<\/li>\n<\/ul>\n<p data-sourcepos=\"13:1-13:67\"><strong>Erleben Sie die Sch\u00f6nheit und Eleganz dieses au\u00dfergew\u00f6hnlichen Anh\u00e4ngers.<\/strong><\/p>","protected":false},"excerpt":{"rendered":"<div class=\"woocommerce-product-details__short-description\">\n<table class=\"sh_desc\" style=\"width: 100%; height: 281px;\">\n<tbody>\n<tr style=\"height: 28px;\">\n<td style=\"height: 28px;\">Typ des Anh\u00e4ngers<\/td>\n<td style=\"height: 28px;\">Anh\u00e4nger im antiken Stil<\/td>\n<\/tr>\n<tr style=\"height: 28px;\">\n<td style=\"height: 28px;\">SKU<\/td>\n<td style=\"height: 28px;\">49584<\/td>\n<\/tr>\n<tr style=\"height: 28px;\">\n<td style=\"height: 29px;\">Gewicht<\/td>\n<td style=\"height: 29px;\">9,5 Gramm<\/td>\n<\/tr>\n<tr style=\"height: 28px;\">\n<td style=\"height: 29px;\">Sammlung<\/td>\n<td style=\"height: 29px;\"><strong>Sammlung Armari<\/strong><\/td>\n<\/tr>\n<tr style=\"height: 28px;\">\n<td style=\"height: 28px;\">Metall<\/td>\n<td style=\"height: 28px;\">22ct Gold<\/td>\n<\/tr>\n<tr style=\"height: 28px;\">\n<td style=\"height: 28px;\">Entgelte<\/td>\n<td style=\"height: 28px;\">Lieferung und Mehrwertsteuer inbegriffen<\/td>\n<\/tr>\n<tr style=\"height: 28px;\">\n<td style=\"height: 28px;\">Verpackung<\/td>\n<td style=\"height: 28px;\">Mit Pr\u00e4sentationsbox<\/td>\n<\/tr>\n<tr style=\"height: 112px;\">\n<td style=\"height: 112px;\">Mehr Informationen<\/td>\n<td style=\"height: 112px;\">\n<ul>\n<li>Kette ist nicht enthalten<\/li>\n<li>Sehen Sie sich unsere Sammlung von\u00a0<strong>Ketten<\/strong><\/li>\n<li>Live-Chat mit uns f\u00fcr Verf\u00fcgbarkeit und mehr Bilder<\/li>\n<\/ul>\n<\/td>\n<\/tr>\n<\/tbody>\n<\/table>\n<\/div>","protected":false},"featured_media":374332,"comment_status":"closed","ping_status":"closed","template":"","meta":{"_eb_attr":"","_crsspst_to_jayantr4sg-hostcom":false},"product_brand":[],"product_cat":[1791,245,5670,236,1793,5701,1770,1792,1790,1229,1255,1767,5347,1570,5353,1573,1574,5349],"product_tag":[],"class_list":{"0":"post-374326","1":"product","2":"type-product","3":"status-publish","4":"has-post-thumbnail","6":"product_cat-anniversary-gifts","7":"product_cat-armari-collections","8":"product_cat-armari-pendant","9":"product_cat-collections","10":"product_cat-diwali-gifts","11":"product_cat-eid-jewellery","12":"product_cat-fancy-pendants","13":"product_cat-festival-gifts","14":"product_cat-for-whom-when","15":"product_cat-22ct-gold-jewellery","16":"product_cat-gold-pendants","17":"product_cat-ladies-pendants","18":"product_cat-shop-by-metal","19":"product_cat-mothers-day-gifts","20":"product_cat-shop-by","21":"product_cat-wedding-gifts","22":"product_cat-womens-jewellery","23":"product_cat-yellow-gold-jewellery","25":"first","26":"outofstock","27":"taxable","28":"shipping-taxable","29":"product-type-simple","30":"add-to-wishlist-before_image"},"yoast_head":"<!-- This site is optimized with the Yoast SEO plugin v27.6 - https:\/\/yoast.com\/product\/yoast-seo-wordpress\/ -->\n<title>22ct Gold Peacock Armari Pendant with Enamel | PureJewels UK<\/title>\n<meta name=\"description\" content=\"22ct Gold Peacock Armari Pendant with Enamel - A stunning piece of jewellery featuring a vibrant peacock design adorned with intricate enamel work.\" \/>\n<meta name=\"robots\" content=\"index, follow, max-snippet:-1, max-image-preview:large, max-video-preview:-1\" \/>\n<link rel=\"canonical\" href=\"https:\/\/www.purejewels.com\/de\/produkt-2\/pfau-armari-anhanger-aus-22-karat-gold-mit-emaille-49584\/\" \/>\n<meta property=\"og:locale\" content=\"de_DE\" \/>\n<meta property=\"og:type\" content=\"article\" \/>\n<meta property=\"og:title\" content=\"22ct Gold Peacock Armari Pendant with Enamel | PureJewels UK\" \/>\n<meta property=\"og:description\" content=\"22ct Gold Peacock Armari Pendant with Enamel - A stunning piece of jewellery featuring a vibrant peacock design adorned with intricate enamel work.\" \/>\n<meta property=\"og:url\" content=\"https:\/\/www.purejewels.com\/de\/produkt-2\/pfau-armari-anhanger-aus-22-karat-gold-mit-emaille-49584\/\" \/>\n<meta property=\"og:site_name\" content=\"PureJewels UK\" \/>\n<meta property=\"article:modified_time\" content=\"2026-01-06T08:09:32+00:00\" \/>\n<meta property=\"og:image\" content=\"https:\/\/www.purejewels.com\/wp-content\/uploads\/2024\/10\/PJ-19.10-039-1.png\" \/>\n\t<meta property=\"og:image:width\" content=\"1000\" \/>\n\t<meta property=\"og:image:height\" content=\"1000\" \/>\n\t<meta property=\"og:image:type\" content=\"image\/png\" \/>\n<meta name=\"twitter:card\" content=\"summary_large_image\" \/>\n<meta name=\"twitter:label1\" content=\"Gesch\u00e4tzte Lesezeit\" \/>\n\t<meta name=\"twitter:data1\" content=\"1\u00a0Minute\" \/>\n<script type=\"application\/ld+json\" class=\"yoast-schema-graph\">{\"@context\":\"https:\\\/\\\/schema.org\",\"@graph\":[{\"@type\":[\"WebPage\",\"ItemPage\"],\"@id\":\"https:\\\/\\\/www.purejewels.com\\\/product\\\/22ct-gold-peacock-armari-pendant-with-enamel-49584\\\/\",\"url\":\"https:\\\/\\\/www.purejewels.com\\\/product\\\/22ct-gold-peacock-armari-pendant-with-enamel-49584\\\/\",\"name\":\"22ct Gold Peacock Armari Pendant with Enamel | PureJewels UK\",\"isPartOf\":{\"@id\":\"https:\\\/\\\/www.purejewels.com\\\/#website\"},\"primaryImageOfPage\":{\"@id\":\"https:\\\/\\\/www.purejewels.com\\\/product\\\/22ct-gold-peacock-armari-pendant-with-enamel-49584\\\/#primaryimage\"},\"image\":{\"@id\":\"https:\\\/\\\/www.purejewels.com\\\/product\\\/22ct-gold-peacock-armari-pendant-with-enamel-49584\\\/#primaryimage\"},\"thumbnailUrl\":\"https:\\\/\\\/static.purejewels.com\\\/wp-content\\\/uploads\\\/2024\\\/10\\\/PJ-19.10-039-1.png\",\"datePublished\":\"2024-11-10T05:58:40+00:00\",\"dateModified\":\"2026-01-06T08:09:32+00:00\",\"description\":\"22ct Gold Peacock Armari Pendant with Enamel - A stunning piece of jewellery featuring a vibrant peacock design adorned with intricate enamel work.\",\"breadcrumb\":{\"@id\":\"https:\\\/\\\/www.purejewels.com\\\/product\\\/22ct-gold-peacock-armari-pendant-with-enamel-49584\\\/#breadcrumb\"},\"inLanguage\":\"de\",\"potentialAction\":[{\"@type\":\"ReadAction\",\"target\":[\"https:\\\/\\\/www.purejewels.com\\\/product\\\/22ct-gold-peacock-armari-pendant-with-enamel-49584\\\/\"]}]},{\"@type\":\"ImageObject\",\"inLanguage\":\"de\",\"@id\":\"https:\\\/\\\/www.purejewels.com\\\/product\\\/22ct-gold-peacock-armari-pendant-with-enamel-49584\\\/#primaryimage\",\"url\":\"https:\\\/\\\/static.purejewels.com\\\/wp-content\\\/uploads\\\/2024\\\/10\\\/PJ-19.10-039-1.png\",\"contentUrl\":\"https:\\\/\\\/static.purejewels.com\\\/wp-content\\\/uploads\\\/2024\\\/10\\\/PJ-19.10-039-1.png\",\"width\":1000,\"height\":1000,\"caption\":\"22ct Gold Pendant\"},{\"@type\":\"BreadcrumbList\",\"@id\":\"https:\\\/\\\/www.purejewels.com\\\/product\\\/22ct-gold-peacock-armari-pendant-with-enamel-49584\\\/#breadcrumb\",\"itemListElement\":[{\"@type\":\"ListItem\",\"position\":1,\"name\":\"Home\",\"item\":\"https:\\\/\\\/www.purejewels.com\\\/\"},{\"@type\":\"ListItem\",\"position\":2,\"name\":\"Shop\",\"item\":\"https:\\\/\\\/www.purejewels.com\\\/shop\\\/\"},{\"@type\":\"ListItem\",\"position\":3,\"name\":\"22ct Gold Peacock Armari Pendant with Enamel\"}]},{\"@type\":\"WebSite\",\"@id\":\"https:\\\/\\\/www.purejewels.com\\\/#website\",\"url\":\"https:\\\/\\\/www.purejewels.com\\\/\",\"name\":\"PureJewels UK\",\"description\":\"Share the Love\",\"publisher\":{\"@id\":\"https:\\\/\\\/www.purejewels.com\\\/#organization\"},\"potentialAction\":[{\"@type\":\"SearchAction\",\"target\":{\"@type\":\"EntryPoint\",\"urlTemplate\":\"https:\\\/\\\/www.purejewels.com\\\/?s={search_term_string}\"},\"query-input\":{\"@type\":\"PropertyValueSpecification\",\"valueRequired\":true,\"valueName\":\"search_term_string\"}}],\"inLanguage\":\"de\"},{\"@type\":\"Organization\",\"@id\":\"https:\\\/\\\/www.purejewels.com\\\/#organization\",\"name\":\"PureJewels UK\",\"url\":\"https:\\\/\\\/www.purejewels.com\\\/\",\"logo\":{\"@type\":\"ImageObject\",\"inLanguage\":\"de\",\"@id\":\"https:\\\/\\\/www.purejewels.com\\\/#\\\/schema\\\/logo\\\/image\\\/\",\"url\":\"https:\\\/\\\/static.purejewels.com\\\/wp-content\\\/uploads\\\/2020\\\/11\\\/Logo-PJ-New-1.png\",\"contentUrl\":\"https:\\\/\\\/static.purejewels.com\\\/wp-content\\\/uploads\\\/2020\\\/11\\\/Logo-PJ-New-1.png\",\"width\":150,\"height\":80,\"caption\":\"PureJewels UK\"},\"image\":{\"@id\":\"https:\\\/\\\/www.purejewels.com\\\/#\\\/schema\\\/logo\\\/image\\\/\"}}]}<\/script>\n<!-- \/ Yoast SEO plugin. -->","yoast_head_json":{"title":"22ct Gold Pfau Armari Anh\u00e4nger mit Emaille | PureJewels UK","description":"22ct Gold Peacock Armari Anh\u00e4nger mit Emaille - Ein atemberaubendes Schmuckst\u00fcck mit einem lebendigen Pfau Design mit komplizierter Emaille Arbeit verziert.","robots":{"index":"index","follow":"follow","max-snippet":"max-snippet:-1","max-image-preview":"max-image-preview:large","max-video-preview":"max-video-preview:-1"},"canonical":"https:\/\/www.purejewels.com\/de\/produkt-2\/pfau-armari-anhanger-aus-22-karat-gold-mit-emaille-49584\/","og_locale":"de_DE","og_type":"article","og_title":"22ct Gold Peacock Armari Pendant with Enamel | PureJewels UK","og_description":"22ct Gold Peacock Armari Pendant with Enamel - A stunning piece of jewellery featuring a vibrant peacock design adorned with intricate enamel work.","og_url":"https:\/\/www.purejewels.com\/de\/produkt-2\/pfau-armari-anhanger-aus-22-karat-gold-mit-emaille-49584\/","og_site_name":"PureJewels UK","article_modified_time":"2026-01-06T08:09:32+00:00","og_image":[{"width":1000,"height":1000,"url":"https:\/\/www.purejewels.com\/wp-content\/uploads\/2024\/10\/PJ-19.10-039-1.png","type":"image\/png"}],"twitter_card":"summary_large_image","twitter_misc":{"Gesch\u00e4tzte Lesezeit":"1\u00a0Minute"},"schema":{"@context":"https:\/\/schema.org","@graph":[{"@type":["WebPage","ItemPage"],"@id":"https:\/\/www.purejewels.com\/product\/22ct-gold-peacock-armari-pendant-with-enamel-49584\/","url":"https:\/\/www.purejewels.com\/product\/22ct-gold-peacock-armari-pendant-with-enamel-49584\/","name":"22ct Gold Pfau Armari Anh\u00e4nger mit Emaille | PureJewels UK","isPartOf":{"@id":"https:\/\/www.purejewels.com\/#website"},"primaryImageOfPage":{"@id":"https:\/\/www.purejewels.com\/product\/22ct-gold-peacock-armari-pendant-with-enamel-49584\/#primaryimage"},"image":{"@id":"https:\/\/www.purejewels.com\/product\/22ct-gold-peacock-armari-pendant-with-enamel-49584\/#primaryimage"},"thumbnailUrl":"https:\/\/static.purejewels.com\/wp-content\/uploads\/2024\/10\/PJ-19.10-039-1.png","datePublished":"2024-11-10T05:58:40+00:00","dateModified":"2026-01-06T08:09:32+00:00","description":"22ct Gold Peacock Armari Anh\u00e4nger mit Emaille - Ein atemberaubendes Schmuckst\u00fcck mit einem lebendigen Pfau Design mit komplizierter Emaille Arbeit verziert.","breadcrumb":{"@id":"https:\/\/www.purejewels.com\/product\/22ct-gold-peacock-armari-pendant-with-enamel-49584\/#breadcrumb"},"inLanguage":"de","potentialAction":[{"@type":"ReadAction","target":["https:\/\/www.purejewels.com\/product\/22ct-gold-peacock-armari-pendant-with-enamel-49584\/"]}]},{"@type":"ImageObject","inLanguage":"de","@id":"https:\/\/www.purejewels.com\/product\/22ct-gold-peacock-armari-pendant-with-enamel-49584\/#primaryimage","url":"https:\/\/static.purejewels.com\/wp-content\/uploads\/2024\/10\/PJ-19.10-039-1.png","contentUrl":"https:\/\/static.purejewels.com\/wp-content\/uploads\/2024\/10\/PJ-19.10-039-1.png","width":1000,"height":1000,"caption":"22ct Gold Pendant"},{"@type":"BreadcrumbList","@id":"https:\/\/www.purejewels.com\/product\/22ct-gold-peacock-armari-pendant-with-enamel-49584\/#breadcrumb","itemListElement":[{"@type":"ListItem","position":1,"name":"Home","item":"https:\/\/www.purejewels.com\/"},{"@type":"ListItem","position":2,"name":"Shop","item":"https:\/\/www.purejewels.com\/shop\/"},{"@type":"ListItem","position":3,"name":"22ct Gold Peacock Armari Pendant with Enamel"}]},{"@type":"WebSite","@id":"https:\/\/www.purejewels.com\/#website","url":"https:\/\/www.purejewels.com\/","name":"PureJewels UK","description":"Teile die Liebe","publisher":{"@id":"https:\/\/www.purejewels.com\/#organization"},"potentialAction":[{"@type":"SearchAction","target":{"@type":"EntryPoint","urlTemplate":"https:\/\/www.purejewels.com\/?s={search_term_string}"},"query-input":{"@type":"PropertyValueSpecification","valueRequired":true,"valueName":"search_term_string"}}],"inLanguage":"de"},{"@type":"Organization","@id":"https:\/\/www.purejewels.com\/#organization","name":"PureJewels UK","url":"https:\/\/www.purejewels.com\/","logo":{"@type":"ImageObject","inLanguage":"de","@id":"https:\/\/www.purejewels.com\/#\/schema\/logo\/image\/","url":"https:\/\/static.purejewels.com\/wp-content\/uploads\/2020\/11\/Logo-PJ-New-1.png","contentUrl":"https:\/\/static.purejewels.com\/wp-content\/uploads\/2020\/11\/Logo-PJ-New-1.png","width":150,"height":80,"caption":"PureJewels UK"},"image":{"@id":"https:\/\/www.purejewels.com\/#\/schema\/logo\/image\/"}}]}},"_links":{"self":[{"href":"https:\/\/www.purejewels.com\/de\/wp-json\/wp\/v2\/product\/374326","targetHints":{"allow":["GET"]}}],"collection":[{"href":"https:\/\/www.purejewels.com\/de\/wp-json\/wp\/v2\/product"}],"about":[{"href":"https:\/\/www.purejewels.com\/de\/wp-json\/wp\/v2\/types\/product"}],"replies":[{"embeddable":true,"href":"https:\/\/www.purejewels.com\/de\/wp-json\/wp\/v2\/comments?post=374326"}],"version-history":[{"count":3,"href":"https:\/\/www.purejewels.com\/de\/wp-json\/wp\/v2\/product\/374326\/revisions"}],"predecessor-version":[{"id":395907,"href":"https:\/\/www.purejewels.com\/de\/wp-json\/wp\/v2\/product\/374326\/revisions\/395907"}],"wp:featuredmedia":[{"embeddable":true,"href":"https:\/\/www.purejewels.com\/de\/wp-json\/wp\/v2\/media\/374332"}],"wp:attachment":[{"href":"https:\/\/www.purejewels.com\/de\/wp-json\/wp\/v2\/media?parent=374326"}],"wp:term":[{"taxonomy":"product_brand","embeddable":true,"href":"https:\/\/www.purejewels.com\/de\/wp-json\/wp\/v2\/product_brand?post=374326"},{"taxonomy":"product_cat","embeddable":true,"href":"https:\/\/www.purejewels.com\/de\/wp-json\/wp\/v2\/product_cat?post=374326"},{"taxonomy":"product_tag","embeddable":true,"href":"https:\/\/www.purejewels.com\/de\/wp-json\/wp\/v2\/product_tag?post=374326"}],"curies":[{"name":"wp","href":"https:\/\/api.w.org\/{rel}","templated":true}]}}