{"id":374343,"date":"2024-10-21T07:07:02","date_gmt":"2024-10-21T06:07:02","guid":{"rendered":"https:\/\/www.purejewels.com\/?post_type=product&#038;p=374343"},"modified":"2026-01-19T10:40:36","modified_gmt":"2026-01-19T10:40:36","slug":"22ct-armari-ovale-armspange-49654","status":"publish","type":"product","link":"https:\/\/www.purejewels.com\/de\/product\/22ct-armari-oval-shaped-bangle-49654\/","title":{"rendered":"22ct Armari Oval geformter Armreif"},"content":{"rendered":"<p>Schm\u00fccken Sie Ihr Handgelenk mit zeitloser Eleganz mit der <a href=\"https:\/\/www.purejewels.com\/de\/product\/22ct-gold-jali-filigree-ring-jali-collection-31926\/\">22ct<\/a> Ovaler Armreif von Armari. Dieses mit Pr\u00e4zision aus reinem 22-kar\u00e4tigem Gold handgefertigte Schmuckst\u00fcck verbindet klassische Sch\u00f6nheit mit modernem Flair. Die glatte, ovale Form des Armreifs bietet eine bequeme Passform und eignet sich sowohl f\u00fcr den Alltag als auch f\u00fcr besondere Anl\u00e4sse. Sein dezenter Glanz und die raffinierten Details machen ihn zu einem idealen Accessoire f\u00fcr alle, die Luxus und Stil zu sch\u00e4tzen wissen.<\/p>\n<p>Ganz gleich, ob Sie Ihre pers\u00f6nliche Sammlung erweitern oder einen geliebten Menschen beschenken m\u00f6chten, der 22-kar\u00e4tige Armari-Armreif ist ein wahres Statement f\u00fcr Raffinesse und Anmut.<\/p>\n<ul>\n<li><strong>Material<\/strong>: <a href=\"https:\/\/www.purejewels.com\/de\/product\/holy-cross-gold-pendant-44713\/\">22ct Gold<\/a><\/li>\n<li><strong>Form<\/strong>: Oval<\/li>\n<li><strong>Gr\u00f6\u00dfe<\/strong>: 2.2<\/li>\n<li><strong>Gestaltung<\/strong>: Elegant, vielseitig und perfekt f\u00fcr jede Gelegenheit<\/li>\n<\/ul>\n<p>Erleben Sie die Sch\u00f6nheit der feinen <a href=\"https:\/\/www.purejewels.com\/de\/a-guide-to-die-stamping\/\">Handwerkskunst<\/a> mit diesem luxuri\u00f6sen Armreif, der so gestaltet ist, dass er die Zeit \u00fcberdauert.<\/p>","protected":false},"excerpt":{"rendered":"<div class=\"woocommerce-product-details__short-description\">\n<table class=\"sh_desc\" style=\"width: 100%;height: 298px\">\n<tbody>\n<tr style=\"height: 27px\">\n<td style=\"height: 27px\">Art des Armreifs<\/td>\n<td style=\"height: 27px\">Brautmode Kada mit antik-matter Oberfl\u00e4che mit Schraube<\/td>\n<\/tr>\n<tr style=\"height: 27px\">\n<td style=\"height: 27px\">SKU<\/td>\n<td style=\"height: 27px\">49654<\/td>\n<\/tr>\n<tr style=\"height: 27px\">\n<td style=\"height: 27px\">Gewicht<\/td>\n<td style=\"height: 27px\">\u00a019,7 Gramm<\/td>\n<\/tr>\n<tr style=\"height: 27px\">\n<td style=\"height: 27px\">Metall<\/td>\n<td style=\"height: 27px\">22ct Gold<\/td>\n<\/tr>\n<tr style=\"height: 27px\">\n<td style=\"height: 27px\">Armreif Gr\u00f6\u00dfe<\/td>\n<td style=\"height: 27px\">2.2 (Weitere Gr\u00f6\u00dfen bitte anfragen)<\/td>\n<\/tr>\n<tr style=\"height: 27px\">\n<td style=\"height: 27px\">Sammlung<\/td>\n<td style=\"height: 27px\"><strong>Sammlung Armari<\/strong><\/td>\n<\/tr>\n<tr style=\"height: 27px\">\n<td style=\"height: 27px\">Wahrzeichen<\/td>\n<td style=\"height: 27px\">22ct Gold gestempelt von London Assay Office<\/td>\n<\/tr>\n<tr style=\"height: 27px\">\n<td style=\"height: 27px\">Entgelte<\/td>\n<td style=\"height: 27px\">Lieferung und Mehrwertsteuer inbegriffen<\/td>\n<\/tr>\n<tr style=\"height: 27px\">\n<td style=\"height: 27px\">Verpackung<\/td>\n<td style=\"height: 27px\">Mit einer Pr\u00e4sentationsbox<\/td>\n<\/tr>\n<tr style=\"height: 55px\">\n<td style=\"height: 55px\">Mehr Informationen<\/td>\n<td style=\"height: 55px\">\n<ul>\n<li>Hinweis: Live-Chat mit uns f\u00fcr die Verf\u00fcgbarkeit und mehr Bilder<\/li>\n<li>Klicken Sie hier zur \u00dcberpr\u00fcfung Ihrer <strong>Armreif Gr\u00f6\u00dfe<\/strong><\/li>\n<li>der hier angegebene Preis gilt f\u00fcr einen einzelnen Armreif<\/li>\n<\/ul>\n<\/td>\n<\/tr>\n<\/tbody>\n<\/table>\n<\/div>\n<p>&nbsp;<\/p>","protected":false},"featured_media":374344,"comment_status":"closed","ping_status":"closed","template":"","meta":{"_eb_attr":"","_crsspst_to_jayantr4sg-hostcom":false},"product_brand":[],"product_cat":[5640,245,1659,236,1233,1229,5271,1657,1573,1574,5349],"product_tag":[],"class_list":{"0":"post-374343","1":"product","2":"type-product","3":"status-publish","4":"has-post-thumbnail","6":"product_cat-armari-bangles","7":"product_cat-armari-collections","8":"product_cat-bridal-and-party-wear-gold-kada-bangle","9":"product_cat-collections","10":"product_cat-gold-bangles","11":"product_cat-22ct-gold-jewellery","12":"product_cat-occasion-wear-bangles","13":"product_cat-single-bangle","14":"product_cat-wedding-gifts","15":"product_cat-womens-jewellery","16":"product_cat-yellow-gold-jewellery","18":"first","19":"onbackorder","20":"taxable","21":"shipping-taxable","22":"product-type-simple","23":"add-to-wishlist-before_image"},"yoast_head":"<!-- This site is optimized with the Yoast SEO plugin v27.5 - https:\/\/yoast.com\/product\/yoast-seo-wordpress\/ -->\n<title>22ct Armari Oval Shaped Bangle | PureJewels UK<\/title>\n<meta name=\"description\" content=\"Discover timeless elegance with the 22ct Armari Oval Shaped Bangle from PureJewels UK. Crafted from pure 22ct gold, this luxurious bangle is perfect for any occasion.\" \/>\n<meta name=\"robots\" content=\"index, follow, max-snippet:-1, max-image-preview:large, max-video-preview:-1\" \/>\n<link rel=\"canonical\" href=\"https:\/\/www.purejewels.com\/de\/produkt-2\/22ct-armari-ovale-armspange-49654\/\" \/>\n<meta property=\"og:locale\" content=\"de_DE\" \/>\n<meta property=\"og:type\" content=\"article\" \/>\n<meta property=\"og:title\" content=\"22ct Armari Oval Shaped Bangle | PureJewels UK\" \/>\n<meta property=\"og:description\" content=\"Discover timeless elegance with the 22ct Armari Oval Shaped Bangle from PureJewels UK. Crafted from pure 22ct gold, this luxurious bangle is perfect for any occasion.\" \/>\n<meta property=\"og:url\" content=\"https:\/\/www.purejewels.com\/de\/produkt-2\/22ct-armari-ovale-armspange-49654\/\" \/>\n<meta property=\"og:site_name\" content=\"PureJewels UK\" \/>\n<meta property=\"article:modified_time\" content=\"2026-01-19T10:40:36+00:00\" \/>\n<meta property=\"og:image\" content=\"https:\/\/static.purejewels.com\/wp-content\/uploads\/2024\/10\/PJ-19.10-068-576x576.png\" \/>\n\t<meta property=\"og:image:width\" content=\"576\" \/>\n\t<meta property=\"og:image:height\" content=\"576\" \/>\n\t<meta property=\"og:image:type\" content=\"image\/png\" \/>\n<meta name=\"twitter:card\" content=\"summary_large_image\" \/>\n<meta name=\"twitter:label1\" content=\"Gesch\u00e4tzte Lesezeit\" \/>\n\t<meta name=\"twitter:data1\" content=\"1\u00a0Minute\" \/>\n<script type=\"application\/ld+json\" class=\"yoast-schema-graph\">{\"@context\":\"https:\\\/\\\/schema.org\",\"@graph\":[{\"@type\":[\"WebPage\",\"ItemPage\"],\"@id\":\"https:\\\/\\\/www.purejewels.com\\\/product\\\/22ct-armari-oval-shaped-bangle-49654\\\/\",\"url\":\"https:\\\/\\\/www.purejewels.com\\\/product\\\/22ct-armari-oval-shaped-bangle-49654\\\/\",\"name\":\"22ct Armari Oval Shaped Bangle | PureJewels UK\",\"isPartOf\":{\"@id\":\"https:\\\/\\\/www.purejewels.com\\\/#website\"},\"primaryImageOfPage\":{\"@id\":\"https:\\\/\\\/www.purejewels.com\\\/product\\\/22ct-armari-oval-shaped-bangle-49654\\\/#primaryimage\"},\"image\":{\"@id\":\"https:\\\/\\\/www.purejewels.com\\\/product\\\/22ct-armari-oval-shaped-bangle-49654\\\/#primaryimage\"},\"thumbnailUrl\":\"https:\\\/\\\/static.purejewels.com\\\/wp-content\\\/uploads\\\/2024\\\/10\\\/PJ-19.10-068.png\",\"datePublished\":\"2024-10-21T06:07:02+00:00\",\"dateModified\":\"2026-01-19T10:40:36+00:00\",\"description\":\"Discover timeless elegance with the 22ct Armari Oval Shaped Bangle from PureJewels UK. Crafted from pure 22ct gold, this luxurious bangle is perfect for any occasion.\",\"breadcrumb\":{\"@id\":\"https:\\\/\\\/www.purejewels.com\\\/product\\\/22ct-armari-oval-shaped-bangle-49654\\\/#breadcrumb\"},\"inLanguage\":\"de\",\"potentialAction\":[{\"@type\":\"ReadAction\",\"target\":[\"https:\\\/\\\/www.purejewels.com\\\/product\\\/22ct-armari-oval-shaped-bangle-49654\\\/\"]}]},{\"@type\":\"ImageObject\",\"inLanguage\":\"de\",\"@id\":\"https:\\\/\\\/www.purejewels.com\\\/product\\\/22ct-armari-oval-shaped-bangle-49654\\\/#primaryimage\",\"url\":\"https:\\\/\\\/static.purejewels.com\\\/wp-content\\\/uploads\\\/2024\\\/10\\\/PJ-19.10-068.png\",\"contentUrl\":\"https:\\\/\\\/static.purejewels.com\\\/wp-content\\\/uploads\\\/2024\\\/10\\\/PJ-19.10-068.png\",\"width\":1000,\"height\":1000,\"caption\":\"22ct Gold Bangle\"},{\"@type\":\"BreadcrumbList\",\"@id\":\"https:\\\/\\\/www.purejewels.com\\\/product\\\/22ct-armari-oval-shaped-bangle-49654\\\/#breadcrumb\",\"itemListElement\":[{\"@type\":\"ListItem\",\"position\":1,\"name\":\"Home\",\"item\":\"https:\\\/\\\/www.purejewels.com\\\/\"},{\"@type\":\"ListItem\",\"position\":2,\"name\":\"Shop\",\"item\":\"https:\\\/\\\/www.purejewels.com\\\/shop\\\/\"},{\"@type\":\"ListItem\",\"position\":3,\"name\":\"22ct Armari Oval Shaped Bangle\"}]},{\"@type\":\"WebSite\",\"@id\":\"https:\\\/\\\/www.purejewels.com\\\/#website\",\"url\":\"https:\\\/\\\/www.purejewels.com\\\/\",\"name\":\"PureJewels UK\",\"description\":\"Share the Love\",\"publisher\":{\"@id\":\"https:\\\/\\\/www.purejewels.com\\\/#organization\"},\"potentialAction\":[{\"@type\":\"SearchAction\",\"target\":{\"@type\":\"EntryPoint\",\"urlTemplate\":\"https:\\\/\\\/www.purejewels.com\\\/?s={search_term_string}\"},\"query-input\":{\"@type\":\"PropertyValueSpecification\",\"valueRequired\":true,\"valueName\":\"search_term_string\"}}],\"inLanguage\":\"de\"},{\"@type\":\"Organization\",\"@id\":\"https:\\\/\\\/www.purejewels.com\\\/#organization\",\"name\":\"PureJewels UK\",\"url\":\"https:\\\/\\\/www.purejewels.com\\\/\",\"logo\":{\"@type\":\"ImageObject\",\"inLanguage\":\"de\",\"@id\":\"https:\\\/\\\/www.purejewels.com\\\/#\\\/schema\\\/logo\\\/image\\\/\",\"url\":\"https:\\\/\\\/static.purejewels.com\\\/wp-content\\\/uploads\\\/2020\\\/11\\\/Logo-PJ-New-1.png\",\"contentUrl\":\"https:\\\/\\\/static.purejewels.com\\\/wp-content\\\/uploads\\\/2020\\\/11\\\/Logo-PJ-New-1.png\",\"width\":150,\"height\":80,\"caption\":\"PureJewels UK\"},\"image\":{\"@id\":\"https:\\\/\\\/www.purejewels.com\\\/#\\\/schema\\\/logo\\\/image\\\/\"}}]}<\/script>\n<!-- \/ Yoast SEO plugin. -->","yoast_head_json":{"title":"22ct Armari Oval geformt Armreif | PureJewels UK","description":"Entdecken Sie zeitlose Eleganz mit dem 22ct Armari Oval Shaped Bangle von PureJewels UK. Gefertigt aus reinem 22 Karat Gold, ist dieser luxuri\u00f6se Armreif perfekt f\u00fcr jeden Anlass.","robots":{"index":"index","follow":"follow","max-snippet":"max-snippet:-1","max-image-preview":"max-image-preview:large","max-video-preview":"max-video-preview:-1"},"canonical":"https:\/\/www.purejewels.com\/de\/produkt-2\/22ct-armari-ovale-armspange-49654\/","og_locale":"de_DE","og_type":"article","og_title":"22ct Armari Oval Shaped Bangle | PureJewels UK","og_description":"Discover timeless elegance with the 22ct Armari Oval Shaped Bangle from PureJewels UK. Crafted from pure 22ct gold, this luxurious bangle is perfect for any occasion.","og_url":"https:\/\/www.purejewels.com\/de\/produkt-2\/22ct-armari-ovale-armspange-49654\/","og_site_name":"PureJewels UK","article_modified_time":"2026-01-19T10:40:36+00:00","og_image":[{"width":576,"height":576,"url":"https:\/\/static.purejewels.com\/wp-content\/uploads\/2024\/10\/PJ-19.10-068-576x576.png","type":"image\/png"}],"twitter_card":"summary_large_image","twitter_misc":{"Gesch\u00e4tzte Lesezeit":"1\u00a0Minute"},"schema":{"@context":"https:\/\/schema.org","@graph":[{"@type":["WebPage","ItemPage"],"@id":"https:\/\/www.purejewels.com\/product\/22ct-armari-oval-shaped-bangle-49654\/","url":"https:\/\/www.purejewels.com\/product\/22ct-armari-oval-shaped-bangle-49654\/","name":"22ct Armari Oval geformt Armreif | PureJewels UK","isPartOf":{"@id":"https:\/\/www.purejewels.com\/#website"},"primaryImageOfPage":{"@id":"https:\/\/www.purejewels.com\/product\/22ct-armari-oval-shaped-bangle-49654\/#primaryimage"},"image":{"@id":"https:\/\/www.purejewels.com\/product\/22ct-armari-oval-shaped-bangle-49654\/#primaryimage"},"thumbnailUrl":"https:\/\/static.purejewels.com\/wp-content\/uploads\/2024\/10\/PJ-19.10-068.png","datePublished":"2024-10-21T06:07:02+00:00","dateModified":"2026-01-19T10:40:36+00:00","description":"Entdecken Sie zeitlose Eleganz mit dem 22ct Armari Oval Shaped Bangle von PureJewels UK. Gefertigt aus reinem 22 Karat Gold, ist dieser luxuri\u00f6se Armreif perfekt f\u00fcr jeden Anlass.","breadcrumb":{"@id":"https:\/\/www.purejewels.com\/product\/22ct-armari-oval-shaped-bangle-49654\/#breadcrumb"},"inLanguage":"de","potentialAction":[{"@type":"ReadAction","target":["https:\/\/www.purejewels.com\/product\/22ct-armari-oval-shaped-bangle-49654\/"]}]},{"@type":"ImageObject","inLanguage":"de","@id":"https:\/\/www.purejewels.com\/product\/22ct-armari-oval-shaped-bangle-49654\/#primaryimage","url":"https:\/\/static.purejewels.com\/wp-content\/uploads\/2024\/10\/PJ-19.10-068.png","contentUrl":"https:\/\/static.purejewels.com\/wp-content\/uploads\/2024\/10\/PJ-19.10-068.png","width":1000,"height":1000,"caption":"22ct Gold Bangle"},{"@type":"BreadcrumbList","@id":"https:\/\/www.purejewels.com\/product\/22ct-armari-oval-shaped-bangle-49654\/#breadcrumb","itemListElement":[{"@type":"ListItem","position":1,"name":"Home","item":"https:\/\/www.purejewels.com\/"},{"@type":"ListItem","position":2,"name":"Shop","item":"https:\/\/www.purejewels.com\/shop\/"},{"@type":"ListItem","position":3,"name":"22ct Armari Oval Shaped Bangle"}]},{"@type":"WebSite","@id":"https:\/\/www.purejewels.com\/#website","url":"https:\/\/www.purejewels.com\/","name":"PureJewels UK","description":"Teile die Liebe","publisher":{"@id":"https:\/\/www.purejewels.com\/#organization"},"potentialAction":[{"@type":"SearchAction","target":{"@type":"EntryPoint","urlTemplate":"https:\/\/www.purejewels.com\/?s={search_term_string}"},"query-input":{"@type":"PropertyValueSpecification","valueRequired":true,"valueName":"search_term_string"}}],"inLanguage":"de"},{"@type":"Organization","@id":"https:\/\/www.purejewels.com\/#organization","name":"PureJewels UK","url":"https:\/\/www.purejewels.com\/","logo":{"@type":"ImageObject","inLanguage":"de","@id":"https:\/\/www.purejewels.com\/#\/schema\/logo\/image\/","url":"https:\/\/static.purejewels.com\/wp-content\/uploads\/2020\/11\/Logo-PJ-New-1.png","contentUrl":"https:\/\/static.purejewels.com\/wp-content\/uploads\/2020\/11\/Logo-PJ-New-1.png","width":150,"height":80,"caption":"PureJewels UK"},"image":{"@id":"https:\/\/www.purejewels.com\/#\/schema\/logo\/image\/"}}]}},"_links":{"self":[{"href":"https:\/\/www.purejewels.com\/de\/wp-json\/wp\/v2\/product\/374343","targetHints":{"allow":["GET"]}}],"collection":[{"href":"https:\/\/www.purejewels.com\/de\/wp-json\/wp\/v2\/product"}],"about":[{"href":"https:\/\/www.purejewels.com\/de\/wp-json\/wp\/v2\/types\/product"}],"replies":[{"embeddable":true,"href":"https:\/\/www.purejewels.com\/de\/wp-json\/wp\/v2\/comments?post=374343"}],"version-history":[{"count":4,"href":"https:\/\/www.purejewels.com\/de\/wp-json\/wp\/v2\/product\/374343\/revisions"}],"predecessor-version":[{"id":398612,"href":"https:\/\/www.purejewels.com\/de\/wp-json\/wp\/v2\/product\/374343\/revisions\/398612"}],"wp:featuredmedia":[{"embeddable":true,"href":"https:\/\/www.purejewels.com\/de\/wp-json\/wp\/v2\/media\/374344"}],"wp:attachment":[{"href":"https:\/\/www.purejewels.com\/de\/wp-json\/wp\/v2\/media?parent=374343"}],"wp:term":[{"taxonomy":"product_brand","embeddable":true,"href":"https:\/\/www.purejewels.com\/de\/wp-json\/wp\/v2\/product_brand?post=374343"},{"taxonomy":"product_cat","embeddable":true,"href":"https:\/\/www.purejewels.com\/de\/wp-json\/wp\/v2\/product_cat?post=374343"},{"taxonomy":"product_tag","embeddable":true,"href":"https:\/\/www.purejewels.com\/de\/wp-json\/wp\/v2\/product_tag?post=374343"}],"curies":[{"name":"wp","href":"https:\/\/api.w.org\/{rel}","templated":true}]}}