{"id":374361,"date":"2024-10-21T09:01:03","date_gmt":"2024-10-21T08:01:03","guid":{"rendered":"https:\/\/www.purejewels.com\/?post_type=product&#038;p=374361"},"modified":"2025-05-26T11:12:21","modified_gmt":"2025-05-26T10:12:21","slug":"22ct-gold-mala-stil-halskette-mit-emaille-49611","status":"publish","type":"product","link":"https:\/\/www.purejewels.com\/de\/product\/22ct-gold-mala-style-necklace-with-enamel-49611\/","title":{"rendered":"22ct Gold Mala Style Halskette mit Emaille"},"content":{"rendered":"<ul>\n<li><strong>Material<\/strong>: Gefertigt aus hochwertigem 22-kar\u00e4tigem Gold, das f\u00fcr dauerhafte Qualit\u00e4t und Glanz sorgt.<\/li>\n<li><strong>Gestaltung<\/strong>: Ein exquisiter Mala-Stil, der f\u00fcr seine traditionelle Eleganz und seine komplizierten Details bekannt ist.<\/li>\n<li><strong>Emaillearbeiten<\/strong>: Die Halskette ist mit leuchtenden Emaille-Akzenten verziert, die der Kette einen Hauch von Farbe und k\u00fcnstlerischem Flair verleihen.<\/li>\n<li><strong>Vielseitig tragbar<\/strong>: Perfekt f\u00fcr verschiedene Anl\u00e4sse, von festlichen Feiern bis hin zu formellen Veranstaltungen oder allt\u00e4glicher Eleganz.<\/li>\n<li><strong>Komfort-Passform<\/strong>: Die Halskette sitzt bequem um den Hals und ist daher ideal f\u00fcr ein l\u00e4ngeres Tragen geeignet.<\/li>\n<li><strong>Gr\u00f6\u00dfe<\/strong>: Gro\u00dfz\u00fcgig dimensioniert, um ein Statement zu setzen, aber dennoch zart genug f\u00fcr einen anmutigen Look.<\/li>\n<li><strong>Geschenkfertig<\/strong>: Ein perfektes Geschenk f\u00fcr besondere Anl\u00e4sse wie Hochzeiten, Jubil\u00e4en oder Geburtstage, \u00fcber das sich Ihre Lieben sicher freuen werden.<\/li>\n<li><strong>Pflegehinweise<\/strong>: Um seine Sch\u00f6nheit zu erhalten, reinigen Sie es vorsichtig mit einem weichen Tuch und bewahren Sie es an einem trockenen Ort auf, wenn Sie es nicht benutzen.<\/li>\n<\/ul>","protected":false},"excerpt":{"rendered":"<div class=\"woocommerce-product-details__short-description\">\n<div class=\"woocommerce-product-details__short-description\">\n<table class=\"sh_desc\">\n<tbody>\n<tr>\n<td>Art der Halskette<\/td>\n<td>Mala Style Halskette mit Emaille<\/td>\n<\/tr>\n<tr>\n<td>SKU<\/td>\n<td>49611<\/td>\n<\/tr>\n<tr>\n<td>Gewicht<\/td>\n<td>31.6 Gms<\/td>\n<\/tr>\n<tr>\n<td>L\u00e4nge<\/td>\n<td>18 Zoll<\/td>\n<\/tr>\n<tr>\n<td>Metall<\/td>\n<td>22ct Gold<\/td>\n<\/tr>\n<tr>\n<td>Entgelte<\/td>\n<td>Lieferung und Mehrwertsteuer inbegriffen<\/td>\n<\/tr>\n<tr>\n<td>Verpackung<\/td>\n<td>Mit Pr\u00e4sentationsbox<\/td>\n<\/tr>\n<tr>\n<td>Mehr Informationen<\/td>\n<td>Live-Chat mit uns f\u00fcr Verf\u00fcgbarkeit und mehr Bilder<\/td>\n<\/tr>\n<\/tbody>\n<\/table>\n<\/div>\n<div class=\"btn-atc atc-slide\"><\/div>\n<div class=\"product_meta\"><\/div>\n<\/div>\n<div class=\"btn-atc atc-slide\"><\/div>\n<div class=\"product_meta\"><\/div>","protected":false},"featured_media":374362,"comment_status":"closed","ping_status":"closed","template":"","meta":{"_eb_attr":"","_crsspst_to_jayantr4sg-hostcom":false},"product_brand":[],"product_cat":[245,5643,1617,236,1229,1253,1779,1573,1574,5349],"product_tag":[],"class_list":{"0":"post-374361","1":"product","2":"type-product","3":"status-publish","4":"has-post-thumbnail","6":"product_cat-armari-collections","7":"product_cat-armari-necklace","8":"product_cat-fancy-mala-chains","9":"product_cat-collections","10":"product_cat-22ct-gold-jewellery","11":"product_cat-gold-necklaces","12":"product_cat-mala-style-necklaces","13":"product_cat-wedding-gifts","14":"product_cat-womens-jewellery","15":"product_cat-yellow-gold-jewellery","17":"first","18":"outofstock","19":"taxable","20":"shipping-taxable","21":"product-type-simple","22":"add-to-wishlist-before_image"},"yoast_head":"<!-- This site is optimized with the Yoast SEO plugin v27.6 - https:\/\/yoast.com\/product\/yoast-seo-wordpress\/ -->\n<title>22ct Gold Mala Style Necklace with Enamel | PureJewels UK<\/title>\n<meta name=\"description\" content=\"Discover the exquisite 22ct Gold Mala Style Necklace with Enamel at PureJewels UK. This stunning piece combines traditional elegance with vibrant enamel accents.\" \/>\n<meta name=\"robots\" content=\"index, follow, max-snippet:-1, max-image-preview:large, max-video-preview:-1\" \/>\n<link rel=\"canonical\" href=\"https:\/\/www.purejewels.com\/de\/produkt-2\/22ct-gold-mala-stil-halskette-mit-emaille-49611\/\" \/>\n<meta property=\"og:locale\" content=\"de_DE\" \/>\n<meta property=\"og:type\" content=\"article\" \/>\n<meta property=\"og:title\" content=\"22ct Gold Mala Style Necklace with Enamel | PureJewels UK\" \/>\n<meta property=\"og:description\" content=\"Discover the exquisite 22ct Gold Mala Style Necklace with Enamel at PureJewels UK. This stunning piece combines traditional elegance with vibrant enamel accents.\" \/>\n<meta property=\"og:url\" content=\"https:\/\/www.purejewels.com\/de\/produkt-2\/22ct-gold-mala-stil-halskette-mit-emaille-49611\/\" \/>\n<meta property=\"og:site_name\" content=\"PureJewels UK\" \/>\n<meta property=\"article:modified_time\" content=\"2025-05-26T10:12:21+00:00\" \/>\n<meta property=\"og:image\" content=\"https:\/\/www.purejewels.com\/wp-content\/uploads\/2024\/10\/49611.jpg\" \/>\n\t<meta property=\"og:image:width\" content=\"1000\" \/>\n\t<meta property=\"og:image:height\" content=\"1000\" \/>\n\t<meta property=\"og:image:type\" content=\"image\/jpeg\" \/>\n<meta name=\"twitter:card\" content=\"summary_large_image\" \/>\n<meta name=\"twitter:label1\" content=\"Gesch\u00e4tzte Lesezeit\" \/>\n\t<meta name=\"twitter:data1\" content=\"1\u00a0Minute\" \/>\n<script type=\"application\/ld+json\" class=\"yoast-schema-graph\">{\"@context\":\"https:\\\/\\\/schema.org\",\"@graph\":[{\"@type\":[\"WebPage\",\"ItemPage\"],\"@id\":\"https:\\\/\\\/www.purejewels.com\\\/product\\\/22ct-gold-mala-style-necklace-with-enamel-49611\\\/\",\"url\":\"https:\\\/\\\/www.purejewels.com\\\/product\\\/22ct-gold-mala-style-necklace-with-enamel-49611\\\/\",\"name\":\"22ct Gold Mala Style Necklace with Enamel | PureJewels UK\",\"isPartOf\":{\"@id\":\"https:\\\/\\\/www.purejewels.com\\\/#website\"},\"primaryImageOfPage\":{\"@id\":\"https:\\\/\\\/www.purejewels.com\\\/product\\\/22ct-gold-mala-style-necklace-with-enamel-49611\\\/#primaryimage\"},\"image\":{\"@id\":\"https:\\\/\\\/www.purejewels.com\\\/product\\\/22ct-gold-mala-style-necklace-with-enamel-49611\\\/#primaryimage\"},\"thumbnailUrl\":\"https:\\\/\\\/static.purejewels.com\\\/wp-content\\\/uploads\\\/2024\\\/10\\\/49611.jpg\",\"datePublished\":\"2024-10-21T08:01:03+00:00\",\"dateModified\":\"2025-05-26T10:12:21+00:00\",\"description\":\"Discover the exquisite 22ct Gold Mala Style Necklace with Enamel at PureJewels UK. This stunning piece combines traditional elegance with vibrant enamel accents.\",\"breadcrumb\":{\"@id\":\"https:\\\/\\\/www.purejewels.com\\\/product\\\/22ct-gold-mala-style-necklace-with-enamel-49611\\\/#breadcrumb\"},\"inLanguage\":\"de\",\"potentialAction\":[{\"@type\":\"ReadAction\",\"target\":[\"https:\\\/\\\/www.purejewels.com\\\/product\\\/22ct-gold-mala-style-necklace-with-enamel-49611\\\/\"]}]},{\"@type\":\"ImageObject\",\"inLanguage\":\"de\",\"@id\":\"https:\\\/\\\/www.purejewels.com\\\/product\\\/22ct-gold-mala-style-necklace-with-enamel-49611\\\/#primaryimage\",\"url\":\"https:\\\/\\\/static.purejewels.com\\\/wp-content\\\/uploads\\\/2024\\\/10\\\/49611.jpg\",\"contentUrl\":\"https:\\\/\\\/static.purejewels.com\\\/wp-content\\\/uploads\\\/2024\\\/10\\\/49611.jpg\",\"width\":1000,\"height\":1000,\"caption\":\"22ct Gold Mala Necklace\"},{\"@type\":\"BreadcrumbList\",\"@id\":\"https:\\\/\\\/www.purejewels.com\\\/product\\\/22ct-gold-mala-style-necklace-with-enamel-49611\\\/#breadcrumb\",\"itemListElement\":[{\"@type\":\"ListItem\",\"position\":1,\"name\":\"Home\",\"item\":\"https:\\\/\\\/www.purejewels.com\\\/\"},{\"@type\":\"ListItem\",\"position\":2,\"name\":\"Shop\",\"item\":\"https:\\\/\\\/www.purejewels.com\\\/shop\\\/\"},{\"@type\":\"ListItem\",\"position\":3,\"name\":\"22ct Gold Mala Style Necklace with Enamel\"}]},{\"@type\":\"WebSite\",\"@id\":\"https:\\\/\\\/www.purejewels.com\\\/#website\",\"url\":\"https:\\\/\\\/www.purejewels.com\\\/\",\"name\":\"PureJewels UK\",\"description\":\"Share the Love\",\"publisher\":{\"@id\":\"https:\\\/\\\/www.purejewels.com\\\/#organization\"},\"potentialAction\":[{\"@type\":\"SearchAction\",\"target\":{\"@type\":\"EntryPoint\",\"urlTemplate\":\"https:\\\/\\\/www.purejewels.com\\\/?s={search_term_string}\"},\"query-input\":{\"@type\":\"PropertyValueSpecification\",\"valueRequired\":true,\"valueName\":\"search_term_string\"}}],\"inLanguage\":\"de\"},{\"@type\":\"Organization\",\"@id\":\"https:\\\/\\\/www.purejewels.com\\\/#organization\",\"name\":\"PureJewels UK\",\"url\":\"https:\\\/\\\/www.purejewels.com\\\/\",\"logo\":{\"@type\":\"ImageObject\",\"inLanguage\":\"de\",\"@id\":\"https:\\\/\\\/www.purejewels.com\\\/#\\\/schema\\\/logo\\\/image\\\/\",\"url\":\"https:\\\/\\\/static.purejewels.com\\\/wp-content\\\/uploads\\\/2020\\\/11\\\/Logo-PJ-New-1.png\",\"contentUrl\":\"https:\\\/\\\/static.purejewels.com\\\/wp-content\\\/uploads\\\/2020\\\/11\\\/Logo-PJ-New-1.png\",\"width\":150,\"height\":80,\"caption\":\"PureJewels UK\"},\"image\":{\"@id\":\"https:\\\/\\\/www.purejewels.com\\\/#\\\/schema\\\/logo\\\/image\\\/\"}}]}<\/script>\n<!-- \/ Yoast SEO plugin. -->","yoast_head_json":{"title":"22ct Gold Mala Style Halskette mit Emaille | PureJewels UK","description":"Entdecken Sie die exquisite 22ct Gold Mala Style Halskette mit Emaille bei PureJewels UK. Dieses atemberaubende St\u00fcck kombiniert traditionelle Eleganz mit lebhaften Emaille-Akzenten.","robots":{"index":"index","follow":"follow","max-snippet":"max-snippet:-1","max-image-preview":"max-image-preview:large","max-video-preview":"max-video-preview:-1"},"canonical":"https:\/\/www.purejewels.com\/de\/produkt-2\/22ct-gold-mala-stil-halskette-mit-emaille-49611\/","og_locale":"de_DE","og_type":"article","og_title":"22ct Gold Mala Style Necklace with Enamel | PureJewels UK","og_description":"Discover the exquisite 22ct Gold Mala Style Necklace with Enamel at PureJewels UK. This stunning piece combines traditional elegance with vibrant enamel accents.","og_url":"https:\/\/www.purejewels.com\/de\/produkt-2\/22ct-gold-mala-stil-halskette-mit-emaille-49611\/","og_site_name":"PureJewels UK","article_modified_time":"2025-05-26T10:12:21+00:00","og_image":[{"width":1000,"height":1000,"url":"https:\/\/www.purejewels.com\/wp-content\/uploads\/2024\/10\/49611.jpg","type":"image\/jpeg"}],"twitter_card":"summary_large_image","twitter_misc":{"Gesch\u00e4tzte Lesezeit":"1\u00a0Minute"},"schema":{"@context":"https:\/\/schema.org","@graph":[{"@type":["WebPage","ItemPage"],"@id":"https:\/\/www.purejewels.com\/product\/22ct-gold-mala-style-necklace-with-enamel-49611\/","url":"https:\/\/www.purejewels.com\/product\/22ct-gold-mala-style-necklace-with-enamel-49611\/","name":"22ct Gold Mala Style Halskette mit Emaille | PureJewels UK","isPartOf":{"@id":"https:\/\/www.purejewels.com\/#website"},"primaryImageOfPage":{"@id":"https:\/\/www.purejewels.com\/product\/22ct-gold-mala-style-necklace-with-enamel-49611\/#primaryimage"},"image":{"@id":"https:\/\/www.purejewels.com\/product\/22ct-gold-mala-style-necklace-with-enamel-49611\/#primaryimage"},"thumbnailUrl":"https:\/\/static.purejewels.com\/wp-content\/uploads\/2024\/10\/49611.jpg","datePublished":"2024-10-21T08:01:03+00:00","dateModified":"2025-05-26T10:12:21+00:00","description":"Entdecken Sie die exquisite 22ct Gold Mala Style Halskette mit Emaille bei PureJewels UK. Dieses atemberaubende St\u00fcck kombiniert traditionelle Eleganz mit lebhaften Emaille-Akzenten.","breadcrumb":{"@id":"https:\/\/www.purejewels.com\/product\/22ct-gold-mala-style-necklace-with-enamel-49611\/#breadcrumb"},"inLanguage":"de","potentialAction":[{"@type":"ReadAction","target":["https:\/\/www.purejewels.com\/product\/22ct-gold-mala-style-necklace-with-enamel-49611\/"]}]},{"@type":"ImageObject","inLanguage":"de","@id":"https:\/\/www.purejewels.com\/product\/22ct-gold-mala-style-necklace-with-enamel-49611\/#primaryimage","url":"https:\/\/static.purejewels.com\/wp-content\/uploads\/2024\/10\/49611.jpg","contentUrl":"https:\/\/static.purejewels.com\/wp-content\/uploads\/2024\/10\/49611.jpg","width":1000,"height":1000,"caption":"22ct Gold Mala Necklace"},{"@type":"BreadcrumbList","@id":"https:\/\/www.purejewels.com\/product\/22ct-gold-mala-style-necklace-with-enamel-49611\/#breadcrumb","itemListElement":[{"@type":"ListItem","position":1,"name":"Home","item":"https:\/\/www.purejewels.com\/"},{"@type":"ListItem","position":2,"name":"Shop","item":"https:\/\/www.purejewels.com\/shop\/"},{"@type":"ListItem","position":3,"name":"22ct Gold Mala Style Necklace with Enamel"}]},{"@type":"WebSite","@id":"https:\/\/www.purejewels.com\/#website","url":"https:\/\/www.purejewels.com\/","name":"PureJewels UK","description":"Teile die Liebe","publisher":{"@id":"https:\/\/www.purejewels.com\/#organization"},"potentialAction":[{"@type":"SearchAction","target":{"@type":"EntryPoint","urlTemplate":"https:\/\/www.purejewels.com\/?s={search_term_string}"},"query-input":{"@type":"PropertyValueSpecification","valueRequired":true,"valueName":"search_term_string"}}],"inLanguage":"de"},{"@type":"Organization","@id":"https:\/\/www.purejewels.com\/#organization","name":"PureJewels UK","url":"https:\/\/www.purejewels.com\/","logo":{"@type":"ImageObject","inLanguage":"de","@id":"https:\/\/www.purejewels.com\/#\/schema\/logo\/image\/","url":"https:\/\/static.purejewels.com\/wp-content\/uploads\/2020\/11\/Logo-PJ-New-1.png","contentUrl":"https:\/\/static.purejewels.com\/wp-content\/uploads\/2020\/11\/Logo-PJ-New-1.png","width":150,"height":80,"caption":"PureJewels UK"},"image":{"@id":"https:\/\/www.purejewels.com\/#\/schema\/logo\/image\/"}}]}},"_links":{"self":[{"href":"https:\/\/www.purejewels.com\/de\/wp-json\/wp\/v2\/product\/374361","targetHints":{"allow":["GET"]}}],"collection":[{"href":"https:\/\/www.purejewels.com\/de\/wp-json\/wp\/v2\/product"}],"about":[{"href":"https:\/\/www.purejewels.com\/de\/wp-json\/wp\/v2\/types\/product"}],"replies":[{"embeddable":true,"href":"https:\/\/www.purejewels.com\/de\/wp-json\/wp\/v2\/comments?post=374361"}],"version-history":[{"count":2,"href":"https:\/\/www.purejewels.com\/de\/wp-json\/wp\/v2\/product\/374361\/revisions"}],"predecessor-version":[{"id":395995,"href":"https:\/\/www.purejewels.com\/de\/wp-json\/wp\/v2\/product\/374361\/revisions\/395995"}],"wp:featuredmedia":[{"embeddable":true,"href":"https:\/\/www.purejewels.com\/de\/wp-json\/wp\/v2\/media\/374362"}],"wp:attachment":[{"href":"https:\/\/www.purejewels.com\/de\/wp-json\/wp\/v2\/media?parent=374361"}],"wp:term":[{"taxonomy":"product_brand","embeddable":true,"href":"https:\/\/www.purejewels.com\/de\/wp-json\/wp\/v2\/product_brand?post=374361"},{"taxonomy":"product_cat","embeddable":true,"href":"https:\/\/www.purejewels.com\/de\/wp-json\/wp\/v2\/product_cat?post=374361"},{"taxonomy":"product_tag","embeddable":true,"href":"https:\/\/www.purejewels.com\/de\/wp-json\/wp\/v2\/product_tag?post=374361"}],"curies":[{"name":"wp","href":"https:\/\/api.w.org\/{rel}","templated":true}]}}