{"id":374395,"date":"2025-05-31T12:15:16","date_gmt":"2025-05-31T11:15:16","guid":{"rendered":"https:\/\/www.purejewels.com\/?post_type=product&#038;p=374395"},"modified":"2026-01-06T06:20:07","modified_gmt":"2026-01-06T06:20:07","slug":"rosetten-ohrring-aus-22-karat-sonnengold-50656","status":"publish","type":"product","link":"https:\/\/www.purejewels.com\/de\/product\/22ct-sunrise-gold-rosette-earring-50656\/","title":{"rendered":"Schwebende Rosetten-Ohrringe"},"content":{"rendered":"<p data-start=\"226\" data-end=\"484\">Die Floating Rosettes Hoop Earrings sind ein strahlender Ausdruck von Tradition und Moderne und zelebrieren die bedeutungsvollen Momente des Lebens. Die zarten, gestanzten Blumenmotive lassen jede einzelne Bl\u00fcte scheinbar m\u00fchelos schweben und bilden eine anmutige, in der Zeit schwebende Girlande.<\/p>\n<p data-start=\"486\" data-end=\"975\">Diese Rosetten werden mit der sp\u00e4tviktorianischen Technik der Pr\u00e4gung hergestellt, einer Methode, die auf dem H\u00f6hepunkt der industriellen Revolution entstand. Urspr\u00fcnglich vom M\u00fcnzpr\u00e4geverfahren abgeleitet, revolutionierte diese Technik die Welt des Schmucks und erm\u00f6glichte die Herstellung von pr\u00e4zisen, skulpturalen Designs mit exquisiten Details. PureJewels ist stolz darauf, dieses traditionelle Handwerk zu bewahren, sein Erbe zu ehren und es gleichzeitig durch die Linse europ\u00e4ischer Raffinesse und britischer Designsensibilit\u00e4t neu zu interpretieren.<\/p>\n<p data-start=\"977\" data-end=\"1283\">Die Ohrringe aus 22-kar\u00e4tigem Gold sind mit einem sanft strukturierten, offenen Ring versehen und erinnern an die zeitlose Sch\u00f6nheit einer feierlichen Girlande - ein Symbol f\u00fcr Anmut, Ehre und freudige Meilensteine. Luftig und doch filigran, traditionell und doch modern - diese Ohrringe sind ein Beispiel f\u00fcr PureJewels' best\u00e4ndiges Engagement f\u00fcr Handwerkskunst und Geschichtenerz\u00e4hlen.<\/p>\n<ul>\n<li><strong>Bereichs-ID: SGERDRRS001<\/strong><\/li>\n<\/ul>","protected":false},"excerpt":{"rendered":"<p>Die Floating Rosettes Hoop Earrings verk\u00f6rpern Eleganz, Tradition und Innovation. Gefertigt aus <strong data-start=\"181\" data-end=\"202\">22ct Sonnenaufgang Gold<\/strong>Jedes florale Element wird mit einer seltenen sp\u00e4tviktorianischen Technik gestanzt, die urspr\u00fcnglich aus der M\u00fcnzpr\u00e4gung w\u00e4hrend der industriellen Revolution \u00fcbernommen wurde. Diese Methode erm\u00f6glicht exquisite Details und skulpturale Pr\u00e4zision. PureJewels ehrt dieses Handwerk, indem es traditionelle Mechanik mit europ\u00e4ischer Raffinesse und britischem Designgef\u00fchl verbindet. Die Rosetten scheinen entlang eines zart strukturierten, offenen Reifs zu schweben und bilden eine anmutige Girlande, die Feste und pers\u00f6nliche Meilensteine symbolisiert. Diese leichten und doch filigranen Ohrringe sind ein zeitloser Ausdruck von Handwerkskunst und Geschichtenerz\u00e4hlen, getreu dem Geist der Rosettes Collection.<\/p>\n<p><strong>Material:<\/strong> 22ct Sonnenaufgang Gold<br \/>\n<strong>Reinheit:<\/strong> 91.6% massiv Gold<br \/>\n<strong>Wahrzeichen:<\/strong> Britisches G\u00fctesiegel<br \/>\n<strong>SKU:<\/strong> 50656, 50655<br \/>\n<strong>Gewicht:<\/strong> 6.8 Gms<br \/>\n<strong>Drahtst\u00e4rke:<\/strong> 1,6 mm<\/p>\n<p><strong>Preis und Lieferung:<\/strong>\u00a0Inklusive Mehrwertsteuer und Lieferkosten<br \/>\n<a href=\"https:\/\/www.purejewels.com\/de\/ruckgabepolitik\/\"><strong>R\u00fcckgabepolitik<\/strong><\/a><\/p>","protected":false},"featured_media":375403,"comment_status":"closed","ping_status":"closed","template":"","meta":{"_eb_attr":"","_crsspst_to_jayantr4sg-hostcom":false},"product_brand":[],"product_cat":[1791,1559,236,1254,1656,5274,1577,1574],"product_tag":[1430],"class_list":{"0":"post-374395","1":"product","2":"type-product","3":"status-publish","4":"has-post-thumbnail","6":"product_cat-anniversary-gifts","7":"product_cat-birthday-gifts","8":"product_cat-collections","9":"product_cat-gold-earrings","10":"product_cat-rosettes-collections","11":"product_cat-rosettes-earring","12":"product_cat-stud-earrings","13":"product_cat-womens-jewellery","14":"product_tag-diwali-gift","16":"first","17":"outofstock","18":"taxable","19":"shipping-taxable","20":"product-type-simple","21":"add-to-wishlist-before_image"},"yoast_head":"<!-- This site is optimized with the Yoast SEO plugin v27.3 - https:\/\/yoast.com\/product\/yoast-seo-wordpress\/ -->\n<title>22ct Sunrise Gold Rosette Earring | Classic Floral Design<\/title>\n<meta name=\"description\" content=\"Elevate your style with 22ct Sunrise Gold Rosette Earrings, featuring a timeless floral design that adds elegance to any look.\" \/>\n<meta name=\"robots\" content=\"index, follow, max-snippet:-1, max-image-preview:large, max-video-preview:-1\" \/>\n<link rel=\"canonical\" href=\"https:\/\/www.purejewels.com\/de\/produkt-2\/rosetten-ohrring-aus-22-karat-sonnengold-50656\/\" \/>\n<meta property=\"og:locale\" content=\"de_DE\" \/>\n<meta property=\"og:type\" content=\"article\" \/>\n<meta property=\"og:title\" content=\"22ct Sunrise Gold Rosette Earring | Classic Floral Design\" \/>\n<meta property=\"og:description\" content=\"Elevate your style with 22ct Sunrise Gold Rosette Earrings, featuring a timeless floral design that adds elegance to any look.\" \/>\n<meta property=\"og:url\" content=\"https:\/\/www.purejewels.com\/de\/produkt-2\/rosetten-ohrring-aus-22-karat-sonnengold-50656\/\" \/>\n<meta property=\"og:site_name\" content=\"PureJewels UK\" \/>\n<meta property=\"article:modified_time\" content=\"2026-01-06T06:20:07+00:00\" \/>\n<meta property=\"og:image\" content=\"https:\/\/www.purejewels.com\/wp-content\/uploads\/2024\/10\/SKU-48231.png\" \/>\n\t<meta property=\"og:image:width\" content=\"1000\" \/>\n\t<meta property=\"og:image:height\" content=\"1000\" \/>\n\t<meta property=\"og:image:type\" content=\"image\/png\" \/>\n<meta name=\"twitter:card\" content=\"summary_large_image\" \/>\n<meta name=\"twitter:label1\" content=\"Gesch\u00e4tzte Lesezeit\" \/>\n\t<meta name=\"twitter:data1\" content=\"1\u00a0Minute\" \/>\n<script type=\"application\/ld+json\" class=\"yoast-schema-graph\">{\"@context\":\"https:\\\/\\\/schema.org\",\"@graph\":[{\"@type\":[\"WebPage\",\"ItemPage\"],\"@id\":\"https:\\\/\\\/www.purejewels.com\\\/product\\\/22ct-sunrise-gold-rosette-earring-50656\\\/\",\"url\":\"https:\\\/\\\/www.purejewels.com\\\/product\\\/22ct-sunrise-gold-rosette-earring-50656\\\/\",\"name\":\"22ct Sunrise Gold Rosette Earring | Classic Floral Design\",\"isPartOf\":{\"@id\":\"https:\\\/\\\/www.purejewels.com\\\/#website\"},\"primaryImageOfPage\":{\"@id\":\"https:\\\/\\\/www.purejewels.com\\\/product\\\/22ct-sunrise-gold-rosette-earring-50656\\\/#primaryimage\"},\"image\":{\"@id\":\"https:\\\/\\\/www.purejewels.com\\\/product\\\/22ct-sunrise-gold-rosette-earring-50656\\\/#primaryimage\"},\"thumbnailUrl\":\"https:\\\/\\\/static.purejewels.com\\\/wp-content\\\/uploads\\\/2024\\\/10\\\/SKU-48231.png\",\"datePublished\":\"2025-05-31T11:15:16+00:00\",\"dateModified\":\"2026-01-06T06:20:07+00:00\",\"description\":\"Elevate your style with 22ct Sunrise Gold Rosette Earrings, featuring a timeless floral design that adds elegance to any look.\",\"breadcrumb\":{\"@id\":\"https:\\\/\\\/www.purejewels.com\\\/product\\\/22ct-sunrise-gold-rosette-earring-50656\\\/#breadcrumb\"},\"inLanguage\":\"de\",\"potentialAction\":[{\"@type\":\"ReadAction\",\"target\":[\"https:\\\/\\\/www.purejewels.com\\\/product\\\/22ct-sunrise-gold-rosette-earring-50656\\\/\"]}]},{\"@type\":\"ImageObject\",\"inLanguage\":\"de\",\"@id\":\"https:\\\/\\\/www.purejewels.com\\\/product\\\/22ct-sunrise-gold-rosette-earring-50656\\\/#primaryimage\",\"url\":\"https:\\\/\\\/static.purejewels.com\\\/wp-content\\\/uploads\\\/2024\\\/10\\\/SKU-48231.png\",\"contentUrl\":\"https:\\\/\\\/static.purejewels.com\\\/wp-content\\\/uploads\\\/2024\\\/10\\\/SKU-48231.png\",\"width\":1000,\"height\":1000,\"caption\":\"22ct Sunrise Gold Rosette Earring\"},{\"@type\":\"BreadcrumbList\",\"@id\":\"https:\\\/\\\/www.purejewels.com\\\/product\\\/22ct-sunrise-gold-rosette-earring-50656\\\/#breadcrumb\",\"itemListElement\":[{\"@type\":\"ListItem\",\"position\":1,\"name\":\"Home\",\"item\":\"https:\\\/\\\/www.purejewels.com\\\/\"},{\"@type\":\"ListItem\",\"position\":2,\"name\":\"Shop\",\"item\":\"https:\\\/\\\/www.purejewels.com\\\/shop\\\/\"},{\"@type\":\"ListItem\",\"position\":3,\"name\":\"Floating Rosettes Hoop Earrings\"}]},{\"@type\":\"WebSite\",\"@id\":\"https:\\\/\\\/www.purejewels.com\\\/#website\",\"url\":\"https:\\\/\\\/www.purejewels.com\\\/\",\"name\":\"PureJewels UK\",\"description\":\"Share the Love\",\"publisher\":{\"@id\":\"https:\\\/\\\/www.purejewels.com\\\/#organization\"},\"potentialAction\":[{\"@type\":\"SearchAction\",\"target\":{\"@type\":\"EntryPoint\",\"urlTemplate\":\"https:\\\/\\\/www.purejewels.com\\\/?s={search_term_string}\"},\"query-input\":{\"@type\":\"PropertyValueSpecification\",\"valueRequired\":true,\"valueName\":\"search_term_string\"}}],\"inLanguage\":\"de\"},{\"@type\":\"Organization\",\"@id\":\"https:\\\/\\\/www.purejewels.com\\\/#organization\",\"name\":\"PureJewels UK\",\"url\":\"https:\\\/\\\/www.purejewels.com\\\/\",\"logo\":{\"@type\":\"ImageObject\",\"inLanguage\":\"de\",\"@id\":\"https:\\\/\\\/www.purejewels.com\\\/#\\\/schema\\\/logo\\\/image\\\/\",\"url\":\"https:\\\/\\\/static.purejewels.com\\\/wp-content\\\/uploads\\\/2020\\\/11\\\/Logo-PJ-New-1.png\",\"contentUrl\":\"https:\\\/\\\/static.purejewels.com\\\/wp-content\\\/uploads\\\/2020\\\/11\\\/Logo-PJ-New-1.png\",\"width\":150,\"height\":80,\"caption\":\"PureJewels UK\"},\"image\":{\"@id\":\"https:\\\/\\\/www.purejewels.com\\\/#\\\/schema\\\/logo\\\/image\\\/\"}}]}<\/script>\n<!-- \/ Yoast SEO plugin. -->","yoast_head_json":{"title":"22ct Sunrise Gold Rosetten-Ohrring | Klassisches Blumenmuster","description":"Mit den Rosetten-Ohrringen aus 22-kar\u00e4tigem Sunrise-Gold mit zeitlosem Blumendesign, das jedem Look Eleganz verleiht, verleihen Sie Ihrem Outfit einen besonderen Touch.","robots":{"index":"index","follow":"follow","max-snippet":"max-snippet:-1","max-image-preview":"max-image-preview:large","max-video-preview":"max-video-preview:-1"},"canonical":"https:\/\/www.purejewels.com\/de\/produkt-2\/rosetten-ohrring-aus-22-karat-sonnengold-50656\/","og_locale":"de_DE","og_type":"article","og_title":"22ct Sunrise Gold Rosette Earring | Classic Floral Design","og_description":"Elevate your style with 22ct Sunrise Gold Rosette Earrings, featuring a timeless floral design that adds elegance to any look.","og_url":"https:\/\/www.purejewels.com\/de\/produkt-2\/rosetten-ohrring-aus-22-karat-sonnengold-50656\/","og_site_name":"PureJewels UK","article_modified_time":"2026-01-06T06:20:07+00:00","og_image":[{"width":1000,"height":1000,"url":"https:\/\/www.purejewels.com\/wp-content\/uploads\/2024\/10\/SKU-48231.png","type":"image\/png"}],"twitter_card":"summary_large_image","twitter_misc":{"Gesch\u00e4tzte Lesezeit":"1\u00a0Minute"},"schema":{"@context":"https:\/\/schema.org","@graph":[{"@type":["WebPage","ItemPage"],"@id":"https:\/\/www.purejewels.com\/product\/22ct-sunrise-gold-rosette-earring-50656\/","url":"https:\/\/www.purejewels.com\/product\/22ct-sunrise-gold-rosette-earring-50656\/","name":"22ct Sunrise Gold Rosetten-Ohrring | Klassisches Blumenmuster","isPartOf":{"@id":"https:\/\/www.purejewels.com\/#website"},"primaryImageOfPage":{"@id":"https:\/\/www.purejewels.com\/product\/22ct-sunrise-gold-rosette-earring-50656\/#primaryimage"},"image":{"@id":"https:\/\/www.purejewels.com\/product\/22ct-sunrise-gold-rosette-earring-50656\/#primaryimage"},"thumbnailUrl":"https:\/\/static.purejewels.com\/wp-content\/uploads\/2024\/10\/SKU-48231.png","datePublished":"2025-05-31T11:15:16+00:00","dateModified":"2026-01-06T06:20:07+00:00","description":"Mit den Rosetten-Ohrringen aus 22-kar\u00e4tigem Sunrise-Gold mit zeitlosem Blumendesign, das jedem Look Eleganz verleiht, verleihen Sie Ihrem Outfit einen besonderen Touch.","breadcrumb":{"@id":"https:\/\/www.purejewels.com\/product\/22ct-sunrise-gold-rosette-earring-50656\/#breadcrumb"},"inLanguage":"de","potentialAction":[{"@type":"ReadAction","target":["https:\/\/www.purejewels.com\/product\/22ct-sunrise-gold-rosette-earring-50656\/"]}]},{"@type":"ImageObject","inLanguage":"de","@id":"https:\/\/www.purejewels.com\/product\/22ct-sunrise-gold-rosette-earring-50656\/#primaryimage","url":"https:\/\/static.purejewels.com\/wp-content\/uploads\/2024\/10\/SKU-48231.png","contentUrl":"https:\/\/static.purejewels.com\/wp-content\/uploads\/2024\/10\/SKU-48231.png","width":1000,"height":1000,"caption":"22ct Sunrise Gold Rosette Earring"},{"@type":"BreadcrumbList","@id":"https:\/\/www.purejewels.com\/product\/22ct-sunrise-gold-rosette-earring-50656\/#breadcrumb","itemListElement":[{"@type":"ListItem","position":1,"name":"Home","item":"https:\/\/www.purejewels.com\/"},{"@type":"ListItem","position":2,"name":"Shop","item":"https:\/\/www.purejewels.com\/shop\/"},{"@type":"ListItem","position":3,"name":"Floating Rosettes Hoop Earrings"}]},{"@type":"WebSite","@id":"https:\/\/www.purejewels.com\/#website","url":"https:\/\/www.purejewels.com\/","name":"PureJewels UK","description":"Teile die Liebe","publisher":{"@id":"https:\/\/www.purejewels.com\/#organization"},"potentialAction":[{"@type":"SearchAction","target":{"@type":"EntryPoint","urlTemplate":"https:\/\/www.purejewels.com\/?s={search_term_string}"},"query-input":{"@type":"PropertyValueSpecification","valueRequired":true,"valueName":"search_term_string"}}],"inLanguage":"de"},{"@type":"Organization","@id":"https:\/\/www.purejewels.com\/#organization","name":"PureJewels UK","url":"https:\/\/www.purejewels.com\/","logo":{"@type":"ImageObject","inLanguage":"de","@id":"https:\/\/www.purejewels.com\/#\/schema\/logo\/image\/","url":"https:\/\/static.purejewels.com\/wp-content\/uploads\/2020\/11\/Logo-PJ-New-1.png","contentUrl":"https:\/\/static.purejewels.com\/wp-content\/uploads\/2020\/11\/Logo-PJ-New-1.png","width":150,"height":80,"caption":"PureJewels UK"},"image":{"@id":"https:\/\/www.purejewels.com\/#\/schema\/logo\/image\/"}}]}},"_links":{"self":[{"href":"https:\/\/www.purejewels.com\/de\/wp-json\/wp\/v2\/product\/374395","targetHints":{"allow":["GET"]}}],"collection":[{"href":"https:\/\/www.purejewels.com\/de\/wp-json\/wp\/v2\/product"}],"about":[{"href":"https:\/\/www.purejewels.com\/de\/wp-json\/wp\/v2\/types\/product"}],"replies":[{"embeddable":true,"href":"https:\/\/www.purejewels.com\/de\/wp-json\/wp\/v2\/comments?post=374395"}],"version-history":[{"count":6,"href":"https:\/\/www.purejewels.com\/de\/wp-json\/wp\/v2\/product\/374395\/revisions"}],"predecessor-version":[{"id":400875,"href":"https:\/\/www.purejewels.com\/de\/wp-json\/wp\/v2\/product\/374395\/revisions\/400875"}],"wp:featuredmedia":[{"embeddable":true,"href":"https:\/\/www.purejewels.com\/de\/wp-json\/wp\/v2\/media\/375403"}],"wp:attachment":[{"href":"https:\/\/www.purejewels.com\/de\/wp-json\/wp\/v2\/media?parent=374395"}],"wp:term":[{"taxonomy":"product_brand","embeddable":true,"href":"https:\/\/www.purejewels.com\/de\/wp-json\/wp\/v2\/product_brand?post=374395"},{"taxonomy":"product_cat","embeddable":true,"href":"https:\/\/www.purejewels.com\/de\/wp-json\/wp\/v2\/product_cat?post=374395"},{"taxonomy":"product_tag","embeddable":true,"href":"https:\/\/www.purejewels.com\/de\/wp-json\/wp\/v2\/product_tag?post=374395"}],"curies":[{"name":"wp","href":"https:\/\/api.w.org\/{rel}","templated":true}]}}