{"id":374689,"date":"2024-10-24T11:10:15","date_gmt":"2024-10-24T10:10:15","guid":{"rendered":"https:\/\/www.purejewels.com\/?post_type=product&#038;p=374689"},"modified":"2026-05-11T13:04:20","modified_gmt":"2026-05-11T12:04:20","slug":"22-kt-gold-fancy-mit-rhodium-finish-kette-18-zoll-48282","status":"publish","type":"product","link":"https:\/\/www.purejewels.com\/de\/product\/22ct-gold-fancy-with-rhodium-finish-chain-18inches-48282\/","title":{"rendered":"22ct Gold | Fancy mit Rhodium Finish Kette | 18 Zoll"},"content":{"rendered":"<p>Verleihen Sie Ihrem Urlaubsensemble einen Hauch von Luxus mit unseren atemberaubenden <a href=\"https:\/\/www.purejewels.com\/de\/product\/22ct-gold-jali-filigree-ring-jali-collection-31926\/\">22ct<\/a> Gold Fancy Chain mit einem schillernden <a href=\"https:\/\/www.purejewels.com\/de\/product\/designer-ring-for-women-in-22-carat-31928\/\">Rhodium-Finish<\/a>. Diese 18-Zoll-Sch\u00f6nheit ist das perfekte Accessoire f\u00fcr jeden festlichen Anlass und ein absolutes Muss f\u00fcr die Weihnachtszeit. Mit dieser exquisiten Kette, die Eleganz und Raffinesse ausstrahlt, k\u00f6nnen Sie Ihren Look aufpeppen und die ganze Saison \u00fcber gl\u00e4nzen. G\u00f6nnen Sie sich selbst oder einem geliebten Menschen ein Geschenk, das sie f\u00fcr immer in Ehren halten werden, mit diesem zeitlosen und stilvollen St\u00fcck. Machen Sie die Weihnachtszeit zu einer unvergesslichen Zeit mit unseren exquisiten <a href=\"https:\/\/www.purejewels.com\/de\/product\/holy-cross-gold-pendant-44713\/\">22ct Gold<\/a> Ausgefallene Kette.<\/p>","protected":false},"excerpt":{"rendered":"<table class=\"sh_desc\">\n<tbody>\n<tr>\n<td>Typ der Kette<\/td>\n<td>Ausgefallene Kette<\/td>\n<\/tr>\n<tr>\n<td>SKU<\/td>\n<td>48282<\/td>\n<\/tr>\n<tr>\n<td>Gewicht<\/td>\n<td>2.6 Gms<\/td>\n<\/tr>\n<tr>\n<td>Dicke<\/td>\n<td>0,8 mm<\/td>\n<\/tr>\n<tr>\n<td>Metall<\/td>\n<td>22ct Gold<\/td>\n<\/tr>\n<tr>\n<td>L\u00e4nge<\/td>\n<td>18 Zoll<\/td>\n<\/tr>\n<tr>\n<td>Wahrzeichen<\/td>\n<td>22ct Gold gestempelt von London Assay Office<\/td>\n<\/tr>\n<tr>\n<td>Entgelte<\/td>\n<td>Lieferung und Mehrwertsteuer inbegriffen<\/td>\n<\/tr>\n<tr>\n<td>Verpackung<\/td>\n<td>Kommt mit Pr\u00e4sentationsbox<\/td>\n<\/tr>\n<tr>\n<td>Mehr Informationen<\/td>\n<td>Live-Chat mit uns f\u00fcr Verf\u00fcgbarkeit und mehr Bilder<\/td>\n<\/tr>\n<\/tbody>\n<\/table>","protected":false},"featured_media":374690,"comment_status":"closed","ping_status":"closed","template":"","meta":{"_eb_attr":"","_crsspst_to_jayantr4sg-hostcom":true},"product_brand":[],"product_cat":[1559,1794,5265,1475,1229,5343,1569,1574],"product_tag":[65,1430],"class_list":{"0":"post-374689","1":"product","2":"type-product","3":"status-publish","4":"has-post-thumbnail","6":"product_cat-birthday-gifts","7":"product_cat-christmas-gifts","8":"product_cat-foxtail-chain","9":"product_cat-gold-chains","10":"product_cat-22ct-gold-jewellery","11":"product_cat-jewellery-under-550","12":"product_cat-valentine-day-gifts","13":"product_cat-womens-jewellery","14":"product_tag-chains","15":"product_tag-diwali-gift","17":"first","18":"outofstock","19":"taxable","20":"shipping-taxable","21":"product-type-simple","22":"add-to-wishlist-before_image"},"yoast_head":"<!-- This site is optimized with the Yoast SEO plugin v27.5 - https:\/\/yoast.com\/product\/yoast-seo-wordpress\/ -->\n<title>22ct Gold Fancy Chain with Rhodium Finish | purejewels.com<\/title>\n<meta name=\"description\" content=\"levate your style with our 22ct Gold Fancy Chain, featuring a stunning rhodium finish. At 18 inches, this exquisite piece is perfect for layering.\" \/>\n<meta name=\"robots\" content=\"index, follow, max-snippet:-1, max-image-preview:large, max-video-preview:-1\" \/>\n<link rel=\"canonical\" href=\"https:\/\/www.purejewels.com\/de\/produkt-2\/22-kt-gold-fancy-mit-rhodium-finish-kette-18-zoll-48282\/\" \/>\n<meta property=\"og:locale\" content=\"de_DE\" \/>\n<meta property=\"og:type\" content=\"article\" \/>\n<meta property=\"og:title\" content=\"22ct Gold Fancy Chain with Rhodium Finish | purejewels.com\" \/>\n<meta property=\"og:description\" content=\"levate your style with our 22ct Gold Fancy Chain, featuring a stunning rhodium finish. At 18 inches, this exquisite piece is perfect for layering.\" \/>\n<meta property=\"og:url\" content=\"https:\/\/www.purejewels.com\/de\/produkt-2\/22-kt-gold-fancy-mit-rhodium-finish-kette-18-zoll-48282\/\" \/>\n<meta property=\"og:site_name\" content=\"PureJewels UK\" \/>\n<meta property=\"article:modified_time\" content=\"2026-05-11T12:04:20+00:00\" \/>\n<meta property=\"og:image\" content=\"https:\/\/static.purejewels.com\/wp-content\/uploads\/2024\/10\/48282.png\" \/>\n\t<meta property=\"og:image:width\" content=\"1000\" \/>\n\t<meta property=\"og:image:height\" content=\"1000\" \/>\n\t<meta property=\"og:image:type\" content=\"image\/png\" \/>\n<meta name=\"twitter:card\" content=\"summary_large_image\" \/>\n<meta name=\"twitter:label1\" content=\"Gesch\u00e4tzte Lesezeit\" \/>\n\t<meta name=\"twitter:data1\" content=\"1\u00a0Minute\" \/>\n<script type=\"application\/ld+json\" class=\"yoast-schema-graph\">{\"@context\":\"https:\\\/\\\/schema.org\",\"@graph\":[{\"@type\":[\"WebPage\",\"ItemPage\"],\"@id\":\"https:\\\/\\\/www.purejewels.com\\\/product\\\/22ct-gold-fancy-with-rhodium-finish-chain-18inches-48282\\\/\",\"url\":\"https:\\\/\\\/www.purejewels.com\\\/product\\\/22ct-gold-fancy-with-rhodium-finish-chain-18inches-48282\\\/\",\"name\":\"22ct Gold Fancy Chain with Rhodium Finish | purejewels.com\",\"isPartOf\":{\"@id\":\"https:\\\/\\\/www.purejewels.com\\\/#website\"},\"primaryImageOfPage\":{\"@id\":\"https:\\\/\\\/www.purejewels.com\\\/product\\\/22ct-gold-fancy-with-rhodium-finish-chain-18inches-48282\\\/#primaryimage\"},\"image\":{\"@id\":\"https:\\\/\\\/www.purejewels.com\\\/product\\\/22ct-gold-fancy-with-rhodium-finish-chain-18inches-48282\\\/#primaryimage\"},\"thumbnailUrl\":\"https:\\\/\\\/static.purejewels.com\\\/wp-content\\\/uploads\\\/2024\\\/10\\\/48282.png\",\"datePublished\":\"2024-10-24T10:10:15+00:00\",\"dateModified\":\"2026-05-11T12:04:20+00:00\",\"description\":\"levate your style with our 22ct Gold Fancy Chain, featuring a stunning rhodium finish. At 18 inches, this exquisite piece is perfect for layering.\",\"breadcrumb\":{\"@id\":\"https:\\\/\\\/www.purejewels.com\\\/product\\\/22ct-gold-fancy-with-rhodium-finish-chain-18inches-48282\\\/#breadcrumb\"},\"inLanguage\":\"de\",\"potentialAction\":[{\"@type\":\"ReadAction\",\"target\":[\"https:\\\/\\\/www.purejewels.com\\\/product\\\/22ct-gold-fancy-with-rhodium-finish-chain-18inches-48282\\\/\"]}]},{\"@type\":\"ImageObject\",\"inLanguage\":\"de\",\"@id\":\"https:\\\/\\\/www.purejewels.com\\\/product\\\/22ct-gold-fancy-with-rhodium-finish-chain-18inches-48282\\\/#primaryimage\",\"url\":\"https:\\\/\\\/static.purejewels.com\\\/wp-content\\\/uploads\\\/2024\\\/10\\\/48282.png\",\"contentUrl\":\"https:\\\/\\\/static.purejewels.com\\\/wp-content\\\/uploads\\\/2024\\\/10\\\/48282.png\",\"width\":1000,\"height\":1000,\"caption\":\"22ct Gold | Fancy with Rhodium Finish Chain | 18 Inches\"},{\"@type\":\"BreadcrumbList\",\"@id\":\"https:\\\/\\\/www.purejewels.com\\\/product\\\/22ct-gold-fancy-with-rhodium-finish-chain-18inches-48282\\\/#breadcrumb\",\"itemListElement\":[{\"@type\":\"ListItem\",\"position\":1,\"name\":\"Home\",\"item\":\"https:\\\/\\\/www.purejewels.com\\\/\"},{\"@type\":\"ListItem\",\"position\":2,\"name\":\"Shop\",\"item\":\"https:\\\/\\\/www.purejewels.com\\\/shop\\\/\"},{\"@type\":\"ListItem\",\"position\":3,\"name\":\"22ct Gold | Fancy with Rhodium Finish Chain | 18 Inches\"}]},{\"@type\":\"WebSite\",\"@id\":\"https:\\\/\\\/www.purejewels.com\\\/#website\",\"url\":\"https:\\\/\\\/www.purejewels.com\\\/\",\"name\":\"PureJewels UK\",\"description\":\"Share the Love\",\"publisher\":{\"@id\":\"https:\\\/\\\/www.purejewels.com\\\/#organization\"},\"potentialAction\":[{\"@type\":\"SearchAction\",\"target\":{\"@type\":\"EntryPoint\",\"urlTemplate\":\"https:\\\/\\\/www.purejewels.com\\\/?s={search_term_string}\"},\"query-input\":{\"@type\":\"PropertyValueSpecification\",\"valueRequired\":true,\"valueName\":\"search_term_string\"}}],\"inLanguage\":\"de\"},{\"@type\":\"Organization\",\"@id\":\"https:\\\/\\\/www.purejewels.com\\\/#organization\",\"name\":\"PureJewels UK\",\"url\":\"https:\\\/\\\/www.purejewels.com\\\/\",\"logo\":{\"@type\":\"ImageObject\",\"inLanguage\":\"de\",\"@id\":\"https:\\\/\\\/www.purejewels.com\\\/#\\\/schema\\\/logo\\\/image\\\/\",\"url\":\"https:\\\/\\\/static.purejewels.com\\\/wp-content\\\/uploads\\\/2020\\\/11\\\/Logo-PJ-New-1.png\",\"contentUrl\":\"https:\\\/\\\/static.purejewels.com\\\/wp-content\\\/uploads\\\/2020\\\/11\\\/Logo-PJ-New-1.png\",\"width\":150,\"height\":80,\"caption\":\"PureJewels UK\"},\"image\":{\"@id\":\"https:\\\/\\\/www.purejewels.com\\\/#\\\/schema\\\/logo\\\/image\\\/\"}}]}<\/script>\n<!-- \/ Yoast SEO plugin. -->","yoast_head_json":{"title":"22ct Gold Fancy Kette mit Rhodium Finish | purejewels.com","description":"Lassen Sie Ihren Stil schweben mit unserer 22-kar\u00e4tigen Gold Fancy Chain, die ein atemberaubendes Rhodium-Finish aufweist. Mit einer L\u00e4nge von 18 Zoll ist dieses exquisite St\u00fcck perfekt f\u00fcr Lagen geeignet.","robots":{"index":"index","follow":"follow","max-snippet":"max-snippet:-1","max-image-preview":"max-image-preview:large","max-video-preview":"max-video-preview:-1"},"canonical":"https:\/\/www.purejewels.com\/de\/produkt-2\/22-kt-gold-fancy-mit-rhodium-finish-kette-18-zoll-48282\/","og_locale":"de_DE","og_type":"article","og_title":"22ct Gold Fancy Chain with Rhodium Finish | purejewels.com","og_description":"levate your style with our 22ct Gold Fancy Chain, featuring a stunning rhodium finish. At 18 inches, this exquisite piece is perfect for layering.","og_url":"https:\/\/www.purejewels.com\/de\/produkt-2\/22-kt-gold-fancy-mit-rhodium-finish-kette-18-zoll-48282\/","og_site_name":"PureJewels UK","article_modified_time":"2026-05-11T12:04:20+00:00","og_image":[{"width":1000,"height":1000,"url":"https:\/\/static.purejewels.com\/wp-content\/uploads\/2024\/10\/48282.png","type":"image\/png"}],"twitter_card":"summary_large_image","twitter_misc":{"Gesch\u00e4tzte Lesezeit":"1\u00a0Minute"},"schema":{"@context":"https:\/\/schema.org","@graph":[{"@type":["WebPage","ItemPage"],"@id":"https:\/\/www.purejewels.com\/product\/22ct-gold-fancy-with-rhodium-finish-chain-18inches-48282\/","url":"https:\/\/www.purejewels.com\/product\/22ct-gold-fancy-with-rhodium-finish-chain-18inches-48282\/","name":"22ct Gold Fancy Kette mit Rhodium Finish | purejewels.com","isPartOf":{"@id":"https:\/\/www.purejewels.com\/#website"},"primaryImageOfPage":{"@id":"https:\/\/www.purejewels.com\/product\/22ct-gold-fancy-with-rhodium-finish-chain-18inches-48282\/#primaryimage"},"image":{"@id":"https:\/\/www.purejewels.com\/product\/22ct-gold-fancy-with-rhodium-finish-chain-18inches-48282\/#primaryimage"},"thumbnailUrl":"https:\/\/static.purejewels.com\/wp-content\/uploads\/2024\/10\/48282.png","datePublished":"2024-10-24T10:10:15+00:00","dateModified":"2026-05-11T12:04:20+00:00","description":"Lassen Sie Ihren Stil schweben mit unserer 22-kar\u00e4tigen Gold Fancy Chain, die ein atemberaubendes Rhodium-Finish aufweist. Mit einer L\u00e4nge von 18 Zoll ist dieses exquisite St\u00fcck perfekt f\u00fcr Lagen geeignet.","breadcrumb":{"@id":"https:\/\/www.purejewels.com\/product\/22ct-gold-fancy-with-rhodium-finish-chain-18inches-48282\/#breadcrumb"},"inLanguage":"de","potentialAction":[{"@type":"ReadAction","target":["https:\/\/www.purejewels.com\/product\/22ct-gold-fancy-with-rhodium-finish-chain-18inches-48282\/"]}]},{"@type":"ImageObject","inLanguage":"de","@id":"https:\/\/www.purejewels.com\/product\/22ct-gold-fancy-with-rhodium-finish-chain-18inches-48282\/#primaryimage","url":"https:\/\/static.purejewels.com\/wp-content\/uploads\/2024\/10\/48282.png","contentUrl":"https:\/\/static.purejewels.com\/wp-content\/uploads\/2024\/10\/48282.png","width":1000,"height":1000,"caption":"22ct Gold | Fancy with Rhodium Finish Chain | 18 Inches"},{"@type":"BreadcrumbList","@id":"https:\/\/www.purejewels.com\/product\/22ct-gold-fancy-with-rhodium-finish-chain-18inches-48282\/#breadcrumb","itemListElement":[{"@type":"ListItem","position":1,"name":"Home","item":"https:\/\/www.purejewels.com\/"},{"@type":"ListItem","position":2,"name":"Shop","item":"https:\/\/www.purejewels.com\/shop\/"},{"@type":"ListItem","position":3,"name":"22ct Gold | Fancy with Rhodium Finish Chain | 18 Inches"}]},{"@type":"WebSite","@id":"https:\/\/www.purejewels.com\/#website","url":"https:\/\/www.purejewels.com\/","name":"PureJewels UK","description":"Teile die Liebe","publisher":{"@id":"https:\/\/www.purejewels.com\/#organization"},"potentialAction":[{"@type":"SearchAction","target":{"@type":"EntryPoint","urlTemplate":"https:\/\/www.purejewels.com\/?s={search_term_string}"},"query-input":{"@type":"PropertyValueSpecification","valueRequired":true,"valueName":"search_term_string"}}],"inLanguage":"de"},{"@type":"Organization","@id":"https:\/\/www.purejewels.com\/#organization","name":"PureJewels UK","url":"https:\/\/www.purejewels.com\/","logo":{"@type":"ImageObject","inLanguage":"de","@id":"https:\/\/www.purejewels.com\/#\/schema\/logo\/image\/","url":"https:\/\/static.purejewels.com\/wp-content\/uploads\/2020\/11\/Logo-PJ-New-1.png","contentUrl":"https:\/\/static.purejewels.com\/wp-content\/uploads\/2020\/11\/Logo-PJ-New-1.png","width":150,"height":80,"caption":"PureJewels UK"},"image":{"@id":"https:\/\/www.purejewels.com\/#\/schema\/logo\/image\/"}}]}},"_links":{"self":[{"href":"https:\/\/www.purejewels.com\/de\/wp-json\/wp\/v2\/product\/374689","targetHints":{"allow":["GET"]}}],"collection":[{"href":"https:\/\/www.purejewels.com\/de\/wp-json\/wp\/v2\/product"}],"about":[{"href":"https:\/\/www.purejewels.com\/de\/wp-json\/wp\/v2\/types\/product"}],"replies":[{"embeddable":true,"href":"https:\/\/www.purejewels.com\/de\/wp-json\/wp\/v2\/comments?post=374689"}],"version-history":[{"count":3,"href":"https:\/\/www.purejewels.com\/de\/wp-json\/wp\/v2\/product\/374689\/revisions"}],"predecessor-version":[{"id":375934,"href":"https:\/\/www.purejewels.com\/de\/wp-json\/wp\/v2\/product\/374689\/revisions\/375934"}],"wp:featuredmedia":[{"embeddable":true,"href":"https:\/\/www.purejewels.com\/de\/wp-json\/wp\/v2\/media\/374690"}],"wp:attachment":[{"href":"https:\/\/www.purejewels.com\/de\/wp-json\/wp\/v2\/media?parent=374689"}],"wp:term":[{"taxonomy":"product_brand","embeddable":true,"href":"https:\/\/www.purejewels.com\/de\/wp-json\/wp\/v2\/product_brand?post=374689"},{"taxonomy":"product_cat","embeddable":true,"href":"https:\/\/www.purejewels.com\/de\/wp-json\/wp\/v2\/product_cat?post=374689"},{"taxonomy":"product_tag","embeddable":true,"href":"https:\/\/www.purejewels.com\/de\/wp-json\/wp\/v2\/product_tag?post=374689"}],"curies":[{"name":"wp","href":"https:\/\/api.w.org\/{rel}","templated":true}]}}