{"id":374783,"date":"2024-08-25T19:05:46","date_gmt":"2024-08-25T18:05:46","guid":{"rendered":"https:\/\/www.purejewels.com\/?post_type=product&#038;p=374783"},"modified":"2025-02-07T15:52:03","modified_gmt":"2025-02-07T15:52:03","slug":"gottliche-silberne-lakshmi-ganesh-munze-20g-vibrant-color-edition","status":"publish","type":"product","link":"https:\/\/www.purejewels.com\/de\/product\/divine-silver-lakshmi-ganesh-coin-20g-vibrant-color-edition\/","title":{"rendered":"Silber Lakshmi Ganesh M\u00fcnze - 20g, Vibrant Color Edition"},"content":{"rendered":"<p>Feiern Sie Wohlstand und Weisheit mit dem <strong>G\u00f6ttliche Silber Lakshmi Ganesh M\u00fcnze - 20g, Vibrant Color Edition<\/strong>. Gefertigt aus hochwertigem <a href=\"https:\/\/www.purejewels.com\/de\/product\/silver-ganesh-coin-20g-vibrant-color-edition\/\">Sterlingsilber<\/a> Mit einem Gewicht von beachtlichen 20 Gramm ehrt diese M\u00fcnze sowohl die G\u00f6ttin Lakshmi, die \u00dcberbringerin von Reichtum, als auch Lord Ganesh, den Beseitiger von Hindernissen. Die komplizierten Farbdetails hauchen jeder Figur Leben ein und schaffen ein einzigartiges und fesselndes St\u00fcck, das Segen, \u00dcberfluss und Harmonie symbolisiert. Diese M\u00fcnze eignet sich perfekt f\u00fcr festliche Eink\u00e4ufe w\u00e4hrend Dhanteras und Diwali und ist ein ideales Geschenk oder eine Erg\u00e4nzung f\u00fcr jede Sammlung. Sie verbindet Eleganz, Spiritualit\u00e4t und meisterhafte <a href=\"https:\/\/www.purejewels.com\/de\/a-guide-to-die-stamping\/\">Handwerkskunst<\/a> in einem sch\u00f6nen Andenken.<\/p>","protected":false},"excerpt":{"rendered":"<p>Divine Silver Lakshmi Ganesh M\u00fcnze, Vibrant Color Edition<\/p>\n<ul>\n<li><strong>Legierung<\/strong>: 99,99% Reinsilber (0,9999 Ag)<\/li>\n<li><strong>Gewicht<\/strong>: 20 Gramm<\/li>\n<li><strong>Gestaltung<\/strong>: Farbige M\u00fcnze<\/li>\n<li><strong>Lieferung<\/strong>: Versand innerhalb von 1-3 Arbeitstagen<\/li>\n<li><strong>Anklagen:\u00a0<\/strong>Lieferung und Mehrwertsteuer inbegriffen<\/li>\n<li><strong>Verpackung:\u00a0<\/strong>Mit Pr\u00e4sentationsbox<\/li>\n<li><strong>Verschenken:<\/strong> Perfekt f\u00fcr Dhanteras und Diwali<\/li>\n<\/ul>","protected":false},"featured_media":374785,"comment_status":"closed","ping_status":"closed","template":"","meta":{"_eb_attr":"","_crsspst_to_jayantr4sg-hostcom":false},"product_brand":[],"product_cat":[1473,1647],"product_tag":[],"class_list":{"0":"post-374783","1":"product","2":"type-product","3":"status-publish","4":"has-post-thumbnail","6":"product_cat-bars-coins","7":"product_cat-silver-coins","9":"first","10":"outofstock","11":"taxable","12":"shipping-taxable","13":"product-type-simple","14":"add-to-wishlist-before_image"},"yoast_head":"<!-- This site is optimized with the Yoast SEO plugin v27.4 - https:\/\/yoast.com\/product\/yoast-seo-wordpress\/ -->\n<title>Divine Silver Lakshmi Ganesh Coin - 20g, available online<\/title>\n<meta name=\"description\" content=\"Divine Silver Lakshmi Ganesh Coin, crafted from 20g of sterling silver. Ideal for Dhanteras and Diwali, perfect gift or collectable.\" \/>\n<meta name=\"robots\" content=\"index, follow, max-snippet:-1, max-image-preview:large, max-video-preview:-1\" \/>\n<link rel=\"canonical\" href=\"https:\/\/www.purejewels.com\/de\/produkt-2\/gottliche-silberne-lakshmi-ganesh-munze-20g-vibrant-color-edition\/\" \/>\n<meta property=\"og:locale\" content=\"de_DE\" \/>\n<meta property=\"og:type\" content=\"article\" \/>\n<meta property=\"og:title\" content=\"Divine Silver Lakshmi Ganesh Coin - 20g, available online\" \/>\n<meta property=\"og:description\" content=\"Divine Silver Lakshmi Ganesh Coin, crafted from 20g of sterling silver. Ideal for Dhanteras and Diwali, perfect gift or collectable.\" \/>\n<meta property=\"og:url\" content=\"https:\/\/www.purejewels.com\/de\/produkt-2\/gottliche-silberne-lakshmi-ganesh-munze-20g-vibrant-color-edition\/\" \/>\n<meta property=\"og:site_name\" content=\"PureJewels UK\" \/>\n<meta property=\"article:modified_time\" content=\"2025-02-07T15:52:03+00:00\" \/>\n<meta property=\"og:image\" content=\"https:\/\/www.purejewels.com\/wp-content\/uploads\/2024\/10\/Ganesh-Laxmi-front-scaled-e1729879375691.jpg\" \/>\n\t<meta property=\"og:image:width\" content=\"1373\" \/>\n\t<meta property=\"og:image:height\" content=\"1373\" \/>\n\t<meta property=\"og:image:type\" content=\"image\/jpeg\" \/>\n<meta name=\"twitter:card\" content=\"summary_large_image\" \/>\n<script type=\"application\/ld+json\" class=\"yoast-schema-graph\">{\"@context\":\"https:\\\/\\\/schema.org\",\"@graph\":[{\"@type\":[\"WebPage\",\"ItemPage\"],\"@id\":\"https:\\\/\\\/www.purejewels.com\\\/product\\\/divine-silver-lakshmi-ganesh-coin-20g-vibrant-color-edition\\\/\",\"url\":\"https:\\\/\\\/www.purejewels.com\\\/product\\\/divine-silver-lakshmi-ganesh-coin-20g-vibrant-color-edition\\\/\",\"name\":\"Divine Silver Lakshmi Ganesh Coin - 20g, available online\",\"isPartOf\":{\"@id\":\"https:\\\/\\\/www.purejewels.com\\\/#website\"},\"primaryImageOfPage\":{\"@id\":\"https:\\\/\\\/www.purejewels.com\\\/product\\\/divine-silver-lakshmi-ganesh-coin-20g-vibrant-color-edition\\\/#primaryimage\"},\"image\":{\"@id\":\"https:\\\/\\\/www.purejewels.com\\\/product\\\/divine-silver-lakshmi-ganesh-coin-20g-vibrant-color-edition\\\/#primaryimage\"},\"thumbnailUrl\":\"https:\\\/\\\/static.purejewels.com\\\/wp-content\\\/uploads\\\/2024\\\/10\\\/Ganesh-Laxmi-front-scaled-e1729879375691.jpg\",\"datePublished\":\"2024-08-25T18:05:46+00:00\",\"dateModified\":\"2025-02-07T15:52:03+00:00\",\"description\":\"Divine Silver Lakshmi Ganesh Coin, crafted from 20g of sterling silver. Ideal for Dhanteras and Diwali, perfect gift or collectable.\",\"breadcrumb\":{\"@id\":\"https:\\\/\\\/www.purejewels.com\\\/product\\\/divine-silver-lakshmi-ganesh-coin-20g-vibrant-color-edition\\\/#breadcrumb\"},\"inLanguage\":\"de\",\"potentialAction\":[{\"@type\":\"ReadAction\",\"target\":[\"https:\\\/\\\/www.purejewels.com\\\/product\\\/divine-silver-lakshmi-ganesh-coin-20g-vibrant-color-edition\\\/\"]}]},{\"@type\":\"ImageObject\",\"inLanguage\":\"de\",\"@id\":\"https:\\\/\\\/www.purejewels.com\\\/product\\\/divine-silver-lakshmi-ganesh-coin-20g-vibrant-color-edition\\\/#primaryimage\",\"url\":\"https:\\\/\\\/static.purejewels.com\\\/wp-content\\\/uploads\\\/2024\\\/10\\\/Ganesh-Laxmi-front-scaled-e1729879375691.jpg\",\"contentUrl\":\"https:\\\/\\\/static.purejewels.com\\\/wp-content\\\/uploads\\\/2024\\\/10\\\/Ganesh-Laxmi-front-scaled-e1729879375691.jpg\",\"width\":1373,\"height\":1373,\"caption\":\"Stacked from 4 images. Method=A (R=8,S=4)\"},{\"@type\":\"BreadcrumbList\",\"@id\":\"https:\\\/\\\/www.purejewels.com\\\/product\\\/divine-silver-lakshmi-ganesh-coin-20g-vibrant-color-edition\\\/#breadcrumb\",\"itemListElement\":[{\"@type\":\"ListItem\",\"position\":1,\"name\":\"Home\",\"item\":\"https:\\\/\\\/www.purejewels.com\\\/\"},{\"@type\":\"ListItem\",\"position\":2,\"name\":\"Shop\",\"item\":\"https:\\\/\\\/www.purejewels.com\\\/shop\\\/\"},{\"@type\":\"ListItem\",\"position\":3,\"name\":\"Silver Lakshmi Ganesh Coin &#8211; 20g, Vibrant Color Edition\"}]},{\"@type\":\"WebSite\",\"@id\":\"https:\\\/\\\/www.purejewels.com\\\/#website\",\"url\":\"https:\\\/\\\/www.purejewels.com\\\/\",\"name\":\"PureJewels UK\",\"description\":\"Share the Love\",\"publisher\":{\"@id\":\"https:\\\/\\\/www.purejewels.com\\\/#organization\"},\"potentialAction\":[{\"@type\":\"SearchAction\",\"target\":{\"@type\":\"EntryPoint\",\"urlTemplate\":\"https:\\\/\\\/www.purejewels.com\\\/?s={search_term_string}\"},\"query-input\":{\"@type\":\"PropertyValueSpecification\",\"valueRequired\":true,\"valueName\":\"search_term_string\"}}],\"inLanguage\":\"de\"},{\"@type\":\"Organization\",\"@id\":\"https:\\\/\\\/www.purejewels.com\\\/#organization\",\"name\":\"PureJewels UK\",\"url\":\"https:\\\/\\\/www.purejewels.com\\\/\",\"logo\":{\"@type\":\"ImageObject\",\"inLanguage\":\"de\",\"@id\":\"https:\\\/\\\/www.purejewels.com\\\/#\\\/schema\\\/logo\\\/image\\\/\",\"url\":\"https:\\\/\\\/static.purejewels.com\\\/wp-content\\\/uploads\\\/2020\\\/11\\\/Logo-PJ-New-1.png\",\"contentUrl\":\"https:\\\/\\\/static.purejewels.com\\\/wp-content\\\/uploads\\\/2020\\\/11\\\/Logo-PJ-New-1.png\",\"width\":150,\"height\":80,\"caption\":\"PureJewels UK\"},\"image\":{\"@id\":\"https:\\\/\\\/www.purejewels.com\\\/#\\\/schema\\\/logo\\\/image\\\/\"}}]}<\/script>\n<!-- \/ Yoast SEO plugin. -->","yoast_head_json":{"title":"Divine Silver Lakshmi Ganesh M\u00fcnze - 20g, online erh\u00e4ltlich","description":"G\u00f6ttliche Silber Lakshmi Ganesh M\u00fcnze, gefertigt aus 20g Sterling Silber. Ideal f\u00fcr Dhanteras und Diwali, perfektes Geschenk oder Sammlerst\u00fcck.","robots":{"index":"index","follow":"follow","max-snippet":"max-snippet:-1","max-image-preview":"max-image-preview:large","max-video-preview":"max-video-preview:-1"},"canonical":"https:\/\/www.purejewels.com\/de\/produkt-2\/gottliche-silberne-lakshmi-ganesh-munze-20g-vibrant-color-edition\/","og_locale":"de_DE","og_type":"article","og_title":"Divine Silver Lakshmi Ganesh Coin - 20g, available online","og_description":"Divine Silver Lakshmi Ganesh Coin, crafted from 20g of sterling silver. Ideal for Dhanteras and Diwali, perfect gift or collectable.","og_url":"https:\/\/www.purejewels.com\/de\/produkt-2\/gottliche-silberne-lakshmi-ganesh-munze-20g-vibrant-color-edition\/","og_site_name":"PureJewels UK","article_modified_time":"2025-02-07T15:52:03+00:00","og_image":[{"width":1373,"height":1373,"url":"https:\/\/www.purejewels.com\/wp-content\/uploads\/2024\/10\/Ganesh-Laxmi-front-scaled-e1729879375691.jpg","type":"image\/jpeg"}],"twitter_card":"summary_large_image","schema":{"@context":"https:\/\/schema.org","@graph":[{"@type":["WebPage","ItemPage"],"@id":"https:\/\/www.purejewels.com\/product\/divine-silver-lakshmi-ganesh-coin-20g-vibrant-color-edition\/","url":"https:\/\/www.purejewels.com\/product\/divine-silver-lakshmi-ganesh-coin-20g-vibrant-color-edition\/","name":"Divine Silver Lakshmi Ganesh M\u00fcnze - 20g, online erh\u00e4ltlich","isPartOf":{"@id":"https:\/\/www.purejewels.com\/#website"},"primaryImageOfPage":{"@id":"https:\/\/www.purejewels.com\/product\/divine-silver-lakshmi-ganesh-coin-20g-vibrant-color-edition\/#primaryimage"},"image":{"@id":"https:\/\/www.purejewels.com\/product\/divine-silver-lakshmi-ganesh-coin-20g-vibrant-color-edition\/#primaryimage"},"thumbnailUrl":"https:\/\/static.purejewels.com\/wp-content\/uploads\/2024\/10\/Ganesh-Laxmi-front-scaled-e1729879375691.jpg","datePublished":"2024-08-25T18:05:46+00:00","dateModified":"2025-02-07T15:52:03+00:00","description":"G\u00f6ttliche Silber Lakshmi Ganesh M\u00fcnze, gefertigt aus 20g Sterling Silber. Ideal f\u00fcr Dhanteras und Diwali, perfektes Geschenk oder Sammlerst\u00fcck.","breadcrumb":{"@id":"https:\/\/www.purejewels.com\/product\/divine-silver-lakshmi-ganesh-coin-20g-vibrant-color-edition\/#breadcrumb"},"inLanguage":"de","potentialAction":[{"@type":"ReadAction","target":["https:\/\/www.purejewels.com\/product\/divine-silver-lakshmi-ganesh-coin-20g-vibrant-color-edition\/"]}]},{"@type":"ImageObject","inLanguage":"de","@id":"https:\/\/www.purejewels.com\/product\/divine-silver-lakshmi-ganesh-coin-20g-vibrant-color-edition\/#primaryimage","url":"https:\/\/static.purejewels.com\/wp-content\/uploads\/2024\/10\/Ganesh-Laxmi-front-scaled-e1729879375691.jpg","contentUrl":"https:\/\/static.purejewels.com\/wp-content\/uploads\/2024\/10\/Ganesh-Laxmi-front-scaled-e1729879375691.jpg","width":1373,"height":1373,"caption":"Stacked from 4 images. Method=A (R=8,S=4)"},{"@type":"BreadcrumbList","@id":"https:\/\/www.purejewels.com\/product\/divine-silver-lakshmi-ganesh-coin-20g-vibrant-color-edition\/#breadcrumb","itemListElement":[{"@type":"ListItem","position":1,"name":"Home","item":"https:\/\/www.purejewels.com\/"},{"@type":"ListItem","position":2,"name":"Shop","item":"https:\/\/www.purejewels.com\/shop\/"},{"@type":"ListItem","position":3,"name":"Silver Lakshmi Ganesh Coin &#8211; 20g, Vibrant Color Edition"}]},{"@type":"WebSite","@id":"https:\/\/www.purejewels.com\/#website","url":"https:\/\/www.purejewels.com\/","name":"PureJewels UK","description":"Teile die Liebe","publisher":{"@id":"https:\/\/www.purejewels.com\/#organization"},"potentialAction":[{"@type":"SearchAction","target":{"@type":"EntryPoint","urlTemplate":"https:\/\/www.purejewels.com\/?s={search_term_string}"},"query-input":{"@type":"PropertyValueSpecification","valueRequired":true,"valueName":"search_term_string"}}],"inLanguage":"de"},{"@type":"Organization","@id":"https:\/\/www.purejewels.com\/#organization","name":"PureJewels UK","url":"https:\/\/www.purejewels.com\/","logo":{"@type":"ImageObject","inLanguage":"de","@id":"https:\/\/www.purejewels.com\/#\/schema\/logo\/image\/","url":"https:\/\/static.purejewels.com\/wp-content\/uploads\/2020\/11\/Logo-PJ-New-1.png","contentUrl":"https:\/\/static.purejewels.com\/wp-content\/uploads\/2020\/11\/Logo-PJ-New-1.png","width":150,"height":80,"caption":"PureJewels UK"},"image":{"@id":"https:\/\/www.purejewels.com\/#\/schema\/logo\/image\/"}}]}},"_links":{"self":[{"href":"https:\/\/www.purejewels.com\/de\/wp-json\/wp\/v2\/product\/374783","targetHints":{"allow":["GET"]}}],"collection":[{"href":"https:\/\/www.purejewels.com\/de\/wp-json\/wp\/v2\/product"}],"about":[{"href":"https:\/\/www.purejewels.com\/de\/wp-json\/wp\/v2\/types\/product"}],"replies":[{"embeddable":true,"href":"https:\/\/www.purejewels.com\/de\/wp-json\/wp\/v2\/comments?post=374783"}],"version-history":[{"count":3,"href":"https:\/\/www.purejewels.com\/de\/wp-json\/wp\/v2\/product\/374783\/revisions"}],"predecessor-version":[{"id":374790,"href":"https:\/\/www.purejewels.com\/de\/wp-json\/wp\/v2\/product\/374783\/revisions\/374790"}],"wp:featuredmedia":[{"embeddable":true,"href":"https:\/\/www.purejewels.com\/de\/wp-json\/wp\/v2\/media\/374785"}],"wp:attachment":[{"href":"https:\/\/www.purejewels.com\/de\/wp-json\/wp\/v2\/media?parent=374783"}],"wp:term":[{"taxonomy":"product_brand","embeddable":true,"href":"https:\/\/www.purejewels.com\/de\/wp-json\/wp\/v2\/product_brand?post=374783"},{"taxonomy":"product_cat","embeddable":true,"href":"https:\/\/www.purejewels.com\/de\/wp-json\/wp\/v2\/product_cat?post=374783"},{"taxonomy":"product_tag","embeddable":true,"href":"https:\/\/www.purejewels.com\/de\/wp-json\/wp\/v2\/product_tag?post=374783"}],"curies":[{"name":"wp","href":"https:\/\/api.w.org\/{rel}","templated":true}]}}