{"id":374870,"date":"2024-10-28T07:14:44","date_gmt":"2024-10-28T07:14:44","guid":{"rendered":"https:\/\/www.purejewels.com\/?post_type=product&#038;p=374870"},"modified":"2026-02-27T04:34:47","modified_gmt":"2026-02-27T04:34:47","slug":"anhanger-aus-22-karat-gold-49677","status":"publish","type":"product","link":"https:\/\/www.purejewels.com\/de\/product\/22ct-gold-pendant-49677\/","title":{"rendered":"22ct Gold Anh\u00e4nger | Armari Kollektion"},"content":{"rendered":"<p><b>Bereich ID:<\/b>JWPNPDAR035<br \/>\n<b>SKU:<\/b>\u00a049677<\/p>","protected":false},"excerpt":{"rendered":"<div class=\"woocommerce-product-details__short-description\">\n<table class=\"sh_desc\" style=\"width: 100%; height: 281px;\">\n<tbody>\n<tr style=\"height: 28px;\">\n<td style=\"height: 28px;\">Typ des Anh\u00e4ngers<\/td>\n<td style=\"height: 28px;\">Anh\u00e4nger im antiken Stil<\/td>\n<\/tr>\n<tr style=\"height: 28px;\">\n<td style=\"height: 28px;\">SKU<\/td>\n<td style=\"height: 28px;\">49677<\/td>\n<\/tr>\n<tr style=\"height: 28px;\">\n<td style=\"height: 29px;\">Gewicht<\/td>\n<td style=\"height: 29px;\">3,4 Gramm<\/td>\n<\/tr>\n<tr style=\"height: 28px;\">\n<td style=\"height: 29px;\">Sammlung<\/td>\n<td style=\"height: 29px;\"><strong>Sammlung Armari<\/strong><\/td>\n<\/tr>\n<tr style=\"height: 28px;\">\n<td style=\"height: 28px;\">Metall<\/td>\n<td style=\"height: 28px;\">22ct Gold<\/td>\n<\/tr>\n<tr style=\"height: 28px;\">\n<td style=\"height: 28px;\">Entgelte<\/td>\n<td style=\"height: 28px;\">Lieferung und Mehrwertsteuer inbegriffen<\/td>\n<\/tr>\n<tr style=\"height: 28px;\">\n<td style=\"height: 28px;\">Verpackung<\/td>\n<td style=\"height: 28px;\">Mit Pr\u00e4sentationsbox<\/td>\n<\/tr>\n<tr style=\"height: 112px;\">\n<td style=\"height: 112px;\">Mehr Informationen<\/td>\n<td style=\"height: 112px;\">\n<ul>\n<li>Kette ist nicht enthalten<\/li>\n<li>Sehen Sie sich unsere Sammlung von\u00a0<strong>Ketten<\/strong><\/li>\n<li>Live-Chat mit uns f\u00fcr Verf\u00fcgbarkeit und mehr Bilder<\/li>\n<\/ul>\n<\/td>\n<\/tr>\n<\/tbody>\n<\/table>\n<\/div>","protected":false},"featured_media":374873,"comment_status":"closed","ping_status":"closed","template":"","meta":{"_eb_attr":"","_crsspst_to_jayantr4sg-hostcom":false},"product_brand":[],"product_cat":[1791,245,5670,236,1770,1790,1229,1255,1767,5347,5353,1573,1574,5349],"product_tag":[],"class_list":{"0":"post-374870","1":"product","2":"type-product","3":"status-publish","4":"has-post-thumbnail","6":"product_cat-anniversary-gifts","7":"product_cat-armari-collections","8":"product_cat-armari-pendant","9":"product_cat-collections","10":"product_cat-fancy-pendants","11":"product_cat-for-whom-when","12":"product_cat-22ct-gold-jewellery","13":"product_cat-gold-pendants","14":"product_cat-ladies-pendants","15":"product_cat-shop-by-metal","16":"product_cat-shop-by","17":"product_cat-wedding-gifts","18":"product_cat-womens-jewellery","19":"product_cat-yellow-gold-jewellery","21":"first","22":"onbackorder","23":"taxable","24":"shipping-taxable","25":"purchasable","26":"product-type-simple","27":"add-to-wishlist-before_image"},"yoast_head":"<!-- This site is optimized with the Yoast SEO plugin v27.3 - https:\/\/yoast.com\/product\/yoast-seo-wordpress\/ -->\n<title>22ct Gold Pendant | Exquisite Gold Jewellery for Every Occasion<\/title>\n<meta name=\"description\" content=\"Enhance your style with the 22ct Gold Pendant from the Armari Collection. Crafted with elegance, this exquisite piece is perfect for adding a touch of luxury to any look.\" \/>\n<meta name=\"robots\" content=\"index, follow, max-snippet:-1, max-image-preview:large, max-video-preview:-1\" \/>\n<link rel=\"canonical\" href=\"https:\/\/www.purejewels.com\/de\/produkt-2\/anhanger-aus-22-karat-gold-49677\/\" \/>\n<meta property=\"og:locale\" content=\"de_DE\" \/>\n<meta property=\"og:type\" content=\"article\" \/>\n<meta property=\"og:title\" content=\"22ct Gold Pendant | Exquisite Gold Jewellery for Every Occasion\" \/>\n<meta property=\"og:description\" content=\"Enhance your style with the 22ct Gold Pendant from the Armari Collection. Crafted with elegance, this exquisite piece is perfect for adding a touch of luxury to any look.\" \/>\n<meta property=\"og:url\" content=\"https:\/\/www.purejewels.com\/de\/produkt-2\/anhanger-aus-22-karat-gold-49677\/\" \/>\n<meta property=\"og:site_name\" content=\"PureJewels UK\" \/>\n<meta property=\"article:modified_time\" content=\"2026-02-27T04:34:47+00:00\" \/>\n<meta property=\"og:image\" content=\"https:\/\/static.purejewels.com\/wp-content\/uploads\/2024\/10\/49677.jpg\" \/>\n\t<meta property=\"og:image:width\" content=\"1000\" \/>\n\t<meta property=\"og:image:height\" content=\"1000\" \/>\n\t<meta property=\"og:image:type\" content=\"image\/jpeg\" \/>\n<meta name=\"twitter:card\" content=\"summary_large_image\" \/>\n<meta name=\"twitter:label1\" content=\"Gesch\u00e4tzte Lesezeit\" \/>\n\t<meta name=\"twitter:data1\" content=\"1\u00a0Minute\" \/>\n<script type=\"application\/ld+json\" class=\"yoast-schema-graph\">{\"@context\":\"https:\\\/\\\/schema.org\",\"@graph\":[{\"@type\":[\"WebPage\",\"ItemPage\"],\"@id\":\"https:\\\/\\\/www.purejewels.com\\\/product\\\/22ct-gold-pendant-49677\\\/\",\"url\":\"https:\\\/\\\/www.purejewels.com\\\/product\\\/22ct-gold-pendant-49677\\\/\",\"name\":\"22ct Gold Pendant | Exquisite Gold Jewellery for Every Occasion\",\"isPartOf\":{\"@id\":\"https:\\\/\\\/www.purejewels.com\\\/#website\"},\"primaryImageOfPage\":{\"@id\":\"https:\\\/\\\/www.purejewels.com\\\/product\\\/22ct-gold-pendant-49677\\\/#primaryimage\"},\"image\":{\"@id\":\"https:\\\/\\\/www.purejewels.com\\\/product\\\/22ct-gold-pendant-49677\\\/#primaryimage\"},\"thumbnailUrl\":\"https:\\\/\\\/static.purejewels.com\\\/wp-content\\\/uploads\\\/2024\\\/10\\\/49677.jpg\",\"datePublished\":\"2024-10-28T07:14:44+00:00\",\"dateModified\":\"2026-02-27T04:34:47+00:00\",\"description\":\"Enhance your style with the 22ct Gold Pendant from the Armari Collection. Crafted with elegance, this exquisite piece is perfect for adding a touch of luxury to any look.\",\"breadcrumb\":{\"@id\":\"https:\\\/\\\/www.purejewels.com\\\/product\\\/22ct-gold-pendant-49677\\\/#breadcrumb\"},\"inLanguage\":\"de\",\"potentialAction\":[{\"@type\":\"ReadAction\",\"target\":[\"https:\\\/\\\/www.purejewels.com\\\/product\\\/22ct-gold-pendant-49677\\\/\"]}]},{\"@type\":\"ImageObject\",\"inLanguage\":\"de\",\"@id\":\"https:\\\/\\\/www.purejewels.com\\\/product\\\/22ct-gold-pendant-49677\\\/#primaryimage\",\"url\":\"https:\\\/\\\/static.purejewels.com\\\/wp-content\\\/uploads\\\/2024\\\/10\\\/49677.jpg\",\"contentUrl\":\"https:\\\/\\\/static.purejewels.com\\\/wp-content\\\/uploads\\\/2024\\\/10\\\/49677.jpg\",\"width\":1000,\"height\":1000,\"caption\":\"22ct Gold Pendant\"},{\"@type\":\"BreadcrumbList\",\"@id\":\"https:\\\/\\\/www.purejewels.com\\\/product\\\/22ct-gold-pendant-49677\\\/#breadcrumb\",\"itemListElement\":[{\"@type\":\"ListItem\",\"position\":1,\"name\":\"Home\",\"item\":\"https:\\\/\\\/www.purejewels.com\\\/\"},{\"@type\":\"ListItem\",\"position\":2,\"name\":\"Shop\",\"item\":\"https:\\\/\\\/www.purejewels.com\\\/shop\\\/\"},{\"@type\":\"ListItem\",\"position\":3,\"name\":\"22ct Gold Pendant | Armari Collection\"}]},{\"@type\":\"WebSite\",\"@id\":\"https:\\\/\\\/www.purejewels.com\\\/#website\",\"url\":\"https:\\\/\\\/www.purejewels.com\\\/\",\"name\":\"PureJewels UK\",\"description\":\"Share the Love\",\"publisher\":{\"@id\":\"https:\\\/\\\/www.purejewels.com\\\/#organization\"},\"potentialAction\":[{\"@type\":\"SearchAction\",\"target\":{\"@type\":\"EntryPoint\",\"urlTemplate\":\"https:\\\/\\\/www.purejewels.com\\\/?s={search_term_string}\"},\"query-input\":{\"@type\":\"PropertyValueSpecification\",\"valueRequired\":true,\"valueName\":\"search_term_string\"}}],\"inLanguage\":\"de\"},{\"@type\":\"Organization\",\"@id\":\"https:\\\/\\\/www.purejewels.com\\\/#organization\",\"name\":\"PureJewels UK\",\"url\":\"https:\\\/\\\/www.purejewels.com\\\/\",\"logo\":{\"@type\":\"ImageObject\",\"inLanguage\":\"de\",\"@id\":\"https:\\\/\\\/www.purejewels.com\\\/#\\\/schema\\\/logo\\\/image\\\/\",\"url\":\"https:\\\/\\\/static.purejewels.com\\\/wp-content\\\/uploads\\\/2020\\\/11\\\/Logo-PJ-New-1.png\",\"contentUrl\":\"https:\\\/\\\/static.purejewels.com\\\/wp-content\\\/uploads\\\/2020\\\/11\\\/Logo-PJ-New-1.png\",\"width\":150,\"height\":80,\"caption\":\"PureJewels UK\"},\"image\":{\"@id\":\"https:\\\/\\\/www.purejewels.com\\\/#\\\/schema\\\/logo\\\/image\\\/\"}}]}<\/script>\n<!-- \/ Yoast SEO plugin. -->","yoast_head_json":{"title":"22ct Gold Pendant | Exquisiter Goldschmuck f\u00fcr jeden Anlass","description":"Unterstreichen Sie Ihren Stil mit dem 22-kar\u00e4tigen Goldanh\u00e4nger aus der Armari Kollektion. Dieses exquisite St\u00fcck wurde mit Eleganz gefertigt und ist perfekt, um jedem Look einen Hauch von Luxus zu verleihen.","robots":{"index":"index","follow":"follow","max-snippet":"max-snippet:-1","max-image-preview":"max-image-preview:large","max-video-preview":"max-video-preview:-1"},"canonical":"https:\/\/www.purejewels.com\/de\/produkt-2\/anhanger-aus-22-karat-gold-49677\/","og_locale":"de_DE","og_type":"article","og_title":"22ct Gold Pendant | Exquisite Gold Jewellery for Every Occasion","og_description":"Enhance your style with the 22ct Gold Pendant from the Armari Collection. Crafted with elegance, this exquisite piece is perfect for adding a touch of luxury to any look.","og_url":"https:\/\/www.purejewels.com\/de\/produkt-2\/anhanger-aus-22-karat-gold-49677\/","og_site_name":"PureJewels UK","article_modified_time":"2026-02-27T04:34:47+00:00","og_image":[{"width":1000,"height":1000,"url":"https:\/\/static.purejewels.com\/wp-content\/uploads\/2024\/10\/49677.jpg","type":"image\/jpeg"}],"twitter_card":"summary_large_image","twitter_misc":{"Gesch\u00e4tzte Lesezeit":"1\u00a0Minute"},"schema":{"@context":"https:\/\/schema.org","@graph":[{"@type":["WebPage","ItemPage"],"@id":"https:\/\/www.purejewels.com\/product\/22ct-gold-pendant-49677\/","url":"https:\/\/www.purejewels.com\/product\/22ct-gold-pendant-49677\/","name":"22ct Gold Pendant | Exquisiter Goldschmuck f\u00fcr jeden Anlass","isPartOf":{"@id":"https:\/\/www.purejewels.com\/#website"},"primaryImageOfPage":{"@id":"https:\/\/www.purejewels.com\/product\/22ct-gold-pendant-49677\/#primaryimage"},"image":{"@id":"https:\/\/www.purejewels.com\/product\/22ct-gold-pendant-49677\/#primaryimage"},"thumbnailUrl":"https:\/\/static.purejewels.com\/wp-content\/uploads\/2024\/10\/49677.jpg","datePublished":"2024-10-28T07:14:44+00:00","dateModified":"2026-02-27T04:34:47+00:00","description":"Unterstreichen Sie Ihren Stil mit dem 22-kar\u00e4tigen Goldanh\u00e4nger aus der Armari Kollektion. Dieses exquisite St\u00fcck wurde mit Eleganz gefertigt und ist perfekt, um jedem Look einen Hauch von Luxus zu verleihen.","breadcrumb":{"@id":"https:\/\/www.purejewels.com\/product\/22ct-gold-pendant-49677\/#breadcrumb"},"inLanguage":"de","potentialAction":[{"@type":"ReadAction","target":["https:\/\/www.purejewels.com\/product\/22ct-gold-pendant-49677\/"]}]},{"@type":"ImageObject","inLanguage":"de","@id":"https:\/\/www.purejewels.com\/product\/22ct-gold-pendant-49677\/#primaryimage","url":"https:\/\/static.purejewels.com\/wp-content\/uploads\/2024\/10\/49677.jpg","contentUrl":"https:\/\/static.purejewels.com\/wp-content\/uploads\/2024\/10\/49677.jpg","width":1000,"height":1000,"caption":"22ct Gold Pendant"},{"@type":"BreadcrumbList","@id":"https:\/\/www.purejewels.com\/product\/22ct-gold-pendant-49677\/#breadcrumb","itemListElement":[{"@type":"ListItem","position":1,"name":"Home","item":"https:\/\/www.purejewels.com\/"},{"@type":"ListItem","position":2,"name":"Shop","item":"https:\/\/www.purejewels.com\/shop\/"},{"@type":"ListItem","position":3,"name":"22ct Gold Pendant | Armari Collection"}]},{"@type":"WebSite","@id":"https:\/\/www.purejewels.com\/#website","url":"https:\/\/www.purejewels.com\/","name":"PureJewels UK","description":"Teile die Liebe","publisher":{"@id":"https:\/\/www.purejewels.com\/#organization"},"potentialAction":[{"@type":"SearchAction","target":{"@type":"EntryPoint","urlTemplate":"https:\/\/www.purejewels.com\/?s={search_term_string}"},"query-input":{"@type":"PropertyValueSpecification","valueRequired":true,"valueName":"search_term_string"}}],"inLanguage":"de"},{"@type":"Organization","@id":"https:\/\/www.purejewels.com\/#organization","name":"PureJewels UK","url":"https:\/\/www.purejewels.com\/","logo":{"@type":"ImageObject","inLanguage":"de","@id":"https:\/\/www.purejewels.com\/#\/schema\/logo\/image\/","url":"https:\/\/static.purejewels.com\/wp-content\/uploads\/2020\/11\/Logo-PJ-New-1.png","contentUrl":"https:\/\/static.purejewels.com\/wp-content\/uploads\/2020\/11\/Logo-PJ-New-1.png","width":150,"height":80,"caption":"PureJewels UK"},"image":{"@id":"https:\/\/www.purejewels.com\/#\/schema\/logo\/image\/"}}]}},"_links":{"self":[{"href":"https:\/\/www.purejewels.com\/de\/wp-json\/wp\/v2\/product\/374870","targetHints":{"allow":["GET"]}}],"collection":[{"href":"https:\/\/www.purejewels.com\/de\/wp-json\/wp\/v2\/product"}],"about":[{"href":"https:\/\/www.purejewels.com\/de\/wp-json\/wp\/v2\/types\/product"}],"replies":[{"embeddable":true,"href":"https:\/\/www.purejewels.com\/de\/wp-json\/wp\/v2\/comments?post=374870"}],"version-history":[{"count":4,"href":"https:\/\/www.purejewels.com\/de\/wp-json\/wp\/v2\/product\/374870\/revisions"}],"predecessor-version":[{"id":374876,"href":"https:\/\/www.purejewels.com\/de\/wp-json\/wp\/v2\/product\/374870\/revisions\/374876"}],"wp:featuredmedia":[{"embeddable":true,"href":"https:\/\/www.purejewels.com\/de\/wp-json\/wp\/v2\/media\/374873"}],"wp:attachment":[{"href":"https:\/\/www.purejewels.com\/de\/wp-json\/wp\/v2\/media?parent=374870"}],"wp:term":[{"taxonomy":"product_brand","embeddable":true,"href":"https:\/\/www.purejewels.com\/de\/wp-json\/wp\/v2\/product_brand?post=374870"},{"taxonomy":"product_cat","embeddable":true,"href":"https:\/\/www.purejewels.com\/de\/wp-json\/wp\/v2\/product_cat?post=374870"},{"taxonomy":"product_tag","embeddable":true,"href":"https:\/\/www.purejewels.com\/de\/wp-json\/wp\/v2\/product_tag?post=374870"}],"curies":[{"name":"wp","href":"https:\/\/api.w.org\/{rel}","templated":true}]}}