{"id":375085,"date":"2025-12-09T08:51:27","date_gmt":"2025-12-09T08:51:27","guid":{"rendered":"https:\/\/www.purejewels.com\/?post_type=product&#038;p=375085"},"modified":"2026-04-06T13:26:25","modified_gmt":"2026-04-06T12:26:25","slug":"22-kt-gold-dhwani-kollektion-ohrstecker-48215","status":"publish","type":"product","link":"https:\/\/www.purejewels.com\/de\/product\/22ct-gold-dhwani-collection-stud-earring-48215\/","title":{"rendered":"22ct Sunrise Gold Dhwani Kollektion Ohrstecker"},"content":{"rendered":"<div class=\"ewa-rteLine\"><strong>Inspiration und Geschichte<\/strong><\/div>\n<div class=\"ewa-rteLine\">Die 22ct Sunrise Gold Ohrstecker aus der Dhwani Kollektion sind eine Reise zu Authentizit\u00e4t und Ausgeglichenheit. Inspiriert vom beruhigenden Klang der Tempelglocken, bringen die granulierten Klangkugeln und geschwungenen Goldformen Achtsamkeit in den Alltag. Mit jedem sanften Schwingen wirken sie wie ein Talisman, der Sie in Frieden erdet und mit Ihrem inneren Klang verbindet.<\/div>\n<div class=\"ewa-rteLine\"><\/div>\n<div class=\"ewa-rteLine\"><strong>Material und Handwerkskunst<\/strong><\/div>\n<div class=\"ewa-rteLine\">Diese von Kl\u00e4ngen inspirierten Ohrringe zeichnen sich durch einzigartigen Klangkugelschmuck und aufwendige Granulationsarbeiten aus. Das mit minimaler Hitze geschmiedete Gold bewahrt seine Reinheit und erzeugt bei jeder Bewegung eine sanfte, beruhigende Resonanz, die das Gef\u00fchl der Ruhe und Zentriertheit der Tr\u00e4gerin verst\u00e4rkt.<\/div>\n<div class=\"ewa-rteLine\"><\/div>\n<div class=\"ewa-rteLine\"><strong>Styling-Tipps<\/strong><\/div>\n<div class=\"ewa-rteLine\">Diese Ohrringe eignen sich perfekt f\u00fcr den Alltag oder besondere Anl\u00e4sse und verleihen Ihrem Look eine gef\u00fchlvolle Note. Kombinieren Sie sie mit der 22-kar\u00e4tigen Sunrise Goldkette f\u00fcr einen gelassenen, kraftvollen Stil, der zur Entspannung einl\u00e4dt und Ihnen erlaubt, sich mit Ihrer pers\u00f6nlichen St\u00e4rke zu verbinden.<\/div>","protected":false},"excerpt":{"rendered":"<div class=\"woocommerce-product-details__short-description\">\n<table class=\"sh_desc\">\n<tbody>\n<tr>\n<td>Art der Ohrringe<\/td>\n<td>Nieten<\/td>\n<\/tr>\n<tr>\n<td>SKU<\/td>\n<td>48215<\/td>\n<\/tr>\n<tr>\n<td>Gewicht<\/td>\n<td>\u00a02.1 Gms<\/td>\n<\/tr>\n<tr>\n<td>Breite<\/td>\n<td>8mm<\/td>\n<\/tr>\n<tr>\n<td>Sammlung<\/td>\n<td>Dhwani Kollektion<\/td>\n<\/tr>\n<tr>\n<td>Metall<\/td>\n<td>22ct Sonnenaufgang Gold<\/td>\n<\/tr>\n<tr>\n<td>Entgelte<\/td>\n<td>Lieferung und Mehrwertsteuer inbegriffen<\/td>\n<\/tr>\n<tr>\n<td>Verpackung<\/td>\n<td>Mit Pr\u00e4sentationsbox<\/td>\n<\/tr>\n<tr>\n<td>Mehr Informationen<\/td>\n<td>Live-Chat mit uns f\u00fcr Verf\u00fcgbarkeit und mehr Bilder<\/td>\n<\/tr>\n<\/tbody>\n<\/table>\n<\/div>","protected":false},"featured_media":428090,"comment_status":"closed","ping_status":"closed","template":"","meta":{"_eb_attr":"","_crsspst_to_jayantr4sg-hostcom":false},"product_brand":[],"product_cat":[1559,236,5633,6182,1793,1792,1790,1254,1229,5343,5347,1570,5338,5353,1577,1575,1569,1574,5349],"product_tag":[],"class_list":{"0":"post-375085","1":"product","2":"type-product","3":"status-publish","4":"has-post-thumbnail","6":"product_cat-birthday-gifts","7":"product_cat-collections","8":"product_cat-dhwani-collection","9":"product_cat-dhwani-earring","10":"product_cat-diwali-gifts","11":"product_cat-festival-gifts","12":"product_cat-for-whom-when","13":"product_cat-gold-earrings","14":"product_cat-22ct-gold-jewellery","15":"product_cat-jewellery-under-550","16":"product_cat-shop-by-metal","17":"product_cat-mothers-day-gifts","18":"product_cat-shop-by-price","19":"product_cat-shop-by","20":"product_cat-stud-earrings","21":"product_cat-teenage-jewellery","22":"product_cat-valentine-day-gifts","23":"product_cat-womens-jewellery","24":"product_cat-yellow-gold-jewellery","26":"first","27":"instock","28":"taxable","29":"shipping-taxable","30":"purchasable","31":"product-type-simple","32":"add-to-wishlist-before_image"},"yoast_head":"<!-- This site is optimized with the Yoast SEO plugin v27.5 - https:\/\/yoast.com\/product\/yoast-seo-wordpress\/ -->\n<title>22ct Sunrise Gold Dhwani collection Stud Earring | PureJewels UK<\/title>\n<meta name=\"description\" content=\"Embrace the symphony of sound with our exquisite 22ct Sunrise Gold Dhwani Collection Stud Earrings. Buy this stud online today!\" \/>\n<meta name=\"robots\" content=\"index, follow, max-snippet:-1, max-image-preview:large, max-video-preview:-1\" \/>\n<link rel=\"canonical\" href=\"https:\/\/www.purejewels.com\/de\/produkt-2\/22-kt-gold-dhwani-kollektion-ohrstecker-48215\/\" \/>\n<meta property=\"og:locale\" content=\"de_DE\" \/>\n<meta property=\"og:type\" content=\"article\" \/>\n<meta property=\"og:title\" content=\"22ct Sunrise Gold Dhwani collection Stud Earring | PureJewels UK\" \/>\n<meta property=\"og:description\" content=\"Embrace the symphony of sound with our exquisite 22ct Sunrise Gold Dhwani Collection Stud Earrings. Buy this stud online today!\" \/>\n<meta property=\"og:url\" content=\"https:\/\/www.purejewels.com\/de\/produkt-2\/22-kt-gold-dhwani-kollektion-ohrstecker-48215\/\" \/>\n<meta property=\"og:site_name\" content=\"PureJewels UK\" \/>\n<meta property=\"article:modified_time\" content=\"2026-04-06T12:26:25+00:00\" \/>\n<meta property=\"og:image\" content=\"https:\/\/static.purejewels.com\/wp-content\/uploads\/2025\/12\/SKU-SGERSDDC001-FRONT.jpg\" \/>\n\t<meta property=\"og:image:width\" content=\"1000\" \/>\n\t<meta property=\"og:image:height\" content=\"1000\" \/>\n\t<meta property=\"og:image:type\" content=\"image\/jpeg\" \/>\n<meta name=\"twitter:card\" content=\"summary_large_image\" \/>\n<meta name=\"twitter:label1\" content=\"Gesch\u00e4tzte Lesezeit\" \/>\n\t<meta name=\"twitter:data1\" content=\"1\u00a0Minute\" \/>\n<script type=\"application\/ld+json\" class=\"yoast-schema-graph\">{\"@context\":\"https:\\\/\\\/schema.org\",\"@graph\":[{\"@type\":[\"WebPage\",\"ItemPage\"],\"@id\":\"https:\\\/\\\/www.purejewels.com\\\/product\\\/22ct-gold-dhwani-collection-stud-earring-48215\\\/\",\"url\":\"https:\\\/\\\/www.purejewels.com\\\/product\\\/22ct-gold-dhwani-collection-stud-earring-48215\\\/\",\"name\":\"22ct Sunrise Gold Dhwani collection Stud Earring | PureJewels UK\",\"isPartOf\":{\"@id\":\"https:\\\/\\\/www.purejewels.com\\\/#website\"},\"primaryImageOfPage\":{\"@id\":\"https:\\\/\\\/www.purejewels.com\\\/product\\\/22ct-gold-dhwani-collection-stud-earring-48215\\\/#primaryimage\"},\"image\":{\"@id\":\"https:\\\/\\\/www.purejewels.com\\\/product\\\/22ct-gold-dhwani-collection-stud-earring-48215\\\/#primaryimage\"},\"thumbnailUrl\":\"https:\\\/\\\/static.purejewels.com\\\/wp-content\\\/uploads\\\/2025\\\/12\\\/SKU-SGERSDDC001-FRONT.jpg\",\"datePublished\":\"2025-12-09T08:51:27+00:00\",\"dateModified\":\"2026-04-06T12:26:25+00:00\",\"description\":\"Embrace the symphony of sound with our exquisite 22ct Sunrise Gold Dhwani Collection Stud Earrings. Buy this stud online today!\",\"breadcrumb\":{\"@id\":\"https:\\\/\\\/www.purejewels.com\\\/product\\\/22ct-gold-dhwani-collection-stud-earring-48215\\\/#breadcrumb\"},\"inLanguage\":\"de\",\"potentialAction\":[{\"@type\":\"ReadAction\",\"target\":[\"https:\\\/\\\/www.purejewels.com\\\/product\\\/22ct-gold-dhwani-collection-stud-earring-48215\\\/\"]}]},{\"@type\":\"ImageObject\",\"inLanguage\":\"de\",\"@id\":\"https:\\\/\\\/www.purejewels.com\\\/product\\\/22ct-gold-dhwani-collection-stud-earring-48215\\\/#primaryimage\",\"url\":\"https:\\\/\\\/static.purejewels.com\\\/wp-content\\\/uploads\\\/2025\\\/12\\\/SKU-SGERSDDC001-FRONT.jpg\",\"contentUrl\":\"https:\\\/\\\/static.purejewels.com\\\/wp-content\\\/uploads\\\/2025\\\/12\\\/SKU-SGERSDDC001-FRONT.jpg\",\"width\":1000,\"height\":1000},{\"@type\":\"BreadcrumbList\",\"@id\":\"https:\\\/\\\/www.purejewels.com\\\/product\\\/22ct-gold-dhwani-collection-stud-earring-48215\\\/#breadcrumb\",\"itemListElement\":[{\"@type\":\"ListItem\",\"position\":1,\"name\":\"Home\",\"item\":\"https:\\\/\\\/www.purejewels.com\\\/\"},{\"@type\":\"ListItem\",\"position\":2,\"name\":\"Shop\",\"item\":\"https:\\\/\\\/www.purejewels.com\\\/shop\\\/\"},{\"@type\":\"ListItem\",\"position\":3,\"name\":\"22ct Sunrise Gold Dhwani Collection Stud Earring\"}]},{\"@type\":\"WebSite\",\"@id\":\"https:\\\/\\\/www.purejewels.com\\\/#website\",\"url\":\"https:\\\/\\\/www.purejewels.com\\\/\",\"name\":\"PureJewels UK\",\"description\":\"Share the Love\",\"publisher\":{\"@id\":\"https:\\\/\\\/www.purejewels.com\\\/#organization\"},\"potentialAction\":[{\"@type\":\"SearchAction\",\"target\":{\"@type\":\"EntryPoint\",\"urlTemplate\":\"https:\\\/\\\/www.purejewels.com\\\/?s={search_term_string}\"},\"query-input\":{\"@type\":\"PropertyValueSpecification\",\"valueRequired\":true,\"valueName\":\"search_term_string\"}}],\"inLanguage\":\"de\"},{\"@type\":\"Organization\",\"@id\":\"https:\\\/\\\/www.purejewels.com\\\/#organization\",\"name\":\"PureJewels UK\",\"url\":\"https:\\\/\\\/www.purejewels.com\\\/\",\"logo\":{\"@type\":\"ImageObject\",\"inLanguage\":\"de\",\"@id\":\"https:\\\/\\\/www.purejewels.com\\\/#\\\/schema\\\/logo\\\/image\\\/\",\"url\":\"https:\\\/\\\/static.purejewels.com\\\/wp-content\\\/uploads\\\/2020\\\/11\\\/Logo-PJ-New-1.png\",\"contentUrl\":\"https:\\\/\\\/static.purejewels.com\\\/wp-content\\\/uploads\\\/2020\\\/11\\\/Logo-PJ-New-1.png\",\"width\":150,\"height\":80,\"caption\":\"PureJewels UK\"},\"image\":{\"@id\":\"https:\\\/\\\/www.purejewels.com\\\/#\\\/schema\\\/logo\\\/image\\\/\"}}]}<\/script>\n<!-- \/ Yoast SEO plugin. -->","yoast_head_json":{"title":"22ct Sunrise Gold Dhwani Sammlung Stud Earring | PureJewels UK","description":"Genie\u00dfen Sie die Symphonie des Klangs mit unseren exquisiten 22ct Sunrise Gold Dhwani Collection Ohrsteckern. Kaufen Sie diesen Ohrstecker noch heute online!","robots":{"index":"index","follow":"follow","max-snippet":"max-snippet:-1","max-image-preview":"max-image-preview:large","max-video-preview":"max-video-preview:-1"},"canonical":"https:\/\/www.purejewels.com\/de\/produkt-2\/22-kt-gold-dhwani-kollektion-ohrstecker-48215\/","og_locale":"de_DE","og_type":"article","og_title":"22ct Sunrise Gold Dhwani collection Stud Earring | PureJewels UK","og_description":"Embrace the symphony of sound with our exquisite 22ct Sunrise Gold Dhwani Collection Stud Earrings. Buy this stud online today!","og_url":"https:\/\/www.purejewels.com\/de\/produkt-2\/22-kt-gold-dhwani-kollektion-ohrstecker-48215\/","og_site_name":"PureJewels UK","article_modified_time":"2026-04-06T12:26:25+00:00","og_image":[{"width":1000,"height":1000,"url":"https:\/\/static.purejewels.com\/wp-content\/uploads\/2025\/12\/SKU-SGERSDDC001-FRONT.jpg","type":"image\/jpeg"}],"twitter_card":"summary_large_image","twitter_misc":{"Gesch\u00e4tzte Lesezeit":"1\u00a0Minute"},"schema":{"@context":"https:\/\/schema.org","@graph":[{"@type":["WebPage","ItemPage"],"@id":"https:\/\/www.purejewels.com\/product\/22ct-gold-dhwani-collection-stud-earring-48215\/","url":"https:\/\/www.purejewels.com\/product\/22ct-gold-dhwani-collection-stud-earring-48215\/","name":"22ct Sunrise Gold Dhwani Sammlung Stud Earring | PureJewels UK","isPartOf":{"@id":"https:\/\/www.purejewels.com\/#website"},"primaryImageOfPage":{"@id":"https:\/\/www.purejewels.com\/product\/22ct-gold-dhwani-collection-stud-earring-48215\/#primaryimage"},"image":{"@id":"https:\/\/www.purejewels.com\/product\/22ct-gold-dhwani-collection-stud-earring-48215\/#primaryimage"},"thumbnailUrl":"https:\/\/static.purejewels.com\/wp-content\/uploads\/2025\/12\/SKU-SGERSDDC001-FRONT.jpg","datePublished":"2025-12-09T08:51:27+00:00","dateModified":"2026-04-06T12:26:25+00:00","description":"Genie\u00dfen Sie die Symphonie des Klangs mit unseren exquisiten 22ct Sunrise Gold Dhwani Collection Ohrsteckern. Kaufen Sie diesen Ohrstecker noch heute online!","breadcrumb":{"@id":"https:\/\/www.purejewels.com\/product\/22ct-gold-dhwani-collection-stud-earring-48215\/#breadcrumb"},"inLanguage":"de","potentialAction":[{"@type":"ReadAction","target":["https:\/\/www.purejewels.com\/product\/22ct-gold-dhwani-collection-stud-earring-48215\/"]}]},{"@type":"ImageObject","inLanguage":"de","@id":"https:\/\/www.purejewels.com\/product\/22ct-gold-dhwani-collection-stud-earring-48215\/#primaryimage","url":"https:\/\/static.purejewels.com\/wp-content\/uploads\/2025\/12\/SKU-SGERSDDC001-FRONT.jpg","contentUrl":"https:\/\/static.purejewels.com\/wp-content\/uploads\/2025\/12\/SKU-SGERSDDC001-FRONT.jpg","width":1000,"height":1000},{"@type":"BreadcrumbList","@id":"https:\/\/www.purejewels.com\/product\/22ct-gold-dhwani-collection-stud-earring-48215\/#breadcrumb","itemListElement":[{"@type":"ListItem","position":1,"name":"Home","item":"https:\/\/www.purejewels.com\/"},{"@type":"ListItem","position":2,"name":"Shop","item":"https:\/\/www.purejewels.com\/shop\/"},{"@type":"ListItem","position":3,"name":"22ct Sunrise Gold Dhwani Collection Stud Earring"}]},{"@type":"WebSite","@id":"https:\/\/www.purejewels.com\/#website","url":"https:\/\/www.purejewels.com\/","name":"PureJewels UK","description":"Teile die Liebe","publisher":{"@id":"https:\/\/www.purejewels.com\/#organization"},"potentialAction":[{"@type":"SearchAction","target":{"@type":"EntryPoint","urlTemplate":"https:\/\/www.purejewels.com\/?s={search_term_string}"},"query-input":{"@type":"PropertyValueSpecification","valueRequired":true,"valueName":"search_term_string"}}],"inLanguage":"de"},{"@type":"Organization","@id":"https:\/\/www.purejewels.com\/#organization","name":"PureJewels UK","url":"https:\/\/www.purejewels.com\/","logo":{"@type":"ImageObject","inLanguage":"de","@id":"https:\/\/www.purejewels.com\/#\/schema\/logo\/image\/","url":"https:\/\/static.purejewels.com\/wp-content\/uploads\/2020\/11\/Logo-PJ-New-1.png","contentUrl":"https:\/\/static.purejewels.com\/wp-content\/uploads\/2020\/11\/Logo-PJ-New-1.png","width":150,"height":80,"caption":"PureJewels UK"},"image":{"@id":"https:\/\/www.purejewels.com\/#\/schema\/logo\/image\/"}}]}},"_links":{"self":[{"href":"https:\/\/www.purejewels.com\/de\/wp-json\/wp\/v2\/product\/375085","targetHints":{"allow":["GET"]}}],"collection":[{"href":"https:\/\/www.purejewels.com\/de\/wp-json\/wp\/v2\/product"}],"about":[{"href":"https:\/\/www.purejewels.com\/de\/wp-json\/wp\/v2\/types\/product"}],"replies":[{"embeddable":true,"href":"https:\/\/www.purejewels.com\/de\/wp-json\/wp\/v2\/comments?post=375085"}],"version-history":[{"count":3,"href":"https:\/\/www.purejewels.com\/de\/wp-json\/wp\/v2\/product\/375085\/revisions"}],"predecessor-version":[{"id":425808,"href":"https:\/\/www.purejewels.com\/de\/wp-json\/wp\/v2\/product\/375085\/revisions\/425808"}],"wp:featuredmedia":[{"embeddable":true,"href":"https:\/\/www.purejewels.com\/de\/wp-json\/wp\/v2\/media\/428090"}],"wp:attachment":[{"href":"https:\/\/www.purejewels.com\/de\/wp-json\/wp\/v2\/media?parent=375085"}],"wp:term":[{"taxonomy":"product_brand","embeddable":true,"href":"https:\/\/www.purejewels.com\/de\/wp-json\/wp\/v2\/product_brand?post=375085"},{"taxonomy":"product_cat","embeddable":true,"href":"https:\/\/www.purejewels.com\/de\/wp-json\/wp\/v2\/product_cat?post=375085"},{"taxonomy":"product_tag","embeddable":true,"href":"https:\/\/www.purejewels.com\/de\/wp-json\/wp\/v2\/product_tag?post=375085"}],"curies":[{"name":"wp","href":"https:\/\/api.w.org\/{rel}","templated":true}]}}