{"id":375088,"date":"2025-02-17T12:14:17","date_gmt":"2025-02-17T12:14:17","guid":{"rendered":"https:\/\/www.purejewels.com\/?post_type=product&#038;p=375088"},"modified":"2026-04-22T11:26:57","modified_gmt":"2026-04-22T10:26:57","slug":"22-kt-gold-dhwani-kollektion-tropfen-ohrring-48221","status":"publish","type":"product","link":"https:\/\/www.purejewels.com\/de\/product\/22ct-gold-gold-dhwani-collection-drop-earring-48221\/","title":{"rendered":"22ct Sunrise Gold Dhwani Lange Tropfenohrringe"},"content":{"rendered":"<h3 class=\"ewa-rteLine\">Inspiration und Geschichte<\/h3>\n<p>Sie sind so reinigend wie die Glocken eines Tempels und <a href=\"https:\/\/www.purejewels.com\/de\/product\/22ct-gold-jali-filigree-ring-jali-collection-31926\/\">22ct<\/a> Sonnenaufgang Gold <a href=\"https:\/\/www.purejewels.com\/de\/product\/22ct-gold-oval-drop-earrings-rhodium-finish\/\">Tropfen-Ohrringe<\/a> aus der Dhwani-Kollektion tragen die Schwingungen der Gelassenheit in sich. Jedes sanfte Wiegen erinnert an die spirituelle Reinigung und bringt Sie zu Gleichgewicht und innerem Frieden. Inspiriert von der uralten Kraft des Klangs, laden sie dazu ein, mit jeder Bewegung die Schwingungen der Ruhe zu sp\u00fcren und sich in Achtsamkeit zu erden.<\/p>\n<h3 class=\"ewa-rteLine\">Material und Handwerkskunst<\/h3>\n<p>Die Klangkugeln dieser Ohrringe werden mit einer einzigartigen Technik hergestellt und erhalten ihre unverwechselbare Resonanz durch eine sorgf\u00e4ltige Balance zwischen H\u00e4rte und minimaler Hitze, wodurch die Integrit\u00e4t des Metalls erhalten bleibt. Der anmutige B\u00fcgel f\u00e4llt sanft, schwingt mit dem Klang und unterstreicht die filigrane Sch\u00f6nheit des Designs. Die handwerklich gefertigten Ohrringe mit Granulierung zeigen Tiefe und einzigartige <a href=\"https:\/\/www.purejewels.com\/de\/a-guide-to-die-stamping\/\">Handwerkskunst<\/a>.&lt;<\/p>\n<h3 class=\"ewa-rteLine\">Styling-Tipps<\/h3>\n<div class=\"ewa-rteLine\">In Kombination mit dem 22-kar\u00e4tigen Goldarmband f\u00fcr Sie sorgen diese Ohrringe f\u00fcr einen eleganten, ruhigen Look. Ob allein getragen f\u00fcr ein subtiles Statement oder als Lagenschmuck f\u00fcr mehr Dimension, sie tragen die friedliche Energie des Klangs von Gold, wohin Sie auch gehen. Ideal f\u00fcr den Sitzungssaal!<\/div>\n<p>Gepaart mit dem <strong>22ct Goldarmband f\u00fcr Sie<\/strong>.<\/p>","protected":false},"excerpt":{"rendered":"<div class=\"woocommerce-product-details__short-description\">\n<table class=\"sh_desc\">\n<tbody>\n<tr>\n<td>Art der Ohrringe<\/td>\n<td>Ohrring Tropfen<\/td>\n<\/tr>\n<tr>\n<td>SKU<\/td>\n<td>48221<\/td>\n<\/tr>\n<tr>\n<td>Gewicht<\/td>\n<td>\u00a04 Gramm<\/td>\n<\/tr>\n<tr>\n<td>Dhwani Wulstbreite<\/td>\n<td>6mm<\/td>\n<\/tr>\n<tr>\n<td>Sammlung<\/td>\n<td>Dhwani Kollektion<\/td>\n<\/tr>\n<tr>\n<td>Metall<\/td>\n<td>22ct Sonnenaufgang Gold<\/td>\n<\/tr>\n<tr>\n<td>Entgelte<\/td>\n<td>Lieferung und Mehrwertsteuer inbegriffen<\/td>\n<\/tr>\n<tr>\n<td>Verpackung<\/td>\n<td>Mit Pr\u00e4sentationsbox<\/td>\n<\/tr>\n<tr>\n<td>Mehr Informationen<\/td>\n<td>Live-Chat mit uns f\u00fcr Verf\u00fcgbarkeit und mehr Bilder<\/td>\n<\/tr>\n<\/tbody>\n<\/table>\n<\/div>","protected":false},"featured_media":380353,"comment_status":"closed","ping_status":"closed","template":"","meta":{"_eb_attr":"","_crsspst_to_jayantr4sg-hostcom":false},"product_brand":[],"product_cat":[1559,236,5633,6182,1793,1685,1792,1790,1254,1229,5347,1570,5353,1575,1569,1574,5349],"product_tag":[],"class_list":{"0":"post-375088","1":"product","2":"type-product","3":"status-publish","4":"has-post-thumbnail","6":"product_cat-birthday-gifts","7":"product_cat-collections","8":"product_cat-dhwani-collection","9":"product_cat-dhwani-earring","10":"product_cat-diwali-gifts","11":"product_cat-drop-earrings","12":"product_cat-festival-gifts","13":"product_cat-for-whom-when","14":"product_cat-gold-earrings","15":"product_cat-22ct-gold-jewellery","16":"product_cat-shop-by-metal","17":"product_cat-mothers-day-gifts","18":"product_cat-shop-by","19":"product_cat-teenage-jewellery","20":"product_cat-valentine-day-gifts","21":"product_cat-womens-jewellery","22":"product_cat-yellow-gold-jewellery","24":"first","25":"instock","26":"taxable","27":"shipping-taxable","28":"purchasable","29":"product-type-simple","30":"add-to-wishlist-before_image"},"yoast_head":"<!-- This site is optimized with the Yoast SEO plugin v27.5 - https:\/\/yoast.com\/product\/yoast-seo-wordpress\/ -->\n<title>22ct Sunrise Gold Dhwani collection Drop Earring | PureJewels UK<\/title>\n<meta name=\"description\" content=\"Indulge in the ethereal beauty of our 22ct Sunrise Gold Dhwani Collection Drop Earrings. Inspired by the vibrations of sound.\" \/>\n<meta name=\"robots\" content=\"index, follow, max-snippet:-1, max-image-preview:large, max-video-preview:-1\" \/>\n<link rel=\"canonical\" href=\"https:\/\/www.purejewels.com\/de\/produkt-2\/22-kt-gold-dhwani-kollektion-tropfen-ohrring-48221\/\" \/>\n<meta property=\"og:locale\" content=\"de_DE\" \/>\n<meta property=\"og:type\" content=\"article\" \/>\n<meta property=\"og:title\" content=\"22ct Sunrise Gold Dhwani collection Drop Earring | PureJewels UK\" \/>\n<meta property=\"og:description\" content=\"Indulge in the ethereal beauty of our 22ct Sunrise Gold Dhwani Collection Drop Earrings. Inspired by the vibrations of sound.\" \/>\n<meta property=\"og:url\" content=\"https:\/\/www.purejewels.com\/de\/produkt-2\/22-kt-gold-dhwani-kollektion-tropfen-ohrring-48221\/\" \/>\n<meta property=\"og:site_name\" content=\"PureJewels UK\" \/>\n<meta property=\"article:modified_time\" content=\"2026-04-22T10:26:57+00:00\" \/>\n<meta property=\"og:image\" content=\"https:\/\/static.purejewels.com\/wp-content\/uploads\/2024\/10\/48221.png\" \/>\n\t<meta property=\"og:image:width\" content=\"1000\" \/>\n\t<meta property=\"og:image:height\" content=\"1000\" \/>\n\t<meta property=\"og:image:type\" content=\"image\/png\" \/>\n<meta name=\"twitter:card\" content=\"summary_large_image\" \/>\n<meta name=\"twitter:label1\" content=\"Gesch\u00e4tzte Lesezeit\" \/>\n\t<meta name=\"twitter:data1\" content=\"1\u00a0Minute\" \/>\n<script type=\"application\/ld+json\" class=\"yoast-schema-graph\">{\"@context\":\"https:\\\/\\\/schema.org\",\"@graph\":[{\"@type\":[\"WebPage\",\"ItemPage\"],\"@id\":\"https:\\\/\\\/www.purejewels.com\\\/product\\\/22ct-gold-gold-dhwani-collection-drop-earring-48221\\\/\",\"url\":\"https:\\\/\\\/www.purejewels.com\\\/product\\\/22ct-gold-gold-dhwani-collection-drop-earring-48221\\\/\",\"name\":\"22ct Sunrise Gold Dhwani collection Drop Earring | PureJewels UK\",\"isPartOf\":{\"@id\":\"https:\\\/\\\/www.purejewels.com\\\/#website\"},\"primaryImageOfPage\":{\"@id\":\"https:\\\/\\\/www.purejewels.com\\\/product\\\/22ct-gold-gold-dhwani-collection-drop-earring-48221\\\/#primaryimage\"},\"image\":{\"@id\":\"https:\\\/\\\/www.purejewels.com\\\/product\\\/22ct-gold-gold-dhwani-collection-drop-earring-48221\\\/#primaryimage\"},\"thumbnailUrl\":\"https:\\\/\\\/static.purejewels.com\\\/wp-content\\\/uploads\\\/2024\\\/10\\\/48221.png\",\"datePublished\":\"2025-02-17T12:14:17+00:00\",\"dateModified\":\"2026-04-22T10:26:57+00:00\",\"description\":\"Indulge in the ethereal beauty of our 22ct Sunrise Gold Dhwani Collection Drop Earrings. Inspired by the vibrations of sound.\",\"breadcrumb\":{\"@id\":\"https:\\\/\\\/www.purejewels.com\\\/product\\\/22ct-gold-gold-dhwani-collection-drop-earring-48221\\\/#breadcrumb\"},\"inLanguage\":\"de\",\"potentialAction\":[{\"@type\":\"ReadAction\",\"target\":[\"https:\\\/\\\/www.purejewels.com\\\/product\\\/22ct-gold-gold-dhwani-collection-drop-earring-48221\\\/\"]}]},{\"@type\":\"ImageObject\",\"inLanguage\":\"de\",\"@id\":\"https:\\\/\\\/www.purejewels.com\\\/product\\\/22ct-gold-gold-dhwani-collection-drop-earring-48221\\\/#primaryimage\",\"url\":\"https:\\\/\\\/static.purejewels.com\\\/wp-content\\\/uploads\\\/2024\\\/10\\\/48221.png\",\"contentUrl\":\"https:\\\/\\\/static.purejewels.com\\\/wp-content\\\/uploads\\\/2024\\\/10\\\/48221.png\",\"width\":1000,\"height\":1000,\"caption\":\"22ct Sunrise Gold Dhwani collection Drop Earring\"},{\"@type\":\"BreadcrumbList\",\"@id\":\"https:\\\/\\\/www.purejewels.com\\\/product\\\/22ct-gold-gold-dhwani-collection-drop-earring-48221\\\/#breadcrumb\",\"itemListElement\":[{\"@type\":\"ListItem\",\"position\":1,\"name\":\"Home\",\"item\":\"https:\\\/\\\/www.purejewels.com\\\/\"},{\"@type\":\"ListItem\",\"position\":2,\"name\":\"Shop\",\"item\":\"https:\\\/\\\/www.purejewels.com\\\/shop\\\/\"},{\"@type\":\"ListItem\",\"position\":3,\"name\":\"22ct Sunrise Gold Dhwani Long Drop Earrings\"}]},{\"@type\":\"WebSite\",\"@id\":\"https:\\\/\\\/www.purejewels.com\\\/#website\",\"url\":\"https:\\\/\\\/www.purejewels.com\\\/\",\"name\":\"PureJewels UK\",\"description\":\"Share the Love\",\"publisher\":{\"@id\":\"https:\\\/\\\/www.purejewels.com\\\/#organization\"},\"potentialAction\":[{\"@type\":\"SearchAction\",\"target\":{\"@type\":\"EntryPoint\",\"urlTemplate\":\"https:\\\/\\\/www.purejewels.com\\\/?s={search_term_string}\"},\"query-input\":{\"@type\":\"PropertyValueSpecification\",\"valueRequired\":true,\"valueName\":\"search_term_string\"}}],\"inLanguage\":\"de\"},{\"@type\":\"Organization\",\"@id\":\"https:\\\/\\\/www.purejewels.com\\\/#organization\",\"name\":\"PureJewels UK\",\"url\":\"https:\\\/\\\/www.purejewels.com\\\/\",\"logo\":{\"@type\":\"ImageObject\",\"inLanguage\":\"de\",\"@id\":\"https:\\\/\\\/www.purejewels.com\\\/#\\\/schema\\\/logo\\\/image\\\/\",\"url\":\"https:\\\/\\\/static.purejewels.com\\\/wp-content\\\/uploads\\\/2020\\\/11\\\/Logo-PJ-New-1.png\",\"contentUrl\":\"https:\\\/\\\/static.purejewels.com\\\/wp-content\\\/uploads\\\/2020\\\/11\\\/Logo-PJ-New-1.png\",\"width\":150,\"height\":80,\"caption\":\"PureJewels UK\"},\"image\":{\"@id\":\"https:\\\/\\\/www.purejewels.com\\\/#\\\/schema\\\/logo\\\/image\\\/\"}}]}<\/script>\n<!-- \/ Yoast SEO plugin. -->","yoast_head_json":{"title":"22ct Sunrise Gold Dhwani Sammlung Drop Earring | PureJewels UK","description":"Lassen Sie sich von der \u00e4therischen Sch\u00f6nheit unserer Dhwani Collection Drop Earrings aus 22ct Sunrise Gold verzaubern. Inspiriert von den Schwingungen des Klangs.","robots":{"index":"index","follow":"follow","max-snippet":"max-snippet:-1","max-image-preview":"max-image-preview:large","max-video-preview":"max-video-preview:-1"},"canonical":"https:\/\/www.purejewels.com\/de\/produkt-2\/22-kt-gold-dhwani-kollektion-tropfen-ohrring-48221\/","og_locale":"de_DE","og_type":"article","og_title":"22ct Sunrise Gold Dhwani collection Drop Earring | PureJewels UK","og_description":"Indulge in the ethereal beauty of our 22ct Sunrise Gold Dhwani Collection Drop Earrings. Inspired by the vibrations of sound.","og_url":"https:\/\/www.purejewels.com\/de\/produkt-2\/22-kt-gold-dhwani-kollektion-tropfen-ohrring-48221\/","og_site_name":"PureJewels UK","article_modified_time":"2026-04-22T10:26:57+00:00","og_image":[{"width":1000,"height":1000,"url":"https:\/\/static.purejewels.com\/wp-content\/uploads\/2024\/10\/48221.png","type":"image\/png"}],"twitter_card":"summary_large_image","twitter_misc":{"Gesch\u00e4tzte Lesezeit":"1\u00a0Minute"},"schema":{"@context":"https:\/\/schema.org","@graph":[{"@type":["WebPage","ItemPage"],"@id":"https:\/\/www.purejewels.com\/product\/22ct-gold-gold-dhwani-collection-drop-earring-48221\/","url":"https:\/\/www.purejewels.com\/product\/22ct-gold-gold-dhwani-collection-drop-earring-48221\/","name":"22ct Sunrise Gold Dhwani Sammlung Drop Earring | PureJewels UK","isPartOf":{"@id":"https:\/\/www.purejewels.com\/#website"},"primaryImageOfPage":{"@id":"https:\/\/www.purejewels.com\/product\/22ct-gold-gold-dhwani-collection-drop-earring-48221\/#primaryimage"},"image":{"@id":"https:\/\/www.purejewels.com\/product\/22ct-gold-gold-dhwani-collection-drop-earring-48221\/#primaryimage"},"thumbnailUrl":"https:\/\/static.purejewels.com\/wp-content\/uploads\/2024\/10\/48221.png","datePublished":"2025-02-17T12:14:17+00:00","dateModified":"2026-04-22T10:26:57+00:00","description":"Lassen Sie sich von der \u00e4therischen Sch\u00f6nheit unserer Dhwani Collection Drop Earrings aus 22ct Sunrise Gold verzaubern. Inspiriert von den Schwingungen des Klangs.","breadcrumb":{"@id":"https:\/\/www.purejewels.com\/product\/22ct-gold-gold-dhwani-collection-drop-earring-48221\/#breadcrumb"},"inLanguage":"de","potentialAction":[{"@type":"ReadAction","target":["https:\/\/www.purejewels.com\/product\/22ct-gold-gold-dhwani-collection-drop-earring-48221\/"]}]},{"@type":"ImageObject","inLanguage":"de","@id":"https:\/\/www.purejewels.com\/product\/22ct-gold-gold-dhwani-collection-drop-earring-48221\/#primaryimage","url":"https:\/\/static.purejewels.com\/wp-content\/uploads\/2024\/10\/48221.png","contentUrl":"https:\/\/static.purejewels.com\/wp-content\/uploads\/2024\/10\/48221.png","width":1000,"height":1000,"caption":"22ct Sunrise Gold Dhwani collection Drop Earring"},{"@type":"BreadcrumbList","@id":"https:\/\/www.purejewels.com\/product\/22ct-gold-gold-dhwani-collection-drop-earring-48221\/#breadcrumb","itemListElement":[{"@type":"ListItem","position":1,"name":"Home","item":"https:\/\/www.purejewels.com\/"},{"@type":"ListItem","position":2,"name":"Shop","item":"https:\/\/www.purejewels.com\/shop\/"},{"@type":"ListItem","position":3,"name":"22ct Sunrise Gold Dhwani Long Drop Earrings"}]},{"@type":"WebSite","@id":"https:\/\/www.purejewels.com\/#website","url":"https:\/\/www.purejewels.com\/","name":"PureJewels UK","description":"Teile die Liebe","publisher":{"@id":"https:\/\/www.purejewels.com\/#organization"},"potentialAction":[{"@type":"SearchAction","target":{"@type":"EntryPoint","urlTemplate":"https:\/\/www.purejewels.com\/?s={search_term_string}"},"query-input":{"@type":"PropertyValueSpecification","valueRequired":true,"valueName":"search_term_string"}}],"inLanguage":"de"},{"@type":"Organization","@id":"https:\/\/www.purejewels.com\/#organization","name":"PureJewels UK","url":"https:\/\/www.purejewels.com\/","logo":{"@type":"ImageObject","inLanguage":"de","@id":"https:\/\/www.purejewels.com\/#\/schema\/logo\/image\/","url":"https:\/\/static.purejewels.com\/wp-content\/uploads\/2020\/11\/Logo-PJ-New-1.png","contentUrl":"https:\/\/static.purejewels.com\/wp-content\/uploads\/2020\/11\/Logo-PJ-New-1.png","width":150,"height":80,"caption":"PureJewels UK"},"image":{"@id":"https:\/\/www.purejewels.com\/#\/schema\/logo\/image\/"}}]}},"_links":{"self":[{"href":"https:\/\/www.purejewels.com\/de\/wp-json\/wp\/v2\/product\/375088","targetHints":{"allow":["GET"]}}],"collection":[{"href":"https:\/\/www.purejewels.com\/de\/wp-json\/wp\/v2\/product"}],"about":[{"href":"https:\/\/www.purejewels.com\/de\/wp-json\/wp\/v2\/types\/product"}],"replies":[{"embeddable":true,"href":"https:\/\/www.purejewels.com\/de\/wp-json\/wp\/v2\/comments?post=375088"}],"version-history":[{"count":4,"href":"https:\/\/www.purejewels.com\/de\/wp-json\/wp\/v2\/product\/375088\/revisions"}],"predecessor-version":[{"id":428869,"href":"https:\/\/www.purejewels.com\/de\/wp-json\/wp\/v2\/product\/375088\/revisions\/428869"}],"wp:featuredmedia":[{"embeddable":true,"href":"https:\/\/www.purejewels.com\/de\/wp-json\/wp\/v2\/media\/380353"}],"wp:attachment":[{"href":"https:\/\/www.purejewels.com\/de\/wp-json\/wp\/v2\/media?parent=375088"}],"wp:term":[{"taxonomy":"product_brand","embeddable":true,"href":"https:\/\/www.purejewels.com\/de\/wp-json\/wp\/v2\/product_brand?post=375088"},{"taxonomy":"product_cat","embeddable":true,"href":"https:\/\/www.purejewels.com\/de\/wp-json\/wp\/v2\/product_cat?post=375088"},{"taxonomy":"product_tag","embeddable":true,"href":"https:\/\/www.purejewels.com\/de\/wp-json\/wp\/v2\/product_tag?post=375088"}],"curies":[{"name":"wp","href":"https:\/\/api.w.org\/{rel}","templated":true}]}}