{"id":375094,"date":"2025-04-08T10:41:16","date_gmt":"2025-04-08T09:41:16","guid":{"rendered":"https:\/\/www.purejewels.com\/?post_type=product&#038;p=375094"},"modified":"2026-02-13T13:23:23","modified_gmt":"2026-02-13T13:23:23","slug":"22-kt-gold-armband-mit-t-bar-klammern-49250","status":"publish","type":"product","link":"https:\/\/www.purejewels.com\/de\/product\/22ct-gold-bracelet-with-t-bar-claps-49250\/","title":{"rendered":"22ct Gold Dhwani T-Bar Claps Armband"},"content":{"rendered":"<h3 class=\"ewa-rteLine\">Inspiration und Geschichte<\/h3>\n<p>Diese <a href=\"https:\/\/www.purejewels.com\/de\/product\/22ct-gold-jali-filigree-ring-jali-collection-31926\/\">22ct<\/a> <a href=\"https:\/\/www.purejewels.com\/de\/product\/22ct-gold-mens-bracelet\/\">Gold-Armband<\/a> mit T-Bar Claps wurde entwickelt, um Stil mit Gelassenheit zu verbinden und ein Wellness-Erlebnis zu bieten. Inspiriert von der uralten Philosophie der Klangheilung, nutzt dieses innovative Armband die transformative Kraft von Schwingungen. Wenn die T-Bar Claps sanft ineinander greifen, erzeugen sie einen beruhigenden Rhythmus, der an Klangkugel-Schmuck erinnert. Er vermittelt Ruhe und erinnert sanft daran, geerdet und im Moment pr\u00e4sent zu bleiben.<\/p>\n<h3 class=\"ewa-rteLine\">Material und Handwerkskunst<\/h3>\n<p>Die T-Bar Claps sind innovativ gestaltet, um bei jeder Bewegung einen befriedigenden Rhythmus zu erzeugen. Sie wurden mit viel Liebe zum Detail gefertigt, um eine einzigartige Mischung aus Design und Funktionalit\u00e4t zu gew\u00e4hrleisten. Das Armband l\u00e4sst sich m\u00fchelos tragen und bietet die perfekte Balance zwischen Stil und Wohlbefinden, w\u00e4hrend der satte Goldton Ihrem Alltagslook einen Hauch von Luxus verleiht.<\/p>\n<h3 class=\"ewa-rteLine\">Styling-Tipps<\/h3>\n<p>Dieses alltagstaugliche Goldarmband passt zu l\u00e4ssigen und formellen Outfits. Um es f\u00fcr einen Brunch oder ein besonderes Meeting im B\u00fcro aufzupeppen, legen Sie die Ketten \u00fcbereinander und kombinieren Sie sie mit den Dhwani-Ohrringen.<\/p>\n<p>&nbsp;<\/p>","protected":false},"excerpt":{"rendered":"<div class=\"product-description__container_detail_title\" role=\"heading\"><strong>Beschreibung &amp; Details<\/strong><\/div>\n<p>Inspiriert von Klangschwingungen, steht dieses T-Bar-Armband mit Klangkugel f\u00fcr Frieden, Heilung und Harmonie. Dhwani begleitet dich auf deiner Lebensreise und zentriert dich mit jedem subtilen Klang.<\/p>\n<ul class=\"product-description__container_detail_list\">\n<li class=\"product-description__container_list\"><span class=\"product-description__container_list-content\"><strong>Metall:<\/strong>\u00a022ct Sonnenaufgang Gold<\/span><\/li>\n<li><strong>L\u00e4nge:<\/strong> 7 Zoll<\/li>\n<li><strong>Gold Gewicht:<\/strong> 4,7 Gramm<\/li>\n<li><strong>Produkttyp:<\/strong> T-B\u00fcgel-Armband<\/li>\n<li class=\"product-description__container_list\"><span class=\"product-description__container_list-content\"><strong>SKU:\u00a0<\/strong>49250<\/span><\/li>\n<li><strong>Preis und Lieferung:<\/strong>\u00a0Inklusive Mehrwertsteuer und Lieferkosten<\/li>\n<li>R\u00fcckgabepolitik<\/li>\n<\/ul>","protected":false},"featured_media":382378,"comment_status":"closed","ping_status":"closed","template":"","meta":{"_eb_attr":"","_crsspst_to_jayantr4sg-hostcom":false},"product_brand":[],"product_cat":[1791,1559,6056,236,6183,5633,1324,1229,1573,1574],"product_tag":[5634,5910],"class_list":{"0":"post-375094","1":"product","2":"type-product","3":"status-publish","4":"has-post-thumbnail","6":"product_cat-anniversary-gifts","7":"product_cat-birthday-gifts","8":"product_cat-charm","9":"product_cat-collections","10":"product_cat-dhwani-bracelet","11":"product_cat-dhwani-collection","12":"product_cat-gold-bracelet","13":"product_cat-22ct-gold-jewellery","14":"product_cat-wedding-gifts","15":"product_cat-womens-jewellery","16":"product_tag-22ct-gold-bracelet-for-ladies","17":"product_tag-real-gold-bracelet","19":"first","20":"onbackorder","21":"taxable","22":"shipping-taxable","23":"purchasable","24":"product-type-simple","25":"add-to-wishlist-before_image"},"yoast_head":"<!-- This site is optimized with the Yoast SEO plugin v27.5 - https:\/\/yoast.com\/product\/yoast-seo-wordpress\/ -->\n<title>Real Gold Bracelet with T-Bar Claps | PureJewels UK<\/title>\n<meta name=\"description\" content=\"Elevate your wrist with our exquisite 22ct Solid Gold Bracelets featuring stylish T-Bar Claps. Discover luxury with PureJewels UK.\" \/>\n<meta name=\"robots\" content=\"index, follow, max-snippet:-1, max-image-preview:large, max-video-preview:-1\" \/>\n<link rel=\"canonical\" href=\"https:\/\/www.purejewels.com\/de\/produkt-2\/22-kt-gold-armband-mit-t-bar-klammern-49250\/\" \/>\n<meta property=\"og:locale\" content=\"de_DE\" \/>\n<meta property=\"og:type\" content=\"article\" \/>\n<meta property=\"og:title\" content=\"Real Gold Bracelet with T-Bar Claps | PureJewels UK\" \/>\n<meta property=\"og:description\" content=\"Elevate your wrist with our exquisite 22ct Solid Gold Bracelets featuring stylish T-Bar Claps. Discover luxury with PureJewels UK.\" \/>\n<meta property=\"og:url\" content=\"https:\/\/www.purejewels.com\/de\/produkt-2\/22-kt-gold-armband-mit-t-bar-klammern-49250\/\" \/>\n<meta property=\"og:site_name\" content=\"PureJewels UK\" \/>\n<meta property=\"article:modified_time\" content=\"2026-02-13T13:23:23+00:00\" \/>\n<meta property=\"og:image\" content=\"https:\/\/static.purejewels.com\/wp-content\/uploads\/2024\/10\/SKU_11-1.png\" \/>\n\t<meta property=\"og:image:width\" content=\"1000\" \/>\n\t<meta property=\"og:image:height\" content=\"1000\" \/>\n\t<meta property=\"og:image:type\" content=\"image\/png\" \/>\n<meta name=\"twitter:card\" content=\"summary_large_image\" \/>\n<meta name=\"twitter:label1\" content=\"Gesch\u00e4tzte Lesezeit\" \/>\n\t<meta name=\"twitter:data1\" content=\"1\u00a0Minute\" \/>\n<script type=\"application\/ld+json\" class=\"yoast-schema-graph\">{\"@context\":\"https:\\\/\\\/schema.org\",\"@graph\":[{\"@type\":[\"WebPage\",\"ItemPage\"],\"@id\":\"https:\\\/\\\/www.purejewels.com\\\/product\\\/22ct-gold-bracelet-with-t-bar-claps-49250\\\/\",\"url\":\"https:\\\/\\\/www.purejewels.com\\\/product\\\/22ct-gold-bracelet-with-t-bar-claps-49250\\\/\",\"name\":\"Real Gold Bracelet with T-Bar Claps | PureJewels UK\",\"isPartOf\":{\"@id\":\"https:\\\/\\\/www.purejewels.com\\\/#website\"},\"primaryImageOfPage\":{\"@id\":\"https:\\\/\\\/www.purejewels.com\\\/product\\\/22ct-gold-bracelet-with-t-bar-claps-49250\\\/#primaryimage\"},\"image\":{\"@id\":\"https:\\\/\\\/www.purejewels.com\\\/product\\\/22ct-gold-bracelet-with-t-bar-claps-49250\\\/#primaryimage\"},\"thumbnailUrl\":\"https:\\\/\\\/static.purejewels.com\\\/wp-content\\\/uploads\\\/2024\\\/10\\\/SKU_11-1.png\",\"datePublished\":\"2025-04-08T09:41:16+00:00\",\"dateModified\":\"2026-02-13T13:23:23+00:00\",\"description\":\"Elevate your wrist with our exquisite 22ct Solid Gold Bracelets featuring stylish T-Bar Claps. Discover luxury with PureJewels UK.\",\"breadcrumb\":{\"@id\":\"https:\\\/\\\/www.purejewels.com\\\/product\\\/22ct-gold-bracelet-with-t-bar-claps-49250\\\/#breadcrumb\"},\"inLanguage\":\"de\",\"potentialAction\":[{\"@type\":\"ReadAction\",\"target\":[\"https:\\\/\\\/www.purejewels.com\\\/product\\\/22ct-gold-bracelet-with-t-bar-claps-49250\\\/\"]}]},{\"@type\":\"ImageObject\",\"inLanguage\":\"de\",\"@id\":\"https:\\\/\\\/www.purejewels.com\\\/product\\\/22ct-gold-bracelet-with-t-bar-claps-49250\\\/#primaryimage\",\"url\":\"https:\\\/\\\/static.purejewels.com\\\/wp-content\\\/uploads\\\/2024\\\/10\\\/SKU_11-1.png\",\"contentUrl\":\"https:\\\/\\\/static.purejewels.com\\\/wp-content\\\/uploads\\\/2024\\\/10\\\/SKU_11-1.png\",\"width\":1000,\"height\":1000,\"caption\":\"22ct Gold Bracelet with T-Bar Claps\"},{\"@type\":\"BreadcrumbList\",\"@id\":\"https:\\\/\\\/www.purejewels.com\\\/product\\\/22ct-gold-bracelet-with-t-bar-claps-49250\\\/#breadcrumb\",\"itemListElement\":[{\"@type\":\"ListItem\",\"position\":1,\"name\":\"Home\",\"item\":\"https:\\\/\\\/www.purejewels.com\\\/\"},{\"@type\":\"ListItem\",\"position\":2,\"name\":\"Shop\",\"item\":\"https:\\\/\\\/www.purejewels.com\\\/shop\\\/\"},{\"@type\":\"ListItem\",\"position\":3,\"name\":\"22ct Gold Dhwani T-Bar Claps Bracelet\"}]},{\"@type\":\"WebSite\",\"@id\":\"https:\\\/\\\/www.purejewels.com\\\/#website\",\"url\":\"https:\\\/\\\/www.purejewels.com\\\/\",\"name\":\"PureJewels UK\",\"description\":\"Share the Love\",\"publisher\":{\"@id\":\"https:\\\/\\\/www.purejewels.com\\\/#organization\"},\"potentialAction\":[{\"@type\":\"SearchAction\",\"target\":{\"@type\":\"EntryPoint\",\"urlTemplate\":\"https:\\\/\\\/www.purejewels.com\\\/?s={search_term_string}\"},\"query-input\":{\"@type\":\"PropertyValueSpecification\",\"valueRequired\":true,\"valueName\":\"search_term_string\"}}],\"inLanguage\":\"de\"},{\"@type\":\"Organization\",\"@id\":\"https:\\\/\\\/www.purejewels.com\\\/#organization\",\"name\":\"PureJewels UK\",\"url\":\"https:\\\/\\\/www.purejewels.com\\\/\",\"logo\":{\"@type\":\"ImageObject\",\"inLanguage\":\"de\",\"@id\":\"https:\\\/\\\/www.purejewels.com\\\/#\\\/schema\\\/logo\\\/image\\\/\",\"url\":\"https:\\\/\\\/static.purejewels.com\\\/wp-content\\\/uploads\\\/2020\\\/11\\\/Logo-PJ-New-1.png\",\"contentUrl\":\"https:\\\/\\\/static.purejewels.com\\\/wp-content\\\/uploads\\\/2020\\\/11\\\/Logo-PJ-New-1.png\",\"width\":150,\"height\":80,\"caption\":\"PureJewels UK\"},\"image\":{\"@id\":\"https:\\\/\\\/www.purejewels.com\\\/#\\\/schema\\\/logo\\\/image\\\/\"}}]}<\/script>\n<!-- \/ Yoast SEO plugin. -->","yoast_head_json":{"title":"Echtes Goldarmband mit T-Bar-Klammern | PureJewels UK","description":"Erh\u00f6hen Sie Ihr Handgelenk mit unseren exquisiten Armb\u00e4ndern aus massivem 22-kar\u00e4tigem Gold mit stilvollen T-Bar-Klammern. Entdecken Sie Luxus mit PureJewels UK.","robots":{"index":"index","follow":"follow","max-snippet":"max-snippet:-1","max-image-preview":"max-image-preview:large","max-video-preview":"max-video-preview:-1"},"canonical":"https:\/\/www.purejewels.com\/de\/produkt-2\/22-kt-gold-armband-mit-t-bar-klammern-49250\/","og_locale":"de_DE","og_type":"article","og_title":"Real Gold Bracelet with T-Bar Claps | PureJewels UK","og_description":"Elevate your wrist with our exquisite 22ct Solid Gold Bracelets featuring stylish T-Bar Claps. Discover luxury with PureJewels UK.","og_url":"https:\/\/www.purejewels.com\/de\/produkt-2\/22-kt-gold-armband-mit-t-bar-klammern-49250\/","og_site_name":"PureJewels UK","article_modified_time":"2026-02-13T13:23:23+00:00","og_image":[{"width":1000,"height":1000,"url":"https:\/\/static.purejewels.com\/wp-content\/uploads\/2024\/10\/SKU_11-1.png","type":"image\/png"}],"twitter_card":"summary_large_image","twitter_misc":{"Gesch\u00e4tzte Lesezeit":"1\u00a0Minute"},"schema":{"@context":"https:\/\/schema.org","@graph":[{"@type":["WebPage","ItemPage"],"@id":"https:\/\/www.purejewels.com\/product\/22ct-gold-bracelet-with-t-bar-claps-49250\/","url":"https:\/\/www.purejewels.com\/product\/22ct-gold-bracelet-with-t-bar-claps-49250\/","name":"Echtes Goldarmband mit T-Bar-Klammern | PureJewels UK","isPartOf":{"@id":"https:\/\/www.purejewels.com\/#website"},"primaryImageOfPage":{"@id":"https:\/\/www.purejewels.com\/product\/22ct-gold-bracelet-with-t-bar-claps-49250\/#primaryimage"},"image":{"@id":"https:\/\/www.purejewels.com\/product\/22ct-gold-bracelet-with-t-bar-claps-49250\/#primaryimage"},"thumbnailUrl":"https:\/\/static.purejewels.com\/wp-content\/uploads\/2024\/10\/SKU_11-1.png","datePublished":"2025-04-08T09:41:16+00:00","dateModified":"2026-02-13T13:23:23+00:00","description":"Erh\u00f6hen Sie Ihr Handgelenk mit unseren exquisiten Armb\u00e4ndern aus massivem 22-kar\u00e4tigem Gold mit stilvollen T-Bar-Klammern. Entdecken Sie Luxus mit PureJewels UK.","breadcrumb":{"@id":"https:\/\/www.purejewels.com\/product\/22ct-gold-bracelet-with-t-bar-claps-49250\/#breadcrumb"},"inLanguage":"de","potentialAction":[{"@type":"ReadAction","target":["https:\/\/www.purejewels.com\/product\/22ct-gold-bracelet-with-t-bar-claps-49250\/"]}]},{"@type":"ImageObject","inLanguage":"de","@id":"https:\/\/www.purejewels.com\/product\/22ct-gold-bracelet-with-t-bar-claps-49250\/#primaryimage","url":"https:\/\/static.purejewels.com\/wp-content\/uploads\/2024\/10\/SKU_11-1.png","contentUrl":"https:\/\/static.purejewels.com\/wp-content\/uploads\/2024\/10\/SKU_11-1.png","width":1000,"height":1000,"caption":"22ct Gold Bracelet with T-Bar Claps"},{"@type":"BreadcrumbList","@id":"https:\/\/www.purejewels.com\/product\/22ct-gold-bracelet-with-t-bar-claps-49250\/#breadcrumb","itemListElement":[{"@type":"ListItem","position":1,"name":"Home","item":"https:\/\/www.purejewels.com\/"},{"@type":"ListItem","position":2,"name":"Shop","item":"https:\/\/www.purejewels.com\/shop\/"},{"@type":"ListItem","position":3,"name":"22ct Gold Dhwani T-Bar Claps Bracelet"}]},{"@type":"WebSite","@id":"https:\/\/www.purejewels.com\/#website","url":"https:\/\/www.purejewels.com\/","name":"PureJewels UK","description":"Teile die Liebe","publisher":{"@id":"https:\/\/www.purejewels.com\/#organization"},"potentialAction":[{"@type":"SearchAction","target":{"@type":"EntryPoint","urlTemplate":"https:\/\/www.purejewels.com\/?s={search_term_string}"},"query-input":{"@type":"PropertyValueSpecification","valueRequired":true,"valueName":"search_term_string"}}],"inLanguage":"de"},{"@type":"Organization","@id":"https:\/\/www.purejewels.com\/#organization","name":"PureJewels UK","url":"https:\/\/www.purejewels.com\/","logo":{"@type":"ImageObject","inLanguage":"de","@id":"https:\/\/www.purejewels.com\/#\/schema\/logo\/image\/","url":"https:\/\/static.purejewels.com\/wp-content\/uploads\/2020\/11\/Logo-PJ-New-1.png","contentUrl":"https:\/\/static.purejewels.com\/wp-content\/uploads\/2020\/11\/Logo-PJ-New-1.png","width":150,"height":80,"caption":"PureJewels UK"},"image":{"@id":"https:\/\/www.purejewels.com\/#\/schema\/logo\/image\/"}}]}},"_links":{"self":[{"href":"https:\/\/www.purejewels.com\/de\/wp-json\/wp\/v2\/product\/375094","targetHints":{"allow":["GET"]}}],"collection":[{"href":"https:\/\/www.purejewels.com\/de\/wp-json\/wp\/v2\/product"}],"about":[{"href":"https:\/\/www.purejewels.com\/de\/wp-json\/wp\/v2\/types\/product"}],"replies":[{"embeddable":true,"href":"https:\/\/www.purejewels.com\/de\/wp-json\/wp\/v2\/comments?post=375094"}],"version-history":[{"count":5,"href":"https:\/\/www.purejewels.com\/de\/wp-json\/wp\/v2\/product\/375094\/revisions"}],"predecessor-version":[{"id":398062,"href":"https:\/\/www.purejewels.com\/de\/wp-json\/wp\/v2\/product\/375094\/revisions\/398062"}],"wp:featuredmedia":[{"embeddable":true,"href":"https:\/\/www.purejewels.com\/de\/wp-json\/wp\/v2\/media\/382378"}],"wp:attachment":[{"href":"https:\/\/www.purejewels.com\/de\/wp-json\/wp\/v2\/media?parent=375094"}],"wp:term":[{"taxonomy":"product_brand","embeddable":true,"href":"https:\/\/www.purejewels.com\/de\/wp-json\/wp\/v2\/product_brand?post=375094"},{"taxonomy":"product_cat","embeddable":true,"href":"https:\/\/www.purejewels.com\/de\/wp-json\/wp\/v2\/product_cat?post=375094"},{"taxonomy":"product_tag","embeddable":true,"href":"https:\/\/www.purejewels.com\/de\/wp-json\/wp\/v2\/product_tag?post=375094"}],"curies":[{"name":"wp","href":"https:\/\/api.w.org\/{rel}","templated":true}]}}