{"id":375131,"date":"2024-10-31T05:36:51","date_gmt":"2024-10-31T05:36:51","guid":{"rendered":"https:\/\/www.purejewels.com\/?post_type=product&#038;p=375131"},"modified":"2026-02-09T08:05:07","modified_gmt":"2026-02-09T08:05:07","slug":"22-kt-sonnenaufgang-gold-halskette-49258","status":"publish","type":"product","link":"https:\/\/www.purejewels.com\/de\/product\/22ct-sunrise-gold-necklace-49258\/","title":{"rendered":"22ct Sunrise Gold Halskette | Dhwani Kollektion"},"content":{"rendered":"<h3 class=\"ewa-rteLine\">Inspiration und Geschichte<\/h3>\n<p>Dieser Anh\u00e4nger tr\u00e4gt die Essenz des Gleichgewichts durch seine Klangkugel, die ein sanftes, therapeutisches Glockenspiel abgibt. Tragen Sie den \"Klang des Goldes\" mit sich, wohin Sie auch gehen. Das sanfte, beruhigende Glockenspiel ist f\u00fcr alle gedacht, die Ausgeglichenheit und Selbstdarstellung sch\u00e4tzen, und bringt Momente der Achtsamkeit in Ihren Alltag. Es ist k\u00fchn und doch sanft - ein Talisman, der Ihnen hilft, geerdet zu bleiben und gleichzeitig Ihre innere St\u00e4rke zu zeigen.<\/p>\n<h3 class=\"ewa-rteLine\">Material und Handwerkskunst<\/h3>\n<p>Gefertigt in unserem exklusiven <a href=\"https:\/\/www.purejewels.com\/de\/product\/22ct-gold-jali-filigree-ring-jali-collection-31926\/\">22ct<\/a> Sonnenaufgang Gold <a href=\"https:\/\/www.purejewels.com\/de\/precious-metals-in-jewelry-making\/\">Legierung<\/a>Diese Halskette verbindet Reinheit mit Best\u00e4ndigkeit. Die granulierte Klangkugel wird sorgf\u00e4ltig mit fortschrittlichen Schmiedetechniken hergestellt, um ihre einzigartige Resonanz zu erzielen und gleichzeitig ein geringes Gewicht beizubehalten. Minimale Hitze w\u00e4hrend des Herstellungsprozesses bewahrt die Struktur des Metalls und sorgt daf\u00fcr, dass der Klang klar und beruhigend bleibt. Der warme pfirsichgoldene Farbton verleiht einen Hauch von moderner Raffinesse und passt zu allen Hautt\u00f6nen.<\/p>\n<h3 class=\"ewa-rteLine\">Styling-Tipps<\/h3>\n<p>Kombinieren Sie es mit <strong>22 Karat Goldarmband mit T-Bar-Klammern<\/strong><\/p>\n<p>Entdecken Sie mehr Lariat-Halsketten<\/p>","protected":false},"excerpt":{"rendered":"<table>\n<tbody>\n<tr>\n<td>Art der Halskette<\/td>\n<td>Sonnenaufgang Gold Halskette<\/td>\n<\/tr>\n<tr>\n<td>Gewicht<\/td>\n<td>7,1 Gramm<\/td>\n<\/tr>\n<tr>\n<td>SKU<\/td>\n<td>49258<\/td>\n<\/tr>\n<tr>\n<td>L\u00e4nge<\/td>\n<td>18 Zoll<\/td>\n<\/tr>\n<tr>\n<td>Metall<\/td>\n<td>22ct Gold<\/td>\n<\/tr>\n<tr>\n<td>Sammlung<\/td>\n<td>Dhwani Kollektion<\/td>\n<\/tr>\n<tr>\n<td>Geschlecht<\/td>\n<td>Damen<\/td>\n<\/tr>\n<tr>\n<td>Entgelte<\/td>\n<td>Lieferung und Mehrwertsteuer inbegriffen<\/td>\n<\/tr>\n<tr>\n<td>Verpackung<\/td>\n<td>Mit Pr\u00e4sentationsbox<\/td>\n<\/tr>\n<tr>\n<td>Mehr Informationen<\/td>\n<td>Live-Chat mit uns f\u00fcr Verf\u00fcgbarkeit und mehr Bilder<\/td>\n<\/tr>\n<\/tbody>\n<\/table>","protected":false},"featured_media":380367,"comment_status":"closed","ping_status":"closed","template":"","meta":{"_eb_attr":"","_crsspst_to_jayantr4sg-hostcom":false},"product_brand":[],"product_cat":[1791,1559,236,5633,6185,1793,1229,1253,5902,1778,1573,1574],"product_tag":[],"class_list":{"0":"post-375131","1":"product","2":"type-product","3":"status-publish","4":"has-post-thumbnail","6":"product_cat-anniversary-gifts","7":"product_cat-birthday-gifts","8":"product_cat-collections","9":"product_cat-dhwani-collection","10":"product_cat-dhwani-necklace","11":"product_cat-diwali-gifts","12":"product_cat-22ct-gold-jewellery","13":"product_cat-gold-necklaces","14":"product_cat-lariat-necklace","15":"product_cat-short-necklaces","16":"product_cat-wedding-gifts","17":"product_cat-womens-jewellery","19":"first","20":"instock","21":"taxable","22":"shipping-taxable","23":"purchasable","24":"product-type-simple","25":"add-to-wishlist-before_image"},"yoast_head":"<!-- This site is optimized with the Yoast SEO plugin v27.3 - https:\/\/yoast.com\/product\/yoast-seo-wordpress\/ -->\n<title>22ct Sunrise Gold Necklace | Dhwani Collection | PureJewels UK<\/title>\n<meta name=\"description\" content=\"Illuminate your neck with our stunning 22K Sunrise Gold Necklace from the Dhwani Collection. Buy this necklace online today.\" \/>\n<meta name=\"robots\" content=\"index, follow, max-snippet:-1, max-image-preview:large, max-video-preview:-1\" \/>\n<link rel=\"canonical\" href=\"https:\/\/www.purejewels.com\/de\/produkt-2\/22-kt-sonnenaufgang-gold-halskette-49258\/\" \/>\n<meta property=\"og:locale\" content=\"de_DE\" \/>\n<meta property=\"og:type\" content=\"article\" \/>\n<meta property=\"og:title\" content=\"22ct Sunrise Gold Necklace | Dhwani Collection | PureJewels UK\" \/>\n<meta property=\"og:description\" content=\"Illuminate your neck with our stunning 22K Sunrise Gold Necklace from the Dhwani Collection. Buy this necklace online today.\" \/>\n<meta property=\"og:url\" content=\"https:\/\/www.purejewels.com\/de\/produkt-2\/22-kt-sonnenaufgang-gold-halskette-49258\/\" \/>\n<meta property=\"og:site_name\" content=\"PureJewels UK\" \/>\n<meta property=\"article:modified_time\" content=\"2026-02-09T08:05:07+00:00\" \/>\n<meta property=\"og:image\" content=\"https:\/\/static.purejewels.com\/wp-content\/uploads\/2024\/10\/49258.png\" \/>\n\t<meta property=\"og:image:width\" content=\"1000\" \/>\n\t<meta property=\"og:image:height\" content=\"1000\" \/>\n\t<meta property=\"og:image:type\" content=\"image\/png\" \/>\n<meta name=\"twitter:card\" content=\"summary_large_image\" \/>\n<meta name=\"twitter:label1\" content=\"Gesch\u00e4tzte Lesezeit\" \/>\n\t<meta name=\"twitter:data1\" content=\"1\u00a0Minute\" \/>\n<script type=\"application\/ld+json\" class=\"yoast-schema-graph\">{\"@context\":\"https:\\\/\\\/schema.org\",\"@graph\":[{\"@type\":[\"WebPage\",\"ItemPage\"],\"@id\":\"https:\\\/\\\/www.purejewels.com\\\/product\\\/22ct-sunrise-gold-necklace-49258\\\/\",\"url\":\"https:\\\/\\\/www.purejewels.com\\\/product\\\/22ct-sunrise-gold-necklace-49258\\\/\",\"name\":\"22ct Sunrise Gold Necklace | Dhwani Collection | PureJewels UK\",\"isPartOf\":{\"@id\":\"https:\\\/\\\/www.purejewels.com\\\/#website\"},\"primaryImageOfPage\":{\"@id\":\"https:\\\/\\\/www.purejewels.com\\\/product\\\/22ct-sunrise-gold-necklace-49258\\\/#primaryimage\"},\"image\":{\"@id\":\"https:\\\/\\\/www.purejewels.com\\\/product\\\/22ct-sunrise-gold-necklace-49258\\\/#primaryimage\"},\"thumbnailUrl\":\"https:\\\/\\\/static.purejewels.com\\\/wp-content\\\/uploads\\\/2024\\\/10\\\/49258.png\",\"datePublished\":\"2024-10-31T05:36:51+00:00\",\"dateModified\":\"2026-02-09T08:05:07+00:00\",\"description\":\"Illuminate your neck with our stunning 22K Sunrise Gold Necklace from the Dhwani Collection. Buy this necklace online today.\",\"breadcrumb\":{\"@id\":\"https:\\\/\\\/www.purejewels.com\\\/product\\\/22ct-sunrise-gold-necklace-49258\\\/#breadcrumb\"},\"inLanguage\":\"de\",\"potentialAction\":[{\"@type\":\"ReadAction\",\"target\":[\"https:\\\/\\\/www.purejewels.com\\\/product\\\/22ct-sunrise-gold-necklace-49258\\\/\"]}]},{\"@type\":\"ImageObject\",\"inLanguage\":\"de\",\"@id\":\"https:\\\/\\\/www.purejewels.com\\\/product\\\/22ct-sunrise-gold-necklace-49258\\\/#primaryimage\",\"url\":\"https:\\\/\\\/static.purejewels.com\\\/wp-content\\\/uploads\\\/2024\\\/10\\\/49258.png\",\"contentUrl\":\"https:\\\/\\\/static.purejewels.com\\\/wp-content\\\/uploads\\\/2024\\\/10\\\/49258.png\",\"width\":1000,\"height\":1000,\"caption\":\"22ct Sunrise Gold Necklace | Dhwani Collection\"},{\"@type\":\"BreadcrumbList\",\"@id\":\"https:\\\/\\\/www.purejewels.com\\\/product\\\/22ct-sunrise-gold-necklace-49258\\\/#breadcrumb\",\"itemListElement\":[{\"@type\":\"ListItem\",\"position\":1,\"name\":\"Home\",\"item\":\"https:\\\/\\\/www.purejewels.com\\\/\"},{\"@type\":\"ListItem\",\"position\":2,\"name\":\"Shop\",\"item\":\"https:\\\/\\\/www.purejewels.com\\\/shop\\\/\"},{\"@type\":\"ListItem\",\"position\":3,\"name\":\"22ct Sunrise Gold Necklace | Dhwani Collection\"}]},{\"@type\":\"WebSite\",\"@id\":\"https:\\\/\\\/www.purejewels.com\\\/#website\",\"url\":\"https:\\\/\\\/www.purejewels.com\\\/\",\"name\":\"PureJewels UK\",\"description\":\"Share the Love\",\"publisher\":{\"@id\":\"https:\\\/\\\/www.purejewels.com\\\/#organization\"},\"potentialAction\":[{\"@type\":\"SearchAction\",\"target\":{\"@type\":\"EntryPoint\",\"urlTemplate\":\"https:\\\/\\\/www.purejewels.com\\\/?s={search_term_string}\"},\"query-input\":{\"@type\":\"PropertyValueSpecification\",\"valueRequired\":true,\"valueName\":\"search_term_string\"}}],\"inLanguage\":\"de\"},{\"@type\":\"Organization\",\"@id\":\"https:\\\/\\\/www.purejewels.com\\\/#organization\",\"name\":\"PureJewels UK\",\"url\":\"https:\\\/\\\/www.purejewels.com\\\/\",\"logo\":{\"@type\":\"ImageObject\",\"inLanguage\":\"de\",\"@id\":\"https:\\\/\\\/www.purejewels.com\\\/#\\\/schema\\\/logo\\\/image\\\/\",\"url\":\"https:\\\/\\\/static.purejewels.com\\\/wp-content\\\/uploads\\\/2020\\\/11\\\/Logo-PJ-New-1.png\",\"contentUrl\":\"https:\\\/\\\/static.purejewels.com\\\/wp-content\\\/uploads\\\/2020\\\/11\\\/Logo-PJ-New-1.png\",\"width\":150,\"height\":80,\"caption\":\"PureJewels UK\"},\"image\":{\"@id\":\"https:\\\/\\\/www.purejewels.com\\\/#\\\/schema\\\/logo\\\/image\\\/\"}}]}<\/script>\n<!-- \/ Yoast SEO plugin. -->","yoast_head_json":{"title":"22ct Sunrise Gold Halskette | Dhwani Kollektion | PureJewels UK","description":"Beleuchten Sie Ihren Hals mit unserer atemberaubenden 22K Sunrise Gold Halskette aus der Dhwani Kollektion. Kaufen Sie diese Halskette noch heute online.","robots":{"index":"index","follow":"follow","max-snippet":"max-snippet:-1","max-image-preview":"max-image-preview:large","max-video-preview":"max-video-preview:-1"},"canonical":"https:\/\/www.purejewels.com\/de\/produkt-2\/22-kt-sonnenaufgang-gold-halskette-49258\/","og_locale":"de_DE","og_type":"article","og_title":"22ct Sunrise Gold Necklace | Dhwani Collection | PureJewels UK","og_description":"Illuminate your neck with our stunning 22K Sunrise Gold Necklace from the Dhwani Collection. Buy this necklace online today.","og_url":"https:\/\/www.purejewels.com\/de\/produkt-2\/22-kt-sonnenaufgang-gold-halskette-49258\/","og_site_name":"PureJewels UK","article_modified_time":"2026-02-09T08:05:07+00:00","og_image":[{"width":1000,"height":1000,"url":"https:\/\/static.purejewels.com\/wp-content\/uploads\/2024\/10\/49258.png","type":"image\/png"}],"twitter_card":"summary_large_image","twitter_misc":{"Gesch\u00e4tzte Lesezeit":"1\u00a0Minute"},"schema":{"@context":"https:\/\/schema.org","@graph":[{"@type":["WebPage","ItemPage"],"@id":"https:\/\/www.purejewels.com\/product\/22ct-sunrise-gold-necklace-49258\/","url":"https:\/\/www.purejewels.com\/product\/22ct-sunrise-gold-necklace-49258\/","name":"22ct Sunrise Gold Halskette | Dhwani Kollektion | PureJewels UK","isPartOf":{"@id":"https:\/\/www.purejewels.com\/#website"},"primaryImageOfPage":{"@id":"https:\/\/www.purejewels.com\/product\/22ct-sunrise-gold-necklace-49258\/#primaryimage"},"image":{"@id":"https:\/\/www.purejewels.com\/product\/22ct-sunrise-gold-necklace-49258\/#primaryimage"},"thumbnailUrl":"https:\/\/static.purejewels.com\/wp-content\/uploads\/2024\/10\/49258.png","datePublished":"2024-10-31T05:36:51+00:00","dateModified":"2026-02-09T08:05:07+00:00","description":"Beleuchten Sie Ihren Hals mit unserer atemberaubenden 22K Sunrise Gold Halskette aus der Dhwani Kollektion. Kaufen Sie diese Halskette noch heute online.","breadcrumb":{"@id":"https:\/\/www.purejewels.com\/product\/22ct-sunrise-gold-necklace-49258\/#breadcrumb"},"inLanguage":"de","potentialAction":[{"@type":"ReadAction","target":["https:\/\/www.purejewels.com\/product\/22ct-sunrise-gold-necklace-49258\/"]}]},{"@type":"ImageObject","inLanguage":"de","@id":"https:\/\/www.purejewels.com\/product\/22ct-sunrise-gold-necklace-49258\/#primaryimage","url":"https:\/\/static.purejewels.com\/wp-content\/uploads\/2024\/10\/49258.png","contentUrl":"https:\/\/static.purejewels.com\/wp-content\/uploads\/2024\/10\/49258.png","width":1000,"height":1000,"caption":"22ct Sunrise Gold Necklace | Dhwani Collection"},{"@type":"BreadcrumbList","@id":"https:\/\/www.purejewels.com\/product\/22ct-sunrise-gold-necklace-49258\/#breadcrumb","itemListElement":[{"@type":"ListItem","position":1,"name":"Home","item":"https:\/\/www.purejewels.com\/"},{"@type":"ListItem","position":2,"name":"Shop","item":"https:\/\/www.purejewels.com\/shop\/"},{"@type":"ListItem","position":3,"name":"22ct Sunrise Gold Necklace | Dhwani Collection"}]},{"@type":"WebSite","@id":"https:\/\/www.purejewels.com\/#website","url":"https:\/\/www.purejewels.com\/","name":"PureJewels UK","description":"Teile die Liebe","publisher":{"@id":"https:\/\/www.purejewels.com\/#organization"},"potentialAction":[{"@type":"SearchAction","target":{"@type":"EntryPoint","urlTemplate":"https:\/\/www.purejewels.com\/?s={search_term_string}"},"query-input":{"@type":"PropertyValueSpecification","valueRequired":true,"valueName":"search_term_string"}}],"inLanguage":"de"},{"@type":"Organization","@id":"https:\/\/www.purejewels.com\/#organization","name":"PureJewels UK","url":"https:\/\/www.purejewels.com\/","logo":{"@type":"ImageObject","inLanguage":"de","@id":"https:\/\/www.purejewels.com\/#\/schema\/logo\/image\/","url":"https:\/\/static.purejewels.com\/wp-content\/uploads\/2020\/11\/Logo-PJ-New-1.png","contentUrl":"https:\/\/static.purejewels.com\/wp-content\/uploads\/2020\/11\/Logo-PJ-New-1.png","width":150,"height":80,"caption":"PureJewels UK"},"image":{"@id":"https:\/\/www.purejewels.com\/#\/schema\/logo\/image\/"}}]}},"_links":{"self":[{"href":"https:\/\/www.purejewels.com\/de\/wp-json\/wp\/v2\/product\/375131","targetHints":{"allow":["GET"]}}],"collection":[{"href":"https:\/\/www.purejewels.com\/de\/wp-json\/wp\/v2\/product"}],"about":[{"href":"https:\/\/www.purejewels.com\/de\/wp-json\/wp\/v2\/types\/product"}],"replies":[{"embeddable":true,"href":"https:\/\/www.purejewels.com\/de\/wp-json\/wp\/v2\/comments?post=375131"}],"version-history":[{"count":5,"href":"https:\/\/www.purejewels.com\/de\/wp-json\/wp\/v2\/product\/375131\/revisions"}],"predecessor-version":[{"id":425463,"href":"https:\/\/www.purejewels.com\/de\/wp-json\/wp\/v2\/product\/375131\/revisions\/425463"}],"wp:featuredmedia":[{"embeddable":true,"href":"https:\/\/www.purejewels.com\/de\/wp-json\/wp\/v2\/media\/380367"}],"wp:attachment":[{"href":"https:\/\/www.purejewels.com\/de\/wp-json\/wp\/v2\/media?parent=375131"}],"wp:term":[{"taxonomy":"product_brand","embeddable":true,"href":"https:\/\/www.purejewels.com\/de\/wp-json\/wp\/v2\/product_brand?post=375131"},{"taxonomy":"product_cat","embeddable":true,"href":"https:\/\/www.purejewels.com\/de\/wp-json\/wp\/v2\/product_cat?post=375131"},{"taxonomy":"product_tag","embeddable":true,"href":"https:\/\/www.purejewels.com\/de\/wp-json\/wp\/v2\/product_tag?post=375131"}],"curies":[{"name":"wp","href":"https:\/\/api.w.org\/{rel}","templated":true}]}}