{"id":375138,"date":"2024-10-31T06:14:08","date_gmt":"2024-10-31T06:14:08","guid":{"rendered":"https:\/\/www.purejewels.com\/?post_type=product&#038;p=375138"},"modified":"2026-02-10T08:51:09","modified_gmt":"2026-02-10T08:51:09","slug":"dhwani-kollektion-halskette-49262","status":"publish","type":"product","link":"https:\/\/www.purejewels.com\/de\/product\/dhwani-collection-necklace-49262\/","title":{"rendered":"Dhwani Collection Halskette | 22ct Sunrise Gold"},"content":{"rendered":"<p><strong>Inspiration und Geschichte<\/strong><br \/>\nErlauben Sie den ruhigen Schwingungen dieser Halskette aus der Dhwani-Kollektion, Ihre innere Welt zu verbinden, die Sie an alles erinnert, wof\u00fcr Sie stehen! Inspiriert von den Kl\u00e4ngen der Tempelglocken f\u00e4ngt diese Halskette die Sch\u00f6nheit der Ruhe in jedem Detail ein. Als Symbol deiner inneren St\u00e4rke erinnert dich ihr sanftes L\u00e4uten daran, geerdet und pr\u00e4sent zu bleiben.<\/p>\n<p><strong>Material und Handwerkskunst<\/strong><br \/>\nHandgefertigt aus <a href=\"https:\/\/www.purejewels.com\/de\/product\/22ct-gold-jali-filigree-ring-jali-collection-31926\/\">22ct<\/a> Diese Halskette aus Sunrise Gold zeigt innovative Schmucktechniken mit dem Schwerpunkt auf Granulierung und geschmiedeter Legierung. Sein Klangkugel-Schmuckdesign erzeugt eine beruhigende Resonanz und macht es zu einem tragbaren Schatz. Die Liebe zum Detail bei jedem Schritt sorgt daf\u00fcr, dass sie zu einem Teil Ihres t\u00e4glichen Lebens wird.<\/p>\n<p><strong>Styling-Tipps<\/strong><br \/>\nOb allein oder \u00fcbereinander getragen, diese Halskette l\u00e4sst sich m\u00fchelos von legeren zu formellen Anl\u00e4ssen kombinieren. Kombinieren Sie sie mit dem Bracelet for Her , 22ct Sunrise Gold f\u00fcr einen schlichten und stilvollen Look, den Sie nie mehr ablegen m\u00f6chten!<\/p>","protected":false},"excerpt":{"rendered":"<table>\n<tbody>\n<tr>\n<td>Art der Halskette<\/td>\n<td>Dhwani Halskette<\/td>\n<\/tr>\n<tr>\n<td>Gewicht<\/td>\n<td>7,5 Gramm<\/td>\n<\/tr>\n<tr>\n<td>SKU<\/td>\n<td>49262<\/td>\n<\/tr>\n<tr>\n<td>L\u00e4nge<\/td>\n<td>18 Zoll<\/td>\n<\/tr>\n<tr>\n<td>Metall<\/td>\n<td>22ct Gold<\/td>\n<\/tr>\n<tr>\n<td>Sammlung<\/td>\n<td>Dhwani Kollektion<\/td>\n<\/tr>\n<tr>\n<td>Geschlecht<\/td>\n<td>Damen<\/td>\n<\/tr>\n<tr>\n<td>Entgelte<\/td>\n<td>Lieferung und Mehrwertsteuer inbegriffen<\/td>\n<\/tr>\n<tr>\n<td>Verpackung<\/td>\n<td>Mit Pr\u00e4sentationsbox<\/td>\n<\/tr>\n<tr>\n<td>Mehr Informationen<\/td>\n<td>Live-Chat mit uns f\u00fcr Verf\u00fcgbarkeit und mehr Bilder<\/td>\n<\/tr>\n<\/tbody>\n<\/table>","protected":false},"featured_media":375139,"comment_status":"closed","ping_status":"closed","template":"","meta":{"_eb_attr":"","_crsspst_to_jayantr4sg-hostcom":false},"product_brand":[],"product_cat":[1791,1559,236,5633,6185,1229,1253,5902,1778,1573,1574],"product_tag":[],"class_list":{"0":"post-375138","1":"product","2":"type-product","3":"status-publish","4":"has-post-thumbnail","6":"product_cat-anniversary-gifts","7":"product_cat-birthday-gifts","8":"product_cat-collections","9":"product_cat-dhwani-collection","10":"product_cat-dhwani-necklace","11":"product_cat-22ct-gold-jewellery","12":"product_cat-gold-necklaces","13":"product_cat-lariat-necklace","14":"product_cat-short-necklaces","15":"product_cat-wedding-gifts","16":"product_cat-womens-jewellery","18":"first","19":"onbackorder","20":"taxable","21":"shipping-taxable","22":"purchasable","23":"product-type-simple","24":"add-to-wishlist-before_image"},"yoast_head":"<!-- This site is optimized with the Yoast SEO plugin v27.3 - https:\/\/yoast.com\/product\/yoast-seo-wordpress\/ -->\n<title>22ct Sunrise Gold Dhwani Necklace | Online at PureJewels UK<\/title>\n<meta name=\"description\" content=\"Explore the Dhwani Collection Necklace in 22ct Sunrise Gold, exclusively at PureJewels UK. A stunning blend of elegance with sound and craftsmanship.\" \/>\n<meta name=\"robots\" content=\"index, follow, max-snippet:-1, max-image-preview:large, max-video-preview:-1\" \/>\n<link rel=\"canonical\" href=\"https:\/\/www.purejewels.com\/de\/produkt-2\/dhwani-kollektion-halskette-49262\/\" \/>\n<meta property=\"og:locale\" content=\"de_DE\" \/>\n<meta property=\"og:type\" content=\"article\" \/>\n<meta property=\"og:title\" content=\"22ct Sunrise Gold Dhwani Necklace | Online at PureJewels UK\" \/>\n<meta property=\"og:description\" content=\"Explore the Dhwani Collection Necklace in 22ct Sunrise Gold, exclusively at PureJewels UK. A stunning blend of elegance with sound and craftsmanship.\" \/>\n<meta property=\"og:url\" content=\"https:\/\/www.purejewels.com\/de\/produkt-2\/dhwani-kollektion-halskette-49262\/\" \/>\n<meta property=\"og:site_name\" content=\"PureJewels UK\" \/>\n<meta property=\"article:modified_time\" content=\"2026-02-10T08:51:09+00:00\" \/>\n<meta property=\"og:image\" content=\"https:\/\/static.purejewels.com\/wp-content\/uploads\/2024\/10\/SKU-49262-Necklace-5.png\" \/>\n\t<meta property=\"og:image:width\" content=\"1000\" \/>\n\t<meta property=\"og:image:height\" content=\"1000\" \/>\n\t<meta property=\"og:image:type\" content=\"image\/png\" \/>\n<meta name=\"twitter:card\" content=\"summary_large_image\" \/>\n<meta name=\"twitter:label1\" content=\"Gesch\u00e4tzte Lesezeit\" \/>\n\t<meta name=\"twitter:data1\" content=\"1\u00a0Minute\" \/>\n<script type=\"application\/ld+json\" class=\"yoast-schema-graph\">{\"@context\":\"https:\\\/\\\/schema.org\",\"@graph\":[{\"@type\":[\"WebPage\",\"ItemPage\"],\"@id\":\"https:\\\/\\\/www.purejewels.com\\\/product\\\/dhwani-collection-necklace-49262\\\/\",\"url\":\"https:\\\/\\\/www.purejewels.com\\\/product\\\/dhwani-collection-necklace-49262\\\/\",\"name\":\"22ct Sunrise Gold Dhwani Necklace | Online at PureJewels UK\",\"isPartOf\":{\"@id\":\"https:\\\/\\\/www.purejewels.com\\\/#website\"},\"primaryImageOfPage\":{\"@id\":\"https:\\\/\\\/www.purejewels.com\\\/product\\\/dhwani-collection-necklace-49262\\\/#primaryimage\"},\"image\":{\"@id\":\"https:\\\/\\\/www.purejewels.com\\\/product\\\/dhwani-collection-necklace-49262\\\/#primaryimage\"},\"thumbnailUrl\":\"https:\\\/\\\/static.purejewels.com\\\/wp-content\\\/uploads\\\/2024\\\/10\\\/SKU-49262-Necklace-5.png\",\"datePublished\":\"2024-10-31T06:14:08+00:00\",\"dateModified\":\"2026-02-10T08:51:09+00:00\",\"description\":\"Explore the Dhwani Collection Necklace in 22ct Sunrise Gold, exclusively at PureJewels UK. A stunning blend of elegance with sound and craftsmanship.\",\"breadcrumb\":{\"@id\":\"https:\\\/\\\/www.purejewels.com\\\/product\\\/dhwani-collection-necklace-49262\\\/#breadcrumb\"},\"inLanguage\":\"de\",\"potentialAction\":[{\"@type\":\"ReadAction\",\"target\":[\"https:\\\/\\\/www.purejewels.com\\\/product\\\/dhwani-collection-necklace-49262\\\/\"]}]},{\"@type\":\"ImageObject\",\"inLanguage\":\"de\",\"@id\":\"https:\\\/\\\/www.purejewels.com\\\/product\\\/dhwani-collection-necklace-49262\\\/#primaryimage\",\"url\":\"https:\\\/\\\/static.purejewels.com\\\/wp-content\\\/uploads\\\/2024\\\/10\\\/SKU-49262-Necklace-5.png\",\"contentUrl\":\"https:\\\/\\\/static.purejewels.com\\\/wp-content\\\/uploads\\\/2024\\\/10\\\/SKU-49262-Necklace-5.png\",\"width\":1000,\"height\":1000,\"caption\":\"22ct Gold Necklace\"},{\"@type\":\"BreadcrumbList\",\"@id\":\"https:\\\/\\\/www.purejewels.com\\\/product\\\/dhwani-collection-necklace-49262\\\/#breadcrumb\",\"itemListElement\":[{\"@type\":\"ListItem\",\"position\":1,\"name\":\"Home\",\"item\":\"https:\\\/\\\/www.purejewels.com\\\/\"},{\"@type\":\"ListItem\",\"position\":2,\"name\":\"Shop\",\"item\":\"https:\\\/\\\/www.purejewels.com\\\/shop\\\/\"},{\"@type\":\"ListItem\",\"position\":3,\"name\":\"Dhwani Collection Necklace | 22ct Sunrise Gold\"}]},{\"@type\":\"WebSite\",\"@id\":\"https:\\\/\\\/www.purejewels.com\\\/#website\",\"url\":\"https:\\\/\\\/www.purejewels.com\\\/\",\"name\":\"PureJewels UK\",\"description\":\"Share the Love\",\"publisher\":{\"@id\":\"https:\\\/\\\/www.purejewels.com\\\/#organization\"},\"potentialAction\":[{\"@type\":\"SearchAction\",\"target\":{\"@type\":\"EntryPoint\",\"urlTemplate\":\"https:\\\/\\\/www.purejewels.com\\\/?s={search_term_string}\"},\"query-input\":{\"@type\":\"PropertyValueSpecification\",\"valueRequired\":true,\"valueName\":\"search_term_string\"}}],\"inLanguage\":\"de\"},{\"@type\":\"Organization\",\"@id\":\"https:\\\/\\\/www.purejewels.com\\\/#organization\",\"name\":\"PureJewels UK\",\"url\":\"https:\\\/\\\/www.purejewels.com\\\/\",\"logo\":{\"@type\":\"ImageObject\",\"inLanguage\":\"de\",\"@id\":\"https:\\\/\\\/www.purejewels.com\\\/#\\\/schema\\\/logo\\\/image\\\/\",\"url\":\"https:\\\/\\\/static.purejewels.com\\\/wp-content\\\/uploads\\\/2020\\\/11\\\/Logo-PJ-New-1.png\",\"contentUrl\":\"https:\\\/\\\/static.purejewels.com\\\/wp-content\\\/uploads\\\/2020\\\/11\\\/Logo-PJ-New-1.png\",\"width\":150,\"height\":80,\"caption\":\"PureJewels UK\"},\"image\":{\"@id\":\"https:\\\/\\\/www.purejewels.com\\\/#\\\/schema\\\/logo\\\/image\\\/\"}}]}<\/script>\n<!-- \/ Yoast SEO plugin. -->","yoast_head_json":{"title":"22ct Sunrise Gold Dhwani Halskette | Online bei PureJewels UK","description":"Entdecken Sie die Dhwani Collection Necklace in 22ct Sunrise Gold, exklusiv bei PureJewels UK. Eine atemberaubende Mischung aus Eleganz mit Klang und Handwerkskunst.","robots":{"index":"index","follow":"follow","max-snippet":"max-snippet:-1","max-image-preview":"max-image-preview:large","max-video-preview":"max-video-preview:-1"},"canonical":"https:\/\/www.purejewels.com\/de\/produkt-2\/dhwani-kollektion-halskette-49262\/","og_locale":"de_DE","og_type":"article","og_title":"22ct Sunrise Gold Dhwani Necklace | Online at PureJewels UK","og_description":"Explore the Dhwani Collection Necklace in 22ct Sunrise Gold, exclusively at PureJewels UK. A stunning blend of elegance with sound and craftsmanship.","og_url":"https:\/\/www.purejewels.com\/de\/produkt-2\/dhwani-kollektion-halskette-49262\/","og_site_name":"PureJewels UK","article_modified_time":"2026-02-10T08:51:09+00:00","og_image":[{"width":1000,"height":1000,"url":"https:\/\/static.purejewels.com\/wp-content\/uploads\/2024\/10\/SKU-49262-Necklace-5.png","type":"image\/png"}],"twitter_card":"summary_large_image","twitter_misc":{"Gesch\u00e4tzte Lesezeit":"1\u00a0Minute"},"schema":{"@context":"https:\/\/schema.org","@graph":[{"@type":["WebPage","ItemPage"],"@id":"https:\/\/www.purejewels.com\/product\/dhwani-collection-necklace-49262\/","url":"https:\/\/www.purejewels.com\/product\/dhwani-collection-necklace-49262\/","name":"22ct Sunrise Gold Dhwani Halskette | Online bei PureJewels UK","isPartOf":{"@id":"https:\/\/www.purejewels.com\/#website"},"primaryImageOfPage":{"@id":"https:\/\/www.purejewels.com\/product\/dhwani-collection-necklace-49262\/#primaryimage"},"image":{"@id":"https:\/\/www.purejewels.com\/product\/dhwani-collection-necklace-49262\/#primaryimage"},"thumbnailUrl":"https:\/\/static.purejewels.com\/wp-content\/uploads\/2024\/10\/SKU-49262-Necklace-5.png","datePublished":"2024-10-31T06:14:08+00:00","dateModified":"2026-02-10T08:51:09+00:00","description":"Entdecken Sie die Dhwani Collection Necklace in 22ct Sunrise Gold, exklusiv bei PureJewels UK. Eine atemberaubende Mischung aus Eleganz mit Klang und Handwerkskunst.","breadcrumb":{"@id":"https:\/\/www.purejewels.com\/product\/dhwani-collection-necklace-49262\/#breadcrumb"},"inLanguage":"de","potentialAction":[{"@type":"ReadAction","target":["https:\/\/www.purejewels.com\/product\/dhwani-collection-necklace-49262\/"]}]},{"@type":"ImageObject","inLanguage":"de","@id":"https:\/\/www.purejewels.com\/product\/dhwani-collection-necklace-49262\/#primaryimage","url":"https:\/\/static.purejewels.com\/wp-content\/uploads\/2024\/10\/SKU-49262-Necklace-5.png","contentUrl":"https:\/\/static.purejewels.com\/wp-content\/uploads\/2024\/10\/SKU-49262-Necklace-5.png","width":1000,"height":1000,"caption":"22ct Gold Necklace"},{"@type":"BreadcrumbList","@id":"https:\/\/www.purejewels.com\/product\/dhwani-collection-necklace-49262\/#breadcrumb","itemListElement":[{"@type":"ListItem","position":1,"name":"Home","item":"https:\/\/www.purejewels.com\/"},{"@type":"ListItem","position":2,"name":"Shop","item":"https:\/\/www.purejewels.com\/shop\/"},{"@type":"ListItem","position":3,"name":"Dhwani Collection Necklace | 22ct Sunrise Gold"}]},{"@type":"WebSite","@id":"https:\/\/www.purejewels.com\/#website","url":"https:\/\/www.purejewels.com\/","name":"PureJewels UK","description":"Teile die Liebe","publisher":{"@id":"https:\/\/www.purejewels.com\/#organization"},"potentialAction":[{"@type":"SearchAction","target":{"@type":"EntryPoint","urlTemplate":"https:\/\/www.purejewels.com\/?s={search_term_string}"},"query-input":{"@type":"PropertyValueSpecification","valueRequired":true,"valueName":"search_term_string"}}],"inLanguage":"de"},{"@type":"Organization","@id":"https:\/\/www.purejewels.com\/#organization","name":"PureJewels UK","url":"https:\/\/www.purejewels.com\/","logo":{"@type":"ImageObject","inLanguage":"de","@id":"https:\/\/www.purejewels.com\/#\/schema\/logo\/image\/","url":"https:\/\/static.purejewels.com\/wp-content\/uploads\/2020\/11\/Logo-PJ-New-1.png","contentUrl":"https:\/\/static.purejewels.com\/wp-content\/uploads\/2020\/11\/Logo-PJ-New-1.png","width":150,"height":80,"caption":"PureJewels UK"},"image":{"@id":"https:\/\/www.purejewels.com\/#\/schema\/logo\/image\/"}}]}},"_links":{"self":[{"href":"https:\/\/www.purejewels.com\/de\/wp-json\/wp\/v2\/product\/375138","targetHints":{"allow":["GET"]}}],"collection":[{"href":"https:\/\/www.purejewels.com\/de\/wp-json\/wp\/v2\/product"}],"about":[{"href":"https:\/\/www.purejewels.com\/de\/wp-json\/wp\/v2\/types\/product"}],"replies":[{"embeddable":true,"href":"https:\/\/www.purejewels.com\/de\/wp-json\/wp\/v2\/comments?post=375138"}],"version-history":[{"count":3,"href":"https:\/\/www.purejewels.com\/de\/wp-json\/wp\/v2\/product\/375138\/revisions"}],"predecessor-version":[{"id":425811,"href":"https:\/\/www.purejewels.com\/de\/wp-json\/wp\/v2\/product\/375138\/revisions\/425811"}],"wp:featuredmedia":[{"embeddable":true,"href":"https:\/\/www.purejewels.com\/de\/wp-json\/wp\/v2\/media\/375139"}],"wp:attachment":[{"href":"https:\/\/www.purejewels.com\/de\/wp-json\/wp\/v2\/media?parent=375138"}],"wp:term":[{"taxonomy":"product_brand","embeddable":true,"href":"https:\/\/www.purejewels.com\/de\/wp-json\/wp\/v2\/product_brand?post=375138"},{"taxonomy":"product_cat","embeddable":true,"href":"https:\/\/www.purejewels.com\/de\/wp-json\/wp\/v2\/product_cat?post=375138"},{"taxonomy":"product_tag","embeddable":true,"href":"https:\/\/www.purejewels.com\/de\/wp-json\/wp\/v2\/product_tag?post=375138"}],"curies":[{"name":"wp","href":"https:\/\/api.w.org\/{rel}","templated":true}]}}