{"id":375754,"date":"2024-11-14T09:10:11","date_gmt":"2024-11-14T09:10:11","guid":{"rendered":"https:\/\/www.purejewels.com\/?post_type=product&#038;p=375754"},"modified":"2026-03-09T12:58:37","modified_gmt":"2026-03-09T12:58:37","slug":"armari-collection-anhanger-aus-22-kt-gelbgold-10mm-49723","status":"publish","type":"product","link":"https:\/\/www.purejewels.com\/de\/product\/armari-collection-pendant-in-22ct-yellow-gold-10mm-49723\/","title":{"rendered":"Armari Collection Anh\u00e4nger aus 22ct Gelbgold | 10mm"},"content":{"rendered":"<p>Der Anh\u00e4nger der Armari Collection aus 22-kar\u00e4tigem Gelbgold ist ein eindrucksvoller Ausdruck von Textur und Tradition. Sein detailliertes Oberfl\u00e4chenmuster verleiht ihm Tiefe und Charakter, w\u00e4hrend der warme Schimmer des hochreinen Goldes seine zeitlose Anziehungskraft verst\u00e4rkt. Dieser Anh\u00e4nger, der als Hommage an die traditionelle Handwerkskunst entworfen wurde, ist sowohl k\u00fchn als auch elegant und damit eine sinnvolle Erg\u00e4nzung f\u00fcr jede Schmucksammlung.<\/p>\n<h3 data-start=\"1237\" data-end=\"1257\">Designkonzept<\/h3>\n<p data-start=\"1258\" data-end=\"1449\">Inspiriert von strukturierten Details und symbolischer Kontinuit\u00e4t, steht die kreisf\u00f6rmige Form f\u00fcr Ganzheitlichkeit und dauerhafte Reisen. Die mehrschichtige Textur spiegelt St\u00e4rke, Identit\u00e4t und raffinierte Kunstfertigkeit wider.<\/p>\n<h3 data-start=\"1456\" data-end=\"1475\">Handwerkliches K\u00f6nnen<\/h3>\n<p data-start=\"1476\" data-end=\"1703\">Der fachm\u00e4nnisch aus 22-kar\u00e4tigem Gelbgold gefertigte Anh\u00e4nger zeichnet sich durch komplizierte Strukturierungstechniken aus, die f\u00fcr Dimension und Lichtreflexion sorgen. Jedes St\u00fcck ist mit einem Echtheitsstempel versehen und wird von erfahrenen Goldschmieden mit Pr\u00e4zision geformt.<\/p>\n<h3 data-start=\"1710\" data-end=\"1728\">Styling-Tipps<\/h3>\n<p data-start=\"1729\" data-end=\"1933\" data-is-last-node=\"\" data-is-only-node=\"\">Kombinieren Sie ihn mit einer klassischen 22-kar\u00e4tigen Goldkette f\u00fcr einen eleganten Alltagslook.<br data-start=\"1794\" data-end=\"1797\" \/>Kombinieren Sie sie mit zarten Goldketten, um Tiefe und einen modernen Kontrast zu schaffen.<br data-start=\"1868\" data-end=\"1871\" \/>Ein sinnvolles Geschenk f\u00fcr einen Meilenstein oder eine Feier.<\/p>","protected":false},"excerpt":{"rendered":"<div class=\"woocommerce-product-details__short-description\">\n<table class=\"sh_desc\" style=\"width: 100%; height: 281px;\">\n<tbody>\n<tr style=\"height: 28px;\">\n<td style=\"height: 28px;\">Typ des Anh\u00e4ngers<\/td>\n<td style=\"height: 28px;\">Anh\u00e4nger im antiken Stil<\/td>\n<\/tr>\n<tr style=\"height: 28px;\">\n<td style=\"height: 28px;\">SKU<\/td>\n<td style=\"height: 28px;\">49723<\/td>\n<\/tr>\n<tr style=\"height: 28px;\">\n<td style=\"height: 29px;\">Gewicht<\/td>\n<td style=\"height: 29px;\">1,4 Gramm<\/td>\n<\/tr>\n<tr style=\"height: 28px;\">\n<td style=\"height: 29px;\">Breite<\/td>\n<td style=\"height: 29px;\">10 mm<\/td>\n<\/tr>\n<tr style=\"height: 28px;\">\n<td style=\"height: 29px;\">Sammlung<\/td>\n<td style=\"height: 29px;\"><strong>Sammlung Armari<\/strong><\/td>\n<\/tr>\n<tr style=\"height: 28px;\">\n<td style=\"height: 28px;\">Metall<\/td>\n<td style=\"height: 28px;\">22ct Gold<\/td>\n<\/tr>\n<tr style=\"height: 28px;\">\n<td style=\"height: 28px;\">Entgelte<\/td>\n<td style=\"height: 28px;\">Lieferung und Mehrwertsteuer inbegriffen<\/td>\n<\/tr>\n<tr style=\"height: 28px;\">\n<td style=\"height: 28px;\">Verpackung<\/td>\n<td style=\"height: 28px;\">Mit Pr\u00e4sentationsbox<\/td>\n<\/tr>\n<tr style=\"height: 112px;\">\n<td style=\"height: 112px;\">Mehr Informationen<\/td>\n<td style=\"height: 112px;\">\n<ul>\n<li>Kette ist nicht enthalten<\/li>\n<li>Sehen Sie sich unsere Sammlung von\u00a0<strong>Ketten<\/strong><\/li>\n<li>Live-Chat mit uns f\u00fcr Verf\u00fcgbarkeit und mehr Bilder<\/li>\n<\/ul>\n<\/td>\n<\/tr>\n<\/tbody>\n<\/table>\n<\/div>","protected":false},"featured_media":375758,"comment_status":"closed","ping_status":"closed","template":"","meta":{"_eb_attr":"","_crsspst_to_jayantr4sg-hostcom":false},"product_brand":[],"product_cat":[1640,1791,5670,1793,5701,1770,5343,1767,1570,1573,1574,5349],"product_tag":[],"class_list":{"0":"post-375754","1":"product","2":"type-product","3":"status-publish","4":"has-post-thumbnail","6":"product_cat-22ct-gold-bands","7":"product_cat-anniversary-gifts","8":"product_cat-armari-pendant","9":"product_cat-diwali-gifts","10":"product_cat-eid-jewellery","11":"product_cat-fancy-pendants","12":"product_cat-jewellery-under-550","13":"product_cat-ladies-pendants","14":"product_cat-mothers-day-gifts","15":"product_cat-wedding-gifts","16":"product_cat-womens-jewellery","17":"product_cat-yellow-gold-jewellery","19":"first","20":"instock","21":"taxable","22":"shipping-taxable","23":"purchasable","24":"product-type-simple","25":"add-to-wishlist-before_image"},"yoast_head":"<!-- This site is optimized with the Yoast SEO plugin v27.5 - https:\/\/yoast.com\/product\/yoast-seo-wordpress\/ -->\n<title>Shop Armari Pendant in 22ct Yellow Gold | PureJewels London<\/title>\n<meta name=\"description\" content=\"Discover the Armari pendant crafted in radiant 22ct yellow gold. Featuring intricate detailing this delicate piece adds refined charm to everyday &amp; occasion.\" \/>\n<meta name=\"robots\" content=\"index, follow, max-snippet:-1, max-image-preview:large, max-video-preview:-1\" \/>\n<link rel=\"canonical\" href=\"https:\/\/www.purejewels.com\/de\/produkt-2\/armari-collection-anhanger-aus-22-kt-gelbgold-10mm-49723\/\" \/>\n<meta property=\"og:locale\" content=\"de_DE\" \/>\n<meta property=\"og:type\" content=\"article\" \/>\n<meta property=\"og:title\" content=\"Shop Armari Pendant in 22ct Yellow Gold | PureJewels London\" \/>\n<meta property=\"og:description\" content=\"Discover the Armari pendant crafted in radiant 22ct yellow gold. Featuring intricate detailing this delicate piece adds refined charm to everyday &amp; occasion.\" \/>\n<meta property=\"og:url\" content=\"https:\/\/www.purejewels.com\/de\/produkt-2\/armari-collection-anhanger-aus-22-kt-gelbgold-10mm-49723\/\" \/>\n<meta property=\"og:site_name\" content=\"PureJewels UK\" \/>\n<meta property=\"article:modified_time\" content=\"2026-03-09T12:58:37+00:00\" \/>\n<meta property=\"og:image\" content=\"https:\/\/static.purejewels.com\/wp-content\/uploads\/2024\/11\/49723.jpg\" \/>\n\t<meta property=\"og:image:width\" content=\"1000\" \/>\n\t<meta property=\"og:image:height\" content=\"1000\" \/>\n\t<meta property=\"og:image:type\" content=\"image\/jpeg\" \/>\n<meta name=\"twitter:card\" content=\"summary_large_image\" \/>\n<meta name=\"twitter:label1\" content=\"Gesch\u00e4tzte Lesezeit\" \/>\n\t<meta name=\"twitter:data1\" content=\"1\u00a0Minute\" \/>\n<script type=\"application\/ld+json\" class=\"yoast-schema-graph\">{\"@context\":\"https:\\\/\\\/schema.org\",\"@graph\":[{\"@type\":[\"WebPage\",\"ItemPage\"],\"@id\":\"https:\\\/\\\/www.purejewels.com\\\/product\\\/armari-collection-pendant-in-22ct-yellow-gold-10mm-49723\\\/\",\"url\":\"https:\\\/\\\/www.purejewels.com\\\/product\\\/armari-collection-pendant-in-22ct-yellow-gold-10mm-49723\\\/\",\"name\":\"Shop Armari Pendant in 22ct Yellow Gold | PureJewels London\",\"isPartOf\":{\"@id\":\"https:\\\/\\\/www.purejewels.com\\\/#website\"},\"primaryImageOfPage\":{\"@id\":\"https:\\\/\\\/www.purejewels.com\\\/product\\\/armari-collection-pendant-in-22ct-yellow-gold-10mm-49723\\\/#primaryimage\"},\"image\":{\"@id\":\"https:\\\/\\\/www.purejewels.com\\\/product\\\/armari-collection-pendant-in-22ct-yellow-gold-10mm-49723\\\/#primaryimage\"},\"thumbnailUrl\":\"https:\\\/\\\/static.purejewels.com\\\/wp-content\\\/uploads\\\/2024\\\/11\\\/49723.jpg\",\"datePublished\":\"2024-11-14T09:10:11+00:00\",\"dateModified\":\"2026-03-09T12:58:37+00:00\",\"description\":\"Discover the Armari pendant crafted in radiant 22ct yellow gold. Featuring intricate detailing this delicate piece adds refined charm to everyday & occasion.\",\"breadcrumb\":{\"@id\":\"https:\\\/\\\/www.purejewels.com\\\/product\\\/armari-collection-pendant-in-22ct-yellow-gold-10mm-49723\\\/#breadcrumb\"},\"inLanguage\":\"de\",\"potentialAction\":[{\"@type\":\"ReadAction\",\"target\":[\"https:\\\/\\\/www.purejewels.com\\\/product\\\/armari-collection-pendant-in-22ct-yellow-gold-10mm-49723\\\/\"]}]},{\"@type\":\"ImageObject\",\"inLanguage\":\"de\",\"@id\":\"https:\\\/\\\/www.purejewels.com\\\/product\\\/armari-collection-pendant-in-22ct-yellow-gold-10mm-49723\\\/#primaryimage\",\"url\":\"https:\\\/\\\/static.purejewels.com\\\/wp-content\\\/uploads\\\/2024\\\/11\\\/49723.jpg\",\"contentUrl\":\"https:\\\/\\\/static.purejewels.com\\\/wp-content\\\/uploads\\\/2024\\\/11\\\/49723.jpg\",\"width\":1000,\"height\":1000,\"caption\":\"22ct Gold Antique Finish Pendant\"},{\"@type\":\"BreadcrumbList\",\"@id\":\"https:\\\/\\\/www.purejewels.com\\\/product\\\/armari-collection-pendant-in-22ct-yellow-gold-10mm-49723\\\/#breadcrumb\",\"itemListElement\":[{\"@type\":\"ListItem\",\"position\":1,\"name\":\"Home\",\"item\":\"https:\\\/\\\/www.purejewels.com\\\/\"},{\"@type\":\"ListItem\",\"position\":2,\"name\":\"Shop\",\"item\":\"https:\\\/\\\/www.purejewels.com\\\/shop\\\/\"},{\"@type\":\"ListItem\",\"position\":3,\"name\":\"Armari Collection Pendant in 22ct Yellow Gold | 10mm\"}]},{\"@type\":\"WebSite\",\"@id\":\"https:\\\/\\\/www.purejewels.com\\\/#website\",\"url\":\"https:\\\/\\\/www.purejewels.com\\\/\",\"name\":\"PureJewels UK\",\"description\":\"Share the Love\",\"publisher\":{\"@id\":\"https:\\\/\\\/www.purejewels.com\\\/#organization\"},\"potentialAction\":[{\"@type\":\"SearchAction\",\"target\":{\"@type\":\"EntryPoint\",\"urlTemplate\":\"https:\\\/\\\/www.purejewels.com\\\/?s={search_term_string}\"},\"query-input\":{\"@type\":\"PropertyValueSpecification\",\"valueRequired\":true,\"valueName\":\"search_term_string\"}}],\"inLanguage\":\"de\"},{\"@type\":\"Organization\",\"@id\":\"https:\\\/\\\/www.purejewels.com\\\/#organization\",\"name\":\"PureJewels UK\",\"url\":\"https:\\\/\\\/www.purejewels.com\\\/\",\"logo\":{\"@type\":\"ImageObject\",\"inLanguage\":\"de\",\"@id\":\"https:\\\/\\\/www.purejewels.com\\\/#\\\/schema\\\/logo\\\/image\\\/\",\"url\":\"https:\\\/\\\/static.purejewels.com\\\/wp-content\\\/uploads\\\/2020\\\/11\\\/Logo-PJ-New-1.png\",\"contentUrl\":\"https:\\\/\\\/static.purejewels.com\\\/wp-content\\\/uploads\\\/2020\\\/11\\\/Logo-PJ-New-1.png\",\"width\":150,\"height\":80,\"caption\":\"PureJewels UK\"},\"image\":{\"@id\":\"https:\\\/\\\/www.purejewels.com\\\/#\\\/schema\\\/logo\\\/image\\\/\"}}]}<\/script>\n<!-- \/ Yoast SEO plugin. -->","yoast_head_json":{"title":"Shop Armari Anh\u00e4nger in 22ct Gelbgold | PureJewels London","description":"Entdecken Sie den Armari-Anh\u00e4nger aus strahlendem 22-kar\u00e4tigem Gelbgold. Mit seinen komplizierten Details verleiht dieses zarte St\u00fcck raffinierten Charme f\u00fcr jeden Tag und jeden Anlass.","robots":{"index":"index","follow":"follow","max-snippet":"max-snippet:-1","max-image-preview":"max-image-preview:large","max-video-preview":"max-video-preview:-1"},"canonical":"https:\/\/www.purejewels.com\/de\/produkt-2\/armari-collection-anhanger-aus-22-kt-gelbgold-10mm-49723\/","og_locale":"de_DE","og_type":"article","og_title":"Shop Armari Pendant in 22ct Yellow Gold | PureJewels London","og_description":"Discover the Armari pendant crafted in radiant 22ct yellow gold. Featuring intricate detailing this delicate piece adds refined charm to everyday & occasion.","og_url":"https:\/\/www.purejewels.com\/de\/produkt-2\/armari-collection-anhanger-aus-22-kt-gelbgold-10mm-49723\/","og_site_name":"PureJewels UK","article_modified_time":"2026-03-09T12:58:37+00:00","og_image":[{"width":1000,"height":1000,"url":"https:\/\/static.purejewels.com\/wp-content\/uploads\/2024\/11\/49723.jpg","type":"image\/jpeg"}],"twitter_card":"summary_large_image","twitter_misc":{"Gesch\u00e4tzte Lesezeit":"1\u00a0Minute"},"schema":{"@context":"https:\/\/schema.org","@graph":[{"@type":["WebPage","ItemPage"],"@id":"https:\/\/www.purejewels.com\/product\/armari-collection-pendant-in-22ct-yellow-gold-10mm-49723\/","url":"https:\/\/www.purejewels.com\/product\/armari-collection-pendant-in-22ct-yellow-gold-10mm-49723\/","name":"Shop Armari Anh\u00e4nger in 22ct Gelbgold | PureJewels London","isPartOf":{"@id":"https:\/\/www.purejewels.com\/#website"},"primaryImageOfPage":{"@id":"https:\/\/www.purejewels.com\/product\/armari-collection-pendant-in-22ct-yellow-gold-10mm-49723\/#primaryimage"},"image":{"@id":"https:\/\/www.purejewels.com\/product\/armari-collection-pendant-in-22ct-yellow-gold-10mm-49723\/#primaryimage"},"thumbnailUrl":"https:\/\/static.purejewels.com\/wp-content\/uploads\/2024\/11\/49723.jpg","datePublished":"2024-11-14T09:10:11+00:00","dateModified":"2026-03-09T12:58:37+00:00","description":"Entdecken Sie den Armari-Anh\u00e4nger aus strahlendem 22-kar\u00e4tigem Gelbgold. Mit seinen komplizierten Details verleiht dieses zarte St\u00fcck raffinierten Charme f\u00fcr jeden Tag und jeden Anlass.","breadcrumb":{"@id":"https:\/\/www.purejewels.com\/product\/armari-collection-pendant-in-22ct-yellow-gold-10mm-49723\/#breadcrumb"},"inLanguage":"de","potentialAction":[{"@type":"ReadAction","target":["https:\/\/www.purejewels.com\/product\/armari-collection-pendant-in-22ct-yellow-gold-10mm-49723\/"]}]},{"@type":"ImageObject","inLanguage":"de","@id":"https:\/\/www.purejewels.com\/product\/armari-collection-pendant-in-22ct-yellow-gold-10mm-49723\/#primaryimage","url":"https:\/\/static.purejewels.com\/wp-content\/uploads\/2024\/11\/49723.jpg","contentUrl":"https:\/\/static.purejewels.com\/wp-content\/uploads\/2024\/11\/49723.jpg","width":1000,"height":1000,"caption":"22ct Gold Antique Finish Pendant"},{"@type":"BreadcrumbList","@id":"https:\/\/www.purejewels.com\/product\/armari-collection-pendant-in-22ct-yellow-gold-10mm-49723\/#breadcrumb","itemListElement":[{"@type":"ListItem","position":1,"name":"Home","item":"https:\/\/www.purejewels.com\/"},{"@type":"ListItem","position":2,"name":"Shop","item":"https:\/\/www.purejewels.com\/shop\/"},{"@type":"ListItem","position":3,"name":"Armari Collection Pendant in 22ct Yellow Gold | 10mm"}]},{"@type":"WebSite","@id":"https:\/\/www.purejewels.com\/#website","url":"https:\/\/www.purejewels.com\/","name":"PureJewels UK","description":"Teile die Liebe","publisher":{"@id":"https:\/\/www.purejewels.com\/#organization"},"potentialAction":[{"@type":"SearchAction","target":{"@type":"EntryPoint","urlTemplate":"https:\/\/www.purejewels.com\/?s={search_term_string}"},"query-input":{"@type":"PropertyValueSpecification","valueRequired":true,"valueName":"search_term_string"}}],"inLanguage":"de"},{"@type":"Organization","@id":"https:\/\/www.purejewels.com\/#organization","name":"PureJewels UK","url":"https:\/\/www.purejewels.com\/","logo":{"@type":"ImageObject","inLanguage":"de","@id":"https:\/\/www.purejewels.com\/#\/schema\/logo\/image\/","url":"https:\/\/static.purejewels.com\/wp-content\/uploads\/2020\/11\/Logo-PJ-New-1.png","contentUrl":"https:\/\/static.purejewels.com\/wp-content\/uploads\/2020\/11\/Logo-PJ-New-1.png","width":150,"height":80,"caption":"PureJewels UK"},"image":{"@id":"https:\/\/www.purejewels.com\/#\/schema\/logo\/image\/"}}]}},"_links":{"self":[{"href":"https:\/\/www.purejewels.com\/de\/wp-json\/wp\/v2\/product\/375754","targetHints":{"allow":["GET"]}}],"collection":[{"href":"https:\/\/www.purejewels.com\/de\/wp-json\/wp\/v2\/product"}],"about":[{"href":"https:\/\/www.purejewels.com\/de\/wp-json\/wp\/v2\/types\/product"}],"replies":[{"embeddable":true,"href":"https:\/\/www.purejewels.com\/de\/wp-json\/wp\/v2\/comments?post=375754"}],"version-history":[{"count":3,"href":"https:\/\/www.purejewels.com\/de\/wp-json\/wp\/v2\/product\/375754\/revisions"}],"predecessor-version":[{"id":426484,"href":"https:\/\/www.purejewels.com\/de\/wp-json\/wp\/v2\/product\/375754\/revisions\/426484"}],"wp:featuredmedia":[{"embeddable":true,"href":"https:\/\/www.purejewels.com\/de\/wp-json\/wp\/v2\/media\/375758"}],"wp:attachment":[{"href":"https:\/\/www.purejewels.com\/de\/wp-json\/wp\/v2\/media?parent=375754"}],"wp:term":[{"taxonomy":"product_brand","embeddable":true,"href":"https:\/\/www.purejewels.com\/de\/wp-json\/wp\/v2\/product_brand?post=375754"},{"taxonomy":"product_cat","embeddable":true,"href":"https:\/\/www.purejewels.com\/de\/wp-json\/wp\/v2\/product_cat?post=375754"},{"taxonomy":"product_tag","embeddable":true,"href":"https:\/\/www.purejewels.com\/de\/wp-json\/wp\/v2\/product_tag?post=375754"}],"curies":[{"name":"wp","href":"https:\/\/api.w.org\/{rel}","templated":true}]}}