{"id":379699,"date":"2024-12-18T09:14:24","date_gmt":"2024-12-18T09:14:24","guid":{"rendered":"https:\/\/www.purejewels.com\/?post_type=product&#038;p=379699"},"modified":"2026-04-06T10:01:21","modified_gmt":"2026-04-06T09:01:21","slug":"kreuz-anhanger-aus-24-karat-gold-mit-designerl-schleife","status":"publish","type":"product","link":"https:\/\/www.purejewels.com\/de\/product\/24ct-gold-cross-pendant-with-designerl-loop\/","title":{"rendered":"Kreuz-Anh\u00e4nger aus reinem 24-kar\u00e4tigem Gold mit Designer-Schleife"},"content":{"rendered":"<p><strong><a href=\"https:\/\/www.purejewels.com\/de\/product\/holy-cross-gold-pendant-44713\/\">Kreuz-Anh\u00e4nger<\/a> in Reinform <a href=\"https:\/\/www.purejewels.com\/de\/product\/24ct-gold-minted-bar-in-5grm\/\">24ct Gold<\/a><\/strong><\/p>\n<p>Entdecken Sie zeitlose Eleganz mit unserem exquisit gearbeiteten Kreuzanh\u00e4nger aus 24 Karat Gold. Dieses strahlende St\u00fcck wurde in unserer Londoner Werkstatt sorgf\u00e4ltig entworfen und pr\u00e4sentiert sich in unvergleichlicher <a href=\"https:\/\/www.purejewels.com\/de\/a-guide-to-die-stamping\/\">Handwerkskunst<\/a>mit einer atemberaubenden Designer-B\u00fcgelschlaufe, an der Sie m\u00fchelos Ihre Lieblingskette befestigen k\u00f6nnen.<\/p>\n<p>Diese atemberaubende 24-kar\u00e4tige Goldkette mit Kreuz ist ein echtes Statement, perfekt f\u00fcr alle, die Luxus und Eleganz zu sch\u00e4tzen wissen. Der aus reinem 24-kar\u00e4tigem Gold gefertigte Designer-Kreuzanh\u00e4nger verf\u00fcgt \u00fcber ein einzigartiges Schleifendesign, das einem klassischen Symbol einen modernen Touch verleiht.<\/p>\n<p>Mit einer L\u00e4nge von 2,54 cm und einer Breite von 1,27 cm ist dieser Unisex-Anh\u00e4nger mit 2 Gramm ein Leichtgewicht, das den ganzen Tag \u00fcber bequem zu tragen ist. Der Preis dieses exquisiten St\u00fccks schwankt in Echtzeit auf der Grundlage des aktuellen Goldkurses, so dass Sie den besten Wert f\u00fcr Ihre Investition erhalten.<\/p>\n<p>Dieser Anh\u00e4nger wird in einer sch\u00f6nen Pr\u00e4sentationsbox geliefert und ist somit ein ideales Geschenk f\u00fcr einen lieben Menschen oder eine besondere Freude f\u00fcr Sie selbst. Bitte beachten Sie, dass die Kette nicht enthalten ist, aber Sie k\u00f6nnen eine passende Kette separat kaufen.<\/p>\n<ul>\n<li><strong>Material<\/strong>: Hergestellt aus 24 Karat reinem Gold, das einen unvergleichlichen Glanz und Wert bietet.<\/li>\n<li><strong>Gestaltung<\/strong>: Eine schlanke und raffinierte Kreuzsilhouette mit glatten Kanten f\u00fcr eine klassische und doch moderne \u00c4sthetik.<\/li>\n<li><strong>Handwerkliches K\u00f6nnen<\/strong>: Fachm\u00e4nnische Handarbeit in unserer Londoner Werkstatt, um Langlebigkeit und ein makelloses Finish zu gew\u00e4hrleisten.<\/li>\n<li><strong>Vielseitigkeit<\/strong>: Perfekt f\u00fcr das t\u00e4gliche Tragen oder als Blickfang f\u00fcr besondere Anl\u00e4sse.<\/li>\n<\/ul>\n<p>Ob als sinnvolles Geschenk oder als pers\u00f6nlicher Schatz, das <strong>24ct Gold Kreuz Anh\u00e4nger<\/strong> ist ein Meisterwerk, das sich \u00fcber Trends hinwegsetzt und als wertvolles Andenken erhalten bleibt. Zelebrieren Sie die kostbaren Momente des Lebens mit diesem kultigen Accessoire.<\/p>\n<p>Bestellen Sie jetzt und Sie erhalten innerhalb von 2 Wochen eine kostenfreie Lieferung per Paketdienst. Kaufen Sie mit dem Wissen, dass Ihr Kauf sicher ist, und genie\u00dfen Sie eine 30-t\u00e4gige Geld-zur\u00fcck-Garantie. Erh\u00f6hen Sie Ihren Stil mit dieser zeitlosen 24k Gold Halskette Kreuz von Purejewels UK.<\/p>\n<p>Abmessung: 1 Zoll x 0,5 Zoll<\/p>\n<p>Hinweis: Dieser Anh\u00e4nger ist auch in 22 Karat Gold erh\u00e4ltlich.<\/p>","protected":false},"excerpt":{"rendered":"<p><strong>Auf Bestellung gefertigt<\/strong><br \/>\nEntdecken Sie diesen Kreuzanh\u00e4nger aus 24 Karat reinem Gold, der in unserer Londoner Werkstatt sorgf\u00e4ltig entworfen wurde. Dieses strahlende Schmuckst\u00fcck zeugt von unvergleichlicher Handwerkskunst und verf\u00fcgt \u00fcber eine atemberaubende Designer-\u00d6se, an der Sie m\u00fchelos Ihre Lieblingskette befestigen k\u00f6nnen.<\/p>\n<p><strong>Material:<\/strong> 22ct Gold (91,6% reines Gold)<br \/>\n<strong>Wahrzeichen:<\/strong> Britisches G\u00fctesiegel<br \/>\n<strong>Bruttogewicht:<\/strong> 2 Gramm<br \/>\n<strong>SKU:<\/strong> 50556<br \/>\n<strong>Kette:<\/strong> Kette nicht im Lieferumfang enthalten \u2013 Entdecken Sie unser 22-kar\u00e4tiges Gold <a href=\"https:\/\/www.purejewels.com\/de\/produkt-kategorie\/22-karatiger-goldschmuck\/goldketten\/ackerfuchsschwanzkette\/\">Fuchsschwanzketten<\/a><\/p>\n<p><strong>Preis und Lieferung:<\/strong> Inklusive Mehrwertsteuer und Lieferkosten<br \/>\n<a href=\"https:\/\/www.purejewels.com\/de\/ruckgabepolitik\/\">R\u00fcckgabepolitik<\/a><\/p>","protected":false},"featured_media":379714,"comment_status":"closed","ping_status":"closed","template":"","meta":{"_eb_attr":"","_crsspst_to_jayantr4sg-hostcom":false},"product_brand":[],"product_cat":[5617,1794,5603,1792,1229,1255,5344,1572,1701,1574,5349],"product_tag":[1836],"class_list":{"0":"post-379699","1":"product","2":"type-product","3":"status-publish","4":"has-post-thumbnail","6":"product_cat-24ct-gold-jewellery","7":"product_cat-christmas-gifts","8":"product_cat-cross-pendants","9":"product_cat-festival-gifts","10":"product_cat-22ct-gold-jewellery","11":"product_cat-gold-pendants","12":"product_cat-jewellery-under-750","13":"product_cat-mens-jewellery","14":"product_cat-religious-pendants","15":"product_cat-womens-jewellery","16":"product_cat-yellow-gold-jewellery","17":"product_tag-24ct-gold","19":"first","20":"onbackorder","21":"taxable","22":"shipping-taxable","23":"purchasable","24":"product-type-simple","25":"add-to-wishlist-before_image"},"yoast_head":"<!-- This site is optimized with the Yoast SEO plugin v27.3 - https:\/\/yoast.com\/product\/yoast-seo-wordpress\/ -->\n<title>24ct Gold designer Cross Pendant online at Purejewels UK<\/title>\n<meta name=\"description\" content=\"Elevate your style with a Pure 24ct Gold Cross Pendant featuring a designer loop. A timeless piece crafted in pure gold, perfect for adding elegance to your collection.\" \/>\n<meta name=\"robots\" content=\"index, follow, max-snippet:-1, max-image-preview:large, max-video-preview:-1\" \/>\n<link rel=\"canonical\" href=\"https:\/\/www.purejewels.com\/de\/produkt-2\/kreuz-anhanger-aus-24-karat-gold-mit-designerl-schleife\/\" \/>\n<meta property=\"og:locale\" content=\"de_DE\" \/>\n<meta property=\"og:type\" content=\"article\" \/>\n<meta property=\"og:title\" content=\"24ct Gold designer Cross Pendant online at Purejewels UK\" \/>\n<meta property=\"og:description\" content=\"Elevate your style with a Pure 24ct Gold Cross Pendant featuring a designer loop. A timeless piece crafted in pure gold, perfect for adding elegance to your collection.\" \/>\n<meta property=\"og:url\" content=\"https:\/\/www.purejewels.com\/de\/produkt-2\/kreuz-anhanger-aus-24-karat-gold-mit-designerl-schleife\/\" \/>\n<meta property=\"og:site_name\" content=\"PureJewels UK\" \/>\n<meta property=\"article:modified_time\" content=\"2026-04-06T09:01:21+00:00\" \/>\n<meta property=\"og:image\" content=\"https:\/\/static.purejewels.com\/wp-content\/uploads\/2024\/12\/New-Project-1.png\" \/>\n\t<meta property=\"og:image:width\" content=\"1044\" \/>\n\t<meta property=\"og:image:height\" content=\"1044\" \/>\n\t<meta property=\"og:image:type\" content=\"image\/png\" \/>\n<meta name=\"twitter:card\" content=\"summary_large_image\" \/>\n<meta name=\"twitter:label1\" content=\"Gesch\u00e4tzte Lesezeit\" \/>\n\t<meta name=\"twitter:data1\" content=\"2\u00a0Minuten\" \/>\n<script type=\"application\/ld+json\" class=\"yoast-schema-graph\">{\"@context\":\"https:\\\/\\\/schema.org\",\"@graph\":[{\"@type\":[\"WebPage\",\"ItemPage\"],\"@id\":\"https:\\\/\\\/www.purejewels.com\\\/product\\\/24ct-gold-cross-pendant-with-designerl-loop\\\/\",\"url\":\"https:\\\/\\\/www.purejewels.com\\\/product\\\/24ct-gold-cross-pendant-with-designerl-loop\\\/\",\"name\":\"24ct Gold designer Cross Pendant online at Purejewels UK\",\"isPartOf\":{\"@id\":\"https:\\\/\\\/www.purejewels.com\\\/#website\"},\"primaryImageOfPage\":{\"@id\":\"https:\\\/\\\/www.purejewels.com\\\/product\\\/24ct-gold-cross-pendant-with-designerl-loop\\\/#primaryimage\"},\"image\":{\"@id\":\"https:\\\/\\\/www.purejewels.com\\\/product\\\/24ct-gold-cross-pendant-with-designerl-loop\\\/#primaryimage\"},\"thumbnailUrl\":\"https:\\\/\\\/static.purejewels.com\\\/wp-content\\\/uploads\\\/2024\\\/12\\\/New-Project-1.png\",\"datePublished\":\"2024-12-18T09:14:24+00:00\",\"dateModified\":\"2026-04-06T09:01:21+00:00\",\"description\":\"Elevate your style with a Pure 24ct Gold Cross Pendant featuring a designer loop. A timeless piece crafted in pure gold, perfect for adding elegance to your collection.\",\"breadcrumb\":{\"@id\":\"https:\\\/\\\/www.purejewels.com\\\/product\\\/24ct-gold-cross-pendant-with-designerl-loop\\\/#breadcrumb\"},\"inLanguage\":\"de\",\"potentialAction\":[{\"@type\":\"ReadAction\",\"target\":[\"https:\\\/\\\/www.purejewels.com\\\/product\\\/24ct-gold-cross-pendant-with-designerl-loop\\\/\"]}]},{\"@type\":\"ImageObject\",\"inLanguage\":\"de\",\"@id\":\"https:\\\/\\\/www.purejewels.com\\\/product\\\/24ct-gold-cross-pendant-with-designerl-loop\\\/#primaryimage\",\"url\":\"https:\\\/\\\/static.purejewels.com\\\/wp-content\\\/uploads\\\/2024\\\/12\\\/New-Project-1.png\",\"contentUrl\":\"https:\\\/\\\/static.purejewels.com\\\/wp-content\\\/uploads\\\/2024\\\/12\\\/New-Project-1.png\",\"width\":1044,\"height\":1044,\"caption\":\"Pure Gold Cross Pendant with designer loop\"},{\"@type\":\"BreadcrumbList\",\"@id\":\"https:\\\/\\\/www.purejewels.com\\\/product\\\/24ct-gold-cross-pendant-with-designerl-loop\\\/#breadcrumb\",\"itemListElement\":[{\"@type\":\"ListItem\",\"position\":1,\"name\":\"Home\",\"item\":\"https:\\\/\\\/www.purejewels.com\\\/\"},{\"@type\":\"ListItem\",\"position\":2,\"name\":\"Shop\",\"item\":\"https:\\\/\\\/www.purejewels.com\\\/shop\\\/\"},{\"@type\":\"ListItem\",\"position\":3,\"name\":\"Pure 24ct Gold Cross Pendant with designer loop\"}]},{\"@type\":\"WebSite\",\"@id\":\"https:\\\/\\\/www.purejewels.com\\\/#website\",\"url\":\"https:\\\/\\\/www.purejewels.com\\\/\",\"name\":\"PureJewels UK\",\"description\":\"Share the Love\",\"publisher\":{\"@id\":\"https:\\\/\\\/www.purejewels.com\\\/#organization\"},\"potentialAction\":[{\"@type\":\"SearchAction\",\"target\":{\"@type\":\"EntryPoint\",\"urlTemplate\":\"https:\\\/\\\/www.purejewels.com\\\/?s={search_term_string}\"},\"query-input\":{\"@type\":\"PropertyValueSpecification\",\"valueRequired\":true,\"valueName\":\"search_term_string\"}}],\"inLanguage\":\"de\"},{\"@type\":\"Organization\",\"@id\":\"https:\\\/\\\/www.purejewels.com\\\/#organization\",\"name\":\"PureJewels UK\",\"url\":\"https:\\\/\\\/www.purejewels.com\\\/\",\"logo\":{\"@type\":\"ImageObject\",\"inLanguage\":\"de\",\"@id\":\"https:\\\/\\\/www.purejewels.com\\\/#\\\/schema\\\/logo\\\/image\\\/\",\"url\":\"https:\\\/\\\/static.purejewels.com\\\/wp-content\\\/uploads\\\/2020\\\/11\\\/Logo-PJ-New-1.png\",\"contentUrl\":\"https:\\\/\\\/static.purejewels.com\\\/wp-content\\\/uploads\\\/2020\\\/11\\\/Logo-PJ-New-1.png\",\"width\":150,\"height\":80,\"caption\":\"PureJewels UK\"},\"image\":{\"@id\":\"https:\\\/\\\/www.purejewels.com\\\/#\\\/schema\\\/logo\\\/image\\\/\"}}]}<\/script>\n<!-- \/ Yoast SEO plugin. -->","yoast_head_json":{"title":"24 Karat Gold Designer-Kreuz-Anh\u00e4nger online bei Purejewels UK","description":"Erh\u00f6hen Sie Ihren Stil mit einem Kreuzanh\u00e4nger aus reinem 24-kar\u00e4tigem Gold mit einer Designerschleife. Ein zeitloses St\u00fcck aus reinem Gold, perfekt, um Ihrer Sammlung Eleganz zu verleihen.","robots":{"index":"index","follow":"follow","max-snippet":"max-snippet:-1","max-image-preview":"max-image-preview:large","max-video-preview":"max-video-preview:-1"},"canonical":"https:\/\/www.purejewels.com\/de\/produkt-2\/kreuz-anhanger-aus-24-karat-gold-mit-designerl-schleife\/","og_locale":"de_DE","og_type":"article","og_title":"24ct Gold designer Cross Pendant online at Purejewels UK","og_description":"Elevate your style with a Pure 24ct Gold Cross Pendant featuring a designer loop. A timeless piece crafted in pure gold, perfect for adding elegance to your collection.","og_url":"https:\/\/www.purejewels.com\/de\/produkt-2\/kreuz-anhanger-aus-24-karat-gold-mit-designerl-schleife\/","og_site_name":"PureJewels UK","article_modified_time":"2026-04-06T09:01:21+00:00","og_image":[{"width":1044,"height":1044,"url":"https:\/\/static.purejewels.com\/wp-content\/uploads\/2024\/12\/New-Project-1.png","type":"image\/png"}],"twitter_card":"summary_large_image","twitter_misc":{"Gesch\u00e4tzte Lesezeit":"2\u00a0Minuten"},"schema":{"@context":"https:\/\/schema.org","@graph":[{"@type":["WebPage","ItemPage"],"@id":"https:\/\/www.purejewels.com\/product\/24ct-gold-cross-pendant-with-designerl-loop\/","url":"https:\/\/www.purejewels.com\/product\/24ct-gold-cross-pendant-with-designerl-loop\/","name":"24 Karat Gold Designer-Kreuz-Anh\u00e4nger online bei Purejewels UK","isPartOf":{"@id":"https:\/\/www.purejewels.com\/#website"},"primaryImageOfPage":{"@id":"https:\/\/www.purejewels.com\/product\/24ct-gold-cross-pendant-with-designerl-loop\/#primaryimage"},"image":{"@id":"https:\/\/www.purejewels.com\/product\/24ct-gold-cross-pendant-with-designerl-loop\/#primaryimage"},"thumbnailUrl":"https:\/\/static.purejewels.com\/wp-content\/uploads\/2024\/12\/New-Project-1.png","datePublished":"2024-12-18T09:14:24+00:00","dateModified":"2026-04-06T09:01:21+00:00","description":"Erh\u00f6hen Sie Ihren Stil mit einem Kreuzanh\u00e4nger aus reinem 24-kar\u00e4tigem Gold mit einer Designerschleife. Ein zeitloses St\u00fcck aus reinem Gold, perfekt, um Ihrer Sammlung Eleganz zu verleihen.","breadcrumb":{"@id":"https:\/\/www.purejewels.com\/product\/24ct-gold-cross-pendant-with-designerl-loop\/#breadcrumb"},"inLanguage":"de","potentialAction":[{"@type":"ReadAction","target":["https:\/\/www.purejewels.com\/product\/24ct-gold-cross-pendant-with-designerl-loop\/"]}]},{"@type":"ImageObject","inLanguage":"de","@id":"https:\/\/www.purejewels.com\/product\/24ct-gold-cross-pendant-with-designerl-loop\/#primaryimage","url":"https:\/\/static.purejewels.com\/wp-content\/uploads\/2024\/12\/New-Project-1.png","contentUrl":"https:\/\/static.purejewels.com\/wp-content\/uploads\/2024\/12\/New-Project-1.png","width":1044,"height":1044,"caption":"Pure Gold Cross Pendant with designer loop"},{"@type":"BreadcrumbList","@id":"https:\/\/www.purejewels.com\/product\/24ct-gold-cross-pendant-with-designerl-loop\/#breadcrumb","itemListElement":[{"@type":"ListItem","position":1,"name":"Home","item":"https:\/\/www.purejewels.com\/"},{"@type":"ListItem","position":2,"name":"Shop","item":"https:\/\/www.purejewels.com\/shop\/"},{"@type":"ListItem","position":3,"name":"Pure 24ct Gold Cross Pendant with designer loop"}]},{"@type":"WebSite","@id":"https:\/\/www.purejewels.com\/#website","url":"https:\/\/www.purejewels.com\/","name":"PureJewels UK","description":"Teile die Liebe","publisher":{"@id":"https:\/\/www.purejewels.com\/#organization"},"potentialAction":[{"@type":"SearchAction","target":{"@type":"EntryPoint","urlTemplate":"https:\/\/www.purejewels.com\/?s={search_term_string}"},"query-input":{"@type":"PropertyValueSpecification","valueRequired":true,"valueName":"search_term_string"}}],"inLanguage":"de"},{"@type":"Organization","@id":"https:\/\/www.purejewels.com\/#organization","name":"PureJewels UK","url":"https:\/\/www.purejewels.com\/","logo":{"@type":"ImageObject","inLanguage":"de","@id":"https:\/\/www.purejewels.com\/#\/schema\/logo\/image\/","url":"https:\/\/static.purejewels.com\/wp-content\/uploads\/2020\/11\/Logo-PJ-New-1.png","contentUrl":"https:\/\/static.purejewels.com\/wp-content\/uploads\/2020\/11\/Logo-PJ-New-1.png","width":150,"height":80,"caption":"PureJewels UK"},"image":{"@id":"https:\/\/www.purejewels.com\/#\/schema\/logo\/image\/"}}]}},"_links":{"self":[{"href":"https:\/\/www.purejewels.com\/de\/wp-json\/wp\/v2\/product\/379699","targetHints":{"allow":["GET"]}}],"collection":[{"href":"https:\/\/www.purejewels.com\/de\/wp-json\/wp\/v2\/product"}],"about":[{"href":"https:\/\/www.purejewels.com\/de\/wp-json\/wp\/v2\/types\/product"}],"replies":[{"embeddable":true,"href":"https:\/\/www.purejewels.com\/de\/wp-json\/wp\/v2\/comments?post=379699"}],"version-history":[{"count":7,"href":"https:\/\/www.purejewels.com\/de\/wp-json\/wp\/v2\/product\/379699\/revisions"}],"predecessor-version":[{"id":421542,"href":"https:\/\/www.purejewels.com\/de\/wp-json\/wp\/v2\/product\/379699\/revisions\/421542"}],"wp:featuredmedia":[{"embeddable":true,"href":"https:\/\/www.purejewels.com\/de\/wp-json\/wp\/v2\/media\/379714"}],"wp:attachment":[{"href":"https:\/\/www.purejewels.com\/de\/wp-json\/wp\/v2\/media?parent=379699"}],"wp:term":[{"taxonomy":"product_brand","embeddable":true,"href":"https:\/\/www.purejewels.com\/de\/wp-json\/wp\/v2\/product_brand?post=379699"},{"taxonomy":"product_cat","embeddable":true,"href":"https:\/\/www.purejewels.com\/de\/wp-json\/wp\/v2\/product_cat?post=379699"},{"taxonomy":"product_tag","embeddable":true,"href":"https:\/\/www.purejewels.com\/de\/wp-json\/wp\/v2\/product_tag?post=379699"}],"curies":[{"name":"wp","href":"https:\/\/api.w.org\/{rel}","templated":true}]}}