{"id":380358,"date":"2025-04-23T12:46:45","date_gmt":"2025-04-23T11:46:45","guid":{"rendered":"https:\/\/www.purejewels.com\/?post_type=product&#038;p=380358"},"modified":"2026-02-09T05:48:49","modified_gmt":"2026-02-09T05:48:49","slug":"22-kt-gold-dhwani-kollektion-tropfen-ohrring-48218","status":"publish","type":"product","link":"https:\/\/www.purejewels.com\/de\/product\/22ct-gold-gold-dhwani-collection-drop-earring-48218\/","title":{"rendered":"22ct Gold Dhwani Kollektion Tropfenohrring"},"content":{"rendered":"<div class=\"ewa-rteLine\"><strong>Inspiration und Geschichte<\/strong><\/div>\n<div class=\"ewa-rteLine\">Inspiriert von den reinen T\u00f6nen der Tempelglocken, vermitteln sie ein beruhigendes Gef\u00fchl von Ruhe und Kraft und laden dazu ein, die Schwingungen der Ruhe bei jedem Schwingen zu sp\u00fcren. Sie erden dich in Achtsamkeit und sind eine spirituelle Verbindung zu Gleichgewicht und innerem Frieden, die dich durch jeden Moment begleitet.<\/div>\n<div class=\"ewa-rteLine\"><\/div>\n<div class=\"ewa-rteLine\"><strong>Material und <a href=\"https:\/\/www.purejewels.com\/de\/a-guide-to-die-stamping\/\">Handwerkliches K\u00f6nnen<\/a><\/strong><\/div>\n<div class=\"ewa-rteLine\">Gefertigt aus unserer Signatur <a href=\"https:\/\/www.purejewels.com\/de\/product\/22ct-gold-jali-filigree-ring-jali-collection-31926\/\">22ct<\/a> Diese Ohrringe aus Sunrise Gold werden mit einer raffinierten Schmiedelegierungstechnik hergestellt, die ihre Haltbarkeit und Weichheit gew\u00e4hrleistet. Die sorgf\u00e4ltige Balance zwischen minimaler Hitze und pr\u00e4ziser Handwerkskunst erm\u00f6glicht es dem Gold, seine nat\u00fcrliche W\u00e4rme zu bewahren, was zu einem St\u00fcck f\u00fchrt, das sowohl Tradition als auch Innovation zelebriert. Jede Kurve und Linie spiegelt die Kunstfertigkeit feiner Goldschmiede wider und schafft ein bemerkenswertes Design.<\/div>\n<div class=\"ewa-rteLine\"><\/div>\n<div class=\"ewa-rteLine\"><strong>Styling-Tipps<\/strong><\/div>\n<div class=\"ewa-rteLine\">Kombinieren Sie sie mit einer <a href=\"https:\/\/www.purejewels.com\/de\/product\/holy-cross-gold-pendant-44713\/\">22ct Gold<\/a> Armband aus der Dhwani-Kollektion f\u00fcr einen raffinierten Look oder um es solo zur Schau zu stellen. Egal, ob Sie sich f\u00fcr eine Arbeitspr\u00e4sentation herausputzen, an einem Familientreffen teilnehmen oder einen Tag mit Freunden genie\u00dfen, ihr minimalistisches Design macht sie vielseitig genug f\u00fcr jede Gelegenheit.<\/div>","protected":false},"excerpt":{"rendered":"<div class=\"woocommerce-product-details__short-description\">\n<table class=\"sh_desc\">\n<tbody>\n<tr>\n<td>Art der Ohrringe<\/td>\n<td>Ohrring Tropfen<\/td>\n<\/tr>\n<tr>\n<td>SKU<\/td>\n<td>48218<\/td>\n<\/tr>\n<tr>\n<td>Gewicht<\/td>\n<td>\u00a02.7 Gms<\/td>\n<\/tr>\n<tr>\n<td>Breite<\/td>\n<td>8mm<\/td>\n<\/tr>\n<tr>\n<td>Sammlung<\/td>\n<td>Dhwani Kollektion<\/td>\n<\/tr>\n<tr>\n<td>Metall<\/td>\n<td>22ct Gold<\/td>\n<\/tr>\n<tr>\n<td>Entgelte<\/td>\n<td>Lieferung und Mehrwertsteuer inbegriffen<\/td>\n<\/tr>\n<tr>\n<td>Verpackung<\/td>\n<td>Mit Pr\u00e4sentationsbox<\/td>\n<\/tr>\n<tr>\n<td>Mehr Informationen<\/td>\n<td>Live-Chat mit uns f\u00fcr Verf\u00fcgbarkeit und mehr Bilder<\/td>\n<\/tr>\n<\/tbody>\n<\/table>\n<\/div>","protected":false},"featured_media":380379,"comment_status":"closed","ping_status":"closed","template":"","meta":{"_eb_attr":"","_crsspst_to_jayantr4sg-hostcom":false},"product_brand":[],"product_cat":[1559,236,5633,6182,1793,1685,1792,1790,1254,1229,5344,5347,1570,5338,5353,1575,1569,1574,5349],"product_tag":[],"class_list":{"0":"post-380358","1":"product","2":"type-product","3":"status-publish","4":"has-post-thumbnail","6":"product_cat-birthday-gifts","7":"product_cat-collections","8":"product_cat-dhwani-collection","9":"product_cat-dhwani-earring","10":"product_cat-diwali-gifts","11":"product_cat-drop-earrings","12":"product_cat-festival-gifts","13":"product_cat-for-whom-when","14":"product_cat-gold-earrings","15":"product_cat-22ct-gold-jewellery","16":"product_cat-jewellery-under-750","17":"product_cat-shop-by-metal","18":"product_cat-mothers-day-gifts","19":"product_cat-shop-by-price","20":"product_cat-shop-by","21":"product_cat-teenage-jewellery","22":"product_cat-valentine-day-gifts","23":"product_cat-womens-jewellery","24":"product_cat-yellow-gold-jewellery","26":"first","27":"instock","28":"taxable","29":"shipping-taxable","30":"purchasable","31":"product-type-simple","32":"add-to-wishlist-before_image"},"yoast_head":"<!-- This site is optimized with the Yoast SEO plugin v27.5 - https:\/\/yoast.com\/product\/yoast-seo-wordpress\/ -->\n<title>22ct Sunrise Gold | Dhwani collection Drop Earring | PureJewels<\/title>\n<meta name=\"description\" content=\"Embrace the symphony of sound with our exquisite 22ct Sunrise Gold Dhwani Collection drop Earrings. Shop this drop erring online today! Free delivery in UK.\" \/>\n<meta name=\"robots\" content=\"index, follow, max-snippet:-1, max-image-preview:large, max-video-preview:-1\" \/>\n<link rel=\"canonical\" href=\"https:\/\/www.purejewels.com\/de\/produkt-2\/22-kt-gold-dhwani-kollektion-tropfen-ohrring-48218\/\" \/>\n<meta property=\"og:locale\" content=\"de_DE\" \/>\n<meta property=\"og:type\" content=\"article\" \/>\n<meta property=\"og:title\" content=\"22ct Sunrise Gold | Dhwani collection Drop Earring | PureJewels\" \/>\n<meta property=\"og:description\" content=\"Embrace the symphony of sound with our exquisite 22ct Sunrise Gold Dhwani Collection drop Earrings. Shop this drop erring online today! Free delivery in UK.\" \/>\n<meta property=\"og:url\" content=\"https:\/\/www.purejewels.com\/de\/produkt-2\/22-kt-gold-dhwani-kollektion-tropfen-ohrring-48218\/\" \/>\n<meta property=\"og:site_name\" content=\"PureJewels UK\" \/>\n<meta property=\"article:modified_time\" content=\"2026-02-09T05:48:49+00:00\" \/>\n<meta property=\"og:image\" content=\"https:\/\/static.purejewels.com\/wp-content\/uploads\/2024\/12\/48218.png\" \/>\n\t<meta property=\"og:image:width\" content=\"1000\" \/>\n\t<meta property=\"og:image:height\" content=\"1000\" \/>\n\t<meta property=\"og:image:type\" content=\"image\/png\" \/>\n<meta name=\"twitter:card\" content=\"summary_large_image\" \/>\n<meta name=\"twitter:label1\" content=\"Gesch\u00e4tzte Lesezeit\" \/>\n\t<meta name=\"twitter:data1\" content=\"1\u00a0Minute\" \/>\n<script type=\"application\/ld+json\" class=\"yoast-schema-graph\">{\"@context\":\"https:\\\/\\\/schema.org\",\"@graph\":[{\"@type\":[\"WebPage\",\"ItemPage\"],\"@id\":\"https:\\\/\\\/www.purejewels.com\\\/product\\\/22ct-gold-gold-dhwani-collection-drop-earring-48218\\\/\",\"url\":\"https:\\\/\\\/www.purejewels.com\\\/product\\\/22ct-gold-gold-dhwani-collection-drop-earring-48218\\\/\",\"name\":\"22ct Sunrise Gold | Dhwani collection Drop Earring | PureJewels\",\"isPartOf\":{\"@id\":\"https:\\\/\\\/www.purejewels.com\\\/#website\"},\"primaryImageOfPage\":{\"@id\":\"https:\\\/\\\/www.purejewels.com\\\/product\\\/22ct-gold-gold-dhwani-collection-drop-earring-48218\\\/#primaryimage\"},\"image\":{\"@id\":\"https:\\\/\\\/www.purejewels.com\\\/product\\\/22ct-gold-gold-dhwani-collection-drop-earring-48218\\\/#primaryimage\"},\"thumbnailUrl\":\"https:\\\/\\\/static.purejewels.com\\\/wp-content\\\/uploads\\\/2024\\\/12\\\/48218.png\",\"datePublished\":\"2025-04-23T11:46:45+00:00\",\"dateModified\":\"2026-02-09T05:48:49+00:00\",\"description\":\"Embrace the symphony of sound with our exquisite 22ct Sunrise Gold Dhwani Collection drop Earrings. Shop this drop erring online today! Free delivery in UK.\",\"breadcrumb\":{\"@id\":\"https:\\\/\\\/www.purejewels.com\\\/product\\\/22ct-gold-gold-dhwani-collection-drop-earring-48218\\\/#breadcrumb\"},\"inLanguage\":\"de\",\"potentialAction\":[{\"@type\":\"ReadAction\",\"target\":[\"https:\\\/\\\/www.purejewels.com\\\/product\\\/22ct-gold-gold-dhwani-collection-drop-earring-48218\\\/\"]}]},{\"@type\":\"ImageObject\",\"inLanguage\":\"de\",\"@id\":\"https:\\\/\\\/www.purejewels.com\\\/product\\\/22ct-gold-gold-dhwani-collection-drop-earring-48218\\\/#primaryimage\",\"url\":\"https:\\\/\\\/static.purejewels.com\\\/wp-content\\\/uploads\\\/2024\\\/12\\\/48218.png\",\"contentUrl\":\"https:\\\/\\\/static.purejewels.com\\\/wp-content\\\/uploads\\\/2024\\\/12\\\/48218.png\",\"width\":1000,\"height\":1000,\"caption\":\"22ct Gold Earring\"},{\"@type\":\"BreadcrumbList\",\"@id\":\"https:\\\/\\\/www.purejewels.com\\\/product\\\/22ct-gold-gold-dhwani-collection-drop-earring-48218\\\/#breadcrumb\",\"itemListElement\":[{\"@type\":\"ListItem\",\"position\":1,\"name\":\"Home\",\"item\":\"https:\\\/\\\/www.purejewels.com\\\/\"},{\"@type\":\"ListItem\",\"position\":2,\"name\":\"Shop\",\"item\":\"https:\\\/\\\/www.purejewels.com\\\/shop\\\/\"},{\"@type\":\"ListItem\",\"position\":3,\"name\":\"22ct Gold Dhwani Collection Drop Earring\"}]},{\"@type\":\"WebSite\",\"@id\":\"https:\\\/\\\/www.purejewels.com\\\/#website\",\"url\":\"https:\\\/\\\/www.purejewels.com\\\/\",\"name\":\"PureJewels UK\",\"description\":\"Share the Love\",\"publisher\":{\"@id\":\"https:\\\/\\\/www.purejewels.com\\\/#organization\"},\"potentialAction\":[{\"@type\":\"SearchAction\",\"target\":{\"@type\":\"EntryPoint\",\"urlTemplate\":\"https:\\\/\\\/www.purejewels.com\\\/?s={search_term_string}\"},\"query-input\":{\"@type\":\"PropertyValueSpecification\",\"valueRequired\":true,\"valueName\":\"search_term_string\"}}],\"inLanguage\":\"de\"},{\"@type\":\"Organization\",\"@id\":\"https:\\\/\\\/www.purejewels.com\\\/#organization\",\"name\":\"PureJewels UK\",\"url\":\"https:\\\/\\\/www.purejewels.com\\\/\",\"logo\":{\"@type\":\"ImageObject\",\"inLanguage\":\"de\",\"@id\":\"https:\\\/\\\/www.purejewels.com\\\/#\\\/schema\\\/logo\\\/image\\\/\",\"url\":\"https:\\\/\\\/static.purejewels.com\\\/wp-content\\\/uploads\\\/2020\\\/11\\\/Logo-PJ-New-1.png\",\"contentUrl\":\"https:\\\/\\\/static.purejewels.com\\\/wp-content\\\/uploads\\\/2020\\\/11\\\/Logo-PJ-New-1.png\",\"width\":150,\"height\":80,\"caption\":\"PureJewels UK\"},\"image\":{\"@id\":\"https:\\\/\\\/www.purejewels.com\\\/#\\\/schema\\\/logo\\\/image\\\/\"}}]}<\/script>\n<!-- \/ Yoast SEO plugin. -->","yoast_head_json":{"title":"22ct Sunrise Gold | Dhwani Kollektion Tropfenohrring | PureJewels","description":"Umarmen Sie die Symphonie des Klangs mit unseren exquisiten 22ct Sunrise Gold Dhwani Collection Tropfen Ohrringe. Kaufen Sie diesen Tropfenohrring noch heute online! Kostenlose Lieferung in Gro\u00dfbritannien.","robots":{"index":"index","follow":"follow","max-snippet":"max-snippet:-1","max-image-preview":"max-image-preview:large","max-video-preview":"max-video-preview:-1"},"canonical":"https:\/\/www.purejewels.com\/de\/produkt-2\/22-kt-gold-dhwani-kollektion-tropfen-ohrring-48218\/","og_locale":"de_DE","og_type":"article","og_title":"22ct Sunrise Gold | Dhwani collection Drop Earring | PureJewels","og_description":"Embrace the symphony of sound with our exquisite 22ct Sunrise Gold Dhwani Collection drop Earrings. Shop this drop erring online today! Free delivery in UK.","og_url":"https:\/\/www.purejewels.com\/de\/produkt-2\/22-kt-gold-dhwani-kollektion-tropfen-ohrring-48218\/","og_site_name":"PureJewels UK","article_modified_time":"2026-02-09T05:48:49+00:00","og_image":[{"width":1000,"height":1000,"url":"https:\/\/static.purejewels.com\/wp-content\/uploads\/2024\/12\/48218.png","type":"image\/png"}],"twitter_card":"summary_large_image","twitter_misc":{"Gesch\u00e4tzte Lesezeit":"1\u00a0Minute"},"schema":{"@context":"https:\/\/schema.org","@graph":[{"@type":["WebPage","ItemPage"],"@id":"https:\/\/www.purejewels.com\/product\/22ct-gold-gold-dhwani-collection-drop-earring-48218\/","url":"https:\/\/www.purejewels.com\/product\/22ct-gold-gold-dhwani-collection-drop-earring-48218\/","name":"22ct Sunrise Gold | Dhwani Kollektion Tropfenohrring | PureJewels","isPartOf":{"@id":"https:\/\/www.purejewels.com\/#website"},"primaryImageOfPage":{"@id":"https:\/\/www.purejewels.com\/product\/22ct-gold-gold-dhwani-collection-drop-earring-48218\/#primaryimage"},"image":{"@id":"https:\/\/www.purejewels.com\/product\/22ct-gold-gold-dhwani-collection-drop-earring-48218\/#primaryimage"},"thumbnailUrl":"https:\/\/static.purejewels.com\/wp-content\/uploads\/2024\/12\/48218.png","datePublished":"2025-04-23T11:46:45+00:00","dateModified":"2026-02-09T05:48:49+00:00","description":"Umarmen Sie die Symphonie des Klangs mit unseren exquisiten 22ct Sunrise Gold Dhwani Collection Tropfen Ohrringe. Kaufen Sie diesen Tropfenohrring noch heute online! Kostenlose Lieferung in Gro\u00dfbritannien.","breadcrumb":{"@id":"https:\/\/www.purejewels.com\/product\/22ct-gold-gold-dhwani-collection-drop-earring-48218\/#breadcrumb"},"inLanguage":"de","potentialAction":[{"@type":"ReadAction","target":["https:\/\/www.purejewels.com\/product\/22ct-gold-gold-dhwani-collection-drop-earring-48218\/"]}]},{"@type":"ImageObject","inLanguage":"de","@id":"https:\/\/www.purejewels.com\/product\/22ct-gold-gold-dhwani-collection-drop-earring-48218\/#primaryimage","url":"https:\/\/static.purejewels.com\/wp-content\/uploads\/2024\/12\/48218.png","contentUrl":"https:\/\/static.purejewels.com\/wp-content\/uploads\/2024\/12\/48218.png","width":1000,"height":1000,"caption":"22ct Gold Earring"},{"@type":"BreadcrumbList","@id":"https:\/\/www.purejewels.com\/product\/22ct-gold-gold-dhwani-collection-drop-earring-48218\/#breadcrumb","itemListElement":[{"@type":"ListItem","position":1,"name":"Home","item":"https:\/\/www.purejewels.com\/"},{"@type":"ListItem","position":2,"name":"Shop","item":"https:\/\/www.purejewels.com\/shop\/"},{"@type":"ListItem","position":3,"name":"22ct Gold Dhwani Collection Drop Earring"}]},{"@type":"WebSite","@id":"https:\/\/www.purejewels.com\/#website","url":"https:\/\/www.purejewels.com\/","name":"PureJewels UK","description":"Teile die Liebe","publisher":{"@id":"https:\/\/www.purejewels.com\/#organization"},"potentialAction":[{"@type":"SearchAction","target":{"@type":"EntryPoint","urlTemplate":"https:\/\/www.purejewels.com\/?s={search_term_string}"},"query-input":{"@type":"PropertyValueSpecification","valueRequired":true,"valueName":"search_term_string"}}],"inLanguage":"de"},{"@type":"Organization","@id":"https:\/\/www.purejewels.com\/#organization","name":"PureJewels UK","url":"https:\/\/www.purejewels.com\/","logo":{"@type":"ImageObject","inLanguage":"de","@id":"https:\/\/www.purejewels.com\/#\/schema\/logo\/image\/","url":"https:\/\/static.purejewels.com\/wp-content\/uploads\/2020\/11\/Logo-PJ-New-1.png","contentUrl":"https:\/\/static.purejewels.com\/wp-content\/uploads\/2020\/11\/Logo-PJ-New-1.png","width":150,"height":80,"caption":"PureJewels UK"},"image":{"@id":"https:\/\/www.purejewels.com\/#\/schema\/logo\/image\/"}}]}},"_links":{"self":[{"href":"https:\/\/www.purejewels.com\/de\/wp-json\/wp\/v2\/product\/380358","targetHints":{"allow":["GET"]}}],"collection":[{"href":"https:\/\/www.purejewels.com\/de\/wp-json\/wp\/v2\/product"}],"about":[{"href":"https:\/\/www.purejewels.com\/de\/wp-json\/wp\/v2\/types\/product"}],"replies":[{"embeddable":true,"href":"https:\/\/www.purejewels.com\/de\/wp-json\/wp\/v2\/comments?post=380358"}],"version-history":[{"count":3,"href":"https:\/\/www.purejewels.com\/de\/wp-json\/wp\/v2\/product\/380358\/revisions"}],"predecessor-version":[{"id":425820,"href":"https:\/\/www.purejewels.com\/de\/wp-json\/wp\/v2\/product\/380358\/revisions\/425820"}],"wp:featuredmedia":[{"embeddable":true,"href":"https:\/\/www.purejewels.com\/de\/wp-json\/wp\/v2\/media\/380379"}],"wp:attachment":[{"href":"https:\/\/www.purejewels.com\/de\/wp-json\/wp\/v2\/media?parent=380358"}],"wp:term":[{"taxonomy":"product_brand","embeddable":true,"href":"https:\/\/www.purejewels.com\/de\/wp-json\/wp\/v2\/product_brand?post=380358"},{"taxonomy":"product_cat","embeddable":true,"href":"https:\/\/www.purejewels.com\/de\/wp-json\/wp\/v2\/product_cat?post=380358"},{"taxonomy":"product_tag","embeddable":true,"href":"https:\/\/www.purejewels.com\/de\/wp-json\/wp\/v2\/product_tag?post=380358"}],"curies":[{"name":"wp","href":"https:\/\/api.w.org\/{rel}","templated":true}]}}