{"id":380748,"date":"2025-02-17T12:57:06","date_gmt":"2025-02-17T12:57:06","guid":{"rendered":"https:\/\/www.purejewels.com\/?post_type=product&#038;p=380748"},"modified":"2026-02-12T13:08:55","modified_gmt":"2026-02-12T13:08:55","slug":"22-karat-gold-rosetten-nasenring-50368","status":"publish","type":"product","link":"https:\/\/www.purejewels.com\/de\/product\/22ct-gold-rosettes-nose-ring-50368\/","title":{"rendered":"22ct Gold Nasenring | Rosette Kollektion"},"content":{"rendered":"<p data-start=\"0\" data-end=\"401\"><strong data-start=\"0\" data-end=\"10\">Gestaltung<\/strong><br data-start=\"10\" data-end=\"13\" \/>Diese <a href=\"https:\/\/www.purejewels.com\/de\/product\/22ct-gold-jali-filigree-ring-jali-collection-31926\/\">22ct<\/a> Gold <a href=\"https:\/\/www.purejewels.com\/de\/product\/22ct-gold-yellow-gold-nose-ring-for-ladies-43553\/\">Nasenring<\/a> von der <a href=\"https:\/\/www.purejewels.com\/de\/a-guide-to-die-stamping\/\">Kollektion Rosette<\/a> zeichnet ein zartes Blumenmotiv um einen 10,8-mm-Reif und erinnert an die weiche Geometrie einer Rosette. Die offene runde Form liegt leicht auf der Nase, w\u00e4hrend die knackigen Bl\u00fctenbl\u00e4tter f\u00fcr eine ruhige Definition und Charakter sorgen. Das raffinierte und doch ausdrucksstarke Schmuckst\u00fcck setzt einen subtilen Goldakzent, der im Alltag ebenso gut zur Geltung kommt wie bei festlichen Anl\u00e4ssen.<\/p>\n<p data-start=\"403\" data-end=\"837\"><strong data-start=\"403\" data-end=\"420\">Handwerkliches K\u00f6nnen<\/strong><br data-start=\"420\" data-end=\"423\" \/>Handgefertigt in 91.6% rein <a href=\"https:\/\/www.purejewels.com\/de\/product\/holy-cross-gold-pendant-44713\/\">22 Karat Gold<\/a>, Das florale Design wird mit traditionellen Pr\u00e4getechniken erstellt, um pr\u00e4zise Linien und feine Details zu erzielen. Mit einem Gewicht von nur 0,7 Gramm und einer schlanken Rohrdicke von 0,6 mm ist er auf Komfort ausgelegt, ohne an Pr\u00e4senz einzub\u00fc\u00dfen. Jeder Nasenring ist im Vereinigten K\u00f6nigreich mit einem Feingehaltssiegel versehen, das das Engagement von PureJewels f\u00fcr traditionelles Handwerk und gesicherte Qualit\u00e4t widerspiegelt.<\/p>\n<p data-start=\"839\" data-end=\"1307\" data-is-last-node=\"\" data-is-only-node=\"\"><strong data-start=\"839\" data-end=\"856\">Styling-Ideen<\/strong><br data-start=\"856\" data-end=\"859\" \/>Tragen Sie diesen Rosette-Nasenring als charakteristisches Detail zu einer schlichten Baumwoll-Kurta, einem Seiden-Saree oder einem modernen Kleid, um dem Profil einen Hauch von Blumengold zu verleihen. Er l\u00e4sst sich wunderbar mit anderen St\u00fccken aus der Rosette-Kollektion kombinieren, z. B. mit einem schmalen Armband oder Ohrsteckern, um einen sanft abgestimmten Look zu erzielen. Er eignet sich ideal f\u00fcr Hochzeiten, Feste und Familienfeiern und ist auch ein sinnvolles Geschenk f\u00fcr jemanden, der fein gearbeiteten, designorientierten Goldschmuck liebt.<\/p>","protected":false},"excerpt":{"rendered":"<p>Dieser handgefertigte Ring aus gl\u00e4nzendem 22-kar\u00e4tigem Gold zeigt ein zartes Blumenmotiv, das durch traditionelle Pr\u00e4gung zum Leben erweckt wird. Jedes Detail ist klar definiert und schafft eine anmutige Mischung aus traditioneller Kunstfertigkeit und modernem Minimalismus.<\/p>\n<p><strong>Material:<\/strong> 22ct Sonnenaufgang Gold<br \/>\n<strong>Reinheit:<\/strong> 91.6% reines Gold<br \/>\n<strong>Wahrzeichen:<\/strong> Britisches G\u00fctesiegel<br \/>\n<strong>SKU:<\/strong> 50368<br \/>\n<strong>Gewicht:<\/strong> 0. 7Gms<br \/>\n<strong>Dicke der Rohre:<\/strong> 0,6 mm<br \/>\n<strong>Breite:<\/strong> 10,8 mm<br \/>\n<strong>Preis und Lieferung:<\/strong>\u00a0Inklusive Mehrwertsteuer und Lieferkosten<br \/>\n<a href=\"https:\/\/www.purejewels.com\/de\/ruckgabepolitik\/\"><strong>R\u00fcckgabepolitik<\/strong><\/a><\/p>","protected":false},"featured_media":380749,"comment_status":"closed","ping_status":"closed","template":"","meta":{"_eb_attr":"","_crsspst_to_jayantr4sg-hostcom":false},"product_brand":[],"product_cat":[236,1792,1229,1712,5942,5593,1656,1574,5349],"product_tag":[],"class_list":{"0":"post-380748","1":"product","2":"type-product","3":"status-publish","4":"has-post-thumbnail","6":"product_cat-collections","7":"product_cat-festival-gifts","8":"product_cat-22ct-gold-jewellery","9":"product_cat-gold-nose-ring","10":"product_cat-nose-jewellery","11":"product_cat-rosette-nose-pin","12":"product_cat-rosettes-collections","13":"product_cat-womens-jewellery","14":"product_cat-yellow-gold-jewellery","16":"first","17":"onbackorder","18":"taxable","19":"shipping-taxable","20":"purchasable","21":"product-type-simple","22":"add-to-wishlist-before_image"},"yoast_head":"<!-- This site is optimized with the Yoast SEO plugin v27.5 - https:\/\/yoast.com\/product\/yoast-seo-wordpress\/ -->\n<title>22ct Gold Rosettes Nose Ring | Rosette Collection | PureJewels<\/title>\n<meta name=\"description\" content=\"Whether paired with traditional attire or modern ensembles, this nose ring is a true statement of refined style. Buy this nose ring online today!\" \/>\n<meta name=\"robots\" content=\"index, follow, max-snippet:-1, max-image-preview:large, max-video-preview:-1\" \/>\n<link rel=\"canonical\" href=\"https:\/\/www.purejewels.com\/de\/produkt-2\/22-karat-gold-rosetten-nasenring-50368\/\" \/>\n<meta property=\"og:locale\" content=\"de_DE\" \/>\n<meta property=\"og:type\" content=\"article\" \/>\n<meta property=\"og:title\" content=\"22ct Gold Rosettes Nose Ring | Rosette Collection | PureJewels\" \/>\n<meta property=\"og:description\" content=\"Whether paired with traditional attire or modern ensembles, this nose ring is a true statement of refined style. Buy this nose ring online today!\" \/>\n<meta property=\"og:url\" content=\"https:\/\/www.purejewels.com\/de\/produkt-2\/22-karat-gold-rosetten-nasenring-50368\/\" \/>\n<meta property=\"og:site_name\" content=\"PureJewels UK\" \/>\n<meta property=\"article:modified_time\" content=\"2026-02-12T13:08:55+00:00\" \/>\n<meta property=\"og:image\" content=\"https:\/\/static.purejewels.com\/wp-content\/uploads\/2024\/12\/48329-3-1000x1000-1.png\" \/>\n\t<meta property=\"og:image:width\" content=\"1000\" \/>\n\t<meta property=\"og:image:height\" content=\"1000\" \/>\n\t<meta property=\"og:image:type\" content=\"image\/png\" \/>\n<meta name=\"twitter:card\" content=\"summary_large_image\" \/>\n<meta name=\"twitter:label1\" content=\"Gesch\u00e4tzte Lesezeit\" \/>\n\t<meta name=\"twitter:data1\" content=\"2\u00a0Minuten\" \/>\n<script type=\"application\/ld+json\" class=\"yoast-schema-graph\">{\"@context\":\"https:\\\/\\\/schema.org\",\"@graph\":[{\"@type\":[\"WebPage\",\"ItemPage\"],\"@id\":\"https:\\\/\\\/www.purejewels.com\\\/product\\\/22ct-gold-rosettes-nose-ring-50368\\\/\",\"url\":\"https:\\\/\\\/www.purejewels.com\\\/product\\\/22ct-gold-rosettes-nose-ring-50368\\\/\",\"name\":\"22ct Gold Rosettes Nose Ring | Rosette Collection | PureJewels\",\"isPartOf\":{\"@id\":\"https:\\\/\\\/www.purejewels.com\\\/#website\"},\"primaryImageOfPage\":{\"@id\":\"https:\\\/\\\/www.purejewels.com\\\/product\\\/22ct-gold-rosettes-nose-ring-50368\\\/#primaryimage\"},\"image\":{\"@id\":\"https:\\\/\\\/www.purejewels.com\\\/product\\\/22ct-gold-rosettes-nose-ring-50368\\\/#primaryimage\"},\"thumbnailUrl\":\"https:\\\/\\\/static.purejewels.com\\\/wp-content\\\/uploads\\\/2024\\\/12\\\/48329-3-1000x1000-1.png\",\"datePublished\":\"2025-02-17T12:57:06+00:00\",\"dateModified\":\"2026-02-12T13:08:55+00:00\",\"description\":\"Whether paired with traditional attire or modern ensembles, this nose ring is a true statement of refined style. Buy this nose ring online today!\",\"breadcrumb\":{\"@id\":\"https:\\\/\\\/www.purejewels.com\\\/product\\\/22ct-gold-rosettes-nose-ring-50368\\\/#breadcrumb\"},\"inLanguage\":\"de\",\"potentialAction\":[{\"@type\":\"ReadAction\",\"target\":[\"https:\\\/\\\/www.purejewels.com\\\/product\\\/22ct-gold-rosettes-nose-ring-50368\\\/\"]}]},{\"@type\":\"ImageObject\",\"inLanguage\":\"de\",\"@id\":\"https:\\\/\\\/www.purejewels.com\\\/product\\\/22ct-gold-rosettes-nose-ring-50368\\\/#primaryimage\",\"url\":\"https:\\\/\\\/static.purejewels.com\\\/wp-content\\\/uploads\\\/2024\\\/12\\\/48329-3-1000x1000-1.png\",\"contentUrl\":\"https:\\\/\\\/static.purejewels.com\\\/wp-content\\\/uploads\\\/2024\\\/12\\\/48329-3-1000x1000-1.png\",\"width\":1000,\"height\":1000,\"caption\":\"22ct Gold Nose Ring\"},{\"@type\":\"BreadcrumbList\",\"@id\":\"https:\\\/\\\/www.purejewels.com\\\/product\\\/22ct-gold-rosettes-nose-ring-50368\\\/#breadcrumb\",\"itemListElement\":[{\"@type\":\"ListItem\",\"position\":1,\"name\":\"Home\",\"item\":\"https:\\\/\\\/www.purejewels.com\\\/\"},{\"@type\":\"ListItem\",\"position\":2,\"name\":\"Shop\",\"item\":\"https:\\\/\\\/www.purejewels.com\\\/shop\\\/\"},{\"@type\":\"ListItem\",\"position\":3,\"name\":\"22ct Gold Nose Ring | Rosette Collection\"}]},{\"@type\":\"WebSite\",\"@id\":\"https:\\\/\\\/www.purejewels.com\\\/#website\",\"url\":\"https:\\\/\\\/www.purejewels.com\\\/\",\"name\":\"PureJewels UK\",\"description\":\"Share the Love\",\"publisher\":{\"@id\":\"https:\\\/\\\/www.purejewels.com\\\/#organization\"},\"potentialAction\":[{\"@type\":\"SearchAction\",\"target\":{\"@type\":\"EntryPoint\",\"urlTemplate\":\"https:\\\/\\\/www.purejewels.com\\\/?s={search_term_string}\"},\"query-input\":{\"@type\":\"PropertyValueSpecification\",\"valueRequired\":true,\"valueName\":\"search_term_string\"}}],\"inLanguage\":\"de\"},{\"@type\":\"Organization\",\"@id\":\"https:\\\/\\\/www.purejewels.com\\\/#organization\",\"name\":\"PureJewels UK\",\"url\":\"https:\\\/\\\/www.purejewels.com\\\/\",\"logo\":{\"@type\":\"ImageObject\",\"inLanguage\":\"de\",\"@id\":\"https:\\\/\\\/www.purejewels.com\\\/#\\\/schema\\\/logo\\\/image\\\/\",\"url\":\"https:\\\/\\\/static.purejewels.com\\\/wp-content\\\/uploads\\\/2020\\\/11\\\/Logo-PJ-New-1.png\",\"contentUrl\":\"https:\\\/\\\/static.purejewels.com\\\/wp-content\\\/uploads\\\/2020\\\/11\\\/Logo-PJ-New-1.png\",\"width\":150,\"height\":80,\"caption\":\"PureJewels UK\"},\"image\":{\"@id\":\"https:\\\/\\\/www.purejewels.com\\\/#\\\/schema\\\/logo\\\/image\\\/\"}}]}<\/script>\n<!-- \/ Yoast SEO plugin. -->","yoast_head_json":{"title":"22ct Gold Rosetten Nasenring | Rosette Kollektion | PureJewels","description":"Ob in Kombination mit traditioneller Kleidung oder modernen Ensembles, dieser Nasenring ist ein echtes Statement f\u00fcr raffinierten Stil. Kaufen Sie diesen Nasenring noch heute online!","robots":{"index":"index","follow":"follow","max-snippet":"max-snippet:-1","max-image-preview":"max-image-preview:large","max-video-preview":"max-video-preview:-1"},"canonical":"https:\/\/www.purejewels.com\/de\/produkt-2\/22-karat-gold-rosetten-nasenring-50368\/","og_locale":"de_DE","og_type":"article","og_title":"22ct Gold Rosettes Nose Ring | Rosette Collection | PureJewels","og_description":"Whether paired with traditional attire or modern ensembles, this nose ring is a true statement of refined style. Buy this nose ring online today!","og_url":"https:\/\/www.purejewels.com\/de\/produkt-2\/22-karat-gold-rosetten-nasenring-50368\/","og_site_name":"PureJewels UK","article_modified_time":"2026-02-12T13:08:55+00:00","og_image":[{"width":1000,"height":1000,"url":"https:\/\/static.purejewels.com\/wp-content\/uploads\/2024\/12\/48329-3-1000x1000-1.png","type":"image\/png"}],"twitter_card":"summary_large_image","twitter_misc":{"Gesch\u00e4tzte Lesezeit":"2\u00a0Minuten"},"schema":{"@context":"https:\/\/schema.org","@graph":[{"@type":["WebPage","ItemPage"],"@id":"https:\/\/www.purejewels.com\/product\/22ct-gold-rosettes-nose-ring-50368\/","url":"https:\/\/www.purejewels.com\/product\/22ct-gold-rosettes-nose-ring-50368\/","name":"22ct Gold Rosetten Nasenring | Rosette Kollektion | PureJewels","isPartOf":{"@id":"https:\/\/www.purejewels.com\/#website"},"primaryImageOfPage":{"@id":"https:\/\/www.purejewels.com\/product\/22ct-gold-rosettes-nose-ring-50368\/#primaryimage"},"image":{"@id":"https:\/\/www.purejewels.com\/product\/22ct-gold-rosettes-nose-ring-50368\/#primaryimage"},"thumbnailUrl":"https:\/\/static.purejewels.com\/wp-content\/uploads\/2024\/12\/48329-3-1000x1000-1.png","datePublished":"2025-02-17T12:57:06+00:00","dateModified":"2026-02-12T13:08:55+00:00","description":"Ob in Kombination mit traditioneller Kleidung oder modernen Ensembles, dieser Nasenring ist ein echtes Statement f\u00fcr raffinierten Stil. Kaufen Sie diesen Nasenring noch heute online!","breadcrumb":{"@id":"https:\/\/www.purejewels.com\/product\/22ct-gold-rosettes-nose-ring-50368\/#breadcrumb"},"inLanguage":"de","potentialAction":[{"@type":"ReadAction","target":["https:\/\/www.purejewels.com\/product\/22ct-gold-rosettes-nose-ring-50368\/"]}]},{"@type":"ImageObject","inLanguage":"de","@id":"https:\/\/www.purejewels.com\/product\/22ct-gold-rosettes-nose-ring-50368\/#primaryimage","url":"https:\/\/static.purejewels.com\/wp-content\/uploads\/2024\/12\/48329-3-1000x1000-1.png","contentUrl":"https:\/\/static.purejewels.com\/wp-content\/uploads\/2024\/12\/48329-3-1000x1000-1.png","width":1000,"height":1000,"caption":"22ct Gold Nose Ring"},{"@type":"BreadcrumbList","@id":"https:\/\/www.purejewels.com\/product\/22ct-gold-rosettes-nose-ring-50368\/#breadcrumb","itemListElement":[{"@type":"ListItem","position":1,"name":"Home","item":"https:\/\/www.purejewels.com\/"},{"@type":"ListItem","position":2,"name":"Shop","item":"https:\/\/www.purejewels.com\/shop\/"},{"@type":"ListItem","position":3,"name":"22ct Gold Nose Ring | Rosette Collection"}]},{"@type":"WebSite","@id":"https:\/\/www.purejewels.com\/#website","url":"https:\/\/www.purejewels.com\/","name":"PureJewels UK","description":"Teile die Liebe","publisher":{"@id":"https:\/\/www.purejewels.com\/#organization"},"potentialAction":[{"@type":"SearchAction","target":{"@type":"EntryPoint","urlTemplate":"https:\/\/www.purejewels.com\/?s={search_term_string}"},"query-input":{"@type":"PropertyValueSpecification","valueRequired":true,"valueName":"search_term_string"}}],"inLanguage":"de"},{"@type":"Organization","@id":"https:\/\/www.purejewels.com\/#organization","name":"PureJewels UK","url":"https:\/\/www.purejewels.com\/","logo":{"@type":"ImageObject","inLanguage":"de","@id":"https:\/\/www.purejewels.com\/#\/schema\/logo\/image\/","url":"https:\/\/static.purejewels.com\/wp-content\/uploads\/2020\/11\/Logo-PJ-New-1.png","contentUrl":"https:\/\/static.purejewels.com\/wp-content\/uploads\/2020\/11\/Logo-PJ-New-1.png","width":150,"height":80,"caption":"PureJewels UK"},"image":{"@id":"https:\/\/www.purejewels.com\/#\/schema\/logo\/image\/"}}]}},"_links":{"self":[{"href":"https:\/\/www.purejewels.com\/de\/wp-json\/wp\/v2\/product\/380748","targetHints":{"allow":["GET"]}}],"collection":[{"href":"https:\/\/www.purejewels.com\/de\/wp-json\/wp\/v2\/product"}],"about":[{"href":"https:\/\/www.purejewels.com\/de\/wp-json\/wp\/v2\/types\/product"}],"replies":[{"embeddable":true,"href":"https:\/\/www.purejewels.com\/de\/wp-json\/wp\/v2\/comments?post=380748"}],"version-history":[{"count":4,"href":"https:\/\/www.purejewels.com\/de\/wp-json\/wp\/v2\/product\/380748\/revisions"}],"predecessor-version":[{"id":421008,"href":"https:\/\/www.purejewels.com\/de\/wp-json\/wp\/v2\/product\/380748\/revisions\/421008"}],"wp:featuredmedia":[{"embeddable":true,"href":"https:\/\/www.purejewels.com\/de\/wp-json\/wp\/v2\/media\/380749"}],"wp:attachment":[{"href":"https:\/\/www.purejewels.com\/de\/wp-json\/wp\/v2\/media?parent=380748"}],"wp:term":[{"taxonomy":"product_brand","embeddable":true,"href":"https:\/\/www.purejewels.com\/de\/wp-json\/wp\/v2\/product_brand?post=380748"},{"taxonomy":"product_cat","embeddable":true,"href":"https:\/\/www.purejewels.com\/de\/wp-json\/wp\/v2\/product_cat?post=380748"},{"taxonomy":"product_tag","embeddable":true,"href":"https:\/\/www.purejewels.com\/de\/wp-json\/wp\/v2\/product_tag?post=380748"}],"curies":[{"name":"wp","href":"https:\/\/api.w.org\/{rel}","templated":true}]}}