{"id":384004,"date":"2025-01-24T10:27:02","date_gmt":"2025-01-24T10:27:02","guid":{"rendered":"https:\/\/www.purejewels.com\/?post_type=product&#038;p=384004"},"modified":"2026-03-23T05:20:14","modified_gmt":"2026-03-23T05:20:14","slug":"personalisiertes-armband-aus-22-karat-gold","status":"publish","type":"product","link":"https:\/\/www.purejewels.com\/de\/product\/personalised-bracelet-in-22ct-gold\/","title":{"rendered":"22ct Personalisiertes Initial-Armband"},"content":{"rendered":"<p><strong><a href=\"https:\/\/www.purejewels.com\/de\/product\/22ct-gold-jali-filigree-ring-jali-collection-31926\/\">22ct<\/a> Sunrise Gold Personalisiertes Armband<\/strong><\/p>\n<p>Setzen Sie ein Zeichen mit dem personalisierten Armband aus 22 Karat Sunrise Gold, bei dem modernes Design auf zeitlose Eleganz trifft.<\/p>\n<p>Dieses Armband aus exklusivem 22-kar\u00e4tigem Sunrise-Gold ist mit einer individuell gestaltbaren Initiale versehen, die f\u00fcr ein makelloses Finish pr\u00e4zise gelasert wurde. Sein warmer, strahlender Farbton reflektiert das Gl\u00fchen der Morgensonne und verleiht Ihrem Look ein luxuri\u00f6ses und erhebendes Element.<\/p>\n<p>Dieses leichte Modell bietet Komfort und Stil. <a href=\"https:\/\/www.purejewels.com\/de\/produkt-kategorie\/22-karatiger-goldschmuck\/goldarmband\/damenarmband\/\" target=\"_blank\" rel=\"noopener\">Armband<\/a> sitzt anmutig am Handgelenk und ist mit einem personalisierten Namensschild versehen, das sie zu etwas ganz Eigenem macht. Ob zu legeren Outfits, zu formellen Anl\u00e4ssen oder als herzliche Geste verschenkt, es ist ein vielseitiges Accessoire f\u00fcr jeden Moment. Kombinieren Sie es mit dem Dhwani-Armband f\u00fcr einen eleganten Lageneffekt.<\/p>\n<p><strong>Wesentliche Merkmale:<\/strong><\/p>\n<ul>\n<li>Gefertigt aus hochwertigem 22-kar\u00e4tigem Sunrise Gold mit strahlendem Glanz<\/li>\n<li>6,5-Zoll-Kette, anpassbar f\u00fcr die perfekte Passform<\/li>\n<li>Individuell gestaltbare lasergeschnittene Initialen f\u00fcr eine einzigartige Note<\/li>\n<li>Vielseitiges Design, perfekt zum Verschenken oder um Ihren Stil zu unterstreichen<\/li>\n<li>Siehe unser\u00a0<strong>Personalisierte Schmucksammlung<\/strong><\/li>\n<\/ul>\n<p>Zelebrieren Sie Ihre Einzigartigkeit mit dem personalisierten Armband aus 22 Karat Sunrise Gold - ein zeitloses St\u00fcck, das so hell leuchtet wie Sie.<\/p>","protected":false},"excerpt":{"rendered":"<div class=\"product-description__container_detail_title\" role=\"heading\"><strong>Beschreibung &amp; Details<\/strong><\/div>\n<p>Dieses 6,5 cm lange personalisierte Armband aus hochwertigem 22-kar\u00e4tigem Sunrise-Gold ist mit einer individuell gestaltbaren Initiale versehen, die mit fortschrittlicher Lasertechnologie pr\u00e4zise ausgeschnitten wurde, um ein perfektes Finish zu erzielen.<\/p>\n<ul class=\"product-description__container_detail_list\">\n<li class=\"product-description__container_list\"><span class=\"product-description__container_list-content\"><strong>Metall:<\/strong>\u00a022ct Sonnenaufgang Gold<\/span><\/li>\n<li><strong>L\u00e4nge:<\/strong> 6,5 Zoll<\/li>\n<li><strong>Gold Gewicht:<\/strong> 2,4 Gramm<\/li>\n<li><strong>Produkttyp:<\/strong> Armband personalisieren<\/li>\n<li class=\"product-description__container_list\"><span class=\"product-description__container_list-content\"><strong>SKU:\u00a0<\/strong>49875<\/span><\/li>\n<li><strong>Verwendete Kette:<\/strong> Gliederkette<\/li>\n<li><strong>Preis und Lieferung:<\/strong>\u00a0Inklusive Mehrwertsteuer und Lieferkosten<\/li>\n<li>R\u00fcckgabepolitik<\/li>\n<\/ul>","protected":false},"featured_media":386977,"comment_status":"closed","ping_status":"closed","template":"","meta":{"_eb_attr":"","_crsspst_to_jayantr4sg-hostcom":false},"product_brand":[],"product_cat":[6057,1324,1229,6122,5907,5906,6120],"product_tag":[],"class_list":{"0":"post-384004","1":"product","2":"type-product","3":"status-publish","4":"has-post-thumbnail","6":"product_cat-chain-bracelet","7":"product_cat-gold-bracelet","8":"product_cat-22ct-gold-jewellery","9":"product_cat-initial","10":"product_cat-personalised-bracelets","11":"product_cat-personalised-jewellery","12":"product_cat-shop-by-style","14":"first","15":"onbackorder","16":"taxable","17":"shipping-taxable","18":"product-type-simple","19":"add-to-wishlist-before_image"},"yoast_head":"<!-- This site is optimized with the Yoast SEO plugin v27.6 - https:\/\/yoast.com\/product\/yoast-seo-wordpress\/ -->\n<title>22ct Gold Personalised Bracelet \u2013 Custom Laser-Cut Design<\/title>\n<meta name=\"description\" content=\"Discover the 22ct Sunrise Gold personalised bracelets with a custom laser-cut initial. It is a perfect blend of elegance &amp; personalisation for any occasion\" \/>\n<meta name=\"robots\" content=\"index, follow, max-snippet:-1, max-image-preview:large, max-video-preview:-1\" \/>\n<link rel=\"canonical\" href=\"https:\/\/www.purejewels.com\/de\/produkt-2\/personalisiertes-armband-aus-22-karat-gold\/\" \/>\n<meta property=\"og:locale\" content=\"de_DE\" \/>\n<meta property=\"og:type\" content=\"article\" \/>\n<meta property=\"og:title\" content=\"22ct Gold Personalised Bracelet \u2013 Custom Laser-Cut Design\" \/>\n<meta property=\"og:description\" content=\"Discover the 22ct Sunrise Gold personalised bracelets with a custom laser-cut initial. It is a perfect blend of elegance &amp; personalisation for any occasion\" \/>\n<meta property=\"og:url\" content=\"https:\/\/www.purejewels.com\/de\/produkt-2\/personalisiertes-armband-aus-22-karat-gold\/\" \/>\n<meta property=\"og:site_name\" content=\"PureJewels UK\" \/>\n<meta property=\"article:modified_time\" content=\"2026-03-23T05:20:14+00:00\" \/>\n<meta property=\"og:image\" content=\"https:\/\/static.purejewels.com\/wp-content\/uploads\/2025\/01\/L-pendant-1000x1000-1.png\" \/>\n\t<meta property=\"og:image:width\" content=\"1000\" \/>\n\t<meta property=\"og:image:height\" content=\"1000\" \/>\n\t<meta property=\"og:image:type\" content=\"image\/png\" \/>\n<meta name=\"twitter:card\" content=\"summary_large_image\" \/>\n<meta name=\"twitter:label1\" content=\"Gesch\u00e4tzte Lesezeit\" \/>\n\t<meta name=\"twitter:data1\" content=\"1\u00a0Minute\" \/>\n<script type=\"application\/ld+json\" class=\"yoast-schema-graph\">{\"@context\":\"https:\\\/\\\/schema.org\",\"@graph\":[{\"@type\":[\"WebPage\",\"ItemPage\"],\"@id\":\"https:\\\/\\\/www.purejewels.com\\\/product\\\/personalised-bracelet-in-22ct-gold\\\/\",\"url\":\"https:\\\/\\\/www.purejewels.com\\\/product\\\/personalised-bracelet-in-22ct-gold\\\/\",\"name\":\"22ct Gold Personalised Bracelet \u2013 Custom Laser-Cut Design\",\"isPartOf\":{\"@id\":\"https:\\\/\\\/www.purejewels.com\\\/#website\"},\"primaryImageOfPage\":{\"@id\":\"https:\\\/\\\/www.purejewels.com\\\/product\\\/personalised-bracelet-in-22ct-gold\\\/#primaryimage\"},\"image\":{\"@id\":\"https:\\\/\\\/www.purejewels.com\\\/product\\\/personalised-bracelet-in-22ct-gold\\\/#primaryimage\"},\"thumbnailUrl\":\"https:\\\/\\\/static.purejewels.com\\\/wp-content\\\/uploads\\\/2025\\\/01\\\/L-pendant-1000x1000-1.png\",\"datePublished\":\"2025-01-24T10:27:02+00:00\",\"dateModified\":\"2026-03-23T05:20:14+00:00\",\"description\":\"Discover the 22ct Sunrise Gold personalised bracelets with a custom laser-cut initial. It is a perfect blend of elegance & personalisation for any occasion\",\"breadcrumb\":{\"@id\":\"https:\\\/\\\/www.purejewels.com\\\/product\\\/personalised-bracelet-in-22ct-gold\\\/#breadcrumb\"},\"inLanguage\":\"de\",\"potentialAction\":[{\"@type\":\"ReadAction\",\"target\":[\"https:\\\/\\\/www.purejewels.com\\\/product\\\/personalised-bracelet-in-22ct-gold\\\/\"]}]},{\"@type\":\"ImageObject\",\"inLanguage\":\"de\",\"@id\":\"https:\\\/\\\/www.purejewels.com\\\/product\\\/personalised-bracelet-in-22ct-gold\\\/#primaryimage\",\"url\":\"https:\\\/\\\/static.purejewels.com\\\/wp-content\\\/uploads\\\/2025\\\/01\\\/L-pendant-1000x1000-1.png\",\"contentUrl\":\"https:\\\/\\\/static.purejewels.com\\\/wp-content\\\/uploads\\\/2025\\\/01\\\/L-pendant-1000x1000-1.png\",\"width\":1000,\"height\":1000},{\"@type\":\"BreadcrumbList\",\"@id\":\"https:\\\/\\\/www.purejewels.com\\\/product\\\/personalised-bracelet-in-22ct-gold\\\/#breadcrumb\",\"itemListElement\":[{\"@type\":\"ListItem\",\"position\":1,\"name\":\"Home\",\"item\":\"https:\\\/\\\/www.purejewels.com\\\/\"},{\"@type\":\"ListItem\",\"position\":2,\"name\":\"Shop\",\"item\":\"https:\\\/\\\/www.purejewels.com\\\/shop\\\/\"},{\"@type\":\"ListItem\",\"position\":3,\"name\":\"22ct Personalised Initial Bracelet\"}]},{\"@type\":\"WebSite\",\"@id\":\"https:\\\/\\\/www.purejewels.com\\\/#website\",\"url\":\"https:\\\/\\\/www.purejewels.com\\\/\",\"name\":\"PureJewels UK\",\"description\":\"Share the Love\",\"publisher\":{\"@id\":\"https:\\\/\\\/www.purejewels.com\\\/#organization\"},\"potentialAction\":[{\"@type\":\"SearchAction\",\"target\":{\"@type\":\"EntryPoint\",\"urlTemplate\":\"https:\\\/\\\/www.purejewels.com\\\/?s={search_term_string}\"},\"query-input\":{\"@type\":\"PropertyValueSpecification\",\"valueRequired\":true,\"valueName\":\"search_term_string\"}}],\"inLanguage\":\"de\"},{\"@type\":\"Organization\",\"@id\":\"https:\\\/\\\/www.purejewels.com\\\/#organization\",\"name\":\"PureJewels UK\",\"url\":\"https:\\\/\\\/www.purejewels.com\\\/\",\"logo\":{\"@type\":\"ImageObject\",\"inLanguage\":\"de\",\"@id\":\"https:\\\/\\\/www.purejewels.com\\\/#\\\/schema\\\/logo\\\/image\\\/\",\"url\":\"https:\\\/\\\/static.purejewels.com\\\/wp-content\\\/uploads\\\/2020\\\/11\\\/Logo-PJ-New-1.png\",\"contentUrl\":\"https:\\\/\\\/static.purejewels.com\\\/wp-content\\\/uploads\\\/2020\\\/11\\\/Logo-PJ-New-1.png\",\"width\":150,\"height\":80,\"caption\":\"PureJewels UK\"},\"image\":{\"@id\":\"https:\\\/\\\/www.purejewels.com\\\/#\\\/schema\\\/logo\\\/image\\\/\"}}]}<\/script>\n<!-- \/ Yoast SEO plugin. -->","yoast_head_json":{"title":"22ct Gold Personalisiertes Armband - Individuelles Lasergeschnittenes Design","description":"Entdecken Sie die personalisierten Armb\u00e4nder aus 22-kar\u00e4tigem Sunrise-Gold mit einer lasergeschnittenen Initiale. Es ist eine perfekte Mischung aus Eleganz und Personalisierung f\u00fcr jeden Anlass","robots":{"index":"index","follow":"follow","max-snippet":"max-snippet:-1","max-image-preview":"max-image-preview:large","max-video-preview":"max-video-preview:-1"},"canonical":"https:\/\/www.purejewels.com\/de\/produkt-2\/personalisiertes-armband-aus-22-karat-gold\/","og_locale":"de_DE","og_type":"article","og_title":"22ct Gold Personalised Bracelet \u2013 Custom Laser-Cut Design","og_description":"Discover the 22ct Sunrise Gold personalised bracelets with a custom laser-cut initial. It is a perfect blend of elegance & personalisation for any occasion","og_url":"https:\/\/www.purejewels.com\/de\/produkt-2\/personalisiertes-armband-aus-22-karat-gold\/","og_site_name":"PureJewels UK","article_modified_time":"2026-03-23T05:20:14+00:00","og_image":[{"width":1000,"height":1000,"url":"https:\/\/static.purejewels.com\/wp-content\/uploads\/2025\/01\/L-pendant-1000x1000-1.png","type":"image\/png"}],"twitter_card":"summary_large_image","twitter_misc":{"Gesch\u00e4tzte Lesezeit":"1\u00a0Minute"},"schema":{"@context":"https:\/\/schema.org","@graph":[{"@type":["WebPage","ItemPage"],"@id":"https:\/\/www.purejewels.com\/product\/personalised-bracelet-in-22ct-gold\/","url":"https:\/\/www.purejewels.com\/product\/personalised-bracelet-in-22ct-gold\/","name":"22ct Gold Personalisiertes Armband - Individuelles Lasergeschnittenes Design","isPartOf":{"@id":"https:\/\/www.purejewels.com\/#website"},"primaryImageOfPage":{"@id":"https:\/\/www.purejewels.com\/product\/personalised-bracelet-in-22ct-gold\/#primaryimage"},"image":{"@id":"https:\/\/www.purejewels.com\/product\/personalised-bracelet-in-22ct-gold\/#primaryimage"},"thumbnailUrl":"https:\/\/static.purejewels.com\/wp-content\/uploads\/2025\/01\/L-pendant-1000x1000-1.png","datePublished":"2025-01-24T10:27:02+00:00","dateModified":"2026-03-23T05:20:14+00:00","description":"Entdecken Sie die personalisierten Armb\u00e4nder aus 22-kar\u00e4tigem Sunrise-Gold mit einer lasergeschnittenen Initiale. Es ist eine perfekte Mischung aus Eleganz und Personalisierung f\u00fcr jeden Anlass","breadcrumb":{"@id":"https:\/\/www.purejewels.com\/product\/personalised-bracelet-in-22ct-gold\/#breadcrumb"},"inLanguage":"de","potentialAction":[{"@type":"ReadAction","target":["https:\/\/www.purejewels.com\/product\/personalised-bracelet-in-22ct-gold\/"]}]},{"@type":"ImageObject","inLanguage":"de","@id":"https:\/\/www.purejewels.com\/product\/personalised-bracelet-in-22ct-gold\/#primaryimage","url":"https:\/\/static.purejewels.com\/wp-content\/uploads\/2025\/01\/L-pendant-1000x1000-1.png","contentUrl":"https:\/\/static.purejewels.com\/wp-content\/uploads\/2025\/01\/L-pendant-1000x1000-1.png","width":1000,"height":1000},{"@type":"BreadcrumbList","@id":"https:\/\/www.purejewels.com\/product\/personalised-bracelet-in-22ct-gold\/#breadcrumb","itemListElement":[{"@type":"ListItem","position":1,"name":"Home","item":"https:\/\/www.purejewels.com\/"},{"@type":"ListItem","position":2,"name":"Shop","item":"https:\/\/www.purejewels.com\/shop\/"},{"@type":"ListItem","position":3,"name":"22ct Personalised Initial Bracelet"}]},{"@type":"WebSite","@id":"https:\/\/www.purejewels.com\/#website","url":"https:\/\/www.purejewels.com\/","name":"PureJewels UK","description":"Teile die Liebe","publisher":{"@id":"https:\/\/www.purejewels.com\/#organization"},"potentialAction":[{"@type":"SearchAction","target":{"@type":"EntryPoint","urlTemplate":"https:\/\/www.purejewels.com\/?s={search_term_string}"},"query-input":{"@type":"PropertyValueSpecification","valueRequired":true,"valueName":"search_term_string"}}],"inLanguage":"de"},{"@type":"Organization","@id":"https:\/\/www.purejewels.com\/#organization","name":"PureJewels UK","url":"https:\/\/www.purejewels.com\/","logo":{"@type":"ImageObject","inLanguage":"de","@id":"https:\/\/www.purejewels.com\/#\/schema\/logo\/image\/","url":"https:\/\/static.purejewels.com\/wp-content\/uploads\/2020\/11\/Logo-PJ-New-1.png","contentUrl":"https:\/\/static.purejewels.com\/wp-content\/uploads\/2020\/11\/Logo-PJ-New-1.png","width":150,"height":80,"caption":"PureJewels UK"},"image":{"@id":"https:\/\/www.purejewels.com\/#\/schema\/logo\/image\/"}}]}},"_links":{"self":[{"href":"https:\/\/www.purejewels.com\/de\/wp-json\/wp\/v2\/product\/384004","targetHints":{"allow":["GET"]}}],"collection":[{"href":"https:\/\/www.purejewels.com\/de\/wp-json\/wp\/v2\/product"}],"about":[{"href":"https:\/\/www.purejewels.com\/de\/wp-json\/wp\/v2\/types\/product"}],"replies":[{"embeddable":true,"href":"https:\/\/www.purejewels.com\/de\/wp-json\/wp\/v2\/comments?post=384004"}],"version-history":[{"count":4,"href":"https:\/\/www.purejewels.com\/de\/wp-json\/wp\/v2\/product\/384004\/revisions"}],"predecessor-version":[{"id":427440,"href":"https:\/\/www.purejewels.com\/de\/wp-json\/wp\/v2\/product\/384004\/revisions\/427440"}],"wp:featuredmedia":[{"embeddable":true,"href":"https:\/\/www.purejewels.com\/de\/wp-json\/wp\/v2\/media\/386977"}],"wp:attachment":[{"href":"https:\/\/www.purejewels.com\/de\/wp-json\/wp\/v2\/media?parent=384004"}],"wp:term":[{"taxonomy":"product_brand","embeddable":true,"href":"https:\/\/www.purejewels.com\/de\/wp-json\/wp\/v2\/product_brand?post=384004"},{"taxonomy":"product_cat","embeddable":true,"href":"https:\/\/www.purejewels.com\/de\/wp-json\/wp\/v2\/product_cat?post=384004"},{"taxonomy":"product_tag","embeddable":true,"href":"https:\/\/www.purejewels.com\/de\/wp-json\/wp\/v2\/product_tag?post=384004"}],"curies":[{"name":"wp","href":"https:\/\/api.w.org\/{rel}","templated":true}]}}