{"id":385087,"date":"2025-09-29T11:04:16","date_gmt":"2025-09-29T10:04:16","guid":{"rendered":"https:\/\/www.purejewels.com\/?post_type=product&#038;p=385087"},"modified":"2026-02-02T08:29:17","modified_gmt":"2026-02-02T08:29:17","slug":"22ct-sunrise-gold-halskette-mit-blumenmotiven-rosette-sammlung-48313","status":"publish","type":"product","link":"https:\/\/www.purejewels.com\/de\/product\/22ct-sunrise-gold-necklace-with-flower-motifs-rosette-collection-48313\/","title":{"rendered":"22 Karat Sunrise Gold Rosettengirlande Halskette"},"content":{"rendered":"<p><strong>Gestaltung<\/strong><\/p>\n<p>Inspiriert von der bl\u00fchenden Symbolik der Rosette-Kollektion, zeigt dieser Armreif ein dreilagiges Blumenmotiv, das sich anmutig in Dimension und Detail aufbaut. Das Design erinnert an ein Fest - jedes Bl\u00fctenblatt ist zart geformt, um das Licht zu reflektieren und die sich entfaltenden Momente des Lebens darzustellen. Eine moderne Silhouette, die ihre Wurzeln im Erbe hat.<\/p>\n<p><strong>Handwerkliches K\u00f6nnen<\/strong><\/p>\n<p>Dieses in liebevoller Handarbeit aus 22-kar\u00e4tigem Gold gefertigte und im Vereinigten K\u00f6nigreich gepunzte Schmuckst\u00fcck wird von Meisterhand gefertigt, die das K\u00f6nnen von Generationen bewahrt haben. Pr\u00e4zisionspr\u00e4gung und sorgf\u00e4ltige Handarbeit sorgen daf\u00fcr, dass jede Kurve und Kontur den hohen Anspr\u00fcchen von PureJewels gerecht wird.<\/p>\n<p><strong>Styling<\/strong><\/p>\n<p>Dieser Armreif ist ein wahrer Festtagsschmuck, der Pr\u00e4senz und Raffinesse ausstrahlt. Er eignet sich am besten als Accessoire f\u00fcr Hochzeiten, Jubil\u00e4en oder Jubil\u00e4umsgeschenke - er l\u00e4sst sich wunderbar mit traditioneller Anlasskleidung kombinieren oder verleiht einem minimalistischen Ensemble eine besondere Eleganz.<\/p>\n<p>Bereichs-ID: SGNLLTRS003L20<br \/>\nSKU: 52517<\/p>","protected":false},"excerpt":{"rendered":"<p>Eine elegante Halskette aus 22 Karat Sunrise-Gold mit drei zarten Reihen, die jeweils mit einem einzigartigen Anh\u00e4nger verziert sind. Leicht und dennoch auff\u00e4llig, ist sie ein zeitgem\u00e4\u00dfes Statement f\u00fcr den Luxus des Alltags.<\/p>\n<p><strong>Material:<\/strong> 22ct Gold<br \/>\n<strong>Reinheit:<\/strong> 91.6% rein<br \/>\n<strong>Wahrzeichen:<\/strong> Britisches G\u00fctesiegel<br \/>\n<strong>Bruttogewicht:<\/strong> 7.0 Gms<br \/>\n<strong>L\u00e4nge:<\/strong> 21 Zoll mit Verbindung bei 18 Zoll<br \/>\n<strong>SKU:<\/strong> 52517<\/p>\n<p><strong>Preis und Lieferung:<\/strong> Inklusive Mehrwertsteuer und Lieferkosten.<\/p>\n<p><a href=\"https:\/\/www.purejewels.com\/de\/ruckgabepolitik\/\">R\u00fcckgabepolitik<\/a><\/p>","protected":false},"featured_media":385086,"comment_status":"closed","ping_status":"closed","template":"","meta":{"_eb_attr":"","_crsspst_to_jayantr4sg-hostcom":false},"product_brand":[],"product_cat":[1791,236,1793,1229,1253,1656,5275,1778,1573,1574,5349],"product_tag":[5879],"class_list":{"0":"post-385087","1":"product","2":"type-product","3":"status-publish","4":"has-post-thumbnail","6":"product_cat-anniversary-gifts","7":"product_cat-collections","8":"product_cat-diwali-gifts","9":"product_cat-22ct-gold-jewellery","10":"product_cat-gold-necklaces","11":"product_cat-rosettes-collections","12":"product_cat-rosettes-necklace","13":"product_cat-short-necklaces","14":"product_cat-wedding-gifts","15":"product_cat-womens-jewellery","16":"product_cat-yellow-gold-jewellery","17":"product_tag-22ct-gold-necklace","19":"first","20":"onbackorder","21":"taxable","22":"shipping-taxable","23":"purchasable","24":"product-type-simple","25":"add-to-wishlist-before_image"},"yoast_head":"<!-- This site is optimized with the Yoast SEO plugin v27.5 - https:\/\/yoast.com\/product\/yoast-seo-wordpress\/ -->\n<title>22ct Gold Necklace with Flower Motifs at PureJewels UK<\/title>\n<meta name=\"description\" content=\"Buy this beautiful lariat necklace made from pure 22ct gold. Suitable for everyday use. Available online for free delivery in the UK.\" \/>\n<meta name=\"robots\" content=\"index, follow, max-snippet:-1, max-image-preview:large, max-video-preview:-1\" \/>\n<link rel=\"canonical\" href=\"https:\/\/www.purejewels.com\/de\/produkt-2\/22ct-sunrise-gold-halskette-mit-blumenmotiven-rosette-sammlung-48313\/\" \/>\n<meta property=\"og:locale\" content=\"de_DE\" \/>\n<meta property=\"og:type\" content=\"article\" \/>\n<meta property=\"og:title\" content=\"22ct Gold Necklace with Flower Motifs at PureJewels UK\" \/>\n<meta property=\"og:description\" content=\"Buy this beautiful lariat necklace made from pure 22ct gold. Suitable for everyday use. Available online for free delivery in the UK.\" \/>\n<meta property=\"og:url\" content=\"https:\/\/www.purejewels.com\/de\/produkt-2\/22ct-sunrise-gold-halskette-mit-blumenmotiven-rosette-sammlung-48313\/\" \/>\n<meta property=\"og:site_name\" content=\"PureJewels UK\" \/>\n<meta property=\"article:modified_time\" content=\"2026-02-02T08:29:17+00:00\" \/>\n<meta property=\"og:image\" content=\"https:\/\/static.purejewels.com\/wp-content\/uploads\/2024\/10\/48313.png\" \/>\n\t<meta property=\"og:image:width\" content=\"1000\" \/>\n\t<meta property=\"og:image:height\" content=\"1000\" \/>\n\t<meta property=\"og:image:type\" content=\"image\/png\" \/>\n<meta name=\"twitter:card\" content=\"summary_large_image\" \/>\n<meta name=\"twitter:label1\" content=\"Gesch\u00e4tzte Lesezeit\" \/>\n\t<meta name=\"twitter:data1\" content=\"1\u00a0Minute\" \/>\n<script type=\"application\/ld+json\" class=\"yoast-schema-graph\">{\"@context\":\"https:\\\/\\\/schema.org\",\"@graph\":[{\"@type\":[\"WebPage\",\"ItemPage\"],\"@id\":\"https:\\\/\\\/www.purejewels.com\\\/product\\\/22ct-sunrise-gold-necklace-with-flower-motifs-rosette-collection-48313\\\/\",\"url\":\"https:\\\/\\\/www.purejewels.com\\\/product\\\/22ct-sunrise-gold-necklace-with-flower-motifs-rosette-collection-48313\\\/\",\"name\":\"22ct Gold Necklace with Flower Motifs at PureJewels UK\",\"isPartOf\":{\"@id\":\"https:\\\/\\\/www.purejewels.com\\\/#website\"},\"primaryImageOfPage\":{\"@id\":\"https:\\\/\\\/www.purejewels.com\\\/product\\\/22ct-sunrise-gold-necklace-with-flower-motifs-rosette-collection-48313\\\/#primaryimage\"},\"image\":{\"@id\":\"https:\\\/\\\/www.purejewels.com\\\/product\\\/22ct-sunrise-gold-necklace-with-flower-motifs-rosette-collection-48313\\\/#primaryimage\"},\"thumbnailUrl\":\"https:\\\/\\\/static.purejewels.com\\\/wp-content\\\/uploads\\\/2024\\\/10\\\/48313.png\",\"datePublished\":\"2025-09-29T10:04:16+00:00\",\"dateModified\":\"2026-02-02T08:29:17+00:00\",\"description\":\"Buy this beautiful lariat necklace made from pure 22ct gold. Suitable for everyday use. Available online for free delivery in the UK.\",\"breadcrumb\":{\"@id\":\"https:\\\/\\\/www.purejewels.com\\\/product\\\/22ct-sunrise-gold-necklace-with-flower-motifs-rosette-collection-48313\\\/#breadcrumb\"},\"inLanguage\":\"de\",\"potentialAction\":[{\"@type\":\"ReadAction\",\"target\":[\"https:\\\/\\\/www.purejewels.com\\\/product\\\/22ct-sunrise-gold-necklace-with-flower-motifs-rosette-collection-48313\\\/\"]}]},{\"@type\":\"ImageObject\",\"inLanguage\":\"de\",\"@id\":\"https:\\\/\\\/www.purejewels.com\\\/product\\\/22ct-sunrise-gold-necklace-with-flower-motifs-rosette-collection-48313\\\/#primaryimage\",\"url\":\"https:\\\/\\\/static.purejewels.com\\\/wp-content\\\/uploads\\\/2024\\\/10\\\/48313.png\",\"contentUrl\":\"https:\\\/\\\/static.purejewels.com\\\/wp-content\\\/uploads\\\/2024\\\/10\\\/48313.png\",\"width\":1000,\"height\":1000,\"caption\":\"22ct Gold Necklace\"},{\"@type\":\"BreadcrumbList\",\"@id\":\"https:\\\/\\\/www.purejewels.com\\\/product\\\/22ct-sunrise-gold-necklace-with-flower-motifs-rosette-collection-48313\\\/#breadcrumb\",\"itemListElement\":[{\"@type\":\"ListItem\",\"position\":1,\"name\":\"Home\",\"item\":\"https:\\\/\\\/www.purejewels.com\\\/\"},{\"@type\":\"ListItem\",\"position\":2,\"name\":\"Shop\",\"item\":\"https:\\\/\\\/www.purejewels.com\\\/shop\\\/\"},{\"@type\":\"ListItem\",\"position\":3,\"name\":\"22ct Sunrise Gold Rosette Garland Necklace\"}]},{\"@type\":\"WebSite\",\"@id\":\"https:\\\/\\\/www.purejewels.com\\\/#website\",\"url\":\"https:\\\/\\\/www.purejewels.com\\\/\",\"name\":\"PureJewels UK\",\"description\":\"Share the Love\",\"publisher\":{\"@id\":\"https:\\\/\\\/www.purejewels.com\\\/#organization\"},\"potentialAction\":[{\"@type\":\"SearchAction\",\"target\":{\"@type\":\"EntryPoint\",\"urlTemplate\":\"https:\\\/\\\/www.purejewels.com\\\/?s={search_term_string}\"},\"query-input\":{\"@type\":\"PropertyValueSpecification\",\"valueRequired\":true,\"valueName\":\"search_term_string\"}}],\"inLanguage\":\"de\"},{\"@type\":\"Organization\",\"@id\":\"https:\\\/\\\/www.purejewels.com\\\/#organization\",\"name\":\"PureJewels UK\",\"url\":\"https:\\\/\\\/www.purejewels.com\\\/\",\"logo\":{\"@type\":\"ImageObject\",\"inLanguage\":\"de\",\"@id\":\"https:\\\/\\\/www.purejewels.com\\\/#\\\/schema\\\/logo\\\/image\\\/\",\"url\":\"https:\\\/\\\/static.purejewels.com\\\/wp-content\\\/uploads\\\/2020\\\/11\\\/Logo-PJ-New-1.png\",\"contentUrl\":\"https:\\\/\\\/static.purejewels.com\\\/wp-content\\\/uploads\\\/2020\\\/11\\\/Logo-PJ-New-1.png\",\"width\":150,\"height\":80,\"caption\":\"PureJewels UK\"},\"image\":{\"@id\":\"https:\\\/\\\/www.purejewels.com\\\/#\\\/schema\\\/logo\\\/image\\\/\"}}]}<\/script>\n<!-- \/ Yoast SEO plugin. -->","yoast_head_json":{"title":"22ct Gold Halskette mit Blumenmotiven bei PureJewels UK","description":"Kaufen Sie diese sch\u00f6ne Lariat-Halskette aus reinem 22-kar\u00e4tigem Gold. Geeignet f\u00fcr den t\u00e4glichen Gebrauch. Online verf\u00fcgbar f\u00fcr kostenlose Lieferung in Gro\u00dfbritannien.","robots":{"index":"index","follow":"follow","max-snippet":"max-snippet:-1","max-image-preview":"max-image-preview:large","max-video-preview":"max-video-preview:-1"},"canonical":"https:\/\/www.purejewels.com\/de\/produkt-2\/22ct-sunrise-gold-halskette-mit-blumenmotiven-rosette-sammlung-48313\/","og_locale":"de_DE","og_type":"article","og_title":"22ct Gold Necklace with Flower Motifs at PureJewels UK","og_description":"Buy this beautiful lariat necklace made from pure 22ct gold. Suitable for everyday use. Available online for free delivery in the UK.","og_url":"https:\/\/www.purejewels.com\/de\/produkt-2\/22ct-sunrise-gold-halskette-mit-blumenmotiven-rosette-sammlung-48313\/","og_site_name":"PureJewels UK","article_modified_time":"2026-02-02T08:29:17+00:00","og_image":[{"width":1000,"height":1000,"url":"https:\/\/static.purejewels.com\/wp-content\/uploads\/2024\/10\/48313.png","type":"image\/png"}],"twitter_card":"summary_large_image","twitter_misc":{"Gesch\u00e4tzte Lesezeit":"1\u00a0Minute"},"schema":{"@context":"https:\/\/schema.org","@graph":[{"@type":["WebPage","ItemPage"],"@id":"https:\/\/www.purejewels.com\/product\/22ct-sunrise-gold-necklace-with-flower-motifs-rosette-collection-48313\/","url":"https:\/\/www.purejewels.com\/product\/22ct-sunrise-gold-necklace-with-flower-motifs-rosette-collection-48313\/","name":"22ct Gold Halskette mit Blumenmotiven bei PureJewels UK","isPartOf":{"@id":"https:\/\/www.purejewels.com\/#website"},"primaryImageOfPage":{"@id":"https:\/\/www.purejewels.com\/product\/22ct-sunrise-gold-necklace-with-flower-motifs-rosette-collection-48313\/#primaryimage"},"image":{"@id":"https:\/\/www.purejewels.com\/product\/22ct-sunrise-gold-necklace-with-flower-motifs-rosette-collection-48313\/#primaryimage"},"thumbnailUrl":"https:\/\/static.purejewels.com\/wp-content\/uploads\/2024\/10\/48313.png","datePublished":"2025-09-29T10:04:16+00:00","dateModified":"2026-02-02T08:29:17+00:00","description":"Kaufen Sie diese sch\u00f6ne Lariat-Halskette aus reinem 22-kar\u00e4tigem Gold. Geeignet f\u00fcr den t\u00e4glichen Gebrauch. Online verf\u00fcgbar f\u00fcr kostenlose Lieferung in Gro\u00dfbritannien.","breadcrumb":{"@id":"https:\/\/www.purejewels.com\/product\/22ct-sunrise-gold-necklace-with-flower-motifs-rosette-collection-48313\/#breadcrumb"},"inLanguage":"de","potentialAction":[{"@type":"ReadAction","target":["https:\/\/www.purejewels.com\/product\/22ct-sunrise-gold-necklace-with-flower-motifs-rosette-collection-48313\/"]}]},{"@type":"ImageObject","inLanguage":"de","@id":"https:\/\/www.purejewels.com\/product\/22ct-sunrise-gold-necklace-with-flower-motifs-rosette-collection-48313\/#primaryimage","url":"https:\/\/static.purejewels.com\/wp-content\/uploads\/2024\/10\/48313.png","contentUrl":"https:\/\/static.purejewels.com\/wp-content\/uploads\/2024\/10\/48313.png","width":1000,"height":1000,"caption":"22ct Gold Necklace"},{"@type":"BreadcrumbList","@id":"https:\/\/www.purejewels.com\/product\/22ct-sunrise-gold-necklace-with-flower-motifs-rosette-collection-48313\/#breadcrumb","itemListElement":[{"@type":"ListItem","position":1,"name":"Home","item":"https:\/\/www.purejewels.com\/"},{"@type":"ListItem","position":2,"name":"Shop","item":"https:\/\/www.purejewels.com\/shop\/"},{"@type":"ListItem","position":3,"name":"22ct Sunrise Gold Rosette Garland Necklace"}]},{"@type":"WebSite","@id":"https:\/\/www.purejewels.com\/#website","url":"https:\/\/www.purejewels.com\/","name":"PureJewels UK","description":"Teile die Liebe","publisher":{"@id":"https:\/\/www.purejewels.com\/#organization"},"potentialAction":[{"@type":"SearchAction","target":{"@type":"EntryPoint","urlTemplate":"https:\/\/www.purejewels.com\/?s={search_term_string}"},"query-input":{"@type":"PropertyValueSpecification","valueRequired":true,"valueName":"search_term_string"}}],"inLanguage":"de"},{"@type":"Organization","@id":"https:\/\/www.purejewels.com\/#organization","name":"PureJewels UK","url":"https:\/\/www.purejewels.com\/","logo":{"@type":"ImageObject","inLanguage":"de","@id":"https:\/\/www.purejewels.com\/#\/schema\/logo\/image\/","url":"https:\/\/static.purejewels.com\/wp-content\/uploads\/2020\/11\/Logo-PJ-New-1.png","contentUrl":"https:\/\/static.purejewels.com\/wp-content\/uploads\/2020\/11\/Logo-PJ-New-1.png","width":150,"height":80,"caption":"PureJewels UK"},"image":{"@id":"https:\/\/www.purejewels.com\/#\/schema\/logo\/image\/"}}]}},"_links":{"self":[{"href":"https:\/\/www.purejewels.com\/de\/wp-json\/wp\/v2\/product\/385087","targetHints":{"allow":["GET"]}}],"collection":[{"href":"https:\/\/www.purejewels.com\/de\/wp-json\/wp\/v2\/product"}],"about":[{"href":"https:\/\/www.purejewels.com\/de\/wp-json\/wp\/v2\/types\/product"}],"replies":[{"embeddable":true,"href":"https:\/\/www.purejewels.com\/de\/wp-json\/wp\/v2\/comments?post=385087"}],"version-history":[{"count":5,"href":"https:\/\/www.purejewels.com\/de\/wp-json\/wp\/v2\/product\/385087\/revisions"}],"predecessor-version":[{"id":423000,"href":"https:\/\/www.purejewels.com\/de\/wp-json\/wp\/v2\/product\/385087\/revisions\/423000"}],"wp:featuredmedia":[{"embeddable":true,"href":"https:\/\/www.purejewels.com\/de\/wp-json\/wp\/v2\/media\/385086"}],"wp:attachment":[{"href":"https:\/\/www.purejewels.com\/de\/wp-json\/wp\/v2\/media?parent=385087"}],"wp:term":[{"taxonomy":"product_brand","embeddable":true,"href":"https:\/\/www.purejewels.com\/de\/wp-json\/wp\/v2\/product_brand?post=385087"},{"taxonomy":"product_cat","embeddable":true,"href":"https:\/\/www.purejewels.com\/de\/wp-json\/wp\/v2\/product_cat?post=385087"},{"taxonomy":"product_tag","embeddable":true,"href":"https:\/\/www.purejewels.com\/de\/wp-json\/wp\/v2\/product_tag?post=385087"}],"curies":[{"name":"wp","href":"https:\/\/api.w.org\/{rel}","templated":true}]}}