{"id":386037,"date":"2024-12-28T10:54:30","date_gmt":"2024-12-28T10:54:30","guid":{"rendered":"https:\/\/www.purejewels.com\/?post_type=product&#038;p=386037"},"modified":"2025-07-24T07:05:05","modified_gmt":"2025-07-24T06:05:05","slug":"ring-mit-gravur-aus-18-karat-gold","status":"publish","type":"product","link":"https:\/\/www.purejewels.com\/de\/product\/engraved-ring-in-18ct-gold\/","title":{"rendered":"18ct Personalisierter Ring mit Gravur"},"content":{"rendered":"<h2>Siegelring aus 18 Karat Gelbgold mit personalisierter Gravur<\/h2>\n<p>Erh\u00f6hen Sie Ihren Stil mit diesem atemberaubenden Siegelring aus 18 Karat Gelbgold, einer zeitlosen Mischung aus Luxus und Bedeutung. Das schlichte und polierte Design bietet den idealen Platz f\u00fcr individuelle Gravuren, in die Sie Namen, Daten oder herzliche Botschaften einf\u00fcgen k\u00f6nnen, die von besonderer Bedeutung sind. Ob es sich um einen Meilenstein, eine Erinnerung oder eine Liebesbotschaft handelt, dieser Ring verwandelt die kostbaren Momente des Lebens in lebenslange Erinnerungsst\u00fccke. Dieser elegante Siegelring eignet sich perfekt als pers\u00f6nliches Schmuckst\u00fcck oder als durchdachtes Geschenk und verbindet klassische Handwerkskunst mit einer sehr pers\u00f6nlichen Note.<\/p>","protected":false},"excerpt":{"rendered":"<div class=\"product-description__container_detail_title\" role=\"heading\" aria-level=\"2\"><strong>Beschreibung &amp; Details<\/strong><\/div>\n<p data-pm-slice=\"1 1 []\">Dieser zeitlose, ovale Siegelring aus 18-kar\u00e4tigem Gelbgold bietet Platz f\u00fcr eine individuelle Gravur, die besondere Momente in lebenslange Erinnerungen verwandelt.<\/p>\n<ul class=\"product-description__container_detail_list\">\n<li class=\"product-description__container_list\"><span class=\"product-description__container_list-content\"><strong>Metall:<\/strong> 18 Karat Gold\u00a0<\/span><\/li>\n<li><strong>Ringgr\u00f6\u00dfe:<\/strong> Erh\u00e4ltlich in allen Gr\u00f6\u00dfen<\/li>\n<li><strong>Bruttogewicht:<\/strong> 8-10 Gramm<\/li>\n<li class=\"product-description__container_list\"><span class=\"product-description__container_list-content\"><strong>SKU:\u00a0<\/strong>43138<\/span><\/li>\n<li><strong>Preis und Lieferung:<\/strong>\u00a0Inklusive Mehrwertsteuer und Lieferkosten<\/li>\n<li>Siehe unser\u00a0<strong>Personalisierte Schmucksammlung<\/strong><\/li>\n<li>R\u00fcckgabepolitik<\/li>\n<\/ul>","protected":false},"featured_media":386980,"comment_status":"closed","ping_status":"closed","template":"","meta":{"_eb_attr":"","_crsspst_to_jayantr4sg-hostcom":false},"product_brand":[],"product_cat":[6123,5906,5927,6120],"product_tag":[],"class_list":{"0":"post-386037","1":"product","2":"type-product","3":"status-publish","4":"has-post-thumbnail","6":"product_cat-engraving","7":"product_cat-personalised-jewellery","8":"product_cat-personalised-ring","9":"product_cat-shop-by-style","11":"first","12":"onbackorder","13":"taxable","14":"shipping-taxable","15":"product-type-simple","16":"add-to-wishlist-before_image"},"yoast_head":"<!-- This site is optimized with the Yoast SEO plugin v27.6 - https:\/\/yoast.com\/product\/yoast-seo-wordpress\/ -->\n<title>18ct Yellow Gold Oval Signet Ring with Personalized Engraving<\/title>\n<meta name=\"description\" content=\"Discover the elegance of an 18ct yellow gold signet ring, customizable with meaningful engravings. Perfect for celebrating special moments or gifting.\" \/>\n<meta name=\"robots\" content=\"index, follow, max-snippet:-1, max-image-preview:large, max-video-preview:-1\" \/>\n<link rel=\"canonical\" href=\"https:\/\/www.purejewels.com\/de\/produkt-2\/ring-mit-gravur-aus-18-karat-gold\/\" \/>\n<meta property=\"og:locale\" content=\"de_DE\" \/>\n<meta property=\"og:type\" content=\"article\" \/>\n<meta property=\"og:title\" content=\"18ct Yellow Gold Oval Signet Ring with Personalized Engraving\" \/>\n<meta property=\"og:description\" content=\"Discover the elegance of an 18ct yellow gold signet ring, customizable with meaningful engravings. Perfect for celebrating special moments or gifting.\" \/>\n<meta property=\"og:url\" content=\"https:\/\/www.purejewels.com\/de\/produkt-2\/ring-mit-gravur-aus-18-karat-gold\/\" \/>\n<meta property=\"og:site_name\" content=\"PureJewels UK\" \/>\n<meta property=\"article:modified_time\" content=\"2025-07-24T06:05:05+00:00\" \/>\n<meta property=\"og:image\" content=\"https:\/\/www.purejewels.com\/wp-content\/uploads\/2025\/01\/Signet-1000x1000-1.png\" \/>\n\t<meta property=\"og:image:width\" content=\"1000\" \/>\n\t<meta property=\"og:image:height\" content=\"1000\" \/>\n\t<meta property=\"og:image:type\" content=\"image\/png\" \/>\n<meta name=\"twitter:card\" content=\"summary_large_image\" \/>\n<script type=\"application\/ld+json\" class=\"yoast-schema-graph\">{\"@context\":\"https:\\\/\\\/schema.org\",\"@graph\":[{\"@type\":[\"WebPage\",\"ItemPage\"],\"@id\":\"https:\\\/\\\/www.purejewels.com\\\/product\\\/engraved-ring-in-18ct-gold\\\/\",\"url\":\"https:\\\/\\\/www.purejewels.com\\\/product\\\/engraved-ring-in-18ct-gold\\\/\",\"name\":\"18ct Yellow Gold Oval Signet Ring with Personalized Engraving\",\"isPartOf\":{\"@id\":\"https:\\\/\\\/www.purejewels.com\\\/#website\"},\"primaryImageOfPage\":{\"@id\":\"https:\\\/\\\/www.purejewels.com\\\/product\\\/engraved-ring-in-18ct-gold\\\/#primaryimage\"},\"image\":{\"@id\":\"https:\\\/\\\/www.purejewels.com\\\/product\\\/engraved-ring-in-18ct-gold\\\/#primaryimage\"},\"thumbnailUrl\":\"https:\\\/\\\/static.purejewels.com\\\/wp-content\\\/uploads\\\/2025\\\/01\\\/Signet-1000x1000-1.png\",\"datePublished\":\"2024-12-28T10:54:30+00:00\",\"dateModified\":\"2025-07-24T06:05:05+00:00\",\"description\":\"Discover the elegance of an 18ct yellow gold signet ring, customizable with meaningful engravings. Perfect for celebrating special moments or gifting.\",\"breadcrumb\":{\"@id\":\"https:\\\/\\\/www.purejewels.com\\\/product\\\/engraved-ring-in-18ct-gold\\\/#breadcrumb\"},\"inLanguage\":\"de\",\"potentialAction\":[{\"@type\":\"ReadAction\",\"target\":[\"https:\\\/\\\/www.purejewels.com\\\/product\\\/engraved-ring-in-18ct-gold\\\/\"]}]},{\"@type\":\"ImageObject\",\"inLanguage\":\"de\",\"@id\":\"https:\\\/\\\/www.purejewels.com\\\/product\\\/engraved-ring-in-18ct-gold\\\/#primaryimage\",\"url\":\"https:\\\/\\\/static.purejewels.com\\\/wp-content\\\/uploads\\\/2025\\\/01\\\/Signet-1000x1000-1.png\",\"contentUrl\":\"https:\\\/\\\/static.purejewels.com\\\/wp-content\\\/uploads\\\/2025\\\/01\\\/Signet-1000x1000-1.png\",\"width\":1000,\"height\":1000},{\"@type\":\"BreadcrumbList\",\"@id\":\"https:\\\/\\\/www.purejewels.com\\\/product\\\/engraved-ring-in-18ct-gold\\\/#breadcrumb\",\"itemListElement\":[{\"@type\":\"ListItem\",\"position\":1,\"name\":\"Home\",\"item\":\"https:\\\/\\\/www.purejewels.com\\\/\"},{\"@type\":\"ListItem\",\"position\":2,\"name\":\"Shop\",\"item\":\"https:\\\/\\\/www.purejewels.com\\\/shop\\\/\"},{\"@type\":\"ListItem\",\"position\":3,\"name\":\"18ct Personalised Engraved Ring\"}]},{\"@type\":\"WebSite\",\"@id\":\"https:\\\/\\\/www.purejewels.com\\\/#website\",\"url\":\"https:\\\/\\\/www.purejewels.com\\\/\",\"name\":\"PureJewels UK\",\"description\":\"Share the Love\",\"publisher\":{\"@id\":\"https:\\\/\\\/www.purejewels.com\\\/#organization\"},\"potentialAction\":[{\"@type\":\"SearchAction\",\"target\":{\"@type\":\"EntryPoint\",\"urlTemplate\":\"https:\\\/\\\/www.purejewels.com\\\/?s={search_term_string}\"},\"query-input\":{\"@type\":\"PropertyValueSpecification\",\"valueRequired\":true,\"valueName\":\"search_term_string\"}}],\"inLanguage\":\"de\"},{\"@type\":\"Organization\",\"@id\":\"https:\\\/\\\/www.purejewels.com\\\/#organization\",\"name\":\"PureJewels UK\",\"url\":\"https:\\\/\\\/www.purejewels.com\\\/\",\"logo\":{\"@type\":\"ImageObject\",\"inLanguage\":\"de\",\"@id\":\"https:\\\/\\\/www.purejewels.com\\\/#\\\/schema\\\/logo\\\/image\\\/\",\"url\":\"https:\\\/\\\/static.purejewels.com\\\/wp-content\\\/uploads\\\/2020\\\/11\\\/Logo-PJ-New-1.png\",\"contentUrl\":\"https:\\\/\\\/static.purejewels.com\\\/wp-content\\\/uploads\\\/2020\\\/11\\\/Logo-PJ-New-1.png\",\"width\":150,\"height\":80,\"caption\":\"PureJewels UK\"},\"image\":{\"@id\":\"https:\\\/\\\/www.purejewels.com\\\/#\\\/schema\\\/logo\\\/image\\\/\"}}]}<\/script>\n<!-- \/ Yoast SEO plugin. -->","yoast_head_json":{"title":"Ovaler Siegelring aus 18-kar\u00e4tigem Gelbgold mit personalisierter Gravur","description":"Entdecken Sie die Eleganz eines Siegelrings aus 18 Karat Gelbgold, der mit einer aussagekr\u00e4ftigen Gravur versehen werden kann. Perfekt, um besondere Momente zu feiern oder zu verschenken.","robots":{"index":"index","follow":"follow","max-snippet":"max-snippet:-1","max-image-preview":"max-image-preview:large","max-video-preview":"max-video-preview:-1"},"canonical":"https:\/\/www.purejewels.com\/de\/produkt-2\/ring-mit-gravur-aus-18-karat-gold\/","og_locale":"de_DE","og_type":"article","og_title":"18ct Yellow Gold Oval Signet Ring with Personalized Engraving","og_description":"Discover the elegance of an 18ct yellow gold signet ring, customizable with meaningful engravings. Perfect for celebrating special moments or gifting.","og_url":"https:\/\/www.purejewels.com\/de\/produkt-2\/ring-mit-gravur-aus-18-karat-gold\/","og_site_name":"PureJewels UK","article_modified_time":"2025-07-24T06:05:05+00:00","og_image":[{"width":1000,"height":1000,"url":"https:\/\/www.purejewels.com\/wp-content\/uploads\/2025\/01\/Signet-1000x1000-1.png","type":"image\/png"}],"twitter_card":"summary_large_image","schema":{"@context":"https:\/\/schema.org","@graph":[{"@type":["WebPage","ItemPage"],"@id":"https:\/\/www.purejewels.com\/product\/engraved-ring-in-18ct-gold\/","url":"https:\/\/www.purejewels.com\/product\/engraved-ring-in-18ct-gold\/","name":"Ovaler Siegelring aus 18-kar\u00e4tigem Gelbgold mit personalisierter Gravur","isPartOf":{"@id":"https:\/\/www.purejewels.com\/#website"},"primaryImageOfPage":{"@id":"https:\/\/www.purejewels.com\/product\/engraved-ring-in-18ct-gold\/#primaryimage"},"image":{"@id":"https:\/\/www.purejewels.com\/product\/engraved-ring-in-18ct-gold\/#primaryimage"},"thumbnailUrl":"https:\/\/static.purejewels.com\/wp-content\/uploads\/2025\/01\/Signet-1000x1000-1.png","datePublished":"2024-12-28T10:54:30+00:00","dateModified":"2025-07-24T06:05:05+00:00","description":"Entdecken Sie die Eleganz eines Siegelrings aus 18 Karat Gelbgold, der mit einer aussagekr\u00e4ftigen Gravur versehen werden kann. Perfekt, um besondere Momente zu feiern oder zu verschenken.","breadcrumb":{"@id":"https:\/\/www.purejewels.com\/product\/engraved-ring-in-18ct-gold\/#breadcrumb"},"inLanguage":"de","potentialAction":[{"@type":"ReadAction","target":["https:\/\/www.purejewels.com\/product\/engraved-ring-in-18ct-gold\/"]}]},{"@type":"ImageObject","inLanguage":"de","@id":"https:\/\/www.purejewels.com\/product\/engraved-ring-in-18ct-gold\/#primaryimage","url":"https:\/\/static.purejewels.com\/wp-content\/uploads\/2025\/01\/Signet-1000x1000-1.png","contentUrl":"https:\/\/static.purejewels.com\/wp-content\/uploads\/2025\/01\/Signet-1000x1000-1.png","width":1000,"height":1000},{"@type":"BreadcrumbList","@id":"https:\/\/www.purejewels.com\/product\/engraved-ring-in-18ct-gold\/#breadcrumb","itemListElement":[{"@type":"ListItem","position":1,"name":"Home","item":"https:\/\/www.purejewels.com\/"},{"@type":"ListItem","position":2,"name":"Shop","item":"https:\/\/www.purejewels.com\/shop\/"},{"@type":"ListItem","position":3,"name":"18ct Personalised Engraved Ring"}]},{"@type":"WebSite","@id":"https:\/\/www.purejewels.com\/#website","url":"https:\/\/www.purejewels.com\/","name":"PureJewels UK","description":"Teile die Liebe","publisher":{"@id":"https:\/\/www.purejewels.com\/#organization"},"potentialAction":[{"@type":"SearchAction","target":{"@type":"EntryPoint","urlTemplate":"https:\/\/www.purejewels.com\/?s={search_term_string}"},"query-input":{"@type":"PropertyValueSpecification","valueRequired":true,"valueName":"search_term_string"}}],"inLanguage":"de"},{"@type":"Organization","@id":"https:\/\/www.purejewels.com\/#organization","name":"PureJewels UK","url":"https:\/\/www.purejewels.com\/","logo":{"@type":"ImageObject","inLanguage":"de","@id":"https:\/\/www.purejewels.com\/#\/schema\/logo\/image\/","url":"https:\/\/static.purejewels.com\/wp-content\/uploads\/2020\/11\/Logo-PJ-New-1.png","contentUrl":"https:\/\/static.purejewels.com\/wp-content\/uploads\/2020\/11\/Logo-PJ-New-1.png","width":150,"height":80,"caption":"PureJewels UK"},"image":{"@id":"https:\/\/www.purejewels.com\/#\/schema\/logo\/image\/"}}]}},"_links":{"self":[{"href":"https:\/\/www.purejewels.com\/de\/wp-json\/wp\/v2\/product\/386037","targetHints":{"allow":["GET"]}}],"collection":[{"href":"https:\/\/www.purejewels.com\/de\/wp-json\/wp\/v2\/product"}],"about":[{"href":"https:\/\/www.purejewels.com\/de\/wp-json\/wp\/v2\/types\/product"}],"replies":[{"embeddable":true,"href":"https:\/\/www.purejewels.com\/de\/wp-json\/wp\/v2\/comments?post=386037"}],"version-history":[{"count":3,"href":"https:\/\/www.purejewels.com\/de\/wp-json\/wp\/v2\/product\/386037\/revisions"}],"predecessor-version":[{"id":404446,"href":"https:\/\/www.purejewels.com\/de\/wp-json\/wp\/v2\/product\/386037\/revisions\/404446"}],"wp:featuredmedia":[{"embeddable":true,"href":"https:\/\/www.purejewels.com\/de\/wp-json\/wp\/v2\/media\/386980"}],"wp:attachment":[{"href":"https:\/\/www.purejewels.com\/de\/wp-json\/wp\/v2\/media?parent=386037"}],"wp:term":[{"taxonomy":"product_brand","embeddable":true,"href":"https:\/\/www.purejewels.com\/de\/wp-json\/wp\/v2\/product_brand?post=386037"},{"taxonomy":"product_cat","embeddable":true,"href":"https:\/\/www.purejewels.com\/de\/wp-json\/wp\/v2\/product_cat?post=386037"},{"taxonomy":"product_tag","embeddable":true,"href":"https:\/\/www.purejewels.com\/de\/wp-json\/wp\/v2\/product_tag?post=386037"}],"curies":[{"name":"wp","href":"https:\/\/api.w.org\/{rel}","templated":true}]}}