{"id":386494,"date":"2025-01-01T15:33:45","date_gmt":"2025-01-01T15:33:45","guid":{"rendered":"https:\/\/www.purejewels.com\/?post_type=product&#038;p=386494"},"modified":"2026-01-06T11:30:42","modified_gmt":"2026-01-06T11:30:42","slug":"22ct-personalisiertes-namensarmband","status":"publish","type":"product","link":"https:\/\/www.purejewels.com\/de\/product\/22ct-personalised-name-bracelet\/","title":{"rendered":"22ct Gold Personalisiertes Namensarmband"},"content":{"rendered":"<p><strong>22ct Gold Personalisierte Armspange Armband<\/strong><\/p>\n<p>Setzen Sie ein markantes Zeichen mit dem personalisierten Namensarmband aus 22 Karat Gold, bei dem modernes Design auf zeitlose Eleganz trifft.<\/p>\n<p>Dieser Armreif aus exklusivem 22-kar\u00e4tigem Gold ist mit einer individuell gestaltbaren Initiale versehen, die in perfekter Handarbeit und mit makellosem Finish gefertigt wurde.<\/p>\n<p>Der Armreif, der sowohl f\u00fcr Komfort als auch f\u00fcr Stil entworfen wurde, liegt elegant am Handgelenk und ist mit pers\u00f6nlichen Buchstaben versehen, die ihn wirklich einzigartig machen. Ob zu legeren Looks, zu formellen Anl\u00e4ssen oder als Geschenk, er ist ein vielseitiges Accessoire f\u00fcr jede Gelegenheit. Kombinieren Sie es mit dem Dhwani-Armband, um ihm einen zus\u00e4tzlichen eleganten Touch zu verleihen.<\/p>\n<p><strong>Wesentliche Merkmale:<\/strong><\/p>\n<ul>\n<li>Gefertigt aus hochwertigem 22-kar\u00e4tigem Gold mit strahlendem Glanz<\/li>\n<li>Anpassbarer Armreif f\u00fcr perfekte Passform<\/li>\n<li>Vielseitiges Design, ideal zum Verschenken oder zum Aufpeppen des eigenen Stils<\/li>\n<li>Entdecken Sie unsere personalisierte Schmuckkollektion<\/li>\n<\/ul>\n<p>&nbsp;<\/p>","protected":false},"excerpt":{"rendered":"<div class=\"product-description__container_detail_title\" role=\"heading\"><strong>Beschreibung &amp; Details<\/strong><\/div>\n<p>Dieses 6,5 cm lange personalisierte Armband aus hochwertigem 22-kar\u00e4tigem Sunrise-Gold ist mit einer individuell gestaltbaren Initiale versehen, die mit fortschrittlicher Lasertechnologie pr\u00e4zise ausgeschnitten wurde, um ein perfektes Finish zu erzielen.<\/p>\n<ul class=\"product-description__container_detail_list\">\n<li class=\"product-description__container_list\"><span class=\"product-description__container_list-content\"><strong>Metall:<\/strong> 22 Karat Gold<\/span><\/li>\n<li><strong>Gr\u00f6\u00dfe:<\/strong> 2.4<\/li>\n<li><strong>Gold Gewicht:<\/strong> 5,8-6 Gramm<\/li>\n<li><strong>Produkttyp:<\/strong> Armband personalisieren<\/li>\n<li class=\"product-description__container_list\"><span class=\"product-description__container_list-content\"><strong>SKU:<\/strong>43013<\/span><\/li>\n<li><strong>Preis und Lieferung:<\/strong>\u00a0Inklusive Mehrwertsteuer und Lieferkosten<\/li>\n<li>R\u00fcckgabepolitik<\/li>\n<\/ul>","protected":false},"featured_media":386975,"comment_status":"closed","ping_status":"closed","template":"","meta":{"_eb_attr":"","_crsspst_to_jayantr4sg-hostcom":false},"product_brand":[],"product_cat":[6056,1324,1229],"product_tag":[],"class_list":{"0":"post-386494","1":"product","2":"type-product","3":"status-publish","4":"has-post-thumbnail","6":"product_cat-charm","7":"product_cat-gold-bracelet","8":"product_cat-22ct-gold-jewellery","10":"first","11":"onbackorder","12":"taxable","13":"shipping-taxable","14":"product-type-simple","15":"add-to-wishlist-before_image"},"yoast_head":"<!-- This site is optimized with the Yoast SEO plugin v27.5 - https:\/\/yoast.com\/product\/yoast-seo-wordpress\/ -->\n<title>22ct Gold Personalised Name Bracelet in London<\/title>\n<meta name=\"description\" content=\"Discover the 22ct Gold personalised bracelets with name initials. It is a perfect blend of elegance &amp; personalisation for any occasion\" \/>\n<meta name=\"robots\" content=\"index, follow, max-snippet:-1, max-image-preview:large, max-video-preview:-1\" \/>\n<link rel=\"canonical\" href=\"https:\/\/www.purejewels.com\/de\/produkt-2\/22ct-personalisiertes-namensarmband\/\" \/>\n<meta property=\"og:locale\" content=\"de_DE\" \/>\n<meta property=\"og:type\" content=\"article\" \/>\n<meta property=\"og:title\" content=\"22ct Gold Personalised Name Bracelet in London\" \/>\n<meta property=\"og:description\" content=\"Discover the 22ct Gold personalised bracelets with name initials. It is a perfect blend of elegance &amp; personalisation for any occasion\" \/>\n<meta property=\"og:url\" content=\"https:\/\/www.purejewels.com\/de\/produkt-2\/22ct-personalisiertes-namensarmband\/\" \/>\n<meta property=\"og:site_name\" content=\"PureJewels UK\" \/>\n<meta property=\"article:modified_time\" content=\"2026-01-06T11:30:42+00:00\" \/>\n<meta property=\"og:image\" content=\"https:\/\/static.purejewels.com\/wp-content\/uploads\/2025\/01\/1000x1000-Bracelet.png\" \/>\n\t<meta property=\"og:image:width\" content=\"1000\" \/>\n\t<meta property=\"og:image:height\" content=\"1000\" \/>\n\t<meta property=\"og:image:type\" content=\"image\/png\" \/>\n<meta name=\"twitter:card\" content=\"summary_large_image\" \/>\n<meta name=\"twitter:label1\" content=\"Gesch\u00e4tzte Lesezeit\" \/>\n\t<meta name=\"twitter:data1\" content=\"1\u00a0Minute\" \/>\n<script type=\"application\/ld+json\" class=\"yoast-schema-graph\">{\"@context\":\"https:\\\/\\\/schema.org\",\"@graph\":[{\"@type\":[\"WebPage\",\"ItemPage\"],\"@id\":\"https:\\\/\\\/www.purejewels.com\\\/product\\\/22ct-personalised-name-bracelet\\\/\",\"url\":\"https:\\\/\\\/www.purejewels.com\\\/product\\\/22ct-personalised-name-bracelet\\\/\",\"name\":\"22ct Gold Personalised Name Bracelet in London\",\"isPartOf\":{\"@id\":\"https:\\\/\\\/www.purejewels.com\\\/#website\"},\"primaryImageOfPage\":{\"@id\":\"https:\\\/\\\/www.purejewels.com\\\/product\\\/22ct-personalised-name-bracelet\\\/#primaryimage\"},\"image\":{\"@id\":\"https:\\\/\\\/www.purejewels.com\\\/product\\\/22ct-personalised-name-bracelet\\\/#primaryimage\"},\"thumbnailUrl\":\"https:\\\/\\\/static.purejewels.com\\\/wp-content\\\/uploads\\\/2025\\\/01\\\/1000x1000-Bracelet.png\",\"datePublished\":\"2025-01-01T15:33:45+00:00\",\"dateModified\":\"2026-01-06T11:30:42+00:00\",\"description\":\"Discover the 22ct Gold personalised bracelets with name initials. It is a perfect blend of elegance & personalisation for any occasion\",\"breadcrumb\":{\"@id\":\"https:\\\/\\\/www.purejewels.com\\\/product\\\/22ct-personalised-name-bracelet\\\/#breadcrumb\"},\"inLanguage\":\"de\",\"potentialAction\":[{\"@type\":\"ReadAction\",\"target\":[\"https:\\\/\\\/www.purejewels.com\\\/product\\\/22ct-personalised-name-bracelet\\\/\"]}]},{\"@type\":\"ImageObject\",\"inLanguage\":\"de\",\"@id\":\"https:\\\/\\\/www.purejewels.com\\\/product\\\/22ct-personalised-name-bracelet\\\/#primaryimage\",\"url\":\"https:\\\/\\\/static.purejewels.com\\\/wp-content\\\/uploads\\\/2025\\\/01\\\/1000x1000-Bracelet.png\",\"contentUrl\":\"https:\\\/\\\/static.purejewels.com\\\/wp-content\\\/uploads\\\/2025\\\/01\\\/1000x1000-Bracelet.png\",\"width\":1000,\"height\":1000},{\"@type\":\"BreadcrumbList\",\"@id\":\"https:\\\/\\\/www.purejewels.com\\\/product\\\/22ct-personalised-name-bracelet\\\/#breadcrumb\",\"itemListElement\":[{\"@type\":\"ListItem\",\"position\":1,\"name\":\"Home\",\"item\":\"https:\\\/\\\/www.purejewels.com\\\/\"},{\"@type\":\"ListItem\",\"position\":2,\"name\":\"Shop\",\"item\":\"https:\\\/\\\/www.purejewels.com\\\/shop\\\/\"},{\"@type\":\"ListItem\",\"position\":3,\"name\":\"22ct Gold Personalised Name Bracelet\"}]},{\"@type\":\"WebSite\",\"@id\":\"https:\\\/\\\/www.purejewels.com\\\/#website\",\"url\":\"https:\\\/\\\/www.purejewels.com\\\/\",\"name\":\"PureJewels UK\",\"description\":\"Share the Love\",\"publisher\":{\"@id\":\"https:\\\/\\\/www.purejewels.com\\\/#organization\"},\"potentialAction\":[{\"@type\":\"SearchAction\",\"target\":{\"@type\":\"EntryPoint\",\"urlTemplate\":\"https:\\\/\\\/www.purejewels.com\\\/?s={search_term_string}\"},\"query-input\":{\"@type\":\"PropertyValueSpecification\",\"valueRequired\":true,\"valueName\":\"search_term_string\"}}],\"inLanguage\":\"de\"},{\"@type\":\"Organization\",\"@id\":\"https:\\\/\\\/www.purejewels.com\\\/#organization\",\"name\":\"PureJewels UK\",\"url\":\"https:\\\/\\\/www.purejewels.com\\\/\",\"logo\":{\"@type\":\"ImageObject\",\"inLanguage\":\"de\",\"@id\":\"https:\\\/\\\/www.purejewels.com\\\/#\\\/schema\\\/logo\\\/image\\\/\",\"url\":\"https:\\\/\\\/static.purejewels.com\\\/wp-content\\\/uploads\\\/2020\\\/11\\\/Logo-PJ-New-1.png\",\"contentUrl\":\"https:\\\/\\\/static.purejewels.com\\\/wp-content\\\/uploads\\\/2020\\\/11\\\/Logo-PJ-New-1.png\",\"width\":150,\"height\":80,\"caption\":\"PureJewels UK\"},\"image\":{\"@id\":\"https:\\\/\\\/www.purejewels.com\\\/#\\\/schema\\\/logo\\\/image\\\/\"}}]}<\/script>\n<!-- \/ Yoast SEO plugin. -->","yoast_head_json":{"title":"22ct Gold Personalisiertes Namensarmband in London","description":"Entdecken Sie die personalisierten Armb\u00e4nder aus 22 Karat Gold mit Namensinitialen. Es ist eine perfekte Mischung aus Eleganz und Personalisierung f\u00fcr jeden Anlass","robots":{"index":"index","follow":"follow","max-snippet":"max-snippet:-1","max-image-preview":"max-image-preview:large","max-video-preview":"max-video-preview:-1"},"canonical":"https:\/\/www.purejewels.com\/de\/produkt-2\/22ct-personalisiertes-namensarmband\/","og_locale":"de_DE","og_type":"article","og_title":"22ct Gold Personalised Name Bracelet in London","og_description":"Discover the 22ct Gold personalised bracelets with name initials. It is a perfect blend of elegance & personalisation for any occasion","og_url":"https:\/\/www.purejewels.com\/de\/produkt-2\/22ct-personalisiertes-namensarmband\/","og_site_name":"PureJewels UK","article_modified_time":"2026-01-06T11:30:42+00:00","og_image":[{"width":1000,"height":1000,"url":"https:\/\/static.purejewels.com\/wp-content\/uploads\/2025\/01\/1000x1000-Bracelet.png","type":"image\/png"}],"twitter_card":"summary_large_image","twitter_misc":{"Gesch\u00e4tzte Lesezeit":"1\u00a0Minute"},"schema":{"@context":"https:\/\/schema.org","@graph":[{"@type":["WebPage","ItemPage"],"@id":"https:\/\/www.purejewels.com\/product\/22ct-personalised-name-bracelet\/","url":"https:\/\/www.purejewels.com\/product\/22ct-personalised-name-bracelet\/","name":"22ct Gold Personalisiertes Namensarmband in London","isPartOf":{"@id":"https:\/\/www.purejewels.com\/#website"},"primaryImageOfPage":{"@id":"https:\/\/www.purejewels.com\/product\/22ct-personalised-name-bracelet\/#primaryimage"},"image":{"@id":"https:\/\/www.purejewels.com\/product\/22ct-personalised-name-bracelet\/#primaryimage"},"thumbnailUrl":"https:\/\/static.purejewels.com\/wp-content\/uploads\/2025\/01\/1000x1000-Bracelet.png","datePublished":"2025-01-01T15:33:45+00:00","dateModified":"2026-01-06T11:30:42+00:00","description":"Entdecken Sie die personalisierten Armb\u00e4nder aus 22 Karat Gold mit Namensinitialen. Es ist eine perfekte Mischung aus Eleganz und Personalisierung f\u00fcr jeden Anlass","breadcrumb":{"@id":"https:\/\/www.purejewels.com\/product\/22ct-personalised-name-bracelet\/#breadcrumb"},"inLanguage":"de","potentialAction":[{"@type":"ReadAction","target":["https:\/\/www.purejewels.com\/product\/22ct-personalised-name-bracelet\/"]}]},{"@type":"ImageObject","inLanguage":"de","@id":"https:\/\/www.purejewels.com\/product\/22ct-personalised-name-bracelet\/#primaryimage","url":"https:\/\/static.purejewels.com\/wp-content\/uploads\/2025\/01\/1000x1000-Bracelet.png","contentUrl":"https:\/\/static.purejewels.com\/wp-content\/uploads\/2025\/01\/1000x1000-Bracelet.png","width":1000,"height":1000},{"@type":"BreadcrumbList","@id":"https:\/\/www.purejewels.com\/product\/22ct-personalised-name-bracelet\/#breadcrumb","itemListElement":[{"@type":"ListItem","position":1,"name":"Home","item":"https:\/\/www.purejewels.com\/"},{"@type":"ListItem","position":2,"name":"Shop","item":"https:\/\/www.purejewels.com\/shop\/"},{"@type":"ListItem","position":3,"name":"22ct Gold Personalised Name Bracelet"}]},{"@type":"WebSite","@id":"https:\/\/www.purejewels.com\/#website","url":"https:\/\/www.purejewels.com\/","name":"PureJewels UK","description":"Teile die Liebe","publisher":{"@id":"https:\/\/www.purejewels.com\/#organization"},"potentialAction":[{"@type":"SearchAction","target":{"@type":"EntryPoint","urlTemplate":"https:\/\/www.purejewels.com\/?s={search_term_string}"},"query-input":{"@type":"PropertyValueSpecification","valueRequired":true,"valueName":"search_term_string"}}],"inLanguage":"de"},{"@type":"Organization","@id":"https:\/\/www.purejewels.com\/#organization","name":"PureJewels UK","url":"https:\/\/www.purejewels.com\/","logo":{"@type":"ImageObject","inLanguage":"de","@id":"https:\/\/www.purejewels.com\/#\/schema\/logo\/image\/","url":"https:\/\/static.purejewels.com\/wp-content\/uploads\/2020\/11\/Logo-PJ-New-1.png","contentUrl":"https:\/\/static.purejewels.com\/wp-content\/uploads\/2020\/11\/Logo-PJ-New-1.png","width":150,"height":80,"caption":"PureJewels UK"},"image":{"@id":"https:\/\/www.purejewels.com\/#\/schema\/logo\/image\/"}}]}},"_links":{"self":[{"href":"https:\/\/www.purejewels.com\/de\/wp-json\/wp\/v2\/product\/386494","targetHints":{"allow":["GET"]}}],"collection":[{"href":"https:\/\/www.purejewels.com\/de\/wp-json\/wp\/v2\/product"}],"about":[{"href":"https:\/\/www.purejewels.com\/de\/wp-json\/wp\/v2\/types\/product"}],"replies":[{"embeddable":true,"href":"https:\/\/www.purejewels.com\/de\/wp-json\/wp\/v2\/comments?post=386494"}],"version-history":[{"count":2,"href":"https:\/\/www.purejewels.com\/de\/wp-json\/wp\/v2\/product\/386494\/revisions"}],"predecessor-version":[{"id":398119,"href":"https:\/\/www.purejewels.com\/de\/wp-json\/wp\/v2\/product\/386494\/revisions\/398119"}],"wp:featuredmedia":[{"embeddable":true,"href":"https:\/\/www.purejewels.com\/de\/wp-json\/wp\/v2\/media\/386975"}],"wp:attachment":[{"href":"https:\/\/www.purejewels.com\/de\/wp-json\/wp\/v2\/media?parent=386494"}],"wp:term":[{"taxonomy":"product_brand","embeddable":true,"href":"https:\/\/www.purejewels.com\/de\/wp-json\/wp\/v2\/product_brand?post=386494"},{"taxonomy":"product_cat","embeddable":true,"href":"https:\/\/www.purejewels.com\/de\/wp-json\/wp\/v2\/product_cat?post=386494"},{"taxonomy":"product_tag","embeddable":true,"href":"https:\/\/www.purejewels.com\/de\/wp-json\/wp\/v2\/product_tag?post=386494"}],"curies":[{"name":"wp","href":"https:\/\/api.w.org\/{rel}","templated":true}]}}