{"id":388210,"date":"2025-05-30T08:03:59","date_gmt":"2025-05-30T07:03:59","guid":{"rendered":"https:\/\/www.purejewels.com\/?post_type=product&#038;p=388210"},"modified":"2026-04-22T12:47:15","modified_gmt":"2026-04-22T11:47:15","slug":"22ct-sunrise-gold-ring-mit-smaragd-grose-p","status":"publish","type":"product","link":"https:\/\/www.purejewels.com\/de\/product\/22ct-sunrise-gold-ring-with-emerald-size-p\/","title":{"rendered":"Solo Smaragd Ring | Gr\u00f6\u00dfe P"},"content":{"rendered":"<p class=\"\" data-start=\"0\" data-end=\"25\"><strong data-start=\"0\" data-end=\"25\">Inspiration und Geschichte<\/strong><\/p>\n<p class=\"\" data-start=\"27\" data-end=\"507\">Inspiriert von der zeitlosen Sch\u00f6nheit der Natur, verk\u00f6rpert der 22ct Sunrise Gold Solo Natural Emerald Ring eine perfekte Mischung aus Eleganz und Harmonie. Die warmen Goldt\u00f6ne des Sunrise Goldes erg\u00e4nzen wunderbar die tiefgr\u00fcne Brillanz des nat\u00fcrlichen sambischen Smaragds (0,45ct), der Weisheit, Erneuerung und dauerhafte Anmut symbolisiert. Dieser Ring ist ein zeitloses Schmuckst\u00fcck f\u00fcr alle, die raffinierten Luxus zu sch\u00e4tzen wissen. Er strahlt Raffinesse aus und ist ein subtiles, aber dennoch kraftvolles Stilmerkmal.<\/p>\n<p class=\"\" data-start=\"509\" data-end=\"539\"><strong data-start=\"509\" data-end=\"539\">Material und Handwerkskunst<\/strong><\/p>\n<p class=\"\" data-start=\"541\" data-end=\"1067\">Dieser exquisite Ring wurde fachm\u00e4nnisch aus 91,6% reinem 22-kar\u00e4tigem Sunrise Gold gefertigt, was sowohl Haltbarkeit als auch Sch\u00f6nheit garantiert. Der Ring verf\u00fcgt \u00fcber einen 0,45ct ethisch beschafft Gemfields sambischen Smaragd, bekannt f\u00fcr seine lebendige Farbe und au\u00dfergew\u00f6hnliche Reinheit. Der mit dem britischen Punzierungszeichen zertifizierte Ring ist ein Symbol f\u00fcr Authentizit\u00e4t und erstklassige Handwerkskunst, was ihn zu einem wirklich luxuri\u00f6sen und bedeutungsvollen Schmuckst\u00fcck macht. Ob zu einem besonderen Anlass oder im Alltag getragen, dieser Ring mit nat\u00fcrlichem Smaragd spiegelt fachm\u00e4nnische Kunstfertigkeit und zeitlose Eleganz wider.<\/p>\n<p><b>Bereichs-ID\u00a0<\/b>SGRNRGZC002<br \/>\n<b>SKU:<\/b>\u00a051495<\/p>","protected":false},"excerpt":{"rendered":"<p data-start=\"61\" data-end=\"276\">Dieser exquisite Ring wurde f\u00fcr Menschen mit einem Auge f\u00fcr zeitlose Sch\u00f6nheit entworfen und verbindet klassische Handwerkskunst mit modernem Charme. Ein Statement f\u00fcr Anmut, Prestige und dauerhaften Luxus.<\/p>\n<p><strong>Material:<\/strong>\u00a022ct Sonnenaufgang Gold<br \/>\n<strong>Reinheit:\u00a0<\/strong>91.6% reines Gold<strong><br \/>\nWahrzeichen:\u00a0<\/strong>Britisches G\u00fctesiegel<strong><br \/>\nEdelstein:\u00a0<\/strong>Smaragd<strong><br \/>\nEdelstein Gewicht:\u00a0<\/strong>0,45ct gesamt<strong><br \/>\nHerkunft:\u00a0<\/strong>Sambia<strong><br \/>\nMeiner:\u00a0<\/strong>Gemfields<strong><br \/>\nRinggr\u00f6\u00dfe:\u00a0<\/strong>P (in anderen Gr\u00f6\u00dfen erh\u00e4ltlich)<strong><br \/>\nBruttogewicht:\u00a0<\/strong>2.0 Gms<strong><br \/>\nSKU:\u00a0<\/strong>51495<br \/>\nSie m\u00f6chten den Ring mit passenden Ohrsteckern kombinieren.\u00a0<a href=\"https:\/\/www.purejewels.com\/de\/produkt-2\/ovale-ohrstecker-aus-22-karat-sunrise-gold-mit-smaragd-51289\/\">Klicken Sie hier<\/a>\u00a0f\u00fcr\u00a0<strong>Solo Smaragd Ohrstecker<\/strong><\/p>\n<p><strong><br \/>\nPreis und Lieferung: Inklusive Mehrwertsteuer und Lieferkosten<br \/>\n<a href=\"https:\/\/www.purejewels.com\/de\/ruckgabepolitik\/\">R\u00fcckgabepolitik<\/a><\/strong><\/p>","protected":false},"featured_media":389402,"comment_status":"closed","ping_status":"closed","template":"","meta":{"_eb_attr":"","_crsspst_to_jayantr4sg-hostcom":false},"product_brand":[],"product_cat":[1791,1559,1785,6190,5754,5958,1229,1235,1783,6042,1573,1574,5747],"product_tag":[],"class_list":{"0":"post-388210","1":"product","2":"type-product","3":"status-publish","4":"has-post-thumbnail","6":"product_cat-anniversary-gifts","7":"product_cat-birthday-gifts","8":"product_cat-daily-wear-rings","9":"product_cat-easter-jewellery","10":"product_cat-emerald","11":"product_cat-22ct-gold-emerald-rings","12":"product_cat-22ct-gold-jewellery","13":"product_cat-gold-rings","14":"product_cat-ladies-rings","15":"product_cat-solitaire-ring","16":"product_cat-wedding-gifts","17":"product_cat-womens-jewellery","18":"product_cat-mantra-collection","20":"first","21":"instock","22":"taxable","23":"shipping-taxable","24":"purchasable","25":"product-type-simple","26":"add-to-wishlist-before_image"},"yoast_head":"<!-- This site is optimized with the Yoast SEO plugin v27.5 - https:\/\/yoast.com\/product\/yoast-seo-wordpress\/ -->\n<title>Emerald &amp; 22ct Gold Ring | Size P | PureJewels UK<\/title>\n<meta name=\"description\" content=\"Shop the stunning Emerald &amp; 22ct Gold Ring, Size P at PureJewels UK. A perfect blend of elegance and luxury, featuring a beautiful emerald set in 22ct sunrise gold.\" \/>\n<meta name=\"robots\" content=\"index, follow, max-snippet:-1, max-image-preview:large, max-video-preview:-1\" \/>\n<link rel=\"canonical\" href=\"https:\/\/www.purejewels.com\/de\/produkt-2\/22ct-sunrise-gold-ring-mit-smaragd-grose-p\/\" \/>\n<meta property=\"og:locale\" content=\"de_DE\" \/>\n<meta property=\"og:type\" content=\"article\" \/>\n<meta property=\"og:title\" content=\"Emerald &amp; 22ct Gold Ring | Size P | PureJewels UK\" \/>\n<meta property=\"og:description\" content=\"Shop the stunning Emerald &amp; 22ct Gold Ring, Size P at PureJewels UK. A perfect blend of elegance and luxury, featuring a beautiful emerald set in 22ct sunrise gold.\" \/>\n<meta property=\"og:url\" content=\"https:\/\/www.purejewels.com\/de\/produkt-2\/22ct-sunrise-gold-ring-mit-smaragd-grose-p\/\" \/>\n<meta property=\"og:site_name\" content=\"PureJewels UK\" \/>\n<meta property=\"article:modified_time\" content=\"2026-04-22T11:47:15+00:00\" \/>\n<meta property=\"og:image\" content=\"https:\/\/static.purejewels.com\/wp-content\/uploads\/2025\/01\/51495.png\" \/>\n\t<meta property=\"og:image:width\" content=\"1000\" \/>\n\t<meta property=\"og:image:height\" content=\"1000\" \/>\n\t<meta property=\"og:image:type\" content=\"image\/png\" \/>\n<meta name=\"twitter:card\" content=\"summary_large_image\" \/>\n<meta name=\"twitter:label1\" content=\"Gesch\u00e4tzte Lesezeit\" \/>\n\t<meta name=\"twitter:data1\" content=\"1\u00a0Minute\" \/>\n<script type=\"application\/ld+json\" class=\"yoast-schema-graph\">{\"@context\":\"https:\\\/\\\/schema.org\",\"@graph\":[{\"@type\":[\"WebPage\",\"ItemPage\"],\"@id\":\"https:\\\/\\\/www.purejewels.com\\\/product\\\/22ct-sunrise-gold-ring-with-emerald-size-p\\\/\",\"url\":\"https:\\\/\\\/www.purejewels.com\\\/product\\\/22ct-sunrise-gold-ring-with-emerald-size-p\\\/\",\"name\":\"Emerald & 22ct Gold Ring | Size P | PureJewels UK\",\"isPartOf\":{\"@id\":\"https:\\\/\\\/www.purejewels.com\\\/#website\"},\"primaryImageOfPage\":{\"@id\":\"https:\\\/\\\/www.purejewels.com\\\/product\\\/22ct-sunrise-gold-ring-with-emerald-size-p\\\/#primaryimage\"},\"image\":{\"@id\":\"https:\\\/\\\/www.purejewels.com\\\/product\\\/22ct-sunrise-gold-ring-with-emerald-size-p\\\/#primaryimage\"},\"thumbnailUrl\":\"https:\\\/\\\/static.purejewels.com\\\/wp-content\\\/uploads\\\/2025\\\/01\\\/51495.png\",\"datePublished\":\"2025-05-30T07:03:59+00:00\",\"dateModified\":\"2026-04-22T11:47:15+00:00\",\"description\":\"Shop the stunning Emerald & 22ct Gold Ring, Size P at PureJewels UK. A perfect blend of elegance and luxury, featuring a beautiful emerald set in 22ct sunrise gold.\",\"breadcrumb\":{\"@id\":\"https:\\\/\\\/www.purejewels.com\\\/product\\\/22ct-sunrise-gold-ring-with-emerald-size-p\\\/#breadcrumb\"},\"inLanguage\":\"de\",\"potentialAction\":[{\"@type\":\"ReadAction\",\"target\":[\"https:\\\/\\\/www.purejewels.com\\\/product\\\/22ct-sunrise-gold-ring-with-emerald-size-p\\\/\"]}]},{\"@type\":\"ImageObject\",\"inLanguage\":\"de\",\"@id\":\"https:\\\/\\\/www.purejewels.com\\\/product\\\/22ct-sunrise-gold-ring-with-emerald-size-p\\\/#primaryimage\",\"url\":\"https:\\\/\\\/static.purejewels.com\\\/wp-content\\\/uploads\\\/2025\\\/01\\\/51495.png\",\"contentUrl\":\"https:\\\/\\\/static.purejewels.com\\\/wp-content\\\/uploads\\\/2025\\\/01\\\/51495.png\",\"width\":1000,\"height\":1000,\"caption\":\"Ring\"},{\"@type\":\"BreadcrumbList\",\"@id\":\"https:\\\/\\\/www.purejewels.com\\\/product\\\/22ct-sunrise-gold-ring-with-emerald-size-p\\\/#breadcrumb\",\"itemListElement\":[{\"@type\":\"ListItem\",\"position\":1,\"name\":\"Home\",\"item\":\"https:\\\/\\\/www.purejewels.com\\\/\"},{\"@type\":\"ListItem\",\"position\":2,\"name\":\"Shop\",\"item\":\"https:\\\/\\\/www.purejewels.com\\\/shop\\\/\"},{\"@type\":\"ListItem\",\"position\":3,\"name\":\"Solo Emerald Ring | Size P\"}]},{\"@type\":\"WebSite\",\"@id\":\"https:\\\/\\\/www.purejewels.com\\\/#website\",\"url\":\"https:\\\/\\\/www.purejewels.com\\\/\",\"name\":\"PureJewels UK\",\"description\":\"Share the Love\",\"publisher\":{\"@id\":\"https:\\\/\\\/www.purejewels.com\\\/#organization\"},\"potentialAction\":[{\"@type\":\"SearchAction\",\"target\":{\"@type\":\"EntryPoint\",\"urlTemplate\":\"https:\\\/\\\/www.purejewels.com\\\/?s={search_term_string}\"},\"query-input\":{\"@type\":\"PropertyValueSpecification\",\"valueRequired\":true,\"valueName\":\"search_term_string\"}}],\"inLanguage\":\"de\"},{\"@type\":\"Organization\",\"@id\":\"https:\\\/\\\/www.purejewels.com\\\/#organization\",\"name\":\"PureJewels UK\",\"url\":\"https:\\\/\\\/www.purejewels.com\\\/\",\"logo\":{\"@type\":\"ImageObject\",\"inLanguage\":\"de\",\"@id\":\"https:\\\/\\\/www.purejewels.com\\\/#\\\/schema\\\/logo\\\/image\\\/\",\"url\":\"https:\\\/\\\/static.purejewels.com\\\/wp-content\\\/uploads\\\/2020\\\/11\\\/Logo-PJ-New-1.png\",\"contentUrl\":\"https:\\\/\\\/static.purejewels.com\\\/wp-content\\\/uploads\\\/2020\\\/11\\\/Logo-PJ-New-1.png\",\"width\":150,\"height\":80,\"caption\":\"PureJewels UK\"},\"image\":{\"@id\":\"https:\\\/\\\/www.purejewels.com\\\/#\\\/schema\\\/logo\\\/image\\\/\"}}]}<\/script>\n<!-- \/ Yoast SEO plugin. -->","yoast_head_json":{"title":"Smaragd &amp; 22ct Gold Ring | Gr\u00f6\u00dfe P | PureJewels UK","description":"Kaufen Sie den atemberaubenden Smaragd &amp; 22ct Gold Ring, Gr\u00f6\u00dfe P bei PureJewels UK. Eine perfekte Mischung aus Eleganz und Luxus, mit einem sch\u00f6nen Smaragd in 22ct Sunrise Gold gesetzt.","robots":{"index":"index","follow":"follow","max-snippet":"max-snippet:-1","max-image-preview":"max-image-preview:large","max-video-preview":"max-video-preview:-1"},"canonical":"https:\/\/www.purejewels.com\/de\/produkt-2\/22ct-sunrise-gold-ring-mit-smaragd-grose-p\/","og_locale":"de_DE","og_type":"article","og_title":"Emerald & 22ct Gold Ring | Size P | PureJewels UK","og_description":"Shop the stunning Emerald & 22ct Gold Ring, Size P at PureJewels UK. A perfect blend of elegance and luxury, featuring a beautiful emerald set in 22ct sunrise gold.","og_url":"https:\/\/www.purejewels.com\/de\/produkt-2\/22ct-sunrise-gold-ring-mit-smaragd-grose-p\/","og_site_name":"PureJewels UK","article_modified_time":"2026-04-22T11:47:15+00:00","og_image":[{"width":1000,"height":1000,"url":"https:\/\/static.purejewels.com\/wp-content\/uploads\/2025\/01\/51495.png","type":"image\/png"}],"twitter_card":"summary_large_image","twitter_misc":{"Gesch\u00e4tzte Lesezeit":"1\u00a0Minute"},"schema":{"@context":"https:\/\/schema.org","@graph":[{"@type":["WebPage","ItemPage"],"@id":"https:\/\/www.purejewels.com\/product\/22ct-sunrise-gold-ring-with-emerald-size-p\/","url":"https:\/\/www.purejewels.com\/product\/22ct-sunrise-gold-ring-with-emerald-size-p\/","name":"Smaragd &amp; 22ct Gold Ring | Gr\u00f6\u00dfe P | PureJewels UK","isPartOf":{"@id":"https:\/\/www.purejewels.com\/#website"},"primaryImageOfPage":{"@id":"https:\/\/www.purejewels.com\/product\/22ct-sunrise-gold-ring-with-emerald-size-p\/#primaryimage"},"image":{"@id":"https:\/\/www.purejewels.com\/product\/22ct-sunrise-gold-ring-with-emerald-size-p\/#primaryimage"},"thumbnailUrl":"https:\/\/static.purejewels.com\/wp-content\/uploads\/2025\/01\/51495.png","datePublished":"2025-05-30T07:03:59+00:00","dateModified":"2026-04-22T11:47:15+00:00","description":"Kaufen Sie den atemberaubenden Smaragd &amp; 22ct Gold Ring, Gr\u00f6\u00dfe P bei PureJewels UK. Eine perfekte Mischung aus Eleganz und Luxus, mit einem sch\u00f6nen Smaragd in 22ct Sunrise Gold gesetzt.","breadcrumb":{"@id":"https:\/\/www.purejewels.com\/product\/22ct-sunrise-gold-ring-with-emerald-size-p\/#breadcrumb"},"inLanguage":"de","potentialAction":[{"@type":"ReadAction","target":["https:\/\/www.purejewels.com\/product\/22ct-sunrise-gold-ring-with-emerald-size-p\/"]}]},{"@type":"ImageObject","inLanguage":"de","@id":"https:\/\/www.purejewels.com\/product\/22ct-sunrise-gold-ring-with-emerald-size-p\/#primaryimage","url":"https:\/\/static.purejewels.com\/wp-content\/uploads\/2025\/01\/51495.png","contentUrl":"https:\/\/static.purejewels.com\/wp-content\/uploads\/2025\/01\/51495.png","width":1000,"height":1000,"caption":"Ring"},{"@type":"BreadcrumbList","@id":"https:\/\/www.purejewels.com\/product\/22ct-sunrise-gold-ring-with-emerald-size-p\/#breadcrumb","itemListElement":[{"@type":"ListItem","position":1,"name":"Home","item":"https:\/\/www.purejewels.com\/"},{"@type":"ListItem","position":2,"name":"Shop","item":"https:\/\/www.purejewels.com\/shop\/"},{"@type":"ListItem","position":3,"name":"Solo Emerald Ring | Size P"}]},{"@type":"WebSite","@id":"https:\/\/www.purejewels.com\/#website","url":"https:\/\/www.purejewels.com\/","name":"PureJewels UK","description":"Teile die Liebe","publisher":{"@id":"https:\/\/www.purejewels.com\/#organization"},"potentialAction":[{"@type":"SearchAction","target":{"@type":"EntryPoint","urlTemplate":"https:\/\/www.purejewels.com\/?s={search_term_string}"},"query-input":{"@type":"PropertyValueSpecification","valueRequired":true,"valueName":"search_term_string"}}],"inLanguage":"de"},{"@type":"Organization","@id":"https:\/\/www.purejewels.com\/#organization","name":"PureJewels UK","url":"https:\/\/www.purejewels.com\/","logo":{"@type":"ImageObject","inLanguage":"de","@id":"https:\/\/www.purejewels.com\/#\/schema\/logo\/image\/","url":"https:\/\/static.purejewels.com\/wp-content\/uploads\/2020\/11\/Logo-PJ-New-1.png","contentUrl":"https:\/\/static.purejewels.com\/wp-content\/uploads\/2020\/11\/Logo-PJ-New-1.png","width":150,"height":80,"caption":"PureJewels UK"},"image":{"@id":"https:\/\/www.purejewels.com\/#\/schema\/logo\/image\/"}}]}},"_links":{"self":[{"href":"https:\/\/www.purejewels.com\/de\/wp-json\/wp\/v2\/product\/388210","targetHints":{"allow":["GET"]}}],"collection":[{"href":"https:\/\/www.purejewels.com\/de\/wp-json\/wp\/v2\/product"}],"about":[{"href":"https:\/\/www.purejewels.com\/de\/wp-json\/wp\/v2\/types\/product"}],"replies":[{"embeddable":true,"href":"https:\/\/www.purejewels.com\/de\/wp-json\/wp\/v2\/comments?post=388210"}],"version-history":[{"count":5,"href":"https:\/\/www.purejewels.com\/de\/wp-json\/wp\/v2\/product\/388210\/revisions"}],"predecessor-version":[{"id":428880,"href":"https:\/\/www.purejewels.com\/de\/wp-json\/wp\/v2\/product\/388210\/revisions\/428880"}],"wp:featuredmedia":[{"embeddable":true,"href":"https:\/\/www.purejewels.com\/de\/wp-json\/wp\/v2\/media\/389402"}],"wp:attachment":[{"href":"https:\/\/www.purejewels.com\/de\/wp-json\/wp\/v2\/media?parent=388210"}],"wp:term":[{"taxonomy":"product_brand","embeddable":true,"href":"https:\/\/www.purejewels.com\/de\/wp-json\/wp\/v2\/product_brand?post=388210"},{"taxonomy":"product_cat","embeddable":true,"href":"https:\/\/www.purejewels.com\/de\/wp-json\/wp\/v2\/product_cat?post=388210"},{"taxonomy":"product_tag","embeddable":true,"href":"https:\/\/www.purejewels.com\/de\/wp-json\/wp\/v2\/product_tag?post=388210"}],"curies":[{"name":"wp","href":"https:\/\/api.w.org\/{rel}","templated":true}]}}