{"id":388217,"date":"2025-04-25T09:17:17","date_gmt":"2025-04-25T08:17:17","guid":{"rendered":"https:\/\/www.purejewels.com\/?post_type=product&#038;p=388217"},"modified":"2026-03-06T09:56:00","modified_gmt":"2026-03-06T09:56:00","slug":"halskette-aus-22-karat-sunrise-gold-mit-naturlichen-smaragden","status":"publish","type":"product","link":"https:\/\/www.purejewels.com\/de\/product\/22ct-sunrise-gold-necklace-with-natural-emeralds\/","title":{"rendered":"Echo Smaragd Halskette"},"content":{"rendered":"<h4 data-start=\"59\" data-end=\"91\"><strong data-start=\"64\" data-end=\"89\">Inspiration und Geschichte<\/strong><\/h4>\n<p data-start=\"92\" data-end=\"512\">Inspiriert von den Echos der Sch\u00f6nheit der Natur, ist die <strong data-start=\"139\" data-end=\"190\">22ct Sunrise Gold Echo Nat\u00fcrlicher Smaragd Halskette<\/strong> ist ein Fest der Eleganz und Harmonie. Die reichen Goldt\u00f6ne verflechten sich mit der tiefgr\u00fcnen Brillanz der <strong data-start=\"299\" data-end=\"336\">nat\u00fcrliche sambische Smaragde (2,10ct)<\/strong>Sie symbolisiert Weisheit, Erneuerung und dauerhafte Anmut. Diese Halskette wurde f\u00fcr diejenigen entworfen, die dezenten Luxus zu sch\u00e4tzen wissen. Sie ist ein zeitloses St\u00fcck, das Raffinesse ausstrahlt.<\/p>\n<h4 data-start=\"514\" data-end=\"551\"><strong data-start=\"519\" data-end=\"549\">Material und Handwerkskunst<\/strong><\/h4>\n<p data-start=\"552\" data-end=\"957\">Gekonnt gefertigt aus <strong data-start=\"574\" data-end=\"606\">91.6% rein 22ct Sunrise Gold<\/strong>Diese exquisite Halskette ist aus ethisch einwandfreiem Material gefertigt. <strong data-start=\"659\" data-end=\"689\">Gemfields Smaragde aus Sambia<\/strong>die f\u00fcr ihre faszinierende Farbe und Reinheit bekannt sind. Die <strong data-start=\"744\" data-end=\"762\">16-Zoll-L\u00e4nge<\/strong> sorgt f\u00fcr eine raffinierte Passform, die anmutig am Dekollet\u00e9 anliegt. Mit einer <strong data-start=\"832\" data-end=\"852\">Britisches G\u00fctesiegel<\/strong> Diese Halskette, deren Echtheit bescheinigt wird, ist ein Beweis f\u00fcr fachm\u00e4nnische Handwerkskunst und erstklassige Qualit\u00e4t.<\/p>\n<h4 data-start=\"959\" data-end=\"982\"><strong data-start=\"964\" data-end=\"980\">Styling-Tipps<\/strong><\/h4>\n<ul data-start=\"983\" data-end=\"1239\">\n<li data-start=\"983\" data-end=\"1077\">Kombinieren Sie es mit passenden <a href=\"https:\/\/www.purejewels.com\/de\/produkt-2\/ovale-ohrstecker-aus-22-karat-sunrise-gold-mit-smaragd-51289\/\"><strong data-start=\"1007\" data-end=\"1045\">22ct Sunrise Gold Smaragd Ohrringe<\/strong><\/a>\u00a0 und <a href=\"https:\/\/www.purejewels.com\/de\/produkt-2\/tropfer-aus-22-karat-sunrise-gold-mit-smaragd-51292\/\"><strong>22ct Sunrise Gold Smaragd Tropfenf\u00e4nger<\/strong><\/a> f\u00fcr ein nahtloses, elegantes Aussehen.<\/li>\n<li data-start=\"1078\" data-end=\"1151\">Legen Sie es mit zarten Goldketten \u00fcbereinander und verleihen Sie ihm einen raffinierten, modernen Touch.<\/li>\n<li data-start=\"1152\" data-end=\"1239\">Lassen Sie ihn solo zu einem klassischen schwarzen Kleid erstrahlen und setzen Sie damit ein m\u00fchelos schickes Statement.<\/li>\n<\/ul>","protected":false},"excerpt":{"rendered":"<p>Diese 22-kar\u00e4tige Echo-Halskette aus Sunrise-Gold besteht aus nat\u00fcrlichen sambischen Smaragden (2,10 Karat) von Gemfields, die in eine 16-Zoll-Gliederkette mit britischem Echtheitsstempel eingefasst sind. Eine perfekte Mischung aus Eleganz und Luxus.<\/p>\n<p><strong>Material:<\/strong> 22ct Sonnenaufgang Gold<br \/>\n<strong>Reinheit:<\/strong> 91.6% reines Gold<br \/>\n<strong>Wahrzeichen:<\/strong> Britisches G\u00fctesiegel<br \/>\n<strong>Edelstein:<\/strong> Nat\u00fcrliche Smaragde<br \/>\n<strong>Edelstein Gewicht:<\/strong> 2,10ct gesamt<br \/>\n<strong>Herkunft:<\/strong> Sambia<br \/>\n<strong>Meiner:<\/strong> Gemfields<br \/>\n<strong>L\u00e4nge:<\/strong> 16 Zoll<br \/>\n<strong>Bruttogewicht:<\/strong> 7 Gramm<br \/>\n<strong>SKU:<\/strong> 50757<\/p>\n<p><strong>Preis und Lieferung:<\/strong>\u00a0Inklusive Mehrwertsteuer und Lieferkosten<br \/>\n<a href=\"https:\/\/www.purejewels.com\/de\/ruckgabepolitik\/\">R\u00fcckgabepolitik<\/a><\/p>","protected":false},"featured_media":388223,"comment_status":"closed","ping_status":"closed","template":"","meta":{"_eb_attr":"","_crsspst_to_jayantr4sg-hostcom":false},"product_brand":[],"product_cat":[6190,5754,5957,1229,1253,5747],"product_tag":[],"class_list":{"0":"post-388217","1":"product","2":"type-product","3":"status-publish","4":"has-post-thumbnail","6":"product_cat-easter-jewellery","7":"product_cat-emerald","8":"product_cat-gold-emerald-necklaces","9":"product_cat-22ct-gold-jewellery","10":"product_cat-gold-necklaces","11":"product_cat-mantra-collection","13":"first","14":"instock","15":"taxable","16":"shipping-taxable","17":"purchasable","18":"product-type-simple","19":"add-to-wishlist-before_image"},"yoast_head":"<!-- This site is optimized with the Yoast SEO plugin v27.5 - https:\/\/yoast.com\/product\/yoast-seo-wordpress\/ -->\n<title>22ct Gold Necklace With Natural Emeralds<\/title>\n<meta name=\"description\" content=\"Immerse yourself in the exquisite beauty of our 22ct Sunrise Gold Necklace with Emerald. This stunning piece is meticulously crafted from 22-carat gold\" \/>\n<meta name=\"robots\" content=\"index, follow, max-snippet:-1, max-image-preview:large, max-video-preview:-1\" \/>\n<link rel=\"canonical\" href=\"https:\/\/www.purejewels.com\/de\/produkt-2\/halskette-aus-22-karat-sunrise-gold-mit-naturlichen-smaragden\/\" \/>\n<meta property=\"og:locale\" content=\"de_DE\" \/>\n<meta property=\"og:type\" content=\"article\" \/>\n<meta property=\"og:title\" content=\"22ct Gold Necklace With Natural Emeralds\" \/>\n<meta property=\"og:description\" content=\"Immerse yourself in the exquisite beauty of our 22ct Sunrise Gold Necklace with Emerald. This stunning piece is meticulously crafted from 22-carat gold\" \/>\n<meta property=\"og:url\" content=\"https:\/\/www.purejewels.com\/de\/produkt-2\/halskette-aus-22-karat-sunrise-gold-mit-naturlichen-smaragden\/\" \/>\n<meta property=\"og:site_name\" content=\"PureJewels UK\" \/>\n<meta property=\"article:modified_time\" content=\"2026-03-06T09:56:00+00:00\" \/>\n<meta property=\"og:image\" content=\"https:\/\/static.purejewels.com\/wp-content\/uploads\/2025\/03\/SKU-50757.png\" \/>\n\t<meta property=\"og:image:width\" content=\"1000\" \/>\n\t<meta property=\"og:image:height\" content=\"1000\" \/>\n\t<meta property=\"og:image:type\" content=\"image\/png\" \/>\n<meta name=\"twitter:card\" content=\"summary_large_image\" \/>\n<meta name=\"twitter:label1\" content=\"Gesch\u00e4tzte Lesezeit\" \/>\n\t<meta name=\"twitter:data1\" content=\"1\u00a0Minute\" \/>\n<script type=\"application\/ld+json\" class=\"yoast-schema-graph\">{\"@context\":\"https:\\\/\\\/schema.org\",\"@graph\":[{\"@type\":[\"WebPage\",\"ItemPage\"],\"@id\":\"https:\\\/\\\/www.purejewels.com\\\/product\\\/22ct-sunrise-gold-necklace-with-natural-emeralds\\\/\",\"url\":\"https:\\\/\\\/www.purejewels.com\\\/product\\\/22ct-sunrise-gold-necklace-with-natural-emeralds\\\/\",\"name\":\"22ct Gold Necklace With Natural Emeralds\",\"isPartOf\":{\"@id\":\"https:\\\/\\\/www.purejewels.com\\\/#website\"},\"primaryImageOfPage\":{\"@id\":\"https:\\\/\\\/www.purejewels.com\\\/product\\\/22ct-sunrise-gold-necklace-with-natural-emeralds\\\/#primaryimage\"},\"image\":{\"@id\":\"https:\\\/\\\/www.purejewels.com\\\/product\\\/22ct-sunrise-gold-necklace-with-natural-emeralds\\\/#primaryimage\"},\"thumbnailUrl\":\"https:\\\/\\\/static.purejewels.com\\\/wp-content\\\/uploads\\\/2025\\\/03\\\/SKU-50757.png\",\"datePublished\":\"2025-04-25T08:17:17+00:00\",\"dateModified\":\"2026-03-06T09:56:00+00:00\",\"description\":\"Immerse yourself in the exquisite beauty of our 22ct Sunrise Gold Necklace with Emerald. This stunning piece is meticulously crafted from 22-carat gold\",\"breadcrumb\":{\"@id\":\"https:\\\/\\\/www.purejewels.com\\\/product\\\/22ct-sunrise-gold-necklace-with-natural-emeralds\\\/#breadcrumb\"},\"inLanguage\":\"de\",\"potentialAction\":[{\"@type\":\"ReadAction\",\"target\":[\"https:\\\/\\\/www.purejewels.com\\\/product\\\/22ct-sunrise-gold-necklace-with-natural-emeralds\\\/\"]}]},{\"@type\":\"ImageObject\",\"inLanguage\":\"de\",\"@id\":\"https:\\\/\\\/www.purejewels.com\\\/product\\\/22ct-sunrise-gold-necklace-with-natural-emeralds\\\/#primaryimage\",\"url\":\"https:\\\/\\\/static.purejewels.com\\\/wp-content\\\/uploads\\\/2025\\\/03\\\/SKU-50757.png\",\"contentUrl\":\"https:\\\/\\\/static.purejewels.com\\\/wp-content\\\/uploads\\\/2025\\\/03\\\/SKU-50757.png\",\"width\":1000,\"height\":1000},{\"@type\":\"BreadcrumbList\",\"@id\":\"https:\\\/\\\/www.purejewels.com\\\/product\\\/22ct-sunrise-gold-necklace-with-natural-emeralds\\\/#breadcrumb\",\"itemListElement\":[{\"@type\":\"ListItem\",\"position\":1,\"name\":\"Home\",\"item\":\"https:\\\/\\\/www.purejewels.com\\\/\"},{\"@type\":\"ListItem\",\"position\":2,\"name\":\"Shop\",\"item\":\"https:\\\/\\\/www.purejewels.com\\\/shop\\\/\"},{\"@type\":\"ListItem\",\"position\":3,\"name\":\"Echo Emerald Necklace\"}]},{\"@type\":\"WebSite\",\"@id\":\"https:\\\/\\\/www.purejewels.com\\\/#website\",\"url\":\"https:\\\/\\\/www.purejewels.com\\\/\",\"name\":\"PureJewels UK\",\"description\":\"Share the Love\",\"publisher\":{\"@id\":\"https:\\\/\\\/www.purejewels.com\\\/#organization\"},\"potentialAction\":[{\"@type\":\"SearchAction\",\"target\":{\"@type\":\"EntryPoint\",\"urlTemplate\":\"https:\\\/\\\/www.purejewels.com\\\/?s={search_term_string}\"},\"query-input\":{\"@type\":\"PropertyValueSpecification\",\"valueRequired\":true,\"valueName\":\"search_term_string\"}}],\"inLanguage\":\"de\"},{\"@type\":\"Organization\",\"@id\":\"https:\\\/\\\/www.purejewels.com\\\/#organization\",\"name\":\"PureJewels UK\",\"url\":\"https:\\\/\\\/www.purejewels.com\\\/\",\"logo\":{\"@type\":\"ImageObject\",\"inLanguage\":\"de\",\"@id\":\"https:\\\/\\\/www.purejewels.com\\\/#\\\/schema\\\/logo\\\/image\\\/\",\"url\":\"https:\\\/\\\/static.purejewels.com\\\/wp-content\\\/uploads\\\/2020\\\/11\\\/Logo-PJ-New-1.png\",\"contentUrl\":\"https:\\\/\\\/static.purejewels.com\\\/wp-content\\\/uploads\\\/2020\\\/11\\\/Logo-PJ-New-1.png\",\"width\":150,\"height\":80,\"caption\":\"PureJewels UK\"},\"image\":{\"@id\":\"https:\\\/\\\/www.purejewels.com\\\/#\\\/schema\\\/logo\\\/image\\\/\"}}]}<\/script>\n<!-- \/ Yoast SEO plugin. -->","yoast_head_json":{"title":"22ct Gold Halskette mit nat\u00fcrlichen Smaragden","description":"Tauchen Sie ein in die exquisite Sch\u00f6nheit unserer 22 Karat Sunrise Goldkette mit Smaragd. Dieses atemberaubende St\u00fcck ist sorgf\u00e4ltig aus 22-kar\u00e4tigem Gold gefertigt","robots":{"index":"index","follow":"follow","max-snippet":"max-snippet:-1","max-image-preview":"max-image-preview:large","max-video-preview":"max-video-preview:-1"},"canonical":"https:\/\/www.purejewels.com\/de\/produkt-2\/halskette-aus-22-karat-sunrise-gold-mit-naturlichen-smaragden\/","og_locale":"de_DE","og_type":"article","og_title":"22ct Gold Necklace With Natural Emeralds","og_description":"Immerse yourself in the exquisite beauty of our 22ct Sunrise Gold Necklace with Emerald. This stunning piece is meticulously crafted from 22-carat gold","og_url":"https:\/\/www.purejewels.com\/de\/produkt-2\/halskette-aus-22-karat-sunrise-gold-mit-naturlichen-smaragden\/","og_site_name":"PureJewels UK","article_modified_time":"2026-03-06T09:56:00+00:00","og_image":[{"width":1000,"height":1000,"url":"https:\/\/static.purejewels.com\/wp-content\/uploads\/2025\/03\/SKU-50757.png","type":"image\/png"}],"twitter_card":"summary_large_image","twitter_misc":{"Gesch\u00e4tzte Lesezeit":"1\u00a0Minute"},"schema":{"@context":"https:\/\/schema.org","@graph":[{"@type":["WebPage","ItemPage"],"@id":"https:\/\/www.purejewels.com\/product\/22ct-sunrise-gold-necklace-with-natural-emeralds\/","url":"https:\/\/www.purejewels.com\/product\/22ct-sunrise-gold-necklace-with-natural-emeralds\/","name":"22ct Gold Halskette mit nat\u00fcrlichen Smaragden","isPartOf":{"@id":"https:\/\/www.purejewels.com\/#website"},"primaryImageOfPage":{"@id":"https:\/\/www.purejewels.com\/product\/22ct-sunrise-gold-necklace-with-natural-emeralds\/#primaryimage"},"image":{"@id":"https:\/\/www.purejewels.com\/product\/22ct-sunrise-gold-necklace-with-natural-emeralds\/#primaryimage"},"thumbnailUrl":"https:\/\/static.purejewels.com\/wp-content\/uploads\/2025\/03\/SKU-50757.png","datePublished":"2025-04-25T08:17:17+00:00","dateModified":"2026-03-06T09:56:00+00:00","description":"Tauchen Sie ein in die exquisite Sch\u00f6nheit unserer 22 Karat Sunrise Goldkette mit Smaragd. Dieses atemberaubende St\u00fcck ist sorgf\u00e4ltig aus 22-kar\u00e4tigem Gold gefertigt","breadcrumb":{"@id":"https:\/\/www.purejewels.com\/product\/22ct-sunrise-gold-necklace-with-natural-emeralds\/#breadcrumb"},"inLanguage":"de","potentialAction":[{"@type":"ReadAction","target":["https:\/\/www.purejewels.com\/product\/22ct-sunrise-gold-necklace-with-natural-emeralds\/"]}]},{"@type":"ImageObject","inLanguage":"de","@id":"https:\/\/www.purejewels.com\/product\/22ct-sunrise-gold-necklace-with-natural-emeralds\/#primaryimage","url":"https:\/\/static.purejewels.com\/wp-content\/uploads\/2025\/03\/SKU-50757.png","contentUrl":"https:\/\/static.purejewels.com\/wp-content\/uploads\/2025\/03\/SKU-50757.png","width":1000,"height":1000},{"@type":"BreadcrumbList","@id":"https:\/\/www.purejewels.com\/product\/22ct-sunrise-gold-necklace-with-natural-emeralds\/#breadcrumb","itemListElement":[{"@type":"ListItem","position":1,"name":"Home","item":"https:\/\/www.purejewels.com\/"},{"@type":"ListItem","position":2,"name":"Shop","item":"https:\/\/www.purejewels.com\/shop\/"},{"@type":"ListItem","position":3,"name":"Echo Emerald Necklace"}]},{"@type":"WebSite","@id":"https:\/\/www.purejewels.com\/#website","url":"https:\/\/www.purejewels.com\/","name":"PureJewels UK","description":"Teile die Liebe","publisher":{"@id":"https:\/\/www.purejewels.com\/#organization"},"potentialAction":[{"@type":"SearchAction","target":{"@type":"EntryPoint","urlTemplate":"https:\/\/www.purejewels.com\/?s={search_term_string}"},"query-input":{"@type":"PropertyValueSpecification","valueRequired":true,"valueName":"search_term_string"}}],"inLanguage":"de"},{"@type":"Organization","@id":"https:\/\/www.purejewels.com\/#organization","name":"PureJewels UK","url":"https:\/\/www.purejewels.com\/","logo":{"@type":"ImageObject","inLanguage":"de","@id":"https:\/\/www.purejewels.com\/#\/schema\/logo\/image\/","url":"https:\/\/static.purejewels.com\/wp-content\/uploads\/2020\/11\/Logo-PJ-New-1.png","contentUrl":"https:\/\/static.purejewels.com\/wp-content\/uploads\/2020\/11\/Logo-PJ-New-1.png","width":150,"height":80,"caption":"PureJewels UK"},"image":{"@id":"https:\/\/www.purejewels.com\/#\/schema\/logo\/image\/"}}]}},"_links":{"self":[{"href":"https:\/\/www.purejewels.com\/de\/wp-json\/wp\/v2\/product\/388217","targetHints":{"allow":["GET"]}}],"collection":[{"href":"https:\/\/www.purejewels.com\/de\/wp-json\/wp\/v2\/product"}],"about":[{"href":"https:\/\/www.purejewels.com\/de\/wp-json\/wp\/v2\/types\/product"}],"replies":[{"embeddable":true,"href":"https:\/\/www.purejewels.com\/de\/wp-json\/wp\/v2\/comments?post=388217"}],"version-history":[{"count":6,"href":"https:\/\/www.purejewels.com\/de\/wp-json\/wp\/v2\/product\/388217\/revisions"}],"predecessor-version":[{"id":392433,"href":"https:\/\/www.purejewels.com\/de\/wp-json\/wp\/v2\/product\/388217\/revisions\/392433"}],"wp:featuredmedia":[{"embeddable":true,"href":"https:\/\/www.purejewels.com\/de\/wp-json\/wp\/v2\/media\/388223"}],"wp:attachment":[{"href":"https:\/\/www.purejewels.com\/de\/wp-json\/wp\/v2\/media?parent=388217"}],"wp:term":[{"taxonomy":"product_brand","embeddable":true,"href":"https:\/\/www.purejewels.com\/de\/wp-json\/wp\/v2\/product_brand?post=388217"},{"taxonomy":"product_cat","embeddable":true,"href":"https:\/\/www.purejewels.com\/de\/wp-json\/wp\/v2\/product_cat?post=388217"},{"taxonomy":"product_tag","embeddable":true,"href":"https:\/\/www.purejewels.com\/de\/wp-json\/wp\/v2\/product_tag?post=388217"}],"curies":[{"name":"wp","href":"https:\/\/api.w.org\/{rel}","templated":true}]}}