{"id":388361,"date":"2025-01-06T10:36:54","date_gmt":"2025-01-06T10:36:54","guid":{"rendered":"https:\/\/www.purejewels.com\/?post_type=product&#038;p=388361"},"modified":"2026-02-09T10:26:00","modified_gmt":"2026-02-09T10:26:00","slug":"platin-lotus-ranken-diamantband-48132","status":"publish","type":"product","link":"https:\/\/www.purejewels.com\/de\/product\/platinum-lotus-tendrill-diamond-band-48132\/","title":{"rendered":"Rankenf\u00f6rmiges Diamantband"},"content":{"rendered":"<p class=\"\" data-start=\"184\" data-end=\"212\"><strong data-start=\"184\" data-end=\"212\">1. Inspiration und Geschichte<\/strong><\/p>\n<p class=\"\" data-start=\"214\" data-end=\"737\">Das Tendril Diamond Band ist ein poetischer Ausdruck von Verbundenheit - eine Ode an die subtile, best\u00e4ndige Kraft, die die Liebe in jeder Phase ihrer Reise zusammenh\u00e4lt. Inspiriert von den sich kr\u00e4uselnden Ranken der Lotuspflanze, die sich sanft strecken, st\u00fctzen und verflechten, steht dieses Design f\u00fcr die stille Intimit\u00e4t zwischen zwei Leben, die Seite an Seite wachsen. Als Teil unserer Lotus-Kollektion steht der Ring f\u00fcr den nat\u00fcrlichen Rhythmus der Liebe - weich, widerstandsf\u00e4hig und tief verwurzelt - ein Symbol f\u00fcr die unsichtbaren Bande, die mit der Zeit und der Pflege st\u00e4rker werden.<\/p>\n<p class=\"\" data-start=\"739\" data-end=\"772\"><strong data-start=\"739\" data-end=\"772\">2. Material und handwerkliches K\u00f6nnen<\/strong><\/p>\n<p class=\"\" data-start=\"774\" data-end=\"1483\">Das in London handgefertigte Tendril Diamond Band aus Platin bietet eine k\u00fchlere, moderne Variante der klassischen Silhouette. Sein skulpturaler Schaft ahmt die flie\u00dfende Bewegung einer Lotusranke nach und wickelt sich mit einer erh\u00f6hten, flie\u00dfenden Form anmutig um den Finger. Die obere H\u00e4lfte des Rings ist mit zarten Diamanten besetzt, die bei jeder Bewegung das Licht einfangen - wie Tau, der in der Morgend\u00e4mmerung an einer Ranke schimmert. Obwohl er so gestaltet ist, dass er den Lotus-Verlobungsring perfekt umrahmt, steht er auch als eigenst\u00e4ndiges Schmuckst\u00fcck f\u00fcr sich und verbindet Eleganz und Symbolik mit pr\u00e4ziser Handwerkskunst. Jede Kurve und jede Fassung wird von Meisterhand geformt und spiegelt sowohl technische Finesse als auch organische Sch\u00f6nheit wider.<\/p>\n<p class=\"\" data-start=\"1485\" data-end=\"1504\"><strong data-start=\"1485\" data-end=\"1504\">3. Styling-Tipps<\/strong><\/p>\n<p class=\"\" data-start=\"1506\" data-end=\"1976\">Das moderne und strahlende Tendril-Diamantband aus Platin ist ideal f\u00fcr alle, die einen dezenten Glanz in ihrem Alltagsstil suchen. Tragen Sie es allein f\u00fcr einen klaren, skulpturalen Look oder kombinieren Sie es mit dem Lotus-Verlobungsring, um ein nahtloses, symbolisches Paar zu schaffen. Das sanfte Funkeln der Diamanten und der k\u00fchle Glanz des Platins machen es zu einer vielseitigen Erg\u00e4nzung f\u00fcr jede Schmuckgarderobe - ob als Zeichen eines bedeutenden Meilensteins oder einfach nur, um den stillen Luxus der t\u00e4glichen Liebe zu genie\u00dfen.<\/p>\n<p>&nbsp;<\/p>","protected":false},"excerpt":{"rendered":"<p>Dieses schlanke und skulpturale Platin-Diamantband ist mit 0,14 Karat nat\u00fcrlichen Diamanten besetzt - ein anmutiger Ausdruck von St\u00e4rke und Verbundenheit, inspiriert von der sanften Umarmung einer Lotusranke.<\/p>\n<p><strong>Material:<\/strong> Platin<strong><br \/>\nWahrzeichen:\u00a0<\/strong>Britisches G\u00fctesiegel<strong><br \/>\n<\/strong><strong>Stein:\u00a0<\/strong>Nat\u00fcrliche Diamanten<strong><br \/>\nGewicht der Diamanten: <\/strong>0,14ct(gesamt)<strong><br \/>\n<\/strong><strong>Bruttogewicht:\u00a0 <\/strong>6,9 Gramm<strong><br \/>\n<\/strong><strong>Ringgr\u00f6\u00dfe:\u00a0 <\/strong>J<strong><br \/>\nSKU: <\/strong>48132<\/p>\n<p><strong>Preis und Lieferung:\u00a0<\/strong>Inklusive Mehrwertsteuer und Lieferkosten<strong><br \/>\n<strong>Anmerkung: <\/strong><\/strong>Dieser Ring ist in allen Fingergr\u00f6\u00dfen erh\u00e4ltlich. Bitte <strong id=\"btn_TawkLink\">sich melden <\/strong>um die perfekte Passform f\u00fcr Sie zu bestellen.<strong><br \/>\n<a href=\"https:\/\/www.purejewels.com\/de\/ruckgabepolitik\/\">R\u00fcckgabepolitik<\/a><\/strong><\/p>","protected":false},"featured_media":390605,"comment_status":"closed","ping_status":"closed","template":"","meta":{"_eb_attr":"","_crsspst_to_jayantr4sg-hostcom":false},"product_brand":[],"product_cat":[1559,5460,5931,1633,6050,1800,5350,6083,6084,1569,229,226,1574],"product_tag":[5960,5965,5941],"class_list":{"0":"post-388361","1":"product","2":"type-product","3":"status-publish","4":"has-post-thumbnail","6":"product_cat-birthday-gifts","7":"product_cat-diamond-ring","8":"product_cat-eternity-ring","9":"product_cat-lotus-collections","10":"product_cat-lotus-ring","11":"product_cat-platinum-bands","12":"product_cat-platinum-jewellery","13":"product_cat-platinum-jewellery-2","14":"product_cat-platinum-ring","15":"product_cat-valentine-day-gifts","16":"product_cat-wedding-bands","17":"product_cat-wedding-rings-bands","18":"product_cat-womens-jewellery","19":"product_tag-band","20":"product_tag-diamonds","21":"product_tag-ring","23":"first","24":"instock","25":"taxable","26":"shipping-taxable","27":"purchasable","28":"product-type-simple","29":"add-to-wishlist-before_image"},"yoast_head":"<!-- This site is optimized with the Yoast SEO plugin v27.3 - https:\/\/yoast.com\/product\/yoast-seo-wordpress\/ -->\n<title>Platinum Tendril Diamond Ring | Lotus Collection | PureJewels UK<\/title>\n<meta name=\"description\" content=\"Discover the exquisite Lotus Tendril Diamond Platinum Band at PureJewels UK. Intricate design meets brilliant diamonds and pure platinum.\" \/>\n<meta name=\"robots\" content=\"index, follow, max-snippet:-1, max-image-preview:large, max-video-preview:-1\" \/>\n<link rel=\"canonical\" href=\"https:\/\/www.purejewels.com\/de\/produkt-2\/platin-lotus-ranken-diamantband-48132\/\" \/>\n<meta property=\"og:locale\" content=\"de_DE\" \/>\n<meta property=\"og:type\" content=\"article\" \/>\n<meta property=\"og:title\" content=\"Platinum Tendril Diamond Ring | Lotus Collection | PureJewels UK\" \/>\n<meta property=\"og:description\" content=\"Discover the exquisite Lotus Tendril Diamond Platinum Band at PureJewels UK. Intricate design meets brilliant diamonds and pure platinum.\" \/>\n<meta property=\"og:url\" content=\"https:\/\/www.purejewels.com\/de\/produkt-2\/platin-lotus-ranken-diamantband-48132\/\" \/>\n<meta property=\"og:site_name\" content=\"PureJewels UK\" \/>\n<meta property=\"article:modified_time\" content=\"2026-02-09T10:26:00+00:00\" \/>\n<meta property=\"og:image\" content=\"https:\/\/static.purejewels.com\/wp-content\/uploads\/2025\/01\/48132-1.png\" \/>\n\t<meta property=\"og:image:width\" content=\"1000\" \/>\n\t<meta property=\"og:image:height\" content=\"1000\" \/>\n\t<meta property=\"og:image:type\" content=\"image\/png\" \/>\n<meta name=\"twitter:card\" content=\"summary_large_image\" \/>\n<meta name=\"twitter:label1\" content=\"Gesch\u00e4tzte Lesezeit\" \/>\n\t<meta name=\"twitter:data1\" content=\"1\u00a0Minute\" \/>\n<script type=\"application\/ld+json\" class=\"yoast-schema-graph\">{\"@context\":\"https:\\\/\\\/schema.org\",\"@graph\":[{\"@type\":[\"WebPage\",\"ItemPage\"],\"@id\":\"https:\\\/\\\/www.purejewels.com\\\/product\\\/platinum-lotus-tendrill-diamond-band-48132\\\/\",\"url\":\"https:\\\/\\\/www.purejewels.com\\\/product\\\/platinum-lotus-tendrill-diamond-band-48132\\\/\",\"name\":\"Platinum Tendril Diamond Ring | Lotus Collection | PureJewels UK\",\"isPartOf\":{\"@id\":\"https:\\\/\\\/www.purejewels.com\\\/#website\"},\"primaryImageOfPage\":{\"@id\":\"https:\\\/\\\/www.purejewels.com\\\/product\\\/platinum-lotus-tendrill-diamond-band-48132\\\/#primaryimage\"},\"image\":{\"@id\":\"https:\\\/\\\/www.purejewels.com\\\/product\\\/platinum-lotus-tendrill-diamond-band-48132\\\/#primaryimage\"},\"thumbnailUrl\":\"https:\\\/\\\/static.purejewels.com\\\/wp-content\\\/uploads\\\/2025\\\/01\\\/48132-1.png\",\"datePublished\":\"2025-01-06T10:36:54+00:00\",\"dateModified\":\"2026-02-09T10:26:00+00:00\",\"description\":\"Discover the exquisite Lotus Tendril Diamond Platinum Band at PureJewels UK. Intricate design meets brilliant diamonds and pure platinum.\",\"breadcrumb\":{\"@id\":\"https:\\\/\\\/www.purejewels.com\\\/product\\\/platinum-lotus-tendrill-diamond-band-48132\\\/#breadcrumb\"},\"inLanguage\":\"de\",\"potentialAction\":[{\"@type\":\"ReadAction\",\"target\":[\"https:\\\/\\\/www.purejewels.com\\\/product\\\/platinum-lotus-tendrill-diamond-band-48132\\\/\"]}]},{\"@type\":\"ImageObject\",\"inLanguage\":\"de\",\"@id\":\"https:\\\/\\\/www.purejewels.com\\\/product\\\/platinum-lotus-tendrill-diamond-band-48132\\\/#primaryimage\",\"url\":\"https:\\\/\\\/static.purejewels.com\\\/wp-content\\\/uploads\\\/2025\\\/01\\\/48132-1.png\",\"contentUrl\":\"https:\\\/\\\/static.purejewels.com\\\/wp-content\\\/uploads\\\/2025\\\/01\\\/48132-1.png\",\"width\":1000,\"height\":1000},{\"@type\":\"BreadcrumbList\",\"@id\":\"https:\\\/\\\/www.purejewels.com\\\/product\\\/platinum-lotus-tendrill-diamond-band-48132\\\/#breadcrumb\",\"itemListElement\":[{\"@type\":\"ListItem\",\"position\":1,\"name\":\"Home\",\"item\":\"https:\\\/\\\/www.purejewels.com\\\/\"},{\"@type\":\"ListItem\",\"position\":2,\"name\":\"Shop\",\"item\":\"https:\\\/\\\/www.purejewels.com\\\/shop\\\/\"},{\"@type\":\"ListItem\",\"position\":3,\"name\":\"Tendril Diamond Band\"}]},{\"@type\":\"WebSite\",\"@id\":\"https:\\\/\\\/www.purejewels.com\\\/#website\",\"url\":\"https:\\\/\\\/www.purejewels.com\\\/\",\"name\":\"PureJewels UK\",\"description\":\"Share the Love\",\"publisher\":{\"@id\":\"https:\\\/\\\/www.purejewels.com\\\/#organization\"},\"potentialAction\":[{\"@type\":\"SearchAction\",\"target\":{\"@type\":\"EntryPoint\",\"urlTemplate\":\"https:\\\/\\\/www.purejewels.com\\\/?s={search_term_string}\"},\"query-input\":{\"@type\":\"PropertyValueSpecification\",\"valueRequired\":true,\"valueName\":\"search_term_string\"}}],\"inLanguage\":\"de\"},{\"@type\":\"Organization\",\"@id\":\"https:\\\/\\\/www.purejewels.com\\\/#organization\",\"name\":\"PureJewels UK\",\"url\":\"https:\\\/\\\/www.purejewels.com\\\/\",\"logo\":{\"@type\":\"ImageObject\",\"inLanguage\":\"de\",\"@id\":\"https:\\\/\\\/www.purejewels.com\\\/#\\\/schema\\\/logo\\\/image\\\/\",\"url\":\"https:\\\/\\\/static.purejewels.com\\\/wp-content\\\/uploads\\\/2020\\\/11\\\/Logo-PJ-New-1.png\",\"contentUrl\":\"https:\\\/\\\/static.purejewels.com\\\/wp-content\\\/uploads\\\/2020\\\/11\\\/Logo-PJ-New-1.png\",\"width\":150,\"height\":80,\"caption\":\"PureJewels UK\"},\"image\":{\"@id\":\"https:\\\/\\\/www.purejewels.com\\\/#\\\/schema\\\/logo\\\/image\\\/\"}}]}<\/script>\n<!-- \/ Yoast SEO plugin. -->","yoast_head_json":{"title":"Platin Ranken Diamant Ring | Lotus Kollektion | PureJewels UK","description":"Entdecken Sie das exquisite Lotus Tendril Diamond Platinum Band bei PureJewels UK. Kompliziertes Design trifft auf brillante Diamanten und reines Platin.","robots":{"index":"index","follow":"follow","max-snippet":"max-snippet:-1","max-image-preview":"max-image-preview:large","max-video-preview":"max-video-preview:-1"},"canonical":"https:\/\/www.purejewels.com\/de\/produkt-2\/platin-lotus-ranken-diamantband-48132\/","og_locale":"de_DE","og_type":"article","og_title":"Platinum Tendril Diamond Ring | Lotus Collection | PureJewels UK","og_description":"Discover the exquisite Lotus Tendril Diamond Platinum Band at PureJewels UK. Intricate design meets brilliant diamonds and pure platinum.","og_url":"https:\/\/www.purejewels.com\/de\/produkt-2\/platin-lotus-ranken-diamantband-48132\/","og_site_name":"PureJewels UK","article_modified_time":"2026-02-09T10:26:00+00:00","og_image":[{"width":1000,"height":1000,"url":"https:\/\/static.purejewels.com\/wp-content\/uploads\/2025\/01\/48132-1.png","type":"image\/png"}],"twitter_card":"summary_large_image","twitter_misc":{"Gesch\u00e4tzte Lesezeit":"1\u00a0Minute"},"schema":{"@context":"https:\/\/schema.org","@graph":[{"@type":["WebPage","ItemPage"],"@id":"https:\/\/www.purejewels.com\/product\/platinum-lotus-tendrill-diamond-band-48132\/","url":"https:\/\/www.purejewels.com\/product\/platinum-lotus-tendrill-diamond-band-48132\/","name":"Platin Ranken Diamant Ring | Lotus Kollektion | PureJewels UK","isPartOf":{"@id":"https:\/\/www.purejewels.com\/#website"},"primaryImageOfPage":{"@id":"https:\/\/www.purejewels.com\/product\/platinum-lotus-tendrill-diamond-band-48132\/#primaryimage"},"image":{"@id":"https:\/\/www.purejewels.com\/product\/platinum-lotus-tendrill-diamond-band-48132\/#primaryimage"},"thumbnailUrl":"https:\/\/static.purejewels.com\/wp-content\/uploads\/2025\/01\/48132-1.png","datePublished":"2025-01-06T10:36:54+00:00","dateModified":"2026-02-09T10:26:00+00:00","description":"Entdecken Sie das exquisite Lotus Tendril Diamond Platinum Band bei PureJewels UK. Kompliziertes Design trifft auf brillante Diamanten und reines Platin.","breadcrumb":{"@id":"https:\/\/www.purejewels.com\/product\/platinum-lotus-tendrill-diamond-band-48132\/#breadcrumb"},"inLanguage":"de","potentialAction":[{"@type":"ReadAction","target":["https:\/\/www.purejewels.com\/product\/platinum-lotus-tendrill-diamond-band-48132\/"]}]},{"@type":"ImageObject","inLanguage":"de","@id":"https:\/\/www.purejewels.com\/product\/platinum-lotus-tendrill-diamond-band-48132\/#primaryimage","url":"https:\/\/static.purejewels.com\/wp-content\/uploads\/2025\/01\/48132-1.png","contentUrl":"https:\/\/static.purejewels.com\/wp-content\/uploads\/2025\/01\/48132-1.png","width":1000,"height":1000},{"@type":"BreadcrumbList","@id":"https:\/\/www.purejewels.com\/product\/platinum-lotus-tendrill-diamond-band-48132\/#breadcrumb","itemListElement":[{"@type":"ListItem","position":1,"name":"Home","item":"https:\/\/www.purejewels.com\/"},{"@type":"ListItem","position":2,"name":"Shop","item":"https:\/\/www.purejewels.com\/shop\/"},{"@type":"ListItem","position":3,"name":"Tendril Diamond Band"}]},{"@type":"WebSite","@id":"https:\/\/www.purejewels.com\/#website","url":"https:\/\/www.purejewels.com\/","name":"PureJewels UK","description":"Teile die Liebe","publisher":{"@id":"https:\/\/www.purejewels.com\/#organization"},"potentialAction":[{"@type":"SearchAction","target":{"@type":"EntryPoint","urlTemplate":"https:\/\/www.purejewels.com\/?s={search_term_string}"},"query-input":{"@type":"PropertyValueSpecification","valueRequired":true,"valueName":"search_term_string"}}],"inLanguage":"de"},{"@type":"Organization","@id":"https:\/\/www.purejewels.com\/#organization","name":"PureJewels UK","url":"https:\/\/www.purejewels.com\/","logo":{"@type":"ImageObject","inLanguage":"de","@id":"https:\/\/www.purejewels.com\/#\/schema\/logo\/image\/","url":"https:\/\/static.purejewels.com\/wp-content\/uploads\/2020\/11\/Logo-PJ-New-1.png","contentUrl":"https:\/\/static.purejewels.com\/wp-content\/uploads\/2020\/11\/Logo-PJ-New-1.png","width":150,"height":80,"caption":"PureJewels UK"},"image":{"@id":"https:\/\/www.purejewels.com\/#\/schema\/logo\/image\/"}}]}},"_links":{"self":[{"href":"https:\/\/www.purejewels.com\/de\/wp-json\/wp\/v2\/product\/388361","targetHints":{"allow":["GET"]}}],"collection":[{"href":"https:\/\/www.purejewels.com\/de\/wp-json\/wp\/v2\/product"}],"about":[{"href":"https:\/\/www.purejewels.com\/de\/wp-json\/wp\/v2\/types\/product"}],"replies":[{"embeddable":true,"href":"https:\/\/www.purejewels.com\/de\/wp-json\/wp\/v2\/comments?post=388361"}],"version-history":[{"count":5,"href":"https:\/\/www.purejewels.com\/de\/wp-json\/wp\/v2\/product\/388361\/revisions"}],"predecessor-version":[{"id":393182,"href":"https:\/\/www.purejewels.com\/de\/wp-json\/wp\/v2\/product\/388361\/revisions\/393182"}],"wp:featuredmedia":[{"embeddable":true,"href":"https:\/\/www.purejewels.com\/de\/wp-json\/wp\/v2\/media\/390605"}],"wp:attachment":[{"href":"https:\/\/www.purejewels.com\/de\/wp-json\/wp\/v2\/media?parent=388361"}],"wp:term":[{"taxonomy":"product_brand","embeddable":true,"href":"https:\/\/www.purejewels.com\/de\/wp-json\/wp\/v2\/product_brand?post=388361"},{"taxonomy":"product_cat","embeddable":true,"href":"https:\/\/www.purejewels.com\/de\/wp-json\/wp\/v2\/product_cat?post=388361"},{"taxonomy":"product_tag","embeddable":true,"href":"https:\/\/www.purejewels.com\/de\/wp-json\/wp\/v2\/product_tag?post=388361"}],"curies":[{"name":"wp","href":"https:\/\/api.w.org\/{rel}","templated":true}]}}