{"id":388807,"date":"2025-01-11T10:59:36","date_gmt":"2025-01-11T10:59:36","guid":{"rendered":"https:\/\/www.purejewels.com\/?post_type=product&#038;p=388807"},"modified":"2026-02-16T11:05:52","modified_gmt":"2026-02-16T11:05:52","slug":"22-karat-sunrise-gold-poncha-mit-mehrfarbigen-saphiren-50938","status":"publish","type":"product","link":"https:\/\/www.purejewels.com\/de\/product\/22ct-sunrise-gold-poncha-with-multi-colour-sapphires-50938\/","title":{"rendered":"Mehrfarbiger Saphir-Gold-Poncha"},"content":{"rendered":"<p class=\"\" data-start=\"0\" data-end=\"467\">Verleihen Sie Ihrer Sammlung einen Hauch von zeitloser Sch\u00f6nheit mit dem <strong data-start=\"59\" data-end=\"87\">22ct Sunrise Gold Poncha<\/strong>ein exquisites Schmuckst\u00fcck, das Eleganz und Raffinesse ausstrahlt. Gefertigt aus <strong data-start=\"175\" data-end=\"205\">reines 22-Karat-Sunrise-Gold<\/strong>Dieser luxuri\u00f6se Poncha wurde mit viel Liebe zum Detail entworfen und spiegelt den warmen, goldenen Schein der aufgehenden Sonne wider. Ma\u00dfe <strong data-start=\"333\" data-end=\"347\">6,5 Zoll<\/strong> in der L\u00e4nge bietet sie eine bequeme und doch anmutige Passform, perfekt um das Handgelenk oder den Kn\u00f6chel mit Stil und Raffinesse zu schm\u00fccken.<\/p>\n<p class=\"\" data-start=\"469\" data-end=\"897\">Das Herzst\u00fcck dieses atemberaubenden Werks ist <strong data-start=\"510\" data-end=\"559\">2,89 Karat nat\u00fcrliche mehrfarbige Saphire<\/strong>Diese Edelsteine wurden sorgf\u00e4ltig aufgrund ihrer lebhaften Farben und ihrer bemerkenswerten Klarheit ausgew\u00e4hlt. Diese Edelsteine sind nachdenklich in einem Muster aus den faszinierenden Farben des Sonnenaufgangs angeordnet - err\u00f6tende Rosat\u00f6ne, sanfte Blaut\u00f6ne, goldene Gelbt\u00f6ne und feurige Oranget\u00f6ne - und erzeugen so einen lebendigen und auff\u00e4lligen Effekt, der Neuanf\u00e4nge und zeitlose Sch\u00f6nheit symbolisiert.<\/p>\n<p class=\"\" data-start=\"1207\" data-end=\"1602\">Ob Sie sich f\u00fcr eine Hochzeit, eine festliche Feier oder einen besonderen pers\u00f6nlichen Moment kleiden, die <strong data-start=\"1303\" data-end=\"1331\">22ct Sunrise Gold Poncha<\/strong> verleiht ihm den perfekten letzten Schliff. Sein reiches Erbe, seine luxuri\u00f6sen Materialien und sein inspirierendes Design machen ihn zu einem bedeutungsvollen Geschenk oder zu einem wertvollen pers\u00f6nlichen Andenken - ein eleganter Ausdruck von Stil, Tradition und strahlender Sch\u00f6nheit, der \u00fcber Trends hinausgeht und dauerhafte Eleganz zelebriert.<\/p>\n<p>&nbsp;<\/p>\n<p><strong>SKU:<\/strong> 50938<\/p>","protected":false},"excerpt":{"rendered":"<table class=\"sh_desc\">\n<tbody>\n<tr>\n<td>Art des Armreifs<\/td>\n<td>Poncha<\/td>\n<\/tr>\n<tr>\n<td>SKU<\/td>\n<td>50938<\/td>\n<\/tr>\n<tr>\n<td>L\u00e4nge<\/td>\n<td>6,5 Zoll<\/td>\n<\/tr>\n<tr>\n<td>Saphir Wt.<\/td>\n<td>2,89ct<\/td>\n<\/tr>\n<tr>\n<td>Metall<\/td>\n<td>22ct Sonnenaufgang Gold<\/td>\n<\/tr>\n<tr>\n<td>Entgelte<\/td>\n<td>Lieferung und Mehrwertsteuer inbegriffen<\/td>\n<\/tr>\n<tr>\n<td>Verpackung<\/td>\n<td>Mit Pr\u00e4sentationsbox<\/td>\n<\/tr>\n<tr>\n<td>Mehr Informationen<\/td>\n<td>Live-Chat mit uns f\u00fcr Verf\u00fcgbarkeit und mehr Bilder<\/td>\n<\/tr>\n<\/tbody>\n<\/table>\n<div class=\"btn-atc atc-slide\"><\/div>\n<div class=\"product_meta\"><\/div>","protected":false},"featured_media":388808,"comment_status":"closed","ping_status":"closed","template":"","meta":{"_eb_attr":"","_crsspst_to_jayantr4sg-hostcom":false},"product_brand":[],"product_cat":[1791,5699,1229,1718,5752,1573,1574,5349],"product_tag":[1430],"class_list":{"0":"post-388807","1":"product","2":"type-product","3":"status-publish","4":"has-post-thumbnail","6":"product_cat-anniversary-gifts","7":"product_cat-coloured-gemstone-jewellery","8":"product_cat-22ct-gold-jewellery","9":"product_cat-ladies-poncha","10":"product_cat-gold-sapphire-jewellery","11":"product_cat-wedding-gifts","12":"product_cat-womens-jewellery","13":"product_cat-yellow-gold-jewellery","14":"product_tag-diwali-gift","16":"first","17":"onbackorder","18":"taxable","19":"shipping-taxable","20":"product-type-simple","21":"add-to-wishlist-before_image"},"yoast_head":"<!-- This site is optimized with the Yoast SEO plugin v27.5 - https:\/\/yoast.com\/product\/yoast-seo-wordpress\/ -->\n<title>Multi-colour Sapphire Gold Poncha - PureJewels UK<\/title>\n<meta name=\"robots\" content=\"index, follow, max-snippet:-1, max-image-preview:large, max-video-preview:-1\" \/>\n<link rel=\"canonical\" href=\"https:\/\/www.purejewels.com\/de\/produkt-2\/22-karat-sunrise-gold-poncha-mit-mehrfarbigen-saphiren-50938\/\" \/>\n<meta property=\"og:locale\" content=\"de_DE\" \/>\n<meta property=\"og:type\" content=\"article\" \/>\n<meta property=\"og:title\" content=\"Multi-colour Sapphire Gold Poncha - PureJewels UK\" \/>\n<meta property=\"og:description\" content=\"Type Of Bangle Poncha   SKU 50938   Length 6.5 Inches   Sapphire Wt. 2.89ct   Metal 22ct Sunrise Gold   Charges Delivery\u00a0and\u00a0VAT\u00a0Included   Packaging Comes\u00a0With\u00a0Presentation\u00a0Box   More\u00a0Information Live chat with us for availability\u00a0and\u00a0more\u00a0images\" \/>\n<meta property=\"og:url\" content=\"https:\/\/www.purejewels.com\/de\/produkt-2\/22-karat-sunrise-gold-poncha-mit-mehrfarbigen-saphiren-50938\/\" \/>\n<meta property=\"og:site_name\" content=\"PureJewels UK\" \/>\n<meta property=\"article:modified_time\" content=\"2026-02-16T11:05:52+00:00\" \/>\n<meta property=\"og:image\" content=\"https:\/\/static.purejewels.com\/wp-content\/uploads\/2025\/03\/50938.png\" \/>\n\t<meta property=\"og:image:width\" content=\"1000\" \/>\n\t<meta property=\"og:image:height\" content=\"1000\" \/>\n\t<meta property=\"og:image:type\" content=\"image\/png\" \/>\n<meta name=\"twitter:card\" content=\"summary_large_image\" \/>\n<meta name=\"twitter:label1\" content=\"Gesch\u00e4tzte Lesezeit\" \/>\n\t<meta name=\"twitter:data1\" content=\"2\u00a0Minuten\" \/>\n<script type=\"application\/ld+json\" class=\"yoast-schema-graph\">{\"@context\":\"https:\\\/\\\/schema.org\",\"@graph\":[{\"@type\":[\"WebPage\",\"ItemPage\"],\"@id\":\"https:\\\/\\\/www.purejewels.com\\\/product\\\/22ct-sunrise-gold-poncha-with-multi-colour-sapphires-50938\\\/\",\"url\":\"https:\\\/\\\/www.purejewels.com\\\/product\\\/22ct-sunrise-gold-poncha-with-multi-colour-sapphires-50938\\\/\",\"name\":\"Multi-colour Sapphire Gold Poncha - PureJewels UK\",\"isPartOf\":{\"@id\":\"https:\\\/\\\/www.purejewels.com\\\/#website\"},\"primaryImageOfPage\":{\"@id\":\"https:\\\/\\\/www.purejewels.com\\\/product\\\/22ct-sunrise-gold-poncha-with-multi-colour-sapphires-50938\\\/#primaryimage\"},\"image\":{\"@id\":\"https:\\\/\\\/www.purejewels.com\\\/product\\\/22ct-sunrise-gold-poncha-with-multi-colour-sapphires-50938\\\/#primaryimage\"},\"thumbnailUrl\":\"https:\\\/\\\/static.purejewels.com\\\/wp-content\\\/uploads\\\/2025\\\/03\\\/50938.png\",\"datePublished\":\"2025-01-11T10:59:36+00:00\",\"dateModified\":\"2026-02-16T11:05:52+00:00\",\"breadcrumb\":{\"@id\":\"https:\\\/\\\/www.purejewels.com\\\/product\\\/22ct-sunrise-gold-poncha-with-multi-colour-sapphires-50938\\\/#breadcrumb\"},\"inLanguage\":\"de\",\"potentialAction\":[{\"@type\":\"ReadAction\",\"target\":[\"https:\\\/\\\/www.purejewels.com\\\/product\\\/22ct-sunrise-gold-poncha-with-multi-colour-sapphires-50938\\\/\"]}]},{\"@type\":\"ImageObject\",\"inLanguage\":\"de\",\"@id\":\"https:\\\/\\\/www.purejewels.com\\\/product\\\/22ct-sunrise-gold-poncha-with-multi-colour-sapphires-50938\\\/#primaryimage\",\"url\":\"https:\\\/\\\/static.purejewels.com\\\/wp-content\\\/uploads\\\/2025\\\/03\\\/50938.png\",\"contentUrl\":\"https:\\\/\\\/static.purejewels.com\\\/wp-content\\\/uploads\\\/2025\\\/03\\\/50938.png\",\"width\":1000,\"height\":1000,\"caption\":\"22ct Gold Poncha\"},{\"@type\":\"BreadcrumbList\",\"@id\":\"https:\\\/\\\/www.purejewels.com\\\/product\\\/22ct-sunrise-gold-poncha-with-multi-colour-sapphires-50938\\\/#breadcrumb\",\"itemListElement\":[{\"@type\":\"ListItem\",\"position\":1,\"name\":\"Home\",\"item\":\"https:\\\/\\\/www.purejewels.com\\\/\"},{\"@type\":\"ListItem\",\"position\":2,\"name\":\"Shop\",\"item\":\"https:\\\/\\\/www.purejewels.com\\\/shop\\\/\"},{\"@type\":\"ListItem\",\"position\":3,\"name\":\"Multi-colour Sapphire Gold Poncha\"}]},{\"@type\":\"WebSite\",\"@id\":\"https:\\\/\\\/www.purejewels.com\\\/#website\",\"url\":\"https:\\\/\\\/www.purejewels.com\\\/\",\"name\":\"PureJewels UK\",\"description\":\"Share the Love\",\"publisher\":{\"@id\":\"https:\\\/\\\/www.purejewels.com\\\/#organization\"},\"potentialAction\":[{\"@type\":\"SearchAction\",\"target\":{\"@type\":\"EntryPoint\",\"urlTemplate\":\"https:\\\/\\\/www.purejewels.com\\\/?s={search_term_string}\"},\"query-input\":{\"@type\":\"PropertyValueSpecification\",\"valueRequired\":true,\"valueName\":\"search_term_string\"}}],\"inLanguage\":\"de\"},{\"@type\":\"Organization\",\"@id\":\"https:\\\/\\\/www.purejewels.com\\\/#organization\",\"name\":\"PureJewels UK\",\"url\":\"https:\\\/\\\/www.purejewels.com\\\/\",\"logo\":{\"@type\":\"ImageObject\",\"inLanguage\":\"de\",\"@id\":\"https:\\\/\\\/www.purejewels.com\\\/#\\\/schema\\\/logo\\\/image\\\/\",\"url\":\"https:\\\/\\\/static.purejewels.com\\\/wp-content\\\/uploads\\\/2020\\\/11\\\/Logo-PJ-New-1.png\",\"contentUrl\":\"https:\\\/\\\/static.purejewels.com\\\/wp-content\\\/uploads\\\/2020\\\/11\\\/Logo-PJ-New-1.png\",\"width\":150,\"height\":80,\"caption\":\"PureJewels UK\"},\"image\":{\"@id\":\"https:\\\/\\\/www.purejewels.com\\\/#\\\/schema\\\/logo\\\/image\\\/\"}}]}<\/script>\n<!-- \/ Yoast SEO plugin. -->","yoast_head_json":{"title":"Mehrfarbiger Saphir Gold Poncha - PureJewels UK","robots":{"index":"index","follow":"follow","max-snippet":"max-snippet:-1","max-image-preview":"max-image-preview:large","max-video-preview":"max-video-preview:-1"},"canonical":"https:\/\/www.purejewels.com\/de\/produkt-2\/22-karat-sunrise-gold-poncha-mit-mehrfarbigen-saphiren-50938\/","og_locale":"de_DE","og_type":"article","og_title":"Multi-colour Sapphire Gold Poncha - PureJewels UK","og_description":"Type Of Bangle Poncha   SKU 50938   Length 6.5 Inches   Sapphire Wt. 2.89ct   Metal 22ct Sunrise Gold   Charges Delivery\u00a0and\u00a0VAT\u00a0Included   Packaging Comes\u00a0With\u00a0Presentation\u00a0Box   More\u00a0Information Live chat with us for availability\u00a0and\u00a0more\u00a0images","og_url":"https:\/\/www.purejewels.com\/de\/produkt-2\/22-karat-sunrise-gold-poncha-mit-mehrfarbigen-saphiren-50938\/","og_site_name":"PureJewels UK","article_modified_time":"2026-02-16T11:05:52+00:00","og_image":[{"width":1000,"height":1000,"url":"https:\/\/static.purejewels.com\/wp-content\/uploads\/2025\/03\/50938.png","type":"image\/png"}],"twitter_card":"summary_large_image","twitter_misc":{"Gesch\u00e4tzte Lesezeit":"2\u00a0Minuten"},"schema":{"@context":"https:\/\/schema.org","@graph":[{"@type":["WebPage","ItemPage"],"@id":"https:\/\/www.purejewels.com\/product\/22ct-sunrise-gold-poncha-with-multi-colour-sapphires-50938\/","url":"https:\/\/www.purejewels.com\/product\/22ct-sunrise-gold-poncha-with-multi-colour-sapphires-50938\/","name":"Mehrfarbiger Saphir Gold Poncha - PureJewels UK","isPartOf":{"@id":"https:\/\/www.purejewels.com\/#website"},"primaryImageOfPage":{"@id":"https:\/\/www.purejewels.com\/product\/22ct-sunrise-gold-poncha-with-multi-colour-sapphires-50938\/#primaryimage"},"image":{"@id":"https:\/\/www.purejewels.com\/product\/22ct-sunrise-gold-poncha-with-multi-colour-sapphires-50938\/#primaryimage"},"thumbnailUrl":"https:\/\/static.purejewels.com\/wp-content\/uploads\/2025\/03\/50938.png","datePublished":"2025-01-11T10:59:36+00:00","dateModified":"2026-02-16T11:05:52+00:00","breadcrumb":{"@id":"https:\/\/www.purejewels.com\/product\/22ct-sunrise-gold-poncha-with-multi-colour-sapphires-50938\/#breadcrumb"},"inLanguage":"de","potentialAction":[{"@type":"ReadAction","target":["https:\/\/www.purejewels.com\/product\/22ct-sunrise-gold-poncha-with-multi-colour-sapphires-50938\/"]}]},{"@type":"ImageObject","inLanguage":"de","@id":"https:\/\/www.purejewels.com\/product\/22ct-sunrise-gold-poncha-with-multi-colour-sapphires-50938\/#primaryimage","url":"https:\/\/static.purejewels.com\/wp-content\/uploads\/2025\/03\/50938.png","contentUrl":"https:\/\/static.purejewels.com\/wp-content\/uploads\/2025\/03\/50938.png","width":1000,"height":1000,"caption":"22ct Gold Poncha"},{"@type":"BreadcrumbList","@id":"https:\/\/www.purejewels.com\/product\/22ct-sunrise-gold-poncha-with-multi-colour-sapphires-50938\/#breadcrumb","itemListElement":[{"@type":"ListItem","position":1,"name":"Home","item":"https:\/\/www.purejewels.com\/"},{"@type":"ListItem","position":2,"name":"Shop","item":"https:\/\/www.purejewels.com\/shop\/"},{"@type":"ListItem","position":3,"name":"Multi-colour Sapphire Gold Poncha"}]},{"@type":"WebSite","@id":"https:\/\/www.purejewels.com\/#website","url":"https:\/\/www.purejewels.com\/","name":"PureJewels UK","description":"Teile die Liebe","publisher":{"@id":"https:\/\/www.purejewels.com\/#organization"},"potentialAction":[{"@type":"SearchAction","target":{"@type":"EntryPoint","urlTemplate":"https:\/\/www.purejewels.com\/?s={search_term_string}"},"query-input":{"@type":"PropertyValueSpecification","valueRequired":true,"valueName":"search_term_string"}}],"inLanguage":"de"},{"@type":"Organization","@id":"https:\/\/www.purejewels.com\/#organization","name":"PureJewels UK","url":"https:\/\/www.purejewels.com\/","logo":{"@type":"ImageObject","inLanguage":"de","@id":"https:\/\/www.purejewels.com\/#\/schema\/logo\/image\/","url":"https:\/\/static.purejewels.com\/wp-content\/uploads\/2020\/11\/Logo-PJ-New-1.png","contentUrl":"https:\/\/static.purejewels.com\/wp-content\/uploads\/2020\/11\/Logo-PJ-New-1.png","width":150,"height":80,"caption":"PureJewels UK"},"image":{"@id":"https:\/\/www.purejewels.com\/#\/schema\/logo\/image\/"}}]}},"_links":{"self":[{"href":"https:\/\/www.purejewels.com\/de\/wp-json\/wp\/v2\/product\/388807","targetHints":{"allow":["GET"]}}],"collection":[{"href":"https:\/\/www.purejewels.com\/de\/wp-json\/wp\/v2\/product"}],"about":[{"href":"https:\/\/www.purejewels.com\/de\/wp-json\/wp\/v2\/types\/product"}],"replies":[{"embeddable":true,"href":"https:\/\/www.purejewels.com\/de\/wp-json\/wp\/v2\/comments?post=388807"}],"version-history":[{"count":5,"href":"https:\/\/www.purejewels.com\/de\/wp-json\/wp\/v2\/product\/388807\/revisions"}],"predecessor-version":[{"id":424603,"href":"https:\/\/www.purejewels.com\/de\/wp-json\/wp\/v2\/product\/388807\/revisions\/424603"}],"wp:featuredmedia":[{"embeddable":true,"href":"https:\/\/www.purejewels.com\/de\/wp-json\/wp\/v2\/media\/388808"}],"wp:attachment":[{"href":"https:\/\/www.purejewels.com\/de\/wp-json\/wp\/v2\/media?parent=388807"}],"wp:term":[{"taxonomy":"product_brand","embeddable":true,"href":"https:\/\/www.purejewels.com\/de\/wp-json\/wp\/v2\/product_brand?post=388807"},{"taxonomy":"product_cat","embeddable":true,"href":"https:\/\/www.purejewels.com\/de\/wp-json\/wp\/v2\/product_cat?post=388807"},{"taxonomy":"product_tag","embeddable":true,"href":"https:\/\/www.purejewels.com\/de\/wp-json\/wp\/v2\/product_tag?post=388807"}],"curies":[{"name":"wp","href":"https:\/\/api.w.org\/{rel}","templated":true}]}}