{"id":388897,"date":"2025-01-13T05:10:36","date_gmt":"2025-01-13T05:10:36","guid":{"rendered":"https:\/\/www.purejewels.com\/?post_type=product&#038;p=388897"},"modified":"2026-01-19T10:36:03","modified_gmt":"2026-01-19T10:36:03","slug":"armari-22-kt-gold-braut-kada-51414","status":"publish","type":"product","link":"https:\/\/www.purejewels.com\/de\/product\/armari-22ct-gold-bridal-kada-51414\/","title":{"rendered":"Armari 22ct Gold Braut Kada | Gr\u00f6\u00dfe 2.2"},"content":{"rendered":"<ul>\n<li><b>Bereich ID:<\/b> JWBNBTAR001S2<\/li>\n<li><b>SKU:<\/b> 51414<\/li>\n<\/ul>","protected":false},"excerpt":{"rendered":"<div class=\"woocommerce-product-details__short-description\">\n<table class=\"sh_desc\" style=\"width: 100%;height: 298px\">\n<tbody>\n<tr style=\"height: 27px\">\n<td style=\"height: 27px\">Art des Armreifs<\/td>\n<td style=\"height: 27px\">Brautmode Kada mit antik-matter Oberfl\u00e4che<\/td>\n<\/tr>\n<tr style=\"height: 27px\">\n<td style=\"height: 27px\">SKU<\/td>\n<td style=\"height: 27px\">51414<\/td>\n<\/tr>\n<tr style=\"height: 27px\">\n<td style=\"height: 27px\">Gewicht<\/td>\n<td style=\"height: 27px\">\u00a033,5 Gramm<\/td>\n<\/tr>\n<tr style=\"height: 27px\">\n<td style=\"height: 27px\">Metall<\/td>\n<td style=\"height: 27px\">22ct Gold<\/td>\n<\/tr>\n<tr style=\"height: 27px\">\n<td style=\"height: 27px\">Armreif Gr\u00f6\u00dfe<\/td>\n<td style=\"height: 27px\">2.2 (Weitere Gr\u00f6\u00dfen bitte anfragen)<\/td>\n<\/tr>\n<tr style=\"height: 27px\">\n<td style=\"height: 27px\">Sammlung<\/td>\n<td style=\"height: 27px\"><strong>Sammlung Armari<\/strong><\/td>\n<\/tr>\n<tr style=\"height: 27px\">\n<td style=\"height: 27px\">Wahrzeichen<\/td>\n<td style=\"height: 27px\">22ct Gold gestempelt von London Assay Office<\/td>\n<\/tr>\n<tr style=\"height: 27px\">\n<td style=\"height: 27px\">Entgelte<\/td>\n<td style=\"height: 27px\">Lieferung und Mehrwertsteuer inbegriffen<\/td>\n<\/tr>\n<tr style=\"height: 27px\">\n<td style=\"height: 27px\">Verpackung<\/td>\n<td style=\"height: 27px\">Mit einer Pr\u00e4sentationsbox<\/td>\n<\/tr>\n<tr style=\"height: 55px\">\n<td style=\"height: 55px\">Mehr Informationen<\/td>\n<td style=\"height: 55px\">\n<ul>\n<li>Hinweis: Live-Chat mit uns f\u00fcr die Verf\u00fcgbarkeit und mehr Bilder<\/li>\n<li>Klicken Sie hier zur \u00dcberpr\u00fcfung Ihrer <strong>Armreif Gr\u00f6\u00dfe<\/strong><\/li>\n<li>der hier angegebene Preis gilt f\u00fcr einen einzelnen Armreif<\/li>\n<\/ul>\n<\/td>\n<\/tr>\n<\/tbody>\n<\/table>\n<\/div>\n<p>&nbsp;<\/p>","protected":false},"featured_media":392030,"comment_status":"closed","ping_status":"closed","template":"","meta":{"_eb_attr":"","_crsspst_to_jayantr4sg-hostcom":false},"product_brand":[],"product_cat":[5640,245,1659,236,1233,5271,1573,1574],"product_tag":[],"class_list":{"0":"post-388897","1":"product","2":"type-product","3":"status-publish","4":"has-post-thumbnail","6":"product_cat-armari-bangles","7":"product_cat-armari-collections","8":"product_cat-bridal-and-party-wear-gold-kada-bangle","9":"product_cat-collections","10":"product_cat-gold-bangles","11":"product_cat-occasion-wear-bangles","12":"product_cat-wedding-gifts","13":"product_cat-womens-jewellery","15":"first","16":"onbackorder","17":"taxable","18":"shipping-taxable","19":"product-type-simple","20":"add-to-wishlist-before_image"},"yoast_head":"<!-- This site is optimized with the Yoast SEO plugin v27.3 - https:\/\/yoast.com\/product\/yoast-seo-wordpress\/ -->\n<title>Armari 22ct Gold Bridal Kada - Elegant &amp; Timeless | Size 2.2<\/title>\n<meta name=\"description\" content=\"Discover the Armari 22ct Gold Bridal Kada, a stunning piece of timeless elegance. Perfectly crafted for brides, this kada adds a touch of luxury to your special day.\" \/>\n<meta name=\"robots\" content=\"index, follow, max-snippet:-1, max-image-preview:large, max-video-preview:-1\" \/>\n<link rel=\"canonical\" href=\"https:\/\/www.purejewels.com\/de\/produkt-2\/armari-22-kt-gold-braut-kada-51414\/\" \/>\n<meta property=\"og:locale\" content=\"de_DE\" \/>\n<meta property=\"og:type\" content=\"article\" \/>\n<meta property=\"og:title\" content=\"Armari 22ct Gold Bridal Kada - Elegant &amp; Timeless | Size 2.2\" \/>\n<meta property=\"og:description\" content=\"Discover the Armari 22ct Gold Bridal Kada, a stunning piece of timeless elegance. Perfectly crafted for brides, this kada adds a touch of luxury to your special day.\" \/>\n<meta property=\"og:url\" content=\"https:\/\/www.purejewels.com\/de\/produkt-2\/armari-22-kt-gold-braut-kada-51414\/\" \/>\n<meta property=\"og:site_name\" content=\"PureJewels UK\" \/>\n<meta property=\"article:modified_time\" content=\"2026-01-19T10:36:03+00:00\" \/>\n<meta property=\"og:image\" content=\"https:\/\/static.purejewels.com\/wp-content\/uploads\/2025\/01\/SKU-45388_1-1536x1024-1.jpg\" \/>\n\t<meta property=\"og:image:width\" content=\"1000\" \/>\n\t<meta property=\"og:image:height\" content=\"1000\" \/>\n\t<meta property=\"og:image:type\" content=\"image\/jpeg\" \/>\n<meta name=\"twitter:card\" content=\"summary_large_image\" \/>\n<meta name=\"twitter:label1\" content=\"Gesch\u00e4tzte Lesezeit\" \/>\n\t<meta name=\"twitter:data1\" content=\"1\u00a0Minute\" \/>\n<script type=\"application\/ld+json\" class=\"yoast-schema-graph\">{\"@context\":\"https:\\\/\\\/schema.org\",\"@graph\":[{\"@type\":[\"WebPage\",\"ItemPage\"],\"@id\":\"https:\\\/\\\/www.purejewels.com\\\/product\\\/armari-22ct-gold-bridal-kada-51414\\\/\",\"url\":\"https:\\\/\\\/www.purejewels.com\\\/product\\\/armari-22ct-gold-bridal-kada-51414\\\/\",\"name\":\"Armari 22ct Gold Bridal Kada - Elegant & Timeless | Size 2.2\",\"isPartOf\":{\"@id\":\"https:\\\/\\\/www.purejewels.com\\\/#website\"},\"primaryImageOfPage\":{\"@id\":\"https:\\\/\\\/www.purejewels.com\\\/product\\\/armari-22ct-gold-bridal-kada-51414\\\/#primaryimage\"},\"image\":{\"@id\":\"https:\\\/\\\/www.purejewels.com\\\/product\\\/armari-22ct-gold-bridal-kada-51414\\\/#primaryimage\"},\"thumbnailUrl\":\"https:\\\/\\\/static.purejewels.com\\\/wp-content\\\/uploads\\\/2025\\\/01\\\/SKU-45388_1-1536x1024-1.jpg\",\"datePublished\":\"2025-01-13T05:10:36+00:00\",\"dateModified\":\"2026-01-19T10:36:03+00:00\",\"description\":\"Discover the Armari 22ct Gold Bridal Kada, a stunning piece of timeless elegance. Perfectly crafted for brides, this kada adds a touch of luxury to your special day.\",\"breadcrumb\":{\"@id\":\"https:\\\/\\\/www.purejewels.com\\\/product\\\/armari-22ct-gold-bridal-kada-51414\\\/#breadcrumb\"},\"inLanguage\":\"de\",\"potentialAction\":[{\"@type\":\"ReadAction\",\"target\":[\"https:\\\/\\\/www.purejewels.com\\\/product\\\/armari-22ct-gold-bridal-kada-51414\\\/\"]}]},{\"@type\":\"ImageObject\",\"inLanguage\":\"de\",\"@id\":\"https:\\\/\\\/www.purejewels.com\\\/product\\\/armari-22ct-gold-bridal-kada-51414\\\/#primaryimage\",\"url\":\"https:\\\/\\\/static.purejewels.com\\\/wp-content\\\/uploads\\\/2025\\\/01\\\/SKU-45388_1-1536x1024-1.jpg\",\"contentUrl\":\"https:\\\/\\\/static.purejewels.com\\\/wp-content\\\/uploads\\\/2025\\\/01\\\/SKU-45388_1-1536x1024-1.jpg\",\"width\":1000,\"height\":1000,\"caption\":\"45388_1\"},{\"@type\":\"BreadcrumbList\",\"@id\":\"https:\\\/\\\/www.purejewels.com\\\/product\\\/armari-22ct-gold-bridal-kada-51414\\\/#breadcrumb\",\"itemListElement\":[{\"@type\":\"ListItem\",\"position\":1,\"name\":\"Home\",\"item\":\"https:\\\/\\\/www.purejewels.com\\\/\"},{\"@type\":\"ListItem\",\"position\":2,\"name\":\"Shop\",\"item\":\"https:\\\/\\\/www.purejewels.com\\\/shop\\\/\"},{\"@type\":\"ListItem\",\"position\":3,\"name\":\"Armari 22ct Gold Bridal Kada | Size 2.2\"}]},{\"@type\":\"WebSite\",\"@id\":\"https:\\\/\\\/www.purejewels.com\\\/#website\",\"url\":\"https:\\\/\\\/www.purejewels.com\\\/\",\"name\":\"PureJewels UK\",\"description\":\"Share the Love\",\"publisher\":{\"@id\":\"https:\\\/\\\/www.purejewels.com\\\/#organization\"},\"potentialAction\":[{\"@type\":\"SearchAction\",\"target\":{\"@type\":\"EntryPoint\",\"urlTemplate\":\"https:\\\/\\\/www.purejewels.com\\\/?s={search_term_string}\"},\"query-input\":{\"@type\":\"PropertyValueSpecification\",\"valueRequired\":true,\"valueName\":\"search_term_string\"}}],\"inLanguage\":\"de\"},{\"@type\":\"Organization\",\"@id\":\"https:\\\/\\\/www.purejewels.com\\\/#organization\",\"name\":\"PureJewels UK\",\"url\":\"https:\\\/\\\/www.purejewels.com\\\/\",\"logo\":{\"@type\":\"ImageObject\",\"inLanguage\":\"de\",\"@id\":\"https:\\\/\\\/www.purejewels.com\\\/#\\\/schema\\\/logo\\\/image\\\/\",\"url\":\"https:\\\/\\\/static.purejewels.com\\\/wp-content\\\/uploads\\\/2020\\\/11\\\/Logo-PJ-New-1.png\",\"contentUrl\":\"https:\\\/\\\/static.purejewels.com\\\/wp-content\\\/uploads\\\/2020\\\/11\\\/Logo-PJ-New-1.png\",\"width\":150,\"height\":80,\"caption\":\"PureJewels UK\"},\"image\":{\"@id\":\"https:\\\/\\\/www.purejewels.com\\\/#\\\/schema\\\/logo\\\/image\\\/\"}}]}<\/script>\n<!-- \/ Yoast SEO plugin. -->","yoast_head_json":{"title":"Armari 22ct Gold Bridal Kada - Elegant &amp; Zeitlos | Gr\u00f6\u00dfe 2.2","description":"Entdecken Sie die Armari 22ct Gold Bridal Kada, ein atemberaubendes St\u00fcck von zeitloser Eleganz. Perfekt f\u00fcr Br\u00e4ute gefertigt, verleiht diese Kada Ihrem besonderen Tag einen Hauch von Luxus.","robots":{"index":"index","follow":"follow","max-snippet":"max-snippet:-1","max-image-preview":"max-image-preview:large","max-video-preview":"max-video-preview:-1"},"canonical":"https:\/\/www.purejewels.com\/de\/produkt-2\/armari-22-kt-gold-braut-kada-51414\/","og_locale":"de_DE","og_type":"article","og_title":"Armari 22ct Gold Bridal Kada - Elegant & Timeless | Size 2.2","og_description":"Discover the Armari 22ct Gold Bridal Kada, a stunning piece of timeless elegance. Perfectly crafted for brides, this kada adds a touch of luxury to your special day.","og_url":"https:\/\/www.purejewels.com\/de\/produkt-2\/armari-22-kt-gold-braut-kada-51414\/","og_site_name":"PureJewels UK","article_modified_time":"2026-01-19T10:36:03+00:00","og_image":[{"width":1000,"height":1000,"url":"https:\/\/static.purejewels.com\/wp-content\/uploads\/2025\/01\/SKU-45388_1-1536x1024-1.jpg","type":"image\/jpeg"}],"twitter_card":"summary_large_image","twitter_misc":{"Gesch\u00e4tzte Lesezeit":"1\u00a0Minute"},"schema":{"@context":"https:\/\/schema.org","@graph":[{"@type":["WebPage","ItemPage"],"@id":"https:\/\/www.purejewels.com\/product\/armari-22ct-gold-bridal-kada-51414\/","url":"https:\/\/www.purejewels.com\/product\/armari-22ct-gold-bridal-kada-51414\/","name":"Armari 22ct Gold Bridal Kada - Elegant &amp; Zeitlos | Gr\u00f6\u00dfe 2.2","isPartOf":{"@id":"https:\/\/www.purejewels.com\/#website"},"primaryImageOfPage":{"@id":"https:\/\/www.purejewels.com\/product\/armari-22ct-gold-bridal-kada-51414\/#primaryimage"},"image":{"@id":"https:\/\/www.purejewels.com\/product\/armari-22ct-gold-bridal-kada-51414\/#primaryimage"},"thumbnailUrl":"https:\/\/static.purejewels.com\/wp-content\/uploads\/2025\/01\/SKU-45388_1-1536x1024-1.jpg","datePublished":"2025-01-13T05:10:36+00:00","dateModified":"2026-01-19T10:36:03+00:00","description":"Entdecken Sie die Armari 22ct Gold Bridal Kada, ein atemberaubendes St\u00fcck von zeitloser Eleganz. Perfekt f\u00fcr Br\u00e4ute gefertigt, verleiht diese Kada Ihrem besonderen Tag einen Hauch von Luxus.","breadcrumb":{"@id":"https:\/\/www.purejewels.com\/product\/armari-22ct-gold-bridal-kada-51414\/#breadcrumb"},"inLanguage":"de","potentialAction":[{"@type":"ReadAction","target":["https:\/\/www.purejewels.com\/product\/armari-22ct-gold-bridal-kada-51414\/"]}]},{"@type":"ImageObject","inLanguage":"de","@id":"https:\/\/www.purejewels.com\/product\/armari-22ct-gold-bridal-kada-51414\/#primaryimage","url":"https:\/\/static.purejewels.com\/wp-content\/uploads\/2025\/01\/SKU-45388_1-1536x1024-1.jpg","contentUrl":"https:\/\/static.purejewels.com\/wp-content\/uploads\/2025\/01\/SKU-45388_1-1536x1024-1.jpg","width":1000,"height":1000,"caption":"45388_1"},{"@type":"BreadcrumbList","@id":"https:\/\/www.purejewels.com\/product\/armari-22ct-gold-bridal-kada-51414\/#breadcrumb","itemListElement":[{"@type":"ListItem","position":1,"name":"Home","item":"https:\/\/www.purejewels.com\/"},{"@type":"ListItem","position":2,"name":"Shop","item":"https:\/\/www.purejewels.com\/shop\/"},{"@type":"ListItem","position":3,"name":"Armari 22ct Gold Bridal Kada | Size 2.2"}]},{"@type":"WebSite","@id":"https:\/\/www.purejewels.com\/#website","url":"https:\/\/www.purejewels.com\/","name":"PureJewels UK","description":"Teile die Liebe","publisher":{"@id":"https:\/\/www.purejewels.com\/#organization"},"potentialAction":[{"@type":"SearchAction","target":{"@type":"EntryPoint","urlTemplate":"https:\/\/www.purejewels.com\/?s={search_term_string}"},"query-input":{"@type":"PropertyValueSpecification","valueRequired":true,"valueName":"search_term_string"}}],"inLanguage":"de"},{"@type":"Organization","@id":"https:\/\/www.purejewels.com\/#organization","name":"PureJewels UK","url":"https:\/\/www.purejewels.com\/","logo":{"@type":"ImageObject","inLanguage":"de","@id":"https:\/\/www.purejewels.com\/#\/schema\/logo\/image\/","url":"https:\/\/static.purejewels.com\/wp-content\/uploads\/2020\/11\/Logo-PJ-New-1.png","contentUrl":"https:\/\/static.purejewels.com\/wp-content\/uploads\/2020\/11\/Logo-PJ-New-1.png","width":150,"height":80,"caption":"PureJewels UK"},"image":{"@id":"https:\/\/www.purejewels.com\/#\/schema\/logo\/image\/"}}]}},"_links":{"self":[{"href":"https:\/\/www.purejewels.com\/de\/wp-json\/wp\/v2\/product\/388897","targetHints":{"allow":["GET"]}}],"collection":[{"href":"https:\/\/www.purejewels.com\/de\/wp-json\/wp\/v2\/product"}],"about":[{"href":"https:\/\/www.purejewels.com\/de\/wp-json\/wp\/v2\/types\/product"}],"replies":[{"embeddable":true,"href":"https:\/\/www.purejewels.com\/de\/wp-json\/wp\/v2\/comments?post=388897"}],"version-history":[{"count":4,"href":"https:\/\/www.purejewels.com\/de\/wp-json\/wp\/v2\/product\/388897\/revisions"}],"predecessor-version":[{"id":398608,"href":"https:\/\/www.purejewels.com\/de\/wp-json\/wp\/v2\/product\/388897\/revisions\/398608"}],"wp:featuredmedia":[{"embeddable":true,"href":"https:\/\/www.purejewels.com\/de\/wp-json\/wp\/v2\/media\/392030"}],"wp:attachment":[{"href":"https:\/\/www.purejewels.com\/de\/wp-json\/wp\/v2\/media?parent=388897"}],"wp:term":[{"taxonomy":"product_brand","embeddable":true,"href":"https:\/\/www.purejewels.com\/de\/wp-json\/wp\/v2\/product_brand?post=388897"},{"taxonomy":"product_cat","embeddable":true,"href":"https:\/\/www.purejewels.com\/de\/wp-json\/wp\/v2\/product_cat?post=388897"},{"taxonomy":"product_tag","embeddable":true,"href":"https:\/\/www.purejewels.com\/de\/wp-json\/wp\/v2\/product_tag?post=388897"}],"curies":[{"name":"wp","href":"https:\/\/api.w.org\/{rel}","templated":true}]}}