{"id":389048,"date":"2025-05-28T11:55:34","date_gmt":"2025-05-28T10:55:34","guid":{"rendered":"https:\/\/www.purejewels.com\/?post_type=product&#038;p=389048"},"modified":"2026-03-06T09:54:49","modified_gmt":"2026-03-06T09:54:49","slug":"smaragdfarbene-reif-ohrringe-51293","status":"publish","type":"product","link":"https:\/\/www.purejewels.com\/de\/product\/emerald-hoop-earrings-51293\/","title":{"rendered":"Horizon Emerald Hoops"},"content":{"rendered":"<div class=\"flex flex-1 grow basis-auto flex-col overflow-hidden\">\n<div class=\"relative h-full\">\n<div class=\"flex h-full flex-col overflow-y-auto [scrollbar-gutter:stable]\">\n<div class=\"@thread-xl\/thread:pt-header-height mt-1.5 flex flex-col text-sm\">\n<article class=\"text-token-text-primary w-full\" dir=\"auto\" data-testid=\"conversation-turn-6\" data-scroll-anchor=\"true\">\n<div class=\"text-base my-auto mx-auto py-5 px-6\">\n<div class=\"mx-auto flex flex-1 text-base gap-4 md:gap-5 lg:gap-6 md:max-w-3xl group\/turn-messages focus-visible:outline-hidden\">\n<div class=\"group\/conversation-turn relative flex w-full min-w-0 flex-col agent-turn @xs\/thread:px-0 @sm\/thread:px-1.5 @md\/thread:px-4\">\n<div class=\"relative flex-col gap-1 md:gap-3\">\n<div class=\"flex max-w-full flex-col grow\">\n<div class=\"min-h-8 text-message relative flex w-full flex-col items-end gap-2 text-start break-words whitespace-normal [.text-message+&amp;]:mt-5\" dir=\"auto\" data-message-author-role=\"assistant\" data-message-id=\"e3e947f2-0830-47f2-b49e-a64620a380ab\" data-message-model-slug=\"gpt-4o-mini\">\n<div class=\"flex w-full flex-col gap-1 empty:hidden first:pt-[3px]\">\n<div class=\"markdown prose dark:prose-invert w-full break-words light\">\n<p data-start=\"841\" data-end=\"886\"><strong data-start=\"841\" data-end=\"884\">A Perfect Fusion of Strength and Beauty<\/strong><\/p>\n<p data-start=\"888\" data-end=\"1321\">Designed with meticulous craftsmanship, this\u00a0<strong data-start=\"933\" data-end=\"963\">22ct Sunrise Gold Hoop Earrings<\/strong>\u00a0showcases the best of traditional artistry and modern innovation. The\u00a0<strong data-start=\"1034\" data-end=\"1055\">twist wire design<\/strong>\u00a0enhances the structural integrity of the hoops while adding a graceful touch of texture. Set with\u00a0<strong data-start=\"1154\" data-end=\"1181\">0.81ct natural emeralds<\/strong>, these earrings exude a timeless charm, their deep green hues beautifully complementing the warm,\u00a0<strong data-start=\"1280\" data-end=\"1318\">peach-infused glow of Sunrise Gold<\/strong>.<\/p>\n<p data-start=\"1323\" data-end=\"1359\"><strong data-start=\"1323\" data-end=\"1357\">The Brilliance of Sunrise Gold<\/strong><\/p>\n<p data-start=\"1361\" data-end=\"1995\">Created through\u00a0<strong data-start=\"1377\" data-end=\"1427\">extensive research and metallurgical expertise<\/strong>, our exclusive\u00a0<strong data-start=\"1443\" data-end=\"1465\">Sunrise Gold alloy<\/strong>\u00a0embodies both luxury and strength. Retaining the purity of\u00a0<strong data-start=\"1525\" data-end=\"1538\">22ct gold<\/strong>, it offers exceptional resilience, allowing for the creation of intricate, delicate designs that stand the test of time. Its\u00a0<strong data-start=\"1664\" data-end=\"1687\">soft, radiant sheen<\/strong>\u00a0mirrors the first light of dawn, striking the perfect balance between classic opulence and modern sophistication. The\u00a0<strong data-start=\"1806\" data-end=\"1846\">on-trend yet timeless peach-fuzz hue<\/strong>\u00a0makes it a versatile and flattering choice for every skin tone, ensuring that this hoop set remains a cherished piece in any jewellery collection.<\/p>\n<p data-start=\"1997\" data-end=\"2040\"><strong data-start=\"1997\" data-end=\"2038\">Versatile Elegance for Every Occasion<\/strong><\/p>\n<p data-start=\"2042\" data-end=\"2403\" data-is-last-node=\"\" data-is-only-node=\"\">Whether paired with an evening ensemble for a formal event or worn daily to enhance a professional look, this\u00a0<strong data-start=\"2152\" data-end=\"2204\">22ct Sunrise Gold Hoop earrings with Natural Emeralds<\/strong>\u00a0is the epitome of refined elegance. Lightweight yet substantial, these earrings offer effortless glamour, making them the perfect gift for a loved one or a treasured addition to your own collection. Curious to see how 22ct Sunrise Gold looks?\u00a0<a href=\"https:\/\/www.purejewels.com\/product\/22ct-gold-poncha-with-emerald-51298\/\" rel=\"noopener\" data-start=\"153\" data-end=\"168\">Click here<\/a> to discover its radiant beauty!<\/p>\n<p class=\"\" data-start=\"0\" data-end=\"43\"><b>Range ID <\/b>SGERBNZC001<\/p>\n<\/div>\n<\/div>\n<\/div>\n<\/div>\n<\/div>\n<\/div>\n<\/div>\n<\/div>\n<\/article>\n<\/div>\n<\/div>\n<\/div>\n<\/div>\n<p data-start=\"2042\" data-end=\"2403\" data-is-last-node=\"\" data-is-only-node=\"\"><b>SKU:<\/b>\u00a051293<\/p>\n","protected":false},"excerpt":{"rendered":"<p>Verleihen Sie Ihrer Kollektion zeitlose Eleganz mit diesem Reifenset aus 22 Karat Sunrise Gold, das mit nat\u00fcrlichen Smaragden besetzt ist. Gefertigt aus unserer exklusiven Sunrise Gold-Legierung, bewahrt es die Reinheit von 22 Karat Gold und bietet gleichzeitig Langlebigkeit und einen strahlenden, ros\u00e9goldenen Farbton. Das Design mit gedrehtem Draht verleiht ihm St\u00e4rke und Eleganz, w\u00e4hrend die leuchtenden Smaragde seine Sch\u00f6nheit unterstreichen.<\/p>\n<p><strong>Material:<\/strong> 22ct Gold<br \/>\n<strong>Reinheit: <\/strong>91.6% reines Gold<strong><br \/>\n<strong>Wahrzeichen: <\/strong><\/strong>Britisches G\u00fctesiegel<strong><strong><br \/>\n<strong>Edelstein: <\/strong><\/strong><\/strong>Nat\u00fcrliche Smaragde<strong><strong><br \/>\n<strong>Edelstein Gewicht: <\/strong><\/strong><\/strong>0,81ct gesamt<strong><strong><strong><br \/>\n<strong>Herkunft: <\/strong><\/strong><\/strong><\/strong>Sambia<strong><strong><strong><strong><br \/>\n<strong>Meiner: <\/strong><\/strong><\/strong><\/strong><\/strong>Gemfields<strong><strong><strong><strong><strong><br \/>\n<strong>Innendurchmesser: <\/strong><\/strong><\/strong><\/strong><\/strong><\/strong>14 mm<strong><strong><strong><strong><strong><br \/>\n<strong>Bruttogewicht: <\/strong><\/strong><\/strong><\/strong><\/strong><\/strong>4.6 Gms<strong><strong><strong><strong><strong><br \/>\n<strong>SKU:<\/strong><\/strong><\/strong><\/strong><\/strong><\/strong>51293<\/p>\n<p>Sie m\u00f6chten Ihren Reifen einen Hauch von Eleganz verleihen! <a href=\"https:\/\/www.purejewels.com\/de\/produkt-2\/tropfer-aus-22-karat-sunrise-gold-mit-smaragd-51292\/\">Klicken Sie hier<\/a>\u00a0 <strong>Solo Smaragdtropfer<\/strong><\/p>\n<p><strong><strong><strong><strong><strong><strong>Preis und Lieferung:<\/strong><\/strong><\/strong><\/strong><\/strong><\/strong>Inklusive Mehrwertsteuer und Lieferkosten<strong><strong><strong><strong><strong><br \/>\n<a href=\"https:\/\/www.purejewels.com\/de\/ruckgabepolitik\/\">R\u00fcckgabepolitik<\/a><\/strong><\/strong><\/strong><\/strong><\/strong><\/p>","protected":false},"featured_media":389229,"comment_status":"closed","ping_status":"closed","template":"","meta":{"_eb_attr":"","_crsspst_to_jayantr4sg-hostcom":false},"product_brand":[],"product_cat":[1791,1559,5699,6190,5754,1254,5972,1229,1579,1574,5747],"product_tag":[],"class_list":{"0":"post-389048","1":"product","2":"type-product","3":"status-publish","4":"has-post-thumbnail","6":"product_cat-anniversary-gifts","7":"product_cat-birthday-gifts","8":"product_cat-coloured-gemstone-jewellery","9":"product_cat-easter-jewellery","10":"product_cat-emerald","11":"product_cat-gold-earrings","12":"product_cat-gold-emerald-earrings","13":"product_cat-22ct-gold-jewellery","14":"product_cat-hoop-earrings","15":"product_cat-womens-jewellery","16":"product_cat-mantra-collection","18":"first","19":"onbackorder","20":"taxable","21":"shipping-taxable","22":"purchasable","23":"product-type-simple","24":"add-to-wishlist-before_image"},"yoast_head":"<!-- This site is optimized with the Yoast SEO plugin v27.5 - https:\/\/yoast.com\/product\/yoast-seo-wordpress\/ -->\n<title>Sunrise Gold Emerald Hoops | 22ct Fine Jewellery UK<\/title>\n<meta name=\"description\" content=\"Explore the exquisite Sunrise Gold Emerald Hoops in 22ct fine jewellery. A perfect blend of luxury and elegance, ideal for elevating your style.\" \/>\n<meta name=\"robots\" content=\"index, follow, max-snippet:-1, max-image-preview:large, max-video-preview:-1\" \/>\n<link rel=\"canonical\" href=\"https:\/\/www.purejewels.com\/de\/produkt-2\/smaragdfarbene-reif-ohrringe-51293\/\" \/>\n<meta property=\"og:locale\" content=\"de_DE\" \/>\n<meta property=\"og:type\" content=\"article\" \/>\n<meta property=\"og:title\" content=\"Sunrise Gold Emerald Hoops | 22ct Fine Jewellery UK\" \/>\n<meta property=\"og:description\" content=\"Explore the exquisite Sunrise Gold Emerald Hoops in 22ct fine jewellery. A perfect blend of luxury and elegance, ideal for elevating your style.\" \/>\n<meta property=\"og:url\" content=\"https:\/\/www.purejewels.com\/de\/produkt-2\/smaragdfarbene-reif-ohrringe-51293\/\" \/>\n<meta property=\"og:site_name\" content=\"PureJewels UK\" \/>\n<meta property=\"article:modified_time\" content=\"2026-03-06T09:54:49+00:00\" \/>\n<meta property=\"og:image\" content=\"https:\/\/static.purejewels.com\/wp-content\/uploads\/2025\/03\/51293.png\" \/>\n\t<meta property=\"og:image:width\" content=\"1000\" \/>\n\t<meta property=\"og:image:height\" content=\"1000\" \/>\n\t<meta property=\"og:image:type\" content=\"image\/png\" \/>\n<meta name=\"twitter:card\" content=\"summary_large_image\" \/>\n<meta name=\"twitter:label1\" content=\"Gesch\u00e4tzte Lesezeit\" \/>\n\t<meta name=\"twitter:data1\" content=\"1\u00a0Minute\" \/>\n<script type=\"application\/ld+json\" class=\"yoast-schema-graph\">{\"@context\":\"https:\\\/\\\/schema.org\",\"@graph\":[{\"@type\":[\"WebPage\",\"ItemPage\"],\"@id\":\"https:\\\/\\\/www.purejewels.com\\\/product\\\/emerald-hoop-earrings-51293\\\/\",\"url\":\"https:\\\/\\\/www.purejewels.com\\\/product\\\/emerald-hoop-earrings-51293\\\/\",\"name\":\"Sunrise Gold Emerald Hoops | 22ct Fine Jewellery UK\",\"isPartOf\":{\"@id\":\"https:\\\/\\\/www.purejewels.com\\\/#website\"},\"primaryImageOfPage\":{\"@id\":\"https:\\\/\\\/www.purejewels.com\\\/product\\\/emerald-hoop-earrings-51293\\\/#primaryimage\"},\"image\":{\"@id\":\"https:\\\/\\\/www.purejewels.com\\\/product\\\/emerald-hoop-earrings-51293\\\/#primaryimage\"},\"thumbnailUrl\":\"https:\\\/\\\/static.purejewels.com\\\/wp-content\\\/uploads\\\/2025\\\/03\\\/51293.png\",\"datePublished\":\"2025-05-28T10:55:34+00:00\",\"dateModified\":\"2026-03-06T09:54:49+00:00\",\"description\":\"Explore the exquisite Sunrise Gold Emerald Hoops in 22ct fine jewellery. A perfect blend of luxury and elegance, ideal for elevating your style.\",\"breadcrumb\":{\"@id\":\"https:\\\/\\\/www.purejewels.com\\\/product\\\/emerald-hoop-earrings-51293\\\/#breadcrumb\"},\"inLanguage\":\"de\",\"potentialAction\":[{\"@type\":\"ReadAction\",\"target\":[\"https:\\\/\\\/www.purejewels.com\\\/product\\\/emerald-hoop-earrings-51293\\\/\"]}]},{\"@type\":\"ImageObject\",\"inLanguage\":\"de\",\"@id\":\"https:\\\/\\\/www.purejewels.com\\\/product\\\/emerald-hoop-earrings-51293\\\/#primaryimage\",\"url\":\"https:\\\/\\\/static.purejewels.com\\\/wp-content\\\/uploads\\\/2025\\\/03\\\/51293.png\",\"contentUrl\":\"https:\\\/\\\/static.purejewels.com\\\/wp-content\\\/uploads\\\/2025\\\/03\\\/51293.png\",\"width\":1000,\"height\":1000,\"caption\":\"Earring\"},{\"@type\":\"BreadcrumbList\",\"@id\":\"https:\\\/\\\/www.purejewels.com\\\/product\\\/emerald-hoop-earrings-51293\\\/#breadcrumb\",\"itemListElement\":[{\"@type\":\"ListItem\",\"position\":1,\"name\":\"Home\",\"item\":\"https:\\\/\\\/www.purejewels.com\\\/\"},{\"@type\":\"ListItem\",\"position\":2,\"name\":\"Shop\",\"item\":\"https:\\\/\\\/www.purejewels.com\\\/shop\\\/\"},{\"@type\":\"ListItem\",\"position\":3,\"name\":\"Horizon Emerald Hoops\"}]},{\"@type\":\"WebSite\",\"@id\":\"https:\\\/\\\/www.purejewels.com\\\/#website\",\"url\":\"https:\\\/\\\/www.purejewels.com\\\/\",\"name\":\"PureJewels UK\",\"description\":\"Share the Love\",\"publisher\":{\"@id\":\"https:\\\/\\\/www.purejewels.com\\\/#organization\"},\"potentialAction\":[{\"@type\":\"SearchAction\",\"target\":{\"@type\":\"EntryPoint\",\"urlTemplate\":\"https:\\\/\\\/www.purejewels.com\\\/?s={search_term_string}\"},\"query-input\":{\"@type\":\"PropertyValueSpecification\",\"valueRequired\":true,\"valueName\":\"search_term_string\"}}],\"inLanguage\":\"de\"},{\"@type\":\"Organization\",\"@id\":\"https:\\\/\\\/www.purejewels.com\\\/#organization\",\"name\":\"PureJewels UK\",\"url\":\"https:\\\/\\\/www.purejewels.com\\\/\",\"logo\":{\"@type\":\"ImageObject\",\"inLanguage\":\"de\",\"@id\":\"https:\\\/\\\/www.purejewels.com\\\/#\\\/schema\\\/logo\\\/image\\\/\",\"url\":\"https:\\\/\\\/static.purejewels.com\\\/wp-content\\\/uploads\\\/2020\\\/11\\\/Logo-PJ-New-1.png\",\"contentUrl\":\"https:\\\/\\\/static.purejewels.com\\\/wp-content\\\/uploads\\\/2020\\\/11\\\/Logo-PJ-New-1.png\",\"width\":150,\"height\":80,\"caption\":\"PureJewels UK\"},\"image\":{\"@id\":\"https:\\\/\\\/www.purejewels.com\\\/#\\\/schema\\\/logo\\\/image\\\/\"}}]}<\/script>\n<!-- \/ Yoast SEO plugin. -->","yoast_head_json":{"title":"Sunrise Gold Emerald Hoops | 22ct Feiner Schmuck UK","description":"Entdecken Sie die exquisiten Sunrise Gold Emerald Hoops aus 22 Karat feinem Schmuck. Eine perfekte Mischung aus Luxus und Eleganz, ideal um Ihren Stil zu unterstreichen.","robots":{"index":"index","follow":"follow","max-snippet":"max-snippet:-1","max-image-preview":"max-image-preview:large","max-video-preview":"max-video-preview:-1"},"canonical":"https:\/\/www.purejewels.com\/de\/produkt-2\/smaragdfarbene-reif-ohrringe-51293\/","og_locale":"de_DE","og_type":"article","og_title":"Sunrise Gold Emerald Hoops | 22ct Fine Jewellery UK","og_description":"Explore the exquisite Sunrise Gold Emerald Hoops in 22ct fine jewellery. A perfect blend of luxury and elegance, ideal for elevating your style.","og_url":"https:\/\/www.purejewels.com\/de\/produkt-2\/smaragdfarbene-reif-ohrringe-51293\/","og_site_name":"PureJewels UK","article_modified_time":"2026-03-06T09:54:49+00:00","og_image":[{"width":1000,"height":1000,"url":"https:\/\/static.purejewels.com\/wp-content\/uploads\/2025\/03\/51293.png","type":"image\/png"}],"twitter_card":"summary_large_image","twitter_misc":{"Gesch\u00e4tzte Lesezeit":"1\u00a0Minute"},"schema":{"@context":"https:\/\/schema.org","@graph":[{"@type":["WebPage","ItemPage"],"@id":"https:\/\/www.purejewels.com\/product\/emerald-hoop-earrings-51293\/","url":"https:\/\/www.purejewels.com\/product\/emerald-hoop-earrings-51293\/","name":"Sunrise Gold Emerald Hoops | 22ct Feiner Schmuck UK","isPartOf":{"@id":"https:\/\/www.purejewels.com\/#website"},"primaryImageOfPage":{"@id":"https:\/\/www.purejewels.com\/product\/emerald-hoop-earrings-51293\/#primaryimage"},"image":{"@id":"https:\/\/www.purejewels.com\/product\/emerald-hoop-earrings-51293\/#primaryimage"},"thumbnailUrl":"https:\/\/static.purejewels.com\/wp-content\/uploads\/2025\/03\/51293.png","datePublished":"2025-05-28T10:55:34+00:00","dateModified":"2026-03-06T09:54:49+00:00","description":"Entdecken Sie die exquisiten Sunrise Gold Emerald Hoops aus 22 Karat feinem Schmuck. Eine perfekte Mischung aus Luxus und Eleganz, ideal um Ihren Stil zu unterstreichen.","breadcrumb":{"@id":"https:\/\/www.purejewels.com\/product\/emerald-hoop-earrings-51293\/#breadcrumb"},"inLanguage":"de","potentialAction":[{"@type":"ReadAction","target":["https:\/\/www.purejewels.com\/product\/emerald-hoop-earrings-51293\/"]}]},{"@type":"ImageObject","inLanguage":"de","@id":"https:\/\/www.purejewels.com\/product\/emerald-hoop-earrings-51293\/#primaryimage","url":"https:\/\/static.purejewels.com\/wp-content\/uploads\/2025\/03\/51293.png","contentUrl":"https:\/\/static.purejewels.com\/wp-content\/uploads\/2025\/03\/51293.png","width":1000,"height":1000,"caption":"Earring"},{"@type":"BreadcrumbList","@id":"https:\/\/www.purejewels.com\/product\/emerald-hoop-earrings-51293\/#breadcrumb","itemListElement":[{"@type":"ListItem","position":1,"name":"Home","item":"https:\/\/www.purejewels.com\/"},{"@type":"ListItem","position":2,"name":"Shop","item":"https:\/\/www.purejewels.com\/shop\/"},{"@type":"ListItem","position":3,"name":"Horizon Emerald Hoops"}]},{"@type":"WebSite","@id":"https:\/\/www.purejewels.com\/#website","url":"https:\/\/www.purejewels.com\/","name":"PureJewels UK","description":"Teile die Liebe","publisher":{"@id":"https:\/\/www.purejewels.com\/#organization"},"potentialAction":[{"@type":"SearchAction","target":{"@type":"EntryPoint","urlTemplate":"https:\/\/www.purejewels.com\/?s={search_term_string}"},"query-input":{"@type":"PropertyValueSpecification","valueRequired":true,"valueName":"search_term_string"}}],"inLanguage":"de"},{"@type":"Organization","@id":"https:\/\/www.purejewels.com\/#organization","name":"PureJewels UK","url":"https:\/\/www.purejewels.com\/","logo":{"@type":"ImageObject","inLanguage":"de","@id":"https:\/\/www.purejewels.com\/#\/schema\/logo\/image\/","url":"https:\/\/static.purejewels.com\/wp-content\/uploads\/2020\/11\/Logo-PJ-New-1.png","contentUrl":"https:\/\/static.purejewels.com\/wp-content\/uploads\/2020\/11\/Logo-PJ-New-1.png","width":150,"height":80,"caption":"PureJewels UK"},"image":{"@id":"https:\/\/www.purejewels.com\/#\/schema\/logo\/image\/"}}]}},"_links":{"self":[{"href":"https:\/\/www.purejewels.com\/de\/wp-json\/wp\/v2\/product\/389048","targetHints":{"allow":["GET"]}}],"collection":[{"href":"https:\/\/www.purejewels.com\/de\/wp-json\/wp\/v2\/product"}],"about":[{"href":"https:\/\/www.purejewels.com\/de\/wp-json\/wp\/v2\/types\/product"}],"replies":[{"embeddable":true,"href":"https:\/\/www.purejewels.com\/de\/wp-json\/wp\/v2\/comments?post=389048"}],"version-history":[{"count":6,"href":"https:\/\/www.purejewels.com\/de\/wp-json\/wp\/v2\/product\/389048\/revisions"}],"predecessor-version":[{"id":397378,"href":"https:\/\/www.purejewels.com\/de\/wp-json\/wp\/v2\/product\/389048\/revisions\/397378"}],"wp:featuredmedia":[{"embeddable":true,"href":"https:\/\/www.purejewels.com\/de\/wp-json\/wp\/v2\/media\/389229"}],"wp:attachment":[{"href":"https:\/\/www.purejewels.com\/de\/wp-json\/wp\/v2\/media?parent=389048"}],"wp:term":[{"taxonomy":"product_brand","embeddable":true,"href":"https:\/\/www.purejewels.com\/de\/wp-json\/wp\/v2\/product_brand?post=389048"},{"taxonomy":"product_cat","embeddable":true,"href":"https:\/\/www.purejewels.com\/de\/wp-json\/wp\/v2\/product_cat?post=389048"},{"taxonomy":"product_tag","embeddable":true,"href":"https:\/\/www.purejewels.com\/de\/wp-json\/wp\/v2\/product_tag?post=389048"}],"curies":[{"name":"wp","href":"https:\/\/api.w.org\/{rel}","templated":true}]}}